{"id":97705,"date":"2024-04-29T14:25:59","date_gmt":"2024-04-29T12:25:59","guid":{"rendered":"https:\/\/letrame.com\/catalogo\/producto\/el-cerezo-del-cementerio\/"},"modified":"2024-04-29T14:26:07","modified_gmt":"2024-04-29T12:26:07","slug":"el-cerezo-del-cementerio","status":"publish","type":"product","link":"https:\/\/letrame.com\/catalogo\/producto\/el-cerezo-del-cementerio\/","title":{"rendered":"El cerezo del cementerio"},"content":{"rendered":"<p><strong>ISBN<\/strong>: 978-84-1114-315-8<\/p>\n<p><strong>T\u00edtulo<\/strong>: <span data-sheets-value=\"{&quot;1&quot;:2,&quot;2&quot;:&quot;El cerezo del cementerio&quot;}\" data-sheets-userformat=\"{&quot;2&quot;:579,&quot;3&quot;:{&quot;1&quot;:0},&quot;4&quot;:{&quot;1&quot;:2,&quot;2&quot;:14281427},&quot;9&quot;:1,&quot;12&quot;:0}\">El cerezo del cementerio<\/span><\/p>\n<p><strong>Fecha<\/strong>: 2022<br \/>\n<strong>P\u00e1ginas<\/strong>: 516<\/p>\n<p><strong>SINOPSIS<\/strong><\/p>\n<p>Es el relato de la cruda realidad de los que tuvieron que emigrar hacia Am\u00e9rica escapando de la miseria, de aquellos que cuando se marcharon se vieron obligados a abandonar a su familia de aqu\u00ed y formaron otra familia all\u00ed, de los que nunca quisieron volver para ocultar su fracaso, de muchos de los que nunca m\u00e1s se supo o de aquellos que regresaron tiempo despu\u00e9s, sin apenas nada: los \u201cmaletas vac\u00edas\u201d\u2026<\/p>\n<p>\u201cEl cerezo del cementerio\u201d es la historia de un emigrante que vivi\u00f3 la experiencia de tener que marchar siendo apenas un ni\u00f1o, que hizo de todo por ganar dinero, que regres\u00f3 y vivi\u00f3 la Guerra Civil y los a\u00f1os posteriores a la contienda, a\u00f1os de miedo y persecuci\u00f3n a los vencidos. Tiempos duros y convulsos de una vida cargada de momentos de gran intensidad\u2026<\/p>\n","protected":false},"excerpt":{"rendered":"<p><strong>ISBN<\/strong>: 978-84-1114-315-8<\/p>\n<p><strong>SINOPSIS<\/strong><\/p>\n<p>Es el relato de la cruda realidad de los que tuvieron que emigrar hacia Am\u00e9rica escapando de la miseria, de aquellos que cuando se marcharon se vieron obligados a abandonar a su familia de aqu\u00ed y formaron otra familia all\u00ed, de los que nunca quisieron volver para ocultar su fracaso, de muchos de los que nunca m\u00e1s se supo o de aquellos que regresaron tiempo despu\u00e9s, sin apenas nada: los \u201cmaletas vac\u00edas\u201d\u2026<\/p>\n<p>\u201cEl cerezo del cementerio\u201d es la historia de un emigrante que vivi\u00f3 la experiencia de tener que marchar siendo apenas un ni\u00f1o, que hizo de todo por ganar dinero, que regres\u00f3 y vivi\u00f3 la Guerra Civil y los a\u00f1os posteriores a la contienda, a\u00f1os de miedo y persecuci\u00f3n a los vencidos. Tiempos duros y convulsos de una vida cargada de momentos de gran intensidad\u2026<\/p>\n","protected":false},"featured_media":97706,"comment_status":"closed","ping_status":"open","template":"","meta":{"_acf_changed":false},"libro":[],"product_brand":[],"product_cat":[16],"product_tag":[],"class_list":{"0":"post-97705","1":"product","2":"type-product","3":"status-publish","4":"has-post-thumbnail","6":"product_cat-novela","8":"first","9":"instock","10":"product-type-simple"},"acf":{"autor":[76269],"enlace_de_compra":"https:\/\/www.amazon.es\/El-cerezo-del-cementerio-Novela\/dp\/8411143155\/"},"yoast_head":"<!-- This site is optimized with the Yoast SEO plugin v26.6 - https:\/\/yoast.com\/wordpress\/plugins\/seo\/ -->\n<title>El cerezo del cementerio - Catalogo | Letrame Grupo Editorial<\/title>\n<meta name=\"robots\" content=\"index, follow, max-snippet:-1, max-image-preview:large, max-video-preview:-1\" \/>\n<link rel=\"canonical\" href=\"https:\/\/letrame.com\/catalogo\/producto\/el-cerezo-del-cementerio\/\" \/>\n<meta property=\"og:locale\" content=\"es_ES\" \/>\n<meta property=\"og:type\" content=\"article\" \/>\n<meta property=\"og:title\" content=\"El cerezo del cementerio - Catalogo | Letrame Grupo Editorial\" \/>\n<meta property=\"og:description\" content=\"ISBN: 978-84-1114-315-8 SINOPSIS Es el relato de la cruda realidad de los que tuvieron que emigrar hacia Am\u00e9rica escapando de la miseria, de aquellos que cuando se marcharon se vieron obligados a abandonar a su familia de aqu\u00ed y formaron otra familia all\u00ed, de los que nunca quisieron volver para ocultar su fracaso, de muchos de los que nunca m\u00e1s se supo o de aquellos que regresaron tiempo despu\u00e9s, sin apenas nada: los \u201cmaletas vac\u00edas\u201d\u2026 \u201cEl cerezo del cementerio\u201d es la historia de un emigrante que vivi\u00f3 la experiencia de tener que marchar siendo apenas un ni\u00f1o, que hizo de todo por ganar dinero, que regres\u00f3 y vivi\u00f3 la Guerra Civil y los a\u00f1os posteriores a la contienda, a\u00f1os de miedo y persecuci\u00f3n a los vencidos. Tiempos duros y convulsos de una vida cargada de momentos de gran intensidad\u2026\" \/>\n<meta property=\"og:url\" content=\"https:\/\/letrame.com\/catalogo\/producto\/el-cerezo-del-cementerio\/\" \/>\n<meta property=\"og:site_name\" content=\"Catalogo | Letrame Grupo Editorial\" \/>\n<meta property=\"article:modified_time\" content=\"2024-04-29T12:26:07+00:00\" \/>\n<meta property=\"og:image\" content=\"https:\/\/letrame.com\/catalogo\/wp-content\/uploads\/2024\/04\/portada_elcerezodelcementerio_249mm-compressed-scaled-1.jpg\" \/>\n\t<meta property=\"og:image:width\" content=\"1813\" \/>\n\t<meta property=\"og:image:height\" content=\"2560\" \/>\n\t<meta property=\"og:image:type\" content=\"image\/jpeg\" \/>\n<meta name=\"twitter:card\" content=\"summary_large_image\" \/>\n<meta name=\"twitter:label1\" content=\"Tiempo de lectura\" \/>\n\t<meta name=\"twitter:data1\" content=\"1 minuto\" \/>\n<script type=\"application\/ld+json\" class=\"yoast-schema-graph\">{\"@context\":\"https:\/\/schema.org\",\"@graph\":[{\"@type\":\"WebPage\",\"@id\":\"https:\/\/letrame.com\/catalogo\/producto\/el-cerezo-del-cementerio\/\",\"url\":\"https:\/\/letrame.com\/catalogo\/producto\/el-cerezo-del-cementerio\/\",\"name\":\"El cerezo del cementerio - Catalogo | Letrame Grupo Editorial\",\"isPartOf\":{\"@id\":\"https:\/\/letrame.com\/catalogo\/#website\"},\"primaryImageOfPage\":{\"@id\":\"https:\/\/letrame.com\/catalogo\/producto\/el-cerezo-del-cementerio\/#primaryimage\"},\"image\":{\"@id\":\"https:\/\/letrame.com\/catalogo\/producto\/el-cerezo-del-cementerio\/#primaryimage\"},\"thumbnailUrl\":\"https:\/\/letrame.com\/catalogo\/wp-content\/uploads\/2024\/04\/portada_elcerezodelcementerio_249mm-compressed-scaled-1.jpg\",\"datePublished\":\"2024-04-29T12:25:59+00:00\",\"dateModified\":\"2024-04-29T12:26:07+00:00\",\"breadcrumb\":{\"@id\":\"https:\/\/letrame.com\/catalogo\/producto\/el-cerezo-del-cementerio\/#breadcrumb\"},\"inLanguage\":\"es\",\"potentialAction\":[{\"@type\":\"ReadAction\",\"target\":[\"https:\/\/letrame.com\/catalogo\/producto\/el-cerezo-del-cementerio\/\"]}]},{\"@type\":\"ImageObject\",\"inLanguage\":\"es\",\"@id\":\"https:\/\/letrame.com\/catalogo\/producto\/el-cerezo-del-cementerio\/#primaryimage\",\"url\":\"https:\/\/letrame.com\/catalogo\/wp-content\/uploads\/2024\/04\/portada_elcerezodelcementerio_249mm-compressed-scaled-1.jpg\",\"contentUrl\":\"https:\/\/letrame.com\/catalogo\/wp-content\/uploads\/2024\/04\/portada_elcerezodelcementerio_249mm-compressed-scaled-1.jpg\",\"width\":1813,\"height\":2560},{\"@type\":\"BreadcrumbList\",\"@id\":\"https:\/\/letrame.com\/catalogo\/producto\/el-cerezo-del-cementerio\/#breadcrumb\",\"itemListElement\":[{\"@type\":\"ListItem\",\"position\":1,\"name\":\"Portada\",\"item\":\"https:\/\/letrame.com\/catalogo\/\"},{\"@type\":\"ListItem\",\"position\":2,\"name\":\"Cat\u00e1logo\",\"item\":\"https:\/\/letrame.com\/catalogo\/\"},{\"@type\":\"ListItem\",\"position\":3,\"name\":\"El cerezo del cementerio\"}]},{\"@type\":\"WebSite\",\"@id\":\"https:\/\/letrame.com\/catalogo\/#website\",\"url\":\"https:\/\/letrame.com\/catalogo\/\",\"name\":\"Catalogo | Letrame Grupo Editorial\",\"description\":\"\",\"publisher\":{\"@id\":\"https:\/\/letrame.com\/catalogo\/#organization\"},\"potentialAction\":[{\"@type\":\"SearchAction\",\"target\":{\"@type\":\"EntryPoint\",\"urlTemplate\":\"https:\/\/letrame.com\/catalogo\/?s={search_term_string}\"},\"query-input\":{\"@type\":\"PropertyValueSpecification\",\"valueRequired\":true,\"valueName\":\"search_term_string\"}}],\"inLanguage\":\"es\"},{\"@type\":\"Organization\",\"@id\":\"https:\/\/letrame.com\/catalogo\/#organization\",\"name\":\"Catalogo | Letrame Grupo Editorial\",\"url\":\"https:\/\/letrame.com\/catalogo\/\",\"logo\":{\"@type\":\"ImageObject\",\"inLanguage\":\"es\",\"@id\":\"https:\/\/letrame.com\/catalogo\/#\/schema\/logo\/image\/\",\"url\":\"https:\/\/letrame.com\/catalogo\/wp-content\/uploads\/2024\/03\/logo2.webp\",\"contentUrl\":\"https:\/\/letrame.com\/catalogo\/wp-content\/uploads\/2024\/03\/logo2.webp\",\"width\":394,\"height\":128,\"caption\":\"Catalogo | Letrame Grupo Editorial\"},\"image\":{\"@id\":\"https:\/\/letrame.com\/catalogo\/#\/schema\/logo\/image\/\"}}]}<\/script>\n<!-- \/ Yoast SEO plugin. -->","yoast_head_json":{"title":"El cerezo del cementerio - Catalogo | Letrame Grupo Editorial","robots":{"index":"index","follow":"follow","max-snippet":"max-snippet:-1","max-image-preview":"max-image-preview:large","max-video-preview":"max-video-preview:-1"},"canonical":"https:\/\/letrame.com\/catalogo\/producto\/el-cerezo-del-cementerio\/","og_locale":"es_ES","og_type":"article","og_title":"El cerezo del cementerio - Catalogo | Letrame Grupo Editorial","og_description":"ISBN: 978-84-1114-315-8 SINOPSIS Es el relato de la cruda realidad de los que tuvieron que emigrar hacia Am\u00e9rica escapando de la miseria, de aquellos que cuando se marcharon se vieron obligados a abandonar a su familia de aqu\u00ed y formaron otra familia all\u00ed, de los que nunca quisieron volver para ocultar su fracaso, de muchos de los que nunca m\u00e1s se supo o de aquellos que regresaron tiempo despu\u00e9s, sin apenas nada: los \u201cmaletas vac\u00edas\u201d\u2026 \u201cEl cerezo del cementerio\u201d es la historia de un emigrante que vivi\u00f3 la experiencia de tener que marchar siendo apenas un ni\u00f1o, que hizo de todo por ganar dinero, que regres\u00f3 y vivi\u00f3 la Guerra Civil y los a\u00f1os posteriores a la contienda, a\u00f1os de miedo y persecuci\u00f3n a los vencidos. Tiempos duros y convulsos de una vida cargada de momentos de gran intensidad\u2026","og_url":"https:\/\/letrame.com\/catalogo\/producto\/el-cerezo-del-cementerio\/","og_site_name":"Catalogo | Letrame Grupo Editorial","article_modified_time":"2024-04-29T12:26:07+00:00","og_image":[{"width":1813,"height":2560,"url":"https:\/\/letrame.com\/catalogo\/wp-content\/uploads\/2024\/04\/portada_elcerezodelcementerio_249mm-compressed-scaled-1.jpg","type":"image\/jpeg"}],"twitter_card":"summary_large_image","twitter_misc":{"Tiempo de lectura":"1 minuto"},"schema":{"@context":"https:\/\/schema.org","@graph":[{"@type":"WebPage","@id":"https:\/\/letrame.com\/catalogo\/producto\/el-cerezo-del-cementerio\/","url":"https:\/\/letrame.com\/catalogo\/producto\/el-cerezo-del-cementerio\/","name":"El cerezo del cementerio - Catalogo | Letrame Grupo Editorial","isPartOf":{"@id":"https:\/\/letrame.com\/catalogo\/#website"},"primaryImageOfPage":{"@id":"https:\/\/letrame.com\/catalogo\/producto\/el-cerezo-del-cementerio\/#primaryimage"},"image":{"@id":"https:\/\/letrame.com\/catalogo\/producto\/el-cerezo-del-cementerio\/#primaryimage"},"thumbnailUrl":"https:\/\/letrame.com\/catalogo\/wp-content\/uploads\/2024\/04\/portada_elcerezodelcementerio_249mm-compressed-scaled-1.jpg","datePublished":"2024-04-29T12:25:59+00:00","dateModified":"2024-04-29T12:26:07+00:00","breadcrumb":{"@id":"https:\/\/letrame.com\/catalogo\/producto\/el-cerezo-del-cementerio\/#breadcrumb"},"inLanguage":"es","potentialAction":[{"@type":"ReadAction","target":["https:\/\/letrame.com\/catalogo\/producto\/el-cerezo-del-cementerio\/"]}]},{"@type":"ImageObject","inLanguage":"es","@id":"https:\/\/letrame.com\/catalogo\/producto\/el-cerezo-del-cementerio\/#primaryimage","url":"https:\/\/letrame.com\/catalogo\/wp-content\/uploads\/2024\/04\/portada_elcerezodelcementerio_249mm-compressed-scaled-1.jpg","contentUrl":"https:\/\/letrame.com\/catalogo\/wp-content\/uploads\/2024\/04\/portada_elcerezodelcementerio_249mm-compressed-scaled-1.jpg","width":1813,"height":2560},{"@type":"BreadcrumbList","@id":"https:\/\/letrame.com\/catalogo\/producto\/el-cerezo-del-cementerio\/#breadcrumb","itemListElement":[{"@type":"ListItem","position":1,"name":"Portada","item":"https:\/\/letrame.com\/catalogo\/"},{"@type":"ListItem","position":2,"name":"Cat\u00e1logo","item":"https:\/\/letrame.com\/catalogo\/"},{"@type":"ListItem","position":3,"name":"El cerezo del cementerio"}]},{"@type":"WebSite","@id":"https:\/\/letrame.com\/catalogo\/#website","url":"https:\/\/letrame.com\/catalogo\/","name":"Catalogo | Letrame Grupo Editorial","description":"","publisher":{"@id":"https:\/\/letrame.com\/catalogo\/#organization"},"potentialAction":[{"@type":"SearchAction","target":{"@type":"EntryPoint","urlTemplate":"https:\/\/letrame.com\/catalogo\/?s={search_term_string}"},"query-input":{"@type":"PropertyValueSpecification","valueRequired":true,"valueName":"search_term_string"}}],"inLanguage":"es"},{"@type":"Organization","@id":"https:\/\/letrame.com\/catalogo\/#organization","name":"Catalogo | Letrame Grupo Editorial","url":"https:\/\/letrame.com\/catalogo\/","logo":{"@type":"ImageObject","inLanguage":"es","@id":"https:\/\/letrame.com\/catalogo\/#\/schema\/logo\/image\/","url":"https:\/\/letrame.com\/catalogo\/wp-content\/uploads\/2024\/03\/logo2.webp","contentUrl":"https:\/\/letrame.com\/catalogo\/wp-content\/uploads\/2024\/03\/logo2.webp","width":394,"height":128,"caption":"Catalogo | Letrame Grupo Editorial"},"image":{"@id":"https:\/\/letrame.com\/catalogo\/#\/schema\/logo\/image\/"}}]}},"_links":{"self":[{"href":"https:\/\/letrame.com\/catalogo\/wp-json\/wp\/v2\/product\/97705","targetHints":{"allow":["GET"]}}],"collection":[{"href":"https:\/\/letrame.com\/catalogo\/wp-json\/wp\/v2\/product"}],"about":[{"href":"https:\/\/letrame.com\/catalogo\/wp-json\/wp\/v2\/types\/product"}],"replies":[{"embeddable":true,"href":"https:\/\/letrame.com\/catalogo\/wp-json\/wp\/v2\/comments?post=97705"}],"acf:post":[{"embeddable":true,"href":"https:\/\/letrame.com\/catalogo\/wp-json\/wp\/v2\/author_book\/76269"}],"wp:featuredmedia":[{"embeddable":true,"href":"https:\/\/letrame.com\/catalogo\/wp-json\/wp\/v2\/media\/97706"}],"wp:attachment":[{"href":"https:\/\/letrame.com\/catalogo\/wp-json\/wp\/v2\/media?parent=97705"}],"wp:term":[{"taxonomy":"libro","embeddable":true,"href":"https:\/\/letrame.com\/catalogo\/wp-json\/wp\/v2\/libro?post=97705"},{"taxonomy":"product_brand","embeddable":true,"href":"https:\/\/letrame.com\/catalogo\/wp-json\/wp\/v2\/product_brand?post=97705"},{"taxonomy":"product_cat","embeddable":true,"href":"https:\/\/letrame.com\/catalogo\/wp-json\/wp\/v2\/product_cat?post=97705"},{"taxonomy":"product_tag","embeddable":true,"href":"https:\/\/letrame.com\/catalogo\/wp-json\/wp\/v2\/product_tag?post=97705"}],"curies":[{"name":"wp","href":"https:\/\/api.w.org\/{rel}","templated":true}]}}