{"id":97692,"date":"2024-04-29T14:25:22","date_gmt":"2024-04-29T12:25:22","guid":{"rendered":"https:\/\/letrame.com\/catalogo\/producto\/al-fondo-de-la-eternidad\/"},"modified":"2024-04-29T14:25:26","modified_gmt":"2024-04-29T12:25:26","slug":"al-fondo-de-la-eternidad","status":"publish","type":"product","link":"https:\/\/letrame.com\/catalogo\/producto\/al-fondo-de-la-eternidad\/","title":{"rendered":"Al fondo de la eternidad"},"content":{"rendered":"<p><strong>ISBN<\/strong>:978-84-1114-599-2<\/p>\n<p><strong>T\u00edtulo<\/strong>:Al fondo de la eternidad<\/p>\n<p><strong>Fecha<\/strong>:2022<\/p>\n<p><strong>P\u00e1ginas<\/strong>: 454<\/p>\n<p><strong>SINOPSIS<\/strong><\/p>\n<p>Juan Rodr\u00edguez es despojado de su infancia para trabajar en la cosecha. Educado por su abuela, descubre en la lectura un universo que alimenta sus deseos de conocer el mundo, pero que se opone al tradicionalismo familiar.<\/p>\n<p>Luego de un tr\u00e1gico accidente, toma las riendas de su vida para iniciar un camino que lo llevar\u00e1, en los turbulentos a\u00f1os finales de la dictadura militar, a bordo del fat\u00eddico crucero ARA General Belgrano durante la Guerra de Malvinas. All\u00ed, sus sue\u00f1os se ver\u00e1n confrontados con el destino de su pa\u00eds, y valores como la amistad, el hero\u00edsmo, el amor y el patriotismo ser\u00e1n puestos a prueba.<\/p>\n<p>A trav\u00e9s de los ojos de Juan, que busca su lugar en medio del conflicto, la novela reflexiona sobre cuestiones universales que desvelan, como la posibilidad de elegir o la implacabilidad del destino.<\/p>\n","protected":false},"excerpt":{"rendered":"<p><strong>ISBN<\/strong>:978-84-1114-599-2<\/p>\n<p><strong>SINOPSIS<\/strong><\/p>\n<p>Juan Rodr\u00edguez es despojado de su infancia para trabajar en la cosecha. Educado por su abuela, descubre en la lectura un universo que alimenta sus deseos de conocer el mundo, pero que se opone al tradicionalismo familiar.<\/p>\n<p>Luego de un tr\u00e1gico accidente, toma las riendas de su vida para iniciar un camino que lo llevar\u00e1, en los turbulentos a\u00f1os finales de la dictadura militar, a bordo del fat\u00eddico crucero ARA General Belgrano durante la Guerra de Malvinas. All\u00ed, sus sue\u00f1os se ver\u00e1n confrontados con el destino de su pa\u00eds, y valores como la amistad, el hero\u00edsmo, el amor y el patriotismo ser\u00e1n puestos a prueba.<\/p>\n<p>A trav\u00e9s de los ojos de Juan, que busca su lugar en medio del conflicto, la novela reflexiona sobre cuestiones universales que desvelan, como la posibilidad de elegir o la implacabilidad del destino.<\/p>\n","protected":false},"featured_media":97693,"comment_status":"closed","ping_status":"open","template":"","meta":{"_acf_changed":false},"libro":[],"product_brand":[],"product_cat":[16],"product_tag":[],"class_list":{"0":"post-97692","1":"product","2":"type-product","3":"status-publish","4":"has-post-thumbnail","6":"product_cat-novela","8":"first","9":"instock","10":"product-type-simple"},"acf":{"autor":[76257],"enlace_de_compra":"https:\/\/www.amazon.es\/Al-fondo-eternidad-1-Novela\/dp\/8411145999"},"yoast_head":"<!-- This site is optimized with the Yoast SEO plugin v26.6 - https:\/\/yoast.com\/wordpress\/plugins\/seo\/ -->\n<title>Al fondo de la eternidad - Catalogo | Letrame Grupo Editorial<\/title>\n<meta name=\"robots\" content=\"index, follow, max-snippet:-1, max-image-preview:large, max-video-preview:-1\" \/>\n<link rel=\"canonical\" href=\"https:\/\/letrame.com\/catalogo\/producto\/al-fondo-de-la-eternidad\/\" \/>\n<meta property=\"og:locale\" content=\"es_ES\" \/>\n<meta property=\"og:type\" content=\"article\" \/>\n<meta property=\"og:title\" content=\"Al fondo de la eternidad - Catalogo | Letrame Grupo Editorial\" \/>\n<meta property=\"og:description\" content=\"ISBN:978-84-1114-599-2 SINOPSIS Juan Rodr\u00edguez es despojado de su infancia para trabajar en la cosecha. Educado por su abuela, descubre en la lectura un universo que alimenta sus deseos de conocer el mundo, pero que se opone al tradicionalismo familiar. Luego de un tr\u00e1gico accidente, toma las riendas de su vida para iniciar un camino que lo llevar\u00e1, en los turbulentos a\u00f1os finales de la dictadura militar, a bordo del fat\u00eddico crucero ARA General Belgrano durante la Guerra de Malvinas. All\u00ed, sus sue\u00f1os se ver\u00e1n confrontados con el destino de su pa\u00eds, y valores como la amistad, el hero\u00edsmo, el amor y el patriotismo ser\u00e1n puestos a prueba. A trav\u00e9s de los ojos de Juan, que busca su lugar en medio del conflicto, la novela reflexiona sobre cuestiones universales que desvelan, como la posibilidad de elegir o la implacabilidad del destino.\" \/>\n<meta property=\"og:url\" content=\"https:\/\/letrame.com\/catalogo\/producto\/al-fondo-de-la-eternidad\/\" \/>\n<meta property=\"og:site_name\" content=\"Catalogo | Letrame Grupo Editorial\" \/>\n<meta property=\"article:modified_time\" content=\"2024-04-29T12:25:26+00:00\" \/>\n<meta property=\"og:image\" content=\"https:\/\/letrame.com\/catalogo\/wp-content\/uploads\/2024\/04\/redportada_alfondodelaeternidad_221mm.jpg\" \/>\n\t<meta property=\"og:image:width\" content=\"601\" \/>\n\t<meta property=\"og:image:height\" content=\"881\" \/>\n\t<meta property=\"og:image:type\" content=\"image\/jpeg\" \/>\n<meta name=\"twitter:card\" content=\"summary_large_image\" \/>\n<meta name=\"twitter:label1\" content=\"Tiempo de lectura\" \/>\n\t<meta name=\"twitter:data1\" content=\"1 minuto\" \/>\n<script type=\"application\/ld+json\" class=\"yoast-schema-graph\">{\"@context\":\"https:\/\/schema.org\",\"@graph\":[{\"@type\":\"WebPage\",\"@id\":\"https:\/\/letrame.com\/catalogo\/producto\/al-fondo-de-la-eternidad\/\",\"url\":\"https:\/\/letrame.com\/catalogo\/producto\/al-fondo-de-la-eternidad\/\",\"name\":\"Al fondo de la eternidad - Catalogo | Letrame Grupo Editorial\",\"isPartOf\":{\"@id\":\"https:\/\/letrame.com\/catalogo\/#website\"},\"primaryImageOfPage\":{\"@id\":\"https:\/\/letrame.com\/catalogo\/producto\/al-fondo-de-la-eternidad\/#primaryimage\"},\"image\":{\"@id\":\"https:\/\/letrame.com\/catalogo\/producto\/al-fondo-de-la-eternidad\/#primaryimage\"},\"thumbnailUrl\":\"https:\/\/letrame.com\/catalogo\/wp-content\/uploads\/2024\/04\/redportada_alfondodelaeternidad_221mm.jpg\",\"datePublished\":\"2024-04-29T12:25:22+00:00\",\"dateModified\":\"2024-04-29T12:25:26+00:00\",\"breadcrumb\":{\"@id\":\"https:\/\/letrame.com\/catalogo\/producto\/al-fondo-de-la-eternidad\/#breadcrumb\"},\"inLanguage\":\"es\",\"potentialAction\":[{\"@type\":\"ReadAction\",\"target\":[\"https:\/\/letrame.com\/catalogo\/producto\/al-fondo-de-la-eternidad\/\"]}]},{\"@type\":\"ImageObject\",\"inLanguage\":\"es\",\"@id\":\"https:\/\/letrame.com\/catalogo\/producto\/al-fondo-de-la-eternidad\/#primaryimage\",\"url\":\"https:\/\/letrame.com\/catalogo\/wp-content\/uploads\/2024\/04\/redportada_alfondodelaeternidad_221mm.jpg\",\"contentUrl\":\"https:\/\/letrame.com\/catalogo\/wp-content\/uploads\/2024\/04\/redportada_alfondodelaeternidad_221mm.jpg\",\"width\":601,\"height\":881},{\"@type\":\"BreadcrumbList\",\"@id\":\"https:\/\/letrame.com\/catalogo\/producto\/al-fondo-de-la-eternidad\/#breadcrumb\",\"itemListElement\":[{\"@type\":\"ListItem\",\"position\":1,\"name\":\"Portada\",\"item\":\"https:\/\/letrame.com\/catalogo\/\"},{\"@type\":\"ListItem\",\"position\":2,\"name\":\"Cat\u00e1logo\",\"item\":\"https:\/\/letrame.com\/catalogo\/\"},{\"@type\":\"ListItem\",\"position\":3,\"name\":\"Al fondo de la eternidad\"}]},{\"@type\":\"WebSite\",\"@id\":\"https:\/\/letrame.com\/catalogo\/#website\",\"url\":\"https:\/\/letrame.com\/catalogo\/\",\"name\":\"Catalogo | Letrame Grupo Editorial\",\"description\":\"\",\"publisher\":{\"@id\":\"https:\/\/letrame.com\/catalogo\/#organization\"},\"potentialAction\":[{\"@type\":\"SearchAction\",\"target\":{\"@type\":\"EntryPoint\",\"urlTemplate\":\"https:\/\/letrame.com\/catalogo\/?s={search_term_string}\"},\"query-input\":{\"@type\":\"PropertyValueSpecification\",\"valueRequired\":true,\"valueName\":\"search_term_string\"}}],\"inLanguage\":\"es\"},{\"@type\":\"Organization\",\"@id\":\"https:\/\/letrame.com\/catalogo\/#organization\",\"name\":\"Catalogo | Letrame Grupo Editorial\",\"url\":\"https:\/\/letrame.com\/catalogo\/\",\"logo\":{\"@type\":\"ImageObject\",\"inLanguage\":\"es\",\"@id\":\"https:\/\/letrame.com\/catalogo\/#\/schema\/logo\/image\/\",\"url\":\"https:\/\/letrame.com\/catalogo\/wp-content\/uploads\/2024\/03\/logo2.webp\",\"contentUrl\":\"https:\/\/letrame.com\/catalogo\/wp-content\/uploads\/2024\/03\/logo2.webp\",\"width\":394,\"height\":128,\"caption\":\"Catalogo | Letrame Grupo Editorial\"},\"image\":{\"@id\":\"https:\/\/letrame.com\/catalogo\/#\/schema\/logo\/image\/\"}}]}<\/script>\n<!-- \/ Yoast SEO plugin. -->","yoast_head_json":{"title":"Al fondo de la eternidad - Catalogo | Letrame Grupo Editorial","robots":{"index":"index","follow":"follow","max-snippet":"max-snippet:-1","max-image-preview":"max-image-preview:large","max-video-preview":"max-video-preview:-1"},"canonical":"https:\/\/letrame.com\/catalogo\/producto\/al-fondo-de-la-eternidad\/","og_locale":"es_ES","og_type":"article","og_title":"Al fondo de la eternidad - Catalogo | Letrame Grupo Editorial","og_description":"ISBN:978-84-1114-599-2 SINOPSIS Juan Rodr\u00edguez es despojado de su infancia para trabajar en la cosecha. Educado por su abuela, descubre en la lectura un universo que alimenta sus deseos de conocer el mundo, pero que se opone al tradicionalismo familiar. Luego de un tr\u00e1gico accidente, toma las riendas de su vida para iniciar un camino que lo llevar\u00e1, en los turbulentos a\u00f1os finales de la dictadura militar, a bordo del fat\u00eddico crucero ARA General Belgrano durante la Guerra de Malvinas. All\u00ed, sus sue\u00f1os se ver\u00e1n confrontados con el destino de su pa\u00eds, y valores como la amistad, el hero\u00edsmo, el amor y el patriotismo ser\u00e1n puestos a prueba. A trav\u00e9s de los ojos de Juan, que busca su lugar en medio del conflicto, la novela reflexiona sobre cuestiones universales que desvelan, como la posibilidad de elegir o la implacabilidad del destino.","og_url":"https:\/\/letrame.com\/catalogo\/producto\/al-fondo-de-la-eternidad\/","og_site_name":"Catalogo | Letrame Grupo Editorial","article_modified_time":"2024-04-29T12:25:26+00:00","og_image":[{"width":601,"height":881,"url":"https:\/\/letrame.com\/catalogo\/wp-content\/uploads\/2024\/04\/redportada_alfondodelaeternidad_221mm.jpg","type":"image\/jpeg"}],"twitter_card":"summary_large_image","twitter_misc":{"Tiempo de lectura":"1 minuto"},"schema":{"@context":"https:\/\/schema.org","@graph":[{"@type":"WebPage","@id":"https:\/\/letrame.com\/catalogo\/producto\/al-fondo-de-la-eternidad\/","url":"https:\/\/letrame.com\/catalogo\/producto\/al-fondo-de-la-eternidad\/","name":"Al fondo de la eternidad - Catalogo | Letrame Grupo Editorial","isPartOf":{"@id":"https:\/\/letrame.com\/catalogo\/#website"},"primaryImageOfPage":{"@id":"https:\/\/letrame.com\/catalogo\/producto\/al-fondo-de-la-eternidad\/#primaryimage"},"image":{"@id":"https:\/\/letrame.com\/catalogo\/producto\/al-fondo-de-la-eternidad\/#primaryimage"},"thumbnailUrl":"https:\/\/letrame.com\/catalogo\/wp-content\/uploads\/2024\/04\/redportada_alfondodelaeternidad_221mm.jpg","datePublished":"2024-04-29T12:25:22+00:00","dateModified":"2024-04-29T12:25:26+00:00","breadcrumb":{"@id":"https:\/\/letrame.com\/catalogo\/producto\/al-fondo-de-la-eternidad\/#breadcrumb"},"inLanguage":"es","potentialAction":[{"@type":"ReadAction","target":["https:\/\/letrame.com\/catalogo\/producto\/al-fondo-de-la-eternidad\/"]}]},{"@type":"ImageObject","inLanguage":"es","@id":"https:\/\/letrame.com\/catalogo\/producto\/al-fondo-de-la-eternidad\/#primaryimage","url":"https:\/\/letrame.com\/catalogo\/wp-content\/uploads\/2024\/04\/redportada_alfondodelaeternidad_221mm.jpg","contentUrl":"https:\/\/letrame.com\/catalogo\/wp-content\/uploads\/2024\/04\/redportada_alfondodelaeternidad_221mm.jpg","width":601,"height":881},{"@type":"BreadcrumbList","@id":"https:\/\/letrame.com\/catalogo\/producto\/al-fondo-de-la-eternidad\/#breadcrumb","itemListElement":[{"@type":"ListItem","position":1,"name":"Portada","item":"https:\/\/letrame.com\/catalogo\/"},{"@type":"ListItem","position":2,"name":"Cat\u00e1logo","item":"https:\/\/letrame.com\/catalogo\/"},{"@type":"ListItem","position":3,"name":"Al fondo de la eternidad"}]},{"@type":"WebSite","@id":"https:\/\/letrame.com\/catalogo\/#website","url":"https:\/\/letrame.com\/catalogo\/","name":"Catalogo | Letrame Grupo Editorial","description":"","publisher":{"@id":"https:\/\/letrame.com\/catalogo\/#organization"},"potentialAction":[{"@type":"SearchAction","target":{"@type":"EntryPoint","urlTemplate":"https:\/\/letrame.com\/catalogo\/?s={search_term_string}"},"query-input":{"@type":"PropertyValueSpecification","valueRequired":true,"valueName":"search_term_string"}}],"inLanguage":"es"},{"@type":"Organization","@id":"https:\/\/letrame.com\/catalogo\/#organization","name":"Catalogo | Letrame Grupo Editorial","url":"https:\/\/letrame.com\/catalogo\/","logo":{"@type":"ImageObject","inLanguage":"es","@id":"https:\/\/letrame.com\/catalogo\/#\/schema\/logo\/image\/","url":"https:\/\/letrame.com\/catalogo\/wp-content\/uploads\/2024\/03\/logo2.webp","contentUrl":"https:\/\/letrame.com\/catalogo\/wp-content\/uploads\/2024\/03\/logo2.webp","width":394,"height":128,"caption":"Catalogo | Letrame Grupo Editorial"},"image":{"@id":"https:\/\/letrame.com\/catalogo\/#\/schema\/logo\/image\/"}}]}},"_links":{"self":[{"href":"https:\/\/letrame.com\/catalogo\/wp-json\/wp\/v2\/product\/97692","targetHints":{"allow":["GET"]}}],"collection":[{"href":"https:\/\/letrame.com\/catalogo\/wp-json\/wp\/v2\/product"}],"about":[{"href":"https:\/\/letrame.com\/catalogo\/wp-json\/wp\/v2\/types\/product"}],"replies":[{"embeddable":true,"href":"https:\/\/letrame.com\/catalogo\/wp-json\/wp\/v2\/comments?post=97692"}],"acf:post":[{"embeddable":true,"href":"https:\/\/letrame.com\/catalogo\/wp-json\/wp\/v2\/author_book\/76257"}],"wp:featuredmedia":[{"embeddable":true,"href":"https:\/\/letrame.com\/catalogo\/wp-json\/wp\/v2\/media\/97693"}],"wp:attachment":[{"href":"https:\/\/letrame.com\/catalogo\/wp-json\/wp\/v2\/media?parent=97692"}],"wp:term":[{"taxonomy":"libro","embeddable":true,"href":"https:\/\/letrame.com\/catalogo\/wp-json\/wp\/v2\/libro?post=97692"},{"taxonomy":"product_brand","embeddable":true,"href":"https:\/\/letrame.com\/catalogo\/wp-json\/wp\/v2\/product_brand?post=97692"},{"taxonomy":"product_cat","embeddable":true,"href":"https:\/\/letrame.com\/catalogo\/wp-json\/wp\/v2\/product_cat?post=97692"},{"taxonomy":"product_tag","embeddable":true,"href":"https:\/\/letrame.com\/catalogo\/wp-json\/wp\/v2\/product_tag?post=97692"}],"curies":[{"name":"wp","href":"https:\/\/api.w.org\/{rel}","templated":true}]}}