{"id":97688,"date":"2024-04-29T14:25:09","date_gmt":"2024-04-29T12:25:09","guid":{"rendered":"https:\/\/letrame.com\/catalogo\/producto\/un-viaje-en-soledad\/"},"modified":"2024-08-13T11:43:40","modified_gmt":"2024-08-13T09:43:40","slug":"un-viaje-en-soledad","status":"publish","type":"product","link":"https:\/\/letrame.com\/catalogo\/producto\/un-viaje-en-soledad\/","title":{"rendered":"Un viaje en soledad"},"content":{"rendered":"<p><strong>ISBN<\/strong>:978-84-1114-653-1<\/p>\n<p><strong>T\u00edtulo<\/strong>: Un viaje en soledad<\/p>\n<p><strong>Fecha<\/strong>: 2022<\/p>\n<p><strong>P\u00e1ginas<\/strong>: 50<\/p>\n<p><strong>SINOPSIS<\/strong><\/p>\n<p><em>Un Viaje en Soledad es resultado de un proyecto de superaci\u00f3n personal y crecimiento espiritual enfocado en vencer el temor de estar a solas con tu yo. Consejos, impresiones y experiencias que comparto mientras aprendemos a viajar solos por los lugares que siempre se hab\u00edan quedado pendientes, priorizando a nuestro antojo el primer impulso en la ma\u00f1ana, haciendo del d\u00eda el mejor camino para perderse distra\u00eddos entres museos, plazas, parques, fuentes, catedrales y mercados en los lugares so\u00f1ados; sin interrupciones, sin apuros, \u00a1a nuestro paso, adue\u00f1ados del tiempo! Un viaje que termine los temores y regrese la confianza en esta humanidad que habita en la casa de todos, haci\u00e9ndote andar confiado por desiertos, monta\u00f1as y valles. Un viaje acompa\u00f1ado por tu creador, el mejor compa\u00f1ero y \u00fanico capaz de escuchar tu risa y tu reproche sin frustrarse, cuando ahondas por los recovecos de tu alma acus\u00e1ndolo y perdon\u00e1ndolo mientras te perdonas y te acusas.<\/em><\/p>\n","protected":false},"excerpt":{"rendered":"<p><strong>ISBN<\/strong>:978-84-1114-653-1<\/p>\n<p><strong>SINOPSIS<\/strong><\/p>\n<p><em>Un Viaje en Soledad es resultado de un proyecto de superaci\u00f3n personal y crecimiento espiritual enfocado en vencer el temor de estar a solas con tu yo. Consejos, impresiones y experiencias que comparto mientras aprendemos a viajar solos por los lugares que siempre se hab\u00edan quedado pendientes, priorizando a nuestro antojo el primer impulso en la ma\u00f1ana, haciendo del d\u00eda el mejor camino para perderse distra\u00eddos entres museos, plazas, parques, fuentes, catedrales y mercados en los lugares so\u00f1ados; sin interrupciones, sin apuros, \u00a1a nuestro paso, adue\u00f1ados del tiempo! Un viaje que termine los temores y regrese la confianza en esta humanidad que habita en la casa de todos, haci\u00e9ndote andar confiado por desiertos, monta\u00f1as y valles. Un viaje acompa\u00f1ado por tu creador, el mejor compa\u00f1ero y \u00fanico capaz de escuchar tu risa y tu reproche sin frustrarse, cuando ahondas por los recovecos de tu alma acus\u00e1ndolo y perdon\u00e1ndolo mientras te perdonas y te acusas.<\/em><\/p>\n","protected":false},"featured_media":97689,"comment_status":"closed","ping_status":"closed","template":"","meta":{"_acf_changed":false},"libro":[],"product_brand":[],"product_cat":[18],"product_tag":[],"class_list":{"0":"post-97688","1":"product","2":"type-product","3":"status-publish","4":"has-post-thumbnail","6":"product_cat-autoayuda","8":"first","9":"instock","10":"product-type-simple"},"acf":{"autor":[76950],"enlace_de_compra":"https:\/\/amzn.to\/3ys9puH"},"yoast_head":"<!-- This site is optimized with the Yoast SEO plugin v27.4 - https:\/\/yoast.com\/product\/yoast-seo-wordpress\/ -->\n<title>Un viaje en soledad - Catalogo | Letrame Grupo Editorial<\/title>\n<meta name=\"robots\" content=\"index, follow, max-snippet:-1, max-image-preview:large, max-video-preview:-1\" \/>\n<link rel=\"canonical\" href=\"https:\/\/letrame.com\/catalogo\/producto\/un-viaje-en-soledad\/\" \/>\n<meta property=\"og:locale\" content=\"es_ES\" \/>\n<meta property=\"og:type\" content=\"article\" \/>\n<meta property=\"og:title\" content=\"Un viaje en soledad - Catalogo | Letrame Grupo Editorial\" \/>\n<meta property=\"og:description\" content=\"ISBN:978-84-1114-653-1  SINOPSIS  Un Viaje en Soledad es resultado de un proyecto de superaci\u00f3n personal y crecimiento espiritual enfocado en vencer el temor de estar a solas con tu yo. Consejos, impresiones y experiencias que comparto mientras aprendemos a viajar solos por los lugares que siempre se hab\u00edan quedado pendientes, priorizando a nuestro antojo el primer impulso en la ma\u00f1ana, haciendo del d\u00eda el mejor camino para perderse distra\u00eddos entres museos, plazas, parques, fuentes, catedrales y mercados en los lugares so\u00f1ados; sin interrupciones, sin apuros, \u00a1a nuestro paso, adue\u00f1ados del tiempo! Un viaje que termine los temores y regrese la confianza en esta humanidad que habita en la casa de todos, haci\u00e9ndote andar confiado por desiertos, monta\u00f1as y valles. Un viaje acompa\u00f1ado por tu creador, el mejor compa\u00f1ero y \u00fanico capaz de escuchar tu risa y tu reproche sin frustrarse, cuando ahondas por los recovecos de tu alma acus\u00e1ndolo y perdon\u00e1ndolo mientras te perdonas y te acusas.\" \/>\n<meta property=\"og:url\" content=\"https:\/\/letrame.com\/catalogo\/producto\/un-viaje-en-soledad\/\" \/>\n<meta property=\"og:site_name\" content=\"Catalogo | Letrame Grupo Editorial\" \/>\n<meta property=\"article:modified_time\" content=\"2024-08-13T09:43:40+00:00\" \/>\n<meta property=\"og:image\" content=\"https:\/\/letrame.com\/catalogo\/wp-content\/uploads\/2024\/04\/redportada_unviajeensoledad_37mm.jpg\" \/>\n\t<meta property=\"og:image:width\" content=\"601\" \/>\n\t<meta property=\"og:image:height\" content=\"881\" \/>\n\t<meta property=\"og:image:type\" content=\"image\/jpeg\" \/>\n<meta name=\"twitter:card\" content=\"summary_large_image\" \/>\n<meta name=\"twitter:label1\" content=\"Tiempo de lectura\" \/>\n\t<meta name=\"twitter:data1\" content=\"1 minuto\" \/>\n<script type=\"application\/ld+json\" class=\"yoast-schema-graph\">{\"@context\":\"https:\\\/\\\/schema.org\",\"@graph\":[{\"@type\":\"WebPage\",\"@id\":\"https:\\\/\\\/letrame.com\\\/catalogo\\\/producto\\\/un-viaje-en-soledad\\\/\",\"url\":\"https:\\\/\\\/letrame.com\\\/catalogo\\\/producto\\\/un-viaje-en-soledad\\\/\",\"name\":\"Un viaje en soledad - Catalogo | Letrame Grupo Editorial\",\"isPartOf\":{\"@id\":\"https:\\\/\\\/letrame.com\\\/catalogo\\\/#website\"},\"primaryImageOfPage\":{\"@id\":\"https:\\\/\\\/letrame.com\\\/catalogo\\\/producto\\\/un-viaje-en-soledad\\\/#primaryimage\"},\"image\":{\"@id\":\"https:\\\/\\\/letrame.com\\\/catalogo\\\/producto\\\/un-viaje-en-soledad\\\/#primaryimage\"},\"thumbnailUrl\":\"https:\\\/\\\/letrame.com\\\/catalogo\\\/wp-content\\\/uploads\\\/2024\\\/04\\\/redportada_unviajeensoledad_37mm.jpg\",\"datePublished\":\"2024-04-29T12:25:09+00:00\",\"dateModified\":\"2024-08-13T09:43:40+00:00\",\"breadcrumb\":{\"@id\":\"https:\\\/\\\/letrame.com\\\/catalogo\\\/producto\\\/un-viaje-en-soledad\\\/#breadcrumb\"},\"inLanguage\":\"es\",\"potentialAction\":[{\"@type\":\"ReadAction\",\"target\":[\"https:\\\/\\\/letrame.com\\\/catalogo\\\/producto\\\/un-viaje-en-soledad\\\/\"]}]},{\"@type\":\"ImageObject\",\"inLanguage\":\"es\",\"@id\":\"https:\\\/\\\/letrame.com\\\/catalogo\\\/producto\\\/un-viaje-en-soledad\\\/#primaryimage\",\"url\":\"https:\\\/\\\/letrame.com\\\/catalogo\\\/wp-content\\\/uploads\\\/2024\\\/04\\\/redportada_unviajeensoledad_37mm.jpg\",\"contentUrl\":\"https:\\\/\\\/letrame.com\\\/catalogo\\\/wp-content\\\/uploads\\\/2024\\\/04\\\/redportada_unviajeensoledad_37mm.jpg\",\"width\":601,\"height\":881},{\"@type\":\"BreadcrumbList\",\"@id\":\"https:\\\/\\\/letrame.com\\\/catalogo\\\/producto\\\/un-viaje-en-soledad\\\/#breadcrumb\",\"itemListElement\":[{\"@type\":\"ListItem\",\"position\":1,\"name\":\"Portada\",\"item\":\"https:\\\/\\\/letrame.com\\\/catalogo\\\/\"},{\"@type\":\"ListItem\",\"position\":2,\"name\":\"Cat\u00e1logo\",\"item\":\"https:\\\/\\\/letrame.com\\\/catalogo\\\/\"},{\"@type\":\"ListItem\",\"position\":3,\"name\":\"Un viaje en soledad\"}]},{\"@type\":\"WebSite\",\"@id\":\"https:\\\/\\\/letrame.com\\\/catalogo\\\/#website\",\"url\":\"https:\\\/\\\/letrame.com\\\/catalogo\\\/\",\"name\":\"Catalogo | Letrame Grupo Editorial\",\"description\":\"\",\"publisher\":{\"@id\":\"https:\\\/\\\/letrame.com\\\/catalogo\\\/#organization\"},\"potentialAction\":[{\"@type\":\"SearchAction\",\"target\":{\"@type\":\"EntryPoint\",\"urlTemplate\":\"https:\\\/\\\/letrame.com\\\/catalogo\\\/?s={search_term_string}\"},\"query-input\":{\"@type\":\"PropertyValueSpecification\",\"valueRequired\":true,\"valueName\":\"search_term_string\"}}],\"inLanguage\":\"es\"},{\"@type\":\"Organization\",\"@id\":\"https:\\\/\\\/letrame.com\\\/catalogo\\\/#organization\",\"name\":\"Catalogo | Letrame Grupo Editorial\",\"url\":\"https:\\\/\\\/letrame.com\\\/catalogo\\\/\",\"logo\":{\"@type\":\"ImageObject\",\"inLanguage\":\"es\",\"@id\":\"https:\\\/\\\/letrame.com\\\/catalogo\\\/#\\\/schema\\\/logo\\\/image\\\/\",\"url\":\"https:\\\/\\\/letrame.com\\\/catalogo\\\/wp-content\\\/uploads\\\/2024\\\/03\\\/logo2.webp\",\"contentUrl\":\"https:\\\/\\\/letrame.com\\\/catalogo\\\/wp-content\\\/uploads\\\/2024\\\/03\\\/logo2.webp\",\"width\":394,\"height\":128,\"caption\":\"Catalogo | Letrame Grupo Editorial\"},\"image\":{\"@id\":\"https:\\\/\\\/letrame.com\\\/catalogo\\\/#\\\/schema\\\/logo\\\/image\\\/\"}}]}<\/script>\n<!-- \/ Yoast SEO plugin. -->","yoast_head_json":{"title":"Un viaje en soledad - Catalogo | Letrame Grupo Editorial","robots":{"index":"index","follow":"follow","max-snippet":"max-snippet:-1","max-image-preview":"max-image-preview:large","max-video-preview":"max-video-preview:-1"},"canonical":"https:\/\/letrame.com\/catalogo\/producto\/un-viaje-en-soledad\/","og_locale":"es_ES","og_type":"article","og_title":"Un viaje en soledad - Catalogo | Letrame Grupo Editorial","og_description":"ISBN:978-84-1114-653-1  SINOPSIS  Un Viaje en Soledad es resultado de un proyecto de superaci\u00f3n personal y crecimiento espiritual enfocado en vencer el temor de estar a solas con tu yo. Consejos, impresiones y experiencias que comparto mientras aprendemos a viajar solos por los lugares que siempre se hab\u00edan quedado pendientes, priorizando a nuestro antojo el primer impulso en la ma\u00f1ana, haciendo del d\u00eda el mejor camino para perderse distra\u00eddos entres museos, plazas, parques, fuentes, catedrales y mercados en los lugares so\u00f1ados; sin interrupciones, sin apuros, \u00a1a nuestro paso, adue\u00f1ados del tiempo! Un viaje que termine los temores y regrese la confianza en esta humanidad que habita en la casa de todos, haci\u00e9ndote andar confiado por desiertos, monta\u00f1as y valles. Un viaje acompa\u00f1ado por tu creador, el mejor compa\u00f1ero y \u00fanico capaz de escuchar tu risa y tu reproche sin frustrarse, cuando ahondas por los recovecos de tu alma acus\u00e1ndolo y perdon\u00e1ndolo mientras te perdonas y te acusas.","og_url":"https:\/\/letrame.com\/catalogo\/producto\/un-viaje-en-soledad\/","og_site_name":"Catalogo | Letrame Grupo Editorial","article_modified_time":"2024-08-13T09:43:40+00:00","og_image":[{"width":601,"height":881,"url":"https:\/\/letrame.com\/catalogo\/wp-content\/uploads\/2024\/04\/redportada_unviajeensoledad_37mm.jpg","type":"image\/jpeg"}],"twitter_card":"summary_large_image","twitter_misc":{"Tiempo de lectura":"1 minuto"},"schema":{"@context":"https:\/\/schema.org","@graph":[{"@type":"WebPage","@id":"https:\/\/letrame.com\/catalogo\/producto\/un-viaje-en-soledad\/","url":"https:\/\/letrame.com\/catalogo\/producto\/un-viaje-en-soledad\/","name":"Un viaje en soledad - Catalogo | Letrame Grupo Editorial","isPartOf":{"@id":"https:\/\/letrame.com\/catalogo\/#website"},"primaryImageOfPage":{"@id":"https:\/\/letrame.com\/catalogo\/producto\/un-viaje-en-soledad\/#primaryimage"},"image":{"@id":"https:\/\/letrame.com\/catalogo\/producto\/un-viaje-en-soledad\/#primaryimage"},"thumbnailUrl":"https:\/\/letrame.com\/catalogo\/wp-content\/uploads\/2024\/04\/redportada_unviajeensoledad_37mm.jpg","datePublished":"2024-04-29T12:25:09+00:00","dateModified":"2024-08-13T09:43:40+00:00","breadcrumb":{"@id":"https:\/\/letrame.com\/catalogo\/producto\/un-viaje-en-soledad\/#breadcrumb"},"inLanguage":"es","potentialAction":[{"@type":"ReadAction","target":["https:\/\/letrame.com\/catalogo\/producto\/un-viaje-en-soledad\/"]}]},{"@type":"ImageObject","inLanguage":"es","@id":"https:\/\/letrame.com\/catalogo\/producto\/un-viaje-en-soledad\/#primaryimage","url":"https:\/\/letrame.com\/catalogo\/wp-content\/uploads\/2024\/04\/redportada_unviajeensoledad_37mm.jpg","contentUrl":"https:\/\/letrame.com\/catalogo\/wp-content\/uploads\/2024\/04\/redportada_unviajeensoledad_37mm.jpg","width":601,"height":881},{"@type":"BreadcrumbList","@id":"https:\/\/letrame.com\/catalogo\/producto\/un-viaje-en-soledad\/#breadcrumb","itemListElement":[{"@type":"ListItem","position":1,"name":"Portada","item":"https:\/\/letrame.com\/catalogo\/"},{"@type":"ListItem","position":2,"name":"Cat\u00e1logo","item":"https:\/\/letrame.com\/catalogo\/"},{"@type":"ListItem","position":3,"name":"Un viaje en soledad"}]},{"@type":"WebSite","@id":"https:\/\/letrame.com\/catalogo\/#website","url":"https:\/\/letrame.com\/catalogo\/","name":"Catalogo | Letrame Grupo Editorial","description":"","publisher":{"@id":"https:\/\/letrame.com\/catalogo\/#organization"},"potentialAction":[{"@type":"SearchAction","target":{"@type":"EntryPoint","urlTemplate":"https:\/\/letrame.com\/catalogo\/?s={search_term_string}"},"query-input":{"@type":"PropertyValueSpecification","valueRequired":true,"valueName":"search_term_string"}}],"inLanguage":"es"},{"@type":"Organization","@id":"https:\/\/letrame.com\/catalogo\/#organization","name":"Catalogo | Letrame Grupo Editorial","url":"https:\/\/letrame.com\/catalogo\/","logo":{"@type":"ImageObject","inLanguage":"es","@id":"https:\/\/letrame.com\/catalogo\/#\/schema\/logo\/image\/","url":"https:\/\/letrame.com\/catalogo\/wp-content\/uploads\/2024\/03\/logo2.webp","contentUrl":"https:\/\/letrame.com\/catalogo\/wp-content\/uploads\/2024\/03\/logo2.webp","width":394,"height":128,"caption":"Catalogo | Letrame Grupo Editorial"},"image":{"@id":"https:\/\/letrame.com\/catalogo\/#\/schema\/logo\/image\/"}}]}},"_links":{"self":[{"href":"https:\/\/letrame.com\/catalogo\/wp-json\/wp\/v2\/product\/97688","targetHints":{"allow":["GET"]}}],"collection":[{"href":"https:\/\/letrame.com\/catalogo\/wp-json\/wp\/v2\/product"}],"about":[{"href":"https:\/\/letrame.com\/catalogo\/wp-json\/wp\/v2\/types\/product"}],"replies":[{"embeddable":true,"href":"https:\/\/letrame.com\/catalogo\/wp-json\/wp\/v2\/comments?post=97688"}],"acf:post":[{"embeddable":true,"href":"https:\/\/letrame.com\/catalogo\/wp-json\/wp\/v2\/author_book\/76950"}],"wp:featuredmedia":[{"embeddable":true,"href":"https:\/\/letrame.com\/catalogo\/wp-json\/wp\/v2\/media\/97689"}],"wp:attachment":[{"href":"https:\/\/letrame.com\/catalogo\/wp-json\/wp\/v2\/media?parent=97688"}],"wp:term":[{"taxonomy":"libro","embeddable":true,"href":"https:\/\/letrame.com\/catalogo\/wp-json\/wp\/v2\/libro?post=97688"},{"taxonomy":"product_brand","embeddable":true,"href":"https:\/\/letrame.com\/catalogo\/wp-json\/wp\/v2\/product_brand?post=97688"},{"taxonomy":"product_cat","embeddable":true,"href":"https:\/\/letrame.com\/catalogo\/wp-json\/wp\/v2\/product_cat?post=97688"},{"taxonomy":"product_tag","embeddable":true,"href":"https:\/\/letrame.com\/catalogo\/wp-json\/wp\/v2\/product_tag?post=97688"}],"curies":[{"name":"wp","href":"https:\/\/api.w.org\/{rel}","templated":true}]}}