{"id":97676,"date":"2024-04-29T14:24:30","date_gmt":"2024-04-29T12:24:30","guid":{"rendered":"https:\/\/letrame.com\/catalogo\/producto\/separarse-o-no-separarse\/"},"modified":"2024-04-29T14:24:52","modified_gmt":"2024-04-29T12:24:52","slug":"separarse-o-no-separarse","status":"publish","type":"product","link":"https:\/\/letrame.com\/catalogo\/producto\/separarse-o-no-separarse\/","title":{"rendered":"\u00bfSepararse o no separarse?"},"content":{"rendered":"<p><strong>ISBN<\/strong>:978-84-1114-583-1<\/p>\n<p><strong>T\u00edtulo<\/strong>: \u00bfSepararse o no separarse?<\/p>\n<p><strong>Fecha<\/strong>: 2022<br \/>\n<strong>P\u00e1ginas<\/strong>: 130<\/p>\n<p><strong>SINOPSIS<\/strong><\/p>\n<p>\u00bfAlguna vez te has preguntado porqu\u00e9 tus relaciones no funcionan? \u00bfQu\u00e9 pasar\u00eda si alguna idea grabada a fuego en tu mente te estuviera perjudicando seriamente en disfrutar las relaciones interpersonales con la plenitud que mereces?<\/p>\n<p>En este libro te har\u00e1s preguntas algo diferentes acerca del mundo de la pareja y su complejidad. Se cuestionar\u00e1 la tendencia que impregna la sociedad de hacer creer que las parejas tienen que rotar en nuestra vida como los objetos materiales. Y concentrar\u00e1 una tesis para el \u00e9xito de las relaciones de pareja: ser conscientes de qu\u00e9 personalidad nos gobierna y saber realizar an\u00e1lisis sobre algunos de los temas m\u00e1s cotidianos que afectan a las parejas de hoy en d\u00eda.<\/p>\n<p>No busques encontrar verdades absolutas, ni siquiera criticar el libro entero porque alguna sugerencia no te convence. S\u00f3lo que seas capaz de encontrar en estas l\u00edneas alguna idea que pueda transformar tus pensamientos, estar\u00e1s un poco m\u00e1s cerca de encontrar la felicidad con las relaciones que se presenten en tu vida. Y estar\u00e1s un poco m\u00e1s convencido\/a de la decisi\u00f3n que tomes para escoger a la persona que te acompa\u00f1ar\u00e1 en tu ruta por la vida.<\/p>\n","protected":false},"excerpt":{"rendered":"<p><strong>ISBN<\/strong>:978-84-1114-583-1<\/p>\n<p><strong>SINOPSIS<\/strong><\/p>\n<p>\u00bfAlguna vez te has preguntado porqu\u00e9 tus relaciones no funcionan? \u00bfQu\u00e9 pasar\u00eda si alguna idea grabada a fuego en tu mente te estuviera perjudicando seriamente en disfrutar las relaciones interpersonales con la plenitud que mereces?<\/p>\n<p>En este libro te har\u00e1s preguntas algo diferentes acerca del mundo de la pareja y su complejidad. Se cuestionar\u00e1 la tendencia que impregna la sociedad de hacer creer que las parejas tienen que rotar en nuestra vida como los objetos materiales. Y concentrar\u00e1 una tesis para el \u00e9xito de las relaciones de pareja: ser conscientes de qu\u00e9 personalidad nos gobierna y saber realizar an\u00e1lisis sobre algunos de los temas m\u00e1s cotidianos que afectan a las parejas de hoy en d\u00eda.<\/p>\n<p>No busques encontrar verdades absolutas, ni siquiera criticar el libro entero porque alguna sugerencia no te convence. S\u00f3lo que seas capaz de encontrar en estas l\u00edneas alguna idea que pueda transformar tus pensamientos, estar\u00e1s un poco m\u00e1s cerca de encontrar la felicidad con las relaciones que se presenten en tu vida. Y estar\u00e1s un poco m\u00e1s convencido\/a de la decisi\u00f3n que tomes para escoger a la persona que te acompa\u00f1ar\u00e1 en tu ruta por la vida.<\/p>\n","protected":false},"featured_media":97677,"comment_status":"closed","ping_status":"open","template":"","meta":{"_acf_changed":false},"libro":[],"product_brand":[],"product_cat":[18],"product_tag":[],"class_list":{"0":"post-97676","1":"product","2":"type-product","3":"status-publish","4":"has-post-thumbnail","6":"product_cat-autoayuda","8":"first","9":"instock","10":"product-type-simple"},"acf":{"autor":[76246],"enlace_de_compra":"https:\/\/www.amazon.es\/%C2%BFSepararse-separarse-Esa-cuesti%C3%B3n-Autoayuda\/dp\/8411145832 \/"},"yoast_head":"<!-- This site is optimized with the Yoast SEO plugin v27.4 - https:\/\/yoast.com\/product\/yoast-seo-wordpress\/ -->\n<title>\u00bfSepararse o no separarse? - Catalogo | Letrame Grupo Editorial<\/title>\n<meta name=\"robots\" content=\"index, follow, max-snippet:-1, max-image-preview:large, max-video-preview:-1\" \/>\n<link rel=\"canonical\" href=\"https:\/\/letrame.com\/catalogo\/producto\/separarse-o-no-separarse\/\" \/>\n<meta property=\"og:locale\" content=\"es_ES\" \/>\n<meta property=\"og:type\" content=\"article\" \/>\n<meta property=\"og:title\" content=\"\u00bfSepararse o no separarse? - Catalogo | Letrame Grupo Editorial\" \/>\n<meta property=\"og:description\" content=\"ISBN:978-84-1114-583-1 SINOPSIS \u00bfAlguna vez te has preguntado porqu\u00e9 tus relaciones no funcionan? \u00bfQu\u00e9 pasar\u00eda si alguna idea grabada a fuego en tu mente te estuviera perjudicando seriamente en disfrutar las relaciones interpersonales con la plenitud que mereces? En este libro te har\u00e1s preguntas algo diferentes acerca del mundo de la pareja y su complejidad. Se cuestionar\u00e1 la tendencia que impregna la sociedad de hacer creer que las parejas tienen que rotar en nuestra vida como los objetos materiales. Y concentrar\u00e1 una tesis para el \u00e9xito de las relaciones de pareja: ser conscientes de qu\u00e9 personalidad nos gobierna y saber realizar an\u00e1lisis sobre algunos de los temas m\u00e1s cotidianos que afectan a las parejas de hoy en d\u00eda. No busques encontrar verdades absolutas, ni siquiera criticar el libro entero porque alguna sugerencia no te convence. S\u00f3lo que seas capaz de encontrar en estas l\u00edneas alguna idea que pueda transformar tus pensamientos, estar\u00e1s un poco m\u00e1s cerca de encontrar la felicidad con las relaciones que se presenten en tu vida. Y estar\u00e1s un poco m\u00e1s convencido\/a de la decisi\u00f3n que tomes para escoger a la persona que te acompa\u00f1ar\u00e1 en tu ruta por la vida.\" \/>\n<meta property=\"og:url\" content=\"https:\/\/letrame.com\/catalogo\/producto\/separarse-o-no-separarse\/\" \/>\n<meta property=\"og:site_name\" content=\"Catalogo | Letrame Grupo Editorial\" \/>\n<meta property=\"article:modified_time\" content=\"2024-04-29T12:24:52+00:00\" \/>\n<meta property=\"og:image\" content=\"https:\/\/letrame.com\/catalogo\/wp-content\/uploads\/2024\/04\/redportada_separarseono_71mm.jpg\" \/>\n\t<meta property=\"og:image:width\" content=\"601\" \/>\n\t<meta property=\"og:image:height\" content=\"881\" \/>\n\t<meta property=\"og:image:type\" content=\"image\/jpeg\" \/>\n<meta name=\"twitter:card\" content=\"summary_large_image\" \/>\n<meta name=\"twitter:label1\" content=\"Tiempo de lectura\" \/>\n\t<meta name=\"twitter:data1\" content=\"1 minuto\" \/>\n<script type=\"application\/ld+json\" class=\"yoast-schema-graph\">{\"@context\":\"https:\\\/\\\/schema.org\",\"@graph\":[{\"@type\":\"WebPage\",\"@id\":\"https:\\\/\\\/letrame.com\\\/catalogo\\\/producto\\\/separarse-o-no-separarse\\\/\",\"url\":\"https:\\\/\\\/letrame.com\\\/catalogo\\\/producto\\\/separarse-o-no-separarse\\\/\",\"name\":\"\u00bfSepararse o no separarse? - Catalogo | Letrame Grupo Editorial\",\"isPartOf\":{\"@id\":\"https:\\\/\\\/letrame.com\\\/catalogo\\\/#website\"},\"primaryImageOfPage\":{\"@id\":\"https:\\\/\\\/letrame.com\\\/catalogo\\\/producto\\\/separarse-o-no-separarse\\\/#primaryimage\"},\"image\":{\"@id\":\"https:\\\/\\\/letrame.com\\\/catalogo\\\/producto\\\/separarse-o-no-separarse\\\/#primaryimage\"},\"thumbnailUrl\":\"https:\\\/\\\/letrame.com\\\/catalogo\\\/wp-content\\\/uploads\\\/2024\\\/04\\\/redportada_separarseono_71mm.jpg\",\"datePublished\":\"2024-04-29T12:24:30+00:00\",\"dateModified\":\"2024-04-29T12:24:52+00:00\",\"breadcrumb\":{\"@id\":\"https:\\\/\\\/letrame.com\\\/catalogo\\\/producto\\\/separarse-o-no-separarse\\\/#breadcrumb\"},\"inLanguage\":\"es\",\"potentialAction\":[{\"@type\":\"ReadAction\",\"target\":[\"https:\\\/\\\/letrame.com\\\/catalogo\\\/producto\\\/separarse-o-no-separarse\\\/\"]}]},{\"@type\":\"ImageObject\",\"inLanguage\":\"es\",\"@id\":\"https:\\\/\\\/letrame.com\\\/catalogo\\\/producto\\\/separarse-o-no-separarse\\\/#primaryimage\",\"url\":\"https:\\\/\\\/letrame.com\\\/catalogo\\\/wp-content\\\/uploads\\\/2024\\\/04\\\/redportada_separarseono_71mm.jpg\",\"contentUrl\":\"https:\\\/\\\/letrame.com\\\/catalogo\\\/wp-content\\\/uploads\\\/2024\\\/04\\\/redportada_separarseono_71mm.jpg\",\"width\":601,\"height\":881},{\"@type\":\"BreadcrumbList\",\"@id\":\"https:\\\/\\\/letrame.com\\\/catalogo\\\/producto\\\/separarse-o-no-separarse\\\/#breadcrumb\",\"itemListElement\":[{\"@type\":\"ListItem\",\"position\":1,\"name\":\"Portada\",\"item\":\"https:\\\/\\\/letrame.com\\\/catalogo\\\/\"},{\"@type\":\"ListItem\",\"position\":2,\"name\":\"Cat\u00e1logo\",\"item\":\"https:\\\/\\\/letrame.com\\\/catalogo\\\/\"},{\"@type\":\"ListItem\",\"position\":3,\"name\":\"\u00bfSepararse o no separarse?\"}]},{\"@type\":\"WebSite\",\"@id\":\"https:\\\/\\\/letrame.com\\\/catalogo\\\/#website\",\"url\":\"https:\\\/\\\/letrame.com\\\/catalogo\\\/\",\"name\":\"Catalogo | Letrame Grupo Editorial\",\"description\":\"\",\"publisher\":{\"@id\":\"https:\\\/\\\/letrame.com\\\/catalogo\\\/#organization\"},\"potentialAction\":[{\"@type\":\"SearchAction\",\"target\":{\"@type\":\"EntryPoint\",\"urlTemplate\":\"https:\\\/\\\/letrame.com\\\/catalogo\\\/?s={search_term_string}\"},\"query-input\":{\"@type\":\"PropertyValueSpecification\",\"valueRequired\":true,\"valueName\":\"search_term_string\"}}],\"inLanguage\":\"es\"},{\"@type\":\"Organization\",\"@id\":\"https:\\\/\\\/letrame.com\\\/catalogo\\\/#organization\",\"name\":\"Catalogo | Letrame Grupo Editorial\",\"url\":\"https:\\\/\\\/letrame.com\\\/catalogo\\\/\",\"logo\":{\"@type\":\"ImageObject\",\"inLanguage\":\"es\",\"@id\":\"https:\\\/\\\/letrame.com\\\/catalogo\\\/#\\\/schema\\\/logo\\\/image\\\/\",\"url\":\"https:\\\/\\\/letrame.com\\\/catalogo\\\/wp-content\\\/uploads\\\/2024\\\/03\\\/logo2.webp\",\"contentUrl\":\"https:\\\/\\\/letrame.com\\\/catalogo\\\/wp-content\\\/uploads\\\/2024\\\/03\\\/logo2.webp\",\"width\":394,\"height\":128,\"caption\":\"Catalogo | Letrame Grupo Editorial\"},\"image\":{\"@id\":\"https:\\\/\\\/letrame.com\\\/catalogo\\\/#\\\/schema\\\/logo\\\/image\\\/\"}}]}<\/script>\n<!-- \/ Yoast SEO plugin. -->","yoast_head_json":{"title":"\u00bfSepararse o no separarse? - Catalogo | Letrame Grupo Editorial","robots":{"index":"index","follow":"follow","max-snippet":"max-snippet:-1","max-image-preview":"max-image-preview:large","max-video-preview":"max-video-preview:-1"},"canonical":"https:\/\/letrame.com\/catalogo\/producto\/separarse-o-no-separarse\/","og_locale":"es_ES","og_type":"article","og_title":"\u00bfSepararse o no separarse? - Catalogo | Letrame Grupo Editorial","og_description":"ISBN:978-84-1114-583-1 SINOPSIS \u00bfAlguna vez te has preguntado porqu\u00e9 tus relaciones no funcionan? \u00bfQu\u00e9 pasar\u00eda si alguna idea grabada a fuego en tu mente te estuviera perjudicando seriamente en disfrutar las relaciones interpersonales con la plenitud que mereces? En este libro te har\u00e1s preguntas algo diferentes acerca del mundo de la pareja y su complejidad. Se cuestionar\u00e1 la tendencia que impregna la sociedad de hacer creer que las parejas tienen que rotar en nuestra vida como los objetos materiales. Y concentrar\u00e1 una tesis para el \u00e9xito de las relaciones de pareja: ser conscientes de qu\u00e9 personalidad nos gobierna y saber realizar an\u00e1lisis sobre algunos de los temas m\u00e1s cotidianos que afectan a las parejas de hoy en d\u00eda. No busques encontrar verdades absolutas, ni siquiera criticar el libro entero porque alguna sugerencia no te convence. S\u00f3lo que seas capaz de encontrar en estas l\u00edneas alguna idea que pueda transformar tus pensamientos, estar\u00e1s un poco m\u00e1s cerca de encontrar la felicidad con las relaciones que se presenten en tu vida. Y estar\u00e1s un poco m\u00e1s convencido\/a de la decisi\u00f3n que tomes para escoger a la persona que te acompa\u00f1ar\u00e1 en tu ruta por la vida.","og_url":"https:\/\/letrame.com\/catalogo\/producto\/separarse-o-no-separarse\/","og_site_name":"Catalogo | Letrame Grupo Editorial","article_modified_time":"2024-04-29T12:24:52+00:00","og_image":[{"width":601,"height":881,"url":"https:\/\/letrame.com\/catalogo\/wp-content\/uploads\/2024\/04\/redportada_separarseono_71mm.jpg","type":"image\/jpeg"}],"twitter_card":"summary_large_image","twitter_misc":{"Tiempo de lectura":"1 minuto"},"schema":{"@context":"https:\/\/schema.org","@graph":[{"@type":"WebPage","@id":"https:\/\/letrame.com\/catalogo\/producto\/separarse-o-no-separarse\/","url":"https:\/\/letrame.com\/catalogo\/producto\/separarse-o-no-separarse\/","name":"\u00bfSepararse o no separarse? - Catalogo | Letrame Grupo Editorial","isPartOf":{"@id":"https:\/\/letrame.com\/catalogo\/#website"},"primaryImageOfPage":{"@id":"https:\/\/letrame.com\/catalogo\/producto\/separarse-o-no-separarse\/#primaryimage"},"image":{"@id":"https:\/\/letrame.com\/catalogo\/producto\/separarse-o-no-separarse\/#primaryimage"},"thumbnailUrl":"https:\/\/letrame.com\/catalogo\/wp-content\/uploads\/2024\/04\/redportada_separarseono_71mm.jpg","datePublished":"2024-04-29T12:24:30+00:00","dateModified":"2024-04-29T12:24:52+00:00","breadcrumb":{"@id":"https:\/\/letrame.com\/catalogo\/producto\/separarse-o-no-separarse\/#breadcrumb"},"inLanguage":"es","potentialAction":[{"@type":"ReadAction","target":["https:\/\/letrame.com\/catalogo\/producto\/separarse-o-no-separarse\/"]}]},{"@type":"ImageObject","inLanguage":"es","@id":"https:\/\/letrame.com\/catalogo\/producto\/separarse-o-no-separarse\/#primaryimage","url":"https:\/\/letrame.com\/catalogo\/wp-content\/uploads\/2024\/04\/redportada_separarseono_71mm.jpg","contentUrl":"https:\/\/letrame.com\/catalogo\/wp-content\/uploads\/2024\/04\/redportada_separarseono_71mm.jpg","width":601,"height":881},{"@type":"BreadcrumbList","@id":"https:\/\/letrame.com\/catalogo\/producto\/separarse-o-no-separarse\/#breadcrumb","itemListElement":[{"@type":"ListItem","position":1,"name":"Portada","item":"https:\/\/letrame.com\/catalogo\/"},{"@type":"ListItem","position":2,"name":"Cat\u00e1logo","item":"https:\/\/letrame.com\/catalogo\/"},{"@type":"ListItem","position":3,"name":"\u00bfSepararse o no separarse?"}]},{"@type":"WebSite","@id":"https:\/\/letrame.com\/catalogo\/#website","url":"https:\/\/letrame.com\/catalogo\/","name":"Catalogo | Letrame Grupo Editorial","description":"","publisher":{"@id":"https:\/\/letrame.com\/catalogo\/#organization"},"potentialAction":[{"@type":"SearchAction","target":{"@type":"EntryPoint","urlTemplate":"https:\/\/letrame.com\/catalogo\/?s={search_term_string}"},"query-input":{"@type":"PropertyValueSpecification","valueRequired":true,"valueName":"search_term_string"}}],"inLanguage":"es"},{"@type":"Organization","@id":"https:\/\/letrame.com\/catalogo\/#organization","name":"Catalogo | Letrame Grupo Editorial","url":"https:\/\/letrame.com\/catalogo\/","logo":{"@type":"ImageObject","inLanguage":"es","@id":"https:\/\/letrame.com\/catalogo\/#\/schema\/logo\/image\/","url":"https:\/\/letrame.com\/catalogo\/wp-content\/uploads\/2024\/03\/logo2.webp","contentUrl":"https:\/\/letrame.com\/catalogo\/wp-content\/uploads\/2024\/03\/logo2.webp","width":394,"height":128,"caption":"Catalogo | Letrame Grupo Editorial"},"image":{"@id":"https:\/\/letrame.com\/catalogo\/#\/schema\/logo\/image\/"}}]}},"_links":{"self":[{"href":"https:\/\/letrame.com\/catalogo\/wp-json\/wp\/v2\/product\/97676","targetHints":{"allow":["GET"]}}],"collection":[{"href":"https:\/\/letrame.com\/catalogo\/wp-json\/wp\/v2\/product"}],"about":[{"href":"https:\/\/letrame.com\/catalogo\/wp-json\/wp\/v2\/types\/product"}],"replies":[{"embeddable":true,"href":"https:\/\/letrame.com\/catalogo\/wp-json\/wp\/v2\/comments?post=97676"}],"acf:post":[{"embeddable":true,"href":"https:\/\/letrame.com\/catalogo\/wp-json\/wp\/v2\/author_book\/76246"}],"wp:featuredmedia":[{"embeddable":true,"href":"https:\/\/letrame.com\/catalogo\/wp-json\/wp\/v2\/media\/97677"}],"wp:attachment":[{"href":"https:\/\/letrame.com\/catalogo\/wp-json\/wp\/v2\/media?parent=97676"}],"wp:term":[{"taxonomy":"libro","embeddable":true,"href":"https:\/\/letrame.com\/catalogo\/wp-json\/wp\/v2\/libro?post=97676"},{"taxonomy":"product_brand","embeddable":true,"href":"https:\/\/letrame.com\/catalogo\/wp-json\/wp\/v2\/product_brand?post=97676"},{"taxonomy":"product_cat","embeddable":true,"href":"https:\/\/letrame.com\/catalogo\/wp-json\/wp\/v2\/product_cat?post=97676"},{"taxonomy":"product_tag","embeddable":true,"href":"https:\/\/letrame.com\/catalogo\/wp-json\/wp\/v2\/product_tag?post=97676"}],"curies":[{"name":"wp","href":"https:\/\/api.w.org\/{rel}","templated":true}]}}