{"id":97663,"date":"2024-04-29T14:23:14","date_gmt":"2024-04-29T12:23:14","guid":{"rendered":"https:\/\/letrame.com\/catalogo\/producto\/misfits\/"},"modified":"2024-04-29T14:23:19","modified_gmt":"2024-04-29T12:23:19","slug":"misfits","status":"publish","type":"product","link":"https:\/\/letrame.com\/catalogo\/producto\/misfits\/","title":{"rendered":"Misfits"},"content":{"rendered":"<p><strong>ISBN<\/strong>:978-84-1114-661-6<\/p>\n<p><strong>T\u00edtulo<\/strong>:<br \/>\n<strong>Fecha<\/strong>: 2022<br \/>\n<strong>P\u00e1ginas<\/strong>: 474<\/p>\n<p><strong>SINOPSIS<\/strong><\/p>\n<p>Tomeus Paramore ejerce su discreta c\u00e1tedra en la Escuela de Instrucci\u00f3n P\u00fablica Millerson, un escenario decadente que parece el reflejo de su anodina vida personal. Blindada por el amor a la m\u00fasica y la geometr\u00eda, por la misantrop\u00eda y el sarcasmo, la del profesor es una existencia sin esplendor pero sin sobresaltos&#8230;, hasta que comete la temeridad de forzar el destino: un romance turbulento con una alumna menor de edad provocar\u00e1 el comienzo de un declive personal, que inesperadamente propiciar\u00e1 la oportunidad de apuntar hacia sus verdaderos objetivos: la b\u00fasqueda de la belleza, la liberaci\u00f3n a trav\u00e9s de la literatura o de cualquier otra actividad funambulesca que lo mantenga a salvo.<\/p>\n<p>Con los ecos de la traici\u00f3n, el hedonismo, la aceptaci\u00f3n social, la aspiraci\u00f3n a lo sublime, o los difusos l\u00edmites entre la vida p\u00fablica y la vida privada como fondo, se va tejiendo la red en la que se debaten todos estos hom\u00ednidos an\u00f3nimos, h\u00e9roes imperfectos, abocados a una continua brega con el mundo y consigo mismos. Son los misfits: los individuos desajustados, los que no encajan, los inadaptados. Seres humanos corrientes con sus vidas ordinarias, y sus fugaces destellos de grandeza: todos nosotros<\/p>\n","protected":false},"excerpt":{"rendered":"<p><strong>ISBN<\/strong>:978-84-1114-661-6<\/p>\n<p><strong>SINOPSIS<\/strong><\/p>\n<p>Tomeus Paramore ejerce su discreta c\u00e1tedra en la Escuela de Instrucci\u00f3n P\u00fablica Millerson, un escenario decadente que parece el reflejo de su anodina vida personal. Blindada por el amor a la m\u00fasica y la geometr\u00eda, por la misantropia y el sarcasmo, la del profesor es una existencia sin esplendor pero sin sobresaltos&#8230;, hasta que comete la temeridad de forzar el destino: un romance turbulento con una alumna menor de edad provocar\u00e1 el comienzo de un declive personal, que inesperadamente propiciar\u00e1 la oportunidad de apuntar hacia sus verdaderos objetivos: la b\u00fasqueda de la belleza, la liberaci\u00f3n a trav\u00e9s de la literatura o de cualquier otra actividad funambulesca que lo mantenga a salvo.<\/p>\n<p>Con los ecos de la traici\u00f3n, el hedonismo, la aceptaci\u00f3n social, la aspiraci\u00f3n a lo sublime, o los difusos l\u00edmites entre la vida p\u00fablica y la vida privada como fondo, se va tejiendo la red en la que se debaten todos estos hom\u00ednidos an\u00f3nimos, h\u00e9roes imperfectos, abocados a una continua brega con el mundo y consigo mismos. Son los misfits: los individuos desajustados, los que no encajan, los inadaptados. Seres humanos corrientes con sus vidas ordinarias, y sus fugaces destellos de grandeza: todos nosotros.<\/p>\n","protected":false},"featured_media":97664,"comment_status":"closed","ping_status":"open","template":"","meta":{"_acf_changed":false},"libro":[],"product_brand":[],"product_cat":[16],"product_tag":[],"class_list":{"0":"post-97663","1":"product","2":"type-product","3":"status-publish","4":"has-post-thumbnail","6":"product_cat-novela","8":"first","9":"instock","10":"product-type-simple"},"acf":{"autor":[76233],"enlace_de_compra":"https:\/\/www.amazon.es\/Misfits-1-Novela-Jos%C3%A9-Costa\/dp\/8411146618\/"},"yoast_head":"<!-- This site is optimized with the Yoast SEO plugin v27.4 - https:\/\/yoast.com\/product\/yoast-seo-wordpress\/ -->\n<title>Misfits - Catalogo | Letrame Grupo Editorial<\/title>\n<meta name=\"robots\" content=\"index, follow, max-snippet:-1, max-image-preview:large, max-video-preview:-1\" \/>\n<link rel=\"canonical\" href=\"https:\/\/letrame.com\/catalogo\/producto\/misfits\/\" \/>\n<meta property=\"og:locale\" content=\"es_ES\" \/>\n<meta property=\"og:type\" content=\"article\" \/>\n<meta property=\"og:title\" content=\"Misfits - Catalogo | Letrame Grupo Editorial\" \/>\n<meta property=\"og:description\" content=\"ISBN:978-84-1114-661-6 SINOPSIS Tomeus Paramore ejerce su discreta c\u00e1tedra en la Escuela de Instrucci\u00f3n P\u00fablica Millerson, un escenario decadente que parece el reflejo de su anodina vida personal. Blindada por el amor a la m\u00fasica y la geometr\u00eda, por la misantropia y el sarcasmo, la del profesor es una existencia sin esplendor pero sin sobresaltos..., hasta que comete la temeridad de forzar el destino: un romance turbulento con una alumna menor de edad provocar\u00e1 el comienzo de un declive personal, que inesperadamente propiciar\u00e1 la oportunidad de apuntar hacia sus verdaderos objetivos: la b\u00fasqueda de la belleza, la liberaci\u00f3n a trav\u00e9s de la literatura o de cualquier otra actividad funambulesca que lo mantenga a salvo. Con los ecos de la traici\u00f3n, el hedonismo, la aceptaci\u00f3n social, la aspiraci\u00f3n a lo sublime, o los difusos l\u00edmites entre la vida p\u00fablica y la vida privada como fondo, se va tejiendo la red en la que se debaten todos estos hom\u00ednidos an\u00f3nimos, h\u00e9roes imperfectos, abocados a una continua brega con el mundo y consigo mismos. Son los misfits: los individuos desajustados, los que no encajan, los inadaptados. Seres humanos corrientes con sus vidas ordinarias, y sus fugaces destellos de grandeza: todos nosotros.\" \/>\n<meta property=\"og:url\" content=\"https:\/\/letrame.com\/catalogo\/producto\/misfits\/\" \/>\n<meta property=\"og:site_name\" content=\"Catalogo | Letrame Grupo Editorial\" \/>\n<meta property=\"article:modified_time\" content=\"2024-04-29T12:23:19+00:00\" \/>\n<meta property=\"og:image\" content=\"https:\/\/letrame.com\/catalogo\/wp-content\/uploads\/2024\/04\/redportada_misfits_2296mm.jpg\" \/>\n\t<meta property=\"og:image:width\" content=\"601\" \/>\n\t<meta property=\"og:image:height\" content=\"881\" \/>\n\t<meta property=\"og:image:type\" content=\"image\/jpeg\" \/>\n<meta name=\"twitter:card\" content=\"summary_large_image\" \/>\n<meta name=\"twitter:label1\" content=\"Tiempo de lectura\" \/>\n\t<meta name=\"twitter:data1\" content=\"1 minuto\" \/>\n<script type=\"application\/ld+json\" class=\"yoast-schema-graph\">{\"@context\":\"https:\\\/\\\/schema.org\",\"@graph\":[{\"@type\":\"WebPage\",\"@id\":\"https:\\\/\\\/letrame.com\\\/catalogo\\\/producto\\\/misfits\\\/\",\"url\":\"https:\\\/\\\/letrame.com\\\/catalogo\\\/producto\\\/misfits\\\/\",\"name\":\"Misfits - Catalogo | Letrame Grupo Editorial\",\"isPartOf\":{\"@id\":\"https:\\\/\\\/letrame.com\\\/catalogo\\\/#website\"},\"primaryImageOfPage\":{\"@id\":\"https:\\\/\\\/letrame.com\\\/catalogo\\\/producto\\\/misfits\\\/#primaryimage\"},\"image\":{\"@id\":\"https:\\\/\\\/letrame.com\\\/catalogo\\\/producto\\\/misfits\\\/#primaryimage\"},\"thumbnailUrl\":\"https:\\\/\\\/letrame.com\\\/catalogo\\\/wp-content\\\/uploads\\\/2024\\\/04\\\/redportada_misfits_2296mm.jpg\",\"datePublished\":\"2024-04-29T12:23:14+00:00\",\"dateModified\":\"2024-04-29T12:23:19+00:00\",\"breadcrumb\":{\"@id\":\"https:\\\/\\\/letrame.com\\\/catalogo\\\/producto\\\/misfits\\\/#breadcrumb\"},\"inLanguage\":\"es\",\"potentialAction\":[{\"@type\":\"ReadAction\",\"target\":[\"https:\\\/\\\/letrame.com\\\/catalogo\\\/producto\\\/misfits\\\/\"]}]},{\"@type\":\"ImageObject\",\"inLanguage\":\"es\",\"@id\":\"https:\\\/\\\/letrame.com\\\/catalogo\\\/producto\\\/misfits\\\/#primaryimage\",\"url\":\"https:\\\/\\\/letrame.com\\\/catalogo\\\/wp-content\\\/uploads\\\/2024\\\/04\\\/redportada_misfits_2296mm.jpg\",\"contentUrl\":\"https:\\\/\\\/letrame.com\\\/catalogo\\\/wp-content\\\/uploads\\\/2024\\\/04\\\/redportada_misfits_2296mm.jpg\",\"width\":601,\"height\":881},{\"@type\":\"BreadcrumbList\",\"@id\":\"https:\\\/\\\/letrame.com\\\/catalogo\\\/producto\\\/misfits\\\/#breadcrumb\",\"itemListElement\":[{\"@type\":\"ListItem\",\"position\":1,\"name\":\"Portada\",\"item\":\"https:\\\/\\\/letrame.com\\\/catalogo\\\/\"},{\"@type\":\"ListItem\",\"position\":2,\"name\":\"Cat\u00e1logo\",\"item\":\"https:\\\/\\\/letrame.com\\\/catalogo\\\/\"},{\"@type\":\"ListItem\",\"position\":3,\"name\":\"Misfits\"}]},{\"@type\":\"WebSite\",\"@id\":\"https:\\\/\\\/letrame.com\\\/catalogo\\\/#website\",\"url\":\"https:\\\/\\\/letrame.com\\\/catalogo\\\/\",\"name\":\"Catalogo | Letrame Grupo Editorial\",\"description\":\"\",\"publisher\":{\"@id\":\"https:\\\/\\\/letrame.com\\\/catalogo\\\/#organization\"},\"potentialAction\":[{\"@type\":\"SearchAction\",\"target\":{\"@type\":\"EntryPoint\",\"urlTemplate\":\"https:\\\/\\\/letrame.com\\\/catalogo\\\/?s={search_term_string}\"},\"query-input\":{\"@type\":\"PropertyValueSpecification\",\"valueRequired\":true,\"valueName\":\"search_term_string\"}}],\"inLanguage\":\"es\"},{\"@type\":\"Organization\",\"@id\":\"https:\\\/\\\/letrame.com\\\/catalogo\\\/#organization\",\"name\":\"Catalogo | Letrame Grupo Editorial\",\"url\":\"https:\\\/\\\/letrame.com\\\/catalogo\\\/\",\"logo\":{\"@type\":\"ImageObject\",\"inLanguage\":\"es\",\"@id\":\"https:\\\/\\\/letrame.com\\\/catalogo\\\/#\\\/schema\\\/logo\\\/image\\\/\",\"url\":\"https:\\\/\\\/letrame.com\\\/catalogo\\\/wp-content\\\/uploads\\\/2024\\\/03\\\/logo2.webp\",\"contentUrl\":\"https:\\\/\\\/letrame.com\\\/catalogo\\\/wp-content\\\/uploads\\\/2024\\\/03\\\/logo2.webp\",\"width\":394,\"height\":128,\"caption\":\"Catalogo | Letrame Grupo Editorial\"},\"image\":{\"@id\":\"https:\\\/\\\/letrame.com\\\/catalogo\\\/#\\\/schema\\\/logo\\\/image\\\/\"}}]}<\/script>\n<!-- \/ Yoast SEO plugin. -->","yoast_head_json":{"title":"Misfits - Catalogo | Letrame Grupo Editorial","robots":{"index":"index","follow":"follow","max-snippet":"max-snippet:-1","max-image-preview":"max-image-preview:large","max-video-preview":"max-video-preview:-1"},"canonical":"https:\/\/letrame.com\/catalogo\/producto\/misfits\/","og_locale":"es_ES","og_type":"article","og_title":"Misfits - Catalogo | Letrame Grupo Editorial","og_description":"ISBN:978-84-1114-661-6 SINOPSIS Tomeus Paramore ejerce su discreta c\u00e1tedra en la Escuela de Instrucci\u00f3n P\u00fablica Millerson, un escenario decadente que parece el reflejo de su anodina vida personal. Blindada por el amor a la m\u00fasica y la geometr\u00eda, por la misantropia y el sarcasmo, la del profesor es una existencia sin esplendor pero sin sobresaltos..., hasta que comete la temeridad de forzar el destino: un romance turbulento con una alumna menor de edad provocar\u00e1 el comienzo de un declive personal, que inesperadamente propiciar\u00e1 la oportunidad de apuntar hacia sus verdaderos objetivos: la b\u00fasqueda de la belleza, la liberaci\u00f3n a trav\u00e9s de la literatura o de cualquier otra actividad funambulesca que lo mantenga a salvo. Con los ecos de la traici\u00f3n, el hedonismo, la aceptaci\u00f3n social, la aspiraci\u00f3n a lo sublime, o los difusos l\u00edmites entre la vida p\u00fablica y la vida privada como fondo, se va tejiendo la red en la que se debaten todos estos hom\u00ednidos an\u00f3nimos, h\u00e9roes imperfectos, abocados a una continua brega con el mundo y consigo mismos. Son los misfits: los individuos desajustados, los que no encajan, los inadaptados. Seres humanos corrientes con sus vidas ordinarias, y sus fugaces destellos de grandeza: todos nosotros.","og_url":"https:\/\/letrame.com\/catalogo\/producto\/misfits\/","og_site_name":"Catalogo | Letrame Grupo Editorial","article_modified_time":"2024-04-29T12:23:19+00:00","og_image":[{"width":601,"height":881,"url":"https:\/\/letrame.com\/catalogo\/wp-content\/uploads\/2024\/04\/redportada_misfits_2296mm.jpg","type":"image\/jpeg"}],"twitter_card":"summary_large_image","twitter_misc":{"Tiempo de lectura":"1 minuto"},"schema":{"@context":"https:\/\/schema.org","@graph":[{"@type":"WebPage","@id":"https:\/\/letrame.com\/catalogo\/producto\/misfits\/","url":"https:\/\/letrame.com\/catalogo\/producto\/misfits\/","name":"Misfits - Catalogo | Letrame Grupo Editorial","isPartOf":{"@id":"https:\/\/letrame.com\/catalogo\/#website"},"primaryImageOfPage":{"@id":"https:\/\/letrame.com\/catalogo\/producto\/misfits\/#primaryimage"},"image":{"@id":"https:\/\/letrame.com\/catalogo\/producto\/misfits\/#primaryimage"},"thumbnailUrl":"https:\/\/letrame.com\/catalogo\/wp-content\/uploads\/2024\/04\/redportada_misfits_2296mm.jpg","datePublished":"2024-04-29T12:23:14+00:00","dateModified":"2024-04-29T12:23:19+00:00","breadcrumb":{"@id":"https:\/\/letrame.com\/catalogo\/producto\/misfits\/#breadcrumb"},"inLanguage":"es","potentialAction":[{"@type":"ReadAction","target":["https:\/\/letrame.com\/catalogo\/producto\/misfits\/"]}]},{"@type":"ImageObject","inLanguage":"es","@id":"https:\/\/letrame.com\/catalogo\/producto\/misfits\/#primaryimage","url":"https:\/\/letrame.com\/catalogo\/wp-content\/uploads\/2024\/04\/redportada_misfits_2296mm.jpg","contentUrl":"https:\/\/letrame.com\/catalogo\/wp-content\/uploads\/2024\/04\/redportada_misfits_2296mm.jpg","width":601,"height":881},{"@type":"BreadcrumbList","@id":"https:\/\/letrame.com\/catalogo\/producto\/misfits\/#breadcrumb","itemListElement":[{"@type":"ListItem","position":1,"name":"Portada","item":"https:\/\/letrame.com\/catalogo\/"},{"@type":"ListItem","position":2,"name":"Cat\u00e1logo","item":"https:\/\/letrame.com\/catalogo\/"},{"@type":"ListItem","position":3,"name":"Misfits"}]},{"@type":"WebSite","@id":"https:\/\/letrame.com\/catalogo\/#website","url":"https:\/\/letrame.com\/catalogo\/","name":"Catalogo | Letrame Grupo Editorial","description":"","publisher":{"@id":"https:\/\/letrame.com\/catalogo\/#organization"},"potentialAction":[{"@type":"SearchAction","target":{"@type":"EntryPoint","urlTemplate":"https:\/\/letrame.com\/catalogo\/?s={search_term_string}"},"query-input":{"@type":"PropertyValueSpecification","valueRequired":true,"valueName":"search_term_string"}}],"inLanguage":"es"},{"@type":"Organization","@id":"https:\/\/letrame.com\/catalogo\/#organization","name":"Catalogo | Letrame Grupo Editorial","url":"https:\/\/letrame.com\/catalogo\/","logo":{"@type":"ImageObject","inLanguage":"es","@id":"https:\/\/letrame.com\/catalogo\/#\/schema\/logo\/image\/","url":"https:\/\/letrame.com\/catalogo\/wp-content\/uploads\/2024\/03\/logo2.webp","contentUrl":"https:\/\/letrame.com\/catalogo\/wp-content\/uploads\/2024\/03\/logo2.webp","width":394,"height":128,"caption":"Catalogo | Letrame Grupo Editorial"},"image":{"@id":"https:\/\/letrame.com\/catalogo\/#\/schema\/logo\/image\/"}}]}},"_links":{"self":[{"href":"https:\/\/letrame.com\/catalogo\/wp-json\/wp\/v2\/product\/97663","targetHints":{"allow":["GET"]}}],"collection":[{"href":"https:\/\/letrame.com\/catalogo\/wp-json\/wp\/v2\/product"}],"about":[{"href":"https:\/\/letrame.com\/catalogo\/wp-json\/wp\/v2\/types\/product"}],"replies":[{"embeddable":true,"href":"https:\/\/letrame.com\/catalogo\/wp-json\/wp\/v2\/comments?post=97663"}],"acf:post":[{"embeddable":true,"href":"https:\/\/letrame.com\/catalogo\/wp-json\/wp\/v2\/author_book\/76233"}],"wp:featuredmedia":[{"embeddable":true,"href":"https:\/\/letrame.com\/catalogo\/wp-json\/wp\/v2\/media\/97664"}],"wp:attachment":[{"href":"https:\/\/letrame.com\/catalogo\/wp-json\/wp\/v2\/media?parent=97663"}],"wp:term":[{"taxonomy":"libro","embeddable":true,"href":"https:\/\/letrame.com\/catalogo\/wp-json\/wp\/v2\/libro?post=97663"},{"taxonomy":"product_brand","embeddable":true,"href":"https:\/\/letrame.com\/catalogo\/wp-json\/wp\/v2\/product_brand?post=97663"},{"taxonomy":"product_cat","embeddable":true,"href":"https:\/\/letrame.com\/catalogo\/wp-json\/wp\/v2\/product_cat?post=97663"},{"taxonomy":"product_tag","embeddable":true,"href":"https:\/\/letrame.com\/catalogo\/wp-json\/wp\/v2\/product_tag?post=97663"}],"curies":[{"name":"wp","href":"https:\/\/api.w.org\/{rel}","templated":true}]}}