{"id":97640,"date":"2024-04-29T14:22:04","date_gmt":"2024-04-29T12:22:04","guid":{"rendered":"https:\/\/letrame.com\/catalogo\/producto\/el-escondido-mundo-de-mi-vida\/"},"modified":"2024-04-29T14:22:10","modified_gmt":"2024-04-29T12:22:10","slug":"el-escondido-mundo-de-mi-vida","status":"publish","type":"product","link":"https:\/\/letrame.com\/catalogo\/producto\/el-escondido-mundo-de-mi-vida\/","title":{"rendered":"El escondido mundo de mi vida"},"content":{"rendered":"<p><strong>ISBN<\/strong>:978-84-1114-577-0<\/p>\n<p><strong>T\u00edtulo<\/strong>: El escondido mundo de mi vida<\/p>\n<p><strong>Fecha<\/strong>: 2022<br \/>\n<strong>P\u00e1ginas<\/strong>: 196<\/p>\n<p><strong>SINOPSIS<\/strong><\/p>\n<p>\u00a1No te lo vas a creer! Pero el protagonista de este libro conoce revelaciones secretas para entrar en la mente de otras personas, y as\u00ed comprenderlas. A veces, mientras duerme, viaja a otros lugares donde descubre cosas nuevas que no existen en nuestra realidad. Aprende a ver y a recibir ayuda de energ\u00edas invisibles que existen en el Universo.<\/p>\n<p>Descubre cuevas escondidas donde se viaja en el Tiempo. Es capaz de meterse en el mundo de los cuentos y hacerse amigo de Novita, de Blanca Nieves o de Cenicienta; o conocer Thomas Leighton, un chico con <strong><em>S\u00faper o\u00eddo<\/em><\/strong> que puede escuchar palabras de otros Planetas; o ser alumno de un maestro del futuro al que llaman: <em>El Profesor Chiflado.<\/em><\/p>\n<p>Este es un libro secreto donde descubrir\u00e1s que te pueden pasar cosas parecidas a las del protagonista en tu vida real, solo que no te das cuenta\u2026. \u00a1Aprende a descubrirlas! Adem\u00e1s, este libro est\u00e1 lleno de canciones guap\u00edsimas, porque su protagonista, de mayor, se hizo cantante. \u00a0Prepara tu m\u00f3vil con el lector de c\u00f3digos QR.<\/p>\n<p>A todos los docentes, a todas las familias, y a todas las ni\u00f1as y ni\u00f1os que quieran descubrir algunos caminos para regenerar nuestro mundo, en esta peque\u00f1a colecci\u00f3n de episodios fant\u00e1sticos y verdaderos, encontrareis algunas respuestas.<\/p>\n<p>&nbsp;<\/p>\n","protected":false},"excerpt":{"rendered":"<p><strong>ISBN<\/strong>:978-84-1114-577-0<\/p>\n<p><strong>SINOPSIS<\/strong><\/p>\n<p>\u00a1No te lo vas a creer! Pero el protagonista de este libro conoce revelaciones secretas para entrar en la mente de otras personas, y as\u00ed comprenderlas. A veces, mientras duerme, viaja a otros lugares donde descubre cosas nuevas que no existen en nuestra realidad. Aprende a ver y a recibir ayuda de energ\u00edas invisibles que existen en el Universo.<\/p>\n<p>Descubre cuevas escondidas donde se viaja en el Tiempo. Es capaz de meterse en el mundo de los cuentos y hacerse amigo de Novita, de Blanca Nieves o de Cenicienta; o conocer Thomas Leighton, un chico con <strong><em>S\u00faper o\u00eddo<\/em><\/strong> que puede escuchar palabras de otros Planetas; o ser alumno de un maestro del futuro al que llaman: <em>El Profesor Chiflado.<\/em><\/p>\n<p>Este es un libro secreto donde descubrir\u00e1s que te pueden pasar cosas parecidas a las del protagonista en tu vida real, solo que no te das cuenta\u2026. \u00a1Aprende a descubrirlas! Adem\u00e1s, este libro est\u00e1 lleno de canciones guap\u00edsimas, porque su protagonista, de mayor, se hizo cantante. \u00a0Prepara tu m\u00f3vil con el lector de c\u00f3digos QR.<\/p>\n<p>A todos los docentes, a todas las familias, y a todas las ni\u00f1as y ni\u00f1os que quieran descubrir algunos caminos para regenerar nuestro mundo, en esta peque\u00f1a colecci\u00f3n de episodios fant\u00e1sticos y verdaderos, encontrareis algunas respuestas.<\/p>\n","protected":false},"featured_media":97641,"comment_status":"closed","ping_status":"open","template":"","meta":{"_acf_changed":false},"libro":[],"product_brand":[],"product_cat":[33],"product_tag":[],"class_list":{"0":"post-97640","1":"product","2":"type-product","3":"status-publish","4":"has-post-thumbnail","6":"product_cat-cuento","8":"first","9":"instock","10":"product-type-simple"},"acf":{"autor":[76212],"enlace_de_compra":"https:\/\/www.amazon.es\/El-escondido-mundo-vida-Cuento\/dp\/8411145778\/"},"yoast_head":"<!-- This site is optimized with the Yoast SEO plugin v26.6 - https:\/\/yoast.com\/wordpress\/plugins\/seo\/ -->\n<title>El escondido mundo de mi vida - Catalogo | Letrame Grupo Editorial<\/title>\n<meta name=\"robots\" content=\"index, follow, max-snippet:-1, max-image-preview:large, max-video-preview:-1\" \/>\n<link rel=\"canonical\" href=\"https:\/\/letrame.com\/catalogo\/producto\/el-escondido-mundo-de-mi-vida\/\" \/>\n<meta property=\"og:locale\" content=\"es_ES\" \/>\n<meta property=\"og:type\" content=\"article\" \/>\n<meta property=\"og:title\" content=\"El escondido mundo de mi vida - Catalogo | Letrame Grupo Editorial\" \/>\n<meta property=\"og:description\" content=\"ISBN:978-84-1114-577-0 SINOPSIS \u00a1No te lo vas a creer! Pero el protagonista de este libro conoce revelaciones secretas para entrar en la mente de otras personas, y as\u00ed comprenderlas. A veces, mientras duerme, viaja a otros lugares donde descubre cosas nuevas que no existen en nuestra realidad. Aprende a ver y a recibir ayuda de energ\u00edas invisibles que existen en el Universo. Descubre cuevas escondidas donde se viaja en el Tiempo. Es capaz de meterse en el mundo de los cuentos y hacerse amigo de Novita, de Blanca Nieves o de Cenicienta; o conocer Thomas Leighton, un chico con S\u00faper o\u00eddo que puede escuchar palabras de otros Planetas; o ser alumno de un maestro del futuro al que llaman: El Profesor Chiflado. Este es un libro secreto donde descubrir\u00e1s que te pueden pasar cosas parecidas a las del protagonista en tu vida real, solo que no te das cuenta\u2026. \u00a1Aprende a descubrirlas! Adem\u00e1s, este libro est\u00e1 lleno de canciones guap\u00edsimas, porque su protagonista, de mayor, se hizo cantante. \u00a0Prepara tu m\u00f3vil con el lector de c\u00f3digos QR. A todos los docentes, a todas las familias, y a todas las ni\u00f1as y ni\u00f1os que quieran descubrir algunos caminos para regenerar nuestro mundo, en esta peque\u00f1a colecci\u00f3n de episodios fant\u00e1sticos y verdaderos, encontrareis algunas respuestas.\" \/>\n<meta property=\"og:url\" content=\"https:\/\/letrame.com\/catalogo\/producto\/el-escondido-mundo-de-mi-vida\/\" \/>\n<meta property=\"og:site_name\" content=\"Catalogo | Letrame Grupo Editorial\" \/>\n<meta property=\"article:modified_time\" content=\"2024-04-29T12:22:10+00:00\" \/>\n<meta property=\"og:image\" content=\"https:\/\/letrame.com\/catalogo\/wp-content\/uploads\/2024\/04\/redportada_elescondidomundo_111mm.jpg\" \/>\n\t<meta property=\"og:image:width\" content=\"601\" \/>\n\t<meta property=\"og:image:height\" content=\"946\" \/>\n\t<meta property=\"og:image:type\" content=\"image\/jpeg\" \/>\n<meta name=\"twitter:card\" content=\"summary_large_image\" \/>\n<meta name=\"twitter:label1\" content=\"Tiempo de lectura\" \/>\n\t<meta name=\"twitter:data1\" content=\"1 minuto\" \/>\n<script type=\"application\/ld+json\" class=\"yoast-schema-graph\">{\"@context\":\"https:\/\/schema.org\",\"@graph\":[{\"@type\":\"WebPage\",\"@id\":\"https:\/\/letrame.com\/catalogo\/producto\/el-escondido-mundo-de-mi-vida\/\",\"url\":\"https:\/\/letrame.com\/catalogo\/producto\/el-escondido-mundo-de-mi-vida\/\",\"name\":\"El escondido mundo de mi vida - Catalogo | Letrame Grupo Editorial\",\"isPartOf\":{\"@id\":\"https:\/\/letrame.com\/catalogo\/#website\"},\"primaryImageOfPage\":{\"@id\":\"https:\/\/letrame.com\/catalogo\/producto\/el-escondido-mundo-de-mi-vida\/#primaryimage\"},\"image\":{\"@id\":\"https:\/\/letrame.com\/catalogo\/producto\/el-escondido-mundo-de-mi-vida\/#primaryimage\"},\"thumbnailUrl\":\"https:\/\/letrame.com\/catalogo\/wp-content\/uploads\/2024\/04\/redportada_elescondidomundo_111mm.jpg\",\"datePublished\":\"2024-04-29T12:22:04+00:00\",\"dateModified\":\"2024-04-29T12:22:10+00:00\",\"breadcrumb\":{\"@id\":\"https:\/\/letrame.com\/catalogo\/producto\/el-escondido-mundo-de-mi-vida\/#breadcrumb\"},\"inLanguage\":\"es\",\"potentialAction\":[{\"@type\":\"ReadAction\",\"target\":[\"https:\/\/letrame.com\/catalogo\/producto\/el-escondido-mundo-de-mi-vida\/\"]}]},{\"@type\":\"ImageObject\",\"inLanguage\":\"es\",\"@id\":\"https:\/\/letrame.com\/catalogo\/producto\/el-escondido-mundo-de-mi-vida\/#primaryimage\",\"url\":\"https:\/\/letrame.com\/catalogo\/wp-content\/uploads\/2024\/04\/redportada_elescondidomundo_111mm.jpg\",\"contentUrl\":\"https:\/\/letrame.com\/catalogo\/wp-content\/uploads\/2024\/04\/redportada_elescondidomundo_111mm.jpg\",\"width\":601,\"height\":946},{\"@type\":\"BreadcrumbList\",\"@id\":\"https:\/\/letrame.com\/catalogo\/producto\/el-escondido-mundo-de-mi-vida\/#breadcrumb\",\"itemListElement\":[{\"@type\":\"ListItem\",\"position\":1,\"name\":\"Portada\",\"item\":\"https:\/\/letrame.com\/catalogo\/\"},{\"@type\":\"ListItem\",\"position\":2,\"name\":\"Cat\u00e1logo\",\"item\":\"https:\/\/letrame.com\/catalogo\/\"},{\"@type\":\"ListItem\",\"position\":3,\"name\":\"El escondido mundo de mi vida\"}]},{\"@type\":\"WebSite\",\"@id\":\"https:\/\/letrame.com\/catalogo\/#website\",\"url\":\"https:\/\/letrame.com\/catalogo\/\",\"name\":\"Catalogo | Letrame Grupo Editorial\",\"description\":\"\",\"publisher\":{\"@id\":\"https:\/\/letrame.com\/catalogo\/#organization\"},\"potentialAction\":[{\"@type\":\"SearchAction\",\"target\":{\"@type\":\"EntryPoint\",\"urlTemplate\":\"https:\/\/letrame.com\/catalogo\/?s={search_term_string}\"},\"query-input\":{\"@type\":\"PropertyValueSpecification\",\"valueRequired\":true,\"valueName\":\"search_term_string\"}}],\"inLanguage\":\"es\"},{\"@type\":\"Organization\",\"@id\":\"https:\/\/letrame.com\/catalogo\/#organization\",\"name\":\"Catalogo | Letrame Grupo Editorial\",\"url\":\"https:\/\/letrame.com\/catalogo\/\",\"logo\":{\"@type\":\"ImageObject\",\"inLanguage\":\"es\",\"@id\":\"https:\/\/letrame.com\/catalogo\/#\/schema\/logo\/image\/\",\"url\":\"https:\/\/letrame.com\/catalogo\/wp-content\/uploads\/2024\/03\/logo2.webp\",\"contentUrl\":\"https:\/\/letrame.com\/catalogo\/wp-content\/uploads\/2024\/03\/logo2.webp\",\"width\":394,\"height\":128,\"caption\":\"Catalogo | Letrame Grupo Editorial\"},\"image\":{\"@id\":\"https:\/\/letrame.com\/catalogo\/#\/schema\/logo\/image\/\"}}]}<\/script>\n<!-- \/ Yoast SEO plugin. -->","yoast_head_json":{"title":"El escondido mundo de mi vida - Catalogo | Letrame Grupo Editorial","robots":{"index":"index","follow":"follow","max-snippet":"max-snippet:-1","max-image-preview":"max-image-preview:large","max-video-preview":"max-video-preview:-1"},"canonical":"https:\/\/letrame.com\/catalogo\/producto\/el-escondido-mundo-de-mi-vida\/","og_locale":"es_ES","og_type":"article","og_title":"El escondido mundo de mi vida - Catalogo | Letrame Grupo Editorial","og_description":"ISBN:978-84-1114-577-0 SINOPSIS \u00a1No te lo vas a creer! Pero el protagonista de este libro conoce revelaciones secretas para entrar en la mente de otras personas, y as\u00ed comprenderlas. A veces, mientras duerme, viaja a otros lugares donde descubre cosas nuevas que no existen en nuestra realidad. Aprende a ver y a recibir ayuda de energ\u00edas invisibles que existen en el Universo. Descubre cuevas escondidas donde se viaja en el Tiempo. Es capaz de meterse en el mundo de los cuentos y hacerse amigo de Novita, de Blanca Nieves o de Cenicienta; o conocer Thomas Leighton, un chico con S\u00faper o\u00eddo que puede escuchar palabras de otros Planetas; o ser alumno de un maestro del futuro al que llaman: El Profesor Chiflado. Este es un libro secreto donde descubrir\u00e1s que te pueden pasar cosas parecidas a las del protagonista en tu vida real, solo que no te das cuenta\u2026. \u00a1Aprende a descubrirlas! Adem\u00e1s, este libro est\u00e1 lleno de canciones guap\u00edsimas, porque su protagonista, de mayor, se hizo cantante. \u00a0Prepara tu m\u00f3vil con el lector de c\u00f3digos QR. A todos los docentes, a todas las familias, y a todas las ni\u00f1as y ni\u00f1os que quieran descubrir algunos caminos para regenerar nuestro mundo, en esta peque\u00f1a colecci\u00f3n de episodios fant\u00e1sticos y verdaderos, encontrareis algunas respuestas.","og_url":"https:\/\/letrame.com\/catalogo\/producto\/el-escondido-mundo-de-mi-vida\/","og_site_name":"Catalogo | Letrame Grupo Editorial","article_modified_time":"2024-04-29T12:22:10+00:00","og_image":[{"width":601,"height":946,"url":"https:\/\/letrame.com\/catalogo\/wp-content\/uploads\/2024\/04\/redportada_elescondidomundo_111mm.jpg","type":"image\/jpeg"}],"twitter_card":"summary_large_image","twitter_misc":{"Tiempo de lectura":"1 minuto"},"schema":{"@context":"https:\/\/schema.org","@graph":[{"@type":"WebPage","@id":"https:\/\/letrame.com\/catalogo\/producto\/el-escondido-mundo-de-mi-vida\/","url":"https:\/\/letrame.com\/catalogo\/producto\/el-escondido-mundo-de-mi-vida\/","name":"El escondido mundo de mi vida - Catalogo | Letrame Grupo Editorial","isPartOf":{"@id":"https:\/\/letrame.com\/catalogo\/#website"},"primaryImageOfPage":{"@id":"https:\/\/letrame.com\/catalogo\/producto\/el-escondido-mundo-de-mi-vida\/#primaryimage"},"image":{"@id":"https:\/\/letrame.com\/catalogo\/producto\/el-escondido-mundo-de-mi-vida\/#primaryimage"},"thumbnailUrl":"https:\/\/letrame.com\/catalogo\/wp-content\/uploads\/2024\/04\/redportada_elescondidomundo_111mm.jpg","datePublished":"2024-04-29T12:22:04+00:00","dateModified":"2024-04-29T12:22:10+00:00","breadcrumb":{"@id":"https:\/\/letrame.com\/catalogo\/producto\/el-escondido-mundo-de-mi-vida\/#breadcrumb"},"inLanguage":"es","potentialAction":[{"@type":"ReadAction","target":["https:\/\/letrame.com\/catalogo\/producto\/el-escondido-mundo-de-mi-vida\/"]}]},{"@type":"ImageObject","inLanguage":"es","@id":"https:\/\/letrame.com\/catalogo\/producto\/el-escondido-mundo-de-mi-vida\/#primaryimage","url":"https:\/\/letrame.com\/catalogo\/wp-content\/uploads\/2024\/04\/redportada_elescondidomundo_111mm.jpg","contentUrl":"https:\/\/letrame.com\/catalogo\/wp-content\/uploads\/2024\/04\/redportada_elescondidomundo_111mm.jpg","width":601,"height":946},{"@type":"BreadcrumbList","@id":"https:\/\/letrame.com\/catalogo\/producto\/el-escondido-mundo-de-mi-vida\/#breadcrumb","itemListElement":[{"@type":"ListItem","position":1,"name":"Portada","item":"https:\/\/letrame.com\/catalogo\/"},{"@type":"ListItem","position":2,"name":"Cat\u00e1logo","item":"https:\/\/letrame.com\/catalogo\/"},{"@type":"ListItem","position":3,"name":"El escondido mundo de mi vida"}]},{"@type":"WebSite","@id":"https:\/\/letrame.com\/catalogo\/#website","url":"https:\/\/letrame.com\/catalogo\/","name":"Catalogo | Letrame Grupo Editorial","description":"","publisher":{"@id":"https:\/\/letrame.com\/catalogo\/#organization"},"potentialAction":[{"@type":"SearchAction","target":{"@type":"EntryPoint","urlTemplate":"https:\/\/letrame.com\/catalogo\/?s={search_term_string}"},"query-input":{"@type":"PropertyValueSpecification","valueRequired":true,"valueName":"search_term_string"}}],"inLanguage":"es"},{"@type":"Organization","@id":"https:\/\/letrame.com\/catalogo\/#organization","name":"Catalogo | Letrame Grupo Editorial","url":"https:\/\/letrame.com\/catalogo\/","logo":{"@type":"ImageObject","inLanguage":"es","@id":"https:\/\/letrame.com\/catalogo\/#\/schema\/logo\/image\/","url":"https:\/\/letrame.com\/catalogo\/wp-content\/uploads\/2024\/03\/logo2.webp","contentUrl":"https:\/\/letrame.com\/catalogo\/wp-content\/uploads\/2024\/03\/logo2.webp","width":394,"height":128,"caption":"Catalogo | Letrame Grupo Editorial"},"image":{"@id":"https:\/\/letrame.com\/catalogo\/#\/schema\/logo\/image\/"}}]}},"_links":{"self":[{"href":"https:\/\/letrame.com\/catalogo\/wp-json\/wp\/v2\/product\/97640","targetHints":{"allow":["GET"]}}],"collection":[{"href":"https:\/\/letrame.com\/catalogo\/wp-json\/wp\/v2\/product"}],"about":[{"href":"https:\/\/letrame.com\/catalogo\/wp-json\/wp\/v2\/types\/product"}],"replies":[{"embeddable":true,"href":"https:\/\/letrame.com\/catalogo\/wp-json\/wp\/v2\/comments?post=97640"}],"acf:post":[{"embeddable":true,"href":"https:\/\/letrame.com\/catalogo\/wp-json\/wp\/v2\/author_book\/76212"}],"wp:featuredmedia":[{"embeddable":true,"href":"https:\/\/letrame.com\/catalogo\/wp-json\/wp\/v2\/media\/97641"}],"wp:attachment":[{"href":"https:\/\/letrame.com\/catalogo\/wp-json\/wp\/v2\/media?parent=97640"}],"wp:term":[{"taxonomy":"libro","embeddable":true,"href":"https:\/\/letrame.com\/catalogo\/wp-json\/wp\/v2\/libro?post=97640"},{"taxonomy":"product_brand","embeddable":true,"href":"https:\/\/letrame.com\/catalogo\/wp-json\/wp\/v2\/product_brand?post=97640"},{"taxonomy":"product_cat","embeddable":true,"href":"https:\/\/letrame.com\/catalogo\/wp-json\/wp\/v2\/product_cat?post=97640"},{"taxonomy":"product_tag","embeddable":true,"href":"https:\/\/letrame.com\/catalogo\/wp-json\/wp\/v2\/product_tag?post=97640"}],"curies":[{"name":"wp","href":"https:\/\/api.w.org\/{rel}","templated":true}]}}