{"id":97634,"date":"2024-04-29T14:21:49","date_gmt":"2024-04-29T12:21:49","guid":{"rendered":"https:\/\/letrame.com\/catalogo\/producto\/ciau-el-error-mas-bello-de-mi-vida\/"},"modified":"2024-04-29T14:21:54","modified_gmt":"2024-04-29T12:21:54","slug":"ciau-el-error-mas-bello-de-mi-vida","status":"publish","type":"product","link":"https:\/\/letrame.com\/catalogo\/producto\/ciau-el-error-mas-bello-de-mi-vida\/","title":{"rendered":"CIAU: El error m\u00e1s bello de mi vida&#8230;"},"content":{"rendered":"<p><strong>ISBN<\/strong>:978-84-1114-590-9<\/p>\n<p><strong>T\u00edtulo<\/strong>: CIAU: El error m\u00e1s bello de mi vida&#8230;<\/p>\n<p><strong>Fecha<\/strong>: 2022<br \/>\n<strong>P\u00e1ginas<\/strong>: 116<\/p>\n<p><strong>SINOPSIS<\/strong><\/p>\n<p>En el mundo hay dos cosas que no se pueden ocultar: el amor y el dinero. Es dif\u00edcil imaginar la vida sin la libertad de expresar tus emociones y afectos. Enamorarte y pasarte ocultando en cada momento en una ciudad donde literalmente nadie imaginar\u00eda que esto sucede es algo que pocas veces creer\u00edan que pasa en el mundo de hoy.<\/p>\n<p>Para Ian todo marchaba normal hasta que un d\u00eda descubre algo inesperado que le cambia la vida por completo. A ra\u00edz de aquel evento, se desarrollan situaciones que si bien lo llevan a vivir momentos inesperados, tambi\u00e9n descubre que no todo es lo que parece y que guardar secretos es mejor para sobrevivir en un mundo donde las etiquetas y clases sociales est\u00e1n a flor de piel.<\/p>\n","protected":false},"excerpt":{"rendered":"<p><strong>ISBN<\/strong>:978-84-1114-590-9<\/p>\n<p><strong>SINOPSIS<\/strong><\/p>\n<p>En el mundo hay dos cosas que no se pueden ocultar: el amor y el dinero. Es dif\u00edcil imaginar la vida sin la libertad de expresar tus emociones y afectos. Enamorarte y pasarte ocultando en cada momento en una ciudad donde literalmente nadie imaginar\u00eda que esto sucede es algo que pocas veces creer\u00edan que pasa en el mundo de hoy.<\/p>\n<p>Para Ian todo marchaba normal hasta que un d\u00eda descubre algo inesperado que le cambia la vida por completo. A ra\u00edz de aquel evento, se desarrollan situaciones que si bien lo llevan a vivir momentos inesperados, tambi\u00e9n descubre que no todo es lo que parece y que guardar secretos es mejor para sobrevivir en un mundo donde las etiquetas y clases sociales est\u00e1n a flor de piel.<\/p>\n","protected":false},"featured_media":97635,"comment_status":"closed","ping_status":"open","template":"","meta":{"_acf_changed":false},"libro":[],"product_brand":[],"product_cat":[16,21],"product_tag":[],"class_list":{"0":"post-97634","1":"product","2":"type-product","3":"status-publish","4":"has-post-thumbnail","6":"product_cat-novela","7":"product_cat-relato","9":"first","10":"instock","11":"product-type-simple"},"acf":{"autor":[76205],"enlace_de_compra":"https:\/\/www.amazon.es\/CIAU-error-m%C3%A1s-bello-vida-ebook\/dp\/B09Y8VNCQQ\/"},"yoast_head":"<!-- This site is optimized with the Yoast SEO plugin v27.4 - https:\/\/yoast.com\/product\/yoast-seo-wordpress\/ -->\n<title>CIAU: El error m\u00e1s bello de mi vida... - Catalogo | Letrame Grupo Editorial<\/title>\n<meta name=\"robots\" content=\"index, follow, max-snippet:-1, max-image-preview:large, max-video-preview:-1\" \/>\n<link rel=\"canonical\" href=\"https:\/\/letrame.com\/catalogo\/producto\/ciau-el-error-mas-bello-de-mi-vida\/\" \/>\n<meta property=\"og:locale\" content=\"es_ES\" \/>\n<meta property=\"og:type\" content=\"article\" \/>\n<meta property=\"og:title\" content=\"CIAU: El error m\u00e1s bello de mi vida... - Catalogo | Letrame Grupo Editorial\" \/>\n<meta property=\"og:description\" content=\"ISBN:978-84-1114-590-9 SINOPSIS En el mundo hay dos cosas que no se pueden ocultar: el amor y el dinero. Es dif\u00edcil imaginar la vida sin la libertad de expresar tus emociones y afectos. Enamorarte y pasarte ocultando en cada momento en una ciudad donde literalmente nadie imaginar\u00eda que esto sucede es algo que pocas veces creer\u00edan que pasa en el mundo de hoy. Para Ian todo marchaba normal hasta que un d\u00eda descubre algo inesperado que le cambia la vida por completo. A ra\u00edz de aquel evento, se desarrollan situaciones que si bien lo llevan a vivir momentos inesperados, tambi\u00e9n descubre que no todo es lo que parece y que guardar secretos es mejor para sobrevivir en un mundo donde las etiquetas y clases sociales est\u00e1n a flor de piel.\" \/>\n<meta property=\"og:url\" content=\"https:\/\/letrame.com\/catalogo\/producto\/ciau-el-error-mas-bello-de-mi-vida\/\" \/>\n<meta property=\"og:site_name\" content=\"Catalogo | Letrame Grupo Editorial\" \/>\n<meta property=\"article:modified_time\" content=\"2024-04-29T12:21:54+00:00\" \/>\n<meta property=\"og:image\" content=\"https:\/\/letrame.com\/catalogo\/wp-content\/uploads\/2024\/04\/redportada_ciau_646mm.jpg\" \/>\n\t<meta property=\"og:image:width\" content=\"601\" \/>\n\t<meta property=\"og:image:height\" content=\"881\" \/>\n\t<meta property=\"og:image:type\" content=\"image\/jpeg\" \/>\n<meta name=\"twitter:card\" content=\"summary_large_image\" \/>\n<meta name=\"twitter:label1\" content=\"Tiempo de lectura\" \/>\n\t<meta name=\"twitter:data1\" content=\"1 minuto\" \/>\n<script type=\"application\/ld+json\" class=\"yoast-schema-graph\">{\"@context\":\"https:\\\/\\\/schema.org\",\"@graph\":[{\"@type\":\"WebPage\",\"@id\":\"https:\\\/\\\/letrame.com\\\/catalogo\\\/producto\\\/ciau-el-error-mas-bello-de-mi-vida\\\/\",\"url\":\"https:\\\/\\\/letrame.com\\\/catalogo\\\/producto\\\/ciau-el-error-mas-bello-de-mi-vida\\\/\",\"name\":\"CIAU: El error m\u00e1s bello de mi vida... - Catalogo | Letrame Grupo Editorial\",\"isPartOf\":{\"@id\":\"https:\\\/\\\/letrame.com\\\/catalogo\\\/#website\"},\"primaryImageOfPage\":{\"@id\":\"https:\\\/\\\/letrame.com\\\/catalogo\\\/producto\\\/ciau-el-error-mas-bello-de-mi-vida\\\/#primaryimage\"},\"image\":{\"@id\":\"https:\\\/\\\/letrame.com\\\/catalogo\\\/producto\\\/ciau-el-error-mas-bello-de-mi-vida\\\/#primaryimage\"},\"thumbnailUrl\":\"https:\\\/\\\/letrame.com\\\/catalogo\\\/wp-content\\\/uploads\\\/2024\\\/04\\\/redportada_ciau_646mm.jpg\",\"datePublished\":\"2024-04-29T12:21:49+00:00\",\"dateModified\":\"2024-04-29T12:21:54+00:00\",\"breadcrumb\":{\"@id\":\"https:\\\/\\\/letrame.com\\\/catalogo\\\/producto\\\/ciau-el-error-mas-bello-de-mi-vida\\\/#breadcrumb\"},\"inLanguage\":\"es\",\"potentialAction\":[{\"@type\":\"ReadAction\",\"target\":[\"https:\\\/\\\/letrame.com\\\/catalogo\\\/producto\\\/ciau-el-error-mas-bello-de-mi-vida\\\/\"]}]},{\"@type\":\"ImageObject\",\"inLanguage\":\"es\",\"@id\":\"https:\\\/\\\/letrame.com\\\/catalogo\\\/producto\\\/ciau-el-error-mas-bello-de-mi-vida\\\/#primaryimage\",\"url\":\"https:\\\/\\\/letrame.com\\\/catalogo\\\/wp-content\\\/uploads\\\/2024\\\/04\\\/redportada_ciau_646mm.jpg\",\"contentUrl\":\"https:\\\/\\\/letrame.com\\\/catalogo\\\/wp-content\\\/uploads\\\/2024\\\/04\\\/redportada_ciau_646mm.jpg\",\"width\":601,\"height\":881},{\"@type\":\"BreadcrumbList\",\"@id\":\"https:\\\/\\\/letrame.com\\\/catalogo\\\/producto\\\/ciau-el-error-mas-bello-de-mi-vida\\\/#breadcrumb\",\"itemListElement\":[{\"@type\":\"ListItem\",\"position\":1,\"name\":\"Portada\",\"item\":\"https:\\\/\\\/letrame.com\\\/catalogo\\\/\"},{\"@type\":\"ListItem\",\"position\":2,\"name\":\"Cat\u00e1logo\",\"item\":\"https:\\\/\\\/letrame.com\\\/catalogo\\\/\"},{\"@type\":\"ListItem\",\"position\":3,\"name\":\"CIAU: El error m\u00e1s bello de mi vida&#8230;\"}]},{\"@type\":\"WebSite\",\"@id\":\"https:\\\/\\\/letrame.com\\\/catalogo\\\/#website\",\"url\":\"https:\\\/\\\/letrame.com\\\/catalogo\\\/\",\"name\":\"Catalogo | Letrame Grupo Editorial\",\"description\":\"\",\"publisher\":{\"@id\":\"https:\\\/\\\/letrame.com\\\/catalogo\\\/#organization\"},\"potentialAction\":[{\"@type\":\"SearchAction\",\"target\":{\"@type\":\"EntryPoint\",\"urlTemplate\":\"https:\\\/\\\/letrame.com\\\/catalogo\\\/?s={search_term_string}\"},\"query-input\":{\"@type\":\"PropertyValueSpecification\",\"valueRequired\":true,\"valueName\":\"search_term_string\"}}],\"inLanguage\":\"es\"},{\"@type\":\"Organization\",\"@id\":\"https:\\\/\\\/letrame.com\\\/catalogo\\\/#organization\",\"name\":\"Catalogo | Letrame Grupo Editorial\",\"url\":\"https:\\\/\\\/letrame.com\\\/catalogo\\\/\",\"logo\":{\"@type\":\"ImageObject\",\"inLanguage\":\"es\",\"@id\":\"https:\\\/\\\/letrame.com\\\/catalogo\\\/#\\\/schema\\\/logo\\\/image\\\/\",\"url\":\"https:\\\/\\\/letrame.com\\\/catalogo\\\/wp-content\\\/uploads\\\/2024\\\/03\\\/logo2.webp\",\"contentUrl\":\"https:\\\/\\\/letrame.com\\\/catalogo\\\/wp-content\\\/uploads\\\/2024\\\/03\\\/logo2.webp\",\"width\":394,\"height\":128,\"caption\":\"Catalogo | Letrame Grupo Editorial\"},\"image\":{\"@id\":\"https:\\\/\\\/letrame.com\\\/catalogo\\\/#\\\/schema\\\/logo\\\/image\\\/\"}}]}<\/script>\n<!-- \/ Yoast SEO plugin. -->","yoast_head_json":{"title":"CIAU: El error m\u00e1s bello de mi vida... - Catalogo | Letrame Grupo Editorial","robots":{"index":"index","follow":"follow","max-snippet":"max-snippet:-1","max-image-preview":"max-image-preview:large","max-video-preview":"max-video-preview:-1"},"canonical":"https:\/\/letrame.com\/catalogo\/producto\/ciau-el-error-mas-bello-de-mi-vida\/","og_locale":"es_ES","og_type":"article","og_title":"CIAU: El error m\u00e1s bello de mi vida... - Catalogo | Letrame Grupo Editorial","og_description":"ISBN:978-84-1114-590-9 SINOPSIS En el mundo hay dos cosas que no se pueden ocultar: el amor y el dinero. Es dif\u00edcil imaginar la vida sin la libertad de expresar tus emociones y afectos. Enamorarte y pasarte ocultando en cada momento en una ciudad donde literalmente nadie imaginar\u00eda que esto sucede es algo que pocas veces creer\u00edan que pasa en el mundo de hoy. Para Ian todo marchaba normal hasta que un d\u00eda descubre algo inesperado que le cambia la vida por completo. A ra\u00edz de aquel evento, se desarrollan situaciones que si bien lo llevan a vivir momentos inesperados, tambi\u00e9n descubre que no todo es lo que parece y que guardar secretos es mejor para sobrevivir en un mundo donde las etiquetas y clases sociales est\u00e1n a flor de piel.","og_url":"https:\/\/letrame.com\/catalogo\/producto\/ciau-el-error-mas-bello-de-mi-vida\/","og_site_name":"Catalogo | Letrame Grupo Editorial","article_modified_time":"2024-04-29T12:21:54+00:00","og_image":[{"width":601,"height":881,"url":"https:\/\/letrame.com\/catalogo\/wp-content\/uploads\/2024\/04\/redportada_ciau_646mm.jpg","type":"image\/jpeg"}],"twitter_card":"summary_large_image","twitter_misc":{"Tiempo de lectura":"1 minuto"},"schema":{"@context":"https:\/\/schema.org","@graph":[{"@type":"WebPage","@id":"https:\/\/letrame.com\/catalogo\/producto\/ciau-el-error-mas-bello-de-mi-vida\/","url":"https:\/\/letrame.com\/catalogo\/producto\/ciau-el-error-mas-bello-de-mi-vida\/","name":"CIAU: El error m\u00e1s bello de mi vida... - Catalogo | Letrame Grupo Editorial","isPartOf":{"@id":"https:\/\/letrame.com\/catalogo\/#website"},"primaryImageOfPage":{"@id":"https:\/\/letrame.com\/catalogo\/producto\/ciau-el-error-mas-bello-de-mi-vida\/#primaryimage"},"image":{"@id":"https:\/\/letrame.com\/catalogo\/producto\/ciau-el-error-mas-bello-de-mi-vida\/#primaryimage"},"thumbnailUrl":"https:\/\/letrame.com\/catalogo\/wp-content\/uploads\/2024\/04\/redportada_ciau_646mm.jpg","datePublished":"2024-04-29T12:21:49+00:00","dateModified":"2024-04-29T12:21:54+00:00","breadcrumb":{"@id":"https:\/\/letrame.com\/catalogo\/producto\/ciau-el-error-mas-bello-de-mi-vida\/#breadcrumb"},"inLanguage":"es","potentialAction":[{"@type":"ReadAction","target":["https:\/\/letrame.com\/catalogo\/producto\/ciau-el-error-mas-bello-de-mi-vida\/"]}]},{"@type":"ImageObject","inLanguage":"es","@id":"https:\/\/letrame.com\/catalogo\/producto\/ciau-el-error-mas-bello-de-mi-vida\/#primaryimage","url":"https:\/\/letrame.com\/catalogo\/wp-content\/uploads\/2024\/04\/redportada_ciau_646mm.jpg","contentUrl":"https:\/\/letrame.com\/catalogo\/wp-content\/uploads\/2024\/04\/redportada_ciau_646mm.jpg","width":601,"height":881},{"@type":"BreadcrumbList","@id":"https:\/\/letrame.com\/catalogo\/producto\/ciau-el-error-mas-bello-de-mi-vida\/#breadcrumb","itemListElement":[{"@type":"ListItem","position":1,"name":"Portada","item":"https:\/\/letrame.com\/catalogo\/"},{"@type":"ListItem","position":2,"name":"Cat\u00e1logo","item":"https:\/\/letrame.com\/catalogo\/"},{"@type":"ListItem","position":3,"name":"CIAU: El error m\u00e1s bello de mi vida&#8230;"}]},{"@type":"WebSite","@id":"https:\/\/letrame.com\/catalogo\/#website","url":"https:\/\/letrame.com\/catalogo\/","name":"Catalogo | Letrame Grupo Editorial","description":"","publisher":{"@id":"https:\/\/letrame.com\/catalogo\/#organization"},"potentialAction":[{"@type":"SearchAction","target":{"@type":"EntryPoint","urlTemplate":"https:\/\/letrame.com\/catalogo\/?s={search_term_string}"},"query-input":{"@type":"PropertyValueSpecification","valueRequired":true,"valueName":"search_term_string"}}],"inLanguage":"es"},{"@type":"Organization","@id":"https:\/\/letrame.com\/catalogo\/#organization","name":"Catalogo | Letrame Grupo Editorial","url":"https:\/\/letrame.com\/catalogo\/","logo":{"@type":"ImageObject","inLanguage":"es","@id":"https:\/\/letrame.com\/catalogo\/#\/schema\/logo\/image\/","url":"https:\/\/letrame.com\/catalogo\/wp-content\/uploads\/2024\/03\/logo2.webp","contentUrl":"https:\/\/letrame.com\/catalogo\/wp-content\/uploads\/2024\/03\/logo2.webp","width":394,"height":128,"caption":"Catalogo | Letrame Grupo Editorial"},"image":{"@id":"https:\/\/letrame.com\/catalogo\/#\/schema\/logo\/image\/"}}]}},"_links":{"self":[{"href":"https:\/\/letrame.com\/catalogo\/wp-json\/wp\/v2\/product\/97634","targetHints":{"allow":["GET"]}}],"collection":[{"href":"https:\/\/letrame.com\/catalogo\/wp-json\/wp\/v2\/product"}],"about":[{"href":"https:\/\/letrame.com\/catalogo\/wp-json\/wp\/v2\/types\/product"}],"replies":[{"embeddable":true,"href":"https:\/\/letrame.com\/catalogo\/wp-json\/wp\/v2\/comments?post=97634"}],"acf:post":[{"embeddable":true,"href":"https:\/\/letrame.com\/catalogo\/wp-json\/wp\/v2\/author_book\/76205"}],"wp:featuredmedia":[{"embeddable":true,"href":"https:\/\/letrame.com\/catalogo\/wp-json\/wp\/v2\/media\/97635"}],"wp:attachment":[{"href":"https:\/\/letrame.com\/catalogo\/wp-json\/wp\/v2\/media?parent=97634"}],"wp:term":[{"taxonomy":"libro","embeddable":true,"href":"https:\/\/letrame.com\/catalogo\/wp-json\/wp\/v2\/libro?post=97634"},{"taxonomy":"product_brand","embeddable":true,"href":"https:\/\/letrame.com\/catalogo\/wp-json\/wp\/v2\/product_brand?post=97634"},{"taxonomy":"product_cat","embeddable":true,"href":"https:\/\/letrame.com\/catalogo\/wp-json\/wp\/v2\/product_cat?post=97634"},{"taxonomy":"product_tag","embeddable":true,"href":"https:\/\/letrame.com\/catalogo\/wp-json\/wp\/v2\/product_tag?post=97634"}],"curies":[{"name":"wp","href":"https:\/\/api.w.org\/{rel}","templated":true}]}}