{"id":97607,"date":"2024-04-29T14:17:42","date_gmt":"2024-04-29T12:17:42","guid":{"rendered":"https:\/\/letrame.com\/catalogo\/producto\/lagrimas-de-frontera\/"},"modified":"2024-04-29T14:17:48","modified_gmt":"2024-04-29T12:17:48","slug":"lagrimas-de-frontera","status":"publish","type":"product","link":"https:\/\/letrame.com\/catalogo\/producto\/lagrimas-de-frontera\/","title":{"rendered":"L\u00e1grimas de frontera"},"content":{"rendered":"<p><strong>ISBN<\/strong>:978-84-17285-35-7<\/p>\n<p><strong>T\u00edtulo<\/strong>: <span data-sheets-value=\"{&quot;1&quot;:2,&quot;2&quot;:&quot;L\u00e1grimas de frontera&quot;}\" data-sheets-userformat=\"{&quot;2&quot;:579,&quot;3&quot;:{&quot;1&quot;:0},&quot;4&quot;:{&quot;1&quot;:2,&quot;2&quot;:14281427},&quot;9&quot;:1,&quot;12&quot;:0}\">L\u00e1grimas de frontera<\/span><\/p>\n<p><strong>Fecha<\/strong>: 2022<br \/>\n<strong>P\u00e1ginas<\/strong>: 130<\/p>\n<p><strong>SINOPSIS<\/strong><\/p>\n<p><em>L\u00e1grimas de frontera<\/em> es una historia que muestra con crudeza la realidad de la vida en los territorios pr\u00f3ximos a la frontera entre los reinos cristianos y Al-\u00c1ndalus durante el siglo X, donde el valor de la vida era relativo y el sufrimiento y problemas de sus pobladores algo cotidiano.<\/p>\n<p>Una gran aventura en la que priman el amor y la heroicidad, donde se podr\u00e1n encontrar episodios de una lealtad inquebrantable, pero en la que tambi\u00e9n est\u00e1n presentes la traici\u00f3n y varios\u00a0 de los rasgos m\u00e1s miserables de la condici\u00f3n humana.<\/p>\n<p>Durante la novela, podremos encontrar tres mundos enfrentados y totalmente diferentes entre s\u00ed. Descubriremos el modo de vida en una peque\u00f1a aldea medieval sacudida por un despiadado ataque, el de una partida de malhechores sin escr\u00fapulos y por \u00faltimo descubriremos el poder de uno de los m\u00e1s influyentes comerciantes de Al-\u00c1ndalus, capaz de movilizar un peque\u00f1o ej\u00e9rcito cada a\u00f1o para visitar a algunos de los peores criminales de los reinos cristianos y hacerse con las mujeres que estos raptaban para posteriormente venderlas en los mercados \u00e1rabes.<\/p>\n<p>Cada una de estas peque\u00f1as sociedades tienen su propio funcionamiento, jerarquizado y bien engranado, que hasta ese momento les ha permitido salir adelante en un mundo complicado y cruel para el m\u00e1s d\u00e9bil.<\/p>\n<p>El argumento de la novela se desarrolla en un breve periodo de tiempo, algo m\u00e1s de dos semanas, en las que la intensidad de las experiencias que vivir\u00e1n todos y cada uno de los personajes les dejar\u00e1n marcados para el resto de sus vidas. Durante ese periodo, no tendr\u00e1n un solo momento de respiro y se enfrentar\u00e1n, muchas veces desde la improvisaci\u00f3n, a los m\u00faltiples desaf\u00edos y peligros que les acechan.<\/p>\n","protected":false},"excerpt":{"rendered":"<p><strong>ISBN<\/strong>:978-84-17285-35-7<\/p>\n<p><strong>SINOPSIS<\/strong><\/p>\n<p><em>L\u00e1grimas de frontera<\/em> es una historia que muestra con crudeza la realidad de la vida en los territorios pr\u00f3ximos a la frontera entre los reinos cristianos y Al-\u00c1ndalus durante el siglo X, donde el valor de la vida era relativo y el sufrimiento y problemas de sus pobladores algo cotidiano.<\/p>\n<p>Una gran aventura en la que priman el amor y la heroicidad, donde se podr\u00e1n encontrar episodios de una lealtad inquebrantable, pero en la que tambi\u00e9n est\u00e1n presentes la traici\u00f3n y varios\u00a0 de los rasgos m\u00e1s miserables de la condici\u00f3n humana.<\/p>\n<p>Durante la novela, podremos encontrar tres mundos enfrentados y totalmente diferentes entre s\u00ed. Descubriremos el modo de vida en una peque\u00f1a aldea medieval sacudida por un despiadado ataque, el de una partida de malhechores sin escr\u00fapulos y por \u00faltimo descubriremos el poder de uno de los m\u00e1s influyentes comerciantes de Al-\u00c1ndalus, capaz de movilizar un peque\u00f1o ej\u00e9rcito cada a\u00f1o para visitar a algunos de los peores criminales de los reinos cristianos y hacerse con las mujeres que estos raptaban para posteriormente venderlas en los mercados \u00e1rabes.<\/p>\n<p>Cada una de estas peque\u00f1as sociedades tienen su propio funcionamiento, jerarquizado y bien engranado, que hasta ese momento les ha permitido salir adelante en un mundo complicado y cruel para el m\u00e1s d\u00e9bil.<\/p>\n<p>El argumento de la novela se desarrolla en un breve periodo de tiempo, algo m\u00e1s de dos semanas, en las que la intensidad de las experiencias que vivir\u00e1n todos y cada uno de los personajes les dejar\u00e1n marcados para el resto de sus vidas. Durante ese periodo, no tendr\u00e1n un solo momento de respiro y se enfrentar\u00e1n, muchas veces desde la improvisaci\u00f3n, a los m\u00faltiples desaf\u00edos y peligros que les acechan.<\/p>\n","protected":false},"featured_media":97608,"comment_status":"closed","ping_status":"open","template":"","meta":{"_acf_changed":false},"libro":[],"product_brand":[],"product_cat":[16],"product_tag":[],"class_list":{"0":"post-97607","1":"product","2":"type-product","3":"status-publish","4":"has-post-thumbnail","6":"product_cat-novela","8":"first","9":"instock","10":"product-type-simple"},"acf":{"autor":[76182],"enlace_de_compra":"https:\/\/www.amazon.es\/L%C3%A1grimas-frontera-Diego-L%C3%A1zaro-Niso\/dp\/8411145441\/"},"yoast_head":"<!-- This site is optimized with the Yoast SEO plugin v27.4 - https:\/\/yoast.com\/product\/yoast-seo-wordpress\/ -->\n<title>L\u00e1grimas de frontera - Catalogo | Letrame Grupo Editorial<\/title>\n<meta name=\"robots\" content=\"index, follow, max-snippet:-1, max-image-preview:large, max-video-preview:-1\" \/>\n<link rel=\"canonical\" href=\"https:\/\/letrame.com\/catalogo\/producto\/lagrimas-de-frontera\/\" \/>\n<meta property=\"og:locale\" content=\"es_ES\" \/>\n<meta property=\"og:type\" content=\"article\" \/>\n<meta property=\"og:title\" content=\"L\u00e1grimas de frontera - Catalogo | Letrame Grupo Editorial\" \/>\n<meta property=\"og:description\" content=\"ISBN:978-84-17285-35-7 SINOPSIS L\u00e1grimas de frontera es una historia que muestra con crudeza la realidad de la vida en los territorios pr\u00f3ximos a la frontera entre los reinos cristianos y Al-\u00c1ndalus durante el siglo X, donde el valor de la vida era relativo y el sufrimiento y problemas de sus pobladores algo cotidiano. Una gran aventura en la que priman el amor y la heroicidad, donde se podr\u00e1n encontrar episodios de una lealtad inquebrantable, pero en la que tambi\u00e9n est\u00e1n presentes la traici\u00f3n y varios\u00a0 de los rasgos m\u00e1s miserables de la condici\u00f3n humana. Durante la novela, podremos encontrar tres mundos enfrentados y totalmente diferentes entre s\u00ed. Descubriremos el modo de vida en una peque\u00f1a aldea medieval sacudida por un despiadado ataque, el de una partida de malhechores sin escr\u00fapulos y por \u00faltimo descubriremos el poder de uno de los m\u00e1s influyentes comerciantes de Al-\u00c1ndalus, capaz de movilizar un peque\u00f1o ej\u00e9rcito cada a\u00f1o para visitar a algunos de los peores criminales de los reinos cristianos y hacerse con las mujeres que estos raptaban para posteriormente venderlas en los mercados \u00e1rabes. Cada una de estas peque\u00f1as sociedades tienen su propio funcionamiento, jerarquizado y bien engranado, que hasta ese momento les ha permitido salir adelante en un mundo complicado y cruel para el m\u00e1s d\u00e9bil. El argumento de la novela se desarrolla en un breve periodo de tiempo, algo m\u00e1s de dos semanas, en las que la intensidad de las experiencias que vivir\u00e1n todos y cada uno de los personajes les dejar\u00e1n marcados para el resto de sus vidas. Durante ese periodo, no tendr\u00e1n un solo momento de respiro y se enfrentar\u00e1n, muchas veces desde la improvisaci\u00f3n, a los m\u00faltiples desaf\u00edos y peligros que les acechan.\" \/>\n<meta property=\"og:url\" content=\"https:\/\/letrame.com\/catalogo\/producto\/lagrimas-de-frontera\/\" \/>\n<meta property=\"og:site_name\" content=\"Catalogo | Letrame Grupo Editorial\" \/>\n<meta property=\"article:modified_time\" content=\"2024-04-29T12:17:48+00:00\" \/>\n<meta property=\"og:image\" content=\"https:\/\/letrame.com\/catalogo\/wp-content\/uploads\/2024\/04\/portada_lagrimasdefrontera_2453mm-compressed-scaled-1.jpg\" \/>\n\t<meta property=\"og:image:width\" content=\"1813\" \/>\n\t<meta property=\"og:image:height\" content=\"2560\" \/>\n\t<meta property=\"og:image:type\" content=\"image\/jpeg\" \/>\n<meta name=\"twitter:card\" content=\"summary_large_image\" \/>\n<meta name=\"twitter:label1\" content=\"Tiempo de lectura\" \/>\n\t<meta name=\"twitter:data1\" content=\"2 minutos\" \/>\n<script type=\"application\/ld+json\" class=\"yoast-schema-graph\">{\"@context\":\"https:\\\/\\\/schema.org\",\"@graph\":[{\"@type\":\"WebPage\",\"@id\":\"https:\\\/\\\/letrame.com\\\/catalogo\\\/producto\\\/lagrimas-de-frontera\\\/\",\"url\":\"https:\\\/\\\/letrame.com\\\/catalogo\\\/producto\\\/lagrimas-de-frontera\\\/\",\"name\":\"L\u00e1grimas de frontera - Catalogo | Letrame Grupo Editorial\",\"isPartOf\":{\"@id\":\"https:\\\/\\\/letrame.com\\\/catalogo\\\/#website\"},\"primaryImageOfPage\":{\"@id\":\"https:\\\/\\\/letrame.com\\\/catalogo\\\/producto\\\/lagrimas-de-frontera\\\/#primaryimage\"},\"image\":{\"@id\":\"https:\\\/\\\/letrame.com\\\/catalogo\\\/producto\\\/lagrimas-de-frontera\\\/#primaryimage\"},\"thumbnailUrl\":\"https:\\\/\\\/letrame.com\\\/catalogo\\\/wp-content\\\/uploads\\\/2024\\\/04\\\/portada_lagrimasdefrontera_2453mm-compressed-scaled-1.jpg\",\"datePublished\":\"2024-04-29T12:17:42+00:00\",\"dateModified\":\"2024-04-29T12:17:48+00:00\",\"breadcrumb\":{\"@id\":\"https:\\\/\\\/letrame.com\\\/catalogo\\\/producto\\\/lagrimas-de-frontera\\\/#breadcrumb\"},\"inLanguage\":\"es\",\"potentialAction\":[{\"@type\":\"ReadAction\",\"target\":[\"https:\\\/\\\/letrame.com\\\/catalogo\\\/producto\\\/lagrimas-de-frontera\\\/\"]}]},{\"@type\":\"ImageObject\",\"inLanguage\":\"es\",\"@id\":\"https:\\\/\\\/letrame.com\\\/catalogo\\\/producto\\\/lagrimas-de-frontera\\\/#primaryimage\",\"url\":\"https:\\\/\\\/letrame.com\\\/catalogo\\\/wp-content\\\/uploads\\\/2024\\\/04\\\/portada_lagrimasdefrontera_2453mm-compressed-scaled-1.jpg\",\"contentUrl\":\"https:\\\/\\\/letrame.com\\\/catalogo\\\/wp-content\\\/uploads\\\/2024\\\/04\\\/portada_lagrimasdefrontera_2453mm-compressed-scaled-1.jpg\",\"width\":1813,\"height\":2560},{\"@type\":\"BreadcrumbList\",\"@id\":\"https:\\\/\\\/letrame.com\\\/catalogo\\\/producto\\\/lagrimas-de-frontera\\\/#breadcrumb\",\"itemListElement\":[{\"@type\":\"ListItem\",\"position\":1,\"name\":\"Portada\",\"item\":\"https:\\\/\\\/letrame.com\\\/catalogo\\\/\"},{\"@type\":\"ListItem\",\"position\":2,\"name\":\"Cat\u00e1logo\",\"item\":\"https:\\\/\\\/letrame.com\\\/catalogo\\\/\"},{\"@type\":\"ListItem\",\"position\":3,\"name\":\"L\u00e1grimas de frontera\"}]},{\"@type\":\"WebSite\",\"@id\":\"https:\\\/\\\/letrame.com\\\/catalogo\\\/#website\",\"url\":\"https:\\\/\\\/letrame.com\\\/catalogo\\\/\",\"name\":\"Catalogo | Letrame Grupo Editorial\",\"description\":\"\",\"publisher\":{\"@id\":\"https:\\\/\\\/letrame.com\\\/catalogo\\\/#organization\"},\"potentialAction\":[{\"@type\":\"SearchAction\",\"target\":{\"@type\":\"EntryPoint\",\"urlTemplate\":\"https:\\\/\\\/letrame.com\\\/catalogo\\\/?s={search_term_string}\"},\"query-input\":{\"@type\":\"PropertyValueSpecification\",\"valueRequired\":true,\"valueName\":\"search_term_string\"}}],\"inLanguage\":\"es\"},{\"@type\":\"Organization\",\"@id\":\"https:\\\/\\\/letrame.com\\\/catalogo\\\/#organization\",\"name\":\"Catalogo | Letrame Grupo Editorial\",\"url\":\"https:\\\/\\\/letrame.com\\\/catalogo\\\/\",\"logo\":{\"@type\":\"ImageObject\",\"inLanguage\":\"es\",\"@id\":\"https:\\\/\\\/letrame.com\\\/catalogo\\\/#\\\/schema\\\/logo\\\/image\\\/\",\"url\":\"https:\\\/\\\/letrame.com\\\/catalogo\\\/wp-content\\\/uploads\\\/2024\\\/03\\\/logo2.webp\",\"contentUrl\":\"https:\\\/\\\/letrame.com\\\/catalogo\\\/wp-content\\\/uploads\\\/2024\\\/03\\\/logo2.webp\",\"width\":394,\"height\":128,\"caption\":\"Catalogo | Letrame Grupo Editorial\"},\"image\":{\"@id\":\"https:\\\/\\\/letrame.com\\\/catalogo\\\/#\\\/schema\\\/logo\\\/image\\\/\"}}]}<\/script>\n<!-- \/ Yoast SEO plugin. -->","yoast_head_json":{"title":"L\u00e1grimas de frontera - Catalogo | Letrame Grupo Editorial","robots":{"index":"index","follow":"follow","max-snippet":"max-snippet:-1","max-image-preview":"max-image-preview:large","max-video-preview":"max-video-preview:-1"},"canonical":"https:\/\/letrame.com\/catalogo\/producto\/lagrimas-de-frontera\/","og_locale":"es_ES","og_type":"article","og_title":"L\u00e1grimas de frontera - Catalogo | Letrame Grupo Editorial","og_description":"ISBN:978-84-17285-35-7 SINOPSIS L\u00e1grimas de frontera es una historia que muestra con crudeza la realidad de la vida en los territorios pr\u00f3ximos a la frontera entre los reinos cristianos y Al-\u00c1ndalus durante el siglo X, donde el valor de la vida era relativo y el sufrimiento y problemas de sus pobladores algo cotidiano. Una gran aventura en la que priman el amor y la heroicidad, donde se podr\u00e1n encontrar episodios de una lealtad inquebrantable, pero en la que tambi\u00e9n est\u00e1n presentes la traici\u00f3n y varios\u00a0 de los rasgos m\u00e1s miserables de la condici\u00f3n humana. Durante la novela, podremos encontrar tres mundos enfrentados y totalmente diferentes entre s\u00ed. Descubriremos el modo de vida en una peque\u00f1a aldea medieval sacudida por un despiadado ataque, el de una partida de malhechores sin escr\u00fapulos y por \u00faltimo descubriremos el poder de uno de los m\u00e1s influyentes comerciantes de Al-\u00c1ndalus, capaz de movilizar un peque\u00f1o ej\u00e9rcito cada a\u00f1o para visitar a algunos de los peores criminales de los reinos cristianos y hacerse con las mujeres que estos raptaban para posteriormente venderlas en los mercados \u00e1rabes. Cada una de estas peque\u00f1as sociedades tienen su propio funcionamiento, jerarquizado y bien engranado, que hasta ese momento les ha permitido salir adelante en un mundo complicado y cruel para el m\u00e1s d\u00e9bil. El argumento de la novela se desarrolla en un breve periodo de tiempo, algo m\u00e1s de dos semanas, en las que la intensidad de las experiencias que vivir\u00e1n todos y cada uno de los personajes les dejar\u00e1n marcados para el resto de sus vidas. Durante ese periodo, no tendr\u00e1n un solo momento de respiro y se enfrentar\u00e1n, muchas veces desde la improvisaci\u00f3n, a los m\u00faltiples desaf\u00edos y peligros que les acechan.","og_url":"https:\/\/letrame.com\/catalogo\/producto\/lagrimas-de-frontera\/","og_site_name":"Catalogo | Letrame Grupo Editorial","article_modified_time":"2024-04-29T12:17:48+00:00","og_image":[{"width":1813,"height":2560,"url":"https:\/\/letrame.com\/catalogo\/wp-content\/uploads\/2024\/04\/portada_lagrimasdefrontera_2453mm-compressed-scaled-1.jpg","type":"image\/jpeg"}],"twitter_card":"summary_large_image","twitter_misc":{"Tiempo de lectura":"2 minutos"},"schema":{"@context":"https:\/\/schema.org","@graph":[{"@type":"WebPage","@id":"https:\/\/letrame.com\/catalogo\/producto\/lagrimas-de-frontera\/","url":"https:\/\/letrame.com\/catalogo\/producto\/lagrimas-de-frontera\/","name":"L\u00e1grimas de frontera - Catalogo | Letrame Grupo Editorial","isPartOf":{"@id":"https:\/\/letrame.com\/catalogo\/#website"},"primaryImageOfPage":{"@id":"https:\/\/letrame.com\/catalogo\/producto\/lagrimas-de-frontera\/#primaryimage"},"image":{"@id":"https:\/\/letrame.com\/catalogo\/producto\/lagrimas-de-frontera\/#primaryimage"},"thumbnailUrl":"https:\/\/letrame.com\/catalogo\/wp-content\/uploads\/2024\/04\/portada_lagrimasdefrontera_2453mm-compressed-scaled-1.jpg","datePublished":"2024-04-29T12:17:42+00:00","dateModified":"2024-04-29T12:17:48+00:00","breadcrumb":{"@id":"https:\/\/letrame.com\/catalogo\/producto\/lagrimas-de-frontera\/#breadcrumb"},"inLanguage":"es","potentialAction":[{"@type":"ReadAction","target":["https:\/\/letrame.com\/catalogo\/producto\/lagrimas-de-frontera\/"]}]},{"@type":"ImageObject","inLanguage":"es","@id":"https:\/\/letrame.com\/catalogo\/producto\/lagrimas-de-frontera\/#primaryimage","url":"https:\/\/letrame.com\/catalogo\/wp-content\/uploads\/2024\/04\/portada_lagrimasdefrontera_2453mm-compressed-scaled-1.jpg","contentUrl":"https:\/\/letrame.com\/catalogo\/wp-content\/uploads\/2024\/04\/portada_lagrimasdefrontera_2453mm-compressed-scaled-1.jpg","width":1813,"height":2560},{"@type":"BreadcrumbList","@id":"https:\/\/letrame.com\/catalogo\/producto\/lagrimas-de-frontera\/#breadcrumb","itemListElement":[{"@type":"ListItem","position":1,"name":"Portada","item":"https:\/\/letrame.com\/catalogo\/"},{"@type":"ListItem","position":2,"name":"Cat\u00e1logo","item":"https:\/\/letrame.com\/catalogo\/"},{"@type":"ListItem","position":3,"name":"L\u00e1grimas de frontera"}]},{"@type":"WebSite","@id":"https:\/\/letrame.com\/catalogo\/#website","url":"https:\/\/letrame.com\/catalogo\/","name":"Catalogo | Letrame Grupo Editorial","description":"","publisher":{"@id":"https:\/\/letrame.com\/catalogo\/#organization"},"potentialAction":[{"@type":"SearchAction","target":{"@type":"EntryPoint","urlTemplate":"https:\/\/letrame.com\/catalogo\/?s={search_term_string}"},"query-input":{"@type":"PropertyValueSpecification","valueRequired":true,"valueName":"search_term_string"}}],"inLanguage":"es"},{"@type":"Organization","@id":"https:\/\/letrame.com\/catalogo\/#organization","name":"Catalogo | Letrame Grupo Editorial","url":"https:\/\/letrame.com\/catalogo\/","logo":{"@type":"ImageObject","inLanguage":"es","@id":"https:\/\/letrame.com\/catalogo\/#\/schema\/logo\/image\/","url":"https:\/\/letrame.com\/catalogo\/wp-content\/uploads\/2024\/03\/logo2.webp","contentUrl":"https:\/\/letrame.com\/catalogo\/wp-content\/uploads\/2024\/03\/logo2.webp","width":394,"height":128,"caption":"Catalogo | Letrame Grupo Editorial"},"image":{"@id":"https:\/\/letrame.com\/catalogo\/#\/schema\/logo\/image\/"}}]}},"_links":{"self":[{"href":"https:\/\/letrame.com\/catalogo\/wp-json\/wp\/v2\/product\/97607","targetHints":{"allow":["GET"]}}],"collection":[{"href":"https:\/\/letrame.com\/catalogo\/wp-json\/wp\/v2\/product"}],"about":[{"href":"https:\/\/letrame.com\/catalogo\/wp-json\/wp\/v2\/types\/product"}],"replies":[{"embeddable":true,"href":"https:\/\/letrame.com\/catalogo\/wp-json\/wp\/v2\/comments?post=97607"}],"acf:post":[{"embeddable":true,"href":"https:\/\/letrame.com\/catalogo\/wp-json\/wp\/v2\/author_book\/76182"}],"wp:featuredmedia":[{"embeddable":true,"href":"https:\/\/letrame.com\/catalogo\/wp-json\/wp\/v2\/media\/97608"}],"wp:attachment":[{"href":"https:\/\/letrame.com\/catalogo\/wp-json\/wp\/v2\/media?parent=97607"}],"wp:term":[{"taxonomy":"libro","embeddable":true,"href":"https:\/\/letrame.com\/catalogo\/wp-json\/wp\/v2\/libro?post=97607"},{"taxonomy":"product_brand","embeddable":true,"href":"https:\/\/letrame.com\/catalogo\/wp-json\/wp\/v2\/product_brand?post=97607"},{"taxonomy":"product_cat","embeddable":true,"href":"https:\/\/letrame.com\/catalogo\/wp-json\/wp\/v2\/product_cat?post=97607"},{"taxonomy":"product_tag","embeddable":true,"href":"https:\/\/letrame.com\/catalogo\/wp-json\/wp\/v2\/product_tag?post=97607"}],"curies":[{"name":"wp","href":"https:\/\/api.w.org\/{rel}","templated":true}]}}