{"id":97601,"date":"2024-04-29T14:17:13","date_gmt":"2024-04-29T12:17:13","guid":{"rendered":"https:\/\/letrame.com\/catalogo\/producto\/la-mirada-de-la-verdad\/"},"modified":"2024-04-29T14:17:33","modified_gmt":"2024-04-29T12:17:33","slug":"la-mirada-de-la-verdad","status":"publish","type":"product","link":"https:\/\/letrame.com\/catalogo\/producto\/la-mirada-de-la-verdad\/","title":{"rendered":"La mirada de la verdad"},"content":{"rendered":"<p><strong>ISBN<\/strong>:978-84-1114-519-0<\/p>\n<p><strong>T\u00edtulo:<\/strong>La mirada de la verdad<\/p>\n<p><strong>Fecha<\/strong>: 2022<br \/>\n<strong>P\u00e1ginas<\/strong>: 358<\/p>\n<p><strong>SINOPSIS<\/strong><\/p>\n<p>\u00c1ngel Zugasti, un avezado cient\u00edfico adelantado a su tiempo, es asesinado antes de alumbrar, lo que se presume, la soluci\u00f3n al problema energ\u00e9tico mundial. Victoria Mart\u00ednez, una joven de un inconmensurable talento por descubrir, se ver\u00e1 involucrada en contra de su voluntad en la resoluci\u00f3n del caso. Junto a los inspectores Ricardo Sand\u00faa y Daniel Garc\u00eda, la joven deber\u00e1 desentra\u00f1ar los misterios ocultos, ideados por la v\u00edctima,\u00a0\u00a0para que su trabajo vea la luz.<\/p>\n<p>Misterio, ciencia, acci\u00f3n o poder son algunos de los ingredientes que muestra este\u00a0<em>thriller<\/em>; con un ritmo trepidante y donde nada ni nadie es lo que aparenta ser. Tanto los personajes como el lector se embarcar\u00e1n en una inolvidable aventura en aras de la verdad.<\/p>\n","protected":false},"excerpt":{"rendered":"<p><strong>ISBN<\/strong>:978-84-1114-519-0<\/p>\n<p><strong>SINOPSIS<\/strong><\/p>\n<p>\u00c1ngel Zugasti, un avezado cient\u00edfico adelantado a su tiempo, es asesinado antes de alumbrar, lo que se presume, la soluci\u00f3n al problema energ\u00e9tico mundial. Victoria Mart\u00ednez, una joven de un inconmensurable talento por descubrir, se ver\u00e1 involucrada en contra de su voluntad en la resoluci\u00f3n del caso. Junto a los inspectores Ricardo Sand\u00faa y Daniel Garc\u00eda, la joven deber\u00e1 desentra\u00f1ar los misterios ocultos, ideados por la v\u00edctima,\u00a0\u00a0para que su trabajo vea la luz.<\/p>\n<p>Misterio, ciencia, acci\u00f3n o poder son algunos de los ingredientes que muestra este\u00a0<em>thriller<\/em>; con un ritmo trepidante y donde nada ni nadie es lo que aparenta ser. Tanto los personajes como el lector se embarcar\u00e1n en una inolvidable aventura en aras de la verdad.<\/p>\n","protected":false},"featured_media":97602,"comment_status":"closed","ping_status":"open","template":"","meta":{"_acf_changed":false},"libro":[],"product_brand":[],"product_cat":[16],"product_tag":[],"class_list":{"0":"post-97601","1":"product","2":"type-product","3":"status-publish","4":"has-post-thumbnail","6":"product_cat-novela","8":"first","9":"instock","10":"product-type-simple"},"acf":{"autor":[76176],"enlace_de_compra":"https:\/\/www.amazon.es\/mirada-verdad-1-Novela\/dp\/8411145190\/"},"yoast_head":"<!-- This site is optimized with the Yoast SEO plugin v26.6 - https:\/\/yoast.com\/wordpress\/plugins\/seo\/ -->\n<title>La mirada de la verdad - Catalogo | Letrame Grupo Editorial<\/title>\n<meta name=\"robots\" content=\"index, follow, max-snippet:-1, max-image-preview:large, max-video-preview:-1\" \/>\n<link rel=\"canonical\" href=\"https:\/\/letrame.com\/catalogo\/producto\/la-mirada-de-la-verdad\/\" \/>\n<meta property=\"og:locale\" content=\"es_ES\" \/>\n<meta property=\"og:type\" content=\"article\" \/>\n<meta property=\"og:title\" content=\"La mirada de la verdad - Catalogo | Letrame Grupo Editorial\" \/>\n<meta property=\"og:description\" content=\"ISBN:978-84-1114-519-0 SINOPSIS \u00c1ngel Zugasti, un avezado cient\u00edfico adelantado a su tiempo, es asesinado antes de alumbrar, lo que se presume, la soluci\u00f3n al problema energ\u00e9tico mundial. Victoria Mart\u00ednez, una joven de un inconmensurable talento por descubrir, se ver\u00e1 involucrada en contra de su voluntad en la resoluci\u00f3n del caso. Junto a los inspectores Ricardo Sand\u00faa y Daniel Garc\u00eda, la joven deber\u00e1 desentra\u00f1ar los misterios ocultos, ideados por la v\u00edctima,\u00a0\u00a0para que su trabajo vea la luz. Misterio, ciencia, acci\u00f3n o poder son algunos de los ingredientes que muestra este\u00a0thriller; con un ritmo trepidante y donde nada ni nadie es lo que aparenta ser. Tanto los personajes como el lector se embarcar\u00e1n en una inolvidable aventura en aras de la verdad.\" \/>\n<meta property=\"og:url\" content=\"https:\/\/letrame.com\/catalogo\/producto\/la-mirada-de-la-verdad\/\" \/>\n<meta property=\"og:site_name\" content=\"Catalogo | Letrame Grupo Editorial\" \/>\n<meta property=\"article:modified_time\" content=\"2024-04-29T12:17:33+00:00\" \/>\n<meta property=\"og:image\" content=\"https:\/\/letrame.com\/catalogo\/wp-content\/uploads\/2024\/04\/portada_lamiradadelaverdad_1761mm.jpg\" \/>\n\t<meta property=\"og:image:width\" content=\"601\" \/>\n\t<meta property=\"og:image:height\" content=\"881\" \/>\n\t<meta property=\"og:image:type\" content=\"image\/jpeg\" \/>\n<meta name=\"twitter:card\" content=\"summary_large_image\" \/>\n<meta name=\"twitter:label1\" content=\"Tiempo de lectura\" \/>\n\t<meta name=\"twitter:data1\" content=\"1 minuto\" \/>\n<script type=\"application\/ld+json\" class=\"yoast-schema-graph\">{\"@context\":\"https:\/\/schema.org\",\"@graph\":[{\"@type\":\"WebPage\",\"@id\":\"https:\/\/letrame.com\/catalogo\/producto\/la-mirada-de-la-verdad\/\",\"url\":\"https:\/\/letrame.com\/catalogo\/producto\/la-mirada-de-la-verdad\/\",\"name\":\"La mirada de la verdad - Catalogo | Letrame Grupo Editorial\",\"isPartOf\":{\"@id\":\"https:\/\/letrame.com\/catalogo\/#website\"},\"primaryImageOfPage\":{\"@id\":\"https:\/\/letrame.com\/catalogo\/producto\/la-mirada-de-la-verdad\/#primaryimage\"},\"image\":{\"@id\":\"https:\/\/letrame.com\/catalogo\/producto\/la-mirada-de-la-verdad\/#primaryimage\"},\"thumbnailUrl\":\"https:\/\/letrame.com\/catalogo\/wp-content\/uploads\/2024\/04\/portada_lamiradadelaverdad_1761mm.jpg\",\"datePublished\":\"2024-04-29T12:17:13+00:00\",\"dateModified\":\"2024-04-29T12:17:33+00:00\",\"breadcrumb\":{\"@id\":\"https:\/\/letrame.com\/catalogo\/producto\/la-mirada-de-la-verdad\/#breadcrumb\"},\"inLanguage\":\"es\",\"potentialAction\":[{\"@type\":\"ReadAction\",\"target\":[\"https:\/\/letrame.com\/catalogo\/producto\/la-mirada-de-la-verdad\/\"]}]},{\"@type\":\"ImageObject\",\"inLanguage\":\"es\",\"@id\":\"https:\/\/letrame.com\/catalogo\/producto\/la-mirada-de-la-verdad\/#primaryimage\",\"url\":\"https:\/\/letrame.com\/catalogo\/wp-content\/uploads\/2024\/04\/portada_lamiradadelaverdad_1761mm.jpg\",\"contentUrl\":\"https:\/\/letrame.com\/catalogo\/wp-content\/uploads\/2024\/04\/portada_lamiradadelaverdad_1761mm.jpg\",\"width\":601,\"height\":881},{\"@type\":\"BreadcrumbList\",\"@id\":\"https:\/\/letrame.com\/catalogo\/producto\/la-mirada-de-la-verdad\/#breadcrumb\",\"itemListElement\":[{\"@type\":\"ListItem\",\"position\":1,\"name\":\"Portada\",\"item\":\"https:\/\/letrame.com\/catalogo\/\"},{\"@type\":\"ListItem\",\"position\":2,\"name\":\"Cat\u00e1logo\",\"item\":\"https:\/\/letrame.com\/catalogo\/\"},{\"@type\":\"ListItem\",\"position\":3,\"name\":\"La mirada de la verdad\"}]},{\"@type\":\"WebSite\",\"@id\":\"https:\/\/letrame.com\/catalogo\/#website\",\"url\":\"https:\/\/letrame.com\/catalogo\/\",\"name\":\"Catalogo | Letrame Grupo Editorial\",\"description\":\"\",\"publisher\":{\"@id\":\"https:\/\/letrame.com\/catalogo\/#organization\"},\"potentialAction\":[{\"@type\":\"SearchAction\",\"target\":{\"@type\":\"EntryPoint\",\"urlTemplate\":\"https:\/\/letrame.com\/catalogo\/?s={search_term_string}\"},\"query-input\":{\"@type\":\"PropertyValueSpecification\",\"valueRequired\":true,\"valueName\":\"search_term_string\"}}],\"inLanguage\":\"es\"},{\"@type\":\"Organization\",\"@id\":\"https:\/\/letrame.com\/catalogo\/#organization\",\"name\":\"Catalogo | Letrame Grupo Editorial\",\"url\":\"https:\/\/letrame.com\/catalogo\/\",\"logo\":{\"@type\":\"ImageObject\",\"inLanguage\":\"es\",\"@id\":\"https:\/\/letrame.com\/catalogo\/#\/schema\/logo\/image\/\",\"url\":\"https:\/\/letrame.com\/catalogo\/wp-content\/uploads\/2024\/03\/logo2.webp\",\"contentUrl\":\"https:\/\/letrame.com\/catalogo\/wp-content\/uploads\/2024\/03\/logo2.webp\",\"width\":394,\"height\":128,\"caption\":\"Catalogo | Letrame Grupo Editorial\"},\"image\":{\"@id\":\"https:\/\/letrame.com\/catalogo\/#\/schema\/logo\/image\/\"}}]}<\/script>\n<!-- \/ Yoast SEO plugin. -->","yoast_head_json":{"title":"La mirada de la verdad - Catalogo | Letrame Grupo Editorial","robots":{"index":"index","follow":"follow","max-snippet":"max-snippet:-1","max-image-preview":"max-image-preview:large","max-video-preview":"max-video-preview:-1"},"canonical":"https:\/\/letrame.com\/catalogo\/producto\/la-mirada-de-la-verdad\/","og_locale":"es_ES","og_type":"article","og_title":"La mirada de la verdad - Catalogo | Letrame Grupo Editorial","og_description":"ISBN:978-84-1114-519-0 SINOPSIS \u00c1ngel Zugasti, un avezado cient\u00edfico adelantado a su tiempo, es asesinado antes de alumbrar, lo que se presume, la soluci\u00f3n al problema energ\u00e9tico mundial. Victoria Mart\u00ednez, una joven de un inconmensurable talento por descubrir, se ver\u00e1 involucrada en contra de su voluntad en la resoluci\u00f3n del caso. Junto a los inspectores Ricardo Sand\u00faa y Daniel Garc\u00eda, la joven deber\u00e1 desentra\u00f1ar los misterios ocultos, ideados por la v\u00edctima,\u00a0\u00a0para que su trabajo vea la luz. Misterio, ciencia, acci\u00f3n o poder son algunos de los ingredientes que muestra este\u00a0thriller; con un ritmo trepidante y donde nada ni nadie es lo que aparenta ser. Tanto los personajes como el lector se embarcar\u00e1n en una inolvidable aventura en aras de la verdad.","og_url":"https:\/\/letrame.com\/catalogo\/producto\/la-mirada-de-la-verdad\/","og_site_name":"Catalogo | Letrame Grupo Editorial","article_modified_time":"2024-04-29T12:17:33+00:00","og_image":[{"width":601,"height":881,"url":"https:\/\/letrame.com\/catalogo\/wp-content\/uploads\/2024\/04\/portada_lamiradadelaverdad_1761mm.jpg","type":"image\/jpeg"}],"twitter_card":"summary_large_image","twitter_misc":{"Tiempo de lectura":"1 minuto"},"schema":{"@context":"https:\/\/schema.org","@graph":[{"@type":"WebPage","@id":"https:\/\/letrame.com\/catalogo\/producto\/la-mirada-de-la-verdad\/","url":"https:\/\/letrame.com\/catalogo\/producto\/la-mirada-de-la-verdad\/","name":"La mirada de la verdad - Catalogo | Letrame Grupo Editorial","isPartOf":{"@id":"https:\/\/letrame.com\/catalogo\/#website"},"primaryImageOfPage":{"@id":"https:\/\/letrame.com\/catalogo\/producto\/la-mirada-de-la-verdad\/#primaryimage"},"image":{"@id":"https:\/\/letrame.com\/catalogo\/producto\/la-mirada-de-la-verdad\/#primaryimage"},"thumbnailUrl":"https:\/\/letrame.com\/catalogo\/wp-content\/uploads\/2024\/04\/portada_lamiradadelaverdad_1761mm.jpg","datePublished":"2024-04-29T12:17:13+00:00","dateModified":"2024-04-29T12:17:33+00:00","breadcrumb":{"@id":"https:\/\/letrame.com\/catalogo\/producto\/la-mirada-de-la-verdad\/#breadcrumb"},"inLanguage":"es","potentialAction":[{"@type":"ReadAction","target":["https:\/\/letrame.com\/catalogo\/producto\/la-mirada-de-la-verdad\/"]}]},{"@type":"ImageObject","inLanguage":"es","@id":"https:\/\/letrame.com\/catalogo\/producto\/la-mirada-de-la-verdad\/#primaryimage","url":"https:\/\/letrame.com\/catalogo\/wp-content\/uploads\/2024\/04\/portada_lamiradadelaverdad_1761mm.jpg","contentUrl":"https:\/\/letrame.com\/catalogo\/wp-content\/uploads\/2024\/04\/portada_lamiradadelaverdad_1761mm.jpg","width":601,"height":881},{"@type":"BreadcrumbList","@id":"https:\/\/letrame.com\/catalogo\/producto\/la-mirada-de-la-verdad\/#breadcrumb","itemListElement":[{"@type":"ListItem","position":1,"name":"Portada","item":"https:\/\/letrame.com\/catalogo\/"},{"@type":"ListItem","position":2,"name":"Cat\u00e1logo","item":"https:\/\/letrame.com\/catalogo\/"},{"@type":"ListItem","position":3,"name":"La mirada de la verdad"}]},{"@type":"WebSite","@id":"https:\/\/letrame.com\/catalogo\/#website","url":"https:\/\/letrame.com\/catalogo\/","name":"Catalogo | Letrame Grupo Editorial","description":"","publisher":{"@id":"https:\/\/letrame.com\/catalogo\/#organization"},"potentialAction":[{"@type":"SearchAction","target":{"@type":"EntryPoint","urlTemplate":"https:\/\/letrame.com\/catalogo\/?s={search_term_string}"},"query-input":{"@type":"PropertyValueSpecification","valueRequired":true,"valueName":"search_term_string"}}],"inLanguage":"es"},{"@type":"Organization","@id":"https:\/\/letrame.com\/catalogo\/#organization","name":"Catalogo | Letrame Grupo Editorial","url":"https:\/\/letrame.com\/catalogo\/","logo":{"@type":"ImageObject","inLanguage":"es","@id":"https:\/\/letrame.com\/catalogo\/#\/schema\/logo\/image\/","url":"https:\/\/letrame.com\/catalogo\/wp-content\/uploads\/2024\/03\/logo2.webp","contentUrl":"https:\/\/letrame.com\/catalogo\/wp-content\/uploads\/2024\/03\/logo2.webp","width":394,"height":128,"caption":"Catalogo | Letrame Grupo Editorial"},"image":{"@id":"https:\/\/letrame.com\/catalogo\/#\/schema\/logo\/image\/"}}]}},"_links":{"self":[{"href":"https:\/\/letrame.com\/catalogo\/wp-json\/wp\/v2\/product\/97601","targetHints":{"allow":["GET"]}}],"collection":[{"href":"https:\/\/letrame.com\/catalogo\/wp-json\/wp\/v2\/product"}],"about":[{"href":"https:\/\/letrame.com\/catalogo\/wp-json\/wp\/v2\/types\/product"}],"replies":[{"embeddable":true,"href":"https:\/\/letrame.com\/catalogo\/wp-json\/wp\/v2\/comments?post=97601"}],"acf:post":[{"embeddable":true,"href":"https:\/\/letrame.com\/catalogo\/wp-json\/wp\/v2\/author_book\/76176"}],"wp:featuredmedia":[{"embeddable":true,"href":"https:\/\/letrame.com\/catalogo\/wp-json\/wp\/v2\/media\/97602"}],"wp:attachment":[{"href":"https:\/\/letrame.com\/catalogo\/wp-json\/wp\/v2\/media?parent=97601"}],"wp:term":[{"taxonomy":"libro","embeddable":true,"href":"https:\/\/letrame.com\/catalogo\/wp-json\/wp\/v2\/libro?post=97601"},{"taxonomy":"product_brand","embeddable":true,"href":"https:\/\/letrame.com\/catalogo\/wp-json\/wp\/v2\/product_brand?post=97601"},{"taxonomy":"product_cat","embeddable":true,"href":"https:\/\/letrame.com\/catalogo\/wp-json\/wp\/v2\/product_cat?post=97601"},{"taxonomy":"product_tag","embeddable":true,"href":"https:\/\/letrame.com\/catalogo\/wp-json\/wp\/v2\/product_tag?post=97601"}],"curies":[{"name":"wp","href":"https:\/\/api.w.org\/{rel}","templated":true}]}}