{"id":97591,"date":"2024-04-29T14:15:57","date_gmt":"2024-04-29T12:15:57","guid":{"rendered":"https:\/\/letrame.com\/catalogo\/producto\/el-rumor-de-los-sabios\/"},"modified":"2024-04-29T14:16:01","modified_gmt":"2024-04-29T12:16:01","slug":"el-rumor-de-los-sabios","status":"publish","type":"product","link":"https:\/\/letrame.com\/catalogo\/producto\/el-rumor-de-los-sabios\/","title":{"rendered":"El rumor de los sabios"},"content":{"rendered":"<p><strong>ISBN<\/strong>:978-84-1114-721-7<\/p>\n<p><strong>T\u00edtulo<\/strong>:<span data-sheets-value=\"{&quot;1&quot;:2,&quot;2&quot;:&quot;El rumor de los sabios&quot;}\" data-sheets-userformat=\"{&quot;2&quot;:579,&quot;3&quot;:{&quot;1&quot;:0},&quot;4&quot;:{&quot;1&quot;:2,&quot;2&quot;:14281427},&quot;9&quot;:1,&quot;12&quot;:0}\">El rumor de los sabios<\/span><\/p>\n<p><strong>Fecha<\/strong>: 2022<br \/>\n<strong>P\u00e1ginas<\/strong>: 348<\/p>\n<p><strong>SINOPSIS<\/strong><\/p>\n<p><em>El rumor de los sabios en la guerra tranquila<\/em> nos introduce en un mundo pragm\u00e1tico y cruel. En el que los dos protagonistas, Ant\u00f3n y Elena, sin saberlo, se sumergir\u00e1n en las turbias aguas de una guerra silenciosa gestada hace muchos a\u00f1os por grandes enemigos que luchan por dominar el poder tecnol\u00f3gico y cient\u00edfico.<\/p>\n<p>&nbsp;<\/p>\n<p>\u00bfEn qu\u00e9 bando se posicionar\u00e1n? \u00bfSer\u00e1n capaces de sucumbir al poder y tomar partido o, por el contrario, tendr\u00e1n la \u00e9tica suficiente para negarse a semejante propuesta?<\/p>\n<p>\u00bfQui\u00e9n est\u00e1 tomando las decisiones sobre ciencia y tecnolog\u00eda que determinar\u00e1 la vida de nuestros hijos en el futuro?\u00a0 \u00bfAlgunos miembros del congreso? \u00bfAlgunos miembros de los parlamentos?\u00a0 \u00a1Pero si solo hay un pu\u00f1ado de ellos con formaci\u00f3n cient\u00edfica! Y ese es el peligro: organizar una sociedad en base a la ciencia y la tecnolog\u00eda, donde las personas que mandan no saben nada sobre ciencia y tecnolog\u00eda.<\/p>\n<p>Carl Sagan en su \u00faltima entrevista el 27 de mayo de 1996, poco antes de fallecer el 20 de diciembre del\u00a0mismo a\u00f1o.<\/p>\n","protected":false},"excerpt":{"rendered":"<p><strong>ISBN<\/strong>:978-84-1114-721-7<\/p>\n<p><strong>SINOPSIS<\/strong><\/p>\n<p><em>El rumor de los sabios en la guerra tranquila<\/em> nos introduce en un mundo pragm\u00e1tico y cruel. En el que los dos protagonistas, Ant\u00f3n y Elena, sin saberlo, se sumergir\u00e1n en las turbias aguas de una guerra silenciosa gestada hace muchos a\u00f1os por grandes enemigos que luchan por dominar el poder tecnol\u00f3gico y cient\u00edfico.<\/p>\n<p>\u00bfEn qu\u00e9 bando se posicionar\u00e1n? \u00bfSer\u00e1n capaces de sucumbir al poder y tomar partido o, por el contrario, tendr\u00e1n la \u00e9tica suficiente para negarse a semejante propuesta?<\/p>\n<p>\u00bfQui\u00e9n est\u00e1 tomando las decisiones sobre ciencia y tecnolog\u00eda que determinar\u00e1 la vida de nuestros hijos en el futuro?\u00a0 \u00bfAlgunos miembros del congreso? \u00bfAlgunos miembros de los parlamentos?\u00a0 \u00a1Pero si solo hay un pu\u00f1ado de ellos con formaci\u00f3n cient\u00edfica! Y ese es el peligro: organizar una sociedad en base a la ciencia y la tecnolog\u00eda, donde las personas que mandan no saben nada sobre ciencia y tecnolog\u00eda.<\/p>\n<p>Carl Sagan en su \u00faltima entrevista el 27 de mayo de 1996, poco antes de fallecer el 20 de diciembre del\u00a0mismo a\u00f1o.<\/p>\n","protected":false},"featured_media":97592,"comment_status":"closed","ping_status":"open","template":"","meta":{"_acf_changed":false},"libro":[],"product_brand":[],"product_cat":[26],"product_tag":[],"class_list":{"0":"post-97591","1":"product","2":"type-product","3":"status-publish","4":"has-post-thumbnail","6":"product_cat-sin-categoria","8":"first","9":"instock","10":"product-type-simple"},"acf":{"autor":[76164],"enlace_de_compra":"https:\/\/www.amazon.es\/rumor-sabios-Alex-G%C3%B3mez-Arag%C3%B3n-ebook\/dp\/B09XBK3GZL\/"},"yoast_head":"<!-- This site is optimized with the Yoast SEO plugin v26.6 - https:\/\/yoast.com\/wordpress\/plugins\/seo\/ -->\n<title>El rumor de los sabios - Catalogo | Letrame Grupo Editorial<\/title>\n<meta name=\"robots\" content=\"index, follow, max-snippet:-1, max-image-preview:large, max-video-preview:-1\" \/>\n<link rel=\"canonical\" href=\"https:\/\/letrame.com\/catalogo\/producto\/el-rumor-de-los-sabios\/\" \/>\n<meta property=\"og:locale\" content=\"es_ES\" \/>\n<meta property=\"og:type\" content=\"article\" \/>\n<meta property=\"og:title\" content=\"El rumor de los sabios - Catalogo | Letrame Grupo Editorial\" \/>\n<meta property=\"og:description\" content=\"ISBN:978-84-1114-721-7 SINOPSIS El rumor de los sabios en la guerra tranquila nos introduce en un mundo pragm\u00e1tico y cruel. En el que los dos protagonistas, Ant\u00f3n y Elena, sin saberlo, se sumergir\u00e1n en las turbias aguas de una guerra silenciosa gestada hace muchos a\u00f1os por grandes enemigos que luchan por dominar el poder tecnol\u00f3gico y cient\u00edfico. \u00bfEn qu\u00e9 bando se posicionar\u00e1n? \u00bfSer\u00e1n capaces de sucumbir al poder y tomar partido o, por el contrario, tendr\u00e1n la \u00e9tica suficiente para negarse a semejante propuesta? \u00bfQui\u00e9n est\u00e1 tomando las decisiones sobre ciencia y tecnolog\u00eda que determinar\u00e1 la vida de nuestros hijos en el futuro?\u00a0 \u00bfAlgunos miembros del congreso? \u00bfAlgunos miembros de los parlamentos?\u00a0 \u00a1Pero si solo hay un pu\u00f1ado de ellos con formaci\u00f3n cient\u00edfica! Y ese es el peligro: organizar una sociedad en base a la ciencia y la tecnolog\u00eda, donde las personas que mandan no saben nada sobre ciencia y tecnolog\u00eda. Carl Sagan en su \u00faltima entrevista el 27 de mayo de 1996, poco antes de fallecer el 20 de diciembre del\u00a0mismo a\u00f1o.\" \/>\n<meta property=\"og:url\" content=\"https:\/\/letrame.com\/catalogo\/producto\/el-rumor-de-los-sabios\/\" \/>\n<meta property=\"og:site_name\" content=\"Catalogo | Letrame Grupo Editorial\" \/>\n<meta property=\"article:modified_time\" content=\"2024-04-29T12:16:01+00:00\" \/>\n<meta property=\"og:image\" content=\"https:\/\/letrame.com\/catalogo\/wp-content\/uploads\/2024\/04\/portada_elrumordelossabios_1715mm.jpg\" \/>\n\t<meta property=\"og:image:width\" content=\"601\" \/>\n\t<meta property=\"og:image:height\" content=\"881\" \/>\n\t<meta property=\"og:image:type\" content=\"image\/jpeg\" \/>\n<meta name=\"twitter:card\" content=\"summary_large_image\" \/>\n<meta name=\"twitter:label1\" content=\"Tiempo de lectura\" \/>\n\t<meta name=\"twitter:data1\" content=\"1 minuto\" \/>\n<script type=\"application\/ld+json\" class=\"yoast-schema-graph\">{\"@context\":\"https:\/\/schema.org\",\"@graph\":[{\"@type\":\"WebPage\",\"@id\":\"https:\/\/letrame.com\/catalogo\/producto\/el-rumor-de-los-sabios\/\",\"url\":\"https:\/\/letrame.com\/catalogo\/producto\/el-rumor-de-los-sabios\/\",\"name\":\"El rumor de los sabios - Catalogo | Letrame Grupo Editorial\",\"isPartOf\":{\"@id\":\"https:\/\/letrame.com\/catalogo\/#website\"},\"primaryImageOfPage\":{\"@id\":\"https:\/\/letrame.com\/catalogo\/producto\/el-rumor-de-los-sabios\/#primaryimage\"},\"image\":{\"@id\":\"https:\/\/letrame.com\/catalogo\/producto\/el-rumor-de-los-sabios\/#primaryimage\"},\"thumbnailUrl\":\"https:\/\/letrame.com\/catalogo\/wp-content\/uploads\/2024\/04\/portada_elrumordelossabios_1715mm.jpg\",\"datePublished\":\"2024-04-29T12:15:57+00:00\",\"dateModified\":\"2024-04-29T12:16:01+00:00\",\"breadcrumb\":{\"@id\":\"https:\/\/letrame.com\/catalogo\/producto\/el-rumor-de-los-sabios\/#breadcrumb\"},\"inLanguage\":\"es\",\"potentialAction\":[{\"@type\":\"ReadAction\",\"target\":[\"https:\/\/letrame.com\/catalogo\/producto\/el-rumor-de-los-sabios\/\"]}]},{\"@type\":\"ImageObject\",\"inLanguage\":\"es\",\"@id\":\"https:\/\/letrame.com\/catalogo\/producto\/el-rumor-de-los-sabios\/#primaryimage\",\"url\":\"https:\/\/letrame.com\/catalogo\/wp-content\/uploads\/2024\/04\/portada_elrumordelossabios_1715mm.jpg\",\"contentUrl\":\"https:\/\/letrame.com\/catalogo\/wp-content\/uploads\/2024\/04\/portada_elrumordelossabios_1715mm.jpg\",\"width\":601,\"height\":881},{\"@type\":\"BreadcrumbList\",\"@id\":\"https:\/\/letrame.com\/catalogo\/producto\/el-rumor-de-los-sabios\/#breadcrumb\",\"itemListElement\":[{\"@type\":\"ListItem\",\"position\":1,\"name\":\"Portada\",\"item\":\"https:\/\/letrame.com\/catalogo\/\"},{\"@type\":\"ListItem\",\"position\":2,\"name\":\"Cat\u00e1logo\",\"item\":\"https:\/\/letrame.com\/catalogo\/\"},{\"@type\":\"ListItem\",\"position\":3,\"name\":\"El rumor de los sabios\"}]},{\"@type\":\"WebSite\",\"@id\":\"https:\/\/letrame.com\/catalogo\/#website\",\"url\":\"https:\/\/letrame.com\/catalogo\/\",\"name\":\"Catalogo | Letrame Grupo Editorial\",\"description\":\"\",\"publisher\":{\"@id\":\"https:\/\/letrame.com\/catalogo\/#organization\"},\"potentialAction\":[{\"@type\":\"SearchAction\",\"target\":{\"@type\":\"EntryPoint\",\"urlTemplate\":\"https:\/\/letrame.com\/catalogo\/?s={search_term_string}\"},\"query-input\":{\"@type\":\"PropertyValueSpecification\",\"valueRequired\":true,\"valueName\":\"search_term_string\"}}],\"inLanguage\":\"es\"},{\"@type\":\"Organization\",\"@id\":\"https:\/\/letrame.com\/catalogo\/#organization\",\"name\":\"Catalogo | Letrame Grupo Editorial\",\"url\":\"https:\/\/letrame.com\/catalogo\/\",\"logo\":{\"@type\":\"ImageObject\",\"inLanguage\":\"es\",\"@id\":\"https:\/\/letrame.com\/catalogo\/#\/schema\/logo\/image\/\",\"url\":\"https:\/\/letrame.com\/catalogo\/wp-content\/uploads\/2024\/03\/logo2.webp\",\"contentUrl\":\"https:\/\/letrame.com\/catalogo\/wp-content\/uploads\/2024\/03\/logo2.webp\",\"width\":394,\"height\":128,\"caption\":\"Catalogo | Letrame Grupo Editorial\"},\"image\":{\"@id\":\"https:\/\/letrame.com\/catalogo\/#\/schema\/logo\/image\/\"}}]}<\/script>\n<!-- \/ Yoast SEO plugin. -->","yoast_head_json":{"title":"El rumor de los sabios - Catalogo | Letrame Grupo Editorial","robots":{"index":"index","follow":"follow","max-snippet":"max-snippet:-1","max-image-preview":"max-image-preview:large","max-video-preview":"max-video-preview:-1"},"canonical":"https:\/\/letrame.com\/catalogo\/producto\/el-rumor-de-los-sabios\/","og_locale":"es_ES","og_type":"article","og_title":"El rumor de los sabios - Catalogo | Letrame Grupo Editorial","og_description":"ISBN:978-84-1114-721-7 SINOPSIS El rumor de los sabios en la guerra tranquila nos introduce en un mundo pragm\u00e1tico y cruel. En el que los dos protagonistas, Ant\u00f3n y Elena, sin saberlo, se sumergir\u00e1n en las turbias aguas de una guerra silenciosa gestada hace muchos a\u00f1os por grandes enemigos que luchan por dominar el poder tecnol\u00f3gico y cient\u00edfico. \u00bfEn qu\u00e9 bando se posicionar\u00e1n? \u00bfSer\u00e1n capaces de sucumbir al poder y tomar partido o, por el contrario, tendr\u00e1n la \u00e9tica suficiente para negarse a semejante propuesta? \u00bfQui\u00e9n est\u00e1 tomando las decisiones sobre ciencia y tecnolog\u00eda que determinar\u00e1 la vida de nuestros hijos en el futuro?\u00a0 \u00bfAlgunos miembros del congreso? \u00bfAlgunos miembros de los parlamentos?\u00a0 \u00a1Pero si solo hay un pu\u00f1ado de ellos con formaci\u00f3n cient\u00edfica! Y ese es el peligro: organizar una sociedad en base a la ciencia y la tecnolog\u00eda, donde las personas que mandan no saben nada sobre ciencia y tecnolog\u00eda. Carl Sagan en su \u00faltima entrevista el 27 de mayo de 1996, poco antes de fallecer el 20 de diciembre del\u00a0mismo a\u00f1o.","og_url":"https:\/\/letrame.com\/catalogo\/producto\/el-rumor-de-los-sabios\/","og_site_name":"Catalogo | Letrame Grupo Editorial","article_modified_time":"2024-04-29T12:16:01+00:00","og_image":[{"width":601,"height":881,"url":"https:\/\/letrame.com\/catalogo\/wp-content\/uploads\/2024\/04\/portada_elrumordelossabios_1715mm.jpg","type":"image\/jpeg"}],"twitter_card":"summary_large_image","twitter_misc":{"Tiempo de lectura":"1 minuto"},"schema":{"@context":"https:\/\/schema.org","@graph":[{"@type":"WebPage","@id":"https:\/\/letrame.com\/catalogo\/producto\/el-rumor-de-los-sabios\/","url":"https:\/\/letrame.com\/catalogo\/producto\/el-rumor-de-los-sabios\/","name":"El rumor de los sabios - Catalogo | Letrame Grupo Editorial","isPartOf":{"@id":"https:\/\/letrame.com\/catalogo\/#website"},"primaryImageOfPage":{"@id":"https:\/\/letrame.com\/catalogo\/producto\/el-rumor-de-los-sabios\/#primaryimage"},"image":{"@id":"https:\/\/letrame.com\/catalogo\/producto\/el-rumor-de-los-sabios\/#primaryimage"},"thumbnailUrl":"https:\/\/letrame.com\/catalogo\/wp-content\/uploads\/2024\/04\/portada_elrumordelossabios_1715mm.jpg","datePublished":"2024-04-29T12:15:57+00:00","dateModified":"2024-04-29T12:16:01+00:00","breadcrumb":{"@id":"https:\/\/letrame.com\/catalogo\/producto\/el-rumor-de-los-sabios\/#breadcrumb"},"inLanguage":"es","potentialAction":[{"@type":"ReadAction","target":["https:\/\/letrame.com\/catalogo\/producto\/el-rumor-de-los-sabios\/"]}]},{"@type":"ImageObject","inLanguage":"es","@id":"https:\/\/letrame.com\/catalogo\/producto\/el-rumor-de-los-sabios\/#primaryimage","url":"https:\/\/letrame.com\/catalogo\/wp-content\/uploads\/2024\/04\/portada_elrumordelossabios_1715mm.jpg","contentUrl":"https:\/\/letrame.com\/catalogo\/wp-content\/uploads\/2024\/04\/portada_elrumordelossabios_1715mm.jpg","width":601,"height":881},{"@type":"BreadcrumbList","@id":"https:\/\/letrame.com\/catalogo\/producto\/el-rumor-de-los-sabios\/#breadcrumb","itemListElement":[{"@type":"ListItem","position":1,"name":"Portada","item":"https:\/\/letrame.com\/catalogo\/"},{"@type":"ListItem","position":2,"name":"Cat\u00e1logo","item":"https:\/\/letrame.com\/catalogo\/"},{"@type":"ListItem","position":3,"name":"El rumor de los sabios"}]},{"@type":"WebSite","@id":"https:\/\/letrame.com\/catalogo\/#website","url":"https:\/\/letrame.com\/catalogo\/","name":"Catalogo | Letrame Grupo Editorial","description":"","publisher":{"@id":"https:\/\/letrame.com\/catalogo\/#organization"},"potentialAction":[{"@type":"SearchAction","target":{"@type":"EntryPoint","urlTemplate":"https:\/\/letrame.com\/catalogo\/?s={search_term_string}"},"query-input":{"@type":"PropertyValueSpecification","valueRequired":true,"valueName":"search_term_string"}}],"inLanguage":"es"},{"@type":"Organization","@id":"https:\/\/letrame.com\/catalogo\/#organization","name":"Catalogo | Letrame Grupo Editorial","url":"https:\/\/letrame.com\/catalogo\/","logo":{"@type":"ImageObject","inLanguage":"es","@id":"https:\/\/letrame.com\/catalogo\/#\/schema\/logo\/image\/","url":"https:\/\/letrame.com\/catalogo\/wp-content\/uploads\/2024\/03\/logo2.webp","contentUrl":"https:\/\/letrame.com\/catalogo\/wp-content\/uploads\/2024\/03\/logo2.webp","width":394,"height":128,"caption":"Catalogo | Letrame Grupo Editorial"},"image":{"@id":"https:\/\/letrame.com\/catalogo\/#\/schema\/logo\/image\/"}}]}},"_links":{"self":[{"href":"https:\/\/letrame.com\/catalogo\/wp-json\/wp\/v2\/product\/97591","targetHints":{"allow":["GET"]}}],"collection":[{"href":"https:\/\/letrame.com\/catalogo\/wp-json\/wp\/v2\/product"}],"about":[{"href":"https:\/\/letrame.com\/catalogo\/wp-json\/wp\/v2\/types\/product"}],"replies":[{"embeddable":true,"href":"https:\/\/letrame.com\/catalogo\/wp-json\/wp\/v2\/comments?post=97591"}],"acf:post":[{"embeddable":true,"href":"https:\/\/letrame.com\/catalogo\/wp-json\/wp\/v2\/author_book\/76164"}],"wp:featuredmedia":[{"embeddable":true,"href":"https:\/\/letrame.com\/catalogo\/wp-json\/wp\/v2\/media\/97592"}],"wp:attachment":[{"href":"https:\/\/letrame.com\/catalogo\/wp-json\/wp\/v2\/media?parent=97591"}],"wp:term":[{"taxonomy":"libro","embeddable":true,"href":"https:\/\/letrame.com\/catalogo\/wp-json\/wp\/v2\/libro?post=97591"},{"taxonomy":"product_brand","embeddable":true,"href":"https:\/\/letrame.com\/catalogo\/wp-json\/wp\/v2\/product_brand?post=97591"},{"taxonomy":"product_cat","embeddable":true,"href":"https:\/\/letrame.com\/catalogo\/wp-json\/wp\/v2\/product_cat?post=97591"},{"taxonomy":"product_tag","embeddable":true,"href":"https:\/\/letrame.com\/catalogo\/wp-json\/wp\/v2\/product_tag?post=97591"}],"curies":[{"name":"wp","href":"https:\/\/api.w.org\/{rel}","templated":true}]}}