{"id":97587,"date":"2024-04-29T14:15:06","date_gmt":"2024-04-29T12:15:06","guid":{"rendered":"https:\/\/letrame.com\/catalogo\/producto\/el-jardin-flotante\/"},"modified":"2024-08-14T13:02:07","modified_gmt":"2024-08-14T11:02:07","slug":"el-jardin-flotante","status":"publish","type":"product","link":"https:\/\/letrame.com\/catalogo\/producto\/el-jardin-flotante\/","title":{"rendered":"El jard\u00edn flotante"},"content":{"rendered":"<p><strong>ISBN<\/strong>:978-84-1114-380-6<\/p>\n<p><strong>T\u00edtulo<\/strong>: El jard\u00edn flotante<\/p>\n<p><strong>Fecha<\/strong>: 2022<br \/>\n<strong>P\u00e1ginas<\/strong>: 294<\/p>\n<p><strong>SINOPSIS<\/strong><\/p>\n<p>El jard\u00edn flotante es un lugar m\u00edtico que contiene un microcosmos de tropel\u00edas, traici\u00f3n y deseo, conduciendo al infierno personal de sus personajes que se precipitar\u00e1n hacia el abismo.<\/p>\n<p>Todo comienza una noche cuando V\u00edctor se encuentra con una mujer que hab\u00eda formado parte de su vida en el pasado. Este encuentro abrir\u00e1 la puerta a otros encuentros que le har\u00e1n retroceder tiempo atr\u00e1s, donde se manifestar\u00e1n antiguos momentos que influir\u00e1n en su presente, mostr\u00e1ndole su lado oscuro de antih\u00e9roe. En escena surgen algunas de las mujeres que han rodeado su vida; las apariciones de Delia, una mujer adelantada a su tiempo y que siempre estuvo a su lado, siembra el presente de inquietud. Su encuentro con su viejo amigo, Leo, y su misteriosa familia, un artista que viene de Am\u00e9rica con su peculiar esposa, una <em>anfibia<\/em> cantante de \u00f3pera; la intrigante relaci\u00f3n que mantiene con Paula, su esposa, a la que se resiste a abandonar.<\/p>\n<p>La trama transita por un laberinto perturbador cautivando al lector que se ver\u00e1 impulsado, inevitablemente, a seguir el devenir de la historia.<\/p>\n<p>\u00bfEl poder de la imaginaci\u00f3n puede resucitar el alma? Un juego perverso donde se confunden los vivos y los muertos, donde la imaginaci\u00f3n es necesaria para la vida; un thriller psicol\u00f3gico y crepuscular en el que el misterio, el drama y la alta comedia sofisticada se dan la mano conduci\u00e9ndonos a un inesperado desenlace.<\/p>\n<p>&nbsp;<\/p>\n","protected":false},"excerpt":{"rendered":"<p><strong>ISBN<\/strong>:978-84-1114-380-6<\/p>\n<p><strong>SINOPSIS<\/strong><\/p>\n<p>El jard\u00edn flotante es un lugar m\u00edtico que contiene un microcosmos de tropel\u00edas, traici\u00f3n y deseo, conduciendo al infierno personal de sus personajes que se precipitar\u00e1n hacia el abismo.<\/p>\n<p>Todo comienza una noche cuando V\u00edctor se encuentra con una mujer que hab\u00eda formado parte de su vida en el pasado. Este encuentro abrir\u00e1 la puerta a otros encuentros que le har\u00e1n retroceder tiempo atr\u00e1s, donde se manifestar\u00e1n antiguos momentos que influir\u00e1n en su presente, mostr\u00e1ndole su lado oscuro de antih\u00e9roe. En escena surgen algunas de las mujeres que han rodeado su vida; las apariciones de Delia, una mujer adelantada a su tiempo y que siempre estuvo a su lado, siembra el presente de inquietud. Su encuentro con su viejo amigo, Leo, y su misteriosa familia, un artista que viene de Am\u00e9rica con su peculiar esposa, una <em>anfibia<\/em> cantante de \u00f3pera; la intrigante relaci\u00f3n que mantiene con Paula, su esposa, a la que se resiste a abandonar.<\/p>\n<p>La trama transita por un laberinto perturbador cautivando al lector que se ver\u00e1 impulsado, inevitablemente, a seguir el devenir de la historia.<\/p>\n<p>\u00bfEl poder de la imaginaci\u00f3n puede resucitar el alma? Un juego perverso donde se confunden los vivos y los muertos, donde la imaginaci\u00f3n es necesaria para la vida; un thriller psicol\u00f3gico y crepuscular en el que el misterio, el drama y la alta comedia sofisticada se dan la mano conduci\u00e9ndonos a un inesperado desenlace.<\/p>\n","protected":false},"featured_media":100334,"comment_status":"closed","ping_status":"closed","template":"","meta":{"_acf_changed":false},"libro":[],"product_brand":[],"product_cat":[16],"product_tag":[],"class_list":{"0":"post-97587","1":"product","2":"type-product","3":"status-publish","4":"has-post-thumbnail","6":"product_cat-novela","8":"first","9":"instock","10":"product-type-simple"},"acf":{"autor":[76159],"enlace_de_compra":"https:\/\/amzn.to\/4dnxDoP"},"yoast_head":"<!-- This site is optimized with the Yoast SEO plugin v26.6 - https:\/\/yoast.com\/wordpress\/plugins\/seo\/ -->\n<title>El jard\u00edn flotante - Catalogo | Letrame Grupo Editorial<\/title>\n<meta name=\"robots\" content=\"index, follow, max-snippet:-1, max-image-preview:large, max-video-preview:-1\" \/>\n<link rel=\"canonical\" href=\"https:\/\/letrame.com\/catalogo\/producto\/el-jardin-flotante\/\" \/>\n<meta property=\"og:locale\" content=\"es_ES\" \/>\n<meta property=\"og:type\" content=\"article\" \/>\n<meta property=\"og:title\" content=\"El jard\u00edn flotante - Catalogo | Letrame Grupo Editorial\" \/>\n<meta property=\"og:description\" content=\"ISBN:978-84-1114-380-6  SINOPSIS  El jard\u00edn flotante es un lugar m\u00edtico que contiene un microcosmos de tropel\u00edas, traici\u00f3n y deseo, conduciendo al infierno personal de sus personajes que se precipitar\u00e1n hacia el abismo.  Todo comienza una noche cuando V\u00edctor se encuentra con una mujer que hab\u00eda formado parte de su vida en el pasado. Este encuentro abrir\u00e1 la puerta a otros encuentros que le har\u00e1n retroceder tiempo atr\u00e1s, donde se manifestar\u00e1n antiguos momentos que influir\u00e1n en su presente, mostr\u00e1ndole su lado oscuro de antih\u00e9roe. En escena surgen algunas de las mujeres que han rodeado su vida; las apariciones de Delia, una mujer adelantada a su tiempo y que siempre estuvo a su lado, siembra el presente de inquietud. Su encuentro con su viejo amigo, Leo, y su misteriosa familia, un artista que viene de Am\u00e9rica con su peculiar esposa, una anfibia cantante de \u00f3pera; la intrigante relaci\u00f3n que mantiene con Paula, su esposa, a la que se resiste a abandonar.  La trama transita por un laberinto perturbador cautivando al lector que se ver\u00e1 impulsado, inevitablemente, a seguir el devenir de la historia.  \u00bfEl poder de la imaginaci\u00f3n puede resucitar el alma? Un juego perverso donde se confunden los vivos y los muertos, donde la imaginaci\u00f3n es necesaria para la vida; un thriller psicol\u00f3gico y crepuscular en el que el misterio, el drama y la alta comedia sofisticada se dan la mano conduci\u00e9ndonos a un inesperado desenlace.\" \/>\n<meta property=\"og:url\" content=\"https:\/\/letrame.com\/catalogo\/producto\/el-jardin-flotante\/\" \/>\n<meta property=\"og:site_name\" content=\"Catalogo | Letrame Grupo Editorial\" \/>\n<meta property=\"article:modified_time\" content=\"2024-08-14T11:02:07+00:00\" \/>\n<meta property=\"og:image\" content=\"https:\/\/letrame.com\/catalogo\/wp-content\/uploads\/2024\/04\/portada_eljardinflotante_1638mm-1-compressed-1.webp\" \/>\n\t<meta property=\"og:image:width\" content=\"601\" \/>\n\t<meta property=\"og:image:height\" content=\"864\" \/>\n\t<meta property=\"og:image:type\" content=\"image\/webp\" \/>\n<meta name=\"twitter:card\" content=\"summary_large_image\" \/>\n<meta name=\"twitter:label1\" content=\"Tiempo de lectura\" \/>\n\t<meta name=\"twitter:data1\" content=\"2 minutos\" \/>\n<script type=\"application\/ld+json\" class=\"yoast-schema-graph\">{\"@context\":\"https:\/\/schema.org\",\"@graph\":[{\"@type\":\"WebPage\",\"@id\":\"https:\/\/letrame.com\/catalogo\/producto\/el-jardin-flotante\/\",\"url\":\"https:\/\/letrame.com\/catalogo\/producto\/el-jardin-flotante\/\",\"name\":\"El jard\u00edn flotante - Catalogo | Letrame Grupo Editorial\",\"isPartOf\":{\"@id\":\"https:\/\/letrame.com\/catalogo\/#website\"},\"primaryImageOfPage\":{\"@id\":\"https:\/\/letrame.com\/catalogo\/producto\/el-jardin-flotante\/#primaryimage\"},\"image\":{\"@id\":\"https:\/\/letrame.com\/catalogo\/producto\/el-jardin-flotante\/#primaryimage\"},\"thumbnailUrl\":\"https:\/\/letrame.com\/catalogo\/wp-content\/uploads\/2024\/04\/portada_eljardinflotante_1638mm-1-compressed-1.webp\",\"datePublished\":\"2024-04-29T12:15:06+00:00\",\"dateModified\":\"2024-08-14T11:02:07+00:00\",\"breadcrumb\":{\"@id\":\"https:\/\/letrame.com\/catalogo\/producto\/el-jardin-flotante\/#breadcrumb\"},\"inLanguage\":\"es\",\"potentialAction\":[{\"@type\":\"ReadAction\",\"target\":[\"https:\/\/letrame.com\/catalogo\/producto\/el-jardin-flotante\/\"]}]},{\"@type\":\"ImageObject\",\"inLanguage\":\"es\",\"@id\":\"https:\/\/letrame.com\/catalogo\/producto\/el-jardin-flotante\/#primaryimage\",\"url\":\"https:\/\/letrame.com\/catalogo\/wp-content\/uploads\/2024\/04\/portada_eljardinflotante_1638mm-1-compressed-1.webp\",\"contentUrl\":\"https:\/\/letrame.com\/catalogo\/wp-content\/uploads\/2024\/04\/portada_eljardinflotante_1638mm-1-compressed-1.webp\",\"width\":601,\"height\":864},{\"@type\":\"BreadcrumbList\",\"@id\":\"https:\/\/letrame.com\/catalogo\/producto\/el-jardin-flotante\/#breadcrumb\",\"itemListElement\":[{\"@type\":\"ListItem\",\"position\":1,\"name\":\"Portada\",\"item\":\"https:\/\/letrame.com\/catalogo\/\"},{\"@type\":\"ListItem\",\"position\":2,\"name\":\"Cat\u00e1logo\",\"item\":\"https:\/\/letrame.com\/catalogo\/\"},{\"@type\":\"ListItem\",\"position\":3,\"name\":\"El jard\u00edn flotante\"}]},{\"@type\":\"WebSite\",\"@id\":\"https:\/\/letrame.com\/catalogo\/#website\",\"url\":\"https:\/\/letrame.com\/catalogo\/\",\"name\":\"Catalogo | Letrame Grupo Editorial\",\"description\":\"\",\"publisher\":{\"@id\":\"https:\/\/letrame.com\/catalogo\/#organization\"},\"potentialAction\":[{\"@type\":\"SearchAction\",\"target\":{\"@type\":\"EntryPoint\",\"urlTemplate\":\"https:\/\/letrame.com\/catalogo\/?s={search_term_string}\"},\"query-input\":{\"@type\":\"PropertyValueSpecification\",\"valueRequired\":true,\"valueName\":\"search_term_string\"}}],\"inLanguage\":\"es\"},{\"@type\":\"Organization\",\"@id\":\"https:\/\/letrame.com\/catalogo\/#organization\",\"name\":\"Catalogo | Letrame Grupo Editorial\",\"url\":\"https:\/\/letrame.com\/catalogo\/\",\"logo\":{\"@type\":\"ImageObject\",\"inLanguage\":\"es\",\"@id\":\"https:\/\/letrame.com\/catalogo\/#\/schema\/logo\/image\/\",\"url\":\"https:\/\/letrame.com\/catalogo\/wp-content\/uploads\/2024\/03\/logo2.webp\",\"contentUrl\":\"https:\/\/letrame.com\/catalogo\/wp-content\/uploads\/2024\/03\/logo2.webp\",\"width\":394,\"height\":128,\"caption\":\"Catalogo | Letrame Grupo Editorial\"},\"image\":{\"@id\":\"https:\/\/letrame.com\/catalogo\/#\/schema\/logo\/image\/\"}}]}<\/script>\n<!-- \/ Yoast SEO plugin. -->","yoast_head_json":{"title":"El jard\u00edn flotante - Catalogo | Letrame Grupo Editorial","robots":{"index":"index","follow":"follow","max-snippet":"max-snippet:-1","max-image-preview":"max-image-preview:large","max-video-preview":"max-video-preview:-1"},"canonical":"https:\/\/letrame.com\/catalogo\/producto\/el-jardin-flotante\/","og_locale":"es_ES","og_type":"article","og_title":"El jard\u00edn flotante - Catalogo | Letrame Grupo Editorial","og_description":"ISBN:978-84-1114-380-6  SINOPSIS  El jard\u00edn flotante es un lugar m\u00edtico que contiene un microcosmos de tropel\u00edas, traici\u00f3n y deseo, conduciendo al infierno personal de sus personajes que se precipitar\u00e1n hacia el abismo.  Todo comienza una noche cuando V\u00edctor se encuentra con una mujer que hab\u00eda formado parte de su vida en el pasado. Este encuentro abrir\u00e1 la puerta a otros encuentros que le har\u00e1n retroceder tiempo atr\u00e1s, donde se manifestar\u00e1n antiguos momentos que influir\u00e1n en su presente, mostr\u00e1ndole su lado oscuro de antih\u00e9roe. En escena surgen algunas de las mujeres que han rodeado su vida; las apariciones de Delia, una mujer adelantada a su tiempo y que siempre estuvo a su lado, siembra el presente de inquietud. Su encuentro con su viejo amigo, Leo, y su misteriosa familia, un artista que viene de Am\u00e9rica con su peculiar esposa, una anfibia cantante de \u00f3pera; la intrigante relaci\u00f3n que mantiene con Paula, su esposa, a la que se resiste a abandonar.  La trama transita por un laberinto perturbador cautivando al lector que se ver\u00e1 impulsado, inevitablemente, a seguir el devenir de la historia.  \u00bfEl poder de la imaginaci\u00f3n puede resucitar el alma? Un juego perverso donde se confunden los vivos y los muertos, donde la imaginaci\u00f3n es necesaria para la vida; un thriller psicol\u00f3gico y crepuscular en el que el misterio, el drama y la alta comedia sofisticada se dan la mano conduci\u00e9ndonos a un inesperado desenlace.","og_url":"https:\/\/letrame.com\/catalogo\/producto\/el-jardin-flotante\/","og_site_name":"Catalogo | Letrame Grupo Editorial","article_modified_time":"2024-08-14T11:02:07+00:00","og_image":[{"width":601,"height":864,"url":"https:\/\/letrame.com\/catalogo\/wp-content\/uploads\/2024\/04\/portada_eljardinflotante_1638mm-1-compressed-1.webp","type":"image\/webp"}],"twitter_card":"summary_large_image","twitter_misc":{"Tiempo de lectura":"2 minutos"},"schema":{"@context":"https:\/\/schema.org","@graph":[{"@type":"WebPage","@id":"https:\/\/letrame.com\/catalogo\/producto\/el-jardin-flotante\/","url":"https:\/\/letrame.com\/catalogo\/producto\/el-jardin-flotante\/","name":"El jard\u00edn flotante - Catalogo | Letrame Grupo Editorial","isPartOf":{"@id":"https:\/\/letrame.com\/catalogo\/#website"},"primaryImageOfPage":{"@id":"https:\/\/letrame.com\/catalogo\/producto\/el-jardin-flotante\/#primaryimage"},"image":{"@id":"https:\/\/letrame.com\/catalogo\/producto\/el-jardin-flotante\/#primaryimage"},"thumbnailUrl":"https:\/\/letrame.com\/catalogo\/wp-content\/uploads\/2024\/04\/portada_eljardinflotante_1638mm-1-compressed-1.webp","datePublished":"2024-04-29T12:15:06+00:00","dateModified":"2024-08-14T11:02:07+00:00","breadcrumb":{"@id":"https:\/\/letrame.com\/catalogo\/producto\/el-jardin-flotante\/#breadcrumb"},"inLanguage":"es","potentialAction":[{"@type":"ReadAction","target":["https:\/\/letrame.com\/catalogo\/producto\/el-jardin-flotante\/"]}]},{"@type":"ImageObject","inLanguage":"es","@id":"https:\/\/letrame.com\/catalogo\/producto\/el-jardin-flotante\/#primaryimage","url":"https:\/\/letrame.com\/catalogo\/wp-content\/uploads\/2024\/04\/portada_eljardinflotante_1638mm-1-compressed-1.webp","contentUrl":"https:\/\/letrame.com\/catalogo\/wp-content\/uploads\/2024\/04\/portada_eljardinflotante_1638mm-1-compressed-1.webp","width":601,"height":864},{"@type":"BreadcrumbList","@id":"https:\/\/letrame.com\/catalogo\/producto\/el-jardin-flotante\/#breadcrumb","itemListElement":[{"@type":"ListItem","position":1,"name":"Portada","item":"https:\/\/letrame.com\/catalogo\/"},{"@type":"ListItem","position":2,"name":"Cat\u00e1logo","item":"https:\/\/letrame.com\/catalogo\/"},{"@type":"ListItem","position":3,"name":"El jard\u00edn flotante"}]},{"@type":"WebSite","@id":"https:\/\/letrame.com\/catalogo\/#website","url":"https:\/\/letrame.com\/catalogo\/","name":"Catalogo | Letrame Grupo Editorial","description":"","publisher":{"@id":"https:\/\/letrame.com\/catalogo\/#organization"},"potentialAction":[{"@type":"SearchAction","target":{"@type":"EntryPoint","urlTemplate":"https:\/\/letrame.com\/catalogo\/?s={search_term_string}"},"query-input":{"@type":"PropertyValueSpecification","valueRequired":true,"valueName":"search_term_string"}}],"inLanguage":"es"},{"@type":"Organization","@id":"https:\/\/letrame.com\/catalogo\/#organization","name":"Catalogo | Letrame Grupo Editorial","url":"https:\/\/letrame.com\/catalogo\/","logo":{"@type":"ImageObject","inLanguage":"es","@id":"https:\/\/letrame.com\/catalogo\/#\/schema\/logo\/image\/","url":"https:\/\/letrame.com\/catalogo\/wp-content\/uploads\/2024\/03\/logo2.webp","contentUrl":"https:\/\/letrame.com\/catalogo\/wp-content\/uploads\/2024\/03\/logo2.webp","width":394,"height":128,"caption":"Catalogo | Letrame Grupo Editorial"},"image":{"@id":"https:\/\/letrame.com\/catalogo\/#\/schema\/logo\/image\/"}}]}},"_links":{"self":[{"href":"https:\/\/letrame.com\/catalogo\/wp-json\/wp\/v2\/product\/97587","targetHints":{"allow":["GET"]}}],"collection":[{"href":"https:\/\/letrame.com\/catalogo\/wp-json\/wp\/v2\/product"}],"about":[{"href":"https:\/\/letrame.com\/catalogo\/wp-json\/wp\/v2\/types\/product"}],"replies":[{"embeddable":true,"href":"https:\/\/letrame.com\/catalogo\/wp-json\/wp\/v2\/comments?post=97587"}],"acf:post":[{"embeddable":true,"href":"https:\/\/letrame.com\/catalogo\/wp-json\/wp\/v2\/author_book\/76159"}],"wp:featuredmedia":[{"embeddable":true,"href":"https:\/\/letrame.com\/catalogo\/wp-json\/wp\/v2\/media\/100334"}],"wp:attachment":[{"href":"https:\/\/letrame.com\/catalogo\/wp-json\/wp\/v2\/media?parent=97587"}],"wp:term":[{"taxonomy":"libro","embeddable":true,"href":"https:\/\/letrame.com\/catalogo\/wp-json\/wp\/v2\/libro?post=97587"},{"taxonomy":"product_brand","embeddable":true,"href":"https:\/\/letrame.com\/catalogo\/wp-json\/wp\/v2\/product_brand?post=97587"},{"taxonomy":"product_cat","embeddable":true,"href":"https:\/\/letrame.com\/catalogo\/wp-json\/wp\/v2\/product_cat?post=97587"},{"taxonomy":"product_tag","embeddable":true,"href":"https:\/\/letrame.com\/catalogo\/wp-json\/wp\/v2\/product_tag?post=97587"}],"curies":[{"name":"wp","href":"https:\/\/api.w.org\/{rel}","templated":true}]}}