{"id":97579,"date":"2024-04-29T14:13:44","date_gmt":"2024-04-29T12:13:44","guid":{"rendered":"https:\/\/letrame.com\/catalogo\/producto\/cuerpo-de-enfermeros\/"},"modified":"2024-08-14T13:07:54","modified_gmt":"2024-08-14T11:07:54","slug":"cuerpo-de-enfermeros","status":"publish","type":"product","link":"https:\/\/letrame.com\/catalogo\/producto\/cuerpo-de-enfermeros\/","title":{"rendered":"Cuerpo de enfermeros"},"content":{"rendered":"<p><strong>ISBN<\/strong>:978-84-1114-479-7<\/p>\n<p><strong>T\u00edtulo<\/strong>: Cuerpo de enfermeros<\/p>\n<p><strong>Fecha<\/strong>: 2022<br \/>\n<strong>P\u00e1ginas<\/strong>:548<\/p>\n<p><strong>SINOPSIS<\/strong><\/p>\n<p>El presente texto abarca la primera parte del temario (veintitr\u00e9s temas de legislaci\u00f3n nacional y penitenciaria) que se requiere para la fase de oposici\u00f3n de las pruebas selectivas para ingresar por turno libre en el Cuerpo de Enfermeros de Instituciones Penitenciarias, dirigidas a diplomados o graduados en Enfermer\u00eda. Dicha fase de oposici\u00f3n consta de tres ejercicios, dos de car\u00e1cter te\u00f3rico y uno de car\u00e1cter pr\u00e1ctico.<\/p>\n<p>El temario incluye las \u00faltimas actualizaciones de los textos legislativos que el opositor deber\u00e1 conocer para optar a una de estas plazas, as\u00ed como comentarios aclaratorios de algunos puntos de los mismos, anotaciones, gr\u00e1ficos y esquemas enfocados a cada uno de los ejercicios que componen las pruebas de acceso, que facilitar\u00e1n la comprensi\u00f3n e interiorizaci\u00f3n de los contenidos por parte del aspirante.<\/p>\n","protected":false},"excerpt":{"rendered":"<p><strong>ISBN<\/strong>:978-84-1114-479-7<\/p>\n<p><strong>SINOPSIS<\/strong><\/p>\n<p>El presente texto abarca la primera parte del temario (veintitr\u00e9s temas de legislaci\u00f3n nacional y penitenciaria) que se requiere para la fase de oposici\u00f3n de las pruebas selectivas para ingresar por turno libre en el Cuerpo de Enfermeros de Instituciones Penitenciarias, dirigidas a diplomados o graduados en Enfermer\u00eda. Dicha fase de oposici\u00f3n consta de tres ejercicios, dos de car\u00e1cter te\u00f3rico y uno de car\u00e1cter pr\u00e1ctico.<\/p>\n<p>El temario incluye las \u00faltimas actualizaciones de los textos legislativos que el opositor deber\u00e1 conocer para optar a una de estas plazas, as\u00ed como comentarios aclaratorios de algunos puntos de los mismos, anotaciones, gr\u00e1ficos y esquemas enfocados a cada uno de los ejercicios que componen las pruebas de acceso, que facilitar\u00e1n la comprensi\u00f3n e interiorizaci\u00f3n de los contenidos por parte del aspirante.<\/p>\n","protected":false},"featured_media":97580,"comment_status":"closed","ping_status":"closed","template":"","meta":{"_acf_changed":false},"libro":[],"product_brand":[],"product_cat":[18,22],"product_tag":[],"class_list":{"0":"post-97579","1":"product","2":"type-product","3":"status-publish","4":"has-post-thumbnail","6":"product_cat-autoayuda","7":"product_cat-docencia","9":"first","10":"instock","11":"product-type-simple"},"acf":{"autor":[76027],"enlace_de_compra":"https:\/\/amzn.to\/3X2K3Nd"},"yoast_head":"<!-- This site is optimized with the Yoast SEO plugin v27.4 - https:\/\/yoast.com\/product\/yoast-seo-wordpress\/ -->\n<title>Cuerpo de enfermeros - Catalogo | Letrame Grupo Editorial<\/title>\n<meta name=\"robots\" content=\"index, follow, max-snippet:-1, max-image-preview:large, max-video-preview:-1\" \/>\n<link rel=\"canonical\" href=\"https:\/\/letrame.com\/catalogo\/producto\/cuerpo-de-enfermeros\/\" \/>\n<meta property=\"og:locale\" content=\"es_ES\" \/>\n<meta property=\"og:type\" content=\"article\" \/>\n<meta property=\"og:title\" content=\"Cuerpo de enfermeros - Catalogo | Letrame Grupo Editorial\" \/>\n<meta property=\"og:description\" content=\"ISBN:978-84-1114-479-7  SINOPSIS  El presente texto abarca la primera parte del temario (veintitr\u00e9s temas de legislaci\u00f3n nacional y penitenciaria) que se requiere para la fase de oposici\u00f3n de las pruebas selectivas para ingresar por turno libre en el Cuerpo de Enfermeros de Instituciones Penitenciarias, dirigidas a diplomados o graduados en Enfermer\u00eda. Dicha fase de oposici\u00f3n consta de tres ejercicios, dos de car\u00e1cter te\u00f3rico y uno de car\u00e1cter pr\u00e1ctico.  El temario incluye las \u00faltimas actualizaciones de los textos legislativos que el opositor deber\u00e1 conocer para optar a una de estas plazas, as\u00ed como comentarios aclaratorios de algunos puntos de los mismos, anotaciones, gr\u00e1ficos y esquemas enfocados a cada uno de los ejercicios que componen las pruebas de acceso, que facilitar\u00e1n la comprensi\u00f3n e interiorizaci\u00f3n de los contenidos por parte del aspirante.\" \/>\n<meta property=\"og:url\" content=\"https:\/\/letrame.com\/catalogo\/producto\/cuerpo-de-enfermeros\/\" \/>\n<meta property=\"og:site_name\" content=\"Catalogo | Letrame Grupo Editorial\" \/>\n<meta property=\"article:modified_time\" content=\"2024-08-14T11:07:54+00:00\" \/>\n<meta property=\"og:image\" content=\"https:\/\/letrame.com\/catalogo\/wp-content\/uploads\/2024\/04\/portada_cuerpodeenfermeros_261mm-scaled-1.jpg\" \/>\n\t<meta property=\"og:image:width\" content=\"1810\" \/>\n\t<meta property=\"og:image:height\" content=\"2560\" \/>\n\t<meta property=\"og:image:type\" content=\"image\/jpeg\" \/>\n<meta name=\"twitter:card\" content=\"summary_large_image\" \/>\n<meta name=\"twitter:label1\" content=\"Tiempo de lectura\" \/>\n\t<meta name=\"twitter:data1\" content=\"1 minuto\" \/>\n<script type=\"application\/ld+json\" class=\"yoast-schema-graph\">{\"@context\":\"https:\\\/\\\/schema.org\",\"@graph\":[{\"@type\":\"WebPage\",\"@id\":\"https:\\\/\\\/letrame.com\\\/catalogo\\\/producto\\\/cuerpo-de-enfermeros\\\/\",\"url\":\"https:\\\/\\\/letrame.com\\\/catalogo\\\/producto\\\/cuerpo-de-enfermeros\\\/\",\"name\":\"Cuerpo de enfermeros - Catalogo | Letrame Grupo Editorial\",\"isPartOf\":{\"@id\":\"https:\\\/\\\/letrame.com\\\/catalogo\\\/#website\"},\"primaryImageOfPage\":{\"@id\":\"https:\\\/\\\/letrame.com\\\/catalogo\\\/producto\\\/cuerpo-de-enfermeros\\\/#primaryimage\"},\"image\":{\"@id\":\"https:\\\/\\\/letrame.com\\\/catalogo\\\/producto\\\/cuerpo-de-enfermeros\\\/#primaryimage\"},\"thumbnailUrl\":\"https:\\\/\\\/letrame.com\\\/catalogo\\\/wp-content\\\/uploads\\\/2024\\\/04\\\/portada_cuerpodeenfermeros_261mm-scaled-1.jpg\",\"datePublished\":\"2024-04-29T12:13:44+00:00\",\"dateModified\":\"2024-08-14T11:07:54+00:00\",\"breadcrumb\":{\"@id\":\"https:\\\/\\\/letrame.com\\\/catalogo\\\/producto\\\/cuerpo-de-enfermeros\\\/#breadcrumb\"},\"inLanguage\":\"es\",\"potentialAction\":[{\"@type\":\"ReadAction\",\"target\":[\"https:\\\/\\\/letrame.com\\\/catalogo\\\/producto\\\/cuerpo-de-enfermeros\\\/\"]}]},{\"@type\":\"ImageObject\",\"inLanguage\":\"es\",\"@id\":\"https:\\\/\\\/letrame.com\\\/catalogo\\\/producto\\\/cuerpo-de-enfermeros\\\/#primaryimage\",\"url\":\"https:\\\/\\\/letrame.com\\\/catalogo\\\/wp-content\\\/uploads\\\/2024\\\/04\\\/portada_cuerpodeenfermeros_261mm-scaled-1.jpg\",\"contentUrl\":\"https:\\\/\\\/letrame.com\\\/catalogo\\\/wp-content\\\/uploads\\\/2024\\\/04\\\/portada_cuerpodeenfermeros_261mm-scaled-1.jpg\",\"width\":1810,\"height\":2560},{\"@type\":\"BreadcrumbList\",\"@id\":\"https:\\\/\\\/letrame.com\\\/catalogo\\\/producto\\\/cuerpo-de-enfermeros\\\/#breadcrumb\",\"itemListElement\":[{\"@type\":\"ListItem\",\"position\":1,\"name\":\"Portada\",\"item\":\"https:\\\/\\\/letrame.com\\\/catalogo\\\/\"},{\"@type\":\"ListItem\",\"position\":2,\"name\":\"Cat\u00e1logo\",\"item\":\"https:\\\/\\\/letrame.com\\\/catalogo\\\/\"},{\"@type\":\"ListItem\",\"position\":3,\"name\":\"Cuerpo de enfermeros\"}]},{\"@type\":\"WebSite\",\"@id\":\"https:\\\/\\\/letrame.com\\\/catalogo\\\/#website\",\"url\":\"https:\\\/\\\/letrame.com\\\/catalogo\\\/\",\"name\":\"Catalogo | Letrame Grupo Editorial\",\"description\":\"\",\"publisher\":{\"@id\":\"https:\\\/\\\/letrame.com\\\/catalogo\\\/#organization\"},\"potentialAction\":[{\"@type\":\"SearchAction\",\"target\":{\"@type\":\"EntryPoint\",\"urlTemplate\":\"https:\\\/\\\/letrame.com\\\/catalogo\\\/?s={search_term_string}\"},\"query-input\":{\"@type\":\"PropertyValueSpecification\",\"valueRequired\":true,\"valueName\":\"search_term_string\"}}],\"inLanguage\":\"es\"},{\"@type\":\"Organization\",\"@id\":\"https:\\\/\\\/letrame.com\\\/catalogo\\\/#organization\",\"name\":\"Catalogo | Letrame Grupo Editorial\",\"url\":\"https:\\\/\\\/letrame.com\\\/catalogo\\\/\",\"logo\":{\"@type\":\"ImageObject\",\"inLanguage\":\"es\",\"@id\":\"https:\\\/\\\/letrame.com\\\/catalogo\\\/#\\\/schema\\\/logo\\\/image\\\/\",\"url\":\"https:\\\/\\\/letrame.com\\\/catalogo\\\/wp-content\\\/uploads\\\/2024\\\/03\\\/logo2.webp\",\"contentUrl\":\"https:\\\/\\\/letrame.com\\\/catalogo\\\/wp-content\\\/uploads\\\/2024\\\/03\\\/logo2.webp\",\"width\":394,\"height\":128,\"caption\":\"Catalogo | Letrame Grupo Editorial\"},\"image\":{\"@id\":\"https:\\\/\\\/letrame.com\\\/catalogo\\\/#\\\/schema\\\/logo\\\/image\\\/\"}}]}<\/script>\n<!-- \/ Yoast SEO plugin. -->","yoast_head_json":{"title":"Cuerpo de enfermeros - Catalogo | Letrame Grupo Editorial","robots":{"index":"index","follow":"follow","max-snippet":"max-snippet:-1","max-image-preview":"max-image-preview:large","max-video-preview":"max-video-preview:-1"},"canonical":"https:\/\/letrame.com\/catalogo\/producto\/cuerpo-de-enfermeros\/","og_locale":"es_ES","og_type":"article","og_title":"Cuerpo de enfermeros - Catalogo | Letrame Grupo Editorial","og_description":"ISBN:978-84-1114-479-7  SINOPSIS  El presente texto abarca la primera parte del temario (veintitr\u00e9s temas de legislaci\u00f3n nacional y penitenciaria) que se requiere para la fase de oposici\u00f3n de las pruebas selectivas para ingresar por turno libre en el Cuerpo de Enfermeros de Instituciones Penitenciarias, dirigidas a diplomados o graduados en Enfermer\u00eda. Dicha fase de oposici\u00f3n consta de tres ejercicios, dos de car\u00e1cter te\u00f3rico y uno de car\u00e1cter pr\u00e1ctico.  El temario incluye las \u00faltimas actualizaciones de los textos legislativos que el opositor deber\u00e1 conocer para optar a una de estas plazas, as\u00ed como comentarios aclaratorios de algunos puntos de los mismos, anotaciones, gr\u00e1ficos y esquemas enfocados a cada uno de los ejercicios que componen las pruebas de acceso, que facilitar\u00e1n la comprensi\u00f3n e interiorizaci\u00f3n de los contenidos por parte del aspirante.","og_url":"https:\/\/letrame.com\/catalogo\/producto\/cuerpo-de-enfermeros\/","og_site_name":"Catalogo | Letrame Grupo Editorial","article_modified_time":"2024-08-14T11:07:54+00:00","og_image":[{"width":1810,"height":2560,"url":"https:\/\/letrame.com\/catalogo\/wp-content\/uploads\/2024\/04\/portada_cuerpodeenfermeros_261mm-scaled-1.jpg","type":"image\/jpeg"}],"twitter_card":"summary_large_image","twitter_misc":{"Tiempo de lectura":"1 minuto"},"schema":{"@context":"https:\/\/schema.org","@graph":[{"@type":"WebPage","@id":"https:\/\/letrame.com\/catalogo\/producto\/cuerpo-de-enfermeros\/","url":"https:\/\/letrame.com\/catalogo\/producto\/cuerpo-de-enfermeros\/","name":"Cuerpo de enfermeros - Catalogo | Letrame Grupo Editorial","isPartOf":{"@id":"https:\/\/letrame.com\/catalogo\/#website"},"primaryImageOfPage":{"@id":"https:\/\/letrame.com\/catalogo\/producto\/cuerpo-de-enfermeros\/#primaryimage"},"image":{"@id":"https:\/\/letrame.com\/catalogo\/producto\/cuerpo-de-enfermeros\/#primaryimage"},"thumbnailUrl":"https:\/\/letrame.com\/catalogo\/wp-content\/uploads\/2024\/04\/portada_cuerpodeenfermeros_261mm-scaled-1.jpg","datePublished":"2024-04-29T12:13:44+00:00","dateModified":"2024-08-14T11:07:54+00:00","breadcrumb":{"@id":"https:\/\/letrame.com\/catalogo\/producto\/cuerpo-de-enfermeros\/#breadcrumb"},"inLanguage":"es","potentialAction":[{"@type":"ReadAction","target":["https:\/\/letrame.com\/catalogo\/producto\/cuerpo-de-enfermeros\/"]}]},{"@type":"ImageObject","inLanguage":"es","@id":"https:\/\/letrame.com\/catalogo\/producto\/cuerpo-de-enfermeros\/#primaryimage","url":"https:\/\/letrame.com\/catalogo\/wp-content\/uploads\/2024\/04\/portada_cuerpodeenfermeros_261mm-scaled-1.jpg","contentUrl":"https:\/\/letrame.com\/catalogo\/wp-content\/uploads\/2024\/04\/portada_cuerpodeenfermeros_261mm-scaled-1.jpg","width":1810,"height":2560},{"@type":"BreadcrumbList","@id":"https:\/\/letrame.com\/catalogo\/producto\/cuerpo-de-enfermeros\/#breadcrumb","itemListElement":[{"@type":"ListItem","position":1,"name":"Portada","item":"https:\/\/letrame.com\/catalogo\/"},{"@type":"ListItem","position":2,"name":"Cat\u00e1logo","item":"https:\/\/letrame.com\/catalogo\/"},{"@type":"ListItem","position":3,"name":"Cuerpo de enfermeros"}]},{"@type":"WebSite","@id":"https:\/\/letrame.com\/catalogo\/#website","url":"https:\/\/letrame.com\/catalogo\/","name":"Catalogo | Letrame Grupo Editorial","description":"","publisher":{"@id":"https:\/\/letrame.com\/catalogo\/#organization"},"potentialAction":[{"@type":"SearchAction","target":{"@type":"EntryPoint","urlTemplate":"https:\/\/letrame.com\/catalogo\/?s={search_term_string}"},"query-input":{"@type":"PropertyValueSpecification","valueRequired":true,"valueName":"search_term_string"}}],"inLanguage":"es"},{"@type":"Organization","@id":"https:\/\/letrame.com\/catalogo\/#organization","name":"Catalogo | Letrame Grupo Editorial","url":"https:\/\/letrame.com\/catalogo\/","logo":{"@type":"ImageObject","inLanguage":"es","@id":"https:\/\/letrame.com\/catalogo\/#\/schema\/logo\/image\/","url":"https:\/\/letrame.com\/catalogo\/wp-content\/uploads\/2024\/03\/logo2.webp","contentUrl":"https:\/\/letrame.com\/catalogo\/wp-content\/uploads\/2024\/03\/logo2.webp","width":394,"height":128,"caption":"Catalogo | Letrame Grupo Editorial"},"image":{"@id":"https:\/\/letrame.com\/catalogo\/#\/schema\/logo\/image\/"}}]}},"_links":{"self":[{"href":"https:\/\/letrame.com\/catalogo\/wp-json\/wp\/v2\/product\/97579","targetHints":{"allow":["GET"]}}],"collection":[{"href":"https:\/\/letrame.com\/catalogo\/wp-json\/wp\/v2\/product"}],"about":[{"href":"https:\/\/letrame.com\/catalogo\/wp-json\/wp\/v2\/types\/product"}],"replies":[{"embeddable":true,"href":"https:\/\/letrame.com\/catalogo\/wp-json\/wp\/v2\/comments?post=97579"}],"acf:post":[{"embeddable":true,"href":"https:\/\/letrame.com\/catalogo\/wp-json\/wp\/v2\/author_book\/76027"}],"wp:featuredmedia":[{"embeddable":true,"href":"https:\/\/letrame.com\/catalogo\/wp-json\/wp\/v2\/media\/97580"}],"wp:attachment":[{"href":"https:\/\/letrame.com\/catalogo\/wp-json\/wp\/v2\/media?parent=97579"}],"wp:term":[{"taxonomy":"libro","embeddable":true,"href":"https:\/\/letrame.com\/catalogo\/wp-json\/wp\/v2\/libro?post=97579"},{"taxonomy":"product_brand","embeddable":true,"href":"https:\/\/letrame.com\/catalogo\/wp-json\/wp\/v2\/product_brand?post=97579"},{"taxonomy":"product_cat","embeddable":true,"href":"https:\/\/letrame.com\/catalogo\/wp-json\/wp\/v2\/product_cat?post=97579"},{"taxonomy":"product_tag","embeddable":true,"href":"https:\/\/letrame.com\/catalogo\/wp-json\/wp\/v2\/product_tag?post=97579"}],"curies":[{"name":"wp","href":"https:\/\/api.w.org\/{rel}","templated":true}]}}