{"id":97566,"date":"2024-04-29T14:12:14","date_gmt":"2024-04-29T12:12:14","guid":{"rendered":"https:\/\/letrame.com\/catalogo\/producto\/asesinato-en-el-reina-sofia\/"},"modified":"2024-04-29T14:12:38","modified_gmt":"2024-04-29T12:12:38","slug":"asesinato-en-el-reina-sofia","status":"publish","type":"product","link":"https:\/\/letrame.com\/catalogo\/producto\/asesinato-en-el-reina-sofia\/","title":{"rendered":"Asesinato en el Reina Sof\u00eda"},"content":{"rendered":"<p><strong>ISBN<\/strong>:978-84-1114-550-3<\/p>\n<p><strong>T\u00edtulo<\/strong>: Asesinato en el Reina Sof\u00eda<\/p>\n<p><strong>Fecha<\/strong>: 2022<br \/>\n<strong>P\u00e1ginas<\/strong>: 402<\/p>\n<p><strong>SINOPSIS\u00a0<\/strong><\/p>\n<p>A principio de los a\u00f1os noventa del siglo pasado, el asesinato de un diputado en un museo de Madrid lleva a un inspector inexperto a Salamanca, circunscripci\u00f3n por la que es electo el difunto. Durante la estancia en la ciudad se adentrar\u00e1 en el mundo acad\u00e9mico, pol\u00edtico y social en busca de indicios que expliquen los motivos que han llevado al verdugo a cometer tal atrocidad. El proceso indagatorio conducir\u00e1 al detective a plantearse alguno de los principios por los que ha de regirse en su oficio, despu\u00e9s de entrevistarse con testigos poco habituales que no parecen entristecerse con la muerte del pol\u00edtico y que no aportan datos significativos del caso.<\/p>\n","protected":false},"excerpt":{"rendered":"<p><strong>ISBN<\/strong>:978-84-1114-550-3<\/p>\n<p><strong>SINOPSIS<\/strong><\/p>\n<p>A principio de los a\u00f1os noventa del siglo pasado, el asesinato de un diputado en un museo de Madrid lleva a un inspector inexperto a Salamanca, circunscripci\u00f3n por la que es electo el difunto. Durante la estancia en la ciudad se adentrar\u00e1 en el mundo acad\u00e9mico, pol\u00edtico y social en busca de indicios que expliquen los motivos que han llevado al verdugo a cometer tal atrocidad. El proceso indagatorio conducir\u00e1 al detective a plantearse alguno de los principios por los que ha de regirse en su oficio, despu\u00e9s de entrevistarse con testigos poco habituales que no parecen entristecerse con la muerte del pol\u00edtico y que no aportan datos significativos del caso.<\/p>\n","protected":false},"featured_media":97567,"comment_status":"closed","ping_status":"open","template":"","meta":{"_acf_changed":false},"libro":[],"product_brand":[],"product_cat":[16],"product_tag":[],"class_list":{"0":"post-97566","1":"product","2":"type-product","3":"status-publish","4":"has-post-thumbnail","6":"product_cat-novela","8":"first","9":"instock","10":"product-type-simple"},"acf":{"autor":[76140],"enlace_de_compra":"ttps:\/\/www.amazon.es\/Asesinato-Reina-Sof%C3%ADa-Sanchidri%C3%A1n-Velayos\/dp\/8411145506\/"},"yoast_head":"<!-- This site is optimized with the Yoast SEO plugin v26.6 - https:\/\/yoast.com\/wordpress\/plugins\/seo\/ -->\n<title>Asesinato en el Reina Sof\u00eda - Catalogo | Letrame Grupo Editorial<\/title>\n<meta name=\"robots\" content=\"index, follow, max-snippet:-1, max-image-preview:large, max-video-preview:-1\" \/>\n<link rel=\"canonical\" href=\"https:\/\/letrame.com\/catalogo\/producto\/asesinato-en-el-reina-sofia\/\" \/>\n<meta property=\"og:locale\" content=\"es_ES\" \/>\n<meta property=\"og:type\" content=\"article\" \/>\n<meta property=\"og:title\" content=\"Asesinato en el Reina Sof\u00eda - Catalogo | Letrame Grupo Editorial\" \/>\n<meta property=\"og:description\" content=\"ISBN:978-84-1114-550-3 SINOPSIS A principio de los a\u00f1os noventa del siglo pasado, el asesinato de un diputado en un museo de Madrid lleva a un inspector inexperto a Salamanca, circunscripci\u00f3n por la que es electo el difunto. Durante la estancia en la ciudad se adentrar\u00e1 en el mundo acad\u00e9mico, pol\u00edtico y social en busca de indicios que expliquen los motivos que han llevado al verdugo a cometer tal atrocidad. El proceso indagatorio conducir\u00e1 al detective a plantearse alguno de los principios por los que ha de regirse en su oficio, despu\u00e9s de entrevistarse con testigos poco habituales que no parecen entristecerse con la muerte del pol\u00edtico y que no aportan datos significativos del caso.\" \/>\n<meta property=\"og:url\" content=\"https:\/\/letrame.com\/catalogo\/producto\/asesinato-en-el-reina-sofia\/\" \/>\n<meta property=\"og:site_name\" content=\"Catalogo | Letrame Grupo Editorial\" \/>\n<meta property=\"article:modified_time\" content=\"2024-04-29T12:12:38+00:00\" \/>\n<meta property=\"og:image\" content=\"https:\/\/letrame.com\/catalogo\/wp-content\/uploads\/2024\/04\/portada_asesinatoenelreinasofia_1964mm-1.jpg\" \/>\n\t<meta property=\"og:image:width\" content=\"601\" \/>\n\t<meta property=\"og:image:height\" content=\"881\" \/>\n\t<meta property=\"og:image:type\" content=\"image\/jpeg\" \/>\n<meta name=\"twitter:card\" content=\"summary_large_image\" \/>\n<meta name=\"twitter:label1\" content=\"Tiempo de lectura\" \/>\n\t<meta name=\"twitter:data1\" content=\"1 minuto\" \/>\n<script type=\"application\/ld+json\" class=\"yoast-schema-graph\">{\"@context\":\"https:\/\/schema.org\",\"@graph\":[{\"@type\":\"WebPage\",\"@id\":\"https:\/\/letrame.com\/catalogo\/producto\/asesinato-en-el-reina-sofia\/\",\"url\":\"https:\/\/letrame.com\/catalogo\/producto\/asesinato-en-el-reina-sofia\/\",\"name\":\"Asesinato en el Reina Sof\u00eda - Catalogo | Letrame Grupo Editorial\",\"isPartOf\":{\"@id\":\"https:\/\/letrame.com\/catalogo\/#website\"},\"primaryImageOfPage\":{\"@id\":\"https:\/\/letrame.com\/catalogo\/producto\/asesinato-en-el-reina-sofia\/#primaryimage\"},\"image\":{\"@id\":\"https:\/\/letrame.com\/catalogo\/producto\/asesinato-en-el-reina-sofia\/#primaryimage\"},\"thumbnailUrl\":\"https:\/\/letrame.com\/catalogo\/wp-content\/uploads\/2024\/04\/portada_asesinatoenelreinasofia_1964mm-1.jpg\",\"datePublished\":\"2024-04-29T12:12:14+00:00\",\"dateModified\":\"2024-04-29T12:12:38+00:00\",\"breadcrumb\":{\"@id\":\"https:\/\/letrame.com\/catalogo\/producto\/asesinato-en-el-reina-sofia\/#breadcrumb\"},\"inLanguage\":\"es\",\"potentialAction\":[{\"@type\":\"ReadAction\",\"target\":[\"https:\/\/letrame.com\/catalogo\/producto\/asesinato-en-el-reina-sofia\/\"]}]},{\"@type\":\"ImageObject\",\"inLanguage\":\"es\",\"@id\":\"https:\/\/letrame.com\/catalogo\/producto\/asesinato-en-el-reina-sofia\/#primaryimage\",\"url\":\"https:\/\/letrame.com\/catalogo\/wp-content\/uploads\/2024\/04\/portada_asesinatoenelreinasofia_1964mm-1.jpg\",\"contentUrl\":\"https:\/\/letrame.com\/catalogo\/wp-content\/uploads\/2024\/04\/portada_asesinatoenelreinasofia_1964mm-1.jpg\",\"width\":601,\"height\":881},{\"@type\":\"BreadcrumbList\",\"@id\":\"https:\/\/letrame.com\/catalogo\/producto\/asesinato-en-el-reina-sofia\/#breadcrumb\",\"itemListElement\":[{\"@type\":\"ListItem\",\"position\":1,\"name\":\"Portada\",\"item\":\"https:\/\/letrame.com\/catalogo\/\"},{\"@type\":\"ListItem\",\"position\":2,\"name\":\"Cat\u00e1logo\",\"item\":\"https:\/\/letrame.com\/catalogo\/\"},{\"@type\":\"ListItem\",\"position\":3,\"name\":\"Asesinato en el Reina Sof\u00eda\"}]},{\"@type\":\"WebSite\",\"@id\":\"https:\/\/letrame.com\/catalogo\/#website\",\"url\":\"https:\/\/letrame.com\/catalogo\/\",\"name\":\"Catalogo | Letrame Grupo Editorial\",\"description\":\"\",\"publisher\":{\"@id\":\"https:\/\/letrame.com\/catalogo\/#organization\"},\"potentialAction\":[{\"@type\":\"SearchAction\",\"target\":{\"@type\":\"EntryPoint\",\"urlTemplate\":\"https:\/\/letrame.com\/catalogo\/?s={search_term_string}\"},\"query-input\":{\"@type\":\"PropertyValueSpecification\",\"valueRequired\":true,\"valueName\":\"search_term_string\"}}],\"inLanguage\":\"es\"},{\"@type\":\"Organization\",\"@id\":\"https:\/\/letrame.com\/catalogo\/#organization\",\"name\":\"Catalogo | Letrame Grupo Editorial\",\"url\":\"https:\/\/letrame.com\/catalogo\/\",\"logo\":{\"@type\":\"ImageObject\",\"inLanguage\":\"es\",\"@id\":\"https:\/\/letrame.com\/catalogo\/#\/schema\/logo\/image\/\",\"url\":\"https:\/\/letrame.com\/catalogo\/wp-content\/uploads\/2024\/03\/logo2.webp\",\"contentUrl\":\"https:\/\/letrame.com\/catalogo\/wp-content\/uploads\/2024\/03\/logo2.webp\",\"width\":394,\"height\":128,\"caption\":\"Catalogo | Letrame Grupo Editorial\"},\"image\":{\"@id\":\"https:\/\/letrame.com\/catalogo\/#\/schema\/logo\/image\/\"}}]}<\/script>\n<!-- \/ Yoast SEO plugin. -->","yoast_head_json":{"title":"Asesinato en el Reina Sof\u00eda - Catalogo | Letrame Grupo Editorial","robots":{"index":"index","follow":"follow","max-snippet":"max-snippet:-1","max-image-preview":"max-image-preview:large","max-video-preview":"max-video-preview:-1"},"canonical":"https:\/\/letrame.com\/catalogo\/producto\/asesinato-en-el-reina-sofia\/","og_locale":"es_ES","og_type":"article","og_title":"Asesinato en el Reina Sof\u00eda - Catalogo | Letrame Grupo Editorial","og_description":"ISBN:978-84-1114-550-3 SINOPSIS A principio de los a\u00f1os noventa del siglo pasado, el asesinato de un diputado en un museo de Madrid lleva a un inspector inexperto a Salamanca, circunscripci\u00f3n por la que es electo el difunto. Durante la estancia en la ciudad se adentrar\u00e1 en el mundo acad\u00e9mico, pol\u00edtico y social en busca de indicios que expliquen los motivos que han llevado al verdugo a cometer tal atrocidad. El proceso indagatorio conducir\u00e1 al detective a plantearse alguno de los principios por los que ha de regirse en su oficio, despu\u00e9s de entrevistarse con testigos poco habituales que no parecen entristecerse con la muerte del pol\u00edtico y que no aportan datos significativos del caso.","og_url":"https:\/\/letrame.com\/catalogo\/producto\/asesinato-en-el-reina-sofia\/","og_site_name":"Catalogo | Letrame Grupo Editorial","article_modified_time":"2024-04-29T12:12:38+00:00","og_image":[{"width":601,"height":881,"url":"https:\/\/letrame.com\/catalogo\/wp-content\/uploads\/2024\/04\/portada_asesinatoenelreinasofia_1964mm-1.jpg","type":"image\/jpeg"}],"twitter_card":"summary_large_image","twitter_misc":{"Tiempo de lectura":"1 minuto"},"schema":{"@context":"https:\/\/schema.org","@graph":[{"@type":"WebPage","@id":"https:\/\/letrame.com\/catalogo\/producto\/asesinato-en-el-reina-sofia\/","url":"https:\/\/letrame.com\/catalogo\/producto\/asesinato-en-el-reina-sofia\/","name":"Asesinato en el Reina Sof\u00eda - Catalogo | Letrame Grupo Editorial","isPartOf":{"@id":"https:\/\/letrame.com\/catalogo\/#website"},"primaryImageOfPage":{"@id":"https:\/\/letrame.com\/catalogo\/producto\/asesinato-en-el-reina-sofia\/#primaryimage"},"image":{"@id":"https:\/\/letrame.com\/catalogo\/producto\/asesinato-en-el-reina-sofia\/#primaryimage"},"thumbnailUrl":"https:\/\/letrame.com\/catalogo\/wp-content\/uploads\/2024\/04\/portada_asesinatoenelreinasofia_1964mm-1.jpg","datePublished":"2024-04-29T12:12:14+00:00","dateModified":"2024-04-29T12:12:38+00:00","breadcrumb":{"@id":"https:\/\/letrame.com\/catalogo\/producto\/asesinato-en-el-reina-sofia\/#breadcrumb"},"inLanguage":"es","potentialAction":[{"@type":"ReadAction","target":["https:\/\/letrame.com\/catalogo\/producto\/asesinato-en-el-reina-sofia\/"]}]},{"@type":"ImageObject","inLanguage":"es","@id":"https:\/\/letrame.com\/catalogo\/producto\/asesinato-en-el-reina-sofia\/#primaryimage","url":"https:\/\/letrame.com\/catalogo\/wp-content\/uploads\/2024\/04\/portada_asesinatoenelreinasofia_1964mm-1.jpg","contentUrl":"https:\/\/letrame.com\/catalogo\/wp-content\/uploads\/2024\/04\/portada_asesinatoenelreinasofia_1964mm-1.jpg","width":601,"height":881},{"@type":"BreadcrumbList","@id":"https:\/\/letrame.com\/catalogo\/producto\/asesinato-en-el-reina-sofia\/#breadcrumb","itemListElement":[{"@type":"ListItem","position":1,"name":"Portada","item":"https:\/\/letrame.com\/catalogo\/"},{"@type":"ListItem","position":2,"name":"Cat\u00e1logo","item":"https:\/\/letrame.com\/catalogo\/"},{"@type":"ListItem","position":3,"name":"Asesinato en el Reina Sof\u00eda"}]},{"@type":"WebSite","@id":"https:\/\/letrame.com\/catalogo\/#website","url":"https:\/\/letrame.com\/catalogo\/","name":"Catalogo | Letrame Grupo Editorial","description":"","publisher":{"@id":"https:\/\/letrame.com\/catalogo\/#organization"},"potentialAction":[{"@type":"SearchAction","target":{"@type":"EntryPoint","urlTemplate":"https:\/\/letrame.com\/catalogo\/?s={search_term_string}"},"query-input":{"@type":"PropertyValueSpecification","valueRequired":true,"valueName":"search_term_string"}}],"inLanguage":"es"},{"@type":"Organization","@id":"https:\/\/letrame.com\/catalogo\/#organization","name":"Catalogo | Letrame Grupo Editorial","url":"https:\/\/letrame.com\/catalogo\/","logo":{"@type":"ImageObject","inLanguage":"es","@id":"https:\/\/letrame.com\/catalogo\/#\/schema\/logo\/image\/","url":"https:\/\/letrame.com\/catalogo\/wp-content\/uploads\/2024\/03\/logo2.webp","contentUrl":"https:\/\/letrame.com\/catalogo\/wp-content\/uploads\/2024\/03\/logo2.webp","width":394,"height":128,"caption":"Catalogo | Letrame Grupo Editorial"},"image":{"@id":"https:\/\/letrame.com\/catalogo\/#\/schema\/logo\/image\/"}}]}},"_links":{"self":[{"href":"https:\/\/letrame.com\/catalogo\/wp-json\/wp\/v2\/product\/97566","targetHints":{"allow":["GET"]}}],"collection":[{"href":"https:\/\/letrame.com\/catalogo\/wp-json\/wp\/v2\/product"}],"about":[{"href":"https:\/\/letrame.com\/catalogo\/wp-json\/wp\/v2\/types\/product"}],"replies":[{"embeddable":true,"href":"https:\/\/letrame.com\/catalogo\/wp-json\/wp\/v2\/comments?post=97566"}],"acf:post":[{"embeddable":true,"href":"https:\/\/letrame.com\/catalogo\/wp-json\/wp\/v2\/author_book\/76140"}],"wp:featuredmedia":[{"embeddable":true,"href":"https:\/\/letrame.com\/catalogo\/wp-json\/wp\/v2\/media\/97567"}],"wp:attachment":[{"href":"https:\/\/letrame.com\/catalogo\/wp-json\/wp\/v2\/media?parent=97566"}],"wp:term":[{"taxonomy":"libro","embeddable":true,"href":"https:\/\/letrame.com\/catalogo\/wp-json\/wp\/v2\/libro?post=97566"},{"taxonomy":"product_brand","embeddable":true,"href":"https:\/\/letrame.com\/catalogo\/wp-json\/wp\/v2\/product_brand?post=97566"},{"taxonomy":"product_cat","embeddable":true,"href":"https:\/\/letrame.com\/catalogo\/wp-json\/wp\/v2\/product_cat?post=97566"},{"taxonomy":"product_tag","embeddable":true,"href":"https:\/\/letrame.com\/catalogo\/wp-json\/wp\/v2\/product_tag?post=97566"}],"curies":[{"name":"wp","href":"https:\/\/api.w.org\/{rel}","templated":true}]}}