{"id":97558,"date":"2024-04-29T14:11:37","date_gmt":"2024-04-29T12:11:37","guid":{"rendered":"https:\/\/letrame.com\/catalogo\/producto\/a-por-la-estupidez-x1\/"},"modified":"2024-04-29T14:11:41","modified_gmt":"2024-04-29T12:11:41","slug":"a-por-la-estupidez-x1","status":"publish","type":"product","link":"https:\/\/letrame.com\/catalogo\/producto\/a-por-la-estupidez-x1\/","title":{"rendered":"A por la estupidez x+1"},"content":{"rendered":"<p><strong>ISBN: <\/strong>978-84-1114-446-9<\/p>\n<p><strong>T\u00edtulo: <\/strong>A por la estupidez x+1<\/p>\n<p><strong>Fecha: <\/strong>2022<br \/>\n<strong>P\u00e1ginas: <\/strong>236<br \/>\n<strong>SINOPSIS<\/strong><\/p>\n<p><em>A por la estupidez x+1<\/em> ha sido mi terapia y mi capricho. Un conjunto de relatos en prosa y poes\u00eda, ba\u00f1ados en un mar autobiogr\u00e1fico y en el crecimiento personal. Son historias m\u00edas, unas prestadas y otras inventadas, en las que fluyen los temas m\u00e1s mundanos (y necesarios) de los que podamos hablar, desgranando las emociones y, con ellas, en cada cap\u00edtulo, a m\u00ed. Este libro es un volc\u00e1n emocional y el resultado de mi obsesi\u00f3n por tratar las emociones con la normalidad que se merecen. Es un viaje introspectivo hacia los sentimientos, la cr\u00edtica social y humana y las emociones hablando sobre el amor, los miedos, la muerte, la vida, la amistad, el sexo, la depresi\u00f3n, la ansiedad, las inseguridades, el mar, la m\u00fasica o nuestras queridas amigas, las expectativas, entre otros. No es un cuento de hadas ni una historia de ficci\u00f3n ni un relato con final feliz. <em>A por la estupidez x+1<\/em> es leer sobre la vida misma y todo lo que nos abruma, desde un lenguaje cotidiano y sencillo,\u00a0invit\u00e1ndonos a reflexionar, cuestionar y a empatizar,\u00a0sin palabras rebuscadas o maquilladas que pretendan no aparentar decir lo que queremos\u00a0decir en realidad. Cada cap\u00edtulo es una historia, detr\u00e1s de cada historia un tatuaje y en el fondo de todo, las personas y nuestro caos existencial como foco central. Es, simplemente, adentrarse en nuestro interior, unas\u00a0veces idolatrado y, otras, olvidado.<\/p>\n<p>&nbsp;<\/p>\n","protected":false},"excerpt":{"rendered":"<p><strong>ISBN: <\/strong>978-84-1114-446-9<\/p>\n<p><strong>SINOPSIS<\/strong><\/p>\n<p><em>A por la estupidez x+1<\/em> ha sido mi terapia y mi capricho. Un conjunto de relatos en prosa y poes\u00eda, ba\u00f1ados en un mar autobiogr\u00e1fico y en el crecimiento personal. Son historias m\u00edas, unas prestadas y otras inventadas, en las que fluyen los temas m\u00e1s mundanos (y necesarios) de los que podamos hablar, desgranando las emociones y, con ellas, en cada cap\u00edtulo, a m\u00ed. Este libro es un volc\u00e1n emocional y el resultado de mi obsesi\u00f3n por tratar las emociones con la normalidad que se merecen. Es un viaje introspectivo hacia los sentimientos, la cr\u00edtica social y humana y las emociones hablando sobre el amor, los miedos, la muerte, la vida, la amistad, el sexo, la depresi\u00f3n, la ansiedad, las inseguridades, el mar, la m\u00fasica o nuestras queridas amigas, las expectativas, entre otros. No es un cuento de hadas ni una historia de ficci\u00f3n ni un relato con final feliz. <em>A por la estupidez x+1<\/em> es leer sobre la vida misma y todo lo que nos abruma, desde un lenguaje cotidiano y sencillo,\u00a0invit\u00e1ndonos a reflexionar, cuestionar y a empatizar,\u00a0sin palabras rebuscadas o maquilladas que pretendan no aparentar decir lo que queremos\u00a0decir en realidad. Cada cap\u00edtulo es una historia, detr\u00e1s de cada historia un tatuaje y en el fondo de todo, las personas y nuestro caos existencial como foco central. Es, simplemente, adentrarse en nuestro interior, unas\u00a0veces idolatrado y, otras, olvidado.<\/p>\n","protected":false},"featured_media":97559,"comment_status":"closed","ping_status":"open","template":"","meta":{"_acf_changed":false},"libro":[],"product_brand":[],"product_cat":[20],"product_tag":[],"class_list":{"0":"post-97558","1":"product","2":"type-product","3":"status-publish","4":"has-post-thumbnail","6":"product_cat-poesia","8":"first","9":"instock","10":"product-type-simple"},"acf":{"autor":[76133],"enlace_de_compra":"https:\/\/www.amazon.es\/por-estupidez-01-Poes%C3%ADa\/dp\/8411144461\/"},"yoast_head":"<!-- This site is optimized with the Yoast SEO plugin v26.6 - https:\/\/yoast.com\/wordpress\/plugins\/seo\/ -->\n<title>A por la estupidez x+1 - Catalogo | Letrame Grupo Editorial<\/title>\n<meta name=\"robots\" content=\"index, follow, max-snippet:-1, max-image-preview:large, max-video-preview:-1\" \/>\n<link rel=\"canonical\" href=\"https:\/\/letrame.com\/catalogo\/producto\/a-por-la-estupidez-x1\/\" \/>\n<meta property=\"og:locale\" content=\"es_ES\" \/>\n<meta property=\"og:type\" content=\"article\" \/>\n<meta property=\"og:title\" content=\"A por la estupidez x+1 - Catalogo | Letrame Grupo Editorial\" \/>\n<meta property=\"og:description\" content=\"ISBN: 978-84-1114-446-9 SINOPSIS A por la estupidez x+1 ha sido mi terapia y mi capricho. Un conjunto de relatos en prosa y poes\u00eda, ba\u00f1ados en un mar autobiogr\u00e1fico y en el crecimiento personal. Son historias m\u00edas, unas prestadas y otras inventadas, en las que fluyen los temas m\u00e1s mundanos (y necesarios) de los que podamos hablar, desgranando las emociones y, con ellas, en cada cap\u00edtulo, a m\u00ed. Este libro es un volc\u00e1n emocional y el resultado de mi obsesi\u00f3n por tratar las emociones con la normalidad que se merecen. Es un viaje introspectivo hacia los sentimientos, la cr\u00edtica social y humana y las emociones hablando sobre el amor, los miedos, la muerte, la vida, la amistad, el sexo, la depresi\u00f3n, la ansiedad, las inseguridades, el mar, la m\u00fasica o nuestras queridas amigas, las expectativas, entre otros. No es un cuento de hadas ni una historia de ficci\u00f3n ni un relato con final feliz. A por la estupidez x+1 es leer sobre la vida misma y todo lo que nos abruma, desde un lenguaje cotidiano y sencillo,\u00a0invit\u00e1ndonos a reflexionar, cuestionar y a empatizar,\u00a0sin palabras rebuscadas o maquilladas que pretendan no aparentar decir lo que queremos\u00a0decir en realidad. Cada cap\u00edtulo es una historia, detr\u00e1s de cada historia un tatuaje y en el fondo de todo, las personas y nuestro caos existencial como foco central. Es, simplemente, adentrarse en nuestro interior, unas\u00a0veces idolatrado y, otras, olvidado.\" \/>\n<meta property=\"og:url\" content=\"https:\/\/letrame.com\/catalogo\/producto\/a-por-la-estupidez-x1\/\" \/>\n<meta property=\"og:site_name\" content=\"Catalogo | Letrame Grupo Editorial\" \/>\n<meta property=\"article:modified_time\" content=\"2024-04-29T12:11:41+00:00\" \/>\n<meta property=\"og:image\" content=\"https:\/\/letrame.com\/catalogo\/wp-content\/uploads\/2024\/04\/portada_aporlaestupidez_12mm-para-web-scaled-1.jpeg\" \/>\n\t<meta property=\"og:image:width\" content=\"1746\" \/>\n\t<meta property=\"og:image:height\" content=\"2560\" \/>\n\t<meta property=\"og:image:type\" content=\"image\/jpeg\" \/>\n<meta name=\"twitter:card\" content=\"summary_large_image\" \/>\n<meta name=\"twitter:label1\" content=\"Tiempo de lectura\" \/>\n\t<meta name=\"twitter:data1\" content=\"1 minuto\" \/>\n<script type=\"application\/ld+json\" class=\"yoast-schema-graph\">{\"@context\":\"https:\/\/schema.org\",\"@graph\":[{\"@type\":\"WebPage\",\"@id\":\"https:\/\/letrame.com\/catalogo\/producto\/a-por-la-estupidez-x1\/\",\"url\":\"https:\/\/letrame.com\/catalogo\/producto\/a-por-la-estupidez-x1\/\",\"name\":\"A por la estupidez x+1 - Catalogo | Letrame Grupo Editorial\",\"isPartOf\":{\"@id\":\"https:\/\/letrame.com\/catalogo\/#website\"},\"primaryImageOfPage\":{\"@id\":\"https:\/\/letrame.com\/catalogo\/producto\/a-por-la-estupidez-x1\/#primaryimage\"},\"image\":{\"@id\":\"https:\/\/letrame.com\/catalogo\/producto\/a-por-la-estupidez-x1\/#primaryimage\"},\"thumbnailUrl\":\"https:\/\/letrame.com\/catalogo\/wp-content\/uploads\/2024\/04\/portada_aporlaestupidez_12mm-para-web-scaled-1.jpeg\",\"datePublished\":\"2024-04-29T12:11:37+00:00\",\"dateModified\":\"2024-04-29T12:11:41+00:00\",\"breadcrumb\":{\"@id\":\"https:\/\/letrame.com\/catalogo\/producto\/a-por-la-estupidez-x1\/#breadcrumb\"},\"inLanguage\":\"es\",\"potentialAction\":[{\"@type\":\"ReadAction\",\"target\":[\"https:\/\/letrame.com\/catalogo\/producto\/a-por-la-estupidez-x1\/\"]}]},{\"@type\":\"ImageObject\",\"inLanguage\":\"es\",\"@id\":\"https:\/\/letrame.com\/catalogo\/producto\/a-por-la-estupidez-x1\/#primaryimage\",\"url\":\"https:\/\/letrame.com\/catalogo\/wp-content\/uploads\/2024\/04\/portada_aporlaestupidez_12mm-para-web-scaled-1.jpeg\",\"contentUrl\":\"https:\/\/letrame.com\/catalogo\/wp-content\/uploads\/2024\/04\/portada_aporlaestupidez_12mm-para-web-scaled-1.jpeg\",\"width\":1746,\"height\":2560},{\"@type\":\"BreadcrumbList\",\"@id\":\"https:\/\/letrame.com\/catalogo\/producto\/a-por-la-estupidez-x1\/#breadcrumb\",\"itemListElement\":[{\"@type\":\"ListItem\",\"position\":1,\"name\":\"Portada\",\"item\":\"https:\/\/letrame.com\/catalogo\/\"},{\"@type\":\"ListItem\",\"position\":2,\"name\":\"Cat\u00e1logo\",\"item\":\"https:\/\/letrame.com\/catalogo\/\"},{\"@type\":\"ListItem\",\"position\":3,\"name\":\"A por la estupidez x+1\"}]},{\"@type\":\"WebSite\",\"@id\":\"https:\/\/letrame.com\/catalogo\/#website\",\"url\":\"https:\/\/letrame.com\/catalogo\/\",\"name\":\"Catalogo | Letrame Grupo Editorial\",\"description\":\"\",\"publisher\":{\"@id\":\"https:\/\/letrame.com\/catalogo\/#organization\"},\"potentialAction\":[{\"@type\":\"SearchAction\",\"target\":{\"@type\":\"EntryPoint\",\"urlTemplate\":\"https:\/\/letrame.com\/catalogo\/?s={search_term_string}\"},\"query-input\":{\"@type\":\"PropertyValueSpecification\",\"valueRequired\":true,\"valueName\":\"search_term_string\"}}],\"inLanguage\":\"es\"},{\"@type\":\"Organization\",\"@id\":\"https:\/\/letrame.com\/catalogo\/#organization\",\"name\":\"Catalogo | Letrame Grupo Editorial\",\"url\":\"https:\/\/letrame.com\/catalogo\/\",\"logo\":{\"@type\":\"ImageObject\",\"inLanguage\":\"es\",\"@id\":\"https:\/\/letrame.com\/catalogo\/#\/schema\/logo\/image\/\",\"url\":\"https:\/\/letrame.com\/catalogo\/wp-content\/uploads\/2024\/03\/logo2.webp\",\"contentUrl\":\"https:\/\/letrame.com\/catalogo\/wp-content\/uploads\/2024\/03\/logo2.webp\",\"width\":394,\"height\":128,\"caption\":\"Catalogo | Letrame Grupo Editorial\"},\"image\":{\"@id\":\"https:\/\/letrame.com\/catalogo\/#\/schema\/logo\/image\/\"}}]}<\/script>\n<!-- \/ Yoast SEO plugin. -->","yoast_head_json":{"title":"A por la estupidez x+1 - Catalogo | Letrame Grupo Editorial","robots":{"index":"index","follow":"follow","max-snippet":"max-snippet:-1","max-image-preview":"max-image-preview:large","max-video-preview":"max-video-preview:-1"},"canonical":"https:\/\/letrame.com\/catalogo\/producto\/a-por-la-estupidez-x1\/","og_locale":"es_ES","og_type":"article","og_title":"A por la estupidez x+1 - Catalogo | Letrame Grupo Editorial","og_description":"ISBN: 978-84-1114-446-9 SINOPSIS A por la estupidez x+1 ha sido mi terapia y mi capricho. Un conjunto de relatos en prosa y poes\u00eda, ba\u00f1ados en un mar autobiogr\u00e1fico y en el crecimiento personal. Son historias m\u00edas, unas prestadas y otras inventadas, en las que fluyen los temas m\u00e1s mundanos (y necesarios) de los que podamos hablar, desgranando las emociones y, con ellas, en cada cap\u00edtulo, a m\u00ed. Este libro es un volc\u00e1n emocional y el resultado de mi obsesi\u00f3n por tratar las emociones con la normalidad que se merecen. Es un viaje introspectivo hacia los sentimientos, la cr\u00edtica social y humana y las emociones hablando sobre el amor, los miedos, la muerte, la vida, la amistad, el sexo, la depresi\u00f3n, la ansiedad, las inseguridades, el mar, la m\u00fasica o nuestras queridas amigas, las expectativas, entre otros. No es un cuento de hadas ni una historia de ficci\u00f3n ni un relato con final feliz. A por la estupidez x+1 es leer sobre la vida misma y todo lo que nos abruma, desde un lenguaje cotidiano y sencillo,\u00a0invit\u00e1ndonos a reflexionar, cuestionar y a empatizar,\u00a0sin palabras rebuscadas o maquilladas que pretendan no aparentar decir lo que queremos\u00a0decir en realidad. Cada cap\u00edtulo es una historia, detr\u00e1s de cada historia un tatuaje y en el fondo de todo, las personas y nuestro caos existencial como foco central. Es, simplemente, adentrarse en nuestro interior, unas\u00a0veces idolatrado y, otras, olvidado.","og_url":"https:\/\/letrame.com\/catalogo\/producto\/a-por-la-estupidez-x1\/","og_site_name":"Catalogo | Letrame Grupo Editorial","article_modified_time":"2024-04-29T12:11:41+00:00","og_image":[{"width":1746,"height":2560,"url":"https:\/\/letrame.com\/catalogo\/wp-content\/uploads\/2024\/04\/portada_aporlaestupidez_12mm-para-web-scaled-1.jpeg","type":"image\/jpeg"}],"twitter_card":"summary_large_image","twitter_misc":{"Tiempo de lectura":"1 minuto"},"schema":{"@context":"https:\/\/schema.org","@graph":[{"@type":"WebPage","@id":"https:\/\/letrame.com\/catalogo\/producto\/a-por-la-estupidez-x1\/","url":"https:\/\/letrame.com\/catalogo\/producto\/a-por-la-estupidez-x1\/","name":"A por la estupidez x+1 - Catalogo | Letrame Grupo Editorial","isPartOf":{"@id":"https:\/\/letrame.com\/catalogo\/#website"},"primaryImageOfPage":{"@id":"https:\/\/letrame.com\/catalogo\/producto\/a-por-la-estupidez-x1\/#primaryimage"},"image":{"@id":"https:\/\/letrame.com\/catalogo\/producto\/a-por-la-estupidez-x1\/#primaryimage"},"thumbnailUrl":"https:\/\/letrame.com\/catalogo\/wp-content\/uploads\/2024\/04\/portada_aporlaestupidez_12mm-para-web-scaled-1.jpeg","datePublished":"2024-04-29T12:11:37+00:00","dateModified":"2024-04-29T12:11:41+00:00","breadcrumb":{"@id":"https:\/\/letrame.com\/catalogo\/producto\/a-por-la-estupidez-x1\/#breadcrumb"},"inLanguage":"es","potentialAction":[{"@type":"ReadAction","target":["https:\/\/letrame.com\/catalogo\/producto\/a-por-la-estupidez-x1\/"]}]},{"@type":"ImageObject","inLanguage":"es","@id":"https:\/\/letrame.com\/catalogo\/producto\/a-por-la-estupidez-x1\/#primaryimage","url":"https:\/\/letrame.com\/catalogo\/wp-content\/uploads\/2024\/04\/portada_aporlaestupidez_12mm-para-web-scaled-1.jpeg","contentUrl":"https:\/\/letrame.com\/catalogo\/wp-content\/uploads\/2024\/04\/portada_aporlaestupidez_12mm-para-web-scaled-1.jpeg","width":1746,"height":2560},{"@type":"BreadcrumbList","@id":"https:\/\/letrame.com\/catalogo\/producto\/a-por-la-estupidez-x1\/#breadcrumb","itemListElement":[{"@type":"ListItem","position":1,"name":"Portada","item":"https:\/\/letrame.com\/catalogo\/"},{"@type":"ListItem","position":2,"name":"Cat\u00e1logo","item":"https:\/\/letrame.com\/catalogo\/"},{"@type":"ListItem","position":3,"name":"A por la estupidez x+1"}]},{"@type":"WebSite","@id":"https:\/\/letrame.com\/catalogo\/#website","url":"https:\/\/letrame.com\/catalogo\/","name":"Catalogo | Letrame Grupo Editorial","description":"","publisher":{"@id":"https:\/\/letrame.com\/catalogo\/#organization"},"potentialAction":[{"@type":"SearchAction","target":{"@type":"EntryPoint","urlTemplate":"https:\/\/letrame.com\/catalogo\/?s={search_term_string}"},"query-input":{"@type":"PropertyValueSpecification","valueRequired":true,"valueName":"search_term_string"}}],"inLanguage":"es"},{"@type":"Organization","@id":"https:\/\/letrame.com\/catalogo\/#organization","name":"Catalogo | Letrame Grupo Editorial","url":"https:\/\/letrame.com\/catalogo\/","logo":{"@type":"ImageObject","inLanguage":"es","@id":"https:\/\/letrame.com\/catalogo\/#\/schema\/logo\/image\/","url":"https:\/\/letrame.com\/catalogo\/wp-content\/uploads\/2024\/03\/logo2.webp","contentUrl":"https:\/\/letrame.com\/catalogo\/wp-content\/uploads\/2024\/03\/logo2.webp","width":394,"height":128,"caption":"Catalogo | Letrame Grupo Editorial"},"image":{"@id":"https:\/\/letrame.com\/catalogo\/#\/schema\/logo\/image\/"}}]}},"_links":{"self":[{"href":"https:\/\/letrame.com\/catalogo\/wp-json\/wp\/v2\/product\/97558","targetHints":{"allow":["GET"]}}],"collection":[{"href":"https:\/\/letrame.com\/catalogo\/wp-json\/wp\/v2\/product"}],"about":[{"href":"https:\/\/letrame.com\/catalogo\/wp-json\/wp\/v2\/types\/product"}],"replies":[{"embeddable":true,"href":"https:\/\/letrame.com\/catalogo\/wp-json\/wp\/v2\/comments?post=97558"}],"acf:post":[{"embeddable":true,"href":"https:\/\/letrame.com\/catalogo\/wp-json\/wp\/v2\/author_book\/76133"}],"wp:featuredmedia":[{"embeddable":true,"href":"https:\/\/letrame.com\/catalogo\/wp-json\/wp\/v2\/media\/97559"}],"wp:attachment":[{"href":"https:\/\/letrame.com\/catalogo\/wp-json\/wp\/v2\/media?parent=97558"}],"wp:term":[{"taxonomy":"libro","embeddable":true,"href":"https:\/\/letrame.com\/catalogo\/wp-json\/wp\/v2\/libro?post=97558"},{"taxonomy":"product_brand","embeddable":true,"href":"https:\/\/letrame.com\/catalogo\/wp-json\/wp\/v2\/product_brand?post=97558"},{"taxonomy":"product_cat","embeddable":true,"href":"https:\/\/letrame.com\/catalogo\/wp-json\/wp\/v2\/product_cat?post=97558"},{"taxonomy":"product_tag","embeddable":true,"href":"https:\/\/letrame.com\/catalogo\/wp-json\/wp\/v2\/product_tag?post=97558"}],"curies":[{"name":"wp","href":"https:\/\/api.w.org\/{rel}","templated":true}]}}