{"id":97554,"date":"2024-04-29T14:10:47","date_gmt":"2024-04-29T12:10:47","guid":{"rendered":"https:\/\/letrame.com\/catalogo\/producto\/1929\/"},"modified":"2024-04-29T14:11:15","modified_gmt":"2024-04-29T12:11:15","slug":"1929","status":"publish","type":"product","link":"https:\/\/letrame.com\/catalogo\/producto\/1929\/","title":{"rendered":"1929"},"content":{"rendered":"<p><strong>ISBN<\/strong>:978-84-1114-521-3<\/p>\n<p><strong>T\u00edtulo<\/strong>: 1929<br \/>\n<strong>Fecha<\/strong>: 2022<br \/>\n<strong>P\u00e1ginas<\/strong>: 400<\/p>\n<p><strong>SINOPSIS<\/strong><\/p>\n<p>A las puertas de la inauguraci\u00f3n de la Exposici\u00f3n Internacional de 1929 Barcelona se preparaba para recibir a medio mundo en una lucha fren\u00e9tica contrarreloj, pugnando por concluir las obras y los pabellones en el plazo previsto. En un contexto convulso y heterog\u00e9neo donde los intereses pol\u00edticos, las diferencias sociales y los movimientos revolucionarios no siempre fueron de la mano.<\/p>\n<p>A escasos veinte kil\u00f3metros de distancia de la gran ciudad, en un pueblo costero, una modesta f\u00e1brica textil, en horas bajas, recibi\u00f3 un inusitado encargo que har\u00eda confluir el destino de un variopinto grupo de personajes en una cita ineludible con sus respectivos destinos.<\/p>\n<p>\u00bfSomos los aut\u00e9nticos protagonistas de nuestras decisiones? \u00bfHasta qu\u00e9 punto marcan nuestros or\u00edgenes y lazos del pasado el devenir de nuestras vidas?<\/p>\n<p>Con una prosa \u00e1gil y adictiva, a medio camino entre la narrativa y la historia, esta oda urbanita teje un minucioso y preciosista tapiz vital que recrea toda una \u00e9poca. Un a\u00f1o crucial en la memoria colectiva que marcar\u00eda un antes y despu\u00e9s en el futuro de toda una generaci\u00f3n, e indirectamente de las posteriores, y en que dilemas universales e intr\u00ednsecos del alma humana, como el amor, la ambici\u00f3n, el odio, la lealtad, la traici\u00f3n, la amistad, la familia y la muerte, estar\u00edan m\u00e1s vigentes que nunca.<\/p>\n<p>\u00abBrillante, desgarradora, original y po\u00e9tica\u00bb son solo algunos de los adjetivos que pueden definir esta f\u00e1bula cosmopolita. Y es que, como dice el propio autor, \u00ablas grandes pasiones amorosas necesitan a menudo de un enemigo en com\u00fan al que sobreponerse. Ya sea humano o divino. Y, en ocasiones, de una maldici\u00f3n\u00bb.<\/p>\n","protected":false},"excerpt":{"rendered":"<p><strong>ISBN<\/strong>:978-84-1114-521-3<\/p>\n<p><strong>SINOPSIS<\/strong><\/p>\n<p>A las puertas de la inauguraci\u00f3n de la Exposici\u00f3n Internacional de 1929 Barcelona se preparaba para recibir a medio mundo en una lucha fren\u00e9tica contrarreloj, pugnando por concluir las obras y los pabellones en el plazo previsto. En un contexto convulso y heterog\u00e9neo donde los intereses pol\u00edticos, las diferencias sociales y los movimientos revolucionarios no siempre fueron de la mano.<\/p>\n<p>A escasos veinte kil\u00f3metros de distancia de la gran ciudad, en un pueblo costero, una modesta f\u00e1brica textil, en horas bajas, recibi\u00f3 un inusitado encargo que har\u00eda confluir el destino de un variopinto grupo de personajes en una cita ineludible con sus respectivos destinos.<\/p>\n<p>\u00bfSomos los aut\u00e9nticos protagonistas de nuestras decisiones? \u00bfHasta qu\u00e9 punto marcan nuestros or\u00edgenes y lazos del pasado el devenir de nuestras vidas?<\/p>\n<p>Con una prosa \u00e1gil y adictiva, a medio camino entre la narrativa y la historia, esta oda urbanita teje un minucioso y preciosista tapiz vital que recrea toda una \u00e9poca. Un a\u00f1o crucial en la memoria colectiva que marcar\u00eda un antes y despu\u00e9s en el futuro de toda una generaci\u00f3n, e indirectamente de las posteriores, y en que dilemas universales e intr\u00ednsecos del alma humana, como el amor, la ambici\u00f3n, el odio, la lealtad, la traici\u00f3n, la amistad, la familia y la muerte, estar\u00edan m\u00e1s vigentes que nunca.<\/p>\n<p>\u00abBrillante, desgarradora, original y po\u00e9tica\u00bb son solo algunos de los adjetivos que pueden definir esta f\u00e1bula cosmopolita. Y es que, como dice el propio autor, \u00ablas grandes pasiones amorosas necesitan a menudo de un enemigo en com\u00fan al que sobreponerse. Ya sea humano o divino. Y, en ocasiones, de una maldici\u00f3n\u00bb.<\/p>\n","protected":false},"featured_media":97555,"comment_status":"closed","ping_status":"open","template":"","meta":{"_acf_changed":false},"libro":[],"product_brand":[],"product_cat":[16],"product_tag":[],"class_list":{"0":"post-97554","1":"product","2":"type-product","3":"status-publish","4":"has-post-thumbnail","6":"product_cat-novela","8":"first","9":"instock","10":"product-type-simple"},"acf":{"autor":[76129],"enlace_de_compra":"https:\/\/www.casadellibro.com\/ebook-1929-ebook\/9788411147385\/12958839\/"},"yoast_head":"<!-- This site is optimized with the Yoast SEO plugin v26.6 - https:\/\/yoast.com\/wordpress\/plugins\/seo\/ -->\n<title>1929 - Catalogo | Letrame Grupo Editorial<\/title>\n<meta name=\"robots\" content=\"index, follow, max-snippet:-1, max-image-preview:large, max-video-preview:-1\" \/>\n<link rel=\"canonical\" href=\"https:\/\/letrame.com\/catalogo\/producto\/1929\/\" \/>\n<meta property=\"og:locale\" content=\"es_ES\" \/>\n<meta property=\"og:type\" content=\"article\" \/>\n<meta property=\"og:title\" content=\"1929 - Catalogo | Letrame Grupo Editorial\" \/>\n<meta property=\"og:description\" content=\"ISBN:978-84-1114-521-3 SINOPSIS A las puertas de la inauguraci\u00f3n de la Exposici\u00f3n Internacional de 1929 Barcelona se preparaba para recibir a medio mundo en una lucha fren\u00e9tica contrarreloj, pugnando por concluir las obras y los pabellones en el plazo previsto. En un contexto convulso y heterog\u00e9neo donde los intereses pol\u00edticos, las diferencias sociales y los movimientos revolucionarios no siempre fueron de la mano. A escasos veinte kil\u00f3metros de distancia de la gran ciudad, en un pueblo costero, una modesta f\u00e1brica textil, en horas bajas, recibi\u00f3 un inusitado encargo que har\u00eda confluir el destino de un variopinto grupo de personajes en una cita ineludible con sus respectivos destinos. \u00bfSomos los aut\u00e9nticos protagonistas de nuestras decisiones? \u00bfHasta qu\u00e9 punto marcan nuestros or\u00edgenes y lazos del pasado el devenir de nuestras vidas? Con una prosa \u00e1gil y adictiva, a medio camino entre la narrativa y la historia, esta oda urbanita teje un minucioso y preciosista tapiz vital que recrea toda una \u00e9poca. Un a\u00f1o crucial en la memoria colectiva que marcar\u00eda un antes y despu\u00e9s en el futuro de toda una generaci\u00f3n, e indirectamente de las posteriores, y en que dilemas universales e intr\u00ednsecos del alma humana, como el amor, la ambici\u00f3n, el odio, la lealtad, la traici\u00f3n, la amistad, la familia y la muerte, estar\u00edan m\u00e1s vigentes que nunca. \u00abBrillante, desgarradora, original y po\u00e9tica\u00bb son solo algunos de los adjetivos que pueden definir esta f\u00e1bula cosmopolita. Y es que, como dice el propio autor, \u00ablas grandes pasiones amorosas necesitan a menudo de un enemigo en com\u00fan al que sobreponerse. Ya sea humano o divino. Y, en ocasiones, de una maldici\u00f3n\u00bb.\" \/>\n<meta property=\"og:url\" content=\"https:\/\/letrame.com\/catalogo\/producto\/1929\/\" \/>\n<meta property=\"og:site_name\" content=\"Catalogo | Letrame Grupo Editorial\" \/>\n<meta property=\"article:modified_time\" content=\"2024-04-29T12:11:15+00:00\" \/>\n<meta property=\"og:image\" content=\"https:\/\/letrame.com\/catalogo\/wp-content\/uploads\/2024\/04\/1portada_1929_1955mm-compressed-scaled-1.jpeg\" \/>\n\t<meta property=\"og:image:width\" content=\"1746\" \/>\n\t<meta property=\"og:image:height\" content=\"2560\" \/>\n\t<meta property=\"og:image:type\" content=\"image\/jpeg\" \/>\n<meta name=\"twitter:card\" content=\"summary_large_image\" \/>\n<meta name=\"twitter:label1\" content=\"Tiempo de lectura\" \/>\n\t<meta name=\"twitter:data1\" content=\"1 minuto\" \/>\n<script type=\"application\/ld+json\" class=\"yoast-schema-graph\">{\"@context\":\"https:\/\/schema.org\",\"@graph\":[{\"@type\":\"WebPage\",\"@id\":\"https:\/\/letrame.com\/catalogo\/producto\/1929\/\",\"url\":\"https:\/\/letrame.com\/catalogo\/producto\/1929\/\",\"name\":\"1929 - Catalogo | Letrame Grupo Editorial\",\"isPartOf\":{\"@id\":\"https:\/\/letrame.com\/catalogo\/#website\"},\"primaryImageOfPage\":{\"@id\":\"https:\/\/letrame.com\/catalogo\/producto\/1929\/#primaryimage\"},\"image\":{\"@id\":\"https:\/\/letrame.com\/catalogo\/producto\/1929\/#primaryimage\"},\"thumbnailUrl\":\"https:\/\/letrame.com\/catalogo\/wp-content\/uploads\/2024\/04\/1portada_1929_1955mm-compressed-scaled-1.jpeg\",\"datePublished\":\"2024-04-29T12:10:47+00:00\",\"dateModified\":\"2024-04-29T12:11:15+00:00\",\"breadcrumb\":{\"@id\":\"https:\/\/letrame.com\/catalogo\/producto\/1929\/#breadcrumb\"},\"inLanguage\":\"es\",\"potentialAction\":[{\"@type\":\"ReadAction\",\"target\":[\"https:\/\/letrame.com\/catalogo\/producto\/1929\/\"]}]},{\"@type\":\"ImageObject\",\"inLanguage\":\"es\",\"@id\":\"https:\/\/letrame.com\/catalogo\/producto\/1929\/#primaryimage\",\"url\":\"https:\/\/letrame.com\/catalogo\/wp-content\/uploads\/2024\/04\/1portada_1929_1955mm-compressed-scaled-1.jpeg\",\"contentUrl\":\"https:\/\/letrame.com\/catalogo\/wp-content\/uploads\/2024\/04\/1portada_1929_1955mm-compressed-scaled-1.jpeg\",\"width\":1746,\"height\":2560},{\"@type\":\"BreadcrumbList\",\"@id\":\"https:\/\/letrame.com\/catalogo\/producto\/1929\/#breadcrumb\",\"itemListElement\":[{\"@type\":\"ListItem\",\"position\":1,\"name\":\"Portada\",\"item\":\"https:\/\/letrame.com\/catalogo\/\"},{\"@type\":\"ListItem\",\"position\":2,\"name\":\"Cat\u00e1logo\",\"item\":\"https:\/\/letrame.com\/catalogo\/\"},{\"@type\":\"ListItem\",\"position\":3,\"name\":\"1929\"}]},{\"@type\":\"WebSite\",\"@id\":\"https:\/\/letrame.com\/catalogo\/#website\",\"url\":\"https:\/\/letrame.com\/catalogo\/\",\"name\":\"Catalogo | Letrame Grupo Editorial\",\"description\":\"\",\"publisher\":{\"@id\":\"https:\/\/letrame.com\/catalogo\/#organization\"},\"potentialAction\":[{\"@type\":\"SearchAction\",\"target\":{\"@type\":\"EntryPoint\",\"urlTemplate\":\"https:\/\/letrame.com\/catalogo\/?s={search_term_string}\"},\"query-input\":{\"@type\":\"PropertyValueSpecification\",\"valueRequired\":true,\"valueName\":\"search_term_string\"}}],\"inLanguage\":\"es\"},{\"@type\":\"Organization\",\"@id\":\"https:\/\/letrame.com\/catalogo\/#organization\",\"name\":\"Catalogo | Letrame Grupo Editorial\",\"url\":\"https:\/\/letrame.com\/catalogo\/\",\"logo\":{\"@type\":\"ImageObject\",\"inLanguage\":\"es\",\"@id\":\"https:\/\/letrame.com\/catalogo\/#\/schema\/logo\/image\/\",\"url\":\"https:\/\/letrame.com\/catalogo\/wp-content\/uploads\/2024\/03\/logo2.webp\",\"contentUrl\":\"https:\/\/letrame.com\/catalogo\/wp-content\/uploads\/2024\/03\/logo2.webp\",\"width\":394,\"height\":128,\"caption\":\"Catalogo | Letrame Grupo Editorial\"},\"image\":{\"@id\":\"https:\/\/letrame.com\/catalogo\/#\/schema\/logo\/image\/\"}}]}<\/script>\n<!-- \/ Yoast SEO plugin. -->","yoast_head_json":{"title":"1929 - Catalogo | Letrame Grupo Editorial","robots":{"index":"index","follow":"follow","max-snippet":"max-snippet:-1","max-image-preview":"max-image-preview:large","max-video-preview":"max-video-preview:-1"},"canonical":"https:\/\/letrame.com\/catalogo\/producto\/1929\/","og_locale":"es_ES","og_type":"article","og_title":"1929 - Catalogo | Letrame Grupo Editorial","og_description":"ISBN:978-84-1114-521-3 SINOPSIS A las puertas de la inauguraci\u00f3n de la Exposici\u00f3n Internacional de 1929 Barcelona se preparaba para recibir a medio mundo en una lucha fren\u00e9tica contrarreloj, pugnando por concluir las obras y los pabellones en el plazo previsto. En un contexto convulso y heterog\u00e9neo donde los intereses pol\u00edticos, las diferencias sociales y los movimientos revolucionarios no siempre fueron de la mano. A escasos veinte kil\u00f3metros de distancia de la gran ciudad, en un pueblo costero, una modesta f\u00e1brica textil, en horas bajas, recibi\u00f3 un inusitado encargo que har\u00eda confluir el destino de un variopinto grupo de personajes en una cita ineludible con sus respectivos destinos. \u00bfSomos los aut\u00e9nticos protagonistas de nuestras decisiones? \u00bfHasta qu\u00e9 punto marcan nuestros or\u00edgenes y lazos del pasado el devenir de nuestras vidas? Con una prosa \u00e1gil y adictiva, a medio camino entre la narrativa y la historia, esta oda urbanita teje un minucioso y preciosista tapiz vital que recrea toda una \u00e9poca. Un a\u00f1o crucial en la memoria colectiva que marcar\u00eda un antes y despu\u00e9s en el futuro de toda una generaci\u00f3n, e indirectamente de las posteriores, y en que dilemas universales e intr\u00ednsecos del alma humana, como el amor, la ambici\u00f3n, el odio, la lealtad, la traici\u00f3n, la amistad, la familia y la muerte, estar\u00edan m\u00e1s vigentes que nunca. \u00abBrillante, desgarradora, original y po\u00e9tica\u00bb son solo algunos de los adjetivos que pueden definir esta f\u00e1bula cosmopolita. Y es que, como dice el propio autor, \u00ablas grandes pasiones amorosas necesitan a menudo de un enemigo en com\u00fan al que sobreponerse. Ya sea humano o divino. Y, en ocasiones, de una maldici\u00f3n\u00bb.","og_url":"https:\/\/letrame.com\/catalogo\/producto\/1929\/","og_site_name":"Catalogo | Letrame Grupo Editorial","article_modified_time":"2024-04-29T12:11:15+00:00","og_image":[{"width":1746,"height":2560,"url":"https:\/\/letrame.com\/catalogo\/wp-content\/uploads\/2024\/04\/1portada_1929_1955mm-compressed-scaled-1.jpeg","type":"image\/jpeg"}],"twitter_card":"summary_large_image","twitter_misc":{"Tiempo de lectura":"1 minuto"},"schema":{"@context":"https:\/\/schema.org","@graph":[{"@type":"WebPage","@id":"https:\/\/letrame.com\/catalogo\/producto\/1929\/","url":"https:\/\/letrame.com\/catalogo\/producto\/1929\/","name":"1929 - Catalogo | Letrame Grupo Editorial","isPartOf":{"@id":"https:\/\/letrame.com\/catalogo\/#website"},"primaryImageOfPage":{"@id":"https:\/\/letrame.com\/catalogo\/producto\/1929\/#primaryimage"},"image":{"@id":"https:\/\/letrame.com\/catalogo\/producto\/1929\/#primaryimage"},"thumbnailUrl":"https:\/\/letrame.com\/catalogo\/wp-content\/uploads\/2024\/04\/1portada_1929_1955mm-compressed-scaled-1.jpeg","datePublished":"2024-04-29T12:10:47+00:00","dateModified":"2024-04-29T12:11:15+00:00","breadcrumb":{"@id":"https:\/\/letrame.com\/catalogo\/producto\/1929\/#breadcrumb"},"inLanguage":"es","potentialAction":[{"@type":"ReadAction","target":["https:\/\/letrame.com\/catalogo\/producto\/1929\/"]}]},{"@type":"ImageObject","inLanguage":"es","@id":"https:\/\/letrame.com\/catalogo\/producto\/1929\/#primaryimage","url":"https:\/\/letrame.com\/catalogo\/wp-content\/uploads\/2024\/04\/1portada_1929_1955mm-compressed-scaled-1.jpeg","contentUrl":"https:\/\/letrame.com\/catalogo\/wp-content\/uploads\/2024\/04\/1portada_1929_1955mm-compressed-scaled-1.jpeg","width":1746,"height":2560},{"@type":"BreadcrumbList","@id":"https:\/\/letrame.com\/catalogo\/producto\/1929\/#breadcrumb","itemListElement":[{"@type":"ListItem","position":1,"name":"Portada","item":"https:\/\/letrame.com\/catalogo\/"},{"@type":"ListItem","position":2,"name":"Cat\u00e1logo","item":"https:\/\/letrame.com\/catalogo\/"},{"@type":"ListItem","position":3,"name":"1929"}]},{"@type":"WebSite","@id":"https:\/\/letrame.com\/catalogo\/#website","url":"https:\/\/letrame.com\/catalogo\/","name":"Catalogo | Letrame Grupo Editorial","description":"","publisher":{"@id":"https:\/\/letrame.com\/catalogo\/#organization"},"potentialAction":[{"@type":"SearchAction","target":{"@type":"EntryPoint","urlTemplate":"https:\/\/letrame.com\/catalogo\/?s={search_term_string}"},"query-input":{"@type":"PropertyValueSpecification","valueRequired":true,"valueName":"search_term_string"}}],"inLanguage":"es"},{"@type":"Organization","@id":"https:\/\/letrame.com\/catalogo\/#organization","name":"Catalogo | Letrame Grupo Editorial","url":"https:\/\/letrame.com\/catalogo\/","logo":{"@type":"ImageObject","inLanguage":"es","@id":"https:\/\/letrame.com\/catalogo\/#\/schema\/logo\/image\/","url":"https:\/\/letrame.com\/catalogo\/wp-content\/uploads\/2024\/03\/logo2.webp","contentUrl":"https:\/\/letrame.com\/catalogo\/wp-content\/uploads\/2024\/03\/logo2.webp","width":394,"height":128,"caption":"Catalogo | Letrame Grupo Editorial"},"image":{"@id":"https:\/\/letrame.com\/catalogo\/#\/schema\/logo\/image\/"}}]}},"_links":{"self":[{"href":"https:\/\/letrame.com\/catalogo\/wp-json\/wp\/v2\/product\/97554","targetHints":{"allow":["GET"]}}],"collection":[{"href":"https:\/\/letrame.com\/catalogo\/wp-json\/wp\/v2\/product"}],"about":[{"href":"https:\/\/letrame.com\/catalogo\/wp-json\/wp\/v2\/types\/product"}],"replies":[{"embeddable":true,"href":"https:\/\/letrame.com\/catalogo\/wp-json\/wp\/v2\/comments?post=97554"}],"acf:post":[{"embeddable":true,"href":"https:\/\/letrame.com\/catalogo\/wp-json\/wp\/v2\/author_book\/76129"}],"wp:featuredmedia":[{"embeddable":true,"href":"https:\/\/letrame.com\/catalogo\/wp-json\/wp\/v2\/media\/97555"}],"wp:attachment":[{"href":"https:\/\/letrame.com\/catalogo\/wp-json\/wp\/v2\/media?parent=97554"}],"wp:term":[{"taxonomy":"libro","embeddable":true,"href":"https:\/\/letrame.com\/catalogo\/wp-json\/wp\/v2\/libro?post=97554"},{"taxonomy":"product_brand","embeddable":true,"href":"https:\/\/letrame.com\/catalogo\/wp-json\/wp\/v2\/product_brand?post=97554"},{"taxonomy":"product_cat","embeddable":true,"href":"https:\/\/letrame.com\/catalogo\/wp-json\/wp\/v2\/product_cat?post=97554"},{"taxonomy":"product_tag","embeddable":true,"href":"https:\/\/letrame.com\/catalogo\/wp-json\/wp\/v2\/product_tag?post=97554"}],"curies":[{"name":"wp","href":"https:\/\/api.w.org\/{rel}","templated":true}]}}