{"id":97550,"date":"2024-04-29T14:10:47","date_gmt":"2024-04-29T12:10:47","guid":{"rendered":"https:\/\/letrame.com\/catalogo\/producto\/101-tolais\/"},"modified":"2024-04-29T14:10:47","modified_gmt":"2024-04-29T12:10:47","slug":"101-tolais","status":"publish","type":"product","link":"https:\/\/letrame.com\/catalogo\/producto\/101-tolais\/","title":{"rendered":"101 Tolais"},"content":{"rendered":"<p><strong>ISBN<\/strong>:978-84-1114-539-8<\/p>\n<p><strong>T\u00edtulo<\/strong>: 101 Tolais<\/p>\n<p><strong>Fecha<\/strong>: 2022<br \/>\n<strong>P\u00e1ginas<\/strong>: 164<\/p>\n<p><strong>SINOPSIS<\/strong><\/p>\n<p><em>101 Tolais<\/em> es una interesante y divertid\u00edsima obra en la que la autora hace un recorrido brillante y ocurrente por el mundo de la sexualidad y las relaciones de pareja con una capacidad reflexiva y un sentido del humor apabullantes. El gen Tolai existe, hay una l\u00ednea muy fina que separa un hombre o una mujer \u00abnormal\u00bb de un esp\u00e9cimen \u00abtarado\u00bb.<\/p>\n<p>Al contrario de lo que pasa en los cuentos, donde besas a la rana y se convierte en Pr\u00edncipe, en la vida real el Pr\u00edncipe o la Princesa se acomodar\u00e1n y relajar\u00e1n hasta convertirse en sapos o ranas. Pueden ser d\u00edas, meses o a\u00f1os, pero recordad que en todos los cuentos, al final, el hechizo se rompe. \u00a0La misi\u00f3n de este manual es allanar el camino para guiaros hacia vuestra pareja o amante ideal, no hacia el monstruo de las galletas, que por muy azul que sea, nada tiene que ver con un Pr\u00edncipe. Para ello, deb\u00e9is mantener vuestro radar bien calibrado, para as\u00ed poder detectar a los espec\u00edmenes Tolais antes de que sea demasiado tarde.<\/p>\n<p>Los tiempos han cambiado, no necesit\u00e1is Pr\u00edncipes o Princesas con corona de caca de la que cag\u00f3 la vaca, mejor buscad un Lobo que llene vuestro cuento y vuestra vida de \u00abpolvos m\u00e1gicos\u00bb. Y es que, \u00bfpor qu\u00e9 conformaros con una Pitufina o con un Pr\u00edncipe Azul con la de colores y personajes que existen?<\/p>\n<p>La vida es demasiado supermegachachiruli como para permitir que uno de estos espeluznantes seres os arruine el d\u00eda o, peor a\u00fan, la vida entera.<\/p>\n","protected":false},"excerpt":{"rendered":"<p><strong>ISBN<\/strong>:978-84-1114-539-8<\/p>\n<p><strong>SINOPSIS<\/strong><\/p>\n<p><em>101 Tolais<\/em> es una interesante y divertid\u00edsima obra en la que la autora hace un recorrido brillante y ocurrente por el mundo de la sexualidad y las relaciones de pareja con una capacidad reflexiva y un sentido del humor apabullantes. El gen Tolai existe, hay una l\u00ednea muy fina que separa un hombre o una mujer \u00abnormal\u00bb de un esp\u00e9cimen \u00abtarado\u00bb.<\/p>\n<p>Al contrario de lo que pasa en los cuentos, donde besas a la rana y se convierte en Pr\u00edncipe, en la vida real el Pr\u00edncipe o la Princesa se acomodar\u00e1n y relajar\u00e1n hasta convertirse en sapos o ranas. Pueden ser d\u00edas, meses o a\u00f1os, pero recordad que en todos los cuentos, al final, el hechizo se rompe. \u00a0La misi\u00f3n de este manual es allanar el camino para guiaros hacia vuestra pareja o amante ideal, no hacia el monstruo de las galletas, que por muy azul que sea, nada tiene que ver con un Pr\u00edncipe. Para ello, deb\u00e9is mantener vuestro radar bien calibrado, para as\u00ed poder detectar a los espec\u00edmenes Tolais antes de que sea demasiado tarde.<\/p>\n<p>Los tiempos han cambiado, no necesit\u00e1is Pr\u00edncipes o Princesas con corona de caca de la que cag\u00f3 la vaca, mejor buscad un Lobo que llene vuestro cuento y vuestra vida de \u00abpolvos m\u00e1gicos\u00bb. Y es que, \u00bfpor qu\u00e9 conformaros con una Pitufina o con un Pr\u00edncipe Azul con la de colores y personajes que existen?<\/p>\n<p>La vida es demasiado supermegachachiruli como para permitir que uno de estos espeluznantes seres os arruine el d\u00eda o, peor a\u00fan, la vida entera.<\/p>\n","protected":false},"featured_media":97551,"comment_status":"closed","ping_status":"open","template":"","meta":{"_acf_changed":false},"libro":[],"product_brand":[],"product_cat":[16],"product_tag":[],"class_list":{"0":"post-97550","1":"product","2":"type-product","3":"status-publish","4":"has-post-thumbnail","6":"product_cat-novela","8":"first","9":"instock","10":"product-type-simple"},"acf":{"autor":[76126],"enlace_de_compra":"https:\/\/www.amazon.es\/Tolais-Gu%C3%ADa-para-decir-Autoayuda\/dp\/8411145395\/"},"yoast_head":"<!-- This site is optimized with the Yoast SEO plugin v26.6 - https:\/\/yoast.com\/wordpress\/plugins\/seo\/ -->\n<title>101 Tolais - Catalogo | Letrame Grupo Editorial<\/title>\n<meta name=\"robots\" content=\"index, follow, max-snippet:-1, max-image-preview:large, max-video-preview:-1\" \/>\n<link rel=\"canonical\" href=\"https:\/\/letrame.com\/catalogo\/producto\/101-tolais\/\" \/>\n<meta property=\"og:locale\" content=\"es_ES\" \/>\n<meta property=\"og:type\" content=\"article\" \/>\n<meta property=\"og:title\" content=\"101 Tolais - Catalogo | Letrame Grupo Editorial\" \/>\n<meta property=\"og:description\" content=\"ISBN:978-84-1114-539-8 SINOPSIS 101 Tolais es una interesante y divertid\u00edsima obra en la que la autora hace un recorrido brillante y ocurrente por el mundo de la sexualidad y las relaciones de pareja con una capacidad reflexiva y un sentido del humor apabullantes. El gen Tolai existe, hay una l\u00ednea muy fina que separa un hombre o una mujer \u00abnormal\u00bb de un esp\u00e9cimen \u00abtarado\u00bb. Al contrario de lo que pasa en los cuentos, donde besas a la rana y se convierte en Pr\u00edncipe, en la vida real el Pr\u00edncipe o la Princesa se acomodar\u00e1n y relajar\u00e1n hasta convertirse en sapos o ranas. Pueden ser d\u00edas, meses o a\u00f1os, pero recordad que en todos los cuentos, al final, el hechizo se rompe. \u00a0La misi\u00f3n de este manual es allanar el camino para guiaros hacia vuestra pareja o amante ideal, no hacia el monstruo de las galletas, que por muy azul que sea, nada tiene que ver con un Pr\u00edncipe. Para ello, deb\u00e9is mantener vuestro radar bien calibrado, para as\u00ed poder detectar a los espec\u00edmenes Tolais antes de que sea demasiado tarde. Los tiempos han cambiado, no necesit\u00e1is Pr\u00edncipes o Princesas con corona de caca de la que cag\u00f3 la vaca, mejor buscad un Lobo que llene vuestro cuento y vuestra vida de \u00abpolvos m\u00e1gicos\u00bb. Y es que, \u00bfpor qu\u00e9 conformaros con una Pitufina o con un Pr\u00edncipe Azul con la de colores y personajes que existen? La vida es demasiado supermegachachiruli como para permitir que uno de estos espeluznantes seres os arruine el d\u00eda o, peor a\u00fan, la vida entera.\" \/>\n<meta property=\"og:url\" content=\"https:\/\/letrame.com\/catalogo\/producto\/101-tolais\/\" \/>\n<meta property=\"og:site_name\" content=\"Catalogo | Letrame Grupo Editorial\" \/>\n<meta property=\"og:image\" content=\"https:\/\/letrame.com\/catalogo\/wp-content\/uploads\/2024\/04\/portada_101tolais_867mm.jpeg\" \/>\n\t<meta property=\"og:image:width\" content=\"601\" \/>\n\t<meta property=\"og:image:height\" content=\"881\" \/>\n\t<meta property=\"og:image:type\" content=\"image\/jpeg\" \/>\n<meta name=\"twitter:card\" content=\"summary_large_image\" \/>\n<meta name=\"twitter:label1\" content=\"Tiempo de lectura\" \/>\n\t<meta name=\"twitter:data1\" content=\"1 minuto\" \/>\n<script type=\"application\/ld+json\" class=\"yoast-schema-graph\">{\"@context\":\"https:\/\/schema.org\",\"@graph\":[{\"@type\":\"WebPage\",\"@id\":\"https:\/\/letrame.com\/catalogo\/producto\/101-tolais\/\",\"url\":\"https:\/\/letrame.com\/catalogo\/producto\/101-tolais\/\",\"name\":\"101 Tolais - Catalogo | Letrame Grupo Editorial\",\"isPartOf\":{\"@id\":\"https:\/\/letrame.com\/catalogo\/#website\"},\"primaryImageOfPage\":{\"@id\":\"https:\/\/letrame.com\/catalogo\/producto\/101-tolais\/#primaryimage\"},\"image\":{\"@id\":\"https:\/\/letrame.com\/catalogo\/producto\/101-tolais\/#primaryimage\"},\"thumbnailUrl\":\"https:\/\/letrame.com\/catalogo\/wp-content\/uploads\/2024\/04\/portada_101tolais_867mm.jpeg\",\"datePublished\":\"2024-04-29T12:10:47+00:00\",\"breadcrumb\":{\"@id\":\"https:\/\/letrame.com\/catalogo\/producto\/101-tolais\/#breadcrumb\"},\"inLanguage\":\"es\",\"potentialAction\":[{\"@type\":\"ReadAction\",\"target\":[\"https:\/\/letrame.com\/catalogo\/producto\/101-tolais\/\"]}]},{\"@type\":\"ImageObject\",\"inLanguage\":\"es\",\"@id\":\"https:\/\/letrame.com\/catalogo\/producto\/101-tolais\/#primaryimage\",\"url\":\"https:\/\/letrame.com\/catalogo\/wp-content\/uploads\/2024\/04\/portada_101tolais_867mm.jpeg\",\"contentUrl\":\"https:\/\/letrame.com\/catalogo\/wp-content\/uploads\/2024\/04\/portada_101tolais_867mm.jpeg\",\"width\":601,\"height\":881},{\"@type\":\"BreadcrumbList\",\"@id\":\"https:\/\/letrame.com\/catalogo\/producto\/101-tolais\/#breadcrumb\",\"itemListElement\":[{\"@type\":\"ListItem\",\"position\":1,\"name\":\"Portada\",\"item\":\"https:\/\/letrame.com\/catalogo\/\"},{\"@type\":\"ListItem\",\"position\":2,\"name\":\"Cat\u00e1logo\",\"item\":\"https:\/\/letrame.com\/catalogo\/\"},{\"@type\":\"ListItem\",\"position\":3,\"name\":\"101 Tolais\"}]},{\"@type\":\"WebSite\",\"@id\":\"https:\/\/letrame.com\/catalogo\/#website\",\"url\":\"https:\/\/letrame.com\/catalogo\/\",\"name\":\"Catalogo | Letrame Grupo Editorial\",\"description\":\"\",\"publisher\":{\"@id\":\"https:\/\/letrame.com\/catalogo\/#organization\"},\"potentialAction\":[{\"@type\":\"SearchAction\",\"target\":{\"@type\":\"EntryPoint\",\"urlTemplate\":\"https:\/\/letrame.com\/catalogo\/?s={search_term_string}\"},\"query-input\":{\"@type\":\"PropertyValueSpecification\",\"valueRequired\":true,\"valueName\":\"search_term_string\"}}],\"inLanguage\":\"es\"},{\"@type\":\"Organization\",\"@id\":\"https:\/\/letrame.com\/catalogo\/#organization\",\"name\":\"Catalogo | Letrame Grupo Editorial\",\"url\":\"https:\/\/letrame.com\/catalogo\/\",\"logo\":{\"@type\":\"ImageObject\",\"inLanguage\":\"es\",\"@id\":\"https:\/\/letrame.com\/catalogo\/#\/schema\/logo\/image\/\",\"url\":\"https:\/\/letrame.com\/catalogo\/wp-content\/uploads\/2024\/03\/logo2.webp\",\"contentUrl\":\"https:\/\/letrame.com\/catalogo\/wp-content\/uploads\/2024\/03\/logo2.webp\",\"width\":394,\"height\":128,\"caption\":\"Catalogo | Letrame Grupo Editorial\"},\"image\":{\"@id\":\"https:\/\/letrame.com\/catalogo\/#\/schema\/logo\/image\/\"}}]}<\/script>\n<!-- \/ Yoast SEO plugin. -->","yoast_head_json":{"title":"101 Tolais - Catalogo | Letrame Grupo Editorial","robots":{"index":"index","follow":"follow","max-snippet":"max-snippet:-1","max-image-preview":"max-image-preview:large","max-video-preview":"max-video-preview:-1"},"canonical":"https:\/\/letrame.com\/catalogo\/producto\/101-tolais\/","og_locale":"es_ES","og_type":"article","og_title":"101 Tolais - Catalogo | Letrame Grupo Editorial","og_description":"ISBN:978-84-1114-539-8 SINOPSIS 101 Tolais es una interesante y divertid\u00edsima obra en la que la autora hace un recorrido brillante y ocurrente por el mundo de la sexualidad y las relaciones de pareja con una capacidad reflexiva y un sentido del humor apabullantes. El gen Tolai existe, hay una l\u00ednea muy fina que separa un hombre o una mujer \u00abnormal\u00bb de un esp\u00e9cimen \u00abtarado\u00bb. Al contrario de lo que pasa en los cuentos, donde besas a la rana y se convierte en Pr\u00edncipe, en la vida real el Pr\u00edncipe o la Princesa se acomodar\u00e1n y relajar\u00e1n hasta convertirse en sapos o ranas. Pueden ser d\u00edas, meses o a\u00f1os, pero recordad que en todos los cuentos, al final, el hechizo se rompe. \u00a0La misi\u00f3n de este manual es allanar el camino para guiaros hacia vuestra pareja o amante ideal, no hacia el monstruo de las galletas, que por muy azul que sea, nada tiene que ver con un Pr\u00edncipe. Para ello, deb\u00e9is mantener vuestro radar bien calibrado, para as\u00ed poder detectar a los espec\u00edmenes Tolais antes de que sea demasiado tarde. Los tiempos han cambiado, no necesit\u00e1is Pr\u00edncipes o Princesas con corona de caca de la que cag\u00f3 la vaca, mejor buscad un Lobo que llene vuestro cuento y vuestra vida de \u00abpolvos m\u00e1gicos\u00bb. Y es que, \u00bfpor qu\u00e9 conformaros con una Pitufina o con un Pr\u00edncipe Azul con la de colores y personajes que existen? La vida es demasiado supermegachachiruli como para permitir que uno de estos espeluznantes seres os arruine el d\u00eda o, peor a\u00fan, la vida entera.","og_url":"https:\/\/letrame.com\/catalogo\/producto\/101-tolais\/","og_site_name":"Catalogo | Letrame Grupo Editorial","og_image":[{"width":601,"height":881,"url":"https:\/\/letrame.com\/catalogo\/wp-content\/uploads\/2024\/04\/portada_101tolais_867mm.jpeg","type":"image\/jpeg"}],"twitter_card":"summary_large_image","twitter_misc":{"Tiempo de lectura":"1 minuto"},"schema":{"@context":"https:\/\/schema.org","@graph":[{"@type":"WebPage","@id":"https:\/\/letrame.com\/catalogo\/producto\/101-tolais\/","url":"https:\/\/letrame.com\/catalogo\/producto\/101-tolais\/","name":"101 Tolais - Catalogo | Letrame Grupo Editorial","isPartOf":{"@id":"https:\/\/letrame.com\/catalogo\/#website"},"primaryImageOfPage":{"@id":"https:\/\/letrame.com\/catalogo\/producto\/101-tolais\/#primaryimage"},"image":{"@id":"https:\/\/letrame.com\/catalogo\/producto\/101-tolais\/#primaryimage"},"thumbnailUrl":"https:\/\/letrame.com\/catalogo\/wp-content\/uploads\/2024\/04\/portada_101tolais_867mm.jpeg","datePublished":"2024-04-29T12:10:47+00:00","breadcrumb":{"@id":"https:\/\/letrame.com\/catalogo\/producto\/101-tolais\/#breadcrumb"},"inLanguage":"es","potentialAction":[{"@type":"ReadAction","target":["https:\/\/letrame.com\/catalogo\/producto\/101-tolais\/"]}]},{"@type":"ImageObject","inLanguage":"es","@id":"https:\/\/letrame.com\/catalogo\/producto\/101-tolais\/#primaryimage","url":"https:\/\/letrame.com\/catalogo\/wp-content\/uploads\/2024\/04\/portada_101tolais_867mm.jpeg","contentUrl":"https:\/\/letrame.com\/catalogo\/wp-content\/uploads\/2024\/04\/portada_101tolais_867mm.jpeg","width":601,"height":881},{"@type":"BreadcrumbList","@id":"https:\/\/letrame.com\/catalogo\/producto\/101-tolais\/#breadcrumb","itemListElement":[{"@type":"ListItem","position":1,"name":"Portada","item":"https:\/\/letrame.com\/catalogo\/"},{"@type":"ListItem","position":2,"name":"Cat\u00e1logo","item":"https:\/\/letrame.com\/catalogo\/"},{"@type":"ListItem","position":3,"name":"101 Tolais"}]},{"@type":"WebSite","@id":"https:\/\/letrame.com\/catalogo\/#website","url":"https:\/\/letrame.com\/catalogo\/","name":"Catalogo | Letrame Grupo Editorial","description":"","publisher":{"@id":"https:\/\/letrame.com\/catalogo\/#organization"},"potentialAction":[{"@type":"SearchAction","target":{"@type":"EntryPoint","urlTemplate":"https:\/\/letrame.com\/catalogo\/?s={search_term_string}"},"query-input":{"@type":"PropertyValueSpecification","valueRequired":true,"valueName":"search_term_string"}}],"inLanguage":"es"},{"@type":"Organization","@id":"https:\/\/letrame.com\/catalogo\/#organization","name":"Catalogo | Letrame Grupo Editorial","url":"https:\/\/letrame.com\/catalogo\/","logo":{"@type":"ImageObject","inLanguage":"es","@id":"https:\/\/letrame.com\/catalogo\/#\/schema\/logo\/image\/","url":"https:\/\/letrame.com\/catalogo\/wp-content\/uploads\/2024\/03\/logo2.webp","contentUrl":"https:\/\/letrame.com\/catalogo\/wp-content\/uploads\/2024\/03\/logo2.webp","width":394,"height":128,"caption":"Catalogo | Letrame Grupo Editorial"},"image":{"@id":"https:\/\/letrame.com\/catalogo\/#\/schema\/logo\/image\/"}}]}},"_links":{"self":[{"href":"https:\/\/letrame.com\/catalogo\/wp-json\/wp\/v2\/product\/97550","targetHints":{"allow":["GET"]}}],"collection":[{"href":"https:\/\/letrame.com\/catalogo\/wp-json\/wp\/v2\/product"}],"about":[{"href":"https:\/\/letrame.com\/catalogo\/wp-json\/wp\/v2\/types\/product"}],"replies":[{"embeddable":true,"href":"https:\/\/letrame.com\/catalogo\/wp-json\/wp\/v2\/comments?post=97550"}],"acf:post":[{"embeddable":true,"href":"https:\/\/letrame.com\/catalogo\/wp-json\/wp\/v2\/author_book\/76126"}],"wp:featuredmedia":[{"embeddable":true,"href":"https:\/\/letrame.com\/catalogo\/wp-json\/wp\/v2\/media\/97551"}],"wp:attachment":[{"href":"https:\/\/letrame.com\/catalogo\/wp-json\/wp\/v2\/media?parent=97550"}],"wp:term":[{"taxonomy":"libro","embeddable":true,"href":"https:\/\/letrame.com\/catalogo\/wp-json\/wp\/v2\/libro?post=97550"},{"taxonomy":"product_brand","embeddable":true,"href":"https:\/\/letrame.com\/catalogo\/wp-json\/wp\/v2\/product_brand?post=97550"},{"taxonomy":"product_cat","embeddable":true,"href":"https:\/\/letrame.com\/catalogo\/wp-json\/wp\/v2\/product_cat?post=97550"},{"taxonomy":"product_tag","embeddable":true,"href":"https:\/\/letrame.com\/catalogo\/wp-json\/wp\/v2\/product_tag?post=97550"}],"curies":[{"name":"wp","href":"https:\/\/api.w.org\/{rel}","templated":true}]}}