{"id":97548,"date":"2024-04-29T14:09:39","date_gmt":"2024-04-29T12:09:39","guid":{"rendered":"https:\/\/letrame.com\/catalogo\/producto\/100-idees\/"},"modified":"2024-08-14T14:46:30","modified_gmt":"2024-08-14T12:46:30","slug":"100-idees","status":"publish","type":"product","link":"https:\/\/letrame.com\/catalogo\/producto\/100-idees\/","title":{"rendered":"100 idees"},"content":{"rendered":"<p><strong>ISBN<\/strong>:978-84-1114-520-6<\/p>\n<p><strong>T\u00edtulo<\/strong>:100 idees<\/p>\n<p><strong>Fecha<\/strong>: 2022<br \/>\n<strong>P\u00e1ginas<\/strong>: 122<\/p>\n<p><strong>SINOPSIS<\/strong><\/p>\n<p>Aquest llibre \u00e9s una gran guia per educar els nostres fills, amb amor, respecte i il\u00b7lusi\u00f3, tot ajudant-los a cr\u00e9ixer com a persones, amb valors, h\u00e0bits i, sobretot, molt d&#8217;afecte i confian\u00e7a. Cal ajudar-los a ser aut\u00f2noms, fomentar la seva seguretat i ensenyar-los a cantar i a ballar, coses que els faran m\u00e9s feli\u00e7os i capa\u00e7os d&#8217;afrontar-ho tot amb un somriure.\u00a0 Hi trobareu molts i molts temes que us ajudaran a educar des del primer dia i durant els primers 2 o 3\u00a0 (o 4 o 5) anys, que s\u00f3n b\u00e0sics, comen\u00e7ant per la manera de parlar i seguint per la manera de relacionar-se. A m\u00e9s a m\u00e9s, tots els temes s\u00f3n f\u00e0cils, assequibles i explicats d&#8217;una manera molt clara i entenedora, apta per a tots els p\u00fablics. \u00c9s, doncs, un llibre de lectura f\u00e0cil i r\u00e0pida, tot i que inclou 100 idees.<\/p>\n<p>Hi trobareu respostes a totes i cadascuna de les vostres preguntes i dubtes, des de la dieta fins a com actuar en determinats casos, des de la higiene fins a l&#8217;horari, passant per l&#8217;aigua, les vacunes, els bolquers o la independ\u00e8ncia personal. Quan cal introduir l&#8217;angl\u00e8s? Com li parlo? Cada quan canvio els bolquers? L&#8217;ajudo poc o l&#8217;ajudo molt? Qu\u00e8 he der fer si cau? Li he de comprar moltes coses? Jo tamb\u00e9 aprenc? Nosaltres tamb\u00e9 tenim import\u00e0ncia? Qui mana? Afavoreix la m\u00fasica el desenvolupament personal? Cal ser agra\u00efts? Cal fer pinya? Cal ser positius i optimistes? Qui ens ajudar\u00e0 i ens far\u00e0 costat?\u00a0 Segur que, de mica en mica, anireu contestant aquestes preguntes, i\u00a0 aquest llibre us ajudar\u00e0 a trobar el cam\u00ed.<\/p>\n<p>Si no sou pares, tamb\u00e9 \u00e9s un bon regal per als vostres amics o parents que ho s\u00f3n des de fa poc o que esperen una criatura.<\/p>\n<p>&nbsp;<\/p>\n<p>&nbsp;<\/p>\n","protected":false},"excerpt":{"rendered":"<p><strong>ISBN<\/strong>:978-84-1114-520-6<\/p>\n<p><strong>SINOPSIS<\/strong><\/p>\n<p>Aquest llibre \u00e9s una gran guia per educar els nostres fills, amb amor, respecte i il\u00b7lusi\u00f3, tot ajudant-los a cr\u00e9ixer com a persones, amb valors, h\u00e0bits i, sobretot, molt d&#8217;afecte i confian\u00e7a. Cal ajudar-los a ser aut\u00f2noms, fomentar la seva seguretat i ensenyar-los a cantar i a ballar, coses que els faran m\u00e9s feli\u00e7os i capa\u00e7os d&#8217;afrontar-ho tot amb un somriure.\u00a0 Hi trobareu molts i molts temes que us ajudaran a educar des del primer dia i durant els primers 2 o 3\u00a0 (o 4 o 5) anys, que s\u00f3n b\u00e0sics, comen\u00e7ant per la manera de parlar i seguint per la manera de relacionar-se. A m\u00e9s a m\u00e9s, tots els temes s\u00f3n f\u00e0cils, assequibles i explicats d&#8217;una manera molt clara i entenedora, apta per a tots els p\u00fablics. \u00c9s, doncs, un llibre de lectura f\u00e0cil i r\u00e0pida, tot i que inclou 100 idees.<\/p>\n<p>Hi trobareu respostes a totes i cadascuna de les vostres preguntes i dubtes, des de la dieta fins a com actuar en determinats casos, des de la higiene fins a l&#8217;horari, passant per l&#8217;aigua, les vacunes, els bolquers o la independ\u00e8ncia personal. Quan cal introduir l&#8217;angl\u00e8s? Com li parlo? Cada quan canvio els bolquers? L&#8217;ajudo poc o l&#8217;ajudo molt? Qu\u00e8 he der fer si cau? Li he de comprar moltes coses? Jo tamb\u00e9 aprenc? Nosaltres tamb\u00e9 tenim import\u00e0ncia? Qui mana? Afavoreix la m\u00fasica el desenvolupament personal? Cal ser agra\u00efts? Cal fer pinya? Cal ser positius i optimistes? Qui ens ajudar\u00e0 i ens far\u00e0 costat?\u00a0 Segur que, de mica en mica, anireu contestant aquestes preguntes, i\u00a0 aquest llibre us ajudar\u00e0 a trobar el cam\u00ed.<\/p>\n<p>Si no sou pares, tamb\u00e9 \u00e9s un bon regal per als vostres amics o parents que ho s\u00f3n des de fa poc o que esperen una criatura.<\/p>\n","protected":false},"featured_media":97549,"comment_status":"closed","ping_status":"closed","template":"","meta":{"_acf_changed":false},"libro":[],"product_brand":[],"product_cat":[27,23],"product_tag":[],"class_list":{"0":"post-97548","1":"product","2":"type-product","3":"status-publish","4":"has-post-thumbnail","6":"product_cat-divulgacion","7":"product_cat-ensayos","9":"first","10":"instock","11":"product-type-simple"},"acf":{"autor":[76171],"enlace_de_compra":""},"yoast_head":"<!-- This site is optimized with the Yoast SEO plugin v27.4 - https:\/\/yoast.com\/product\/yoast-seo-wordpress\/ -->\n<title>100 idees - Catalogo | Letrame Grupo Editorial<\/title>\n<meta name=\"robots\" content=\"index, follow, max-snippet:-1, max-image-preview:large, max-video-preview:-1\" \/>\n<link rel=\"canonical\" href=\"https:\/\/letrame.com\/catalogo\/producto\/100-idees\/\" \/>\n<meta property=\"og:locale\" content=\"es_ES\" \/>\n<meta property=\"og:type\" content=\"article\" \/>\n<meta property=\"og:title\" content=\"100 idees - Catalogo | Letrame Grupo Editorial\" \/>\n<meta property=\"og:description\" content=\"ISBN:978-84-1114-520-6  SINOPSIS  Aquest llibre \u00e9s una gran guia per educar els nostres fills, amb amor, respecte i il\u00b7lusi\u00f3, tot ajudant-los a cr\u00e9ixer com a persones, amb valors, h\u00e0bits i, sobretot, molt d&#039;afecte i confian\u00e7a. Cal ajudar-los a ser aut\u00f2noms, fomentar la seva seguretat i ensenyar-los a cantar i a ballar, coses que els faran m\u00e9s feli\u00e7os i capa\u00e7os d&#039;afrontar-ho tot amb un somriure.\u00a0 Hi trobareu molts i molts temes que us ajudaran a educar des del primer dia i durant els primers 2 o 3\u00a0 (o 4 o 5) anys, que s\u00f3n b\u00e0sics, comen\u00e7ant per la manera de parlar i seguint per la manera de relacionar-se. A m\u00e9s a m\u00e9s, tots els temes s\u00f3n f\u00e0cils, assequibles i explicats d&#039;una manera molt clara i entenedora, apta per a tots els p\u00fablics. \u00c9s, doncs, un llibre de lectura f\u00e0cil i r\u00e0pida, tot i que inclou 100 idees.  Hi trobareu respostes a totes i cadascuna de les vostres preguntes i dubtes, des de la dieta fins a com actuar en determinats casos, des de la higiene fins a l&#039;horari, passant per l&#039;aigua, les vacunes, els bolquers o la independ\u00e8ncia personal. Quan cal introduir l&#039;angl\u00e8s? Com li parlo? Cada quan canvio els bolquers? L&#039;ajudo poc o l&#039;ajudo molt? Qu\u00e8 he der fer si cau? Li he de comprar moltes coses? Jo tamb\u00e9 aprenc? Nosaltres tamb\u00e9 tenim import\u00e0ncia? Qui mana? Afavoreix la m\u00fasica el desenvolupament personal? Cal ser agra\u00efts? Cal fer pinya? Cal ser positius i optimistes? Qui ens ajudar\u00e0 i ens far\u00e0 costat?\u00a0 Segur que, de mica en mica, anireu contestant aquestes preguntes, i\u00a0 aquest llibre us ajudar\u00e0 a trobar el cam\u00ed.  Si no sou pares, tamb\u00e9 \u00e9s un bon regal per als vostres amics o parents que ho s\u00f3n des de fa poc o que esperen una criatura.\" \/>\n<meta property=\"og:url\" content=\"https:\/\/letrame.com\/catalogo\/producto\/100-idees\/\" \/>\n<meta property=\"og:site_name\" content=\"Catalogo | Letrame Grupo Editorial\" \/>\n<meta property=\"article:modified_time\" content=\"2024-08-14T12:46:30+00:00\" \/>\n<meta property=\"og:image\" content=\"https:\/\/letrame.com\/catalogo\/wp-content\/uploads\/2024\/04\/portada_100idees_673mm-scaled-1.jpeg\" \/>\n\t<meta property=\"og:image:width\" content=\"1746\" \/>\n\t<meta property=\"og:image:height\" content=\"2560\" \/>\n\t<meta property=\"og:image:type\" content=\"image\/jpeg\" \/>\n<meta name=\"twitter:card\" content=\"summary_large_image\" \/>\n<meta name=\"twitter:label1\" content=\"Tiempo de lectura\" \/>\n\t<meta name=\"twitter:data1\" content=\"2 minutos\" \/>\n<script type=\"application\/ld+json\" class=\"yoast-schema-graph\">{\"@context\":\"https:\\\/\\\/schema.org\",\"@graph\":[{\"@type\":\"WebPage\",\"@id\":\"https:\\\/\\\/letrame.com\\\/catalogo\\\/producto\\\/100-idees\\\/\",\"url\":\"https:\\\/\\\/letrame.com\\\/catalogo\\\/producto\\\/100-idees\\\/\",\"name\":\"100 idees - Catalogo | Letrame Grupo Editorial\",\"isPartOf\":{\"@id\":\"https:\\\/\\\/letrame.com\\\/catalogo\\\/#website\"},\"primaryImageOfPage\":{\"@id\":\"https:\\\/\\\/letrame.com\\\/catalogo\\\/producto\\\/100-idees\\\/#primaryimage\"},\"image\":{\"@id\":\"https:\\\/\\\/letrame.com\\\/catalogo\\\/producto\\\/100-idees\\\/#primaryimage\"},\"thumbnailUrl\":\"https:\\\/\\\/letrame.com\\\/catalogo\\\/wp-content\\\/uploads\\\/2024\\\/04\\\/portada_100idees_673mm-scaled-1.jpeg\",\"datePublished\":\"2024-04-29T12:09:39+00:00\",\"dateModified\":\"2024-08-14T12:46:30+00:00\",\"breadcrumb\":{\"@id\":\"https:\\\/\\\/letrame.com\\\/catalogo\\\/producto\\\/100-idees\\\/#breadcrumb\"},\"inLanguage\":\"es\",\"potentialAction\":[{\"@type\":\"ReadAction\",\"target\":[\"https:\\\/\\\/letrame.com\\\/catalogo\\\/producto\\\/100-idees\\\/\"]}]},{\"@type\":\"ImageObject\",\"inLanguage\":\"es\",\"@id\":\"https:\\\/\\\/letrame.com\\\/catalogo\\\/producto\\\/100-idees\\\/#primaryimage\",\"url\":\"https:\\\/\\\/letrame.com\\\/catalogo\\\/wp-content\\\/uploads\\\/2024\\\/04\\\/portada_100idees_673mm-scaled-1.jpeg\",\"contentUrl\":\"https:\\\/\\\/letrame.com\\\/catalogo\\\/wp-content\\\/uploads\\\/2024\\\/04\\\/portada_100idees_673mm-scaled-1.jpeg\",\"width\":1746,\"height\":2560},{\"@type\":\"BreadcrumbList\",\"@id\":\"https:\\\/\\\/letrame.com\\\/catalogo\\\/producto\\\/100-idees\\\/#breadcrumb\",\"itemListElement\":[{\"@type\":\"ListItem\",\"position\":1,\"name\":\"Portada\",\"item\":\"https:\\\/\\\/letrame.com\\\/catalogo\\\/\"},{\"@type\":\"ListItem\",\"position\":2,\"name\":\"Cat\u00e1logo\",\"item\":\"https:\\\/\\\/letrame.com\\\/catalogo\\\/\"},{\"@type\":\"ListItem\",\"position\":3,\"name\":\"100 idees\"}]},{\"@type\":\"WebSite\",\"@id\":\"https:\\\/\\\/letrame.com\\\/catalogo\\\/#website\",\"url\":\"https:\\\/\\\/letrame.com\\\/catalogo\\\/\",\"name\":\"Catalogo | Letrame Grupo Editorial\",\"description\":\"\",\"publisher\":{\"@id\":\"https:\\\/\\\/letrame.com\\\/catalogo\\\/#organization\"},\"potentialAction\":[{\"@type\":\"SearchAction\",\"target\":{\"@type\":\"EntryPoint\",\"urlTemplate\":\"https:\\\/\\\/letrame.com\\\/catalogo\\\/?s={search_term_string}\"},\"query-input\":{\"@type\":\"PropertyValueSpecification\",\"valueRequired\":true,\"valueName\":\"search_term_string\"}}],\"inLanguage\":\"es\"},{\"@type\":\"Organization\",\"@id\":\"https:\\\/\\\/letrame.com\\\/catalogo\\\/#organization\",\"name\":\"Catalogo | Letrame Grupo Editorial\",\"url\":\"https:\\\/\\\/letrame.com\\\/catalogo\\\/\",\"logo\":{\"@type\":\"ImageObject\",\"inLanguage\":\"es\",\"@id\":\"https:\\\/\\\/letrame.com\\\/catalogo\\\/#\\\/schema\\\/logo\\\/image\\\/\",\"url\":\"https:\\\/\\\/letrame.com\\\/catalogo\\\/wp-content\\\/uploads\\\/2024\\\/03\\\/logo2.webp\",\"contentUrl\":\"https:\\\/\\\/letrame.com\\\/catalogo\\\/wp-content\\\/uploads\\\/2024\\\/03\\\/logo2.webp\",\"width\":394,\"height\":128,\"caption\":\"Catalogo | Letrame Grupo Editorial\"},\"image\":{\"@id\":\"https:\\\/\\\/letrame.com\\\/catalogo\\\/#\\\/schema\\\/logo\\\/image\\\/\"}}]}<\/script>\n<!-- \/ Yoast SEO plugin. -->","yoast_head_json":{"title":"100 idees - Catalogo | Letrame Grupo Editorial","robots":{"index":"index","follow":"follow","max-snippet":"max-snippet:-1","max-image-preview":"max-image-preview:large","max-video-preview":"max-video-preview:-1"},"canonical":"https:\/\/letrame.com\/catalogo\/producto\/100-idees\/","og_locale":"es_ES","og_type":"article","og_title":"100 idees - Catalogo | Letrame Grupo Editorial","og_description":"ISBN:978-84-1114-520-6  SINOPSIS  Aquest llibre \u00e9s una gran guia per educar els nostres fills, amb amor, respecte i il\u00b7lusi\u00f3, tot ajudant-los a cr\u00e9ixer com a persones, amb valors, h\u00e0bits i, sobretot, molt d'afecte i confian\u00e7a. Cal ajudar-los a ser aut\u00f2noms, fomentar la seva seguretat i ensenyar-los a cantar i a ballar, coses que els faran m\u00e9s feli\u00e7os i capa\u00e7os d'afrontar-ho tot amb un somriure.\u00a0 Hi trobareu molts i molts temes que us ajudaran a educar des del primer dia i durant els primers 2 o 3\u00a0 (o 4 o 5) anys, que s\u00f3n b\u00e0sics, comen\u00e7ant per la manera de parlar i seguint per la manera de relacionar-se. A m\u00e9s a m\u00e9s, tots els temes s\u00f3n f\u00e0cils, assequibles i explicats d'una manera molt clara i entenedora, apta per a tots els p\u00fablics. \u00c9s, doncs, un llibre de lectura f\u00e0cil i r\u00e0pida, tot i que inclou 100 idees.  Hi trobareu respostes a totes i cadascuna de les vostres preguntes i dubtes, des de la dieta fins a com actuar en determinats casos, des de la higiene fins a l'horari, passant per l'aigua, les vacunes, els bolquers o la independ\u00e8ncia personal. Quan cal introduir l'angl\u00e8s? Com li parlo? Cada quan canvio els bolquers? L'ajudo poc o l'ajudo molt? Qu\u00e8 he der fer si cau? Li he de comprar moltes coses? Jo tamb\u00e9 aprenc? Nosaltres tamb\u00e9 tenim import\u00e0ncia? Qui mana? Afavoreix la m\u00fasica el desenvolupament personal? Cal ser agra\u00efts? Cal fer pinya? Cal ser positius i optimistes? Qui ens ajudar\u00e0 i ens far\u00e0 costat?\u00a0 Segur que, de mica en mica, anireu contestant aquestes preguntes, i\u00a0 aquest llibre us ajudar\u00e0 a trobar el cam\u00ed.  Si no sou pares, tamb\u00e9 \u00e9s un bon regal per als vostres amics o parents que ho s\u00f3n des de fa poc o que esperen una criatura.","og_url":"https:\/\/letrame.com\/catalogo\/producto\/100-idees\/","og_site_name":"Catalogo | Letrame Grupo Editorial","article_modified_time":"2024-08-14T12:46:30+00:00","og_image":[{"width":1746,"height":2560,"url":"https:\/\/letrame.com\/catalogo\/wp-content\/uploads\/2024\/04\/portada_100idees_673mm-scaled-1.jpeg","type":"image\/jpeg"}],"twitter_card":"summary_large_image","twitter_misc":{"Tiempo de lectura":"2 minutos"},"schema":{"@context":"https:\/\/schema.org","@graph":[{"@type":"WebPage","@id":"https:\/\/letrame.com\/catalogo\/producto\/100-idees\/","url":"https:\/\/letrame.com\/catalogo\/producto\/100-idees\/","name":"100 idees - Catalogo | Letrame Grupo Editorial","isPartOf":{"@id":"https:\/\/letrame.com\/catalogo\/#website"},"primaryImageOfPage":{"@id":"https:\/\/letrame.com\/catalogo\/producto\/100-idees\/#primaryimage"},"image":{"@id":"https:\/\/letrame.com\/catalogo\/producto\/100-idees\/#primaryimage"},"thumbnailUrl":"https:\/\/letrame.com\/catalogo\/wp-content\/uploads\/2024\/04\/portada_100idees_673mm-scaled-1.jpeg","datePublished":"2024-04-29T12:09:39+00:00","dateModified":"2024-08-14T12:46:30+00:00","breadcrumb":{"@id":"https:\/\/letrame.com\/catalogo\/producto\/100-idees\/#breadcrumb"},"inLanguage":"es","potentialAction":[{"@type":"ReadAction","target":["https:\/\/letrame.com\/catalogo\/producto\/100-idees\/"]}]},{"@type":"ImageObject","inLanguage":"es","@id":"https:\/\/letrame.com\/catalogo\/producto\/100-idees\/#primaryimage","url":"https:\/\/letrame.com\/catalogo\/wp-content\/uploads\/2024\/04\/portada_100idees_673mm-scaled-1.jpeg","contentUrl":"https:\/\/letrame.com\/catalogo\/wp-content\/uploads\/2024\/04\/portada_100idees_673mm-scaled-1.jpeg","width":1746,"height":2560},{"@type":"BreadcrumbList","@id":"https:\/\/letrame.com\/catalogo\/producto\/100-idees\/#breadcrumb","itemListElement":[{"@type":"ListItem","position":1,"name":"Portada","item":"https:\/\/letrame.com\/catalogo\/"},{"@type":"ListItem","position":2,"name":"Cat\u00e1logo","item":"https:\/\/letrame.com\/catalogo\/"},{"@type":"ListItem","position":3,"name":"100 idees"}]},{"@type":"WebSite","@id":"https:\/\/letrame.com\/catalogo\/#website","url":"https:\/\/letrame.com\/catalogo\/","name":"Catalogo | Letrame Grupo Editorial","description":"","publisher":{"@id":"https:\/\/letrame.com\/catalogo\/#organization"},"potentialAction":[{"@type":"SearchAction","target":{"@type":"EntryPoint","urlTemplate":"https:\/\/letrame.com\/catalogo\/?s={search_term_string}"},"query-input":{"@type":"PropertyValueSpecification","valueRequired":true,"valueName":"search_term_string"}}],"inLanguage":"es"},{"@type":"Organization","@id":"https:\/\/letrame.com\/catalogo\/#organization","name":"Catalogo | Letrame Grupo Editorial","url":"https:\/\/letrame.com\/catalogo\/","logo":{"@type":"ImageObject","inLanguage":"es","@id":"https:\/\/letrame.com\/catalogo\/#\/schema\/logo\/image\/","url":"https:\/\/letrame.com\/catalogo\/wp-content\/uploads\/2024\/03\/logo2.webp","contentUrl":"https:\/\/letrame.com\/catalogo\/wp-content\/uploads\/2024\/03\/logo2.webp","width":394,"height":128,"caption":"Catalogo | Letrame Grupo Editorial"},"image":{"@id":"https:\/\/letrame.com\/catalogo\/#\/schema\/logo\/image\/"}}]}},"_links":{"self":[{"href":"https:\/\/letrame.com\/catalogo\/wp-json\/wp\/v2\/product\/97548","targetHints":{"allow":["GET"]}}],"collection":[{"href":"https:\/\/letrame.com\/catalogo\/wp-json\/wp\/v2\/product"}],"about":[{"href":"https:\/\/letrame.com\/catalogo\/wp-json\/wp\/v2\/types\/product"}],"replies":[{"embeddable":true,"href":"https:\/\/letrame.com\/catalogo\/wp-json\/wp\/v2\/comments?post=97548"}],"acf:post":[{"embeddable":true,"href":"https:\/\/letrame.com\/catalogo\/wp-json\/wp\/v2\/author_book\/76171"}],"wp:featuredmedia":[{"embeddable":true,"href":"https:\/\/letrame.com\/catalogo\/wp-json\/wp\/v2\/media\/97549"}],"wp:attachment":[{"href":"https:\/\/letrame.com\/catalogo\/wp-json\/wp\/v2\/media?parent=97548"}],"wp:term":[{"taxonomy":"libro","embeddable":true,"href":"https:\/\/letrame.com\/catalogo\/wp-json\/wp\/v2\/libro?post=97548"},{"taxonomy":"product_brand","embeddable":true,"href":"https:\/\/letrame.com\/catalogo\/wp-json\/wp\/v2\/product_brand?post=97548"},{"taxonomy":"product_cat","embeddable":true,"href":"https:\/\/letrame.com\/catalogo\/wp-json\/wp\/v2\/product_cat?post=97548"},{"taxonomy":"product_tag","embeddable":true,"href":"https:\/\/letrame.com\/catalogo\/wp-json\/wp\/v2\/product_tag?post=97548"}],"curies":[{"name":"wp","href":"https:\/\/api.w.org\/{rel}","templated":true}]}}