{"id":97538,"date":"2024-04-29T14:08:59","date_gmt":"2024-04-29T12:08:59","guid":{"rendered":"https:\/\/letrame.com\/catalogo\/producto\/el-troll-del-bosque-de-la-soledad\/"},"modified":"2024-08-14T14:54:33","modified_gmt":"2024-08-14T12:54:33","slug":"el-troll-del-bosque-de-la-soledad","status":"publish","type":"product","link":"https:\/\/letrame.com\/catalogo\/producto\/el-troll-del-bosque-de-la-soledad\/","title":{"rendered":"El troll del bosque de la Soledad"},"content":{"rendered":"<p><strong>ISBN<\/strong>:978-84-1114-467-4<\/p>\n<p><strong>T\u00edtulo<\/strong>: El troll del bosque de la Soledad<\/p>\n<p><strong>Fecha<\/strong>: 2022<br \/>\n<strong>P\u00e1ginas<\/strong>: 246<\/p>\n<p><strong>SINOPSIS<\/strong><\/p>\n<p>En los l\u00edmites de un enorme bosque vive un chico sin familia que hace tallas de madera y las vende en los pueblos cercanos.<\/p>\n<p>Cansado de la indiferencia de los habitantes de la zona, decide internarse en el bosque para encontrar a la \u00fanica criatura que a\u00fan no ha tallado.<\/p>\n<p>En su b\u00fasqueda del troll del Bosque de la Soledad ir\u00e1 descubriendo muchas cosas de s\u00ed mismo y de la sombra que amenaza con destruir todo su mundo.<\/p>\n","protected":false},"excerpt":{"rendered":"<p><strong>ISBN<\/strong>:978-84-1114-467-4<\/p>\n<p><strong>SINOPSIS<\/strong><\/p>\n<p>En los l\u00edmites de un enorme bosque vive un chico sin familia que hace tallas de madera y las vende en los pueblos cercanos.<\/p>\n<p>Cansado de la indiferencia de los habitantes de la zona, decide internarse en el bosque para encontrar a la \u00fanica criatura que a\u00fan no ha tallado.<\/p>\n<p>En su b\u00fasqueda del troll del Bosque de la Soledad ir\u00e1 descubriendo muchas cosas de s\u00ed mismo y de la sombra que amenaza con destruir todo su mundo.<\/p>\n","protected":false},"featured_media":97539,"comment_status":"closed","ping_status":"closed","template":"","meta":{"_acf_changed":false},"libro":[],"product_brand":[],"product_cat":[16],"product_tag":[],"class_list":{"0":"post-97538","1":"product","2":"type-product","3":"status-publish","4":"has-post-thumbnail","6":"product_cat-novela","8":"first","9":"instock","10":"product-type-simple"},"acf":{"autor":[76114],"enlace_de_compra":"https:\/\/amzn.to\/4e0HwsP"},"yoast_head":"<!-- This site is optimized with the Yoast SEO plugin v26.6 - https:\/\/yoast.com\/wordpress\/plugins\/seo\/ -->\n<title>El troll del bosque de la Soledad - Catalogo | Letrame Grupo Editorial<\/title>\n<meta name=\"robots\" content=\"index, follow, max-snippet:-1, max-image-preview:large, max-video-preview:-1\" \/>\n<link rel=\"canonical\" href=\"https:\/\/letrame.com\/catalogo\/producto\/el-troll-del-bosque-de-la-soledad\/\" \/>\n<meta property=\"og:locale\" content=\"es_ES\" \/>\n<meta property=\"og:type\" content=\"article\" \/>\n<meta property=\"og:title\" content=\"El troll del bosque de la Soledad - Catalogo | Letrame Grupo Editorial\" \/>\n<meta property=\"og:description\" content=\"ISBN:978-84-1114-467-4  SINOPSIS  En los l\u00edmites de un enorme bosque vive un chico sin familia que hace tallas de madera y las vende en los pueblos cercanos.  Cansado de la indiferencia de los habitantes de la zona, decide internarse en el bosque para encontrar a la \u00fanica criatura que a\u00fan no ha tallado.  En su b\u00fasqueda del troll del Bosque de la Soledad ir\u00e1 descubriendo muchas cosas de s\u00ed mismo y de la sombra que amenaza con destruir todo su mundo.\" \/>\n<meta property=\"og:url\" content=\"https:\/\/letrame.com\/catalogo\/producto\/el-troll-del-bosque-de-la-soledad\/\" \/>\n<meta property=\"og:site_name\" content=\"Catalogo | Letrame Grupo Editorial\" \/>\n<meta property=\"article:modified_time\" content=\"2024-08-14T12:54:33+00:00\" \/>\n<meta property=\"og:image\" content=\"https:\/\/letrame.com\/catalogo\/wp-content\/uploads\/2024\/04\/portada_eltrolldelbosque_1245mm-scaled-1-698x1024.jpeg\" \/>\n\t<meta property=\"og:image:width\" content=\"698\" \/>\n\t<meta property=\"og:image:height\" content=\"1024\" \/>\n\t<meta property=\"og:image:type\" content=\"image\/jpeg\" \/>\n<meta name=\"twitter:card\" content=\"summary_large_image\" \/>\n<meta name=\"twitter:label1\" content=\"Tiempo de lectura\" \/>\n\t<meta name=\"twitter:data1\" content=\"1 minuto\" \/>\n<script type=\"application\/ld+json\" class=\"yoast-schema-graph\">{\"@context\":\"https:\/\/schema.org\",\"@graph\":[{\"@type\":\"WebPage\",\"@id\":\"https:\/\/letrame.com\/catalogo\/producto\/el-troll-del-bosque-de-la-soledad\/\",\"url\":\"https:\/\/letrame.com\/catalogo\/producto\/el-troll-del-bosque-de-la-soledad\/\",\"name\":\"El troll del bosque de la Soledad - Catalogo | Letrame Grupo Editorial\",\"isPartOf\":{\"@id\":\"https:\/\/letrame.com\/catalogo\/#website\"},\"primaryImageOfPage\":{\"@id\":\"https:\/\/letrame.com\/catalogo\/producto\/el-troll-del-bosque-de-la-soledad\/#primaryimage\"},\"image\":{\"@id\":\"https:\/\/letrame.com\/catalogo\/producto\/el-troll-del-bosque-de-la-soledad\/#primaryimage\"},\"thumbnailUrl\":\"https:\/\/letrame.com\/catalogo\/wp-content\/uploads\/2024\/04\/portada_eltrolldelbosque_1245mm-scaled-1.jpeg\",\"datePublished\":\"2024-04-29T12:08:59+00:00\",\"dateModified\":\"2024-08-14T12:54:33+00:00\",\"breadcrumb\":{\"@id\":\"https:\/\/letrame.com\/catalogo\/producto\/el-troll-del-bosque-de-la-soledad\/#breadcrumb\"},\"inLanguage\":\"es\",\"potentialAction\":[{\"@type\":\"ReadAction\",\"target\":[\"https:\/\/letrame.com\/catalogo\/producto\/el-troll-del-bosque-de-la-soledad\/\"]}]},{\"@type\":\"ImageObject\",\"inLanguage\":\"es\",\"@id\":\"https:\/\/letrame.com\/catalogo\/producto\/el-troll-del-bosque-de-la-soledad\/#primaryimage\",\"url\":\"https:\/\/letrame.com\/catalogo\/wp-content\/uploads\/2024\/04\/portada_eltrolldelbosque_1245mm-scaled-1.jpeg\",\"contentUrl\":\"https:\/\/letrame.com\/catalogo\/wp-content\/uploads\/2024\/04\/portada_eltrolldelbosque_1245mm-scaled-1.jpeg\",\"width\":1746,\"height\":2560},{\"@type\":\"BreadcrumbList\",\"@id\":\"https:\/\/letrame.com\/catalogo\/producto\/el-troll-del-bosque-de-la-soledad\/#breadcrumb\",\"itemListElement\":[{\"@type\":\"ListItem\",\"position\":1,\"name\":\"Portada\",\"item\":\"https:\/\/letrame.com\/catalogo\/\"},{\"@type\":\"ListItem\",\"position\":2,\"name\":\"Cat\u00e1logo\",\"item\":\"https:\/\/letrame.com\/catalogo\/\"},{\"@type\":\"ListItem\",\"position\":3,\"name\":\"El troll del bosque de la Soledad\"}]},{\"@type\":\"WebSite\",\"@id\":\"https:\/\/letrame.com\/catalogo\/#website\",\"url\":\"https:\/\/letrame.com\/catalogo\/\",\"name\":\"Catalogo | Letrame Grupo Editorial\",\"description\":\"\",\"publisher\":{\"@id\":\"https:\/\/letrame.com\/catalogo\/#organization\"},\"potentialAction\":[{\"@type\":\"SearchAction\",\"target\":{\"@type\":\"EntryPoint\",\"urlTemplate\":\"https:\/\/letrame.com\/catalogo\/?s={search_term_string}\"},\"query-input\":{\"@type\":\"PropertyValueSpecification\",\"valueRequired\":true,\"valueName\":\"search_term_string\"}}],\"inLanguage\":\"es\"},{\"@type\":\"Organization\",\"@id\":\"https:\/\/letrame.com\/catalogo\/#organization\",\"name\":\"Catalogo | Letrame Grupo Editorial\",\"url\":\"https:\/\/letrame.com\/catalogo\/\",\"logo\":{\"@type\":\"ImageObject\",\"inLanguage\":\"es\",\"@id\":\"https:\/\/letrame.com\/catalogo\/#\/schema\/logo\/image\/\",\"url\":\"https:\/\/letrame.com\/catalogo\/wp-content\/uploads\/2024\/03\/logo2.webp\",\"contentUrl\":\"https:\/\/letrame.com\/catalogo\/wp-content\/uploads\/2024\/03\/logo2.webp\",\"width\":394,\"height\":128,\"caption\":\"Catalogo | Letrame Grupo Editorial\"},\"image\":{\"@id\":\"https:\/\/letrame.com\/catalogo\/#\/schema\/logo\/image\/\"}}]}<\/script>\n<!-- \/ Yoast SEO plugin. -->","yoast_head_json":{"title":"El troll del bosque de la Soledad - Catalogo | Letrame Grupo Editorial","robots":{"index":"index","follow":"follow","max-snippet":"max-snippet:-1","max-image-preview":"max-image-preview:large","max-video-preview":"max-video-preview:-1"},"canonical":"https:\/\/letrame.com\/catalogo\/producto\/el-troll-del-bosque-de-la-soledad\/","og_locale":"es_ES","og_type":"article","og_title":"El troll del bosque de la Soledad - Catalogo | Letrame Grupo Editorial","og_description":"ISBN:978-84-1114-467-4  SINOPSIS  En los l\u00edmites de un enorme bosque vive un chico sin familia que hace tallas de madera y las vende en los pueblos cercanos.  Cansado de la indiferencia de los habitantes de la zona, decide internarse en el bosque para encontrar a la \u00fanica criatura que a\u00fan no ha tallado.  En su b\u00fasqueda del troll del Bosque de la Soledad ir\u00e1 descubriendo muchas cosas de s\u00ed mismo y de la sombra que amenaza con destruir todo su mundo.","og_url":"https:\/\/letrame.com\/catalogo\/producto\/el-troll-del-bosque-de-la-soledad\/","og_site_name":"Catalogo | Letrame Grupo Editorial","article_modified_time":"2024-08-14T12:54:33+00:00","og_image":[{"width":698,"height":1024,"url":"https:\/\/letrame.com\/catalogo\/wp-content\/uploads\/2024\/04\/portada_eltrolldelbosque_1245mm-scaled-1-698x1024.jpeg","type":"image\/jpeg"}],"twitter_card":"summary_large_image","twitter_misc":{"Tiempo de lectura":"1 minuto"},"schema":{"@context":"https:\/\/schema.org","@graph":[{"@type":"WebPage","@id":"https:\/\/letrame.com\/catalogo\/producto\/el-troll-del-bosque-de-la-soledad\/","url":"https:\/\/letrame.com\/catalogo\/producto\/el-troll-del-bosque-de-la-soledad\/","name":"El troll del bosque de la Soledad - Catalogo | Letrame Grupo Editorial","isPartOf":{"@id":"https:\/\/letrame.com\/catalogo\/#website"},"primaryImageOfPage":{"@id":"https:\/\/letrame.com\/catalogo\/producto\/el-troll-del-bosque-de-la-soledad\/#primaryimage"},"image":{"@id":"https:\/\/letrame.com\/catalogo\/producto\/el-troll-del-bosque-de-la-soledad\/#primaryimage"},"thumbnailUrl":"https:\/\/letrame.com\/catalogo\/wp-content\/uploads\/2024\/04\/portada_eltrolldelbosque_1245mm-scaled-1.jpeg","datePublished":"2024-04-29T12:08:59+00:00","dateModified":"2024-08-14T12:54:33+00:00","breadcrumb":{"@id":"https:\/\/letrame.com\/catalogo\/producto\/el-troll-del-bosque-de-la-soledad\/#breadcrumb"},"inLanguage":"es","potentialAction":[{"@type":"ReadAction","target":["https:\/\/letrame.com\/catalogo\/producto\/el-troll-del-bosque-de-la-soledad\/"]}]},{"@type":"ImageObject","inLanguage":"es","@id":"https:\/\/letrame.com\/catalogo\/producto\/el-troll-del-bosque-de-la-soledad\/#primaryimage","url":"https:\/\/letrame.com\/catalogo\/wp-content\/uploads\/2024\/04\/portada_eltrolldelbosque_1245mm-scaled-1.jpeg","contentUrl":"https:\/\/letrame.com\/catalogo\/wp-content\/uploads\/2024\/04\/portada_eltrolldelbosque_1245mm-scaled-1.jpeg","width":1746,"height":2560},{"@type":"BreadcrumbList","@id":"https:\/\/letrame.com\/catalogo\/producto\/el-troll-del-bosque-de-la-soledad\/#breadcrumb","itemListElement":[{"@type":"ListItem","position":1,"name":"Portada","item":"https:\/\/letrame.com\/catalogo\/"},{"@type":"ListItem","position":2,"name":"Cat\u00e1logo","item":"https:\/\/letrame.com\/catalogo\/"},{"@type":"ListItem","position":3,"name":"El troll del bosque de la Soledad"}]},{"@type":"WebSite","@id":"https:\/\/letrame.com\/catalogo\/#website","url":"https:\/\/letrame.com\/catalogo\/","name":"Catalogo | Letrame Grupo Editorial","description":"","publisher":{"@id":"https:\/\/letrame.com\/catalogo\/#organization"},"potentialAction":[{"@type":"SearchAction","target":{"@type":"EntryPoint","urlTemplate":"https:\/\/letrame.com\/catalogo\/?s={search_term_string}"},"query-input":{"@type":"PropertyValueSpecification","valueRequired":true,"valueName":"search_term_string"}}],"inLanguage":"es"},{"@type":"Organization","@id":"https:\/\/letrame.com\/catalogo\/#organization","name":"Catalogo | Letrame Grupo Editorial","url":"https:\/\/letrame.com\/catalogo\/","logo":{"@type":"ImageObject","inLanguage":"es","@id":"https:\/\/letrame.com\/catalogo\/#\/schema\/logo\/image\/","url":"https:\/\/letrame.com\/catalogo\/wp-content\/uploads\/2024\/03\/logo2.webp","contentUrl":"https:\/\/letrame.com\/catalogo\/wp-content\/uploads\/2024\/03\/logo2.webp","width":394,"height":128,"caption":"Catalogo | Letrame Grupo Editorial"},"image":{"@id":"https:\/\/letrame.com\/catalogo\/#\/schema\/logo\/image\/"}}]}},"_links":{"self":[{"href":"https:\/\/letrame.com\/catalogo\/wp-json\/wp\/v2\/product\/97538","targetHints":{"allow":["GET"]}}],"collection":[{"href":"https:\/\/letrame.com\/catalogo\/wp-json\/wp\/v2\/product"}],"about":[{"href":"https:\/\/letrame.com\/catalogo\/wp-json\/wp\/v2\/types\/product"}],"replies":[{"embeddable":true,"href":"https:\/\/letrame.com\/catalogo\/wp-json\/wp\/v2\/comments?post=97538"}],"acf:post":[{"embeddable":true,"href":"https:\/\/letrame.com\/catalogo\/wp-json\/wp\/v2\/author_book\/76114"}],"wp:featuredmedia":[{"embeddable":true,"href":"https:\/\/letrame.com\/catalogo\/wp-json\/wp\/v2\/media\/97539"}],"wp:attachment":[{"href":"https:\/\/letrame.com\/catalogo\/wp-json\/wp\/v2\/media?parent=97538"}],"wp:term":[{"taxonomy":"libro","embeddable":true,"href":"https:\/\/letrame.com\/catalogo\/wp-json\/wp\/v2\/libro?post=97538"},{"taxonomy":"product_brand","embeddable":true,"href":"https:\/\/letrame.com\/catalogo\/wp-json\/wp\/v2\/product_brand?post=97538"},{"taxonomy":"product_cat","embeddable":true,"href":"https:\/\/letrame.com\/catalogo\/wp-json\/wp\/v2\/product_cat?post=97538"},{"taxonomy":"product_tag","embeddable":true,"href":"https:\/\/letrame.com\/catalogo\/wp-json\/wp\/v2\/product_tag?post=97538"}],"curies":[{"name":"wp","href":"https:\/\/api.w.org\/{rel}","templated":true}]}}