{"id":97513,"date":"2024-04-29T14:04:33","date_gmt":"2024-04-29T12:04:33","guid":{"rendered":"https:\/\/letrame.com\/catalogo\/producto\/el-siglo-xix\/"},"modified":"2024-04-29T14:04:39","modified_gmt":"2024-04-29T12:04:39","slug":"el-siglo-xix","status":"publish","type":"product","link":"https:\/\/letrame.com\/catalogo\/producto\/el-siglo-xix\/","title":{"rendered":"El siglo XIX"},"content":{"rendered":"<p><strong>ISBN<\/strong>:978-84-1114-445-2<\/p>\n<p><strong>T\u00edtulo<\/strong>: El siglo XIX<\/p>\n<p><strong>Fecha<\/strong>: 2022<\/p>\n<p><strong>P\u00e1ginas<\/strong>: 496<\/p>\n<p><strong>SINOPSIS<\/strong><\/p>\n<p>El siglo XIX. Per\u00edodo de la historia importante en muchos aspectos:<\/p>\n<p>Pol\u00edtico: desarrollo y ampliaci\u00f3n de las principales ideas pol\u00edticas que siguen actualmente en boga: liberalismo, capitalismo, comunismo, anarquismo y socialismo, as\u00ed como el desarrollo de los nacionalismos.<\/p>\n<p>Social: Creaci\u00f3n y desarrollo de los conceptos de clases sociales, cambios en los modos de vida, con urbanismo acelerado y sus consecuencias de hacinamiento y p\u00e9simas condiciones de vida, segregaci\u00f3n social por ideas preconcebidas de diferencias morales, raciales y econ\u00f3micas.<\/p>\n<p>Industrial y econ\u00f3mico: Surgimiento de la Revoluci\u00f3n Industrial con sus secuelas de trabajo interminable, condiciones de vida indignas, abandono y explotaci\u00f3n de la infancia, segregaci\u00f3n de la mujer en muchos aspectos de la vida, luchas continuas para mejorar el nivel de vida de las clases oprimidas.<\/p>\n<p>Con todo ello, la forma en que el ocio, ese derecho incuestionable de cada uno a buscar sus momentos de paz y esparcimiento se cuestion\u00f3, se dosific\u00f3, se deform\u00f3 mediante pautas morales r\u00edgidas y c\u00f3mo empez\u00f3 a comercializarse, creando ya la sociedad de consumo que conocemos bien en nuestros d\u00edas.<\/p>\n<p>&nbsp;<\/p>\n<p>&nbsp;<\/p>\n","protected":false},"excerpt":{"rendered":"<p><strong>ISBN<\/strong>:978-84-1114-445-2<\/p>\n<p><strong>SINOPSIS<\/strong><\/p>\n<p>El siglo XIX. Per\u00edodo de la historia importante en muchos aspectos:<\/p>\n<p>Pol\u00edtico: desarrollo y ampliaci\u00f3n de las principales ideas pol\u00edticas que siguen actualmente en boga: liberalismo, capitalismo, comunismo, anarquismo y socialismo, as\u00ed como el desarrollo de los nacionalismos.<\/p>\n<p>Social: Creaci\u00f3n y desarrollo de los conceptos de clases sociales, cambios en los modos de vida, con urbanismo acelerado y sus consecuencias de hacinamiento y p\u00e9simas condiciones de vida, segregaci\u00f3n social por ideas preconcebidas de diferencias morales, raciales y econ\u00f3micas.<\/p>\n<p>Industrial y econ\u00f3mico: Surgimiento de la Revoluci\u00f3n Industrial con sus secuelas de trabajo interminable, condiciones de vida indignas, abandono y explotaci\u00f3n de la infancia, segregaci\u00f3n de la mujer en muchos aspectos de la vida, luchas continuas para mejorar el nivel de vida de las clases oprimidas.<\/p>\n<p>Con todo ello, la forma en que el ocio, ese derecho incuestionable de cada uno a buscar sus momentos de paz y esparcimiento se cuestion\u00f3, se dosific\u00f3, se deform\u00f3 mediante pautas morales r\u00edgidas y c\u00f3mo empez\u00f3 a comercializarse, creando ya la sociedad de consumo que conocemos bien en nuestros d\u00edas.<\/p>\n","protected":false},"featured_media":97514,"comment_status":"closed","ping_status":"open","template":"","meta":{"_acf_changed":false},"libro":[],"product_brand":[],"product_cat":[26],"product_tag":[],"class_list":{"0":"post-97513","1":"product","2":"type-product","3":"status-publish","4":"has-post-thumbnail","6":"product_cat-sin-categoria","8":"first","9":"instock","10":"product-type-simple"},"acf":{"autor":[75324],"enlace_de_compra":"https:\/\/www.amazon.es\/El-siglo-XIX-laboratorio-Cultura\/dp\/8411144453\/"},"yoast_head":"<!-- This site is optimized with the Yoast SEO plugin v27.4 - https:\/\/yoast.com\/product\/yoast-seo-wordpress\/ -->\n<title>El siglo XIX - Catalogo | Letrame Grupo Editorial<\/title>\n<meta name=\"robots\" content=\"index, follow, max-snippet:-1, max-image-preview:large, max-video-preview:-1\" \/>\n<link rel=\"canonical\" href=\"https:\/\/letrame.com\/catalogo\/producto\/el-siglo-xix\/\" \/>\n<meta property=\"og:locale\" content=\"es_ES\" \/>\n<meta property=\"og:type\" content=\"article\" \/>\n<meta property=\"og:title\" content=\"El siglo XIX - Catalogo | Letrame Grupo Editorial\" \/>\n<meta property=\"og:description\" content=\"ISBN:978-84-1114-445-2 SINOPSIS El siglo XIX. Per\u00edodo de la historia importante en muchos aspectos: Pol\u00edtico: desarrollo y ampliaci\u00f3n de las principales ideas pol\u00edticas que siguen actualmente en boga: liberalismo, capitalismo, comunismo, anarquismo y socialismo, as\u00ed como el desarrollo de los nacionalismos. Social: Creaci\u00f3n y desarrollo de los conceptos de clases sociales, cambios en los modos de vida, con urbanismo acelerado y sus consecuencias de hacinamiento y p\u00e9simas condiciones de vida, segregaci\u00f3n social por ideas preconcebidas de diferencias morales, raciales y econ\u00f3micas. Industrial y econ\u00f3mico: Surgimiento de la Revoluci\u00f3n Industrial con sus secuelas de trabajo interminable, condiciones de vida indignas, abandono y explotaci\u00f3n de la infancia, segregaci\u00f3n de la mujer en muchos aspectos de la vida, luchas continuas para mejorar el nivel de vida de las clases oprimidas. Con todo ello, la forma en que el ocio, ese derecho incuestionable de cada uno a buscar sus momentos de paz y esparcimiento se cuestion\u00f3, se dosific\u00f3, se deform\u00f3 mediante pautas morales r\u00edgidas y c\u00f3mo empez\u00f3 a comercializarse, creando ya la sociedad de consumo que conocemos bien en nuestros d\u00edas.\" \/>\n<meta property=\"og:url\" content=\"https:\/\/letrame.com\/catalogo\/producto\/el-siglo-xix\/\" \/>\n<meta property=\"og:site_name\" content=\"Catalogo | Letrame Grupo Editorial\" \/>\n<meta property=\"article:modified_time\" content=\"2024-04-29T12:04:39+00:00\" \/>\n<meta property=\"og:image\" content=\"https:\/\/letrame.com\/catalogo\/wp-content\/uploads\/2024\/04\/portada_elsigloxix_24mm-scaled-1.jpeg\" \/>\n\t<meta property=\"og:image:width\" content=\"1813\" \/>\n\t<meta property=\"og:image:height\" content=\"2560\" \/>\n\t<meta property=\"og:image:type\" content=\"image\/jpeg\" \/>\n<meta name=\"twitter:card\" content=\"summary_large_image\" \/>\n<meta name=\"twitter:label1\" content=\"Tiempo de lectura\" \/>\n\t<meta name=\"twitter:data1\" content=\"1 minuto\" \/>\n<script type=\"application\/ld+json\" class=\"yoast-schema-graph\">{\"@context\":\"https:\\\/\\\/schema.org\",\"@graph\":[{\"@type\":\"WebPage\",\"@id\":\"https:\\\/\\\/letrame.com\\\/catalogo\\\/producto\\\/el-siglo-xix\\\/\",\"url\":\"https:\\\/\\\/letrame.com\\\/catalogo\\\/producto\\\/el-siglo-xix\\\/\",\"name\":\"El siglo XIX - Catalogo | Letrame Grupo Editorial\",\"isPartOf\":{\"@id\":\"https:\\\/\\\/letrame.com\\\/catalogo\\\/#website\"},\"primaryImageOfPage\":{\"@id\":\"https:\\\/\\\/letrame.com\\\/catalogo\\\/producto\\\/el-siglo-xix\\\/#primaryimage\"},\"image\":{\"@id\":\"https:\\\/\\\/letrame.com\\\/catalogo\\\/producto\\\/el-siglo-xix\\\/#primaryimage\"},\"thumbnailUrl\":\"https:\\\/\\\/letrame.com\\\/catalogo\\\/wp-content\\\/uploads\\\/2024\\\/04\\\/portada_elsigloxix_24mm-scaled-1.jpeg\",\"datePublished\":\"2024-04-29T12:04:33+00:00\",\"dateModified\":\"2024-04-29T12:04:39+00:00\",\"breadcrumb\":{\"@id\":\"https:\\\/\\\/letrame.com\\\/catalogo\\\/producto\\\/el-siglo-xix\\\/#breadcrumb\"},\"inLanguage\":\"es\",\"potentialAction\":[{\"@type\":\"ReadAction\",\"target\":[\"https:\\\/\\\/letrame.com\\\/catalogo\\\/producto\\\/el-siglo-xix\\\/\"]}]},{\"@type\":\"ImageObject\",\"inLanguage\":\"es\",\"@id\":\"https:\\\/\\\/letrame.com\\\/catalogo\\\/producto\\\/el-siglo-xix\\\/#primaryimage\",\"url\":\"https:\\\/\\\/letrame.com\\\/catalogo\\\/wp-content\\\/uploads\\\/2024\\\/04\\\/portada_elsigloxix_24mm-scaled-1.jpeg\",\"contentUrl\":\"https:\\\/\\\/letrame.com\\\/catalogo\\\/wp-content\\\/uploads\\\/2024\\\/04\\\/portada_elsigloxix_24mm-scaled-1.jpeg\",\"width\":1813,\"height\":2560},{\"@type\":\"BreadcrumbList\",\"@id\":\"https:\\\/\\\/letrame.com\\\/catalogo\\\/producto\\\/el-siglo-xix\\\/#breadcrumb\",\"itemListElement\":[{\"@type\":\"ListItem\",\"position\":1,\"name\":\"Portada\",\"item\":\"https:\\\/\\\/letrame.com\\\/catalogo\\\/\"},{\"@type\":\"ListItem\",\"position\":2,\"name\":\"Cat\u00e1logo\",\"item\":\"https:\\\/\\\/letrame.com\\\/catalogo\\\/\"},{\"@type\":\"ListItem\",\"position\":3,\"name\":\"El siglo XIX\"}]},{\"@type\":\"WebSite\",\"@id\":\"https:\\\/\\\/letrame.com\\\/catalogo\\\/#website\",\"url\":\"https:\\\/\\\/letrame.com\\\/catalogo\\\/\",\"name\":\"Catalogo | Letrame Grupo Editorial\",\"description\":\"\",\"publisher\":{\"@id\":\"https:\\\/\\\/letrame.com\\\/catalogo\\\/#organization\"},\"potentialAction\":[{\"@type\":\"SearchAction\",\"target\":{\"@type\":\"EntryPoint\",\"urlTemplate\":\"https:\\\/\\\/letrame.com\\\/catalogo\\\/?s={search_term_string}\"},\"query-input\":{\"@type\":\"PropertyValueSpecification\",\"valueRequired\":true,\"valueName\":\"search_term_string\"}}],\"inLanguage\":\"es\"},{\"@type\":\"Organization\",\"@id\":\"https:\\\/\\\/letrame.com\\\/catalogo\\\/#organization\",\"name\":\"Catalogo | Letrame Grupo Editorial\",\"url\":\"https:\\\/\\\/letrame.com\\\/catalogo\\\/\",\"logo\":{\"@type\":\"ImageObject\",\"inLanguage\":\"es\",\"@id\":\"https:\\\/\\\/letrame.com\\\/catalogo\\\/#\\\/schema\\\/logo\\\/image\\\/\",\"url\":\"https:\\\/\\\/letrame.com\\\/catalogo\\\/wp-content\\\/uploads\\\/2024\\\/03\\\/logo2.webp\",\"contentUrl\":\"https:\\\/\\\/letrame.com\\\/catalogo\\\/wp-content\\\/uploads\\\/2024\\\/03\\\/logo2.webp\",\"width\":394,\"height\":128,\"caption\":\"Catalogo | Letrame Grupo Editorial\"},\"image\":{\"@id\":\"https:\\\/\\\/letrame.com\\\/catalogo\\\/#\\\/schema\\\/logo\\\/image\\\/\"}}]}<\/script>\n<!-- \/ Yoast SEO plugin. -->","yoast_head_json":{"title":"El siglo XIX - Catalogo | Letrame Grupo Editorial","robots":{"index":"index","follow":"follow","max-snippet":"max-snippet:-1","max-image-preview":"max-image-preview:large","max-video-preview":"max-video-preview:-1"},"canonical":"https:\/\/letrame.com\/catalogo\/producto\/el-siglo-xix\/","og_locale":"es_ES","og_type":"article","og_title":"El siglo XIX - Catalogo | Letrame Grupo Editorial","og_description":"ISBN:978-84-1114-445-2 SINOPSIS El siglo XIX. Per\u00edodo de la historia importante en muchos aspectos: Pol\u00edtico: desarrollo y ampliaci\u00f3n de las principales ideas pol\u00edticas que siguen actualmente en boga: liberalismo, capitalismo, comunismo, anarquismo y socialismo, as\u00ed como el desarrollo de los nacionalismos. Social: Creaci\u00f3n y desarrollo de los conceptos de clases sociales, cambios en los modos de vida, con urbanismo acelerado y sus consecuencias de hacinamiento y p\u00e9simas condiciones de vida, segregaci\u00f3n social por ideas preconcebidas de diferencias morales, raciales y econ\u00f3micas. Industrial y econ\u00f3mico: Surgimiento de la Revoluci\u00f3n Industrial con sus secuelas de trabajo interminable, condiciones de vida indignas, abandono y explotaci\u00f3n de la infancia, segregaci\u00f3n de la mujer en muchos aspectos de la vida, luchas continuas para mejorar el nivel de vida de las clases oprimidas. Con todo ello, la forma en que el ocio, ese derecho incuestionable de cada uno a buscar sus momentos de paz y esparcimiento se cuestion\u00f3, se dosific\u00f3, se deform\u00f3 mediante pautas morales r\u00edgidas y c\u00f3mo empez\u00f3 a comercializarse, creando ya la sociedad de consumo que conocemos bien en nuestros d\u00edas.","og_url":"https:\/\/letrame.com\/catalogo\/producto\/el-siglo-xix\/","og_site_name":"Catalogo | Letrame Grupo Editorial","article_modified_time":"2024-04-29T12:04:39+00:00","og_image":[{"width":1813,"height":2560,"url":"https:\/\/letrame.com\/catalogo\/wp-content\/uploads\/2024\/04\/portada_elsigloxix_24mm-scaled-1.jpeg","type":"image\/jpeg"}],"twitter_card":"summary_large_image","twitter_misc":{"Tiempo de lectura":"1 minuto"},"schema":{"@context":"https:\/\/schema.org","@graph":[{"@type":"WebPage","@id":"https:\/\/letrame.com\/catalogo\/producto\/el-siglo-xix\/","url":"https:\/\/letrame.com\/catalogo\/producto\/el-siglo-xix\/","name":"El siglo XIX - Catalogo | Letrame Grupo Editorial","isPartOf":{"@id":"https:\/\/letrame.com\/catalogo\/#website"},"primaryImageOfPage":{"@id":"https:\/\/letrame.com\/catalogo\/producto\/el-siglo-xix\/#primaryimage"},"image":{"@id":"https:\/\/letrame.com\/catalogo\/producto\/el-siglo-xix\/#primaryimage"},"thumbnailUrl":"https:\/\/letrame.com\/catalogo\/wp-content\/uploads\/2024\/04\/portada_elsigloxix_24mm-scaled-1.jpeg","datePublished":"2024-04-29T12:04:33+00:00","dateModified":"2024-04-29T12:04:39+00:00","breadcrumb":{"@id":"https:\/\/letrame.com\/catalogo\/producto\/el-siglo-xix\/#breadcrumb"},"inLanguage":"es","potentialAction":[{"@type":"ReadAction","target":["https:\/\/letrame.com\/catalogo\/producto\/el-siglo-xix\/"]}]},{"@type":"ImageObject","inLanguage":"es","@id":"https:\/\/letrame.com\/catalogo\/producto\/el-siglo-xix\/#primaryimage","url":"https:\/\/letrame.com\/catalogo\/wp-content\/uploads\/2024\/04\/portada_elsigloxix_24mm-scaled-1.jpeg","contentUrl":"https:\/\/letrame.com\/catalogo\/wp-content\/uploads\/2024\/04\/portada_elsigloxix_24mm-scaled-1.jpeg","width":1813,"height":2560},{"@type":"BreadcrumbList","@id":"https:\/\/letrame.com\/catalogo\/producto\/el-siglo-xix\/#breadcrumb","itemListElement":[{"@type":"ListItem","position":1,"name":"Portada","item":"https:\/\/letrame.com\/catalogo\/"},{"@type":"ListItem","position":2,"name":"Cat\u00e1logo","item":"https:\/\/letrame.com\/catalogo\/"},{"@type":"ListItem","position":3,"name":"El siglo XIX"}]},{"@type":"WebSite","@id":"https:\/\/letrame.com\/catalogo\/#website","url":"https:\/\/letrame.com\/catalogo\/","name":"Catalogo | Letrame Grupo Editorial","description":"","publisher":{"@id":"https:\/\/letrame.com\/catalogo\/#organization"},"potentialAction":[{"@type":"SearchAction","target":{"@type":"EntryPoint","urlTemplate":"https:\/\/letrame.com\/catalogo\/?s={search_term_string}"},"query-input":{"@type":"PropertyValueSpecification","valueRequired":true,"valueName":"search_term_string"}}],"inLanguage":"es"},{"@type":"Organization","@id":"https:\/\/letrame.com\/catalogo\/#organization","name":"Catalogo | Letrame Grupo Editorial","url":"https:\/\/letrame.com\/catalogo\/","logo":{"@type":"ImageObject","inLanguage":"es","@id":"https:\/\/letrame.com\/catalogo\/#\/schema\/logo\/image\/","url":"https:\/\/letrame.com\/catalogo\/wp-content\/uploads\/2024\/03\/logo2.webp","contentUrl":"https:\/\/letrame.com\/catalogo\/wp-content\/uploads\/2024\/03\/logo2.webp","width":394,"height":128,"caption":"Catalogo | Letrame Grupo Editorial"},"image":{"@id":"https:\/\/letrame.com\/catalogo\/#\/schema\/logo\/image\/"}}]}},"_links":{"self":[{"href":"https:\/\/letrame.com\/catalogo\/wp-json\/wp\/v2\/product\/97513","targetHints":{"allow":["GET"]}}],"collection":[{"href":"https:\/\/letrame.com\/catalogo\/wp-json\/wp\/v2\/product"}],"about":[{"href":"https:\/\/letrame.com\/catalogo\/wp-json\/wp\/v2\/types\/product"}],"replies":[{"embeddable":true,"href":"https:\/\/letrame.com\/catalogo\/wp-json\/wp\/v2\/comments?post=97513"}],"acf:post":[{"embeddable":true,"href":"https:\/\/letrame.com\/catalogo\/wp-json\/wp\/v2\/author_book\/75324"}],"wp:featuredmedia":[{"embeddable":true,"href":"https:\/\/letrame.com\/catalogo\/wp-json\/wp\/v2\/media\/97514"}],"wp:attachment":[{"href":"https:\/\/letrame.com\/catalogo\/wp-json\/wp\/v2\/media?parent=97513"}],"wp:term":[{"taxonomy":"libro","embeddable":true,"href":"https:\/\/letrame.com\/catalogo\/wp-json\/wp\/v2\/libro?post=97513"},{"taxonomy":"product_brand","embeddable":true,"href":"https:\/\/letrame.com\/catalogo\/wp-json\/wp\/v2\/product_brand?post=97513"},{"taxonomy":"product_cat","embeddable":true,"href":"https:\/\/letrame.com\/catalogo\/wp-json\/wp\/v2\/product_cat?post=97513"},{"taxonomy":"product_tag","embeddable":true,"href":"https:\/\/letrame.com\/catalogo\/wp-json\/wp\/v2\/product_tag?post=97513"}],"curies":[{"name":"wp","href":"https:\/\/api.w.org\/{rel}","templated":true}]}}