{"id":97511,"date":"2024-04-29T14:04:33","date_gmt":"2024-04-29T12:04:33","guid":{"rendered":"https:\/\/letrame.com\/catalogo\/producto\/el-rombo-magico-de-la-rioja\/"},"modified":"2024-04-29T14:04:36","modified_gmt":"2024-04-29T12:04:36","slug":"el-rombo-magico-de-la-rioja","status":"publish","type":"product","link":"https:\/\/letrame.com\/catalogo\/producto\/el-rombo-magico-de-la-rioja\/","title":{"rendered":"El rombo m\u00e1gico de La Rioja"},"content":{"rendered":"<p><strong>ISBN<\/strong>: 9788411145787<\/p>\n<p><strong>T\u00edtulo<\/strong>:El rombo m\u00e1gico de La Rioja<\/p>\n<p><strong>Fecha<\/strong>: 2022<\/p>\n<p><strong>P\u00e1ginas<\/strong>: 253<\/p>\n<p><strong>SINOPSIS<\/strong><\/p>\n<p>Abundantes en santos y reyes a lo largo de su historia, N\u00e1jera, San Mill\u00e1n de la Cogolla, Santo Domingo de la Calzada y Haro, uni\u00e9ndolas con una l\u00ednea imaginaria sobre el mapa, forman un rombo cuyo interior rebosa de hechos fant\u00e1sticos.<\/p>\n<p>En \u00e9l nacieron las primeras palabras en castellano y el primer poeta en lengua espa\u00f1ola conocido, se fragu\u00f3 el Camino de Santiago tal y como lo conocemos y existi\u00f3 una Corte que fue germen de los reinos que consolidaron la Espa\u00f1a actual.<\/p>\n<p>Toda esta serie de circunstancias llevan a un siniestro personaje, el Condesito, a enterrar a su abuela en el centro de este rombo, en la abad\u00eda cisterciense de Ca\u00f1as, para brindarle un protagonismo especial.<\/p>\n<p>Y para que ese protagonismo no se vea perturbado por nada ni por nadie, el Condesito proyecta destruir los pueblos y los paisajes del entorno, y expulsar a los campesinos que engrandecen este espacio d\u00eda a d\u00eda gracias a los vinos que elaboran.<\/p>\n<p>&nbsp;<\/p>\n<p>&nbsp;<\/p>\n","protected":false},"excerpt":{"rendered":"<p><strong>ISBN<\/strong>: 9788411145787<\/p>\n<p><strong>SINOPSIS<\/strong><\/p>\n<p>Abundantes en santos y reyes a lo largo de su historia, N\u00e1jera, San Mill\u00e1n de la Cogolla, Santo Domingo de la Calzada y Haro, uni\u00e9ndolas con una l\u00ednea imaginaria sobre el mapa, forman un rombo cuyo interior rebosa de hechos fant\u00e1sticos.<\/p>\n<p>En \u00e9l nacieron las primeras palabras en castellano y el primer poeta en lengua espa\u00f1ola conocido, se fragu\u00f3 el Camino de Santiago tal y como lo conocemos y existi\u00f3 una Corte que fue germen de los reinos que consolidaron la Espa\u00f1a actual.<\/p>\n<p>Toda esta serie de circunstancias llevan a un siniestro personaje, el Condesito, a enterrar a su abuela en el centro de este rombo, en la abad\u00eda cisterciense de Ca\u00f1as, para brindarle un protagonismo especial.<\/p>\n<p>Y para que ese protagonismo no se vea perturbado por nada ni por nadie, el Condesito proyecta destruir los pueblos y los paisajes del entorno, y expulsar a los campesinos que engrandecen este espacio d\u00eda a d\u00eda gracias a los vinos que elaboran.<\/p>\n","protected":false},"featured_media":97512,"comment_status":"closed","ping_status":"open","template":"","meta":{"_acf_changed":false},"libro":[],"product_brand":[],"product_cat":[16],"product_tag":[],"class_list":{"0":"post-97511","1":"product","2":"type-product","3":"status-publish","4":"has-post-thumbnail","6":"product_cat-novela","8":"first","9":"instock","10":"product-type-simple"},"acf":{"autor":[76091],"enlace_de_compra":"https:\/\/www.amazon.es\/rombo-m%C3%A1gico-Rioja-Javier-Os%C3%A9s\/dp\/8411145786\/"},"yoast_head":"<!-- This site is optimized with the Yoast SEO plugin v27.4 - https:\/\/yoast.com\/product\/yoast-seo-wordpress\/ -->\n<title>El rombo m\u00e1gico de La Rioja - Catalogo | Letrame Grupo Editorial<\/title>\n<meta name=\"robots\" content=\"index, follow, max-snippet:-1, max-image-preview:large, max-video-preview:-1\" \/>\n<link rel=\"canonical\" href=\"https:\/\/letrame.com\/catalogo\/producto\/el-rombo-magico-de-la-rioja\/\" \/>\n<meta property=\"og:locale\" content=\"es_ES\" \/>\n<meta property=\"og:type\" content=\"article\" \/>\n<meta property=\"og:title\" content=\"El rombo m\u00e1gico de La Rioja - Catalogo | Letrame Grupo Editorial\" \/>\n<meta property=\"og:description\" content=\"ISBN: 9788411145787 SINOPSIS Abundantes en santos y reyes a lo largo de su historia, N\u00e1jera, San Mill\u00e1n de la Cogolla, Santo Domingo de la Calzada y Haro, uni\u00e9ndolas con una l\u00ednea imaginaria sobre el mapa, forman un rombo cuyo interior rebosa de hechos fant\u00e1sticos. En \u00e9l nacieron las primeras palabras en castellano y el primer poeta en lengua espa\u00f1ola conocido, se fragu\u00f3 el Camino de Santiago tal y como lo conocemos y existi\u00f3 una Corte que fue germen de los reinos que consolidaron la Espa\u00f1a actual. Toda esta serie de circunstancias llevan a un siniestro personaje, el Condesito, a enterrar a su abuela en el centro de este rombo, en la abad\u00eda cisterciense de Ca\u00f1as, para brindarle un protagonismo especial. Y para que ese protagonismo no se vea perturbado por nada ni por nadie, el Condesito proyecta destruir los pueblos y los paisajes del entorno, y expulsar a los campesinos que engrandecen este espacio d\u00eda a d\u00eda gracias a los vinos que elaboran.\" \/>\n<meta property=\"og:url\" content=\"https:\/\/letrame.com\/catalogo\/producto\/el-rombo-magico-de-la-rioja\/\" \/>\n<meta property=\"og:site_name\" content=\"Catalogo | Letrame Grupo Editorial\" \/>\n<meta property=\"article:modified_time\" content=\"2024-04-29T12:04:36+00:00\" \/>\n<meta property=\"og:image\" content=\"https:\/\/letrame.com\/catalogo\/wp-content\/uploads\/2024\/04\/portada-elrombomagico_1291mm.jpg\" \/>\n\t<meta property=\"og:image:width\" content=\"396\" \/>\n\t<meta property=\"og:image:height\" content=\"580\" \/>\n\t<meta property=\"og:image:type\" content=\"image\/jpeg\" \/>\n<meta name=\"twitter:card\" content=\"summary_large_image\" \/>\n<meta name=\"twitter:label1\" content=\"Tiempo de lectura\" \/>\n\t<meta name=\"twitter:data1\" content=\"1 minuto\" \/>\n<script type=\"application\/ld+json\" class=\"yoast-schema-graph\">{\"@context\":\"https:\\\/\\\/schema.org\",\"@graph\":[{\"@type\":\"WebPage\",\"@id\":\"https:\\\/\\\/letrame.com\\\/catalogo\\\/producto\\\/el-rombo-magico-de-la-rioja\\\/\",\"url\":\"https:\\\/\\\/letrame.com\\\/catalogo\\\/producto\\\/el-rombo-magico-de-la-rioja\\\/\",\"name\":\"El rombo m\u00e1gico de La Rioja - Catalogo | Letrame Grupo Editorial\",\"isPartOf\":{\"@id\":\"https:\\\/\\\/letrame.com\\\/catalogo\\\/#website\"},\"primaryImageOfPage\":{\"@id\":\"https:\\\/\\\/letrame.com\\\/catalogo\\\/producto\\\/el-rombo-magico-de-la-rioja\\\/#primaryimage\"},\"image\":{\"@id\":\"https:\\\/\\\/letrame.com\\\/catalogo\\\/producto\\\/el-rombo-magico-de-la-rioja\\\/#primaryimage\"},\"thumbnailUrl\":\"https:\\\/\\\/letrame.com\\\/catalogo\\\/wp-content\\\/uploads\\\/2024\\\/04\\\/portada-elrombomagico_1291mm.jpg\",\"datePublished\":\"2024-04-29T12:04:33+00:00\",\"dateModified\":\"2024-04-29T12:04:36+00:00\",\"breadcrumb\":{\"@id\":\"https:\\\/\\\/letrame.com\\\/catalogo\\\/producto\\\/el-rombo-magico-de-la-rioja\\\/#breadcrumb\"},\"inLanguage\":\"es\",\"potentialAction\":[{\"@type\":\"ReadAction\",\"target\":[\"https:\\\/\\\/letrame.com\\\/catalogo\\\/producto\\\/el-rombo-magico-de-la-rioja\\\/\"]}]},{\"@type\":\"ImageObject\",\"inLanguage\":\"es\",\"@id\":\"https:\\\/\\\/letrame.com\\\/catalogo\\\/producto\\\/el-rombo-magico-de-la-rioja\\\/#primaryimage\",\"url\":\"https:\\\/\\\/letrame.com\\\/catalogo\\\/wp-content\\\/uploads\\\/2024\\\/04\\\/portada-elrombomagico_1291mm.jpg\",\"contentUrl\":\"https:\\\/\\\/letrame.com\\\/catalogo\\\/wp-content\\\/uploads\\\/2024\\\/04\\\/portada-elrombomagico_1291mm.jpg\",\"width\":396,\"height\":580},{\"@type\":\"BreadcrumbList\",\"@id\":\"https:\\\/\\\/letrame.com\\\/catalogo\\\/producto\\\/el-rombo-magico-de-la-rioja\\\/#breadcrumb\",\"itemListElement\":[{\"@type\":\"ListItem\",\"position\":1,\"name\":\"Portada\",\"item\":\"https:\\\/\\\/letrame.com\\\/catalogo\\\/\"},{\"@type\":\"ListItem\",\"position\":2,\"name\":\"Cat\u00e1logo\",\"item\":\"https:\\\/\\\/letrame.com\\\/catalogo\\\/\"},{\"@type\":\"ListItem\",\"position\":3,\"name\":\"El rombo m\u00e1gico de La Rioja\"}]},{\"@type\":\"WebSite\",\"@id\":\"https:\\\/\\\/letrame.com\\\/catalogo\\\/#website\",\"url\":\"https:\\\/\\\/letrame.com\\\/catalogo\\\/\",\"name\":\"Catalogo | Letrame Grupo Editorial\",\"description\":\"\",\"publisher\":{\"@id\":\"https:\\\/\\\/letrame.com\\\/catalogo\\\/#organization\"},\"potentialAction\":[{\"@type\":\"SearchAction\",\"target\":{\"@type\":\"EntryPoint\",\"urlTemplate\":\"https:\\\/\\\/letrame.com\\\/catalogo\\\/?s={search_term_string}\"},\"query-input\":{\"@type\":\"PropertyValueSpecification\",\"valueRequired\":true,\"valueName\":\"search_term_string\"}}],\"inLanguage\":\"es\"},{\"@type\":\"Organization\",\"@id\":\"https:\\\/\\\/letrame.com\\\/catalogo\\\/#organization\",\"name\":\"Catalogo | Letrame Grupo Editorial\",\"url\":\"https:\\\/\\\/letrame.com\\\/catalogo\\\/\",\"logo\":{\"@type\":\"ImageObject\",\"inLanguage\":\"es\",\"@id\":\"https:\\\/\\\/letrame.com\\\/catalogo\\\/#\\\/schema\\\/logo\\\/image\\\/\",\"url\":\"https:\\\/\\\/letrame.com\\\/catalogo\\\/wp-content\\\/uploads\\\/2024\\\/03\\\/logo2.webp\",\"contentUrl\":\"https:\\\/\\\/letrame.com\\\/catalogo\\\/wp-content\\\/uploads\\\/2024\\\/03\\\/logo2.webp\",\"width\":394,\"height\":128,\"caption\":\"Catalogo | Letrame Grupo Editorial\"},\"image\":{\"@id\":\"https:\\\/\\\/letrame.com\\\/catalogo\\\/#\\\/schema\\\/logo\\\/image\\\/\"}}]}<\/script>\n<!-- \/ Yoast SEO plugin. -->","yoast_head_json":{"title":"El rombo m\u00e1gico de La Rioja - Catalogo | Letrame Grupo Editorial","robots":{"index":"index","follow":"follow","max-snippet":"max-snippet:-1","max-image-preview":"max-image-preview:large","max-video-preview":"max-video-preview:-1"},"canonical":"https:\/\/letrame.com\/catalogo\/producto\/el-rombo-magico-de-la-rioja\/","og_locale":"es_ES","og_type":"article","og_title":"El rombo m\u00e1gico de La Rioja - Catalogo | Letrame Grupo Editorial","og_description":"ISBN: 9788411145787 SINOPSIS Abundantes en santos y reyes a lo largo de su historia, N\u00e1jera, San Mill\u00e1n de la Cogolla, Santo Domingo de la Calzada y Haro, uni\u00e9ndolas con una l\u00ednea imaginaria sobre el mapa, forman un rombo cuyo interior rebosa de hechos fant\u00e1sticos. En \u00e9l nacieron las primeras palabras en castellano y el primer poeta en lengua espa\u00f1ola conocido, se fragu\u00f3 el Camino de Santiago tal y como lo conocemos y existi\u00f3 una Corte que fue germen de los reinos que consolidaron la Espa\u00f1a actual. Toda esta serie de circunstancias llevan a un siniestro personaje, el Condesito, a enterrar a su abuela en el centro de este rombo, en la abad\u00eda cisterciense de Ca\u00f1as, para brindarle un protagonismo especial. Y para que ese protagonismo no se vea perturbado por nada ni por nadie, el Condesito proyecta destruir los pueblos y los paisajes del entorno, y expulsar a los campesinos que engrandecen este espacio d\u00eda a d\u00eda gracias a los vinos que elaboran.","og_url":"https:\/\/letrame.com\/catalogo\/producto\/el-rombo-magico-de-la-rioja\/","og_site_name":"Catalogo | Letrame Grupo Editorial","article_modified_time":"2024-04-29T12:04:36+00:00","og_image":[{"width":396,"height":580,"url":"https:\/\/letrame.com\/catalogo\/wp-content\/uploads\/2024\/04\/portada-elrombomagico_1291mm.jpg","type":"image\/jpeg"}],"twitter_card":"summary_large_image","twitter_misc":{"Tiempo de lectura":"1 minuto"},"schema":{"@context":"https:\/\/schema.org","@graph":[{"@type":"WebPage","@id":"https:\/\/letrame.com\/catalogo\/producto\/el-rombo-magico-de-la-rioja\/","url":"https:\/\/letrame.com\/catalogo\/producto\/el-rombo-magico-de-la-rioja\/","name":"El rombo m\u00e1gico de La Rioja - Catalogo | Letrame Grupo Editorial","isPartOf":{"@id":"https:\/\/letrame.com\/catalogo\/#website"},"primaryImageOfPage":{"@id":"https:\/\/letrame.com\/catalogo\/producto\/el-rombo-magico-de-la-rioja\/#primaryimage"},"image":{"@id":"https:\/\/letrame.com\/catalogo\/producto\/el-rombo-magico-de-la-rioja\/#primaryimage"},"thumbnailUrl":"https:\/\/letrame.com\/catalogo\/wp-content\/uploads\/2024\/04\/portada-elrombomagico_1291mm.jpg","datePublished":"2024-04-29T12:04:33+00:00","dateModified":"2024-04-29T12:04:36+00:00","breadcrumb":{"@id":"https:\/\/letrame.com\/catalogo\/producto\/el-rombo-magico-de-la-rioja\/#breadcrumb"},"inLanguage":"es","potentialAction":[{"@type":"ReadAction","target":["https:\/\/letrame.com\/catalogo\/producto\/el-rombo-magico-de-la-rioja\/"]}]},{"@type":"ImageObject","inLanguage":"es","@id":"https:\/\/letrame.com\/catalogo\/producto\/el-rombo-magico-de-la-rioja\/#primaryimage","url":"https:\/\/letrame.com\/catalogo\/wp-content\/uploads\/2024\/04\/portada-elrombomagico_1291mm.jpg","contentUrl":"https:\/\/letrame.com\/catalogo\/wp-content\/uploads\/2024\/04\/portada-elrombomagico_1291mm.jpg","width":396,"height":580},{"@type":"BreadcrumbList","@id":"https:\/\/letrame.com\/catalogo\/producto\/el-rombo-magico-de-la-rioja\/#breadcrumb","itemListElement":[{"@type":"ListItem","position":1,"name":"Portada","item":"https:\/\/letrame.com\/catalogo\/"},{"@type":"ListItem","position":2,"name":"Cat\u00e1logo","item":"https:\/\/letrame.com\/catalogo\/"},{"@type":"ListItem","position":3,"name":"El rombo m\u00e1gico de La Rioja"}]},{"@type":"WebSite","@id":"https:\/\/letrame.com\/catalogo\/#website","url":"https:\/\/letrame.com\/catalogo\/","name":"Catalogo | Letrame Grupo Editorial","description":"","publisher":{"@id":"https:\/\/letrame.com\/catalogo\/#organization"},"potentialAction":[{"@type":"SearchAction","target":{"@type":"EntryPoint","urlTemplate":"https:\/\/letrame.com\/catalogo\/?s={search_term_string}"},"query-input":{"@type":"PropertyValueSpecification","valueRequired":true,"valueName":"search_term_string"}}],"inLanguage":"es"},{"@type":"Organization","@id":"https:\/\/letrame.com\/catalogo\/#organization","name":"Catalogo | Letrame Grupo Editorial","url":"https:\/\/letrame.com\/catalogo\/","logo":{"@type":"ImageObject","inLanguage":"es","@id":"https:\/\/letrame.com\/catalogo\/#\/schema\/logo\/image\/","url":"https:\/\/letrame.com\/catalogo\/wp-content\/uploads\/2024\/03\/logo2.webp","contentUrl":"https:\/\/letrame.com\/catalogo\/wp-content\/uploads\/2024\/03\/logo2.webp","width":394,"height":128,"caption":"Catalogo | Letrame Grupo Editorial"},"image":{"@id":"https:\/\/letrame.com\/catalogo\/#\/schema\/logo\/image\/"}}]}},"_links":{"self":[{"href":"https:\/\/letrame.com\/catalogo\/wp-json\/wp\/v2\/product\/97511","targetHints":{"allow":["GET"]}}],"collection":[{"href":"https:\/\/letrame.com\/catalogo\/wp-json\/wp\/v2\/product"}],"about":[{"href":"https:\/\/letrame.com\/catalogo\/wp-json\/wp\/v2\/types\/product"}],"replies":[{"embeddable":true,"href":"https:\/\/letrame.com\/catalogo\/wp-json\/wp\/v2\/comments?post=97511"}],"acf:post":[{"embeddable":true,"href":"https:\/\/letrame.com\/catalogo\/wp-json\/wp\/v2\/author_book\/76091"}],"wp:featuredmedia":[{"embeddable":true,"href":"https:\/\/letrame.com\/catalogo\/wp-json\/wp\/v2\/media\/97512"}],"wp:attachment":[{"href":"https:\/\/letrame.com\/catalogo\/wp-json\/wp\/v2\/media?parent=97511"}],"wp:term":[{"taxonomy":"libro","embeddable":true,"href":"https:\/\/letrame.com\/catalogo\/wp-json\/wp\/v2\/libro?post=97511"},{"taxonomy":"product_brand","embeddable":true,"href":"https:\/\/letrame.com\/catalogo\/wp-json\/wp\/v2\/product_brand?post=97511"},{"taxonomy":"product_cat","embeddable":true,"href":"https:\/\/letrame.com\/catalogo\/wp-json\/wp\/v2\/product_cat?post=97511"},{"taxonomy":"product_tag","embeddable":true,"href":"https:\/\/letrame.com\/catalogo\/wp-json\/wp\/v2\/product_tag?post=97511"}],"curies":[{"name":"wp","href":"https:\/\/api.w.org\/{rel}","templated":true}]}}