{"id":97507,"date":"2024-04-29T14:03:20","date_gmt":"2024-04-29T12:03:20","guid":{"rendered":"https:\/\/letrame.com\/catalogo\/producto\/brian-mays-red-special\/"},"modified":"2024-06-12T15:58:15","modified_gmt":"2024-06-12T13:58:15","slug":"brian-may-red-special-espanol-letrame-libro","status":"publish","type":"product","link":"https:\/\/letrame.com\/catalogo\/producto\/brian-may-red-special-espanol-letrame-libro\/","title":{"rendered":"Brian May&#8217;s Red Special"},"content":{"rendered":"<p><strong>ISBN<\/strong>:978-84-1114-444-5<\/p>\n<p><strong>T\u00edtulo<\/strong>: <strong>Brian May&#8217;s Red Special (espa\u00f1ol)<\/strong><\/p>\n<p><strong>Fecha<\/strong>: 2022<br \/>\n<strong>P\u00e1ginas<\/strong>: 160<\/p>\n<p><strong>SINOPSIS<\/strong><\/p>\n<p><strong>Brian May<\/strong> habla sobre todos los aspectos del <strong>Red Special<\/strong>, desde su dise\u00f1o original hasta la fabricaci\u00f3n de sus propias herramientas, y desde el abastecimiento de materiales en su casa hasta las actuaciones legendarias: Live Aid, la ceremonia de clausura de los Juegos Ol\u00edmpicos de 2012 y en el techo de El Palacio de Buckingham. Todo esto va acompa\u00f1ado de diagramas, bocetos y notas originales, as\u00ed como una gran selecci\u00f3n de fotograf\u00edas que incluyen primeros planos, radiograf\u00edas y actuaciones de Brian.<\/p>\n","protected":false},"excerpt":{"rendered":"<p><strong>ISBN:<\/strong>978-84-1114-444-5<\/p>\n<p><strong>SINOPSIS<\/strong><\/p>\n<p>Brian habla sobre todos los aspectos del Red Special, desde su dise\u00f1o original hasta la fabricaci\u00f3n de sus propias herramientas, y desde el abastecimiento de materiales en su casa hasta las actuaciones legendarias: Live Aid, la ceremonia de clausura de los Juegos Ol\u00edmpicos de 2012 y en el techo de El Palacio de Buckingham. Todo esto va acompa\u00f1ado de diagramas, bocetos y notas originales, as\u00ed como una gran selecci\u00f3n de fotograf\u00edas que incluyen primeros planos, radiograf\u00edas y actuaciones de Brian.<\/p>\n","protected":false},"featured_media":97508,"comment_status":"closed","ping_status":"closed","template":"","meta":{"_acf_changed":false},"libro":[],"product_brand":[],"product_cat":[102,26],"product_tag":[],"class_list":{"0":"post-97507","1":"product","2":"type-product","3":"status-publish","4":"has-post-thumbnail","6":"product_cat-biografia","7":"product_cat-sin-categoria","9":"first","10":"instock","11":"product-type-simple"},"acf":{"autor":[76117],"enlace_de_compra":"https:\/\/www.casadellibro.com\/libro-brian-mays-red-special-la-historia-de-la-guitarra-casera\/9788411144445\/12880300\/"},"yoast_head":"<!-- This site is optimized with the Yoast SEO plugin v26.6 - https:\/\/yoast.com\/wordpress\/plugins\/seo\/ -->\n<title>Brian May&#039;s Red Special - Catalogo | Letrame Grupo Editorial<\/title>\n<meta name=\"robots\" content=\"index, follow, max-snippet:-1, max-image-preview:large, max-video-preview:-1\" \/>\n<link rel=\"canonical\" href=\"https:\/\/letrame.com\/catalogo\/producto\/brian-may-red-special-espanol-letrame-libro\/\" \/>\n<meta property=\"og:locale\" content=\"es_ES\" \/>\n<meta property=\"og:type\" content=\"article\" \/>\n<meta property=\"og:title\" content=\"Brian May&#039;s Red Special - Catalogo | Letrame Grupo Editorial\" \/>\n<meta property=\"og:description\" content=\"ISBN:978-84-1114-444-5  SINOPSIS  Brian habla sobre todos los aspectos del Red Special, desde su dise\u00f1o original hasta la fabricaci\u00f3n de sus propias herramientas, y desde el abastecimiento de materiales en su casa hasta las actuaciones legendarias: Live Aid, la ceremonia de clausura de los Juegos Ol\u00edmpicos de 2012 y en el techo de El Palacio de Buckingham. Todo esto va acompa\u00f1ado de diagramas, bocetos y notas originales, as\u00ed como una gran selecci\u00f3n de fotograf\u00edas que incluyen primeros planos, radiograf\u00edas y actuaciones de Brian.\" \/>\n<meta property=\"og:url\" content=\"https:\/\/letrame.com\/catalogo\/producto\/brian-may-red-special-espanol-letrame-libro\/\" \/>\n<meta property=\"og:site_name\" content=\"Catalogo | Letrame Grupo Editorial\" \/>\n<meta property=\"article:modified_time\" content=\"2024-06-12T13:58:15+00:00\" \/>\n<meta property=\"og:image\" content=\"https:\/\/letrame.com\/catalogo\/wp-content\/uploads\/2024\/04\/portada_Brianmay_876mm-compressed-scaled-1.jpeg\" \/>\n\t<meta property=\"og:image:width\" content=\"1975\" \/>\n\t<meta property=\"og:image:height\" content=\"2560\" \/>\n\t<meta property=\"og:image:type\" content=\"image\/jpeg\" \/>\n<meta name=\"twitter:card\" content=\"summary_large_image\" \/>\n<meta name=\"twitter:label1\" content=\"Tiempo de lectura\" \/>\n\t<meta name=\"twitter:data1\" content=\"1 minuto\" \/>\n<script type=\"application\/ld+json\" class=\"yoast-schema-graph\">{\"@context\":\"https:\/\/schema.org\",\"@graph\":[{\"@type\":\"WebPage\",\"@id\":\"https:\/\/letrame.com\/catalogo\/producto\/brian-may-red-special-espanol-letrame-libro\/\",\"url\":\"https:\/\/letrame.com\/catalogo\/producto\/brian-may-red-special-espanol-letrame-libro\/\",\"name\":\"Brian May's Red Special - Catalogo | Letrame Grupo Editorial\",\"isPartOf\":{\"@id\":\"https:\/\/letrame.com\/catalogo\/#website\"},\"primaryImageOfPage\":{\"@id\":\"https:\/\/letrame.com\/catalogo\/producto\/brian-may-red-special-espanol-letrame-libro\/#primaryimage\"},\"image\":{\"@id\":\"https:\/\/letrame.com\/catalogo\/producto\/brian-may-red-special-espanol-letrame-libro\/#primaryimage\"},\"thumbnailUrl\":\"https:\/\/letrame.com\/catalogo\/wp-content\/uploads\/2024\/04\/portada_Brianmay_876mm-compressed-scaled-1.jpeg\",\"datePublished\":\"2024-04-29T12:03:20+00:00\",\"dateModified\":\"2024-06-12T13:58:15+00:00\",\"breadcrumb\":{\"@id\":\"https:\/\/letrame.com\/catalogo\/producto\/brian-may-red-special-espanol-letrame-libro\/#breadcrumb\"},\"inLanguage\":\"es\",\"potentialAction\":[{\"@type\":\"ReadAction\",\"target\":[\"https:\/\/letrame.com\/catalogo\/producto\/brian-may-red-special-espanol-letrame-libro\/\"]}]},{\"@type\":\"ImageObject\",\"inLanguage\":\"es\",\"@id\":\"https:\/\/letrame.com\/catalogo\/producto\/brian-may-red-special-espanol-letrame-libro\/#primaryimage\",\"url\":\"https:\/\/letrame.com\/catalogo\/wp-content\/uploads\/2024\/04\/portada_Brianmay_876mm-compressed-scaled-1.jpeg\",\"contentUrl\":\"https:\/\/letrame.com\/catalogo\/wp-content\/uploads\/2024\/04\/portada_Brianmay_876mm-compressed-scaled-1.jpeg\",\"width\":1975,\"height\":2560},{\"@type\":\"BreadcrumbList\",\"@id\":\"https:\/\/letrame.com\/catalogo\/producto\/brian-may-red-special-espanol-letrame-libro\/#breadcrumb\",\"itemListElement\":[{\"@type\":\"ListItem\",\"position\":1,\"name\":\"Portada\",\"item\":\"https:\/\/letrame.com\/catalogo\/\"},{\"@type\":\"ListItem\",\"position\":2,\"name\":\"Cat\u00e1logo\",\"item\":\"https:\/\/letrame.com\/catalogo\/\"},{\"@type\":\"ListItem\",\"position\":3,\"name\":\"Brian May&#8217;s Red Special\"}]},{\"@type\":\"WebSite\",\"@id\":\"https:\/\/letrame.com\/catalogo\/#website\",\"url\":\"https:\/\/letrame.com\/catalogo\/\",\"name\":\"Catalogo | Letrame Grupo Editorial\",\"description\":\"\",\"publisher\":{\"@id\":\"https:\/\/letrame.com\/catalogo\/#organization\"},\"potentialAction\":[{\"@type\":\"SearchAction\",\"target\":{\"@type\":\"EntryPoint\",\"urlTemplate\":\"https:\/\/letrame.com\/catalogo\/?s={search_term_string}\"},\"query-input\":{\"@type\":\"PropertyValueSpecification\",\"valueRequired\":true,\"valueName\":\"search_term_string\"}}],\"inLanguage\":\"es\"},{\"@type\":\"Organization\",\"@id\":\"https:\/\/letrame.com\/catalogo\/#organization\",\"name\":\"Catalogo | Letrame Grupo Editorial\",\"url\":\"https:\/\/letrame.com\/catalogo\/\",\"logo\":{\"@type\":\"ImageObject\",\"inLanguage\":\"es\",\"@id\":\"https:\/\/letrame.com\/catalogo\/#\/schema\/logo\/image\/\",\"url\":\"https:\/\/letrame.com\/catalogo\/wp-content\/uploads\/2024\/03\/logo2.webp\",\"contentUrl\":\"https:\/\/letrame.com\/catalogo\/wp-content\/uploads\/2024\/03\/logo2.webp\",\"width\":394,\"height\":128,\"caption\":\"Catalogo | Letrame Grupo Editorial\"},\"image\":{\"@id\":\"https:\/\/letrame.com\/catalogo\/#\/schema\/logo\/image\/\"}}]}<\/script>\n<!-- \/ Yoast SEO plugin. -->","yoast_head_json":{"title":"Brian May's Red Special - Catalogo | Letrame Grupo Editorial","robots":{"index":"index","follow":"follow","max-snippet":"max-snippet:-1","max-image-preview":"max-image-preview:large","max-video-preview":"max-video-preview:-1"},"canonical":"https:\/\/letrame.com\/catalogo\/producto\/brian-may-red-special-espanol-letrame-libro\/","og_locale":"es_ES","og_type":"article","og_title":"Brian May's Red Special - Catalogo | Letrame Grupo Editorial","og_description":"ISBN:978-84-1114-444-5  SINOPSIS  Brian habla sobre todos los aspectos del Red Special, desde su dise\u00f1o original hasta la fabricaci\u00f3n de sus propias herramientas, y desde el abastecimiento de materiales en su casa hasta las actuaciones legendarias: Live Aid, la ceremonia de clausura de los Juegos Ol\u00edmpicos de 2012 y en el techo de El Palacio de Buckingham. Todo esto va acompa\u00f1ado de diagramas, bocetos y notas originales, as\u00ed como una gran selecci\u00f3n de fotograf\u00edas que incluyen primeros planos, radiograf\u00edas y actuaciones de Brian.","og_url":"https:\/\/letrame.com\/catalogo\/producto\/brian-may-red-special-espanol-letrame-libro\/","og_site_name":"Catalogo | Letrame Grupo Editorial","article_modified_time":"2024-06-12T13:58:15+00:00","og_image":[{"width":1975,"height":2560,"url":"https:\/\/letrame.com\/catalogo\/wp-content\/uploads\/2024\/04\/portada_Brianmay_876mm-compressed-scaled-1.jpeg","type":"image\/jpeg"}],"twitter_card":"summary_large_image","twitter_misc":{"Tiempo de lectura":"1 minuto"},"schema":{"@context":"https:\/\/schema.org","@graph":[{"@type":"WebPage","@id":"https:\/\/letrame.com\/catalogo\/producto\/brian-may-red-special-espanol-letrame-libro\/","url":"https:\/\/letrame.com\/catalogo\/producto\/brian-may-red-special-espanol-letrame-libro\/","name":"Brian May's Red Special - Catalogo | Letrame Grupo Editorial","isPartOf":{"@id":"https:\/\/letrame.com\/catalogo\/#website"},"primaryImageOfPage":{"@id":"https:\/\/letrame.com\/catalogo\/producto\/brian-may-red-special-espanol-letrame-libro\/#primaryimage"},"image":{"@id":"https:\/\/letrame.com\/catalogo\/producto\/brian-may-red-special-espanol-letrame-libro\/#primaryimage"},"thumbnailUrl":"https:\/\/letrame.com\/catalogo\/wp-content\/uploads\/2024\/04\/portada_Brianmay_876mm-compressed-scaled-1.jpeg","datePublished":"2024-04-29T12:03:20+00:00","dateModified":"2024-06-12T13:58:15+00:00","breadcrumb":{"@id":"https:\/\/letrame.com\/catalogo\/producto\/brian-may-red-special-espanol-letrame-libro\/#breadcrumb"},"inLanguage":"es","potentialAction":[{"@type":"ReadAction","target":["https:\/\/letrame.com\/catalogo\/producto\/brian-may-red-special-espanol-letrame-libro\/"]}]},{"@type":"ImageObject","inLanguage":"es","@id":"https:\/\/letrame.com\/catalogo\/producto\/brian-may-red-special-espanol-letrame-libro\/#primaryimage","url":"https:\/\/letrame.com\/catalogo\/wp-content\/uploads\/2024\/04\/portada_Brianmay_876mm-compressed-scaled-1.jpeg","contentUrl":"https:\/\/letrame.com\/catalogo\/wp-content\/uploads\/2024\/04\/portada_Brianmay_876mm-compressed-scaled-1.jpeg","width":1975,"height":2560},{"@type":"BreadcrumbList","@id":"https:\/\/letrame.com\/catalogo\/producto\/brian-may-red-special-espanol-letrame-libro\/#breadcrumb","itemListElement":[{"@type":"ListItem","position":1,"name":"Portada","item":"https:\/\/letrame.com\/catalogo\/"},{"@type":"ListItem","position":2,"name":"Cat\u00e1logo","item":"https:\/\/letrame.com\/catalogo\/"},{"@type":"ListItem","position":3,"name":"Brian May&#8217;s Red Special"}]},{"@type":"WebSite","@id":"https:\/\/letrame.com\/catalogo\/#website","url":"https:\/\/letrame.com\/catalogo\/","name":"Catalogo | Letrame Grupo Editorial","description":"","publisher":{"@id":"https:\/\/letrame.com\/catalogo\/#organization"},"potentialAction":[{"@type":"SearchAction","target":{"@type":"EntryPoint","urlTemplate":"https:\/\/letrame.com\/catalogo\/?s={search_term_string}"},"query-input":{"@type":"PropertyValueSpecification","valueRequired":true,"valueName":"search_term_string"}}],"inLanguage":"es"},{"@type":"Organization","@id":"https:\/\/letrame.com\/catalogo\/#organization","name":"Catalogo | Letrame Grupo Editorial","url":"https:\/\/letrame.com\/catalogo\/","logo":{"@type":"ImageObject","inLanguage":"es","@id":"https:\/\/letrame.com\/catalogo\/#\/schema\/logo\/image\/","url":"https:\/\/letrame.com\/catalogo\/wp-content\/uploads\/2024\/03\/logo2.webp","contentUrl":"https:\/\/letrame.com\/catalogo\/wp-content\/uploads\/2024\/03\/logo2.webp","width":394,"height":128,"caption":"Catalogo | Letrame Grupo Editorial"},"image":{"@id":"https:\/\/letrame.com\/catalogo\/#\/schema\/logo\/image\/"}}]}},"_links":{"self":[{"href":"https:\/\/letrame.com\/catalogo\/wp-json\/wp\/v2\/product\/97507","targetHints":{"allow":["GET"]}}],"collection":[{"href":"https:\/\/letrame.com\/catalogo\/wp-json\/wp\/v2\/product"}],"about":[{"href":"https:\/\/letrame.com\/catalogo\/wp-json\/wp\/v2\/types\/product"}],"replies":[{"embeddable":true,"href":"https:\/\/letrame.com\/catalogo\/wp-json\/wp\/v2\/comments?post=97507"}],"acf:post":[{"embeddable":true,"href":"https:\/\/letrame.com\/catalogo\/wp-json\/wp\/v2\/author_book\/76117"}],"wp:featuredmedia":[{"embeddable":true,"href":"https:\/\/letrame.com\/catalogo\/wp-json\/wp\/v2\/media\/97508"}],"wp:attachment":[{"href":"https:\/\/letrame.com\/catalogo\/wp-json\/wp\/v2\/media?parent=97507"}],"wp:term":[{"taxonomy":"libro","embeddable":true,"href":"https:\/\/letrame.com\/catalogo\/wp-json\/wp\/v2\/libro?post=97507"},{"taxonomy":"product_brand","embeddable":true,"href":"https:\/\/letrame.com\/catalogo\/wp-json\/wp\/v2\/product_brand?post=97507"},{"taxonomy":"product_cat","embeddable":true,"href":"https:\/\/letrame.com\/catalogo\/wp-json\/wp\/v2\/product_cat?post=97507"},{"taxonomy":"product_tag","embeddable":true,"href":"https:\/\/letrame.com\/catalogo\/wp-json\/wp\/v2\/product_tag?post=97507"}],"curies":[{"name":"wp","href":"https:\/\/api.w.org\/{rel}","templated":true}]}}