{"id":97505,"date":"2024-04-29T14:03:20","date_gmt":"2024-04-29T12:03:20","guid":{"rendered":"https:\/\/letrame.com\/catalogo\/producto\/el-maestro-dicedir\/"},"modified":"2024-04-29T14:03:47","modified_gmt":"2024-04-29T12:03:47","slug":"el-maestro-dicedir","status":"publish","type":"product","link":"https:\/\/letrame.com\/catalogo\/producto\/el-maestro-dicedir\/","title":{"rendered":"El maestro DICEDIR"},"content":{"rendered":"<p><strong>ISBN<\/strong>:978-84-1114-357-8<\/p>\n<p><strong>T\u00edtulo<\/strong>: El maestro dicedir<\/p>\n<p><strong>Fecha<\/strong>: 2022<\/p>\n<p><strong>P\u00e1ginas<\/strong>: 273<\/p>\n<p><strong>SINOPSIS<\/strong><\/p>\n<p>El maestro DICEDIR es un proceso de desarrollo y realizaci\u00f3n personal para la expansi\u00f3n de la consciencia humana y la liberaci\u00f3n de la culpabilidad y el exceso de cargas, en el que se integra el plano m\u00e1s espiritual a trav\u00e9s del cuerpo, la mente y las emociones en una interacci\u00f3n con un ambiente cambiante.<\/p>\n<p>En este nivel se trabajan los recursos y herramientas poderosas para llegar a ser un aut\u00e9ntico maestro siendo un Aprendiz de la VIDA. Se abordan las situaciones y circunstancias desde la comprensi\u00f3n del origen emocional, c\u00f3mo vivir desde la Intenci\u00f3n Perfecta y aprender a relacionarnos con los dem\u00e1s desde ese lugar; se supera el mecanismo de la dependencia y la necesidad para poder dar paso a la libertad personal, as\u00ed como las percepciones e interpretaciones de la experiencia que limitan la realidad, para configurar un nuevo esquema de pensamiento que posibilite a las personas pensar por s\u00ed mismas, mediante la pr\u00e1ctica de la atenci\u00f3n consciente y una profunda autoobservaci\u00f3n. Se trabajan los extremos, as\u00ed como el engranaje que nos lleva a vivir al l\u00edmite una y otra vez, con la intenci\u00f3n de alcanzar el equilibrio y estabilidad. Es de especial relevancia destacar el abismal trabajo con los rechazos para incorporar la aceptaci\u00f3n, as\u00ed como llegar a ser testigos de los fen\u00f3menos emocionales y cognitivos que acontecen en nuestro interior. Una de las fases de este procedimiento consiste en ocupar nuestro lugar en cada una de las \u00e1reas y relaciones para encaminar nuestra vida garantizando la felicidad, haciendo uso de t\u00e9cnicas para la transformaci\u00f3n que nos permitir\u00e1n trabajar con los regalos de la herencia y as\u00ed poder reparar y rescatar la tendencia del pasado. Adem\u00e1s descubriremos las huellas que deja la informaci\u00f3n bajo la disciplina REDES, siguiendo su estela y descifrando su secuencia para poder frenar el sufrimiento y convertirlo en oportunidades de cambio, dilatando y fortaleciendo la sensibilidad necesaria para hacer uso de la intuici\u00f3n.<\/p>\n<p>Constituye un nuevo modelo de trabajo de cambio y sanaci\u00f3n desde el interior, hol\u00edstico e integral, para acompa\u00f1ar a aquellas personas que se han elegido para atravesar el dolor, rescatarse y poder vivir una transformaci\u00f3n encaminando sus vidas hacia el sentido o hacia la felicidad.<\/p>\n","protected":false},"excerpt":{"rendered":"<p><strong>ISBN<\/strong>:978-84-1114-357-8<\/p>\n<p><strong>SINOPSIS<\/strong><\/p>\n<p>El maestro DICEDIR es un proceso de desarrollo y realizaci\u00f3n personal para la expansi\u00f3n de la consciencia humana y la liberaci\u00f3n de la culpabilidad y el exceso de cargas, en el que se integra el plano m\u00e1s espiritual a trav\u00e9s del cuerpo, la mente y las emociones en una interacci\u00f3n con un ambiente cambiante.<\/p>\n<p>En este nivel se trabajan los recursos y herramientas poderosas para llegar a ser un aut\u00e9ntico maestro siendo un Aprendiz de la VIDA. Se abordan las situaciones y circunstancias desde la comprensi\u00f3n del origen emocional, c\u00f3mo vivir desde la Intenci\u00f3n Perfecta y aprender a relacionarnos con los dem\u00e1s desde ese lugar; se supera el mecanismo de la dependencia y la necesidad para poder dar paso a la libertad personal, as\u00ed como las percepciones e interpretaciones de la experiencia que limitan la realidad, para configurar un nuevo esquema de pensamiento que posibilite a las personas pensar por s\u00ed mismas, mediante la pr\u00e1ctica de la atenci\u00f3n consciente y una profunda autoobservaci\u00f3n. Se trabajan los extremos, as\u00ed como el engranaje que nos lleva a vivir al l\u00edmite una y otra vez, con la intenci\u00f3n de alcanzar el equilibrio y estabilidad. Es de especial relevancia destacar el abismal trabajo con los rechazos para incorporar la aceptaci\u00f3n, as\u00ed como llegar a ser testigos de los fen\u00f3menos emocionales y cognitivos que acontecen en nuestro interior. Una de las fases de este procedimiento consiste en ocupar nuestro lugar en cada una de las \u00e1reas y relaciones para encaminar nuestra vida garantizando la felicidad, haciendo uso de t\u00e9cnicas para la transformaci\u00f3n que nos permitir\u00e1n trabajar con los regalos de la herencia y as\u00ed poder reparar y rescatar la tendencia del pasado. Adem\u00e1s descubriremos las huellas que deja la informaci\u00f3n bajo la disciplina REDES, siguiendo su estela y descifrando su secuencia para poder frenar el sufrimiento y convertirlo en oportunidades de cambio, dilatando y fortaleciendo la sensibilidad necesaria para hacer uso de la intuici\u00f3n.<\/p>\n<p>Constituye un nuevo modelo de trabajo de cambio y sanaci\u00f3n desde el interior, hol\u00edstico e integral, para acompa\u00f1ar a aquellas personas que se han elegido para atravesar el dolor, rescatarse y poder vivir una transformaci\u00f3n encaminando sus vidas hacia el sentido o hacia la felicidad.<\/p>\n<p>&nbsp;<\/p>\n","protected":false},"featured_media":97506,"comment_status":"closed","ping_status":"open","template":"","meta":{"_acf_changed":false},"libro":[],"product_brand":[],"product_cat":[26],"product_tag":[],"class_list":{"0":"post-97505","1":"product","2":"type-product","3":"status-publish","4":"has-post-thumbnail","6":"product_cat-sin-categoria","8":"first","9":"instock","10":"product-type-simple"},"acf":{"autor":[72767],"enlace_de_compra":""},"yoast_head":"<!-- This site is optimized with the Yoast SEO plugin v27.4 - https:\/\/yoast.com\/product\/yoast-seo-wordpress\/ -->\n<title>El maestro DICEDIR - Catalogo | Letrame Grupo Editorial<\/title>\n<meta name=\"robots\" content=\"index, follow, max-snippet:-1, max-image-preview:large, max-video-preview:-1\" \/>\n<link rel=\"canonical\" href=\"https:\/\/letrame.com\/catalogo\/producto\/el-maestro-dicedir\/\" \/>\n<meta property=\"og:locale\" content=\"es_ES\" \/>\n<meta property=\"og:type\" content=\"article\" \/>\n<meta property=\"og:title\" content=\"El maestro DICEDIR - Catalogo | Letrame Grupo Editorial\" \/>\n<meta property=\"og:description\" content=\"ISBN:978-84-1114-357-8 SINOPSIS El maestro DICEDIR es un proceso de desarrollo y realizaci\u00f3n personal para la expansi\u00f3n de la consciencia humana y la liberaci\u00f3n de la culpabilidad y el exceso de cargas, en el que se integra el plano m\u00e1s espiritual a trav\u00e9s del cuerpo, la mente y las emociones en una interacci\u00f3n con un ambiente cambiante. En este nivel se trabajan los recursos y herramientas poderosas para llegar a ser un aut\u00e9ntico maestro siendo un Aprendiz de la VIDA. Se abordan las situaciones y circunstancias desde la comprensi\u00f3n del origen emocional, c\u00f3mo vivir desde la Intenci\u00f3n Perfecta y aprender a relacionarnos con los dem\u00e1s desde ese lugar; se supera el mecanismo de la dependencia y la necesidad para poder dar paso a la libertad personal, as\u00ed como las percepciones e interpretaciones de la experiencia que limitan la realidad, para configurar un nuevo esquema de pensamiento que posibilite a las personas pensar por s\u00ed mismas, mediante la pr\u00e1ctica de la atenci\u00f3n consciente y una profunda autoobservaci\u00f3n. Se trabajan los extremos, as\u00ed como el engranaje que nos lleva a vivir al l\u00edmite una y otra vez, con la intenci\u00f3n de alcanzar el equilibrio y estabilidad. Es de especial relevancia destacar el abismal trabajo con los rechazos para incorporar la aceptaci\u00f3n, as\u00ed como llegar a ser testigos de los fen\u00f3menos emocionales y cognitivos que acontecen en nuestro interior. Una de las fases de este procedimiento consiste en ocupar nuestro lugar en cada una de las \u00e1reas y relaciones para encaminar nuestra vida garantizando la felicidad, haciendo uso de t\u00e9cnicas para la transformaci\u00f3n que nos permitir\u00e1n trabajar con los regalos de la herencia y as\u00ed poder reparar y rescatar la tendencia del pasado. Adem\u00e1s descubriremos las huellas que deja la informaci\u00f3n bajo la disciplina REDES, siguiendo su estela y descifrando su secuencia para poder frenar el sufrimiento y convertirlo en oportunidades de cambio, dilatando y fortaleciendo la sensibilidad necesaria para hacer uso de la intuici\u00f3n. Constituye un nuevo modelo de trabajo de cambio y sanaci\u00f3n desde el interior, hol\u00edstico e integral, para acompa\u00f1ar a aquellas personas que se han elegido para atravesar el dolor, rescatarse y poder vivir una transformaci\u00f3n encaminando sus vidas hacia el sentido o hacia la felicidad. &nbsp;\" \/>\n<meta property=\"og:url\" content=\"https:\/\/letrame.com\/catalogo\/producto\/el-maestro-dicedir\/\" \/>\n<meta property=\"og:site_name\" content=\"Catalogo | Letrame Grupo Editorial\" \/>\n<meta property=\"article:modified_time\" content=\"2024-04-29T12:03:47+00:00\" \/>\n<meta property=\"og:image\" content=\"https:\/\/letrame.com\/catalogo\/wp-content\/uploads\/2024\/04\/portada_maestrodicedir_1649mm-722x1024.jpeg\" \/>\n\t<meta property=\"og:image:width\" content=\"722\" \/>\n\t<meta property=\"og:image:height\" content=\"1024\" \/>\n\t<meta property=\"og:image:type\" content=\"image\/jpeg\" \/>\n<meta name=\"twitter:card\" content=\"summary_large_image\" \/>\n<meta name=\"twitter:label1\" content=\"Tiempo de lectura\" \/>\n\t<meta name=\"twitter:data1\" content=\"2 minutos\" \/>\n<script type=\"application\/ld+json\" class=\"yoast-schema-graph\">{\"@context\":\"https:\\\/\\\/schema.org\",\"@graph\":[{\"@type\":\"WebPage\",\"@id\":\"https:\\\/\\\/letrame.com\\\/catalogo\\\/producto\\\/el-maestro-dicedir\\\/\",\"url\":\"https:\\\/\\\/letrame.com\\\/catalogo\\\/producto\\\/el-maestro-dicedir\\\/\",\"name\":\"El maestro DICEDIR - Catalogo | Letrame Grupo Editorial\",\"isPartOf\":{\"@id\":\"https:\\\/\\\/letrame.com\\\/catalogo\\\/#website\"},\"primaryImageOfPage\":{\"@id\":\"https:\\\/\\\/letrame.com\\\/catalogo\\\/producto\\\/el-maestro-dicedir\\\/#primaryimage\"},\"image\":{\"@id\":\"https:\\\/\\\/letrame.com\\\/catalogo\\\/producto\\\/el-maestro-dicedir\\\/#primaryimage\"},\"thumbnailUrl\":\"https:\\\/\\\/letrame.com\\\/catalogo\\\/wp-content\\\/uploads\\\/2024\\\/04\\\/portada_maestrodicedir_1649mm.jpeg\",\"datePublished\":\"2024-04-29T12:03:20+00:00\",\"dateModified\":\"2024-04-29T12:03:47+00:00\",\"breadcrumb\":{\"@id\":\"https:\\\/\\\/letrame.com\\\/catalogo\\\/producto\\\/el-maestro-dicedir\\\/#breadcrumb\"},\"inLanguage\":\"es\",\"potentialAction\":[{\"@type\":\"ReadAction\",\"target\":[\"https:\\\/\\\/letrame.com\\\/catalogo\\\/producto\\\/el-maestro-dicedir\\\/\"]}]},{\"@type\":\"ImageObject\",\"inLanguage\":\"es\",\"@id\":\"https:\\\/\\\/letrame.com\\\/catalogo\\\/producto\\\/el-maestro-dicedir\\\/#primaryimage\",\"url\":\"https:\\\/\\\/letrame.com\\\/catalogo\\\/wp-content\\\/uploads\\\/2024\\\/04\\\/portada_maestrodicedir_1649mm.jpeg\",\"contentUrl\":\"https:\\\/\\\/letrame.com\\\/catalogo\\\/wp-content\\\/uploads\\\/2024\\\/04\\\/portada_maestrodicedir_1649mm.jpeg\",\"width\":1748,\"height\":2480},{\"@type\":\"BreadcrumbList\",\"@id\":\"https:\\\/\\\/letrame.com\\\/catalogo\\\/producto\\\/el-maestro-dicedir\\\/#breadcrumb\",\"itemListElement\":[{\"@type\":\"ListItem\",\"position\":1,\"name\":\"Portada\",\"item\":\"https:\\\/\\\/letrame.com\\\/catalogo\\\/\"},{\"@type\":\"ListItem\",\"position\":2,\"name\":\"Cat\u00e1logo\",\"item\":\"https:\\\/\\\/letrame.com\\\/catalogo\\\/\"},{\"@type\":\"ListItem\",\"position\":3,\"name\":\"El maestro DICEDIR\"}]},{\"@type\":\"WebSite\",\"@id\":\"https:\\\/\\\/letrame.com\\\/catalogo\\\/#website\",\"url\":\"https:\\\/\\\/letrame.com\\\/catalogo\\\/\",\"name\":\"Catalogo | Letrame Grupo Editorial\",\"description\":\"\",\"publisher\":{\"@id\":\"https:\\\/\\\/letrame.com\\\/catalogo\\\/#organization\"},\"potentialAction\":[{\"@type\":\"SearchAction\",\"target\":{\"@type\":\"EntryPoint\",\"urlTemplate\":\"https:\\\/\\\/letrame.com\\\/catalogo\\\/?s={search_term_string}\"},\"query-input\":{\"@type\":\"PropertyValueSpecification\",\"valueRequired\":true,\"valueName\":\"search_term_string\"}}],\"inLanguage\":\"es\"},{\"@type\":\"Organization\",\"@id\":\"https:\\\/\\\/letrame.com\\\/catalogo\\\/#organization\",\"name\":\"Catalogo | Letrame Grupo Editorial\",\"url\":\"https:\\\/\\\/letrame.com\\\/catalogo\\\/\",\"logo\":{\"@type\":\"ImageObject\",\"inLanguage\":\"es\",\"@id\":\"https:\\\/\\\/letrame.com\\\/catalogo\\\/#\\\/schema\\\/logo\\\/image\\\/\",\"url\":\"https:\\\/\\\/letrame.com\\\/catalogo\\\/wp-content\\\/uploads\\\/2024\\\/03\\\/logo2.webp\",\"contentUrl\":\"https:\\\/\\\/letrame.com\\\/catalogo\\\/wp-content\\\/uploads\\\/2024\\\/03\\\/logo2.webp\",\"width\":394,\"height\":128,\"caption\":\"Catalogo | Letrame Grupo Editorial\"},\"image\":{\"@id\":\"https:\\\/\\\/letrame.com\\\/catalogo\\\/#\\\/schema\\\/logo\\\/image\\\/\"}}]}<\/script>\n<!-- \/ Yoast SEO plugin. -->","yoast_head_json":{"title":"El maestro DICEDIR - Catalogo | Letrame Grupo Editorial","robots":{"index":"index","follow":"follow","max-snippet":"max-snippet:-1","max-image-preview":"max-image-preview:large","max-video-preview":"max-video-preview:-1"},"canonical":"https:\/\/letrame.com\/catalogo\/producto\/el-maestro-dicedir\/","og_locale":"es_ES","og_type":"article","og_title":"El maestro DICEDIR - Catalogo | Letrame Grupo Editorial","og_description":"ISBN:978-84-1114-357-8 SINOPSIS El maestro DICEDIR es un proceso de desarrollo y realizaci\u00f3n personal para la expansi\u00f3n de la consciencia humana y la liberaci\u00f3n de la culpabilidad y el exceso de cargas, en el que se integra el plano m\u00e1s espiritual a trav\u00e9s del cuerpo, la mente y las emociones en una interacci\u00f3n con un ambiente cambiante. En este nivel se trabajan los recursos y herramientas poderosas para llegar a ser un aut\u00e9ntico maestro siendo un Aprendiz de la VIDA. Se abordan las situaciones y circunstancias desde la comprensi\u00f3n del origen emocional, c\u00f3mo vivir desde la Intenci\u00f3n Perfecta y aprender a relacionarnos con los dem\u00e1s desde ese lugar; se supera el mecanismo de la dependencia y la necesidad para poder dar paso a la libertad personal, as\u00ed como las percepciones e interpretaciones de la experiencia que limitan la realidad, para configurar un nuevo esquema de pensamiento que posibilite a las personas pensar por s\u00ed mismas, mediante la pr\u00e1ctica de la atenci\u00f3n consciente y una profunda autoobservaci\u00f3n. Se trabajan los extremos, as\u00ed como el engranaje que nos lleva a vivir al l\u00edmite una y otra vez, con la intenci\u00f3n de alcanzar el equilibrio y estabilidad. Es de especial relevancia destacar el abismal trabajo con los rechazos para incorporar la aceptaci\u00f3n, as\u00ed como llegar a ser testigos de los fen\u00f3menos emocionales y cognitivos que acontecen en nuestro interior. Una de las fases de este procedimiento consiste en ocupar nuestro lugar en cada una de las \u00e1reas y relaciones para encaminar nuestra vida garantizando la felicidad, haciendo uso de t\u00e9cnicas para la transformaci\u00f3n que nos permitir\u00e1n trabajar con los regalos de la herencia y as\u00ed poder reparar y rescatar la tendencia del pasado. Adem\u00e1s descubriremos las huellas que deja la informaci\u00f3n bajo la disciplina REDES, siguiendo su estela y descifrando su secuencia para poder frenar el sufrimiento y convertirlo en oportunidades de cambio, dilatando y fortaleciendo la sensibilidad necesaria para hacer uso de la intuici\u00f3n. Constituye un nuevo modelo de trabajo de cambio y sanaci\u00f3n desde el interior, hol\u00edstico e integral, para acompa\u00f1ar a aquellas personas que se han elegido para atravesar el dolor, rescatarse y poder vivir una transformaci\u00f3n encaminando sus vidas hacia el sentido o hacia la felicidad. &nbsp;","og_url":"https:\/\/letrame.com\/catalogo\/producto\/el-maestro-dicedir\/","og_site_name":"Catalogo | Letrame Grupo Editorial","article_modified_time":"2024-04-29T12:03:47+00:00","og_image":[{"width":722,"height":1024,"url":"https:\/\/letrame.com\/catalogo\/wp-content\/uploads\/2024\/04\/portada_maestrodicedir_1649mm-722x1024.jpeg","type":"image\/jpeg"}],"twitter_card":"summary_large_image","twitter_misc":{"Tiempo de lectura":"2 minutos"},"schema":{"@context":"https:\/\/schema.org","@graph":[{"@type":"WebPage","@id":"https:\/\/letrame.com\/catalogo\/producto\/el-maestro-dicedir\/","url":"https:\/\/letrame.com\/catalogo\/producto\/el-maestro-dicedir\/","name":"El maestro DICEDIR - Catalogo | Letrame Grupo Editorial","isPartOf":{"@id":"https:\/\/letrame.com\/catalogo\/#website"},"primaryImageOfPage":{"@id":"https:\/\/letrame.com\/catalogo\/producto\/el-maestro-dicedir\/#primaryimage"},"image":{"@id":"https:\/\/letrame.com\/catalogo\/producto\/el-maestro-dicedir\/#primaryimage"},"thumbnailUrl":"https:\/\/letrame.com\/catalogo\/wp-content\/uploads\/2024\/04\/portada_maestrodicedir_1649mm.jpeg","datePublished":"2024-04-29T12:03:20+00:00","dateModified":"2024-04-29T12:03:47+00:00","breadcrumb":{"@id":"https:\/\/letrame.com\/catalogo\/producto\/el-maestro-dicedir\/#breadcrumb"},"inLanguage":"es","potentialAction":[{"@type":"ReadAction","target":["https:\/\/letrame.com\/catalogo\/producto\/el-maestro-dicedir\/"]}]},{"@type":"ImageObject","inLanguage":"es","@id":"https:\/\/letrame.com\/catalogo\/producto\/el-maestro-dicedir\/#primaryimage","url":"https:\/\/letrame.com\/catalogo\/wp-content\/uploads\/2024\/04\/portada_maestrodicedir_1649mm.jpeg","contentUrl":"https:\/\/letrame.com\/catalogo\/wp-content\/uploads\/2024\/04\/portada_maestrodicedir_1649mm.jpeg","width":1748,"height":2480},{"@type":"BreadcrumbList","@id":"https:\/\/letrame.com\/catalogo\/producto\/el-maestro-dicedir\/#breadcrumb","itemListElement":[{"@type":"ListItem","position":1,"name":"Portada","item":"https:\/\/letrame.com\/catalogo\/"},{"@type":"ListItem","position":2,"name":"Cat\u00e1logo","item":"https:\/\/letrame.com\/catalogo\/"},{"@type":"ListItem","position":3,"name":"El maestro DICEDIR"}]},{"@type":"WebSite","@id":"https:\/\/letrame.com\/catalogo\/#website","url":"https:\/\/letrame.com\/catalogo\/","name":"Catalogo | Letrame Grupo Editorial","description":"","publisher":{"@id":"https:\/\/letrame.com\/catalogo\/#organization"},"potentialAction":[{"@type":"SearchAction","target":{"@type":"EntryPoint","urlTemplate":"https:\/\/letrame.com\/catalogo\/?s={search_term_string}"},"query-input":{"@type":"PropertyValueSpecification","valueRequired":true,"valueName":"search_term_string"}}],"inLanguage":"es"},{"@type":"Organization","@id":"https:\/\/letrame.com\/catalogo\/#organization","name":"Catalogo | Letrame Grupo Editorial","url":"https:\/\/letrame.com\/catalogo\/","logo":{"@type":"ImageObject","inLanguage":"es","@id":"https:\/\/letrame.com\/catalogo\/#\/schema\/logo\/image\/","url":"https:\/\/letrame.com\/catalogo\/wp-content\/uploads\/2024\/03\/logo2.webp","contentUrl":"https:\/\/letrame.com\/catalogo\/wp-content\/uploads\/2024\/03\/logo2.webp","width":394,"height":128,"caption":"Catalogo | Letrame Grupo Editorial"},"image":{"@id":"https:\/\/letrame.com\/catalogo\/#\/schema\/logo\/image\/"}}]}},"_links":{"self":[{"href":"https:\/\/letrame.com\/catalogo\/wp-json\/wp\/v2\/product\/97505","targetHints":{"allow":["GET"]}}],"collection":[{"href":"https:\/\/letrame.com\/catalogo\/wp-json\/wp\/v2\/product"}],"about":[{"href":"https:\/\/letrame.com\/catalogo\/wp-json\/wp\/v2\/types\/product"}],"replies":[{"embeddable":true,"href":"https:\/\/letrame.com\/catalogo\/wp-json\/wp\/v2\/comments?post=97505"}],"acf:post":[{"embeddable":true,"href":"https:\/\/letrame.com\/catalogo\/wp-json\/wp\/v2\/author_book\/72767"}],"wp:featuredmedia":[{"embeddable":true,"href":"https:\/\/letrame.com\/catalogo\/wp-json\/wp\/v2\/media\/97506"}],"wp:attachment":[{"href":"https:\/\/letrame.com\/catalogo\/wp-json\/wp\/v2\/media?parent=97505"}],"wp:term":[{"taxonomy":"libro","embeddable":true,"href":"https:\/\/letrame.com\/catalogo\/wp-json\/wp\/v2\/libro?post=97505"},{"taxonomy":"product_brand","embeddable":true,"href":"https:\/\/letrame.com\/catalogo\/wp-json\/wp\/v2\/product_brand?post=97505"},{"taxonomy":"product_cat","embeddable":true,"href":"https:\/\/letrame.com\/catalogo\/wp-json\/wp\/v2\/product_cat?post=97505"},{"taxonomy":"product_tag","embeddable":true,"href":"https:\/\/letrame.com\/catalogo\/wp-json\/wp\/v2\/product_tag?post=97505"}],"curies":[{"name":"wp","href":"https:\/\/api.w.org\/{rel}","templated":true}]}}