{"id":97495,"date":"2024-04-29T14:01:33","date_gmt":"2024-04-29T12:01:33","guid":{"rendered":"https:\/\/letrame.com\/catalogo\/producto\/cancion-de-cuna\/"},"modified":"2024-04-29T14:01:52","modified_gmt":"2024-04-29T12:01:52","slug":"cancion-de-cuna","status":"publish","type":"product","link":"https:\/\/letrame.com\/catalogo\/producto\/cancion-de-cuna\/","title":{"rendered":"canci\u00f3n de cuna"},"content":{"rendered":"<p><strong>ISBN<\/strong>:978-84-1114-450-6<\/p>\n<p><strong>T\u00edtulo<\/strong>:canci\u00f3n de cuna<\/p>\n<p><strong>Fecha<\/strong>: 2022<br \/>\n<strong>P\u00e1ginas<\/strong>: 246<\/p>\n<p><strong>SINOPSIS<\/strong><\/p>\n<p><em>Du\u00e9rmete ni\u00f1o, du\u00e9rmete ya, que viene El Coco y te comer\u00e1\u2026<\/em><\/p>\n<p>Por la noche, demonios, esp\u00edritus, fantasmas y seres de otros mundos nos observan desde su infierno particular. Y es entonces cuando la puerta del armario comienza a abrirse, lentamente. El monstruo que habita en su interior aparece y nuestra mente recuerda esa canci\u00f3n que, durante nuestra infancia,\u00a0 cantaban nuestros padres, y nuestros abuelos.<\/p>\n<p>Una noche, un ni\u00f1o comenz\u00f3 a escuchar unos ruidos procedentes del interior de su armario y una gran carcajada que lo provoc\u00f3 pavor. A\u00f1os despu\u00e9s, casi adulto, decide plantar cara a sus miedos de la infancia y luchar contra una maldici\u00f3n que ha perseguido a su familia durante d\u00e9cadas. \u00bfLo conseguir\u00e1?, \u00bfO acabar\u00e1 dentro del armario en un mundo infernal?<\/p>\n<p>Canci\u00f3n de Cuna cuenta la historia de una de las leyendas m\u00e1s antiguas, paranormales y oscuras de la tradici\u00f3n espa\u00f1ola. Inspirada en los cr\u00edmenes cometidos por varios asesinos seriales espa\u00f1oles, esta novela nos describe a un monstruo que, aunque no lo queramos ver, habita en el interior de nuestro armario.<\/p>\n<p>Unos lo llaman El Coco, otros El Hombre del Saco. A sus v\u00edctimas, sin embargo, no les da tiempo a pronunciar su nombre.<\/p>\n","protected":false},"excerpt":{"rendered":"<p><strong>ISBN<\/strong>:978-84-1114-450-6<\/p>\n<p><strong>SINOPSIS<\/strong><\/p>\n<p><em>Du\u00e9rmete ni\u00f1o, du\u00e9rmete ya, que viene El Coco y te comer\u00e1\u2026<\/em><\/p>\n<p>Por la noche, demonios, esp\u00edritus, fantasmas y seres de otros mundos nos observan desde su infierno particular. Y es entonces cuando la puerta del armario comienza a abrirse, lentamente. El monstruo que habita en su interior aparece y nuestra mente recuerda esa canci\u00f3n que, durante nuestra infancia,\u00a0 cantaban nuestros padres, y nuestros abuelos.<\/p>\n<p>Una noche, un ni\u00f1o comenz\u00f3 a escuchar unos ruidos procedentes del interior de su armario y una gran carcajada que lo provoc\u00f3 pavor. A\u00f1os despu\u00e9s, casi adulto, decide plantar cara a sus miedos de la infancia y luchar contra una maldici\u00f3n que ha perseguido a su familia durante d\u00e9cadas. \u00bfLo conseguir\u00e1?, \u00bfO acabar\u00e1 dentro del armario en un mundo infernal?<\/p>\n<p>Canci\u00f3n de Cuna cuenta la historia de una de las leyendas m\u00e1s antiguas, paranormales y oscuras de la tradici\u00f3n espa\u00f1ola. Inspirada en los cr\u00edmenes cometidos por varios asesinos seriales espa\u00f1oles, esta novela nos describe a un monstruo que, aunque no lo queramos ver, habita en el interior de nuestro armario.<\/p>\n<p>Unos lo llaman El Coco, otros El Hombre del Saco. A sus v\u00edctimas, sin embargo, no les da tiempo a pronunciar su nombre.<\/p>\n","protected":false},"featured_media":97496,"comment_status":"closed","ping_status":"open","template":"","meta":{"_acf_changed":false},"libro":[],"product_brand":[],"product_cat":[26],"product_tag":[],"class_list":{"0":"post-97495","1":"product","2":"type-product","3":"status-publish","4":"has-post-thumbnail","6":"product_cat-sin-categoria","8":"first","9":"instock","10":"product-type-simple"},"acf":{"autor":[76061],"enlace_de_compra":"https:\/\/www.amazon.es\/contratiempo-Sandra-L-Santos\/dp\/8411144267\/"},"yoast_head":"<!-- This site is optimized with the Yoast SEO plugin v26.6 - https:\/\/yoast.com\/wordpress\/plugins\/seo\/ -->\n<title>canci\u00f3n de cuna - Catalogo | Letrame Grupo Editorial<\/title>\n<meta name=\"robots\" content=\"index, follow, max-snippet:-1, max-image-preview:large, max-video-preview:-1\" \/>\n<link rel=\"canonical\" href=\"https:\/\/letrame.com\/catalogo\/producto\/cancion-de-cuna\/\" \/>\n<meta property=\"og:locale\" content=\"es_ES\" \/>\n<meta property=\"og:type\" content=\"article\" \/>\n<meta property=\"og:title\" content=\"canci\u00f3n de cuna - Catalogo | Letrame Grupo Editorial\" \/>\n<meta property=\"og:description\" content=\"ISBN:978-84-1114-450-6 SINOPSIS Du\u00e9rmete ni\u00f1o, du\u00e9rmete ya, que viene El Coco y te comer\u00e1\u2026 Por la noche, demonios, esp\u00edritus, fantasmas y seres de otros mundos nos observan desde su infierno particular. Y es entonces cuando la puerta del armario comienza a abrirse, lentamente. El monstruo que habita en su interior aparece y nuestra mente recuerda esa canci\u00f3n que, durante nuestra infancia,\u00a0 cantaban nuestros padres, y nuestros abuelos. Una noche, un ni\u00f1o comenz\u00f3 a escuchar unos ruidos procedentes del interior de su armario y una gran carcajada que lo provoc\u00f3 pavor. A\u00f1os despu\u00e9s, casi adulto, decide plantar cara a sus miedos de la infancia y luchar contra una maldici\u00f3n que ha perseguido a su familia durante d\u00e9cadas. \u00bfLo conseguir\u00e1?, \u00bfO acabar\u00e1 dentro del armario en un mundo infernal? Canci\u00f3n de Cuna cuenta la historia de una de las leyendas m\u00e1s antiguas, paranormales y oscuras de la tradici\u00f3n espa\u00f1ola. Inspirada en los cr\u00edmenes cometidos por varios asesinos seriales espa\u00f1oles, esta novela nos describe a un monstruo que, aunque no lo queramos ver, habita en el interior de nuestro armario. Unos lo llaman El Coco, otros El Hombre del Saco. A sus v\u00edctimas, sin embargo, no les da tiempo a pronunciar su nombre.\" \/>\n<meta property=\"og:url\" content=\"https:\/\/letrame.com\/catalogo\/producto\/cancion-de-cuna\/\" \/>\n<meta property=\"og:site_name\" content=\"Catalogo | Letrame Grupo Editorial\" \/>\n<meta property=\"article:modified_time\" content=\"2024-04-29T12:01:52+00:00\" \/>\n<meta property=\"og:image\" content=\"https:\/\/letrame.com\/catalogo\/wp-content\/uploads\/2024\/04\/PORTCANCION-scaled-1.jpeg\" \/>\n\t<meta property=\"og:image:width\" content=\"1746\" \/>\n\t<meta property=\"og:image:height\" content=\"2560\" \/>\n\t<meta property=\"og:image:type\" content=\"image\/jpeg\" \/>\n<meta name=\"twitter:card\" content=\"summary_large_image\" \/>\n<meta name=\"twitter:label1\" content=\"Tiempo de lectura\" \/>\n\t<meta name=\"twitter:data1\" content=\"1 minuto\" \/>\n<script type=\"application\/ld+json\" class=\"yoast-schema-graph\">{\"@context\":\"https:\/\/schema.org\",\"@graph\":[{\"@type\":\"WebPage\",\"@id\":\"https:\/\/letrame.com\/catalogo\/producto\/cancion-de-cuna\/\",\"url\":\"https:\/\/letrame.com\/catalogo\/producto\/cancion-de-cuna\/\",\"name\":\"canci\u00f3n de cuna - Catalogo | Letrame Grupo Editorial\",\"isPartOf\":{\"@id\":\"https:\/\/letrame.com\/catalogo\/#website\"},\"primaryImageOfPage\":{\"@id\":\"https:\/\/letrame.com\/catalogo\/producto\/cancion-de-cuna\/#primaryimage\"},\"image\":{\"@id\":\"https:\/\/letrame.com\/catalogo\/producto\/cancion-de-cuna\/#primaryimage\"},\"thumbnailUrl\":\"https:\/\/letrame.com\/catalogo\/wp-content\/uploads\/2024\/04\/PORTCANCION-scaled-1.jpeg\",\"datePublished\":\"2024-04-29T12:01:33+00:00\",\"dateModified\":\"2024-04-29T12:01:52+00:00\",\"breadcrumb\":{\"@id\":\"https:\/\/letrame.com\/catalogo\/producto\/cancion-de-cuna\/#breadcrumb\"},\"inLanguage\":\"es\",\"potentialAction\":[{\"@type\":\"ReadAction\",\"target\":[\"https:\/\/letrame.com\/catalogo\/producto\/cancion-de-cuna\/\"]}]},{\"@type\":\"ImageObject\",\"inLanguage\":\"es\",\"@id\":\"https:\/\/letrame.com\/catalogo\/producto\/cancion-de-cuna\/#primaryimage\",\"url\":\"https:\/\/letrame.com\/catalogo\/wp-content\/uploads\/2024\/04\/PORTCANCION-scaled-1.jpeg\",\"contentUrl\":\"https:\/\/letrame.com\/catalogo\/wp-content\/uploads\/2024\/04\/PORTCANCION-scaled-1.jpeg\",\"width\":1746,\"height\":2560},{\"@type\":\"BreadcrumbList\",\"@id\":\"https:\/\/letrame.com\/catalogo\/producto\/cancion-de-cuna\/#breadcrumb\",\"itemListElement\":[{\"@type\":\"ListItem\",\"position\":1,\"name\":\"Portada\",\"item\":\"https:\/\/letrame.com\/catalogo\/\"},{\"@type\":\"ListItem\",\"position\":2,\"name\":\"Cat\u00e1logo\",\"item\":\"https:\/\/letrame.com\/catalogo\/\"},{\"@type\":\"ListItem\",\"position\":3,\"name\":\"canci\u00f3n de cuna\"}]},{\"@type\":\"WebSite\",\"@id\":\"https:\/\/letrame.com\/catalogo\/#website\",\"url\":\"https:\/\/letrame.com\/catalogo\/\",\"name\":\"Catalogo | Letrame Grupo Editorial\",\"description\":\"\",\"publisher\":{\"@id\":\"https:\/\/letrame.com\/catalogo\/#organization\"},\"potentialAction\":[{\"@type\":\"SearchAction\",\"target\":{\"@type\":\"EntryPoint\",\"urlTemplate\":\"https:\/\/letrame.com\/catalogo\/?s={search_term_string}\"},\"query-input\":{\"@type\":\"PropertyValueSpecification\",\"valueRequired\":true,\"valueName\":\"search_term_string\"}}],\"inLanguage\":\"es\"},{\"@type\":\"Organization\",\"@id\":\"https:\/\/letrame.com\/catalogo\/#organization\",\"name\":\"Catalogo | Letrame Grupo Editorial\",\"url\":\"https:\/\/letrame.com\/catalogo\/\",\"logo\":{\"@type\":\"ImageObject\",\"inLanguage\":\"es\",\"@id\":\"https:\/\/letrame.com\/catalogo\/#\/schema\/logo\/image\/\",\"url\":\"https:\/\/letrame.com\/catalogo\/wp-content\/uploads\/2024\/03\/logo2.webp\",\"contentUrl\":\"https:\/\/letrame.com\/catalogo\/wp-content\/uploads\/2024\/03\/logo2.webp\",\"width\":394,\"height\":128,\"caption\":\"Catalogo | Letrame Grupo Editorial\"},\"image\":{\"@id\":\"https:\/\/letrame.com\/catalogo\/#\/schema\/logo\/image\/\"}}]}<\/script>\n<!-- \/ Yoast SEO plugin. -->","yoast_head_json":{"title":"canci\u00f3n de cuna - Catalogo | Letrame Grupo Editorial","robots":{"index":"index","follow":"follow","max-snippet":"max-snippet:-1","max-image-preview":"max-image-preview:large","max-video-preview":"max-video-preview:-1"},"canonical":"https:\/\/letrame.com\/catalogo\/producto\/cancion-de-cuna\/","og_locale":"es_ES","og_type":"article","og_title":"canci\u00f3n de cuna - Catalogo | Letrame Grupo Editorial","og_description":"ISBN:978-84-1114-450-6 SINOPSIS Du\u00e9rmete ni\u00f1o, du\u00e9rmete ya, que viene El Coco y te comer\u00e1\u2026 Por la noche, demonios, esp\u00edritus, fantasmas y seres de otros mundos nos observan desde su infierno particular. Y es entonces cuando la puerta del armario comienza a abrirse, lentamente. El monstruo que habita en su interior aparece y nuestra mente recuerda esa canci\u00f3n que, durante nuestra infancia,\u00a0 cantaban nuestros padres, y nuestros abuelos. Una noche, un ni\u00f1o comenz\u00f3 a escuchar unos ruidos procedentes del interior de su armario y una gran carcajada que lo provoc\u00f3 pavor. A\u00f1os despu\u00e9s, casi adulto, decide plantar cara a sus miedos de la infancia y luchar contra una maldici\u00f3n que ha perseguido a su familia durante d\u00e9cadas. \u00bfLo conseguir\u00e1?, \u00bfO acabar\u00e1 dentro del armario en un mundo infernal? Canci\u00f3n de Cuna cuenta la historia de una de las leyendas m\u00e1s antiguas, paranormales y oscuras de la tradici\u00f3n espa\u00f1ola. Inspirada en los cr\u00edmenes cometidos por varios asesinos seriales espa\u00f1oles, esta novela nos describe a un monstruo que, aunque no lo queramos ver, habita en el interior de nuestro armario. Unos lo llaman El Coco, otros El Hombre del Saco. A sus v\u00edctimas, sin embargo, no les da tiempo a pronunciar su nombre.","og_url":"https:\/\/letrame.com\/catalogo\/producto\/cancion-de-cuna\/","og_site_name":"Catalogo | Letrame Grupo Editorial","article_modified_time":"2024-04-29T12:01:52+00:00","og_image":[{"width":1746,"height":2560,"url":"https:\/\/letrame.com\/catalogo\/wp-content\/uploads\/2024\/04\/PORTCANCION-scaled-1.jpeg","type":"image\/jpeg"}],"twitter_card":"summary_large_image","twitter_misc":{"Tiempo de lectura":"1 minuto"},"schema":{"@context":"https:\/\/schema.org","@graph":[{"@type":"WebPage","@id":"https:\/\/letrame.com\/catalogo\/producto\/cancion-de-cuna\/","url":"https:\/\/letrame.com\/catalogo\/producto\/cancion-de-cuna\/","name":"canci\u00f3n de cuna - Catalogo | Letrame Grupo Editorial","isPartOf":{"@id":"https:\/\/letrame.com\/catalogo\/#website"},"primaryImageOfPage":{"@id":"https:\/\/letrame.com\/catalogo\/producto\/cancion-de-cuna\/#primaryimage"},"image":{"@id":"https:\/\/letrame.com\/catalogo\/producto\/cancion-de-cuna\/#primaryimage"},"thumbnailUrl":"https:\/\/letrame.com\/catalogo\/wp-content\/uploads\/2024\/04\/PORTCANCION-scaled-1.jpeg","datePublished":"2024-04-29T12:01:33+00:00","dateModified":"2024-04-29T12:01:52+00:00","breadcrumb":{"@id":"https:\/\/letrame.com\/catalogo\/producto\/cancion-de-cuna\/#breadcrumb"},"inLanguage":"es","potentialAction":[{"@type":"ReadAction","target":["https:\/\/letrame.com\/catalogo\/producto\/cancion-de-cuna\/"]}]},{"@type":"ImageObject","inLanguage":"es","@id":"https:\/\/letrame.com\/catalogo\/producto\/cancion-de-cuna\/#primaryimage","url":"https:\/\/letrame.com\/catalogo\/wp-content\/uploads\/2024\/04\/PORTCANCION-scaled-1.jpeg","contentUrl":"https:\/\/letrame.com\/catalogo\/wp-content\/uploads\/2024\/04\/PORTCANCION-scaled-1.jpeg","width":1746,"height":2560},{"@type":"BreadcrumbList","@id":"https:\/\/letrame.com\/catalogo\/producto\/cancion-de-cuna\/#breadcrumb","itemListElement":[{"@type":"ListItem","position":1,"name":"Portada","item":"https:\/\/letrame.com\/catalogo\/"},{"@type":"ListItem","position":2,"name":"Cat\u00e1logo","item":"https:\/\/letrame.com\/catalogo\/"},{"@type":"ListItem","position":3,"name":"canci\u00f3n de cuna"}]},{"@type":"WebSite","@id":"https:\/\/letrame.com\/catalogo\/#website","url":"https:\/\/letrame.com\/catalogo\/","name":"Catalogo | Letrame Grupo Editorial","description":"","publisher":{"@id":"https:\/\/letrame.com\/catalogo\/#organization"},"potentialAction":[{"@type":"SearchAction","target":{"@type":"EntryPoint","urlTemplate":"https:\/\/letrame.com\/catalogo\/?s={search_term_string}"},"query-input":{"@type":"PropertyValueSpecification","valueRequired":true,"valueName":"search_term_string"}}],"inLanguage":"es"},{"@type":"Organization","@id":"https:\/\/letrame.com\/catalogo\/#organization","name":"Catalogo | Letrame Grupo Editorial","url":"https:\/\/letrame.com\/catalogo\/","logo":{"@type":"ImageObject","inLanguage":"es","@id":"https:\/\/letrame.com\/catalogo\/#\/schema\/logo\/image\/","url":"https:\/\/letrame.com\/catalogo\/wp-content\/uploads\/2024\/03\/logo2.webp","contentUrl":"https:\/\/letrame.com\/catalogo\/wp-content\/uploads\/2024\/03\/logo2.webp","width":394,"height":128,"caption":"Catalogo | Letrame Grupo Editorial"},"image":{"@id":"https:\/\/letrame.com\/catalogo\/#\/schema\/logo\/image\/"}}]}},"_links":{"self":[{"href":"https:\/\/letrame.com\/catalogo\/wp-json\/wp\/v2\/product\/97495","targetHints":{"allow":["GET"]}}],"collection":[{"href":"https:\/\/letrame.com\/catalogo\/wp-json\/wp\/v2\/product"}],"about":[{"href":"https:\/\/letrame.com\/catalogo\/wp-json\/wp\/v2\/types\/product"}],"replies":[{"embeddable":true,"href":"https:\/\/letrame.com\/catalogo\/wp-json\/wp\/v2\/comments?post=97495"}],"acf:post":[{"embeddable":true,"href":"https:\/\/letrame.com\/catalogo\/wp-json\/wp\/v2\/author_book\/76061"}],"wp:featuredmedia":[{"embeddable":true,"href":"https:\/\/letrame.com\/catalogo\/wp-json\/wp\/v2\/media\/97496"}],"wp:attachment":[{"href":"https:\/\/letrame.com\/catalogo\/wp-json\/wp\/v2\/media?parent=97495"}],"wp:term":[{"taxonomy":"libro","embeddable":true,"href":"https:\/\/letrame.com\/catalogo\/wp-json\/wp\/v2\/libro?post=97495"},{"taxonomy":"product_brand","embeddable":true,"href":"https:\/\/letrame.com\/catalogo\/wp-json\/wp\/v2\/product_brand?post=97495"},{"taxonomy":"product_cat","embeddable":true,"href":"https:\/\/letrame.com\/catalogo\/wp-json\/wp\/v2\/product_cat?post=97495"},{"taxonomy":"product_tag","embeddable":true,"href":"https:\/\/letrame.com\/catalogo\/wp-json\/wp\/v2\/product_tag?post=97495"}],"curies":[{"name":"wp","href":"https:\/\/api.w.org\/{rel}","templated":true}]}}