{"id":97485,"date":"2024-04-29T14:01:04","date_gmt":"2024-04-29T12:01:04","guid":{"rendered":"https:\/\/letrame.com\/catalogo\/producto\/mares-picaros-y-dulces\/"},"modified":"2024-08-14T15:28:44","modified_gmt":"2024-08-14T13:28:44","slug":"mares-picaros-y-dulces","status":"publish","type":"product","link":"https:\/\/letrame.com\/catalogo\/producto\/mares-picaros-y-dulces\/","title":{"rendered":"Mares p\u00edcaros y Dulces"},"content":{"rendered":"<p><strong>ISBN<\/strong>: 978-84-1114-277-9<\/p>\n<p><strong>T\u00edtulo<\/strong>:Mares p\u00edcaros y Dulces<\/p>\n<p><strong>Fecha<\/strong>: 2022<br \/>\n<strong>P\u00e1ginas<\/strong>: 234<\/p>\n<p><strong>SINOPSIS<\/strong><\/p>\n<p><em>La luna se oculta, t\u00edmida<\/em><\/p>\n<p><em>Pesarosa, pero ind\u00f3mita<\/em><\/p>\n<p><em>En un mar de nubes grises<\/em><\/p>\n<p><em>Y el azul de la concordia.<\/em><\/p>\n<p><em>Es testigo cruel, fr\u00edvolo y atacante<\/em><\/p>\n<p><em>Roza siempre tu semblante<\/em><\/p>\n<p><em>Y arrebata tu perfume.<\/em><\/p>\n<p><em>[\u2026]<\/em><\/p>\n<p><em>Morir de fr\u00edo.<\/em><\/p>\n<p><em>La luna est\u00e1 brillante y descarada<\/em><\/p>\n<p><em>Desde que te has ido;<\/em><\/p>\n<p><em>Solo quiero volver a verte.<\/em><\/p>\n<p>Cualquiera no cambia el curso de los acontecimientos.<\/p>\n<p>Ni provoca de nuevo la necesidad de escribir versos.<\/p>\n<p>&nbsp;<\/p>\n<p>Solo pretendo dejar por escrito la insistencia espont\u00e1nea del alma cuando Cupido ha clavado su flecha y \u00e9l est\u00e1 demasiado lejos.<\/p>\n<p>En el fondo, estas p\u00e1ginas son solamente para ti.<\/p>\n","protected":false},"excerpt":{"rendered":"<p><strong>ISBN<\/strong>: 978-84-1114-277-9<\/p>\n<p><strong>SINOPSIS<\/strong><\/p>\n<p><em>La luna se oculta, t\u00edmida<\/em><\/p>\n<p><em>Pesarosa, pero ind\u00f3mita<\/em><\/p>\n<p><em>En un mar de nubes grises<\/em><\/p>\n<p><em>Y el azul de la concordia.<\/em><\/p>\n<p><em>Es testigo cruel, fr\u00edvolo y atacante<\/em><\/p>\n<p><em>Roza siempre tu semblante<\/em><\/p>\n<p><em>Y arrebata tu perfume.<\/em><\/p>\n<p><em>[\u2026]<\/em><\/p>\n<p><em>Morir de fr\u00edo.<\/em><\/p>\n<p><em>La luna est\u00e1 brillante y descarada<\/em><\/p>\n<p><em>Desde que te has ido;<\/em><\/p>\n<p><em>Solo quiero volver a verte.<\/em><\/p>\n<p>Cualquiera no cambia el curso de los acontecimientos.<\/p>\n<p>Ni provoca de nuevo la necesidad de escribir versos.<\/p>\n<p>Solo pretendo dejar por escrito la insistencia espont\u00e1nea del alma cuando Cupido ha clavado su flecha y \u00e9l est\u00e1 demasiado lejos.<\/p>\n<p>En el fondo, estas p\u00e1ginas son solamente para ti.<\/p>\n","protected":false},"featured_media":97486,"comment_status":"closed","ping_status":"closed","template":"","meta":{"_acf_changed":false},"libro":[],"product_brand":[],"product_cat":[26],"product_tag":[],"class_list":{"0":"post-97485","1":"product","2":"type-product","3":"status-publish","4":"has-post-thumbnail","6":"product_cat-sin-categoria","8":"first","9":"instock","10":"product-type-simple"},"acf":{"autor":[76571],"enlace_de_compra":""},"yoast_head":"<!-- This site is optimized with the Yoast SEO plugin v27.4 - https:\/\/yoast.com\/product\/yoast-seo-wordpress\/ -->\n<title>Mares p\u00edcaros y Dulces - Catalogo | Letrame Grupo Editorial<\/title>\n<meta name=\"robots\" content=\"index, follow, max-snippet:-1, max-image-preview:large, max-video-preview:-1\" \/>\n<link rel=\"canonical\" href=\"https:\/\/letrame.com\/catalogo\/producto\/mares-picaros-y-dulces\/\" \/>\n<meta property=\"og:locale\" content=\"es_ES\" \/>\n<meta property=\"og:type\" content=\"article\" \/>\n<meta property=\"og:title\" content=\"Mares p\u00edcaros y Dulces - Catalogo | Letrame Grupo Editorial\" \/>\n<meta property=\"og:description\" content=\"ISBN: 978-84-1114-277-9  SINOPSIS  La luna se oculta, t\u00edmida  Pesarosa, pero ind\u00f3mita  En un mar de nubes grises  Y el azul de la concordia.  Es testigo cruel, fr\u00edvolo y atacante  Roza siempre tu semblante  Y arrebata tu perfume.  [\u2026]  Morir de fr\u00edo.  La luna est\u00e1 brillante y descarada  Desde que te has ido;  Solo quiero volver a verte.  Cualquiera no cambia el curso de los acontecimientos.  Ni provoca de nuevo la necesidad de escribir versos.  Solo pretendo dejar por escrito la insistencia espont\u00e1nea del alma cuando Cupido ha clavado su flecha y \u00e9l est\u00e1 demasiado lejos.  En el fondo, estas p\u00e1ginas son solamente para ti.\" \/>\n<meta property=\"og:url\" content=\"https:\/\/letrame.com\/catalogo\/producto\/mares-picaros-y-dulces\/\" \/>\n<meta property=\"og:site_name\" content=\"Catalogo | Letrame Grupo Editorial\" \/>\n<meta property=\"article:modified_time\" content=\"2024-08-14T13:28:44+00:00\" \/>\n<meta property=\"og:image\" content=\"https:\/\/letrame.com\/catalogo\/wp-content\/uploads\/2024\/04\/portada_marespicarosydulces_1185mm.jpg\" \/>\n\t<meta property=\"og:image:width\" content=\"601\" \/>\n\t<meta property=\"og:image:height\" content=\"922\" \/>\n\t<meta property=\"og:image:type\" content=\"image\/jpeg\" \/>\n<meta name=\"twitter:card\" content=\"summary_large_image\" \/>\n<meta name=\"twitter:label1\" content=\"Tiempo de lectura\" \/>\n\t<meta name=\"twitter:data1\" content=\"1 minuto\" \/>\n<script type=\"application\/ld+json\" class=\"yoast-schema-graph\">{\"@context\":\"https:\\\/\\\/schema.org\",\"@graph\":[{\"@type\":\"WebPage\",\"@id\":\"https:\\\/\\\/letrame.com\\\/catalogo\\\/producto\\\/mares-picaros-y-dulces\\\/\",\"url\":\"https:\\\/\\\/letrame.com\\\/catalogo\\\/producto\\\/mares-picaros-y-dulces\\\/\",\"name\":\"Mares p\u00edcaros y Dulces - Catalogo | Letrame Grupo Editorial\",\"isPartOf\":{\"@id\":\"https:\\\/\\\/letrame.com\\\/catalogo\\\/#website\"},\"primaryImageOfPage\":{\"@id\":\"https:\\\/\\\/letrame.com\\\/catalogo\\\/producto\\\/mares-picaros-y-dulces\\\/#primaryimage\"},\"image\":{\"@id\":\"https:\\\/\\\/letrame.com\\\/catalogo\\\/producto\\\/mares-picaros-y-dulces\\\/#primaryimage\"},\"thumbnailUrl\":\"https:\\\/\\\/letrame.com\\\/catalogo\\\/wp-content\\\/uploads\\\/2024\\\/04\\\/portada_marespicarosydulces_1185mm.jpg\",\"datePublished\":\"2024-04-29T12:01:04+00:00\",\"dateModified\":\"2024-08-14T13:28:44+00:00\",\"breadcrumb\":{\"@id\":\"https:\\\/\\\/letrame.com\\\/catalogo\\\/producto\\\/mares-picaros-y-dulces\\\/#breadcrumb\"},\"inLanguage\":\"es\",\"potentialAction\":[{\"@type\":\"ReadAction\",\"target\":[\"https:\\\/\\\/letrame.com\\\/catalogo\\\/producto\\\/mares-picaros-y-dulces\\\/\"]}]},{\"@type\":\"ImageObject\",\"inLanguage\":\"es\",\"@id\":\"https:\\\/\\\/letrame.com\\\/catalogo\\\/producto\\\/mares-picaros-y-dulces\\\/#primaryimage\",\"url\":\"https:\\\/\\\/letrame.com\\\/catalogo\\\/wp-content\\\/uploads\\\/2024\\\/04\\\/portada_marespicarosydulces_1185mm.jpg\",\"contentUrl\":\"https:\\\/\\\/letrame.com\\\/catalogo\\\/wp-content\\\/uploads\\\/2024\\\/04\\\/portada_marespicarosydulces_1185mm.jpg\",\"width\":601,\"height\":922},{\"@type\":\"BreadcrumbList\",\"@id\":\"https:\\\/\\\/letrame.com\\\/catalogo\\\/producto\\\/mares-picaros-y-dulces\\\/#breadcrumb\",\"itemListElement\":[{\"@type\":\"ListItem\",\"position\":1,\"name\":\"Portada\",\"item\":\"https:\\\/\\\/letrame.com\\\/catalogo\\\/\"},{\"@type\":\"ListItem\",\"position\":2,\"name\":\"Cat\u00e1logo\",\"item\":\"https:\\\/\\\/letrame.com\\\/catalogo\\\/\"},{\"@type\":\"ListItem\",\"position\":3,\"name\":\"Mares p\u00edcaros y Dulces\"}]},{\"@type\":\"WebSite\",\"@id\":\"https:\\\/\\\/letrame.com\\\/catalogo\\\/#website\",\"url\":\"https:\\\/\\\/letrame.com\\\/catalogo\\\/\",\"name\":\"Catalogo | Letrame Grupo Editorial\",\"description\":\"\",\"publisher\":{\"@id\":\"https:\\\/\\\/letrame.com\\\/catalogo\\\/#organization\"},\"potentialAction\":[{\"@type\":\"SearchAction\",\"target\":{\"@type\":\"EntryPoint\",\"urlTemplate\":\"https:\\\/\\\/letrame.com\\\/catalogo\\\/?s={search_term_string}\"},\"query-input\":{\"@type\":\"PropertyValueSpecification\",\"valueRequired\":true,\"valueName\":\"search_term_string\"}}],\"inLanguage\":\"es\"},{\"@type\":\"Organization\",\"@id\":\"https:\\\/\\\/letrame.com\\\/catalogo\\\/#organization\",\"name\":\"Catalogo | Letrame Grupo Editorial\",\"url\":\"https:\\\/\\\/letrame.com\\\/catalogo\\\/\",\"logo\":{\"@type\":\"ImageObject\",\"inLanguage\":\"es\",\"@id\":\"https:\\\/\\\/letrame.com\\\/catalogo\\\/#\\\/schema\\\/logo\\\/image\\\/\",\"url\":\"https:\\\/\\\/letrame.com\\\/catalogo\\\/wp-content\\\/uploads\\\/2024\\\/03\\\/logo2.webp\",\"contentUrl\":\"https:\\\/\\\/letrame.com\\\/catalogo\\\/wp-content\\\/uploads\\\/2024\\\/03\\\/logo2.webp\",\"width\":394,\"height\":128,\"caption\":\"Catalogo | Letrame Grupo Editorial\"},\"image\":{\"@id\":\"https:\\\/\\\/letrame.com\\\/catalogo\\\/#\\\/schema\\\/logo\\\/image\\\/\"}}]}<\/script>\n<!-- \/ Yoast SEO plugin. -->","yoast_head_json":{"title":"Mares p\u00edcaros y Dulces - Catalogo | Letrame Grupo Editorial","robots":{"index":"index","follow":"follow","max-snippet":"max-snippet:-1","max-image-preview":"max-image-preview:large","max-video-preview":"max-video-preview:-1"},"canonical":"https:\/\/letrame.com\/catalogo\/producto\/mares-picaros-y-dulces\/","og_locale":"es_ES","og_type":"article","og_title":"Mares p\u00edcaros y Dulces - Catalogo | Letrame Grupo Editorial","og_description":"ISBN: 978-84-1114-277-9  SINOPSIS  La luna se oculta, t\u00edmida  Pesarosa, pero ind\u00f3mita  En un mar de nubes grises  Y el azul de la concordia.  Es testigo cruel, fr\u00edvolo y atacante  Roza siempre tu semblante  Y arrebata tu perfume.  [\u2026]  Morir de fr\u00edo.  La luna est\u00e1 brillante y descarada  Desde que te has ido;  Solo quiero volver a verte.  Cualquiera no cambia el curso de los acontecimientos.  Ni provoca de nuevo la necesidad de escribir versos.  Solo pretendo dejar por escrito la insistencia espont\u00e1nea del alma cuando Cupido ha clavado su flecha y \u00e9l est\u00e1 demasiado lejos.  En el fondo, estas p\u00e1ginas son solamente para ti.","og_url":"https:\/\/letrame.com\/catalogo\/producto\/mares-picaros-y-dulces\/","og_site_name":"Catalogo | Letrame Grupo Editorial","article_modified_time":"2024-08-14T13:28:44+00:00","og_image":[{"width":601,"height":922,"url":"https:\/\/letrame.com\/catalogo\/wp-content\/uploads\/2024\/04\/portada_marespicarosydulces_1185mm.jpg","type":"image\/jpeg"}],"twitter_card":"summary_large_image","twitter_misc":{"Tiempo de lectura":"1 minuto"},"schema":{"@context":"https:\/\/schema.org","@graph":[{"@type":"WebPage","@id":"https:\/\/letrame.com\/catalogo\/producto\/mares-picaros-y-dulces\/","url":"https:\/\/letrame.com\/catalogo\/producto\/mares-picaros-y-dulces\/","name":"Mares p\u00edcaros y Dulces - Catalogo | Letrame Grupo Editorial","isPartOf":{"@id":"https:\/\/letrame.com\/catalogo\/#website"},"primaryImageOfPage":{"@id":"https:\/\/letrame.com\/catalogo\/producto\/mares-picaros-y-dulces\/#primaryimage"},"image":{"@id":"https:\/\/letrame.com\/catalogo\/producto\/mares-picaros-y-dulces\/#primaryimage"},"thumbnailUrl":"https:\/\/letrame.com\/catalogo\/wp-content\/uploads\/2024\/04\/portada_marespicarosydulces_1185mm.jpg","datePublished":"2024-04-29T12:01:04+00:00","dateModified":"2024-08-14T13:28:44+00:00","breadcrumb":{"@id":"https:\/\/letrame.com\/catalogo\/producto\/mares-picaros-y-dulces\/#breadcrumb"},"inLanguage":"es","potentialAction":[{"@type":"ReadAction","target":["https:\/\/letrame.com\/catalogo\/producto\/mares-picaros-y-dulces\/"]}]},{"@type":"ImageObject","inLanguage":"es","@id":"https:\/\/letrame.com\/catalogo\/producto\/mares-picaros-y-dulces\/#primaryimage","url":"https:\/\/letrame.com\/catalogo\/wp-content\/uploads\/2024\/04\/portada_marespicarosydulces_1185mm.jpg","contentUrl":"https:\/\/letrame.com\/catalogo\/wp-content\/uploads\/2024\/04\/portada_marespicarosydulces_1185mm.jpg","width":601,"height":922},{"@type":"BreadcrumbList","@id":"https:\/\/letrame.com\/catalogo\/producto\/mares-picaros-y-dulces\/#breadcrumb","itemListElement":[{"@type":"ListItem","position":1,"name":"Portada","item":"https:\/\/letrame.com\/catalogo\/"},{"@type":"ListItem","position":2,"name":"Cat\u00e1logo","item":"https:\/\/letrame.com\/catalogo\/"},{"@type":"ListItem","position":3,"name":"Mares p\u00edcaros y Dulces"}]},{"@type":"WebSite","@id":"https:\/\/letrame.com\/catalogo\/#website","url":"https:\/\/letrame.com\/catalogo\/","name":"Catalogo | Letrame Grupo Editorial","description":"","publisher":{"@id":"https:\/\/letrame.com\/catalogo\/#organization"},"potentialAction":[{"@type":"SearchAction","target":{"@type":"EntryPoint","urlTemplate":"https:\/\/letrame.com\/catalogo\/?s={search_term_string}"},"query-input":{"@type":"PropertyValueSpecification","valueRequired":true,"valueName":"search_term_string"}}],"inLanguage":"es"},{"@type":"Organization","@id":"https:\/\/letrame.com\/catalogo\/#organization","name":"Catalogo | Letrame Grupo Editorial","url":"https:\/\/letrame.com\/catalogo\/","logo":{"@type":"ImageObject","inLanguage":"es","@id":"https:\/\/letrame.com\/catalogo\/#\/schema\/logo\/image\/","url":"https:\/\/letrame.com\/catalogo\/wp-content\/uploads\/2024\/03\/logo2.webp","contentUrl":"https:\/\/letrame.com\/catalogo\/wp-content\/uploads\/2024\/03\/logo2.webp","width":394,"height":128,"caption":"Catalogo | Letrame Grupo Editorial"},"image":{"@id":"https:\/\/letrame.com\/catalogo\/#\/schema\/logo\/image\/"}}]}},"_links":{"self":[{"href":"https:\/\/letrame.com\/catalogo\/wp-json\/wp\/v2\/product\/97485","targetHints":{"allow":["GET"]}}],"collection":[{"href":"https:\/\/letrame.com\/catalogo\/wp-json\/wp\/v2\/product"}],"about":[{"href":"https:\/\/letrame.com\/catalogo\/wp-json\/wp\/v2\/types\/product"}],"replies":[{"embeddable":true,"href":"https:\/\/letrame.com\/catalogo\/wp-json\/wp\/v2\/comments?post=97485"}],"acf:post":[{"embeddable":true,"href":"https:\/\/letrame.com\/catalogo\/wp-json\/wp\/v2\/author_book\/76571"}],"wp:featuredmedia":[{"embeddable":true,"href":"https:\/\/letrame.com\/catalogo\/wp-json\/wp\/v2\/media\/97486"}],"wp:attachment":[{"href":"https:\/\/letrame.com\/catalogo\/wp-json\/wp\/v2\/media?parent=97485"}],"wp:term":[{"taxonomy":"libro","embeddable":true,"href":"https:\/\/letrame.com\/catalogo\/wp-json\/wp\/v2\/libro?post=97485"},{"taxonomy":"product_brand","embeddable":true,"href":"https:\/\/letrame.com\/catalogo\/wp-json\/wp\/v2\/product_brand?post=97485"},{"taxonomy":"product_cat","embeddable":true,"href":"https:\/\/letrame.com\/catalogo\/wp-json\/wp\/v2\/product_cat?post=97485"},{"taxonomy":"product_tag","embeddable":true,"href":"https:\/\/letrame.com\/catalogo\/wp-json\/wp\/v2\/product_tag?post=97485"}],"curies":[{"name":"wp","href":"https:\/\/api.w.org\/{rel}","templated":true}]}}