{"id":97478,"date":"2024-04-29T14:00:00","date_gmt":"2024-04-29T12:00:00","guid":{"rendered":"https:\/\/letrame.com\/catalogo\/producto\/peripecias-de-un-nino-tiquismiquis\/"},"modified":"2024-08-14T15:40:57","modified_gmt":"2024-08-14T13:40:57","slug":"peripecias-de-un-nino-tiquismiquis","status":"publish","type":"product","link":"https:\/\/letrame.com\/catalogo\/producto\/peripecias-de-un-nino-tiquismiquis\/","title":{"rendered":"Peripecias de un ni\u00f1o tiquismiquis"},"content":{"rendered":"<p><b>ISBN :<span style=\"font-weight: 400;\">978-84-1114-238-0\u00a0<\/span><\/b><\/p>\n<p><b>T\u00edtulo<\/b><span style=\"font-weight: 400;\">: Peripecias de un ni\u00f1o tiquismiquis<\/span><\/p>\n<p><b>Fecha<\/b><span style=\"font-weight: 400;\">: 2022<\/span><\/p>\n<p><b>P\u00e1ginas<\/b><span style=\"font-weight: 400;\">: 136<\/span><\/p>\n<p><b>SINOPSIS<\/b><\/p>\n<p>Gus es un ni\u00f1o melindre, o dicho de otro modo, un tiquismiquis de cuidado. Ya desde chiquit\u00edn sus padres lo tienen que mantener en vilo para que su culete no roce la tapa del v\u00e1ter cuando va a hacer cacota, porque le da asquito. As\u00ed de especial es.<\/p>\n<p>Pero no te f\u00edes de los tiquismiquis, porque tambi\u00e9n pueden ser unos trastos. Y en el caso de Gus m\u00e1s, que no duda en liarla parda en clase, en hacer fechor\u00edas por las ventanas y balcones de su piso, o en colar bichos a escondidas en todas partes.<\/p>\n<p>Gus parece un angelito, s\u00ed, pero es m\u00e1s malo que un dolor de muelas, y puede pasar de ser un modosito a comportarse como un chimpanc\u00e9 en un segundo, y a sus padres los trae locos.<\/p>\n<p>Si quieres conocer todas sus gamberradas, en este libro las podr\u00e1s descubrir de pe a pa, y con dibujicos, que es m\u00e1s divertido.<\/p>\n","protected":false},"excerpt":{"rendered":"<p><b>ISBN :<span style=\"font-weight: 400;\">978-84-1114-238-0\u00a0<\/span><\/b><\/p>\n<p><b>SINOPSIS<\/b><\/p>\n<p>Gus es un ni\u00f1o melindre, o dicho de otro modo, un tiquismiquis de cuidado. Ya desde chiquit\u00edn sus padres lo tienen que mantener en vilo para que su culete no roce la tapa del v\u00e1ter cuando va a hacer cacota, porque le da asquito. As\u00ed de especial es.<\/p>\n<p>Pero no te f\u00edes de los tiquismiquis, porque tambi\u00e9n pueden ser unos trastos. Y en el caso de Gus m\u00e1s, que no duda en liarla parda en clase, en hacer fechor\u00edas por las ventanas y balcones de su piso, o en colar bichos a escondidas a todas partes.<\/p>\n<p>Gus parece un angelito, s\u00ed, pero es m\u00e1s malo que un dolor de muelas, y puede pasar de ser un modosito a comportarse como un chimpanc\u00e9 en un segundo, y a sus padres los trae locos.<\/p>\n<p>Si quieres conocer todas sus gamberradas, en este libro las podr\u00e1s descubrir de pe a pa, y con dibujicos, que es m\u00e1s divertido.<\/p>\n","protected":false},"featured_media":100339,"comment_status":"closed","ping_status":"closed","template":"","meta":{"_acf_changed":false},"libro":[],"product_brand":[],"product_cat":[32],"product_tag":[],"class_list":{"0":"post-97478","1":"product","2":"type-product","3":"status-publish","4":"has-post-thumbnail","6":"product_cat-cuento-infantil-ilustrado","8":"first","9":"instock","10":"purchasable","11":"product-type-simple"},"acf":{"autor":[76048],"enlace_de_compra":"https:\/\/www.paypal.com\/cgi-bin\/webscr?cmd=_s-xclick&amp;hosted_button_id=26NKW4J6YZSK4\/"},"yoast_head":"<!-- This site is optimized with the Yoast SEO plugin v26.6 - https:\/\/yoast.com\/wordpress\/plugins\/seo\/ -->\n<title>Peripecias de un ni\u00f1o tiquismiquis - Catalogo | Letrame Grupo Editorial<\/title>\n<meta name=\"robots\" content=\"index, follow, max-snippet:-1, max-image-preview:large, max-video-preview:-1\" \/>\n<link rel=\"canonical\" href=\"https:\/\/letrame.com\/catalogo\/producto\/peripecias-de-un-nino-tiquismiquis\/\" \/>\n<meta property=\"og:locale\" content=\"es_ES\" \/>\n<meta property=\"og:type\" content=\"article\" \/>\n<meta property=\"og:title\" content=\"Peripecias de un ni\u00f1o tiquismiquis - Catalogo | Letrame Grupo Editorial\" \/>\n<meta property=\"og:description\" content=\"ISBN :978-84-1114-238-0\u00a0  SINOPSIS  Gus es un ni\u00f1o melindre, o dicho de otro modo, un tiquismiquis de cuidado. Ya desde chiquit\u00edn sus padres lo tienen que mantener en vilo para que su culete no roce la tapa del v\u00e1ter cuando va a hacer cacota, porque le da asquito. As\u00ed de especial es.  Pero no te f\u00edes de los tiquismiquis, porque tambi\u00e9n pueden ser unos trastos. Y en el caso de Gus m\u00e1s, que no duda en liarla parda en clase, en hacer fechor\u00edas por las ventanas y balcones de su piso, o en colar bichos a escondidas a todas partes.  Gus parece un angelito, s\u00ed, pero es m\u00e1s malo que un dolor de muelas, y puede pasar de ser un modosito a comportarse como un chimpanc\u00e9 en un segundo, y a sus padres los trae locos.  Si quieres conocer todas sus gamberradas, en este libro las podr\u00e1s descubrir de pe a pa, y con dibujicos, que es m\u00e1s divertido.\" \/>\n<meta property=\"og:url\" content=\"https:\/\/letrame.com\/catalogo\/producto\/peripecias-de-un-nino-tiquismiquis\/\" \/>\n<meta property=\"og:site_name\" content=\"Catalogo | Letrame Grupo Editorial\" \/>\n<meta property=\"article:modified_time\" content=\"2024-08-14T13:40:57+00:00\" \/>\n<meta property=\"og:image\" content=\"https:\/\/letrame.com\/catalogo\/wp-content\/uploads\/2024\/04\/webp_peripeciasnuevaedi_816mm-compressed-scaled-1.webp\" \/>\n\t<meta property=\"og:image:width\" content=\"1813\" \/>\n\t<meta property=\"og:image:height\" content=\"2560\" \/>\n\t<meta property=\"og:image:type\" content=\"image\/webp\" \/>\n<meta name=\"twitter:card\" content=\"summary_large_image\" \/>\n<meta name=\"twitter:label1\" content=\"Tiempo de lectura\" \/>\n\t<meta name=\"twitter:data1\" content=\"1 minuto\" \/>\n<script type=\"application\/ld+json\" class=\"yoast-schema-graph\">{\"@context\":\"https:\/\/schema.org\",\"@graph\":[{\"@type\":\"WebPage\",\"@id\":\"https:\/\/letrame.com\/catalogo\/producto\/peripecias-de-un-nino-tiquismiquis\/\",\"url\":\"https:\/\/letrame.com\/catalogo\/producto\/peripecias-de-un-nino-tiquismiquis\/\",\"name\":\"Peripecias de un ni\u00f1o tiquismiquis - Catalogo | Letrame Grupo Editorial\",\"isPartOf\":{\"@id\":\"https:\/\/letrame.com\/catalogo\/#website\"},\"primaryImageOfPage\":{\"@id\":\"https:\/\/letrame.com\/catalogo\/producto\/peripecias-de-un-nino-tiquismiquis\/#primaryimage\"},\"image\":{\"@id\":\"https:\/\/letrame.com\/catalogo\/producto\/peripecias-de-un-nino-tiquismiquis\/#primaryimage\"},\"thumbnailUrl\":\"https:\/\/letrame.com\/catalogo\/wp-content\/uploads\/2024\/04\/webp_peripeciasnuevaedi_816mm-compressed-scaled-1.webp\",\"datePublished\":\"2024-04-29T12:00:00+00:00\",\"dateModified\":\"2024-08-14T13:40:57+00:00\",\"breadcrumb\":{\"@id\":\"https:\/\/letrame.com\/catalogo\/producto\/peripecias-de-un-nino-tiquismiquis\/#breadcrumb\"},\"inLanguage\":\"es\",\"potentialAction\":[{\"@type\":\"ReadAction\",\"target\":[\"https:\/\/letrame.com\/catalogo\/producto\/peripecias-de-un-nino-tiquismiquis\/\"]}]},{\"@type\":\"ImageObject\",\"inLanguage\":\"es\",\"@id\":\"https:\/\/letrame.com\/catalogo\/producto\/peripecias-de-un-nino-tiquismiquis\/#primaryimage\",\"url\":\"https:\/\/letrame.com\/catalogo\/wp-content\/uploads\/2024\/04\/webp_peripeciasnuevaedi_816mm-compressed-scaled-1.webp\",\"contentUrl\":\"https:\/\/letrame.com\/catalogo\/wp-content\/uploads\/2024\/04\/webp_peripeciasnuevaedi_816mm-compressed-scaled-1.webp\",\"width\":1813,\"height\":2560},{\"@type\":\"BreadcrumbList\",\"@id\":\"https:\/\/letrame.com\/catalogo\/producto\/peripecias-de-un-nino-tiquismiquis\/#breadcrumb\",\"itemListElement\":[{\"@type\":\"ListItem\",\"position\":1,\"name\":\"Portada\",\"item\":\"https:\/\/letrame.com\/catalogo\/\"},{\"@type\":\"ListItem\",\"position\":2,\"name\":\"Cat\u00e1logo\",\"item\":\"https:\/\/letrame.com\/catalogo\/\"},{\"@type\":\"ListItem\",\"position\":3,\"name\":\"Peripecias de un ni\u00f1o tiquismiquis\"}]},{\"@type\":\"WebSite\",\"@id\":\"https:\/\/letrame.com\/catalogo\/#website\",\"url\":\"https:\/\/letrame.com\/catalogo\/\",\"name\":\"Catalogo | Letrame Grupo Editorial\",\"description\":\"\",\"publisher\":{\"@id\":\"https:\/\/letrame.com\/catalogo\/#organization\"},\"potentialAction\":[{\"@type\":\"SearchAction\",\"target\":{\"@type\":\"EntryPoint\",\"urlTemplate\":\"https:\/\/letrame.com\/catalogo\/?s={search_term_string}\"},\"query-input\":{\"@type\":\"PropertyValueSpecification\",\"valueRequired\":true,\"valueName\":\"search_term_string\"}}],\"inLanguage\":\"es\"},{\"@type\":\"Organization\",\"@id\":\"https:\/\/letrame.com\/catalogo\/#organization\",\"name\":\"Catalogo | Letrame Grupo Editorial\",\"url\":\"https:\/\/letrame.com\/catalogo\/\",\"logo\":{\"@type\":\"ImageObject\",\"inLanguage\":\"es\",\"@id\":\"https:\/\/letrame.com\/catalogo\/#\/schema\/logo\/image\/\",\"url\":\"https:\/\/letrame.com\/catalogo\/wp-content\/uploads\/2024\/03\/logo2.webp\",\"contentUrl\":\"https:\/\/letrame.com\/catalogo\/wp-content\/uploads\/2024\/03\/logo2.webp\",\"width\":394,\"height\":128,\"caption\":\"Catalogo | Letrame Grupo Editorial\"},\"image\":{\"@id\":\"https:\/\/letrame.com\/catalogo\/#\/schema\/logo\/image\/\"}}]}<\/script>\n<!-- \/ Yoast SEO plugin. -->","yoast_head_json":{"title":"Peripecias de un ni\u00f1o tiquismiquis - Catalogo | Letrame Grupo Editorial","robots":{"index":"index","follow":"follow","max-snippet":"max-snippet:-1","max-image-preview":"max-image-preview:large","max-video-preview":"max-video-preview:-1"},"canonical":"https:\/\/letrame.com\/catalogo\/producto\/peripecias-de-un-nino-tiquismiquis\/","og_locale":"es_ES","og_type":"article","og_title":"Peripecias de un ni\u00f1o tiquismiquis - Catalogo | Letrame Grupo Editorial","og_description":"ISBN :978-84-1114-238-0\u00a0  SINOPSIS  Gus es un ni\u00f1o melindre, o dicho de otro modo, un tiquismiquis de cuidado. Ya desde chiquit\u00edn sus padres lo tienen que mantener en vilo para que su culete no roce la tapa del v\u00e1ter cuando va a hacer cacota, porque le da asquito. As\u00ed de especial es.  Pero no te f\u00edes de los tiquismiquis, porque tambi\u00e9n pueden ser unos trastos. Y en el caso de Gus m\u00e1s, que no duda en liarla parda en clase, en hacer fechor\u00edas por las ventanas y balcones de su piso, o en colar bichos a escondidas a todas partes.  Gus parece un angelito, s\u00ed, pero es m\u00e1s malo que un dolor de muelas, y puede pasar de ser un modosito a comportarse como un chimpanc\u00e9 en un segundo, y a sus padres los trae locos.  Si quieres conocer todas sus gamberradas, en este libro las podr\u00e1s descubrir de pe a pa, y con dibujicos, que es m\u00e1s divertido.","og_url":"https:\/\/letrame.com\/catalogo\/producto\/peripecias-de-un-nino-tiquismiquis\/","og_site_name":"Catalogo | Letrame Grupo Editorial","article_modified_time":"2024-08-14T13:40:57+00:00","og_image":[{"width":1813,"height":2560,"url":"https:\/\/letrame.com\/catalogo\/wp-content\/uploads\/2024\/04\/webp_peripeciasnuevaedi_816mm-compressed-scaled-1.webp","type":"image\/webp"}],"twitter_card":"summary_large_image","twitter_misc":{"Tiempo de lectura":"1 minuto"},"schema":{"@context":"https:\/\/schema.org","@graph":[{"@type":"WebPage","@id":"https:\/\/letrame.com\/catalogo\/producto\/peripecias-de-un-nino-tiquismiquis\/","url":"https:\/\/letrame.com\/catalogo\/producto\/peripecias-de-un-nino-tiquismiquis\/","name":"Peripecias de un ni\u00f1o tiquismiquis - Catalogo | Letrame Grupo Editorial","isPartOf":{"@id":"https:\/\/letrame.com\/catalogo\/#website"},"primaryImageOfPage":{"@id":"https:\/\/letrame.com\/catalogo\/producto\/peripecias-de-un-nino-tiquismiquis\/#primaryimage"},"image":{"@id":"https:\/\/letrame.com\/catalogo\/producto\/peripecias-de-un-nino-tiquismiquis\/#primaryimage"},"thumbnailUrl":"https:\/\/letrame.com\/catalogo\/wp-content\/uploads\/2024\/04\/webp_peripeciasnuevaedi_816mm-compressed-scaled-1.webp","datePublished":"2024-04-29T12:00:00+00:00","dateModified":"2024-08-14T13:40:57+00:00","breadcrumb":{"@id":"https:\/\/letrame.com\/catalogo\/producto\/peripecias-de-un-nino-tiquismiquis\/#breadcrumb"},"inLanguage":"es","potentialAction":[{"@type":"ReadAction","target":["https:\/\/letrame.com\/catalogo\/producto\/peripecias-de-un-nino-tiquismiquis\/"]}]},{"@type":"ImageObject","inLanguage":"es","@id":"https:\/\/letrame.com\/catalogo\/producto\/peripecias-de-un-nino-tiquismiquis\/#primaryimage","url":"https:\/\/letrame.com\/catalogo\/wp-content\/uploads\/2024\/04\/webp_peripeciasnuevaedi_816mm-compressed-scaled-1.webp","contentUrl":"https:\/\/letrame.com\/catalogo\/wp-content\/uploads\/2024\/04\/webp_peripeciasnuevaedi_816mm-compressed-scaled-1.webp","width":1813,"height":2560},{"@type":"BreadcrumbList","@id":"https:\/\/letrame.com\/catalogo\/producto\/peripecias-de-un-nino-tiquismiquis\/#breadcrumb","itemListElement":[{"@type":"ListItem","position":1,"name":"Portada","item":"https:\/\/letrame.com\/catalogo\/"},{"@type":"ListItem","position":2,"name":"Cat\u00e1logo","item":"https:\/\/letrame.com\/catalogo\/"},{"@type":"ListItem","position":3,"name":"Peripecias de un ni\u00f1o tiquismiquis"}]},{"@type":"WebSite","@id":"https:\/\/letrame.com\/catalogo\/#website","url":"https:\/\/letrame.com\/catalogo\/","name":"Catalogo | Letrame Grupo Editorial","description":"","publisher":{"@id":"https:\/\/letrame.com\/catalogo\/#organization"},"potentialAction":[{"@type":"SearchAction","target":{"@type":"EntryPoint","urlTemplate":"https:\/\/letrame.com\/catalogo\/?s={search_term_string}"},"query-input":{"@type":"PropertyValueSpecification","valueRequired":true,"valueName":"search_term_string"}}],"inLanguage":"es"},{"@type":"Organization","@id":"https:\/\/letrame.com\/catalogo\/#organization","name":"Catalogo | Letrame Grupo Editorial","url":"https:\/\/letrame.com\/catalogo\/","logo":{"@type":"ImageObject","inLanguage":"es","@id":"https:\/\/letrame.com\/catalogo\/#\/schema\/logo\/image\/","url":"https:\/\/letrame.com\/catalogo\/wp-content\/uploads\/2024\/03\/logo2.webp","contentUrl":"https:\/\/letrame.com\/catalogo\/wp-content\/uploads\/2024\/03\/logo2.webp","width":394,"height":128,"caption":"Catalogo | Letrame Grupo Editorial"},"image":{"@id":"https:\/\/letrame.com\/catalogo\/#\/schema\/logo\/image\/"}}]}},"_links":{"self":[{"href":"https:\/\/letrame.com\/catalogo\/wp-json\/wp\/v2\/product\/97478","targetHints":{"allow":["GET"]}}],"collection":[{"href":"https:\/\/letrame.com\/catalogo\/wp-json\/wp\/v2\/product"}],"about":[{"href":"https:\/\/letrame.com\/catalogo\/wp-json\/wp\/v2\/types\/product"}],"replies":[{"embeddable":true,"href":"https:\/\/letrame.com\/catalogo\/wp-json\/wp\/v2\/comments?post=97478"}],"acf:post":[{"embeddable":true,"href":"https:\/\/letrame.com\/catalogo\/wp-json\/wp\/v2\/author_book\/76048"}],"wp:featuredmedia":[{"embeddable":true,"href":"https:\/\/letrame.com\/catalogo\/wp-json\/wp\/v2\/media\/100339"}],"wp:attachment":[{"href":"https:\/\/letrame.com\/catalogo\/wp-json\/wp\/v2\/media?parent=97478"}],"wp:term":[{"taxonomy":"libro","embeddable":true,"href":"https:\/\/letrame.com\/catalogo\/wp-json\/wp\/v2\/libro?post=97478"},{"taxonomy":"product_brand","embeddable":true,"href":"https:\/\/letrame.com\/catalogo\/wp-json\/wp\/v2\/product_brand?post=97478"},{"taxonomy":"product_cat","embeddable":true,"href":"https:\/\/letrame.com\/catalogo\/wp-json\/wp\/v2\/product_cat?post=97478"},{"taxonomy":"product_tag","embeddable":true,"href":"https:\/\/letrame.com\/catalogo\/wp-json\/wp\/v2\/product_tag?post=97478"}],"curies":[{"name":"wp","href":"https:\/\/api.w.org\/{rel}","templated":true}]}}