{"id":97466,"date":"2024-04-29T13:59:35","date_gmt":"2024-04-29T11:59:35","guid":{"rendered":"https:\/\/letrame.com\/catalogo\/producto\/vivencias-y-opiniones\/"},"modified":"2024-08-14T15:54:47","modified_gmt":"2024-08-14T13:54:47","slug":"vivencias-y-opiniones","status":"publish","type":"product","link":"https:\/\/letrame.com\/catalogo\/producto\/vivencias-y-opiniones\/","title":{"rendered":"Vivencias y opiniones"},"content":{"rendered":"<p><b>ISBN<\/b><span style=\"font-weight: 400;\">:978-84-1114-363-9<\/span><\/p>\n<p><b>T\u00edtulo<\/b><span style=\"font-weight: 400;\">: Vivencias y opiniones<\/span><\/p>\n<p><b>Fecha<\/b><span style=\"font-weight: 400;\">: 2022<\/span><\/p>\n<p><span style=\"font-weight: 400;\"><br \/>\n<\/span><b>P\u00e1ginas<\/b><span style=\"font-weight: 400;\">: 294<\/span><\/p>\n<p><b>SINOPSIS<\/b><\/p>\n<p>En \u201cVivencias y opiniones\u201d, varias de las experiencias que narra tienen una componente personal en la que el autor se adentra con naturalidad en comportamientos de personas que conoci\u00f3 recientemente, con consecuencias penosas para \u00e9l y que s\u00f3lo su honestidad le permite contar de forma sincera y sin inhibiciones. Como \u00e9l mismo se\u00f1ala muestran su talante y su visi\u00f3n de la vida y la de los que casual y ocasionalmente formaron parte de las mismas. Aunque haya unos pocos escritos que pueden clasificarse como autobiogr\u00e1ficos, el libro no lo es, ni tampoco una novela, ni un ensayo. Solo son vivencias y opiniones.<\/p>\n","protected":false},"excerpt":{"rendered":"<p><b>ISBN<\/b><span style=\"font-weight: 400;\">:978-84-1114-363-9<\/span><\/p>\n<p><b>SINOPSIS<\/b><\/p>\n<p>En \u201cVivencias y opiniones\u201d, varias de las experiencias que narra tienen una componente personal en la que el autor se adentra con naturalidad en comportamientos de personas que conoci\u00f3 recientemente, con consecuencias penosas para \u00e9l y que s\u00f3lo su honestidad le permite contar de forma sincera y sin inhibiciones. Como \u00e9l mismo se\u00f1ala muestran su talante y su visi\u00f3n de la vida y la de los que casual y ocasionalmente formaron parte de las mismas. Aunque haya unos pocos escritos que pueden clasificarse como autobiogr\u00e1ficos, el libro no lo es, ni tampoco una novela, ni un ensayo. Solo son vivencias y opiniones.<\/p>\n","protected":false},"featured_media":97467,"comment_status":"closed","ping_status":"closed","template":"","meta":{"_acf_changed":false},"libro":[],"product_brand":[],"product_cat":[26],"product_tag":[],"class_list":{"0":"post-97466","1":"product","2":"type-product","3":"status-publish","4":"has-post-thumbnail","6":"product_cat-sin-categoria","8":"first","9":"instock","10":"product-type-simple"},"acf":{"autor":[76343],"enlace_de_compra":"https:\/\/amzn.to\/3SMDD2l"},"yoast_head":"<!-- This site is optimized with the Yoast SEO plugin v27.4 - https:\/\/yoast.com\/product\/yoast-seo-wordpress\/ -->\n<title>Vivencias y opiniones - Catalogo | Letrame Grupo Editorial<\/title>\n<meta name=\"robots\" content=\"index, follow, max-snippet:-1, max-image-preview:large, max-video-preview:-1\" \/>\n<link rel=\"canonical\" href=\"https:\/\/letrame.com\/catalogo\/producto\/vivencias-y-opiniones\/\" \/>\n<meta property=\"og:locale\" content=\"es_ES\" \/>\n<meta property=\"og:type\" content=\"article\" \/>\n<meta property=\"og:title\" content=\"Vivencias y opiniones - Catalogo | Letrame Grupo Editorial\" \/>\n<meta property=\"og:description\" content=\"ISBN:978-84-1114-363-9  SINOPSIS  En \u201cVivencias y opiniones\u201d, varias de las experiencias que narra tienen una componente personal en la que el autor se adentra con naturalidad en comportamientos de personas que conoci\u00f3 recientemente, con consecuencias penosas para \u00e9l y que s\u00f3lo su honestidad le permite contar de forma sincera y sin inhibiciones. Como \u00e9l mismo se\u00f1ala muestran su talante y su visi\u00f3n de la vida y la de los que casual y ocasionalmente formaron parte de las mismas. Aunque haya unos pocos escritos que pueden clasificarse como autobiogr\u00e1ficos, el libro no lo es, ni tampoco una novela, ni un ensayo. Solo son vivencias y opiniones.\" \/>\n<meta property=\"og:url\" content=\"https:\/\/letrame.com\/catalogo\/producto\/vivencias-y-opiniones\/\" \/>\n<meta property=\"og:site_name\" content=\"Catalogo | Letrame Grupo Editorial\" \/>\n<meta property=\"article:modified_time\" content=\"2024-08-14T13:54:47+00:00\" \/>\n<meta property=\"og:image\" content=\"https:\/\/letrame.com\/catalogo\/wp-content\/uploads\/2024\/04\/portada_vivenciasyopiniones_1466mm.jpg\" \/>\n\t<meta property=\"og:image:width\" content=\"601\" \/>\n\t<meta property=\"og:image:height\" content=\"935\" \/>\n\t<meta property=\"og:image:type\" content=\"image\/jpeg\" \/>\n<meta name=\"twitter:card\" content=\"summary_large_image\" \/>\n<meta name=\"twitter:label1\" content=\"Tiempo de lectura\" \/>\n\t<meta name=\"twitter:data1\" content=\"1 minuto\" \/>\n<script type=\"application\/ld+json\" class=\"yoast-schema-graph\">{\"@context\":\"https:\\\/\\\/schema.org\",\"@graph\":[{\"@type\":\"WebPage\",\"@id\":\"https:\\\/\\\/letrame.com\\\/catalogo\\\/producto\\\/vivencias-y-opiniones\\\/\",\"url\":\"https:\\\/\\\/letrame.com\\\/catalogo\\\/producto\\\/vivencias-y-opiniones\\\/\",\"name\":\"Vivencias y opiniones - Catalogo | Letrame Grupo Editorial\",\"isPartOf\":{\"@id\":\"https:\\\/\\\/letrame.com\\\/catalogo\\\/#website\"},\"primaryImageOfPage\":{\"@id\":\"https:\\\/\\\/letrame.com\\\/catalogo\\\/producto\\\/vivencias-y-opiniones\\\/#primaryimage\"},\"image\":{\"@id\":\"https:\\\/\\\/letrame.com\\\/catalogo\\\/producto\\\/vivencias-y-opiniones\\\/#primaryimage\"},\"thumbnailUrl\":\"https:\\\/\\\/letrame.com\\\/catalogo\\\/wp-content\\\/uploads\\\/2024\\\/04\\\/portada_vivenciasyopiniones_1466mm.jpg\",\"datePublished\":\"2024-04-29T11:59:35+00:00\",\"dateModified\":\"2024-08-14T13:54:47+00:00\",\"breadcrumb\":{\"@id\":\"https:\\\/\\\/letrame.com\\\/catalogo\\\/producto\\\/vivencias-y-opiniones\\\/#breadcrumb\"},\"inLanguage\":\"es\",\"potentialAction\":[{\"@type\":\"ReadAction\",\"target\":[\"https:\\\/\\\/letrame.com\\\/catalogo\\\/producto\\\/vivencias-y-opiniones\\\/\"]}]},{\"@type\":\"ImageObject\",\"inLanguage\":\"es\",\"@id\":\"https:\\\/\\\/letrame.com\\\/catalogo\\\/producto\\\/vivencias-y-opiniones\\\/#primaryimage\",\"url\":\"https:\\\/\\\/letrame.com\\\/catalogo\\\/wp-content\\\/uploads\\\/2024\\\/04\\\/portada_vivenciasyopiniones_1466mm.jpg\",\"contentUrl\":\"https:\\\/\\\/letrame.com\\\/catalogo\\\/wp-content\\\/uploads\\\/2024\\\/04\\\/portada_vivenciasyopiniones_1466mm.jpg\",\"width\":601,\"height\":935},{\"@type\":\"BreadcrumbList\",\"@id\":\"https:\\\/\\\/letrame.com\\\/catalogo\\\/producto\\\/vivencias-y-opiniones\\\/#breadcrumb\",\"itemListElement\":[{\"@type\":\"ListItem\",\"position\":1,\"name\":\"Portada\",\"item\":\"https:\\\/\\\/letrame.com\\\/catalogo\\\/\"},{\"@type\":\"ListItem\",\"position\":2,\"name\":\"Cat\u00e1logo\",\"item\":\"https:\\\/\\\/letrame.com\\\/catalogo\\\/\"},{\"@type\":\"ListItem\",\"position\":3,\"name\":\"Vivencias y opiniones\"}]},{\"@type\":\"WebSite\",\"@id\":\"https:\\\/\\\/letrame.com\\\/catalogo\\\/#website\",\"url\":\"https:\\\/\\\/letrame.com\\\/catalogo\\\/\",\"name\":\"Catalogo | Letrame Grupo Editorial\",\"description\":\"\",\"publisher\":{\"@id\":\"https:\\\/\\\/letrame.com\\\/catalogo\\\/#organization\"},\"potentialAction\":[{\"@type\":\"SearchAction\",\"target\":{\"@type\":\"EntryPoint\",\"urlTemplate\":\"https:\\\/\\\/letrame.com\\\/catalogo\\\/?s={search_term_string}\"},\"query-input\":{\"@type\":\"PropertyValueSpecification\",\"valueRequired\":true,\"valueName\":\"search_term_string\"}}],\"inLanguage\":\"es\"},{\"@type\":\"Organization\",\"@id\":\"https:\\\/\\\/letrame.com\\\/catalogo\\\/#organization\",\"name\":\"Catalogo | Letrame Grupo Editorial\",\"url\":\"https:\\\/\\\/letrame.com\\\/catalogo\\\/\",\"logo\":{\"@type\":\"ImageObject\",\"inLanguage\":\"es\",\"@id\":\"https:\\\/\\\/letrame.com\\\/catalogo\\\/#\\\/schema\\\/logo\\\/image\\\/\",\"url\":\"https:\\\/\\\/letrame.com\\\/catalogo\\\/wp-content\\\/uploads\\\/2024\\\/03\\\/logo2.webp\",\"contentUrl\":\"https:\\\/\\\/letrame.com\\\/catalogo\\\/wp-content\\\/uploads\\\/2024\\\/03\\\/logo2.webp\",\"width\":394,\"height\":128,\"caption\":\"Catalogo | Letrame Grupo Editorial\"},\"image\":{\"@id\":\"https:\\\/\\\/letrame.com\\\/catalogo\\\/#\\\/schema\\\/logo\\\/image\\\/\"}}]}<\/script>\n<!-- \/ Yoast SEO plugin. -->","yoast_head_json":{"title":"Vivencias y opiniones - Catalogo | Letrame Grupo Editorial","robots":{"index":"index","follow":"follow","max-snippet":"max-snippet:-1","max-image-preview":"max-image-preview:large","max-video-preview":"max-video-preview:-1"},"canonical":"https:\/\/letrame.com\/catalogo\/producto\/vivencias-y-opiniones\/","og_locale":"es_ES","og_type":"article","og_title":"Vivencias y opiniones - Catalogo | Letrame Grupo Editorial","og_description":"ISBN:978-84-1114-363-9  SINOPSIS  En \u201cVivencias y opiniones\u201d, varias de las experiencias que narra tienen una componente personal en la que el autor se adentra con naturalidad en comportamientos de personas que conoci\u00f3 recientemente, con consecuencias penosas para \u00e9l y que s\u00f3lo su honestidad le permite contar de forma sincera y sin inhibiciones. Como \u00e9l mismo se\u00f1ala muestran su talante y su visi\u00f3n de la vida y la de los que casual y ocasionalmente formaron parte de las mismas. Aunque haya unos pocos escritos que pueden clasificarse como autobiogr\u00e1ficos, el libro no lo es, ni tampoco una novela, ni un ensayo. Solo son vivencias y opiniones.","og_url":"https:\/\/letrame.com\/catalogo\/producto\/vivencias-y-opiniones\/","og_site_name":"Catalogo | Letrame Grupo Editorial","article_modified_time":"2024-08-14T13:54:47+00:00","og_image":[{"width":601,"height":935,"url":"https:\/\/letrame.com\/catalogo\/wp-content\/uploads\/2024\/04\/portada_vivenciasyopiniones_1466mm.jpg","type":"image\/jpeg"}],"twitter_card":"summary_large_image","twitter_misc":{"Tiempo de lectura":"1 minuto"},"schema":{"@context":"https:\/\/schema.org","@graph":[{"@type":"WebPage","@id":"https:\/\/letrame.com\/catalogo\/producto\/vivencias-y-opiniones\/","url":"https:\/\/letrame.com\/catalogo\/producto\/vivencias-y-opiniones\/","name":"Vivencias y opiniones - Catalogo | Letrame Grupo Editorial","isPartOf":{"@id":"https:\/\/letrame.com\/catalogo\/#website"},"primaryImageOfPage":{"@id":"https:\/\/letrame.com\/catalogo\/producto\/vivencias-y-opiniones\/#primaryimage"},"image":{"@id":"https:\/\/letrame.com\/catalogo\/producto\/vivencias-y-opiniones\/#primaryimage"},"thumbnailUrl":"https:\/\/letrame.com\/catalogo\/wp-content\/uploads\/2024\/04\/portada_vivenciasyopiniones_1466mm.jpg","datePublished":"2024-04-29T11:59:35+00:00","dateModified":"2024-08-14T13:54:47+00:00","breadcrumb":{"@id":"https:\/\/letrame.com\/catalogo\/producto\/vivencias-y-opiniones\/#breadcrumb"},"inLanguage":"es","potentialAction":[{"@type":"ReadAction","target":["https:\/\/letrame.com\/catalogo\/producto\/vivencias-y-opiniones\/"]}]},{"@type":"ImageObject","inLanguage":"es","@id":"https:\/\/letrame.com\/catalogo\/producto\/vivencias-y-opiniones\/#primaryimage","url":"https:\/\/letrame.com\/catalogo\/wp-content\/uploads\/2024\/04\/portada_vivenciasyopiniones_1466mm.jpg","contentUrl":"https:\/\/letrame.com\/catalogo\/wp-content\/uploads\/2024\/04\/portada_vivenciasyopiniones_1466mm.jpg","width":601,"height":935},{"@type":"BreadcrumbList","@id":"https:\/\/letrame.com\/catalogo\/producto\/vivencias-y-opiniones\/#breadcrumb","itemListElement":[{"@type":"ListItem","position":1,"name":"Portada","item":"https:\/\/letrame.com\/catalogo\/"},{"@type":"ListItem","position":2,"name":"Cat\u00e1logo","item":"https:\/\/letrame.com\/catalogo\/"},{"@type":"ListItem","position":3,"name":"Vivencias y opiniones"}]},{"@type":"WebSite","@id":"https:\/\/letrame.com\/catalogo\/#website","url":"https:\/\/letrame.com\/catalogo\/","name":"Catalogo | Letrame Grupo Editorial","description":"","publisher":{"@id":"https:\/\/letrame.com\/catalogo\/#organization"},"potentialAction":[{"@type":"SearchAction","target":{"@type":"EntryPoint","urlTemplate":"https:\/\/letrame.com\/catalogo\/?s={search_term_string}"},"query-input":{"@type":"PropertyValueSpecification","valueRequired":true,"valueName":"search_term_string"}}],"inLanguage":"es"},{"@type":"Organization","@id":"https:\/\/letrame.com\/catalogo\/#organization","name":"Catalogo | Letrame Grupo Editorial","url":"https:\/\/letrame.com\/catalogo\/","logo":{"@type":"ImageObject","inLanguage":"es","@id":"https:\/\/letrame.com\/catalogo\/#\/schema\/logo\/image\/","url":"https:\/\/letrame.com\/catalogo\/wp-content\/uploads\/2024\/03\/logo2.webp","contentUrl":"https:\/\/letrame.com\/catalogo\/wp-content\/uploads\/2024\/03\/logo2.webp","width":394,"height":128,"caption":"Catalogo | Letrame Grupo Editorial"},"image":{"@id":"https:\/\/letrame.com\/catalogo\/#\/schema\/logo\/image\/"}}]}},"_links":{"self":[{"href":"https:\/\/letrame.com\/catalogo\/wp-json\/wp\/v2\/product\/97466","targetHints":{"allow":["GET"]}}],"collection":[{"href":"https:\/\/letrame.com\/catalogo\/wp-json\/wp\/v2\/product"}],"about":[{"href":"https:\/\/letrame.com\/catalogo\/wp-json\/wp\/v2\/types\/product"}],"replies":[{"embeddable":true,"href":"https:\/\/letrame.com\/catalogo\/wp-json\/wp\/v2\/comments?post=97466"}],"acf:post":[{"embeddable":true,"href":"https:\/\/letrame.com\/catalogo\/wp-json\/wp\/v2\/author_book\/76343"}],"wp:featuredmedia":[{"embeddable":true,"href":"https:\/\/letrame.com\/catalogo\/wp-json\/wp\/v2\/media\/97467"}],"wp:attachment":[{"href":"https:\/\/letrame.com\/catalogo\/wp-json\/wp\/v2\/media?parent=97466"}],"wp:term":[{"taxonomy":"libro","embeddable":true,"href":"https:\/\/letrame.com\/catalogo\/wp-json\/wp\/v2\/libro?post=97466"},{"taxonomy":"product_brand","embeddable":true,"href":"https:\/\/letrame.com\/catalogo\/wp-json\/wp\/v2\/product_brand?post=97466"},{"taxonomy":"product_cat","embeddable":true,"href":"https:\/\/letrame.com\/catalogo\/wp-json\/wp\/v2\/product_cat?post=97466"},{"taxonomy":"product_tag","embeddable":true,"href":"https:\/\/letrame.com\/catalogo\/wp-json\/wp\/v2\/product_tag?post=97466"}],"curies":[{"name":"wp","href":"https:\/\/api.w.org\/{rel}","templated":true}]}}