{"id":97439,"date":"2024-04-29T13:57:27","date_gmt":"2024-04-29T11:57:27","guid":{"rendered":"https:\/\/letrame.com\/catalogo\/producto\/el-mundo-oscuro-ii\/"},"modified":"2024-08-16T09:10:55","modified_gmt":"2024-08-16T07:10:55","slug":"el-mundo-oscuro-ii","status":"publish","type":"product","link":"https:\/\/letrame.com\/catalogo\/producto\/el-mundo-oscuro-ii\/","title":{"rendered":"El mundo oscuro II"},"content":{"rendered":"<p><b>ISBN<\/b><span style=\"font-weight: 400;\">:978-84-1386-272-9<\/span><\/p>\n<p><b>T\u00edtulo<\/b><span style=\"font-weight: 400;\">: El mundo oscuro II<\/span><\/p>\n<p><b>Fecha<\/b><span style=\"font-weight: 400;\">: 2022<\/span><\/p>\n<p><span style=\"font-weight: 400;\"><br \/>\n<\/span><b>P\u00e1ginas<\/b><span style=\"font-weight: 400;\">: 312<\/span><\/p>\n<p><b>Sinopsis<\/b><span style=\"font-weight: 400;\">: El<\/span> miedo invadir\u00e1 tu mente.<\/p>\n<p class=\"has-background-color\" style=\"text-align: justify;\">Jack Maddox aparece encarcelado en una extra\u00f1a prisi\u00f3n, con los tr\u00e1gicos sucesos que vivi\u00f3 en las alcantarillas de la f\u00e1brica de Ashville como \u00faltimo recuerdo.<\/p>\n<p class=\"has-background-color\" style=\"text-align: justify;\">Ahora, y con la ayuda de nuevos supervivientes, ha de hacer frente a multitud de enemigos en un complejo de experimentaci\u00f3n humana, sufriendo grotescas torturas y viendo c\u00f3mo otros tambi\u00e9n las sufren.<\/p>\n<p class=\"has-background-color\" style=\"text-align: justify;\">Para salir de la prisi\u00f3n y alcanzar la libertad, antes debe recorrer las instalaciones de un centro de investigaci\u00f3n y los pasillos de un sanatorio infestado por extra\u00f1as y letales criaturas.<\/p>\n<p class=\"has-text-align-center\" style=\"text-align: center;\" align=\"center\">Atr\u00e9vete a ir M\u00e1s All\u00e1.<\/p>\n","protected":false},"excerpt":{"rendered":"<p><b>ISBN<\/b><span style=\"font-weight: 400;\">:978-84-1386-272-9<\/span><\/p>\n<p><b>Sinopsis<\/b><span style=\"font-weight: 400;\">: El<\/span> miedo invadir\u00e1 tu mente.<\/p>\n<p class=\"has-background-color\" style=\"text-align: justify;\">Jack Maddox aparece encarcelado en una extra\u00f1a prisi\u00f3n, con los tr\u00e1gicos sucesos que vivi\u00f3 en las alcantarillas de la f\u00e1brica de Ashville como \u00faltimo recuerdo.<\/p>\n<p class=\"has-background-color\" style=\"text-align: justify;\">Ahora, y con la ayuda de nuevos supervivientes, ha de hacer frente a multitud de enemigos en un complejo de experimentaci\u00f3n humana, sufriendo grotescas torturas y viendo c\u00f3mo otros tambi\u00e9n las sufren.<\/p>\n<p class=\"has-background-color\" style=\"text-align: justify;\">Para salir de la prisi\u00f3n y alcanzar la libertad, antes debe recorrer las instalaciones de un centro de investigaci\u00f3n y los pasillos de un sanatorio infestado por extra\u00f1as y letales criaturas.<\/p>\n<p class=\"has-text-align-center\" style=\"text-align: center;\" align=\"center\">Atr\u00e9vete a ir M\u00e1s All\u00e1.<\/p>\n","protected":false},"featured_media":97440,"comment_status":"closed","ping_status":"closed","template":"","meta":{"_acf_changed":false},"libro":[],"product_brand":[],"product_cat":[26],"product_tag":[],"class_list":{"0":"post-97439","1":"product","2":"type-product","3":"status-publish","4":"has-post-thumbnail","6":"product_cat-sin-categoria","8":"first","9":"instock","10":"product-type-simple"},"acf":{"autor":[76017],"enlace_de_compra":"https:\/\/amzn.to\/3yJz4Pr"},"yoast_head":"<!-- This site is optimized with the Yoast SEO plugin v27.4 - https:\/\/yoast.com\/product\/yoast-seo-wordpress\/ -->\n<title>El mundo oscuro II - Catalogo | Letrame Grupo Editorial<\/title>\n<meta name=\"robots\" content=\"index, follow, max-snippet:-1, max-image-preview:large, max-video-preview:-1\" \/>\n<link rel=\"canonical\" href=\"https:\/\/letrame.com\/catalogo\/producto\/el-mundo-oscuro-ii\/\" \/>\n<meta property=\"og:locale\" content=\"es_ES\" \/>\n<meta property=\"og:type\" content=\"article\" \/>\n<meta property=\"og:title\" content=\"El mundo oscuro II - Catalogo | Letrame Grupo Editorial\" \/>\n<meta property=\"og:description\" content=\"ISBN:978-84-1386-272-9  Sinopsis: El miedo invadir\u00e1 tu mente. Jack Maddox aparece encarcelado en una extra\u00f1a prisi\u00f3n, con los tr\u00e1gicos sucesos que vivi\u00f3 en las alcantarillas de la f\u00e1brica de Ashville como \u00faltimo recuerdo. Ahora, y con la ayuda de nuevos supervivientes, ha de hacer frente a multitud de enemigos en un complejo de experimentaci\u00f3n humana, sufriendo grotescas torturas y viendo c\u00f3mo otros tambi\u00e9n las sufren. Para salir de la prisi\u00f3n y alcanzar la libertad, antes debe recorrer las instalaciones de un centro de investigaci\u00f3n y los pasillos de un sanatorio infestado por extra\u00f1as y letales criaturas. Atr\u00e9vete a ir M\u00e1s All\u00e1.\" \/>\n<meta property=\"og:url\" content=\"https:\/\/letrame.com\/catalogo\/producto\/el-mundo-oscuro-ii\/\" \/>\n<meta property=\"og:site_name\" content=\"Catalogo | Letrame Grupo Editorial\" \/>\n<meta property=\"article:modified_time\" content=\"2024-08-16T07:10:55+00:00\" \/>\n<meta property=\"og:image\" content=\"https:\/\/letrame.com\/catalogo\/wp-content\/uploads\/2024\/04\/portada_elmundoscuroII_1549mm.jpg\" \/>\n\t<meta property=\"og:image:width\" content=\"601\" \/>\n\t<meta property=\"og:image:height\" content=\"849\" \/>\n\t<meta property=\"og:image:type\" content=\"image\/jpeg\" \/>\n<meta name=\"twitter:card\" content=\"summary_large_image\" \/>\n<meta name=\"twitter:label1\" content=\"Tiempo de lectura\" \/>\n\t<meta name=\"twitter:data1\" content=\"1 minuto\" \/>\n<script type=\"application\/ld+json\" class=\"yoast-schema-graph\">{\"@context\":\"https:\\\/\\\/schema.org\",\"@graph\":[{\"@type\":\"WebPage\",\"@id\":\"https:\\\/\\\/letrame.com\\\/catalogo\\\/producto\\\/el-mundo-oscuro-ii\\\/\",\"url\":\"https:\\\/\\\/letrame.com\\\/catalogo\\\/producto\\\/el-mundo-oscuro-ii\\\/\",\"name\":\"El mundo oscuro II - Catalogo | Letrame Grupo Editorial\",\"isPartOf\":{\"@id\":\"https:\\\/\\\/letrame.com\\\/catalogo\\\/#website\"},\"primaryImageOfPage\":{\"@id\":\"https:\\\/\\\/letrame.com\\\/catalogo\\\/producto\\\/el-mundo-oscuro-ii\\\/#primaryimage\"},\"image\":{\"@id\":\"https:\\\/\\\/letrame.com\\\/catalogo\\\/producto\\\/el-mundo-oscuro-ii\\\/#primaryimage\"},\"thumbnailUrl\":\"https:\\\/\\\/letrame.com\\\/catalogo\\\/wp-content\\\/uploads\\\/2024\\\/04\\\/portada_elmundoscuroII_1549mm.jpg\",\"datePublished\":\"2024-04-29T11:57:27+00:00\",\"dateModified\":\"2024-08-16T07:10:55+00:00\",\"breadcrumb\":{\"@id\":\"https:\\\/\\\/letrame.com\\\/catalogo\\\/producto\\\/el-mundo-oscuro-ii\\\/#breadcrumb\"},\"inLanguage\":\"es\",\"potentialAction\":[{\"@type\":\"ReadAction\",\"target\":[\"https:\\\/\\\/letrame.com\\\/catalogo\\\/producto\\\/el-mundo-oscuro-ii\\\/\"]}]},{\"@type\":\"ImageObject\",\"inLanguage\":\"es\",\"@id\":\"https:\\\/\\\/letrame.com\\\/catalogo\\\/producto\\\/el-mundo-oscuro-ii\\\/#primaryimage\",\"url\":\"https:\\\/\\\/letrame.com\\\/catalogo\\\/wp-content\\\/uploads\\\/2024\\\/04\\\/portada_elmundoscuroII_1549mm.jpg\",\"contentUrl\":\"https:\\\/\\\/letrame.com\\\/catalogo\\\/wp-content\\\/uploads\\\/2024\\\/04\\\/portada_elmundoscuroII_1549mm.jpg\",\"width\":601,\"height\":849},{\"@type\":\"BreadcrumbList\",\"@id\":\"https:\\\/\\\/letrame.com\\\/catalogo\\\/producto\\\/el-mundo-oscuro-ii\\\/#breadcrumb\",\"itemListElement\":[{\"@type\":\"ListItem\",\"position\":1,\"name\":\"Portada\",\"item\":\"https:\\\/\\\/letrame.com\\\/catalogo\\\/\"},{\"@type\":\"ListItem\",\"position\":2,\"name\":\"Cat\u00e1logo\",\"item\":\"https:\\\/\\\/letrame.com\\\/catalogo\\\/\"},{\"@type\":\"ListItem\",\"position\":3,\"name\":\"El mundo oscuro II\"}]},{\"@type\":\"WebSite\",\"@id\":\"https:\\\/\\\/letrame.com\\\/catalogo\\\/#website\",\"url\":\"https:\\\/\\\/letrame.com\\\/catalogo\\\/\",\"name\":\"Catalogo | Letrame Grupo Editorial\",\"description\":\"\",\"publisher\":{\"@id\":\"https:\\\/\\\/letrame.com\\\/catalogo\\\/#organization\"},\"potentialAction\":[{\"@type\":\"SearchAction\",\"target\":{\"@type\":\"EntryPoint\",\"urlTemplate\":\"https:\\\/\\\/letrame.com\\\/catalogo\\\/?s={search_term_string}\"},\"query-input\":{\"@type\":\"PropertyValueSpecification\",\"valueRequired\":true,\"valueName\":\"search_term_string\"}}],\"inLanguage\":\"es\"},{\"@type\":\"Organization\",\"@id\":\"https:\\\/\\\/letrame.com\\\/catalogo\\\/#organization\",\"name\":\"Catalogo | Letrame Grupo Editorial\",\"url\":\"https:\\\/\\\/letrame.com\\\/catalogo\\\/\",\"logo\":{\"@type\":\"ImageObject\",\"inLanguage\":\"es\",\"@id\":\"https:\\\/\\\/letrame.com\\\/catalogo\\\/#\\\/schema\\\/logo\\\/image\\\/\",\"url\":\"https:\\\/\\\/letrame.com\\\/catalogo\\\/wp-content\\\/uploads\\\/2024\\\/03\\\/logo2.webp\",\"contentUrl\":\"https:\\\/\\\/letrame.com\\\/catalogo\\\/wp-content\\\/uploads\\\/2024\\\/03\\\/logo2.webp\",\"width\":394,\"height\":128,\"caption\":\"Catalogo | Letrame Grupo Editorial\"},\"image\":{\"@id\":\"https:\\\/\\\/letrame.com\\\/catalogo\\\/#\\\/schema\\\/logo\\\/image\\\/\"}}]}<\/script>\n<!-- \/ Yoast SEO plugin. -->","yoast_head_json":{"title":"El mundo oscuro II - Catalogo | Letrame Grupo Editorial","robots":{"index":"index","follow":"follow","max-snippet":"max-snippet:-1","max-image-preview":"max-image-preview:large","max-video-preview":"max-video-preview:-1"},"canonical":"https:\/\/letrame.com\/catalogo\/producto\/el-mundo-oscuro-ii\/","og_locale":"es_ES","og_type":"article","og_title":"El mundo oscuro II - Catalogo | Letrame Grupo Editorial","og_description":"ISBN:978-84-1386-272-9  Sinopsis: El miedo invadir\u00e1 tu mente. Jack Maddox aparece encarcelado en una extra\u00f1a prisi\u00f3n, con los tr\u00e1gicos sucesos que vivi\u00f3 en las alcantarillas de la f\u00e1brica de Ashville como \u00faltimo recuerdo. Ahora, y con la ayuda de nuevos supervivientes, ha de hacer frente a multitud de enemigos en un complejo de experimentaci\u00f3n humana, sufriendo grotescas torturas y viendo c\u00f3mo otros tambi\u00e9n las sufren. Para salir de la prisi\u00f3n y alcanzar la libertad, antes debe recorrer las instalaciones de un centro de investigaci\u00f3n y los pasillos de un sanatorio infestado por extra\u00f1as y letales criaturas. Atr\u00e9vete a ir M\u00e1s All\u00e1.","og_url":"https:\/\/letrame.com\/catalogo\/producto\/el-mundo-oscuro-ii\/","og_site_name":"Catalogo | Letrame Grupo Editorial","article_modified_time":"2024-08-16T07:10:55+00:00","og_image":[{"width":601,"height":849,"url":"https:\/\/letrame.com\/catalogo\/wp-content\/uploads\/2024\/04\/portada_elmundoscuroII_1549mm.jpg","type":"image\/jpeg"}],"twitter_card":"summary_large_image","twitter_misc":{"Tiempo de lectura":"1 minuto"},"schema":{"@context":"https:\/\/schema.org","@graph":[{"@type":"WebPage","@id":"https:\/\/letrame.com\/catalogo\/producto\/el-mundo-oscuro-ii\/","url":"https:\/\/letrame.com\/catalogo\/producto\/el-mundo-oscuro-ii\/","name":"El mundo oscuro II - Catalogo | Letrame Grupo Editorial","isPartOf":{"@id":"https:\/\/letrame.com\/catalogo\/#website"},"primaryImageOfPage":{"@id":"https:\/\/letrame.com\/catalogo\/producto\/el-mundo-oscuro-ii\/#primaryimage"},"image":{"@id":"https:\/\/letrame.com\/catalogo\/producto\/el-mundo-oscuro-ii\/#primaryimage"},"thumbnailUrl":"https:\/\/letrame.com\/catalogo\/wp-content\/uploads\/2024\/04\/portada_elmundoscuroII_1549mm.jpg","datePublished":"2024-04-29T11:57:27+00:00","dateModified":"2024-08-16T07:10:55+00:00","breadcrumb":{"@id":"https:\/\/letrame.com\/catalogo\/producto\/el-mundo-oscuro-ii\/#breadcrumb"},"inLanguage":"es","potentialAction":[{"@type":"ReadAction","target":["https:\/\/letrame.com\/catalogo\/producto\/el-mundo-oscuro-ii\/"]}]},{"@type":"ImageObject","inLanguage":"es","@id":"https:\/\/letrame.com\/catalogo\/producto\/el-mundo-oscuro-ii\/#primaryimage","url":"https:\/\/letrame.com\/catalogo\/wp-content\/uploads\/2024\/04\/portada_elmundoscuroII_1549mm.jpg","contentUrl":"https:\/\/letrame.com\/catalogo\/wp-content\/uploads\/2024\/04\/portada_elmundoscuroII_1549mm.jpg","width":601,"height":849},{"@type":"BreadcrumbList","@id":"https:\/\/letrame.com\/catalogo\/producto\/el-mundo-oscuro-ii\/#breadcrumb","itemListElement":[{"@type":"ListItem","position":1,"name":"Portada","item":"https:\/\/letrame.com\/catalogo\/"},{"@type":"ListItem","position":2,"name":"Cat\u00e1logo","item":"https:\/\/letrame.com\/catalogo\/"},{"@type":"ListItem","position":3,"name":"El mundo oscuro II"}]},{"@type":"WebSite","@id":"https:\/\/letrame.com\/catalogo\/#website","url":"https:\/\/letrame.com\/catalogo\/","name":"Catalogo | Letrame Grupo Editorial","description":"","publisher":{"@id":"https:\/\/letrame.com\/catalogo\/#organization"},"potentialAction":[{"@type":"SearchAction","target":{"@type":"EntryPoint","urlTemplate":"https:\/\/letrame.com\/catalogo\/?s={search_term_string}"},"query-input":{"@type":"PropertyValueSpecification","valueRequired":true,"valueName":"search_term_string"}}],"inLanguage":"es"},{"@type":"Organization","@id":"https:\/\/letrame.com\/catalogo\/#organization","name":"Catalogo | Letrame Grupo Editorial","url":"https:\/\/letrame.com\/catalogo\/","logo":{"@type":"ImageObject","inLanguage":"es","@id":"https:\/\/letrame.com\/catalogo\/#\/schema\/logo\/image\/","url":"https:\/\/letrame.com\/catalogo\/wp-content\/uploads\/2024\/03\/logo2.webp","contentUrl":"https:\/\/letrame.com\/catalogo\/wp-content\/uploads\/2024\/03\/logo2.webp","width":394,"height":128,"caption":"Catalogo | Letrame Grupo Editorial"},"image":{"@id":"https:\/\/letrame.com\/catalogo\/#\/schema\/logo\/image\/"}}]}},"_links":{"self":[{"href":"https:\/\/letrame.com\/catalogo\/wp-json\/wp\/v2\/product\/97439","targetHints":{"allow":["GET"]}}],"collection":[{"href":"https:\/\/letrame.com\/catalogo\/wp-json\/wp\/v2\/product"}],"about":[{"href":"https:\/\/letrame.com\/catalogo\/wp-json\/wp\/v2\/types\/product"}],"replies":[{"embeddable":true,"href":"https:\/\/letrame.com\/catalogo\/wp-json\/wp\/v2\/comments?post=97439"}],"acf:post":[{"embeddable":true,"href":"https:\/\/letrame.com\/catalogo\/wp-json\/wp\/v2\/author_book\/76017"}],"wp:featuredmedia":[{"embeddable":true,"href":"https:\/\/letrame.com\/catalogo\/wp-json\/wp\/v2\/media\/97440"}],"wp:attachment":[{"href":"https:\/\/letrame.com\/catalogo\/wp-json\/wp\/v2\/media?parent=97439"}],"wp:term":[{"taxonomy":"libro","embeddable":true,"href":"https:\/\/letrame.com\/catalogo\/wp-json\/wp\/v2\/libro?post=97439"},{"taxonomy":"product_brand","embeddable":true,"href":"https:\/\/letrame.com\/catalogo\/wp-json\/wp\/v2\/product_brand?post=97439"},{"taxonomy":"product_cat","embeddable":true,"href":"https:\/\/letrame.com\/catalogo\/wp-json\/wp\/v2\/product_cat?post=97439"},{"taxonomy":"product_tag","embeddable":true,"href":"https:\/\/letrame.com\/catalogo\/wp-json\/wp\/v2\/product_tag?post=97439"}],"curies":[{"name":"wp","href":"https:\/\/api.w.org\/{rel}","templated":true}]}}