{"id":97437,"date":"2024-04-29T13:57:27","date_gmt":"2024-04-29T11:57:27","guid":{"rendered":"https:\/\/letrame.com\/catalogo\/producto\/el-millonario-en-el-espejo\/"},"modified":"2024-08-16T09:12:14","modified_gmt":"2024-08-16T07:12:14","slug":"el-millonario-en-el-espejo","status":"publish","type":"product","link":"https:\/\/letrame.com\/catalogo\/producto\/el-millonario-en-el-espejo\/","title":{"rendered":"El millonario en el espejo"},"content":{"rendered":"<p><b>ISBN<\/b><span style=\"font-weight: 400;\">:978-84-1114-397-4<\/span><\/p>\n<p><b>T\u00edtulo<\/b><span style=\"font-weight: 400;\">: El millonario en el espejo<\/span><\/p>\n<p><b>Fecha<\/b><span style=\"font-weight: 400;\">:2022<\/span><\/p>\n<p><b>P\u00e1ginas<\/b><span style=\"font-weight: 400;\">: 186<\/span><\/p>\n<p><b>SINOPSIS<\/b><\/p>\n<p>\u00bfQuieres ser millonario? O, al menos, \u00bfquieres alcanzar la libertad financiera que te permita vivir tranquilo, disfrutar de lo que amas, ayudar a los que te rodean, disponer de un elevado nivel de vida, cumplir tus sue\u00f1os y ayudar a mejorar la sociedad?<br \/>\nSi aspiras a ello, este libro te ser\u00e1 de gran ayuda, puesto que, a trav\u00e9s de una serie de consejos pr\u00e1cticos basados en la experiencia vital y emprendedora del autor, as\u00ed como en sus conocimientos, te ense\u00f1ar\u00e1 lo fundamental que debes hacer y, de ese modo, podr\u00e1s dirigir tu vida y alcanzar el \u00e9xito, como otros lo hicieron antes. Para ello, deber\u00e1s cambiarte a ti mismo, motivarte, formarte y tomar las decisiones adecuadas, tanto personales como financieras, dejando a un lado el pesimismo, la pereza, la queja que no te lleva a ning\u00fan lado y la inacci\u00f3n. Depende de ti. No importa de d\u00f3nde provengas, con esfuerzo y amor propio puedes superarte a ti mismo y puedes conseguirlo todo. Otros lo han hecho antes.<br \/>\nLos sue\u00f1os pueden hacerse realidad y tu vida puede cambiar y, con ello, podr\u00e1s aportar lo mejor de ti a los que te rodean y mejorar la sociedad.<\/p>\n","protected":false},"excerpt":{"rendered":"<p><b>ISBN<\/b><span style=\"font-weight: 400;\">:978-84-1114-397-4<\/span><\/p>\n<p><b>SINOPSIS<\/b><\/p>\n<p>\u00bfQuieres ser millonario? O, al menos, \u00bfquieres alcanzar la libertad financiera que te permita vivir tranquilo, disfrutar de lo que amas, ayudar a los que te rodean, disponer de un elevado nivel de vida, cumplir tus sue\u00f1os y ayudar a mejorar la sociedad?<br \/>\nSi aspiras a ello, este libro te ser\u00e1 de gran ayuda, puesto que, a trav\u00e9s de una serie de consejos pr\u00e1cticos basados en la experiencia vital y emprendedora del autor, as\u00ed como en sus conocimientos, te ense\u00f1ar\u00e1 lo fundamental que debes hacer y, de ese modo, podr\u00e1s dirigir tu vida y alcanzar el \u00e9xito, como otros lo hicieron antes. Para ello, deber\u00e1s cambiarte a ti mismo, motivarte, formarte y tomar las decisiones adecuadas, tanto personales como financieras, dejando a un lado el pesimismo, la pereza, la queja que no te lleva a ning\u00fan lado y la inacci\u00f3n. Depende de ti. No importa de d\u00f3nde provengas, con esfuerzo y amor propio puedes superarte a ti mismo y puedes conseguirlo todo. Otros lo han hecho antes.<br \/>\nLos sue\u00f1os pueden hacerse realidad y tu vida puede cambiar y, con ello, podr\u00e1s aportar lo mejor de ti a los que te rodean y mejorar la sociedad.<\/p>\n","protected":false},"featured_media":97438,"comment_status":"closed","ping_status":"closed","template":"","meta":{"_acf_changed":false},"libro":[],"product_brand":[],"product_cat":[18],"product_tag":[],"class_list":{"0":"post-97437","1":"product","2":"type-product","3":"status-publish","4":"has-post-thumbnail","6":"product_cat-autoayuda","8":"first","9":"instock","10":"product-type-simple"},"acf":{"autor":[76004],"enlace_de_compra":"https:\/\/amzn.to\/4dBUwoq"},"yoast_head":"<!-- This site is optimized with the Yoast SEO plugin v26.6 - https:\/\/yoast.com\/wordpress\/plugins\/seo\/ -->\n<title>El millonario en el espejo - Catalogo | Letrame Grupo Editorial<\/title>\n<meta name=\"robots\" content=\"index, follow, max-snippet:-1, max-image-preview:large, max-video-preview:-1\" \/>\n<link rel=\"canonical\" href=\"https:\/\/letrame.com\/catalogo\/producto\/el-millonario-en-el-espejo\/\" \/>\n<meta property=\"og:locale\" content=\"es_ES\" \/>\n<meta property=\"og:type\" content=\"article\" \/>\n<meta property=\"og:title\" content=\"El millonario en el espejo - Catalogo | Letrame Grupo Editorial\" \/>\n<meta property=\"og:description\" content=\"ISBN:978-84-1114-397-4  SINOPSIS  \u00bfQuieres ser millonario? O, al menos, \u00bfquieres alcanzar la libertad financiera que te permita vivir tranquilo, disfrutar de lo que amas, ayudar a los que te rodean, disponer de un elevado nivel de vida, cumplir tus sue\u00f1os y ayudar a mejorar la sociedad? Si aspiras a ello, este libro te ser\u00e1 de gran ayuda, puesto que, a trav\u00e9s de una serie de consejos pr\u00e1cticos basados en la experiencia vital y emprendedora del autor, as\u00ed como en sus conocimientos, te ense\u00f1ar\u00e1 lo fundamental que debes hacer y, de ese modo, podr\u00e1s dirigir tu vida y alcanzar el \u00e9xito, como otros lo hicieron antes. Para ello, deber\u00e1s cambiarte a ti mismo, motivarte, formarte y tomar las decisiones adecuadas, tanto personales como financieras, dejando a un lado el pesimismo, la pereza, la queja que no te lleva a ning\u00fan lado y la inacci\u00f3n. Depende de ti. No importa de d\u00f3nde provengas, con esfuerzo y amor propio puedes superarte a ti mismo y puedes conseguirlo todo. Otros lo han hecho antes. Los sue\u00f1os pueden hacerse realidad y tu vida puede cambiar y, con ello, podr\u00e1s aportar lo mejor de ti a los que te rodean y mejorar la sociedad.\" \/>\n<meta property=\"og:url\" content=\"https:\/\/letrame.com\/catalogo\/producto\/el-millonario-en-el-espejo\/\" \/>\n<meta property=\"og:site_name\" content=\"Catalogo | Letrame Grupo Editorial\" \/>\n<meta property=\"article:modified_time\" content=\"2024-08-16T07:12:14+00:00\" \/>\n<meta property=\"og:image\" content=\"https:\/\/letrame.com\/catalogo\/wp-content\/uploads\/2024\/04\/portada-elmillonarioenelespejo_968.jpg\" \/>\n\t<meta property=\"og:image:width\" content=\"601\" \/>\n\t<meta property=\"og:image:height\" content=\"881\" \/>\n\t<meta property=\"og:image:type\" content=\"image\/jpeg\" \/>\n<meta name=\"twitter:card\" content=\"summary_large_image\" \/>\n<meta name=\"twitter:label1\" content=\"Tiempo de lectura\" \/>\n\t<meta name=\"twitter:data1\" content=\"2 minutos\" \/>\n<script type=\"application\/ld+json\" class=\"yoast-schema-graph\">{\"@context\":\"https:\/\/schema.org\",\"@graph\":[{\"@type\":\"WebPage\",\"@id\":\"https:\/\/letrame.com\/catalogo\/producto\/el-millonario-en-el-espejo\/\",\"url\":\"https:\/\/letrame.com\/catalogo\/producto\/el-millonario-en-el-espejo\/\",\"name\":\"El millonario en el espejo - Catalogo | Letrame Grupo Editorial\",\"isPartOf\":{\"@id\":\"https:\/\/letrame.com\/catalogo\/#website\"},\"primaryImageOfPage\":{\"@id\":\"https:\/\/letrame.com\/catalogo\/producto\/el-millonario-en-el-espejo\/#primaryimage\"},\"image\":{\"@id\":\"https:\/\/letrame.com\/catalogo\/producto\/el-millonario-en-el-espejo\/#primaryimage\"},\"thumbnailUrl\":\"https:\/\/letrame.com\/catalogo\/wp-content\/uploads\/2024\/04\/portada-elmillonarioenelespejo_968.jpg\",\"datePublished\":\"2024-04-29T11:57:27+00:00\",\"dateModified\":\"2024-08-16T07:12:14+00:00\",\"breadcrumb\":{\"@id\":\"https:\/\/letrame.com\/catalogo\/producto\/el-millonario-en-el-espejo\/#breadcrumb\"},\"inLanguage\":\"es\",\"potentialAction\":[{\"@type\":\"ReadAction\",\"target\":[\"https:\/\/letrame.com\/catalogo\/producto\/el-millonario-en-el-espejo\/\"]}]},{\"@type\":\"ImageObject\",\"inLanguage\":\"es\",\"@id\":\"https:\/\/letrame.com\/catalogo\/producto\/el-millonario-en-el-espejo\/#primaryimage\",\"url\":\"https:\/\/letrame.com\/catalogo\/wp-content\/uploads\/2024\/04\/portada-elmillonarioenelespejo_968.jpg\",\"contentUrl\":\"https:\/\/letrame.com\/catalogo\/wp-content\/uploads\/2024\/04\/portada-elmillonarioenelespejo_968.jpg\",\"width\":601,\"height\":881},{\"@type\":\"BreadcrumbList\",\"@id\":\"https:\/\/letrame.com\/catalogo\/producto\/el-millonario-en-el-espejo\/#breadcrumb\",\"itemListElement\":[{\"@type\":\"ListItem\",\"position\":1,\"name\":\"Portada\",\"item\":\"https:\/\/letrame.com\/catalogo\/\"},{\"@type\":\"ListItem\",\"position\":2,\"name\":\"Cat\u00e1logo\",\"item\":\"https:\/\/letrame.com\/catalogo\/\"},{\"@type\":\"ListItem\",\"position\":3,\"name\":\"El millonario en el espejo\"}]},{\"@type\":\"WebSite\",\"@id\":\"https:\/\/letrame.com\/catalogo\/#website\",\"url\":\"https:\/\/letrame.com\/catalogo\/\",\"name\":\"Catalogo | Letrame Grupo Editorial\",\"description\":\"\",\"publisher\":{\"@id\":\"https:\/\/letrame.com\/catalogo\/#organization\"},\"potentialAction\":[{\"@type\":\"SearchAction\",\"target\":{\"@type\":\"EntryPoint\",\"urlTemplate\":\"https:\/\/letrame.com\/catalogo\/?s={search_term_string}\"},\"query-input\":{\"@type\":\"PropertyValueSpecification\",\"valueRequired\":true,\"valueName\":\"search_term_string\"}}],\"inLanguage\":\"es\"},{\"@type\":\"Organization\",\"@id\":\"https:\/\/letrame.com\/catalogo\/#organization\",\"name\":\"Catalogo | Letrame Grupo Editorial\",\"url\":\"https:\/\/letrame.com\/catalogo\/\",\"logo\":{\"@type\":\"ImageObject\",\"inLanguage\":\"es\",\"@id\":\"https:\/\/letrame.com\/catalogo\/#\/schema\/logo\/image\/\",\"url\":\"https:\/\/letrame.com\/catalogo\/wp-content\/uploads\/2024\/03\/logo2.webp\",\"contentUrl\":\"https:\/\/letrame.com\/catalogo\/wp-content\/uploads\/2024\/03\/logo2.webp\",\"width\":394,\"height\":128,\"caption\":\"Catalogo | Letrame Grupo Editorial\"},\"image\":{\"@id\":\"https:\/\/letrame.com\/catalogo\/#\/schema\/logo\/image\/\"}}]}<\/script>\n<!-- \/ Yoast SEO plugin. -->","yoast_head_json":{"title":"El millonario en el espejo - Catalogo | Letrame Grupo Editorial","robots":{"index":"index","follow":"follow","max-snippet":"max-snippet:-1","max-image-preview":"max-image-preview:large","max-video-preview":"max-video-preview:-1"},"canonical":"https:\/\/letrame.com\/catalogo\/producto\/el-millonario-en-el-espejo\/","og_locale":"es_ES","og_type":"article","og_title":"El millonario en el espejo - Catalogo | Letrame Grupo Editorial","og_description":"ISBN:978-84-1114-397-4  SINOPSIS  \u00bfQuieres ser millonario? O, al menos, \u00bfquieres alcanzar la libertad financiera que te permita vivir tranquilo, disfrutar de lo que amas, ayudar a los que te rodean, disponer de un elevado nivel de vida, cumplir tus sue\u00f1os y ayudar a mejorar la sociedad? Si aspiras a ello, este libro te ser\u00e1 de gran ayuda, puesto que, a trav\u00e9s de una serie de consejos pr\u00e1cticos basados en la experiencia vital y emprendedora del autor, as\u00ed como en sus conocimientos, te ense\u00f1ar\u00e1 lo fundamental que debes hacer y, de ese modo, podr\u00e1s dirigir tu vida y alcanzar el \u00e9xito, como otros lo hicieron antes. Para ello, deber\u00e1s cambiarte a ti mismo, motivarte, formarte y tomar las decisiones adecuadas, tanto personales como financieras, dejando a un lado el pesimismo, la pereza, la queja que no te lleva a ning\u00fan lado y la inacci\u00f3n. Depende de ti. No importa de d\u00f3nde provengas, con esfuerzo y amor propio puedes superarte a ti mismo y puedes conseguirlo todo. Otros lo han hecho antes. Los sue\u00f1os pueden hacerse realidad y tu vida puede cambiar y, con ello, podr\u00e1s aportar lo mejor de ti a los que te rodean y mejorar la sociedad.","og_url":"https:\/\/letrame.com\/catalogo\/producto\/el-millonario-en-el-espejo\/","og_site_name":"Catalogo | Letrame Grupo Editorial","article_modified_time":"2024-08-16T07:12:14+00:00","og_image":[{"width":601,"height":881,"url":"https:\/\/letrame.com\/catalogo\/wp-content\/uploads\/2024\/04\/portada-elmillonarioenelespejo_968.jpg","type":"image\/jpeg"}],"twitter_card":"summary_large_image","twitter_misc":{"Tiempo de lectura":"2 minutos"},"schema":{"@context":"https:\/\/schema.org","@graph":[{"@type":"WebPage","@id":"https:\/\/letrame.com\/catalogo\/producto\/el-millonario-en-el-espejo\/","url":"https:\/\/letrame.com\/catalogo\/producto\/el-millonario-en-el-espejo\/","name":"El millonario en el espejo - Catalogo | Letrame Grupo Editorial","isPartOf":{"@id":"https:\/\/letrame.com\/catalogo\/#website"},"primaryImageOfPage":{"@id":"https:\/\/letrame.com\/catalogo\/producto\/el-millonario-en-el-espejo\/#primaryimage"},"image":{"@id":"https:\/\/letrame.com\/catalogo\/producto\/el-millonario-en-el-espejo\/#primaryimage"},"thumbnailUrl":"https:\/\/letrame.com\/catalogo\/wp-content\/uploads\/2024\/04\/portada-elmillonarioenelespejo_968.jpg","datePublished":"2024-04-29T11:57:27+00:00","dateModified":"2024-08-16T07:12:14+00:00","breadcrumb":{"@id":"https:\/\/letrame.com\/catalogo\/producto\/el-millonario-en-el-espejo\/#breadcrumb"},"inLanguage":"es","potentialAction":[{"@type":"ReadAction","target":["https:\/\/letrame.com\/catalogo\/producto\/el-millonario-en-el-espejo\/"]}]},{"@type":"ImageObject","inLanguage":"es","@id":"https:\/\/letrame.com\/catalogo\/producto\/el-millonario-en-el-espejo\/#primaryimage","url":"https:\/\/letrame.com\/catalogo\/wp-content\/uploads\/2024\/04\/portada-elmillonarioenelespejo_968.jpg","contentUrl":"https:\/\/letrame.com\/catalogo\/wp-content\/uploads\/2024\/04\/portada-elmillonarioenelespejo_968.jpg","width":601,"height":881},{"@type":"BreadcrumbList","@id":"https:\/\/letrame.com\/catalogo\/producto\/el-millonario-en-el-espejo\/#breadcrumb","itemListElement":[{"@type":"ListItem","position":1,"name":"Portada","item":"https:\/\/letrame.com\/catalogo\/"},{"@type":"ListItem","position":2,"name":"Cat\u00e1logo","item":"https:\/\/letrame.com\/catalogo\/"},{"@type":"ListItem","position":3,"name":"El millonario en el espejo"}]},{"@type":"WebSite","@id":"https:\/\/letrame.com\/catalogo\/#website","url":"https:\/\/letrame.com\/catalogo\/","name":"Catalogo | Letrame Grupo Editorial","description":"","publisher":{"@id":"https:\/\/letrame.com\/catalogo\/#organization"},"potentialAction":[{"@type":"SearchAction","target":{"@type":"EntryPoint","urlTemplate":"https:\/\/letrame.com\/catalogo\/?s={search_term_string}"},"query-input":{"@type":"PropertyValueSpecification","valueRequired":true,"valueName":"search_term_string"}}],"inLanguage":"es"},{"@type":"Organization","@id":"https:\/\/letrame.com\/catalogo\/#organization","name":"Catalogo | Letrame Grupo Editorial","url":"https:\/\/letrame.com\/catalogo\/","logo":{"@type":"ImageObject","inLanguage":"es","@id":"https:\/\/letrame.com\/catalogo\/#\/schema\/logo\/image\/","url":"https:\/\/letrame.com\/catalogo\/wp-content\/uploads\/2024\/03\/logo2.webp","contentUrl":"https:\/\/letrame.com\/catalogo\/wp-content\/uploads\/2024\/03\/logo2.webp","width":394,"height":128,"caption":"Catalogo | Letrame Grupo Editorial"},"image":{"@id":"https:\/\/letrame.com\/catalogo\/#\/schema\/logo\/image\/"}}]}},"_links":{"self":[{"href":"https:\/\/letrame.com\/catalogo\/wp-json\/wp\/v2\/product\/97437","targetHints":{"allow":["GET"]}}],"collection":[{"href":"https:\/\/letrame.com\/catalogo\/wp-json\/wp\/v2\/product"}],"about":[{"href":"https:\/\/letrame.com\/catalogo\/wp-json\/wp\/v2\/types\/product"}],"replies":[{"embeddable":true,"href":"https:\/\/letrame.com\/catalogo\/wp-json\/wp\/v2\/comments?post=97437"}],"acf:post":[{"embeddable":true,"href":"https:\/\/letrame.com\/catalogo\/wp-json\/wp\/v2\/author_book\/76004"}],"wp:featuredmedia":[{"embeddable":true,"href":"https:\/\/letrame.com\/catalogo\/wp-json\/wp\/v2\/media\/97438"}],"wp:attachment":[{"href":"https:\/\/letrame.com\/catalogo\/wp-json\/wp\/v2\/media?parent=97437"}],"wp:term":[{"taxonomy":"libro","embeddable":true,"href":"https:\/\/letrame.com\/catalogo\/wp-json\/wp\/v2\/libro?post=97437"},{"taxonomy":"product_brand","embeddable":true,"href":"https:\/\/letrame.com\/catalogo\/wp-json\/wp\/v2\/product_brand?post=97437"},{"taxonomy":"product_cat","embeddable":true,"href":"https:\/\/letrame.com\/catalogo\/wp-json\/wp\/v2\/product_cat?post=97437"},{"taxonomy":"product_tag","embeddable":true,"href":"https:\/\/letrame.com\/catalogo\/wp-json\/wp\/v2\/product_tag?post=97437"}],"curies":[{"name":"wp","href":"https:\/\/api.w.org\/{rel}","templated":true}]}}