{"id":97429,"date":"2024-04-29T13:56:55","date_gmt":"2024-04-29T11:56:55","guid":{"rendered":"https:\/\/letrame.com\/catalogo\/producto\/como-educar-sin-perder-la-motivacion\/"},"modified":"2024-07-22T09:23:51","modified_gmt":"2024-07-22T07:23:51","slug":"como-educar-sin-perder-la-motivacion","status":"publish","type":"product","link":"https:\/\/letrame.com\/catalogo\/producto\/como-educar-sin-perder-la-motivacion\/","title":{"rendered":"C\u00f3mo educar sin perder la motivaci\u00f3n"},"content":{"rendered":"<p><b>ISBN<\/b><span style=\"font-weight: 400;\">:978-84-1114-367-7<\/span><\/p>\n<p><b>T\u00edtulo<\/b><span style=\"font-weight: 400;\">: C\u00f3mo educar sin perder la motivaci\u00f3n<\/span><\/p>\n<p><b>Fecha<\/b><span style=\"font-weight: 400;\">: 2022<\/span><span style=\"font-weight: 400;\"><br \/>\n<\/span><b><\/b><\/p>\n<p><b>P\u00e1ginas<\/b><span style=\"font-weight: 400;\">: 192<\/span><\/p>\n<p><b>SINOPSIS:<\/b><\/p>\n<p>La pandemia de COVID-19 fue la emergencia global que fractur\u00f3 \u2014y lo sigue haciendo\u2014 la vida p\u00fablica. El encierro obligatorio, a\u00fan reciente, alter\u00f3 las din\u00e1micas de socializaci\u00f3n y el mundo tal y como lo conoc\u00edamos. Los efectos de la crisis sanitaria y la cuarentena en ni\u00f1os y adolescentes sean, quiz\u00e1s, inasumibles como sociedad. \u00bfC\u00f3mo se pueden recuperar meses de paralizaci\u00f3n presencial en las aulas y desajustes curriculares? \u00bfY el impacto psicol\u00f3gico y socioemocional que los m\u00e1s j\u00f3venes siguen arrastrando?<\/p>\n<p>La gu\u00eda de Albert Puell Garc\u00eda no ignora esta otra crisis silenciosa y profundamente debilitadora, y se esmera en <em>C\u00f3mo educar sin perder la motivaci\u00f3n<\/em> por cuidar de las generaciones que \u2014m\u00e1s pronto que tarde\u2014 tendr\u00e1n que tomar las riendas. Porque los docentes son, por encima de todo, figuras de gran impacto emocional con el poder de transformar social y culturalmente el mundo.<\/p>\n<p>&nbsp;<\/p>\n","protected":false},"excerpt":{"rendered":"<p><b>ISBN<\/b><span style=\"font-weight: 400;\">:978-84-1114-367-7<\/span><\/p>\n<p><b>SINOPSIS:<\/b><\/p>\n<p>La pandemia de COVID-19 fue la emergencia global que fractur\u00f3 \u2014y lo sigue haciendo\u2014 la vida p\u00fablica. El encierro obligatorio, a\u00fan reciente, alter\u00f3 las din\u00e1micas de socializaci\u00f3n y el mundo tal y como lo conoc\u00edamos. Los efectos de la crisis sanitaria y la cuarentena en ni\u00f1os y adolescentes sean, quiz\u00e1s, inasumibles como sociedad. \u00bfC\u00f3mo se pueden recuperar meses de paralizaci\u00f3n presencial en las aulas y desajustes curriculares? \u00bfY el impacto psicol\u00f3gico y socioemocional que los m\u00e1s j\u00f3venes siguen arrastrando?<\/p>\n<p>La gu\u00eda de Albert Puell Garc\u00eda no ignora esta otra crisis silenciosa y profundamente debilitadora, y se esmera en <em>C\u00f3mo educar sin perder la motivaci\u00f3n<\/em> por cuidar de las generaciones que \u2014m\u00e1s pronto que tarde\u2014 tendr\u00e1n que tomar las riendas. Porque los docentes son, por encima de todo, figuras de gran impacto emocional con el poder de transformar social y culturalmente el mundo.<\/p>\n<p>&nbsp;<\/p>\n","protected":false},"featured_media":97430,"comment_status":"closed","ping_status":"closed","template":"","meta":{"_acf_changed":false},"libro":[],"product_brand":[],"product_cat":[22],"product_tag":[],"class_list":{"0":"post-97429","1":"product","2":"type-product","3":"status-publish","4":"has-post-thumbnail","6":"product_cat-docencia","8":"first","9":"instock","10":"product-type-simple"},"acf":{"autor":[76010],"enlace_de_compra":"https:\/\/amzn.to\/4cO8H9H"},"yoast_head":"<!-- This site is optimized with the Yoast SEO plugin v26.6 - https:\/\/yoast.com\/wordpress\/plugins\/seo\/ -->\n<title>C\u00f3mo educar sin perder la motivaci\u00f3n - Catalogo | Letrame Grupo Editorial<\/title>\n<meta name=\"robots\" content=\"index, follow, max-snippet:-1, max-image-preview:large, max-video-preview:-1\" \/>\n<link rel=\"canonical\" href=\"https:\/\/letrame.com\/catalogo\/producto\/como-educar-sin-perder-la-motivacion\/\" \/>\n<meta property=\"og:locale\" content=\"es_ES\" \/>\n<meta property=\"og:type\" content=\"article\" \/>\n<meta property=\"og:title\" content=\"C\u00f3mo educar sin perder la motivaci\u00f3n - Catalogo | Letrame Grupo Editorial\" \/>\n<meta property=\"og:description\" content=\"ISBN:978-84-1114-367-7  SINOPSIS:  La pandemia de COVID-19 fue la emergencia global que fractur\u00f3 \u2014y lo sigue haciendo\u2014 la vida p\u00fablica. El encierro obligatorio, a\u00fan reciente, alter\u00f3 las din\u00e1micas de socializaci\u00f3n y el mundo tal y como lo conoc\u00edamos. Los efectos de la crisis sanitaria y la cuarentena en ni\u00f1os y adolescentes sean, quiz\u00e1s, inasumibles como sociedad. \u00bfC\u00f3mo se pueden recuperar meses de paralizaci\u00f3n presencial en las aulas y desajustes curriculares? \u00bfY el impacto psicol\u00f3gico y socioemocional que los m\u00e1s j\u00f3venes siguen arrastrando?  La gu\u00eda de Albert Puell Garc\u00eda no ignora esta otra crisis silenciosa y profundamente debilitadora, y se esmera en C\u00f3mo educar sin perder la motivaci\u00f3n por cuidar de las generaciones que \u2014m\u00e1s pronto que tarde\u2014 tendr\u00e1n que tomar las riendas. Porque los docentes son, por encima de todo, figuras de gran impacto emocional con el poder de transformar social y culturalmente el mundo.  &nbsp;\" \/>\n<meta property=\"og:url\" content=\"https:\/\/letrame.com\/catalogo\/producto\/como-educar-sin-perder-la-motivacion\/\" \/>\n<meta property=\"og:site_name\" content=\"Catalogo | Letrame Grupo Editorial\" \/>\n<meta property=\"article:modified_time\" content=\"2024-07-22T07:23:51+00:00\" \/>\n<meta property=\"og:image\" content=\"https:\/\/letrame.com\/catalogo\/wp-content\/uploads\/2024\/04\/portada-comoeducarsinperder_996mm.jpg\" \/>\n\t<meta property=\"og:image:width\" content=\"601\" \/>\n\t<meta property=\"og:image:height\" content=\"881\" \/>\n\t<meta property=\"og:image:type\" content=\"image\/jpeg\" \/>\n<meta name=\"twitter:card\" content=\"summary_large_image\" \/>\n<meta name=\"twitter:label1\" content=\"Tiempo de lectura\" \/>\n\t<meta name=\"twitter:data1\" content=\"1 minuto\" \/>\n<script type=\"application\/ld+json\" class=\"yoast-schema-graph\">{\"@context\":\"https:\/\/schema.org\",\"@graph\":[{\"@type\":\"WebPage\",\"@id\":\"https:\/\/letrame.com\/catalogo\/producto\/como-educar-sin-perder-la-motivacion\/\",\"url\":\"https:\/\/letrame.com\/catalogo\/producto\/como-educar-sin-perder-la-motivacion\/\",\"name\":\"C\u00f3mo educar sin perder la motivaci\u00f3n - Catalogo | Letrame Grupo Editorial\",\"isPartOf\":{\"@id\":\"https:\/\/letrame.com\/catalogo\/#website\"},\"primaryImageOfPage\":{\"@id\":\"https:\/\/letrame.com\/catalogo\/producto\/como-educar-sin-perder-la-motivacion\/#primaryimage\"},\"image\":{\"@id\":\"https:\/\/letrame.com\/catalogo\/producto\/como-educar-sin-perder-la-motivacion\/#primaryimage\"},\"thumbnailUrl\":\"https:\/\/letrame.com\/catalogo\/wp-content\/uploads\/2024\/04\/portada-comoeducarsinperder_996mm.jpg\",\"datePublished\":\"2024-04-29T11:56:55+00:00\",\"dateModified\":\"2024-07-22T07:23:51+00:00\",\"breadcrumb\":{\"@id\":\"https:\/\/letrame.com\/catalogo\/producto\/como-educar-sin-perder-la-motivacion\/#breadcrumb\"},\"inLanguage\":\"es\",\"potentialAction\":[{\"@type\":\"ReadAction\",\"target\":[\"https:\/\/letrame.com\/catalogo\/producto\/como-educar-sin-perder-la-motivacion\/\"]}]},{\"@type\":\"ImageObject\",\"inLanguage\":\"es\",\"@id\":\"https:\/\/letrame.com\/catalogo\/producto\/como-educar-sin-perder-la-motivacion\/#primaryimage\",\"url\":\"https:\/\/letrame.com\/catalogo\/wp-content\/uploads\/2024\/04\/portada-comoeducarsinperder_996mm.jpg\",\"contentUrl\":\"https:\/\/letrame.com\/catalogo\/wp-content\/uploads\/2024\/04\/portada-comoeducarsinperder_996mm.jpg\",\"width\":601,\"height\":881},{\"@type\":\"BreadcrumbList\",\"@id\":\"https:\/\/letrame.com\/catalogo\/producto\/como-educar-sin-perder-la-motivacion\/#breadcrumb\",\"itemListElement\":[{\"@type\":\"ListItem\",\"position\":1,\"name\":\"Portada\",\"item\":\"https:\/\/letrame.com\/catalogo\/\"},{\"@type\":\"ListItem\",\"position\":2,\"name\":\"Cat\u00e1logo\",\"item\":\"https:\/\/letrame.com\/catalogo\/\"},{\"@type\":\"ListItem\",\"position\":3,\"name\":\"C\u00f3mo educar sin perder la motivaci\u00f3n\"}]},{\"@type\":\"WebSite\",\"@id\":\"https:\/\/letrame.com\/catalogo\/#website\",\"url\":\"https:\/\/letrame.com\/catalogo\/\",\"name\":\"Catalogo | Letrame Grupo Editorial\",\"description\":\"\",\"publisher\":{\"@id\":\"https:\/\/letrame.com\/catalogo\/#organization\"},\"potentialAction\":[{\"@type\":\"SearchAction\",\"target\":{\"@type\":\"EntryPoint\",\"urlTemplate\":\"https:\/\/letrame.com\/catalogo\/?s={search_term_string}\"},\"query-input\":{\"@type\":\"PropertyValueSpecification\",\"valueRequired\":true,\"valueName\":\"search_term_string\"}}],\"inLanguage\":\"es\"},{\"@type\":\"Organization\",\"@id\":\"https:\/\/letrame.com\/catalogo\/#organization\",\"name\":\"Catalogo | Letrame Grupo Editorial\",\"url\":\"https:\/\/letrame.com\/catalogo\/\",\"logo\":{\"@type\":\"ImageObject\",\"inLanguage\":\"es\",\"@id\":\"https:\/\/letrame.com\/catalogo\/#\/schema\/logo\/image\/\",\"url\":\"https:\/\/letrame.com\/catalogo\/wp-content\/uploads\/2024\/03\/logo2.webp\",\"contentUrl\":\"https:\/\/letrame.com\/catalogo\/wp-content\/uploads\/2024\/03\/logo2.webp\",\"width\":394,\"height\":128,\"caption\":\"Catalogo | Letrame Grupo Editorial\"},\"image\":{\"@id\":\"https:\/\/letrame.com\/catalogo\/#\/schema\/logo\/image\/\"}}]}<\/script>\n<!-- \/ Yoast SEO plugin. -->","yoast_head_json":{"title":"C\u00f3mo educar sin perder la motivaci\u00f3n - Catalogo | Letrame Grupo Editorial","robots":{"index":"index","follow":"follow","max-snippet":"max-snippet:-1","max-image-preview":"max-image-preview:large","max-video-preview":"max-video-preview:-1"},"canonical":"https:\/\/letrame.com\/catalogo\/producto\/como-educar-sin-perder-la-motivacion\/","og_locale":"es_ES","og_type":"article","og_title":"C\u00f3mo educar sin perder la motivaci\u00f3n - Catalogo | Letrame Grupo Editorial","og_description":"ISBN:978-84-1114-367-7  SINOPSIS:  La pandemia de COVID-19 fue la emergencia global que fractur\u00f3 \u2014y lo sigue haciendo\u2014 la vida p\u00fablica. El encierro obligatorio, a\u00fan reciente, alter\u00f3 las din\u00e1micas de socializaci\u00f3n y el mundo tal y como lo conoc\u00edamos. Los efectos de la crisis sanitaria y la cuarentena en ni\u00f1os y adolescentes sean, quiz\u00e1s, inasumibles como sociedad. \u00bfC\u00f3mo se pueden recuperar meses de paralizaci\u00f3n presencial en las aulas y desajustes curriculares? \u00bfY el impacto psicol\u00f3gico y socioemocional que los m\u00e1s j\u00f3venes siguen arrastrando?  La gu\u00eda de Albert Puell Garc\u00eda no ignora esta otra crisis silenciosa y profundamente debilitadora, y se esmera en C\u00f3mo educar sin perder la motivaci\u00f3n por cuidar de las generaciones que \u2014m\u00e1s pronto que tarde\u2014 tendr\u00e1n que tomar las riendas. Porque los docentes son, por encima de todo, figuras de gran impacto emocional con el poder de transformar social y culturalmente el mundo.  &nbsp;","og_url":"https:\/\/letrame.com\/catalogo\/producto\/como-educar-sin-perder-la-motivacion\/","og_site_name":"Catalogo | Letrame Grupo Editorial","article_modified_time":"2024-07-22T07:23:51+00:00","og_image":[{"width":601,"height":881,"url":"https:\/\/letrame.com\/catalogo\/wp-content\/uploads\/2024\/04\/portada-comoeducarsinperder_996mm.jpg","type":"image\/jpeg"}],"twitter_card":"summary_large_image","twitter_misc":{"Tiempo de lectura":"1 minuto"},"schema":{"@context":"https:\/\/schema.org","@graph":[{"@type":"WebPage","@id":"https:\/\/letrame.com\/catalogo\/producto\/como-educar-sin-perder-la-motivacion\/","url":"https:\/\/letrame.com\/catalogo\/producto\/como-educar-sin-perder-la-motivacion\/","name":"C\u00f3mo educar sin perder la motivaci\u00f3n - Catalogo | Letrame Grupo Editorial","isPartOf":{"@id":"https:\/\/letrame.com\/catalogo\/#website"},"primaryImageOfPage":{"@id":"https:\/\/letrame.com\/catalogo\/producto\/como-educar-sin-perder-la-motivacion\/#primaryimage"},"image":{"@id":"https:\/\/letrame.com\/catalogo\/producto\/como-educar-sin-perder-la-motivacion\/#primaryimage"},"thumbnailUrl":"https:\/\/letrame.com\/catalogo\/wp-content\/uploads\/2024\/04\/portada-comoeducarsinperder_996mm.jpg","datePublished":"2024-04-29T11:56:55+00:00","dateModified":"2024-07-22T07:23:51+00:00","breadcrumb":{"@id":"https:\/\/letrame.com\/catalogo\/producto\/como-educar-sin-perder-la-motivacion\/#breadcrumb"},"inLanguage":"es","potentialAction":[{"@type":"ReadAction","target":["https:\/\/letrame.com\/catalogo\/producto\/como-educar-sin-perder-la-motivacion\/"]}]},{"@type":"ImageObject","inLanguage":"es","@id":"https:\/\/letrame.com\/catalogo\/producto\/como-educar-sin-perder-la-motivacion\/#primaryimage","url":"https:\/\/letrame.com\/catalogo\/wp-content\/uploads\/2024\/04\/portada-comoeducarsinperder_996mm.jpg","contentUrl":"https:\/\/letrame.com\/catalogo\/wp-content\/uploads\/2024\/04\/portada-comoeducarsinperder_996mm.jpg","width":601,"height":881},{"@type":"BreadcrumbList","@id":"https:\/\/letrame.com\/catalogo\/producto\/como-educar-sin-perder-la-motivacion\/#breadcrumb","itemListElement":[{"@type":"ListItem","position":1,"name":"Portada","item":"https:\/\/letrame.com\/catalogo\/"},{"@type":"ListItem","position":2,"name":"Cat\u00e1logo","item":"https:\/\/letrame.com\/catalogo\/"},{"@type":"ListItem","position":3,"name":"C\u00f3mo educar sin perder la motivaci\u00f3n"}]},{"@type":"WebSite","@id":"https:\/\/letrame.com\/catalogo\/#website","url":"https:\/\/letrame.com\/catalogo\/","name":"Catalogo | Letrame Grupo Editorial","description":"","publisher":{"@id":"https:\/\/letrame.com\/catalogo\/#organization"},"potentialAction":[{"@type":"SearchAction","target":{"@type":"EntryPoint","urlTemplate":"https:\/\/letrame.com\/catalogo\/?s={search_term_string}"},"query-input":{"@type":"PropertyValueSpecification","valueRequired":true,"valueName":"search_term_string"}}],"inLanguage":"es"},{"@type":"Organization","@id":"https:\/\/letrame.com\/catalogo\/#organization","name":"Catalogo | Letrame Grupo Editorial","url":"https:\/\/letrame.com\/catalogo\/","logo":{"@type":"ImageObject","inLanguage":"es","@id":"https:\/\/letrame.com\/catalogo\/#\/schema\/logo\/image\/","url":"https:\/\/letrame.com\/catalogo\/wp-content\/uploads\/2024\/03\/logo2.webp","contentUrl":"https:\/\/letrame.com\/catalogo\/wp-content\/uploads\/2024\/03\/logo2.webp","width":394,"height":128,"caption":"Catalogo | Letrame Grupo Editorial"},"image":{"@id":"https:\/\/letrame.com\/catalogo\/#\/schema\/logo\/image\/"}}]}},"_links":{"self":[{"href":"https:\/\/letrame.com\/catalogo\/wp-json\/wp\/v2\/product\/97429","targetHints":{"allow":["GET"]}}],"collection":[{"href":"https:\/\/letrame.com\/catalogo\/wp-json\/wp\/v2\/product"}],"about":[{"href":"https:\/\/letrame.com\/catalogo\/wp-json\/wp\/v2\/types\/product"}],"replies":[{"embeddable":true,"href":"https:\/\/letrame.com\/catalogo\/wp-json\/wp\/v2\/comments?post=97429"}],"acf:post":[{"embeddable":true,"href":"https:\/\/letrame.com\/catalogo\/wp-json\/wp\/v2\/author_book\/76010"}],"wp:featuredmedia":[{"embeddable":true,"href":"https:\/\/letrame.com\/catalogo\/wp-json\/wp\/v2\/media\/97430"}],"wp:attachment":[{"href":"https:\/\/letrame.com\/catalogo\/wp-json\/wp\/v2\/media?parent=97429"}],"wp:term":[{"taxonomy":"libro","embeddable":true,"href":"https:\/\/letrame.com\/catalogo\/wp-json\/wp\/v2\/libro?post=97429"},{"taxonomy":"product_brand","embeddable":true,"href":"https:\/\/letrame.com\/catalogo\/wp-json\/wp\/v2\/product_brand?post=97429"},{"taxonomy":"product_cat","embeddable":true,"href":"https:\/\/letrame.com\/catalogo\/wp-json\/wp\/v2\/product_cat?post=97429"},{"taxonomy":"product_tag","embeddable":true,"href":"https:\/\/letrame.com\/catalogo\/wp-json\/wp\/v2\/product_tag?post=97429"}],"curies":[{"name":"wp","href":"https:\/\/api.w.org\/{rel}","templated":true}]}}