{"id":97413,"date":"2024-04-29T13:55:11","date_gmt":"2024-04-29T11:55:11","guid":{"rendered":"https:\/\/letrame.com\/catalogo\/producto\/la-voz-de-mi-pensamiento\/"},"modified":"2024-08-16T09:37:59","modified_gmt":"2024-08-16T07:37:59","slug":"la-voz-de-mi-pensamiento","status":"publish","type":"product","link":"https:\/\/letrame.com\/catalogo\/producto\/la-voz-de-mi-pensamiento\/","title":{"rendered":"La voz de mi pensamiento"},"content":{"rendered":"<div class=\"page\" title=\"Page 6\">\n<div class=\"layoutArea\">\n<div class=\"column\">\n<p><strong>ISBN: 978-84-1114-228-1<\/strong><\/p>\n<\/div>\n<\/div>\n<\/div>\n<p><b>T\u00edtulo<\/b><span style=\"font-weight: 400;\">: La voz de mi pensamiento<\/span><span style=\"font-weight: 400;\"><br \/>\n<\/span><b>Fecha<\/b><span style=\"font-weight: 400;\">: 2021<\/span><span style=\"font-weight: 400;\"><br \/>\n<\/span><b>P\u00e1ginas<\/b><span style=\"font-weight: 400;\">: 302<\/span><\/p>\n<p><b>SINOPSIS<\/b><\/p>\n<p>Dicen que la vida oscila igual que el movimiento de un p\u00e9ndulo, es decir, entre c\u00f3mo nos gustar\u00eda que fuese y en su otra variante, la vida como es.<\/p>\n<p>Y as\u00ed fue como naci\u00f3 este libro, La Voz de mi Pensamiento. Una obra que te hace amar lo que se ve y percibir lo que es, a trav\u00e9s de un compendio de reflexiones que oscilan entre lo tangible y lo abstracto, entre lo real y lo irreal, leyenda o verosimilitud, pero siempre dibujando una Oda a la Inmortalidad y a la reflexi\u00f3n fluida.<\/p>\n<p>La Voz de mi Pensamiento es un libro que navega en un mundo binario constituido siempre entre sus p\u00e1ginas por dos acciones: acci\u00f3n o inacci\u00f3n, actividad o pasividad, ya que la libertad de pensamiento es un derecho que nos pertenece y no debemos dejar escapar.<\/p>\n","protected":false},"excerpt":{"rendered":"<div class=\"page\" title=\"Page 6\">\n<div class=\"layoutArea\">\n<div class=\"column\">\n<p><strong>ISBN: 978-84-1114-228-1<\/strong><\/p>\n<p><strong>SINOPSIS<\/strong><\/p>\n<p>Dicen que la vida oscila igual que el movimiento de un p\u00e9ndulo, es decir, entre c\u00f3mo nos gustar\u00eda que fuese y en su otra variante, la vida como es.<\/p>\n<p>Y as\u00ed fue como naci\u00f3 este libro, La Voz de mi Pensamiento. Una obra que te hace amar lo que se ve y percibir lo que es, a trav\u00e9s de un compendio de reflexiones que oscilan entre lo tangible y lo abstracto, entre lo real y lo irreal, leyenda o verosimilitud, pero siempre dibujando una Oda a la Inmortalidad y a la reflexi\u00f3n fluida.<\/p>\n<p>La Voz de mi Pensamiento es un libro que navega en un mundo binario constituido siempre entre sus p\u00e1ginas por dos acciones: acci\u00f3n o inacci\u00f3n, actividad o pasividad, ya que la libertad de pensamiento es un derecho que nos pertenece y no debemos dejar escapar.<\/p>\n<\/div>\n<\/div>\n<\/div>\n","protected":false},"featured_media":97414,"comment_status":"closed","ping_status":"closed","template":"","meta":{"_acf_changed":false},"libro":[],"product_brand":[],"product_cat":[16],"product_tag":[],"class_list":{"0":"post-97413","1":"product","2":"type-product","3":"status-publish","4":"has-post-thumbnail","6":"product_cat-novela","8":"first","9":"instock","10":"product-type-simple"},"acf":{"autor":[72640],"enlace_de_compra":""},"yoast_head":"<!-- This site is optimized with the Yoast SEO plugin v26.6 - https:\/\/yoast.com\/wordpress\/plugins\/seo\/ -->\n<title>La voz de mi pensamiento - Catalogo | Letrame Grupo Editorial<\/title>\n<meta name=\"robots\" content=\"index, follow, max-snippet:-1, max-image-preview:large, max-video-preview:-1\" \/>\n<link rel=\"canonical\" href=\"https:\/\/letrame.com\/catalogo\/producto\/la-voz-de-mi-pensamiento\/\" \/>\n<meta property=\"og:locale\" content=\"es_ES\" \/>\n<meta property=\"og:type\" content=\"article\" \/>\n<meta property=\"og:title\" content=\"La voz de mi pensamiento - Catalogo | Letrame Grupo Editorial\" \/>\n<meta property=\"og:description\" content=\"ISBN: 978-84-1114-228-1  SINOPSIS  Dicen que la vida oscila igual que el movimiento de un p\u00e9ndulo, es decir, entre c\u00f3mo nos gustar\u00eda que fuese y en su otra variante, la vida como es.  Y as\u00ed fue como naci\u00f3 este libro, La Voz de mi Pensamiento. Una obra que te hace amar lo que se ve y percibir lo que es, a trav\u00e9s de un compendio de reflexiones que oscilan entre lo tangible y lo abstracto, entre lo real y lo irreal, leyenda o verosimilitud, pero siempre dibujando una Oda a la Inmortalidad y a la reflexi\u00f3n fluida.  La Voz de mi Pensamiento es un libro que navega en un mundo binario constituido siempre entre sus p\u00e1ginas por dos acciones: acci\u00f3n o inacci\u00f3n, actividad o pasividad, ya que la libertad de pensamiento es un derecho que nos pertenece y no debemos dejar escapar.\" \/>\n<meta property=\"og:url\" content=\"https:\/\/letrame.com\/catalogo\/producto\/la-voz-de-mi-pensamiento\/\" \/>\n<meta property=\"og:site_name\" content=\"Catalogo | Letrame Grupo Editorial\" \/>\n<meta property=\"article:modified_time\" content=\"2024-08-16T07:37:59+00:00\" \/>\n<meta property=\"og:image\" content=\"https:\/\/letrame.com\/catalogo\/wp-content\/uploads\/2024\/04\/La-voz-de-mi-pensamiento.jpeg\" \/>\n\t<meta property=\"og:image:width\" content=\"1772\" \/>\n\t<meta property=\"og:image:height\" content=\"2480\" \/>\n\t<meta property=\"og:image:type\" content=\"image\/jpeg\" \/>\n<meta name=\"twitter:card\" content=\"summary_large_image\" \/>\n<meta name=\"twitter:label1\" content=\"Tiempo de lectura\" \/>\n\t<meta name=\"twitter:data1\" content=\"1 minuto\" \/>\n<script type=\"application\/ld+json\" class=\"yoast-schema-graph\">{\"@context\":\"https:\/\/schema.org\",\"@graph\":[{\"@type\":\"WebPage\",\"@id\":\"https:\/\/letrame.com\/catalogo\/producto\/la-voz-de-mi-pensamiento\/\",\"url\":\"https:\/\/letrame.com\/catalogo\/producto\/la-voz-de-mi-pensamiento\/\",\"name\":\"La voz de mi pensamiento - Catalogo | Letrame Grupo Editorial\",\"isPartOf\":{\"@id\":\"https:\/\/letrame.com\/catalogo\/#website\"},\"primaryImageOfPage\":{\"@id\":\"https:\/\/letrame.com\/catalogo\/producto\/la-voz-de-mi-pensamiento\/#primaryimage\"},\"image\":{\"@id\":\"https:\/\/letrame.com\/catalogo\/producto\/la-voz-de-mi-pensamiento\/#primaryimage\"},\"thumbnailUrl\":\"https:\/\/letrame.com\/catalogo\/wp-content\/uploads\/2024\/04\/La-voz-de-mi-pensamiento.jpeg\",\"datePublished\":\"2024-04-29T11:55:11+00:00\",\"dateModified\":\"2024-08-16T07:37:59+00:00\",\"breadcrumb\":{\"@id\":\"https:\/\/letrame.com\/catalogo\/producto\/la-voz-de-mi-pensamiento\/#breadcrumb\"},\"inLanguage\":\"es\",\"potentialAction\":[{\"@type\":\"ReadAction\",\"target\":[\"https:\/\/letrame.com\/catalogo\/producto\/la-voz-de-mi-pensamiento\/\"]}]},{\"@type\":\"ImageObject\",\"inLanguage\":\"es\",\"@id\":\"https:\/\/letrame.com\/catalogo\/producto\/la-voz-de-mi-pensamiento\/#primaryimage\",\"url\":\"https:\/\/letrame.com\/catalogo\/wp-content\/uploads\/2024\/04\/La-voz-de-mi-pensamiento.jpeg\",\"contentUrl\":\"https:\/\/letrame.com\/catalogo\/wp-content\/uploads\/2024\/04\/La-voz-de-mi-pensamiento.jpeg\",\"width\":1772,\"height\":2480},{\"@type\":\"BreadcrumbList\",\"@id\":\"https:\/\/letrame.com\/catalogo\/producto\/la-voz-de-mi-pensamiento\/#breadcrumb\",\"itemListElement\":[{\"@type\":\"ListItem\",\"position\":1,\"name\":\"Portada\",\"item\":\"https:\/\/letrame.com\/catalogo\/\"},{\"@type\":\"ListItem\",\"position\":2,\"name\":\"Cat\u00e1logo\",\"item\":\"https:\/\/letrame.com\/catalogo\/\"},{\"@type\":\"ListItem\",\"position\":3,\"name\":\"La voz de mi pensamiento\"}]},{\"@type\":\"WebSite\",\"@id\":\"https:\/\/letrame.com\/catalogo\/#website\",\"url\":\"https:\/\/letrame.com\/catalogo\/\",\"name\":\"Catalogo | Letrame Grupo Editorial\",\"description\":\"\",\"publisher\":{\"@id\":\"https:\/\/letrame.com\/catalogo\/#organization\"},\"potentialAction\":[{\"@type\":\"SearchAction\",\"target\":{\"@type\":\"EntryPoint\",\"urlTemplate\":\"https:\/\/letrame.com\/catalogo\/?s={search_term_string}\"},\"query-input\":{\"@type\":\"PropertyValueSpecification\",\"valueRequired\":true,\"valueName\":\"search_term_string\"}}],\"inLanguage\":\"es\"},{\"@type\":\"Organization\",\"@id\":\"https:\/\/letrame.com\/catalogo\/#organization\",\"name\":\"Catalogo | Letrame Grupo Editorial\",\"url\":\"https:\/\/letrame.com\/catalogo\/\",\"logo\":{\"@type\":\"ImageObject\",\"inLanguage\":\"es\",\"@id\":\"https:\/\/letrame.com\/catalogo\/#\/schema\/logo\/image\/\",\"url\":\"https:\/\/letrame.com\/catalogo\/wp-content\/uploads\/2024\/03\/logo2.webp\",\"contentUrl\":\"https:\/\/letrame.com\/catalogo\/wp-content\/uploads\/2024\/03\/logo2.webp\",\"width\":394,\"height\":128,\"caption\":\"Catalogo | Letrame Grupo Editorial\"},\"image\":{\"@id\":\"https:\/\/letrame.com\/catalogo\/#\/schema\/logo\/image\/\"}}]}<\/script>\n<!-- \/ Yoast SEO plugin. -->","yoast_head_json":{"title":"La voz de mi pensamiento - Catalogo | Letrame Grupo Editorial","robots":{"index":"index","follow":"follow","max-snippet":"max-snippet:-1","max-image-preview":"max-image-preview:large","max-video-preview":"max-video-preview:-1"},"canonical":"https:\/\/letrame.com\/catalogo\/producto\/la-voz-de-mi-pensamiento\/","og_locale":"es_ES","og_type":"article","og_title":"La voz de mi pensamiento - Catalogo | Letrame Grupo Editorial","og_description":"ISBN: 978-84-1114-228-1  SINOPSIS  Dicen que la vida oscila igual que el movimiento de un p\u00e9ndulo, es decir, entre c\u00f3mo nos gustar\u00eda que fuese y en su otra variante, la vida como es.  Y as\u00ed fue como naci\u00f3 este libro, La Voz de mi Pensamiento. Una obra que te hace amar lo que se ve y percibir lo que es, a trav\u00e9s de un compendio de reflexiones que oscilan entre lo tangible y lo abstracto, entre lo real y lo irreal, leyenda o verosimilitud, pero siempre dibujando una Oda a la Inmortalidad y a la reflexi\u00f3n fluida.  La Voz de mi Pensamiento es un libro que navega en un mundo binario constituido siempre entre sus p\u00e1ginas por dos acciones: acci\u00f3n o inacci\u00f3n, actividad o pasividad, ya que la libertad de pensamiento es un derecho que nos pertenece y no debemos dejar escapar.","og_url":"https:\/\/letrame.com\/catalogo\/producto\/la-voz-de-mi-pensamiento\/","og_site_name":"Catalogo | Letrame Grupo Editorial","article_modified_time":"2024-08-16T07:37:59+00:00","og_image":[{"width":1772,"height":2480,"url":"https:\/\/letrame.com\/catalogo\/wp-content\/uploads\/2024\/04\/La-voz-de-mi-pensamiento.jpeg","type":"image\/jpeg"}],"twitter_card":"summary_large_image","twitter_misc":{"Tiempo de lectura":"1 minuto"},"schema":{"@context":"https:\/\/schema.org","@graph":[{"@type":"WebPage","@id":"https:\/\/letrame.com\/catalogo\/producto\/la-voz-de-mi-pensamiento\/","url":"https:\/\/letrame.com\/catalogo\/producto\/la-voz-de-mi-pensamiento\/","name":"La voz de mi pensamiento - Catalogo | Letrame Grupo Editorial","isPartOf":{"@id":"https:\/\/letrame.com\/catalogo\/#website"},"primaryImageOfPage":{"@id":"https:\/\/letrame.com\/catalogo\/producto\/la-voz-de-mi-pensamiento\/#primaryimage"},"image":{"@id":"https:\/\/letrame.com\/catalogo\/producto\/la-voz-de-mi-pensamiento\/#primaryimage"},"thumbnailUrl":"https:\/\/letrame.com\/catalogo\/wp-content\/uploads\/2024\/04\/La-voz-de-mi-pensamiento.jpeg","datePublished":"2024-04-29T11:55:11+00:00","dateModified":"2024-08-16T07:37:59+00:00","breadcrumb":{"@id":"https:\/\/letrame.com\/catalogo\/producto\/la-voz-de-mi-pensamiento\/#breadcrumb"},"inLanguage":"es","potentialAction":[{"@type":"ReadAction","target":["https:\/\/letrame.com\/catalogo\/producto\/la-voz-de-mi-pensamiento\/"]}]},{"@type":"ImageObject","inLanguage":"es","@id":"https:\/\/letrame.com\/catalogo\/producto\/la-voz-de-mi-pensamiento\/#primaryimage","url":"https:\/\/letrame.com\/catalogo\/wp-content\/uploads\/2024\/04\/La-voz-de-mi-pensamiento.jpeg","contentUrl":"https:\/\/letrame.com\/catalogo\/wp-content\/uploads\/2024\/04\/La-voz-de-mi-pensamiento.jpeg","width":1772,"height":2480},{"@type":"BreadcrumbList","@id":"https:\/\/letrame.com\/catalogo\/producto\/la-voz-de-mi-pensamiento\/#breadcrumb","itemListElement":[{"@type":"ListItem","position":1,"name":"Portada","item":"https:\/\/letrame.com\/catalogo\/"},{"@type":"ListItem","position":2,"name":"Cat\u00e1logo","item":"https:\/\/letrame.com\/catalogo\/"},{"@type":"ListItem","position":3,"name":"La voz de mi pensamiento"}]},{"@type":"WebSite","@id":"https:\/\/letrame.com\/catalogo\/#website","url":"https:\/\/letrame.com\/catalogo\/","name":"Catalogo | Letrame Grupo Editorial","description":"","publisher":{"@id":"https:\/\/letrame.com\/catalogo\/#organization"},"potentialAction":[{"@type":"SearchAction","target":{"@type":"EntryPoint","urlTemplate":"https:\/\/letrame.com\/catalogo\/?s={search_term_string}"},"query-input":{"@type":"PropertyValueSpecification","valueRequired":true,"valueName":"search_term_string"}}],"inLanguage":"es"},{"@type":"Organization","@id":"https:\/\/letrame.com\/catalogo\/#organization","name":"Catalogo | Letrame Grupo Editorial","url":"https:\/\/letrame.com\/catalogo\/","logo":{"@type":"ImageObject","inLanguage":"es","@id":"https:\/\/letrame.com\/catalogo\/#\/schema\/logo\/image\/","url":"https:\/\/letrame.com\/catalogo\/wp-content\/uploads\/2024\/03\/logo2.webp","contentUrl":"https:\/\/letrame.com\/catalogo\/wp-content\/uploads\/2024\/03\/logo2.webp","width":394,"height":128,"caption":"Catalogo | Letrame Grupo Editorial"},"image":{"@id":"https:\/\/letrame.com\/catalogo\/#\/schema\/logo\/image\/"}}]}},"_links":{"self":[{"href":"https:\/\/letrame.com\/catalogo\/wp-json\/wp\/v2\/product\/97413","targetHints":{"allow":["GET"]}}],"collection":[{"href":"https:\/\/letrame.com\/catalogo\/wp-json\/wp\/v2\/product"}],"about":[{"href":"https:\/\/letrame.com\/catalogo\/wp-json\/wp\/v2\/types\/product"}],"replies":[{"embeddable":true,"href":"https:\/\/letrame.com\/catalogo\/wp-json\/wp\/v2\/comments?post=97413"}],"acf:post":[{"embeddable":true,"href":"https:\/\/letrame.com\/catalogo\/wp-json\/wp\/v2\/author_book\/72640"}],"wp:featuredmedia":[{"embeddable":true,"href":"https:\/\/letrame.com\/catalogo\/wp-json\/wp\/v2\/media\/97414"}],"wp:attachment":[{"href":"https:\/\/letrame.com\/catalogo\/wp-json\/wp\/v2\/media?parent=97413"}],"wp:term":[{"taxonomy":"libro","embeddable":true,"href":"https:\/\/letrame.com\/catalogo\/wp-json\/wp\/v2\/libro?post=97413"},{"taxonomy":"product_brand","embeddable":true,"href":"https:\/\/letrame.com\/catalogo\/wp-json\/wp\/v2\/product_brand?post=97413"},{"taxonomy":"product_cat","embeddable":true,"href":"https:\/\/letrame.com\/catalogo\/wp-json\/wp\/v2\/product_cat?post=97413"},{"taxonomy":"product_tag","embeddable":true,"href":"https:\/\/letrame.com\/catalogo\/wp-json\/wp\/v2\/product_tag?post=97413"}],"curies":[{"name":"wp","href":"https:\/\/api.w.org\/{rel}","templated":true}]}}