{"id":97406,"date":"2024-04-29T13:53:31","date_gmt":"2024-04-29T11:53:31","guid":{"rendered":"https:\/\/letrame.com\/catalogo\/producto\/una-vida-entre-poemas\/"},"modified":"2024-08-16T09:44:49","modified_gmt":"2024-08-16T07:44:49","slug":"una-vida-entre-poemas","status":"publish","type":"product","link":"https:\/\/letrame.com\/catalogo\/producto\/una-vida-entre-poemas\/","title":{"rendered":"Una vida entre poemas"},"content":{"rendered":"<div class=\"page\" title=\"Page 6\">\n<div class=\"layoutArea\">\n<div class=\"column\">\n<p><strong>ISBN<\/strong>: 978-84-1114-353-0<\/p>\n<\/div>\n<\/div>\n<\/div>\n<p><b>T\u00edtulo<\/b><span style=\"font-weight: 400;\">: Una vida entre poemas<\/span><span style=\"font-weight: 400;\"><br \/>\n<\/span><b>Fecha<\/b><span style=\"font-weight: 400;\">: 2021<\/span><span style=\"font-weight: 400;\"><br \/>\n<\/span><b>P\u00e1ginas<\/b><span style=\"font-weight: 400;\">: 164<\/span><\/p>\n<p><b>SINOPSIS<\/b><\/p>\n<p style=\"background: white;\"><span lang=\"ES-TRAD\" style=\"font-family: 'Arial',sans-serif; color: #222222;\">\u00a0<\/span><\/p>\n<p style=\"text-align: center; background: white;\" align=\"center\"><span lang=\"ES-TRAD\" style=\"font-family: 'Arial',sans-serif; color: #222222;\">Son mis poemas y mis problemas, la forma de resolverlos para m\u00ed es escribiendo.<\/span><\/p>\n<p style=\"text-align: center; background: white;\" align=\"center\"><span lang=\"ES-TRAD\" style=\"font-family: 'Arial',sans-serif; color: #222222;\">Lo plasm\u00f3 en el papel y me liber\u00f3, despu\u00e9s de eso me siento como un hombre nuevo.<\/span><\/p>\n<p style=\"text-align: center; background: white;\" align=\"center\"><span lang=\"ES-TRAD\" style=\"font-family: 'Arial',sans-serif; color: #222222;\">La poes\u00eda me acompa\u00f1a desde a\u00f1os y es capaz de hacerme ver el mundo de maneras diferentes desde unos mismos ojos.<\/span><\/p>\n<p style=\"text-align: center; background: white;\" align=\"center\"><span lang=\"ES-TRAD\" style=\"font-family: 'Arial',sans-serif; color: #222222;\">He llorado escribiendo, he re\u00eddo escribiendo, incluso he so\u00f1ado mientras estaba escribiendo.<\/span><\/p>\n<p style=\"text-align: center; background: white;\" align=\"center\"><span lang=\"ES-TRAD\" style=\"font-family: 'Arial',sans-serif; color: #222222;\">Y no me arrepiento de contar mi vida y de dejar volar libremente a mis sentimientos.<\/span><\/p>\n","protected":false},"excerpt":{"rendered":"<div class=\"page\" title=\"Page 6\">\n<div class=\"layoutArea\">\n<div class=\"column\">\n<p><strong>ISBN: 978-84-1114-353-0<\/strong><\/p>\n<p style=\"text-align: center; background: white;\" align=\"center\"><span lang=\"ES-TRAD\" style=\"font-family: 'Arial',sans-serif; color: #222222;\">Son mis poemas y mis problemas, la forma de resolverlos para m\u00ed es escribiendo.<\/span><\/p>\n<p style=\"text-align: center; background: white;\" align=\"center\"><span lang=\"ES-TRAD\" style=\"font-family: 'Arial',sans-serif; color: #222222;\">Lo plasm\u00f3 en el papel y me liber\u00f3, despu\u00e9s de eso me siento como un hombre nuevo.<\/span><\/p>\n<p style=\"text-align: center; background: white;\" align=\"center\"><span lang=\"ES-TRAD\" style=\"font-family: 'Arial',sans-serif; color: #222222;\">La poes\u00eda me acompa\u00f1a desde a\u00f1os y es capaz de hacerme ver el mundo de maneras diferentes desde unos mismos ojos.<\/span><\/p>\n<p style=\"text-align: center; background: white;\" align=\"center\"><span lang=\"ES-TRAD\" style=\"font-family: 'Arial',sans-serif; color: #222222;\">He llorado escribiendo, he re\u00eddo escribiendo, incluso he so\u00f1ado mientras estaba escribiendo.<\/span><\/p>\n<p style=\"text-align: center; background: white;\" align=\"center\"><span lang=\"ES-TRAD\" style=\"font-family: 'Arial',sans-serif; color: #222222;\">Y no me arrepiento de contar mi vida y de dejar volar libremente a mis sentimientos.<\/span><\/p>\n<\/div>\n<\/div>\n<\/div>\n","protected":false},"featured_media":97407,"comment_status":"closed","ping_status":"closed","template":"","meta":{"_acf_changed":false},"libro":[],"product_brand":[],"product_cat":[20],"product_tag":[],"class_list":{"0":"post-97406","1":"product","2":"type-product","3":"status-publish","4":"has-post-thumbnail","6":"product_cat-poesia","8":"first","9":"instock","10":"product-type-simple"},"acf":{"autor":[105670],"enlace_de_compra":""},"yoast_head":"<!-- This site is optimized with the Yoast SEO plugin v27.4 - https:\/\/yoast.com\/product\/yoast-seo-wordpress\/ -->\n<title>Una vida entre poemas - Catalogo | Letrame Grupo Editorial<\/title>\n<meta name=\"robots\" content=\"index, follow, max-snippet:-1, max-image-preview:large, max-video-preview:-1\" \/>\n<link rel=\"canonical\" href=\"https:\/\/letrame.com\/catalogo\/producto\/una-vida-entre-poemas\/\" \/>\n<meta property=\"og:locale\" content=\"es_ES\" \/>\n<meta property=\"og:type\" content=\"article\" \/>\n<meta property=\"og:title\" content=\"Una vida entre poemas - Catalogo | Letrame Grupo Editorial\" \/>\n<meta property=\"og:description\" content=\"ISBN: 978-84-1114-353-0 Son mis poemas y mis problemas, la forma de resolverlos para m\u00ed es escribiendo. Lo plasm\u00f3 en el papel y me liber\u00f3, despu\u00e9s de eso me siento como un hombre nuevo. La poes\u00eda me acompa\u00f1a desde a\u00f1os y es capaz de hacerme ver el mundo de maneras diferentes desde unos mismos ojos. He llorado escribiendo, he re\u00eddo escribiendo, incluso he so\u00f1ado mientras estaba escribiendo. Y no me arrepiento de contar mi vida y de dejar volar libremente a mis sentimientos.\" \/>\n<meta property=\"og:url\" content=\"https:\/\/letrame.com\/catalogo\/producto\/una-vida-entre-poemas\/\" \/>\n<meta property=\"og:site_name\" content=\"Catalogo | Letrame Grupo Editorial\" \/>\n<meta property=\"article:modified_time\" content=\"2024-08-16T07:44:49+00:00\" \/>\n<meta property=\"og:image\" content=\"https:\/\/letrame.com\/catalogo\/wp-content\/uploads\/2024\/04\/Una-vida-entre-poemas-scaled-1.jpeg\" \/>\n\t<meta property=\"og:image:width\" content=\"1746\" \/>\n\t<meta property=\"og:image:height\" content=\"2560\" \/>\n\t<meta property=\"og:image:type\" content=\"image\/jpeg\" \/>\n<meta name=\"twitter:card\" content=\"summary_large_image\" \/>\n<meta name=\"twitter:label1\" content=\"Tiempo de lectura\" \/>\n\t<meta name=\"twitter:data1\" content=\"1 minuto\" \/>\n<script type=\"application\/ld+json\" class=\"yoast-schema-graph\">{\"@context\":\"https:\\\/\\\/schema.org\",\"@graph\":[{\"@type\":\"WebPage\",\"@id\":\"https:\\\/\\\/letrame.com\\\/catalogo\\\/producto\\\/una-vida-entre-poemas\\\/\",\"url\":\"https:\\\/\\\/letrame.com\\\/catalogo\\\/producto\\\/una-vida-entre-poemas\\\/\",\"name\":\"Una vida entre poemas - Catalogo | Letrame Grupo Editorial\",\"isPartOf\":{\"@id\":\"https:\\\/\\\/letrame.com\\\/catalogo\\\/#website\"},\"primaryImageOfPage\":{\"@id\":\"https:\\\/\\\/letrame.com\\\/catalogo\\\/producto\\\/una-vida-entre-poemas\\\/#primaryimage\"},\"image\":{\"@id\":\"https:\\\/\\\/letrame.com\\\/catalogo\\\/producto\\\/una-vida-entre-poemas\\\/#primaryimage\"},\"thumbnailUrl\":\"https:\\\/\\\/letrame.com\\\/catalogo\\\/wp-content\\\/uploads\\\/2024\\\/04\\\/Una-vida-entre-poemas-scaled-1.jpeg\",\"datePublished\":\"2024-04-29T11:53:31+00:00\",\"dateModified\":\"2024-08-16T07:44:49+00:00\",\"breadcrumb\":{\"@id\":\"https:\\\/\\\/letrame.com\\\/catalogo\\\/producto\\\/una-vida-entre-poemas\\\/#breadcrumb\"},\"inLanguage\":\"es\",\"potentialAction\":[{\"@type\":\"ReadAction\",\"target\":[\"https:\\\/\\\/letrame.com\\\/catalogo\\\/producto\\\/una-vida-entre-poemas\\\/\"]}]},{\"@type\":\"ImageObject\",\"inLanguage\":\"es\",\"@id\":\"https:\\\/\\\/letrame.com\\\/catalogo\\\/producto\\\/una-vida-entre-poemas\\\/#primaryimage\",\"url\":\"https:\\\/\\\/letrame.com\\\/catalogo\\\/wp-content\\\/uploads\\\/2024\\\/04\\\/Una-vida-entre-poemas-scaled-1.jpeg\",\"contentUrl\":\"https:\\\/\\\/letrame.com\\\/catalogo\\\/wp-content\\\/uploads\\\/2024\\\/04\\\/Una-vida-entre-poemas-scaled-1.jpeg\",\"width\":1746,\"height\":2560},{\"@type\":\"BreadcrumbList\",\"@id\":\"https:\\\/\\\/letrame.com\\\/catalogo\\\/producto\\\/una-vida-entre-poemas\\\/#breadcrumb\",\"itemListElement\":[{\"@type\":\"ListItem\",\"position\":1,\"name\":\"Portada\",\"item\":\"https:\\\/\\\/letrame.com\\\/catalogo\\\/\"},{\"@type\":\"ListItem\",\"position\":2,\"name\":\"Cat\u00e1logo\",\"item\":\"https:\\\/\\\/letrame.com\\\/catalogo\\\/\"},{\"@type\":\"ListItem\",\"position\":3,\"name\":\"Una vida entre poemas\"}]},{\"@type\":\"WebSite\",\"@id\":\"https:\\\/\\\/letrame.com\\\/catalogo\\\/#website\",\"url\":\"https:\\\/\\\/letrame.com\\\/catalogo\\\/\",\"name\":\"Catalogo | Letrame Grupo Editorial\",\"description\":\"\",\"publisher\":{\"@id\":\"https:\\\/\\\/letrame.com\\\/catalogo\\\/#organization\"},\"potentialAction\":[{\"@type\":\"SearchAction\",\"target\":{\"@type\":\"EntryPoint\",\"urlTemplate\":\"https:\\\/\\\/letrame.com\\\/catalogo\\\/?s={search_term_string}\"},\"query-input\":{\"@type\":\"PropertyValueSpecification\",\"valueRequired\":true,\"valueName\":\"search_term_string\"}}],\"inLanguage\":\"es\"},{\"@type\":\"Organization\",\"@id\":\"https:\\\/\\\/letrame.com\\\/catalogo\\\/#organization\",\"name\":\"Catalogo | Letrame Grupo Editorial\",\"url\":\"https:\\\/\\\/letrame.com\\\/catalogo\\\/\",\"logo\":{\"@type\":\"ImageObject\",\"inLanguage\":\"es\",\"@id\":\"https:\\\/\\\/letrame.com\\\/catalogo\\\/#\\\/schema\\\/logo\\\/image\\\/\",\"url\":\"https:\\\/\\\/letrame.com\\\/catalogo\\\/wp-content\\\/uploads\\\/2024\\\/03\\\/logo2.webp\",\"contentUrl\":\"https:\\\/\\\/letrame.com\\\/catalogo\\\/wp-content\\\/uploads\\\/2024\\\/03\\\/logo2.webp\",\"width\":394,\"height\":128,\"caption\":\"Catalogo | Letrame Grupo Editorial\"},\"image\":{\"@id\":\"https:\\\/\\\/letrame.com\\\/catalogo\\\/#\\\/schema\\\/logo\\\/image\\\/\"}}]}<\/script>\n<!-- \/ Yoast SEO plugin. -->","yoast_head_json":{"title":"Una vida entre poemas - Catalogo | Letrame Grupo Editorial","robots":{"index":"index","follow":"follow","max-snippet":"max-snippet:-1","max-image-preview":"max-image-preview:large","max-video-preview":"max-video-preview:-1"},"canonical":"https:\/\/letrame.com\/catalogo\/producto\/una-vida-entre-poemas\/","og_locale":"es_ES","og_type":"article","og_title":"Una vida entre poemas - Catalogo | Letrame Grupo Editorial","og_description":"ISBN: 978-84-1114-353-0 Son mis poemas y mis problemas, la forma de resolverlos para m\u00ed es escribiendo. Lo plasm\u00f3 en el papel y me liber\u00f3, despu\u00e9s de eso me siento como un hombre nuevo. La poes\u00eda me acompa\u00f1a desde a\u00f1os y es capaz de hacerme ver el mundo de maneras diferentes desde unos mismos ojos. He llorado escribiendo, he re\u00eddo escribiendo, incluso he so\u00f1ado mientras estaba escribiendo. Y no me arrepiento de contar mi vida y de dejar volar libremente a mis sentimientos.","og_url":"https:\/\/letrame.com\/catalogo\/producto\/una-vida-entre-poemas\/","og_site_name":"Catalogo | Letrame Grupo Editorial","article_modified_time":"2024-08-16T07:44:49+00:00","og_image":[{"width":1746,"height":2560,"url":"https:\/\/letrame.com\/catalogo\/wp-content\/uploads\/2024\/04\/Una-vida-entre-poemas-scaled-1.jpeg","type":"image\/jpeg"}],"twitter_card":"summary_large_image","twitter_misc":{"Tiempo de lectura":"1 minuto"},"schema":{"@context":"https:\/\/schema.org","@graph":[{"@type":"WebPage","@id":"https:\/\/letrame.com\/catalogo\/producto\/una-vida-entre-poemas\/","url":"https:\/\/letrame.com\/catalogo\/producto\/una-vida-entre-poemas\/","name":"Una vida entre poemas - Catalogo | Letrame Grupo Editorial","isPartOf":{"@id":"https:\/\/letrame.com\/catalogo\/#website"},"primaryImageOfPage":{"@id":"https:\/\/letrame.com\/catalogo\/producto\/una-vida-entre-poemas\/#primaryimage"},"image":{"@id":"https:\/\/letrame.com\/catalogo\/producto\/una-vida-entre-poemas\/#primaryimage"},"thumbnailUrl":"https:\/\/letrame.com\/catalogo\/wp-content\/uploads\/2024\/04\/Una-vida-entre-poemas-scaled-1.jpeg","datePublished":"2024-04-29T11:53:31+00:00","dateModified":"2024-08-16T07:44:49+00:00","breadcrumb":{"@id":"https:\/\/letrame.com\/catalogo\/producto\/una-vida-entre-poemas\/#breadcrumb"},"inLanguage":"es","potentialAction":[{"@type":"ReadAction","target":["https:\/\/letrame.com\/catalogo\/producto\/una-vida-entre-poemas\/"]}]},{"@type":"ImageObject","inLanguage":"es","@id":"https:\/\/letrame.com\/catalogo\/producto\/una-vida-entre-poemas\/#primaryimage","url":"https:\/\/letrame.com\/catalogo\/wp-content\/uploads\/2024\/04\/Una-vida-entre-poemas-scaled-1.jpeg","contentUrl":"https:\/\/letrame.com\/catalogo\/wp-content\/uploads\/2024\/04\/Una-vida-entre-poemas-scaled-1.jpeg","width":1746,"height":2560},{"@type":"BreadcrumbList","@id":"https:\/\/letrame.com\/catalogo\/producto\/una-vida-entre-poemas\/#breadcrumb","itemListElement":[{"@type":"ListItem","position":1,"name":"Portada","item":"https:\/\/letrame.com\/catalogo\/"},{"@type":"ListItem","position":2,"name":"Cat\u00e1logo","item":"https:\/\/letrame.com\/catalogo\/"},{"@type":"ListItem","position":3,"name":"Una vida entre poemas"}]},{"@type":"WebSite","@id":"https:\/\/letrame.com\/catalogo\/#website","url":"https:\/\/letrame.com\/catalogo\/","name":"Catalogo | Letrame Grupo Editorial","description":"","publisher":{"@id":"https:\/\/letrame.com\/catalogo\/#organization"},"potentialAction":[{"@type":"SearchAction","target":{"@type":"EntryPoint","urlTemplate":"https:\/\/letrame.com\/catalogo\/?s={search_term_string}"},"query-input":{"@type":"PropertyValueSpecification","valueRequired":true,"valueName":"search_term_string"}}],"inLanguage":"es"},{"@type":"Organization","@id":"https:\/\/letrame.com\/catalogo\/#organization","name":"Catalogo | Letrame Grupo Editorial","url":"https:\/\/letrame.com\/catalogo\/","logo":{"@type":"ImageObject","inLanguage":"es","@id":"https:\/\/letrame.com\/catalogo\/#\/schema\/logo\/image\/","url":"https:\/\/letrame.com\/catalogo\/wp-content\/uploads\/2024\/03\/logo2.webp","contentUrl":"https:\/\/letrame.com\/catalogo\/wp-content\/uploads\/2024\/03\/logo2.webp","width":394,"height":128,"caption":"Catalogo | Letrame Grupo Editorial"},"image":{"@id":"https:\/\/letrame.com\/catalogo\/#\/schema\/logo\/image\/"}}]}},"_links":{"self":[{"href":"https:\/\/letrame.com\/catalogo\/wp-json\/wp\/v2\/product\/97406","targetHints":{"allow":["GET"]}}],"collection":[{"href":"https:\/\/letrame.com\/catalogo\/wp-json\/wp\/v2\/product"}],"about":[{"href":"https:\/\/letrame.com\/catalogo\/wp-json\/wp\/v2\/types\/product"}],"replies":[{"embeddable":true,"href":"https:\/\/letrame.com\/catalogo\/wp-json\/wp\/v2\/comments?post=97406"}],"acf:post":[{"embeddable":true,"href":"https:\/\/letrame.com\/catalogo\/wp-json\/wp\/v2\/author_book\/105670"}],"wp:featuredmedia":[{"embeddable":true,"href":"https:\/\/letrame.com\/catalogo\/wp-json\/wp\/v2\/media\/97407"}],"wp:attachment":[{"href":"https:\/\/letrame.com\/catalogo\/wp-json\/wp\/v2\/media?parent=97406"}],"wp:term":[{"taxonomy":"libro","embeddable":true,"href":"https:\/\/letrame.com\/catalogo\/wp-json\/wp\/v2\/libro?post=97406"},{"taxonomy":"product_brand","embeddable":true,"href":"https:\/\/letrame.com\/catalogo\/wp-json\/wp\/v2\/product_brand?post=97406"},{"taxonomy":"product_cat","embeddable":true,"href":"https:\/\/letrame.com\/catalogo\/wp-json\/wp\/v2\/product_cat?post=97406"},{"taxonomy":"product_tag","embeddable":true,"href":"https:\/\/letrame.com\/catalogo\/wp-json\/wp\/v2\/product_tag?post=97406"}],"curies":[{"name":"wp","href":"https:\/\/api.w.org\/{rel}","templated":true}]}}