{"id":97404,"date":"2024-04-29T13:53:31","date_gmt":"2024-04-29T11:53:31","guid":{"rendered":"https:\/\/letrame.com\/catalogo\/producto\/un-momento-en-el-tiempo\/"},"modified":"2024-08-16T09:50:27","modified_gmt":"2024-08-16T07:50:27","slug":"un-momento-en-el-tiempo","status":"publish","type":"product","link":"https:\/\/letrame.com\/catalogo\/producto\/un-momento-en-el-tiempo\/","title":{"rendered":"Un momento en el tiempo"},"content":{"rendered":"<div class=\"page\" title=\"Page 6\">\n<div class=\"layoutArea\">\n<div class=\"column\">\n<p><strong>ISBN<\/strong>: 978-84-1114-317-2<\/p>\n<\/div>\n<\/div>\n<\/div>\n<p><b>T\u00edtulo<\/b><span style=\"font-weight: 400;\">: Un momento en el tiempo<\/span><span style=\"font-weight: 400;\"><br \/>\n<\/span><b>Fecha<\/b><span style=\"font-weight: 400;\">: 2021<\/span><span style=\"font-weight: 400;\"><br \/>\n<\/span><b>P\u00e1ginas<\/b><span style=\"font-weight: 400;\">: 416<\/span><\/p>\n<p><b>SINOPSIS<\/b><\/p>\n<p>Aunque nunca le ha tenido demasiado afecto a su hermana Helena, Laura trata de sobreponerse ante el reciente fallecimiento de esta. Aparte de una gran diferencia de edad entre ellas, sus circunstancias no han ayudado y, Laura nunca se ha esforzado lo m\u00e1s m\u00ednimo por formar parte de la vida de su hermana. Durante toda su vida hab\u00eda considerado que ella era una persona distante y, siempre crey\u00f3 que hab\u00eda sido la principal causante del sufrimiento de su familia.<\/p>\n<p>&nbsp;<\/p>\n<p>Un d\u00eda, mientras Laura reorganiza su trastero, descubre una vieja caja que pertenec\u00eda a Helena acompa\u00f1ada de una carta dirigida a ella en la que le da instrucciones precisas: debe abrir siete sobres en el intervalo de tiempo que esta le indica y donde descubrir\u00e1 verdades que pondr\u00e1n su existencia patas arriba.<\/p>\n<p>&nbsp;<\/p>\n<p>Cuanto m\u00e1s cree conocer, m\u00e1s inc\u00f3gnitas aparecen en su mente y alma. Todo el sufrimiento y dolor que cre\u00eda enterrados emergen con m\u00e1s intensidad que nunca para revelarle los m\u00e1s oscuros secretos que ha ocultado su familia durante a\u00f1os.<\/p>\n","protected":false},"excerpt":{"rendered":"<div class=\"page\" title=\"Page 6\">\n<div class=\"layoutArea\">\n<div class=\"column\">\n<p><strong>ISBN: 978-84-1114-317-2<\/strong><\/p>\n<p>Aunque nunca le ha tenido demasiado afecto a su hermana Helena, Laura trata de sobreponerse ante el reciente fallecimiento de esta. Aparte de una gran diferencia de edad entre ellas, sus circunstancias no han ayudado y, Laura nunca se ha esforzado lo m\u00e1s m\u00ednimo por formar parte de la vida de su hermana. Durante toda su vida hab\u00eda considerado que ella era una persona distante y, siempre crey\u00f3 que hab\u00eda sido la principal causante del sufrimiento de su familia.<\/p>\n<p>Un d\u00eda, mientras Laura reorganiza su trastero, descubre una vieja caja que pertenec\u00eda a Helena acompa\u00f1ada de una carta dirigida a ella en la que le da instrucciones precisas: debe abrir siete sobres en el intervalo de tiempo que esta le indica y donde descubrir\u00e1 verdades que pondr\u00e1n su existencia patas arriba.<\/p>\n<p>Cuanto m\u00e1s cree conocer, m\u00e1s inc\u00f3gnitas aparecen en su mente y alma. Todo el sufrimiento y dolor que cre\u00eda enterrados emergen con m\u00e1s intensidad que nunca para revelarle los m\u00e1s oscuros secretos que ha ocultado su familia durante a\u00f1os.<\/p>\n<\/div>\n<\/div>\n<\/div>\n","protected":false},"featured_media":97405,"comment_status":"closed","ping_status":"closed","template":"","meta":{"_acf_changed":false},"libro":[],"product_brand":[],"product_cat":[16],"product_tag":[],"class_list":{"0":"post-97404","1":"product","2":"type-product","3":"status-publish","4":"has-post-thumbnail","6":"product_cat-novela","8":"first","9":"instock","10":"purchasable","11":"product-type-simple"},"acf":{"autor":[75987],"enlace_de_compra":"https:\/\/amzn.to\/3WO0g7F"},"yoast_head":"<!-- This site is optimized with the Yoast SEO plugin v27.4 - https:\/\/yoast.com\/product\/yoast-seo-wordpress\/ -->\n<title>Un momento en el tiempo - Catalogo | Letrame Grupo Editorial<\/title>\n<meta name=\"robots\" content=\"index, follow, max-snippet:-1, max-image-preview:large, max-video-preview:-1\" \/>\n<link rel=\"canonical\" href=\"https:\/\/letrame.com\/catalogo\/producto\/un-momento-en-el-tiempo\/\" \/>\n<meta property=\"og:locale\" content=\"es_ES\" \/>\n<meta property=\"og:type\" content=\"article\" \/>\n<meta property=\"og:title\" content=\"Un momento en el tiempo - Catalogo | Letrame Grupo Editorial\" \/>\n<meta property=\"og:description\" content=\"ISBN: 978-84-1114-317-2  Aunque nunca le ha tenido demasiado afecto a su hermana Helena, Laura trata de sobreponerse ante el reciente fallecimiento de esta. Aparte de una gran diferencia de edad entre ellas, sus circunstancias no han ayudado y, Laura nunca se ha esforzado lo m\u00e1s m\u00ednimo por formar parte de la vida de su hermana. Durante toda su vida hab\u00eda considerado que ella era una persona distante y, siempre crey\u00f3 que hab\u00eda sido la principal causante del sufrimiento de su familia.  Un d\u00eda, mientras Laura reorganiza su trastero, descubre una vieja caja que pertenec\u00eda a Helena acompa\u00f1ada de una carta dirigida a ella en la que le da instrucciones precisas: debe abrir siete sobres en el intervalo de tiempo que esta le indica y donde descubrir\u00e1 verdades que pondr\u00e1n su existencia patas arriba.  Cuanto m\u00e1s cree conocer, m\u00e1s inc\u00f3gnitas aparecen en su mente y alma. Todo el sufrimiento y dolor que cre\u00eda enterrados emergen con m\u00e1s intensidad que nunca para revelarle los m\u00e1s oscuros secretos que ha ocultado su familia durante a\u00f1os.\" \/>\n<meta property=\"og:url\" content=\"https:\/\/letrame.com\/catalogo\/producto\/un-momento-en-el-tiempo\/\" \/>\n<meta property=\"og:site_name\" content=\"Catalogo | Letrame Grupo Editorial\" \/>\n<meta property=\"article:modified_time\" content=\"2024-08-16T07:50:27+00:00\" \/>\n<meta property=\"og:image\" content=\"https:\/\/letrame.com\/catalogo\/wp-content\/uploads\/2024\/04\/Un-momento-en-el-tiempo-scaled-1.jpeg\" \/>\n\t<meta property=\"og:image:width\" content=\"1746\" \/>\n\t<meta property=\"og:image:height\" content=\"2560\" \/>\n\t<meta property=\"og:image:type\" content=\"image\/jpeg\" \/>\n<meta name=\"twitter:card\" content=\"summary_large_image\" \/>\n<meta name=\"twitter:label1\" content=\"Tiempo de lectura\" \/>\n\t<meta name=\"twitter:data1\" content=\"2 minutos\" \/>\n<script type=\"application\/ld+json\" class=\"yoast-schema-graph\">{\"@context\":\"https:\\\/\\\/schema.org\",\"@graph\":[{\"@type\":\"WebPage\",\"@id\":\"https:\\\/\\\/letrame.com\\\/catalogo\\\/producto\\\/un-momento-en-el-tiempo\\\/\",\"url\":\"https:\\\/\\\/letrame.com\\\/catalogo\\\/producto\\\/un-momento-en-el-tiempo\\\/\",\"name\":\"Un momento en el tiempo - Catalogo | Letrame Grupo Editorial\",\"isPartOf\":{\"@id\":\"https:\\\/\\\/letrame.com\\\/catalogo\\\/#website\"},\"primaryImageOfPage\":{\"@id\":\"https:\\\/\\\/letrame.com\\\/catalogo\\\/producto\\\/un-momento-en-el-tiempo\\\/#primaryimage\"},\"image\":{\"@id\":\"https:\\\/\\\/letrame.com\\\/catalogo\\\/producto\\\/un-momento-en-el-tiempo\\\/#primaryimage\"},\"thumbnailUrl\":\"https:\\\/\\\/letrame.com\\\/catalogo\\\/wp-content\\\/uploads\\\/2024\\\/04\\\/Un-momento-en-el-tiempo-scaled-1.jpeg\",\"datePublished\":\"2024-04-29T11:53:31+00:00\",\"dateModified\":\"2024-08-16T07:50:27+00:00\",\"breadcrumb\":{\"@id\":\"https:\\\/\\\/letrame.com\\\/catalogo\\\/producto\\\/un-momento-en-el-tiempo\\\/#breadcrumb\"},\"inLanguage\":\"es\",\"potentialAction\":[{\"@type\":\"ReadAction\",\"target\":[\"https:\\\/\\\/letrame.com\\\/catalogo\\\/producto\\\/un-momento-en-el-tiempo\\\/\"]}]},{\"@type\":\"ImageObject\",\"inLanguage\":\"es\",\"@id\":\"https:\\\/\\\/letrame.com\\\/catalogo\\\/producto\\\/un-momento-en-el-tiempo\\\/#primaryimage\",\"url\":\"https:\\\/\\\/letrame.com\\\/catalogo\\\/wp-content\\\/uploads\\\/2024\\\/04\\\/Un-momento-en-el-tiempo-scaled-1.jpeg\",\"contentUrl\":\"https:\\\/\\\/letrame.com\\\/catalogo\\\/wp-content\\\/uploads\\\/2024\\\/04\\\/Un-momento-en-el-tiempo-scaled-1.jpeg\",\"width\":1746,\"height\":2560},{\"@type\":\"BreadcrumbList\",\"@id\":\"https:\\\/\\\/letrame.com\\\/catalogo\\\/producto\\\/un-momento-en-el-tiempo\\\/#breadcrumb\",\"itemListElement\":[{\"@type\":\"ListItem\",\"position\":1,\"name\":\"Portada\",\"item\":\"https:\\\/\\\/letrame.com\\\/catalogo\\\/\"},{\"@type\":\"ListItem\",\"position\":2,\"name\":\"Cat\u00e1logo\",\"item\":\"https:\\\/\\\/letrame.com\\\/catalogo\\\/\"},{\"@type\":\"ListItem\",\"position\":3,\"name\":\"Un momento en el tiempo\"}]},{\"@type\":\"WebSite\",\"@id\":\"https:\\\/\\\/letrame.com\\\/catalogo\\\/#website\",\"url\":\"https:\\\/\\\/letrame.com\\\/catalogo\\\/\",\"name\":\"Catalogo | Letrame Grupo Editorial\",\"description\":\"\",\"publisher\":{\"@id\":\"https:\\\/\\\/letrame.com\\\/catalogo\\\/#organization\"},\"potentialAction\":[{\"@type\":\"SearchAction\",\"target\":{\"@type\":\"EntryPoint\",\"urlTemplate\":\"https:\\\/\\\/letrame.com\\\/catalogo\\\/?s={search_term_string}\"},\"query-input\":{\"@type\":\"PropertyValueSpecification\",\"valueRequired\":true,\"valueName\":\"search_term_string\"}}],\"inLanguage\":\"es\"},{\"@type\":\"Organization\",\"@id\":\"https:\\\/\\\/letrame.com\\\/catalogo\\\/#organization\",\"name\":\"Catalogo | Letrame Grupo Editorial\",\"url\":\"https:\\\/\\\/letrame.com\\\/catalogo\\\/\",\"logo\":{\"@type\":\"ImageObject\",\"inLanguage\":\"es\",\"@id\":\"https:\\\/\\\/letrame.com\\\/catalogo\\\/#\\\/schema\\\/logo\\\/image\\\/\",\"url\":\"https:\\\/\\\/letrame.com\\\/catalogo\\\/wp-content\\\/uploads\\\/2024\\\/03\\\/logo2.webp\",\"contentUrl\":\"https:\\\/\\\/letrame.com\\\/catalogo\\\/wp-content\\\/uploads\\\/2024\\\/03\\\/logo2.webp\",\"width\":394,\"height\":128,\"caption\":\"Catalogo | Letrame Grupo Editorial\"},\"image\":{\"@id\":\"https:\\\/\\\/letrame.com\\\/catalogo\\\/#\\\/schema\\\/logo\\\/image\\\/\"}}]}<\/script>\n<!-- \/ Yoast SEO plugin. -->","yoast_head_json":{"title":"Un momento en el tiempo - Catalogo | Letrame Grupo Editorial","robots":{"index":"index","follow":"follow","max-snippet":"max-snippet:-1","max-image-preview":"max-image-preview:large","max-video-preview":"max-video-preview:-1"},"canonical":"https:\/\/letrame.com\/catalogo\/producto\/un-momento-en-el-tiempo\/","og_locale":"es_ES","og_type":"article","og_title":"Un momento en el tiempo - Catalogo | Letrame Grupo Editorial","og_description":"ISBN: 978-84-1114-317-2  Aunque nunca le ha tenido demasiado afecto a su hermana Helena, Laura trata de sobreponerse ante el reciente fallecimiento de esta. Aparte de una gran diferencia de edad entre ellas, sus circunstancias no han ayudado y, Laura nunca se ha esforzado lo m\u00e1s m\u00ednimo por formar parte de la vida de su hermana. Durante toda su vida hab\u00eda considerado que ella era una persona distante y, siempre crey\u00f3 que hab\u00eda sido la principal causante del sufrimiento de su familia.  Un d\u00eda, mientras Laura reorganiza su trastero, descubre una vieja caja que pertenec\u00eda a Helena acompa\u00f1ada de una carta dirigida a ella en la que le da instrucciones precisas: debe abrir siete sobres en el intervalo de tiempo que esta le indica y donde descubrir\u00e1 verdades que pondr\u00e1n su existencia patas arriba.  Cuanto m\u00e1s cree conocer, m\u00e1s inc\u00f3gnitas aparecen en su mente y alma. Todo el sufrimiento y dolor que cre\u00eda enterrados emergen con m\u00e1s intensidad que nunca para revelarle los m\u00e1s oscuros secretos que ha ocultado su familia durante a\u00f1os.","og_url":"https:\/\/letrame.com\/catalogo\/producto\/un-momento-en-el-tiempo\/","og_site_name":"Catalogo | Letrame Grupo Editorial","article_modified_time":"2024-08-16T07:50:27+00:00","og_image":[{"width":1746,"height":2560,"url":"https:\/\/letrame.com\/catalogo\/wp-content\/uploads\/2024\/04\/Un-momento-en-el-tiempo-scaled-1.jpeg","type":"image\/jpeg"}],"twitter_card":"summary_large_image","twitter_misc":{"Tiempo de lectura":"2 minutos"},"schema":{"@context":"https:\/\/schema.org","@graph":[{"@type":"WebPage","@id":"https:\/\/letrame.com\/catalogo\/producto\/un-momento-en-el-tiempo\/","url":"https:\/\/letrame.com\/catalogo\/producto\/un-momento-en-el-tiempo\/","name":"Un momento en el tiempo - Catalogo | Letrame Grupo Editorial","isPartOf":{"@id":"https:\/\/letrame.com\/catalogo\/#website"},"primaryImageOfPage":{"@id":"https:\/\/letrame.com\/catalogo\/producto\/un-momento-en-el-tiempo\/#primaryimage"},"image":{"@id":"https:\/\/letrame.com\/catalogo\/producto\/un-momento-en-el-tiempo\/#primaryimage"},"thumbnailUrl":"https:\/\/letrame.com\/catalogo\/wp-content\/uploads\/2024\/04\/Un-momento-en-el-tiempo-scaled-1.jpeg","datePublished":"2024-04-29T11:53:31+00:00","dateModified":"2024-08-16T07:50:27+00:00","breadcrumb":{"@id":"https:\/\/letrame.com\/catalogo\/producto\/un-momento-en-el-tiempo\/#breadcrumb"},"inLanguage":"es","potentialAction":[{"@type":"ReadAction","target":["https:\/\/letrame.com\/catalogo\/producto\/un-momento-en-el-tiempo\/"]}]},{"@type":"ImageObject","inLanguage":"es","@id":"https:\/\/letrame.com\/catalogo\/producto\/un-momento-en-el-tiempo\/#primaryimage","url":"https:\/\/letrame.com\/catalogo\/wp-content\/uploads\/2024\/04\/Un-momento-en-el-tiempo-scaled-1.jpeg","contentUrl":"https:\/\/letrame.com\/catalogo\/wp-content\/uploads\/2024\/04\/Un-momento-en-el-tiempo-scaled-1.jpeg","width":1746,"height":2560},{"@type":"BreadcrumbList","@id":"https:\/\/letrame.com\/catalogo\/producto\/un-momento-en-el-tiempo\/#breadcrumb","itemListElement":[{"@type":"ListItem","position":1,"name":"Portada","item":"https:\/\/letrame.com\/catalogo\/"},{"@type":"ListItem","position":2,"name":"Cat\u00e1logo","item":"https:\/\/letrame.com\/catalogo\/"},{"@type":"ListItem","position":3,"name":"Un momento en el tiempo"}]},{"@type":"WebSite","@id":"https:\/\/letrame.com\/catalogo\/#website","url":"https:\/\/letrame.com\/catalogo\/","name":"Catalogo | Letrame Grupo Editorial","description":"","publisher":{"@id":"https:\/\/letrame.com\/catalogo\/#organization"},"potentialAction":[{"@type":"SearchAction","target":{"@type":"EntryPoint","urlTemplate":"https:\/\/letrame.com\/catalogo\/?s={search_term_string}"},"query-input":{"@type":"PropertyValueSpecification","valueRequired":true,"valueName":"search_term_string"}}],"inLanguage":"es"},{"@type":"Organization","@id":"https:\/\/letrame.com\/catalogo\/#organization","name":"Catalogo | Letrame Grupo Editorial","url":"https:\/\/letrame.com\/catalogo\/","logo":{"@type":"ImageObject","inLanguage":"es","@id":"https:\/\/letrame.com\/catalogo\/#\/schema\/logo\/image\/","url":"https:\/\/letrame.com\/catalogo\/wp-content\/uploads\/2024\/03\/logo2.webp","contentUrl":"https:\/\/letrame.com\/catalogo\/wp-content\/uploads\/2024\/03\/logo2.webp","width":394,"height":128,"caption":"Catalogo | Letrame Grupo Editorial"},"image":{"@id":"https:\/\/letrame.com\/catalogo\/#\/schema\/logo\/image\/"}}]}},"_links":{"self":[{"href":"https:\/\/letrame.com\/catalogo\/wp-json\/wp\/v2\/product\/97404","targetHints":{"allow":["GET"]}}],"collection":[{"href":"https:\/\/letrame.com\/catalogo\/wp-json\/wp\/v2\/product"}],"about":[{"href":"https:\/\/letrame.com\/catalogo\/wp-json\/wp\/v2\/types\/product"}],"replies":[{"embeddable":true,"href":"https:\/\/letrame.com\/catalogo\/wp-json\/wp\/v2\/comments?post=97404"}],"acf:post":[{"embeddable":true,"href":"https:\/\/letrame.com\/catalogo\/wp-json\/wp\/v2\/author_book\/75987"}],"wp:featuredmedia":[{"embeddable":true,"href":"https:\/\/letrame.com\/catalogo\/wp-json\/wp\/v2\/media\/97405"}],"wp:attachment":[{"href":"https:\/\/letrame.com\/catalogo\/wp-json\/wp\/v2\/media?parent=97404"}],"wp:term":[{"taxonomy":"libro","embeddable":true,"href":"https:\/\/letrame.com\/catalogo\/wp-json\/wp\/v2\/libro?post=97404"},{"taxonomy":"product_brand","embeddable":true,"href":"https:\/\/letrame.com\/catalogo\/wp-json\/wp\/v2\/product_brand?post=97404"},{"taxonomy":"product_cat","embeddable":true,"href":"https:\/\/letrame.com\/catalogo\/wp-json\/wp\/v2\/product_cat?post=97404"},{"taxonomy":"product_tag","embeddable":true,"href":"https:\/\/letrame.com\/catalogo\/wp-json\/wp\/v2\/product_tag?post=97404"}],"curies":[{"name":"wp","href":"https:\/\/api.w.org\/{rel}","templated":true}]}}