{"id":97402,"date":"2024-04-29T13:53:31","date_gmt":"2024-04-29T11:53:31","guid":{"rendered":"https:\/\/letrame.com\/catalogo\/producto\/diario-de-lo-que-vivimos-juntos\/"},"modified":"2024-04-29T13:53:31","modified_gmt":"2024-04-29T11:53:31","slug":"diario-de-lo-que-vivimos-juntos","status":"publish","type":"product","link":"https:\/\/letrame.com\/catalogo\/producto\/diario-de-lo-que-vivimos-juntos\/","title":{"rendered":"Diario de lo que vivimos juntos"},"content":{"rendered":"<div class=\"page\" title=\"Page 6\">\n<div class=\"layoutArea\">\n<div class=\"column\">\n<p><strong>ISBN<\/strong>: 978-84-1114-340-0<\/p>\n<\/div>\n<\/div>\n<\/div>\n<p><b>T\u00edtulo<\/b><span style=\"font-weight: 400;\">: Diario de lo que vivimos juntos<\/span><span style=\"font-weight: 400;\"><br \/>\n<\/span><b>Fecha<\/b><span style=\"font-weight: 400;\">: 2021<\/span><span style=\"font-weight: 400;\"><br \/>\n<\/span><b>P\u00e1ginas<\/b><span style=\"font-weight: 400;\">: 602<\/span><\/p>\n<p><b>SINOPSIS<\/b><\/p>\n<p><strong>\u00a0<\/strong><\/p>\n<p>Cuando en la vida te encuentras con alguien que tiene tantas cosas que mostrarte, tantas cosas que darte a cambio de nada, no hay excusas para escribirle un libro que atrape los mejores momentos que has vivido con ella. Este diario desordenado quiere servir de breve resumen de parte de esos momentos. Un viaje al pasado repasando todos los rincones del mundo en los que estuvimos. Una visi\u00f3n general de esos momentos que jam\u00e1s podremos olvidar, entrelazado con historias de los primeros 40 a\u00f1os de vida de la persona con la que quiero seguir viajando hasta el \u00faltimo lugar en el que nos dejen estar. Esta es parte de mi historia con la persona con la que quiero estar hasta el \u00faltimo suspiro. Esta es mi historia con Lorena Di\u00e9guez Moure.<\/p>\n<p><strong>\u00a0<\/strong><\/p>\n","protected":false},"excerpt":{"rendered":"<p><strong>ISBN: 978-84-1114-340-0<\/strong><\/p>\n<p>Cuando en la vida te encuentras con alguien que tiene tantas cosas que mostrarte, tantas cosas que darte a cambio de nada, no hay excusas para escribirle un libro que atrape los mejores momentos que has vivido con ella. Este diario desordenado quiere servir de breve resumen de parte de esos momentos. Un viaje al pasado repasando todos los rincones del mundo en los que estuvimos. Una visi\u00f3n general de esos momentos que jam\u00e1s podremos olvidar, entrelazado con historias de los primeros 40 a\u00f1os de vida de la persona con la que quiero seguir viajando hasta el \u00faltimo lugar en el que nos dejen estar. Esta es parte de mi historia con la persona con la que quiero estar hasta el \u00faltimo suspiro. Esta es mi historia con Lorena Di\u00e9guez Moure.<\/p>\n","protected":false},"featured_media":97403,"comment_status":"closed","ping_status":"open","template":"","meta":{"_acf_changed":false},"libro":[],"product_brand":[],"product_cat":[16],"product_tag":[],"class_list":{"0":"post-97402","1":"product","2":"type-product","3":"status-publish","4":"has-post-thumbnail","6":"product_cat-novela","8":"first","9":"instock","10":"product-type-simple"},"acf":{"autor":[75985],"enlace_de_compra":""},"yoast_head":"<!-- This site is optimized with the Yoast SEO plugin v26.6 - https:\/\/yoast.com\/wordpress\/plugins\/seo\/ -->\n<title>Diario de lo que vivimos juntos - Catalogo | Letrame Grupo Editorial<\/title>\n<meta name=\"robots\" content=\"index, follow, max-snippet:-1, max-image-preview:large, max-video-preview:-1\" \/>\n<link rel=\"canonical\" href=\"https:\/\/letrame.com\/catalogo\/producto\/diario-de-lo-que-vivimos-juntos\/\" \/>\n<meta property=\"og:locale\" content=\"es_ES\" \/>\n<meta property=\"og:type\" content=\"article\" \/>\n<meta property=\"og:title\" content=\"Diario de lo que vivimos juntos - Catalogo | Letrame Grupo Editorial\" \/>\n<meta property=\"og:description\" content=\"ISBN: 978-84-1114-340-0 Cuando en la vida te encuentras con alguien que tiene tantas cosas que mostrarte, tantas cosas que darte a cambio de nada, no hay excusas para escribirle un libro que atrape los mejores momentos que has vivido con ella. Este diario desordenado quiere servir de breve resumen de parte de esos momentos. Un viaje al pasado repasando todos los rincones del mundo en los que estuvimos. Una visi\u00f3n general de esos momentos que jam\u00e1s podremos olvidar, entrelazado con historias de los primeros 40 a\u00f1os de vida de la persona con la que quiero seguir viajando hasta el \u00faltimo lugar en el que nos dejen estar. Esta es parte de mi historia con la persona con la que quiero estar hasta el \u00faltimo suspiro. Esta es mi historia con Lorena Di\u00e9guez Moure.\" \/>\n<meta property=\"og:url\" content=\"https:\/\/letrame.com\/catalogo\/producto\/diario-de-lo-que-vivimos-juntos\/\" \/>\n<meta property=\"og:site_name\" content=\"Catalogo | Letrame Grupo Editorial\" \/>\n<meta property=\"og:image\" content=\"https:\/\/letrame.com\/catalogo\/wp-content\/uploads\/2024\/04\/DIARIO-DE-LO-QUE-VIVIMOS-JUNTOS.jpeg\" \/>\n\t<meta property=\"og:image:width\" content=\"1772\" \/>\n\t<meta property=\"og:image:height\" content=\"2480\" \/>\n\t<meta property=\"og:image:type\" content=\"image\/jpeg\" \/>\n<meta name=\"twitter:card\" content=\"summary_large_image\" \/>\n<meta name=\"twitter:label1\" content=\"Tiempo de lectura\" \/>\n\t<meta name=\"twitter:data1\" content=\"1 minuto\" \/>\n<script type=\"application\/ld+json\" class=\"yoast-schema-graph\">{\"@context\":\"https:\/\/schema.org\",\"@graph\":[{\"@type\":\"WebPage\",\"@id\":\"https:\/\/letrame.com\/catalogo\/producto\/diario-de-lo-que-vivimos-juntos\/\",\"url\":\"https:\/\/letrame.com\/catalogo\/producto\/diario-de-lo-que-vivimos-juntos\/\",\"name\":\"Diario de lo que vivimos juntos - Catalogo | Letrame Grupo Editorial\",\"isPartOf\":{\"@id\":\"https:\/\/letrame.com\/catalogo\/#website\"},\"primaryImageOfPage\":{\"@id\":\"https:\/\/letrame.com\/catalogo\/producto\/diario-de-lo-que-vivimos-juntos\/#primaryimage\"},\"image\":{\"@id\":\"https:\/\/letrame.com\/catalogo\/producto\/diario-de-lo-que-vivimos-juntos\/#primaryimage\"},\"thumbnailUrl\":\"https:\/\/letrame.com\/catalogo\/wp-content\/uploads\/2024\/04\/DIARIO-DE-LO-QUE-VIVIMOS-JUNTOS.jpeg\",\"datePublished\":\"2024-04-29T11:53:31+00:00\",\"breadcrumb\":{\"@id\":\"https:\/\/letrame.com\/catalogo\/producto\/diario-de-lo-que-vivimos-juntos\/#breadcrumb\"},\"inLanguage\":\"es\",\"potentialAction\":[{\"@type\":\"ReadAction\",\"target\":[\"https:\/\/letrame.com\/catalogo\/producto\/diario-de-lo-que-vivimos-juntos\/\"]}]},{\"@type\":\"ImageObject\",\"inLanguage\":\"es\",\"@id\":\"https:\/\/letrame.com\/catalogo\/producto\/diario-de-lo-que-vivimos-juntos\/#primaryimage\",\"url\":\"https:\/\/letrame.com\/catalogo\/wp-content\/uploads\/2024\/04\/DIARIO-DE-LO-QUE-VIVIMOS-JUNTOS.jpeg\",\"contentUrl\":\"https:\/\/letrame.com\/catalogo\/wp-content\/uploads\/2024\/04\/DIARIO-DE-LO-QUE-VIVIMOS-JUNTOS.jpeg\",\"width\":1772,\"height\":2480},{\"@type\":\"BreadcrumbList\",\"@id\":\"https:\/\/letrame.com\/catalogo\/producto\/diario-de-lo-que-vivimos-juntos\/#breadcrumb\",\"itemListElement\":[{\"@type\":\"ListItem\",\"position\":1,\"name\":\"Portada\",\"item\":\"https:\/\/letrame.com\/catalogo\/\"},{\"@type\":\"ListItem\",\"position\":2,\"name\":\"Cat\u00e1logo\",\"item\":\"https:\/\/letrame.com\/catalogo\/\"},{\"@type\":\"ListItem\",\"position\":3,\"name\":\"Diario de lo que vivimos juntos\"}]},{\"@type\":\"WebSite\",\"@id\":\"https:\/\/letrame.com\/catalogo\/#website\",\"url\":\"https:\/\/letrame.com\/catalogo\/\",\"name\":\"Catalogo | Letrame Grupo Editorial\",\"description\":\"\",\"publisher\":{\"@id\":\"https:\/\/letrame.com\/catalogo\/#organization\"},\"potentialAction\":[{\"@type\":\"SearchAction\",\"target\":{\"@type\":\"EntryPoint\",\"urlTemplate\":\"https:\/\/letrame.com\/catalogo\/?s={search_term_string}\"},\"query-input\":{\"@type\":\"PropertyValueSpecification\",\"valueRequired\":true,\"valueName\":\"search_term_string\"}}],\"inLanguage\":\"es\"},{\"@type\":\"Organization\",\"@id\":\"https:\/\/letrame.com\/catalogo\/#organization\",\"name\":\"Catalogo | Letrame Grupo Editorial\",\"url\":\"https:\/\/letrame.com\/catalogo\/\",\"logo\":{\"@type\":\"ImageObject\",\"inLanguage\":\"es\",\"@id\":\"https:\/\/letrame.com\/catalogo\/#\/schema\/logo\/image\/\",\"url\":\"https:\/\/letrame.com\/catalogo\/wp-content\/uploads\/2024\/03\/logo2.webp\",\"contentUrl\":\"https:\/\/letrame.com\/catalogo\/wp-content\/uploads\/2024\/03\/logo2.webp\",\"width\":394,\"height\":128,\"caption\":\"Catalogo | Letrame Grupo Editorial\"},\"image\":{\"@id\":\"https:\/\/letrame.com\/catalogo\/#\/schema\/logo\/image\/\"}}]}<\/script>\n<!-- \/ Yoast SEO plugin. -->","yoast_head_json":{"title":"Diario de lo que vivimos juntos - Catalogo | Letrame Grupo Editorial","robots":{"index":"index","follow":"follow","max-snippet":"max-snippet:-1","max-image-preview":"max-image-preview:large","max-video-preview":"max-video-preview:-1"},"canonical":"https:\/\/letrame.com\/catalogo\/producto\/diario-de-lo-que-vivimos-juntos\/","og_locale":"es_ES","og_type":"article","og_title":"Diario de lo que vivimos juntos - Catalogo | Letrame Grupo Editorial","og_description":"ISBN: 978-84-1114-340-0 Cuando en la vida te encuentras con alguien que tiene tantas cosas que mostrarte, tantas cosas que darte a cambio de nada, no hay excusas para escribirle un libro que atrape los mejores momentos que has vivido con ella. Este diario desordenado quiere servir de breve resumen de parte de esos momentos. Un viaje al pasado repasando todos los rincones del mundo en los que estuvimos. Una visi\u00f3n general de esos momentos que jam\u00e1s podremos olvidar, entrelazado con historias de los primeros 40 a\u00f1os de vida de la persona con la que quiero seguir viajando hasta el \u00faltimo lugar en el que nos dejen estar. Esta es parte de mi historia con la persona con la que quiero estar hasta el \u00faltimo suspiro. Esta es mi historia con Lorena Di\u00e9guez Moure.","og_url":"https:\/\/letrame.com\/catalogo\/producto\/diario-de-lo-que-vivimos-juntos\/","og_site_name":"Catalogo | Letrame Grupo Editorial","og_image":[{"width":1772,"height":2480,"url":"https:\/\/letrame.com\/catalogo\/wp-content\/uploads\/2024\/04\/DIARIO-DE-LO-QUE-VIVIMOS-JUNTOS.jpeg","type":"image\/jpeg"}],"twitter_card":"summary_large_image","twitter_misc":{"Tiempo de lectura":"1 minuto"},"schema":{"@context":"https:\/\/schema.org","@graph":[{"@type":"WebPage","@id":"https:\/\/letrame.com\/catalogo\/producto\/diario-de-lo-que-vivimos-juntos\/","url":"https:\/\/letrame.com\/catalogo\/producto\/diario-de-lo-que-vivimos-juntos\/","name":"Diario de lo que vivimos juntos - Catalogo | Letrame Grupo Editorial","isPartOf":{"@id":"https:\/\/letrame.com\/catalogo\/#website"},"primaryImageOfPage":{"@id":"https:\/\/letrame.com\/catalogo\/producto\/diario-de-lo-que-vivimos-juntos\/#primaryimage"},"image":{"@id":"https:\/\/letrame.com\/catalogo\/producto\/diario-de-lo-que-vivimos-juntos\/#primaryimage"},"thumbnailUrl":"https:\/\/letrame.com\/catalogo\/wp-content\/uploads\/2024\/04\/DIARIO-DE-LO-QUE-VIVIMOS-JUNTOS.jpeg","datePublished":"2024-04-29T11:53:31+00:00","breadcrumb":{"@id":"https:\/\/letrame.com\/catalogo\/producto\/diario-de-lo-que-vivimos-juntos\/#breadcrumb"},"inLanguage":"es","potentialAction":[{"@type":"ReadAction","target":["https:\/\/letrame.com\/catalogo\/producto\/diario-de-lo-que-vivimos-juntos\/"]}]},{"@type":"ImageObject","inLanguage":"es","@id":"https:\/\/letrame.com\/catalogo\/producto\/diario-de-lo-que-vivimos-juntos\/#primaryimage","url":"https:\/\/letrame.com\/catalogo\/wp-content\/uploads\/2024\/04\/DIARIO-DE-LO-QUE-VIVIMOS-JUNTOS.jpeg","contentUrl":"https:\/\/letrame.com\/catalogo\/wp-content\/uploads\/2024\/04\/DIARIO-DE-LO-QUE-VIVIMOS-JUNTOS.jpeg","width":1772,"height":2480},{"@type":"BreadcrumbList","@id":"https:\/\/letrame.com\/catalogo\/producto\/diario-de-lo-que-vivimos-juntos\/#breadcrumb","itemListElement":[{"@type":"ListItem","position":1,"name":"Portada","item":"https:\/\/letrame.com\/catalogo\/"},{"@type":"ListItem","position":2,"name":"Cat\u00e1logo","item":"https:\/\/letrame.com\/catalogo\/"},{"@type":"ListItem","position":3,"name":"Diario de lo que vivimos juntos"}]},{"@type":"WebSite","@id":"https:\/\/letrame.com\/catalogo\/#website","url":"https:\/\/letrame.com\/catalogo\/","name":"Catalogo | Letrame Grupo Editorial","description":"","publisher":{"@id":"https:\/\/letrame.com\/catalogo\/#organization"},"potentialAction":[{"@type":"SearchAction","target":{"@type":"EntryPoint","urlTemplate":"https:\/\/letrame.com\/catalogo\/?s={search_term_string}"},"query-input":{"@type":"PropertyValueSpecification","valueRequired":true,"valueName":"search_term_string"}}],"inLanguage":"es"},{"@type":"Organization","@id":"https:\/\/letrame.com\/catalogo\/#organization","name":"Catalogo | Letrame Grupo Editorial","url":"https:\/\/letrame.com\/catalogo\/","logo":{"@type":"ImageObject","inLanguage":"es","@id":"https:\/\/letrame.com\/catalogo\/#\/schema\/logo\/image\/","url":"https:\/\/letrame.com\/catalogo\/wp-content\/uploads\/2024\/03\/logo2.webp","contentUrl":"https:\/\/letrame.com\/catalogo\/wp-content\/uploads\/2024\/03\/logo2.webp","width":394,"height":128,"caption":"Catalogo | Letrame Grupo Editorial"},"image":{"@id":"https:\/\/letrame.com\/catalogo\/#\/schema\/logo\/image\/"}}]}},"_links":{"self":[{"href":"https:\/\/letrame.com\/catalogo\/wp-json\/wp\/v2\/product\/97402","targetHints":{"allow":["GET"]}}],"collection":[{"href":"https:\/\/letrame.com\/catalogo\/wp-json\/wp\/v2\/product"}],"about":[{"href":"https:\/\/letrame.com\/catalogo\/wp-json\/wp\/v2\/types\/product"}],"replies":[{"embeddable":true,"href":"https:\/\/letrame.com\/catalogo\/wp-json\/wp\/v2\/comments?post=97402"}],"acf:post":[{"embeddable":true,"href":"https:\/\/letrame.com\/catalogo\/wp-json\/wp\/v2\/author_book\/75985"}],"wp:featuredmedia":[{"embeddable":true,"href":"https:\/\/letrame.com\/catalogo\/wp-json\/wp\/v2\/media\/97403"}],"wp:attachment":[{"href":"https:\/\/letrame.com\/catalogo\/wp-json\/wp\/v2\/media?parent=97402"}],"wp:term":[{"taxonomy":"libro","embeddable":true,"href":"https:\/\/letrame.com\/catalogo\/wp-json\/wp\/v2\/libro?post=97402"},{"taxonomy":"product_brand","embeddable":true,"href":"https:\/\/letrame.com\/catalogo\/wp-json\/wp\/v2\/product_brand?post=97402"},{"taxonomy":"product_cat","embeddable":true,"href":"https:\/\/letrame.com\/catalogo\/wp-json\/wp\/v2\/product_cat?post=97402"},{"taxonomy":"product_tag","embeddable":true,"href":"https:\/\/letrame.com\/catalogo\/wp-json\/wp\/v2\/product_tag?post=97402"}],"curies":[{"name":"wp","href":"https:\/\/api.w.org\/{rel}","templated":true}]}}