{"id":97389,"date":"2024-04-29T13:50:21","date_gmt":"2024-04-29T11:50:21","guid":{"rendered":"https:\/\/letrame.com\/catalogo\/producto\/recuerdos\/"},"modified":"2024-04-29T13:51:19","modified_gmt":"2024-04-29T11:51:19","slug":"recuerdos","status":"publish","type":"product","link":"https:\/\/letrame.com\/catalogo\/producto\/recuerdos\/","title":{"rendered":"Recuerdos"},"content":{"rendered":"<div class=\"page\" title=\"Page 6\">\n<div class=\"layoutArea\">\n<div class=\"column\">\n<p><strong>ISBN<\/strong>: 978-84-1114-301-1<\/p>\n<\/div>\n<\/div>\n<\/div>\n<p><b>T\u00edtulo<\/b><span style=\"font-weight: 400;\">: Recuerdos <\/span><span style=\"font-weight: 400;\"><br \/>\n<\/span><b>Fecha<\/b><span style=\"font-weight: 400;\">: 2021<\/span><span style=\"font-weight: 400;\"><br \/>\n<\/span><b>P\u00e1ginas<\/b><span style=\"font-weight: 400;\">: 52<\/span><\/p>\n<p><b>SINOPSIS<\/b><\/p>\n<p><em>Recuerdos<\/em> es un canto a la vida ya vivida, llena de recuerdos entra\u00f1ables, de momentos dulces y amargos. Todos ellos recordados con gran cari\u00f1o. Se mezclan una vida llena de color y de calor. La escritora, tambi\u00e9n autora de las ilustraciones, describe a ritmo de pincel figuras y\u00a0 paisajes. Su vida se ha concentrado\u00a0 en pasar sus impresiones a los que la rodean. El color de la ni\u00f1ez vivida en una tierra que desborda luz, con sus recuerdos de infancia que conectan con cualquiera. El calor de la existencia siempre protegida por un amor que conoci\u00f3 a los 15 a\u00f1os y cuya\u00a0 mutua admiraci\u00f3n no desgast\u00f3 el tiempo.\u00a0 Termina la obra dando gracias por todo lo vivido . \u00a1La vida vale la pena!<\/p>\n","protected":false},"excerpt":{"rendered":"<div class=\"page\" title=\"Page 6\">\n<div class=\"layoutArea\">\n<div class=\"column\">\n<p><strong>ISBN: 978-84-1114-301-1<\/strong><\/p>\n<\/div>\n<\/div>\n<\/div>\n<p><em>Recuerdos<\/em> es un canto a la vida ya vivida, llena de recuerdos entra\u00f1ables, de momentos dulces y amargos. Todos ellos recordados con gran cari\u00f1o. Se mezclan una vida llena de color y de calor. La escritora, tambi\u00e9n autora de las ilustraciones, describe a ritmo de pincel figuras y\u00a0 paisajes. Su vida se ha concentrado\u00a0 en pasar sus impresiones a los que la rodean. El color de la ni\u00f1ez vivida en una tierra que desborda luz, con sus recuerdos de infancia que conectan con cualquiera. El calor de la existencia siempre protegida por un amor que conoci\u00f3 a los 15 a\u00f1os y cuya\u00a0 mutua admiraci\u00f3n no desgast\u00f3 el tiempo.\u00a0 Termina la obra dando gracias por todo lo vivido . \u00a1La vida vale la pena!<\/p>\n","protected":false},"featured_media":97390,"comment_status":"closed","ping_status":"open","template":"","meta":{"_acf_changed":false},"libro":[],"product_brand":[],"product_cat":[20],"product_tag":[],"class_list":{"0":"post-97389","1":"product","2":"type-product","3":"status-publish","4":"has-post-thumbnail","6":"product_cat-poesia","8":"first","9":"instock","10":"purchasable","11":"product-type-simple"},"acf":{"autor":[75974],"enlace_de_compra":""},"yoast_head":"<!-- This site is optimized with the Yoast SEO plugin v26.6 - https:\/\/yoast.com\/wordpress\/plugins\/seo\/ -->\n<title>Recuerdos - Catalogo | Letrame Grupo Editorial<\/title>\n<meta name=\"robots\" content=\"index, follow, max-snippet:-1, max-image-preview:large, max-video-preview:-1\" \/>\n<link rel=\"canonical\" href=\"https:\/\/letrame.com\/catalogo\/producto\/recuerdos\/\" \/>\n<meta property=\"og:locale\" content=\"es_ES\" \/>\n<meta property=\"og:type\" content=\"article\" \/>\n<meta property=\"og:title\" content=\"Recuerdos - Catalogo | Letrame Grupo Editorial\" \/>\n<meta property=\"og:description\" content=\"ISBN: 978-84-1114-301-1   Recuerdos es un canto a la vida ya vivida, llena de recuerdos entra\u00f1ables, de momentos dulces y amargos. Todos ellos recordados con gran cari\u00f1o. Se mezclan una vida llena de color y de calor. La escritora, tambi\u00e9n autora de las ilustraciones, describe a ritmo de pincel figuras y\u00a0 paisajes. Su vida se ha concentrado\u00a0 en pasar sus impresiones a los que la rodean. El color de la ni\u00f1ez vivida en una tierra que desborda luz, con sus recuerdos de infancia que conectan con cualquiera. El calor de la existencia siempre protegida por un amor que conoci\u00f3 a los 15 a\u00f1os y cuya\u00a0 mutua admiraci\u00f3n no desgast\u00f3 el tiempo.\u00a0 Termina la obra dando gracias por todo lo vivido . \u00a1La vida vale la pena!\" \/>\n<meta property=\"og:url\" content=\"https:\/\/letrame.com\/catalogo\/producto\/recuerdos\/\" \/>\n<meta property=\"og:site_name\" content=\"Catalogo | Letrame Grupo Editorial\" \/>\n<meta property=\"article:modified_time\" content=\"2024-04-29T11:51:19+00:00\" \/>\n<meta property=\"og:image\" content=\"https:\/\/letrame.com\/catalogo\/wp-content\/uploads\/2024\/04\/Recuerda-scaled-1.jpeg\" \/>\n\t<meta property=\"og:image:width\" content=\"1746\" \/>\n\t<meta property=\"og:image:height\" content=\"2560\" \/>\n\t<meta property=\"og:image:type\" content=\"image\/jpeg\" \/>\n<meta name=\"twitter:card\" content=\"summary_large_image\" \/>\n<meta name=\"twitter:label1\" content=\"Tiempo de lectura\" \/>\n\t<meta name=\"twitter:data1\" content=\"1 minuto\" \/>\n<script type=\"application\/ld+json\" class=\"yoast-schema-graph\">{\"@context\":\"https:\/\/schema.org\",\"@graph\":[{\"@type\":\"WebPage\",\"@id\":\"https:\/\/letrame.com\/catalogo\/producto\/recuerdos\/\",\"url\":\"https:\/\/letrame.com\/catalogo\/producto\/recuerdos\/\",\"name\":\"Recuerdos - Catalogo | Letrame Grupo Editorial\",\"isPartOf\":{\"@id\":\"https:\/\/letrame.com\/catalogo\/#website\"},\"primaryImageOfPage\":{\"@id\":\"https:\/\/letrame.com\/catalogo\/producto\/recuerdos\/#primaryimage\"},\"image\":{\"@id\":\"https:\/\/letrame.com\/catalogo\/producto\/recuerdos\/#primaryimage\"},\"thumbnailUrl\":\"https:\/\/letrame.com\/catalogo\/wp-content\/uploads\/2024\/04\/Recuerda-scaled-1.jpeg\",\"datePublished\":\"2024-04-29T11:50:21+00:00\",\"dateModified\":\"2024-04-29T11:51:19+00:00\",\"breadcrumb\":{\"@id\":\"https:\/\/letrame.com\/catalogo\/producto\/recuerdos\/#breadcrumb\"},\"inLanguage\":\"es\",\"potentialAction\":[{\"@type\":\"ReadAction\",\"target\":[\"https:\/\/letrame.com\/catalogo\/producto\/recuerdos\/\"]}]},{\"@type\":\"ImageObject\",\"inLanguage\":\"es\",\"@id\":\"https:\/\/letrame.com\/catalogo\/producto\/recuerdos\/#primaryimage\",\"url\":\"https:\/\/letrame.com\/catalogo\/wp-content\/uploads\/2024\/04\/Recuerda-scaled-1.jpeg\",\"contentUrl\":\"https:\/\/letrame.com\/catalogo\/wp-content\/uploads\/2024\/04\/Recuerda-scaled-1.jpeg\",\"width\":1746,\"height\":2560},{\"@type\":\"BreadcrumbList\",\"@id\":\"https:\/\/letrame.com\/catalogo\/producto\/recuerdos\/#breadcrumb\",\"itemListElement\":[{\"@type\":\"ListItem\",\"position\":1,\"name\":\"Portada\",\"item\":\"https:\/\/letrame.com\/catalogo\/\"},{\"@type\":\"ListItem\",\"position\":2,\"name\":\"Cat\u00e1logo\",\"item\":\"https:\/\/letrame.com\/catalogo\/\"},{\"@type\":\"ListItem\",\"position\":3,\"name\":\"Recuerdos\"}]},{\"@type\":\"WebSite\",\"@id\":\"https:\/\/letrame.com\/catalogo\/#website\",\"url\":\"https:\/\/letrame.com\/catalogo\/\",\"name\":\"Catalogo | Letrame Grupo Editorial\",\"description\":\"\",\"publisher\":{\"@id\":\"https:\/\/letrame.com\/catalogo\/#organization\"},\"potentialAction\":[{\"@type\":\"SearchAction\",\"target\":{\"@type\":\"EntryPoint\",\"urlTemplate\":\"https:\/\/letrame.com\/catalogo\/?s={search_term_string}\"},\"query-input\":{\"@type\":\"PropertyValueSpecification\",\"valueRequired\":true,\"valueName\":\"search_term_string\"}}],\"inLanguage\":\"es\"},{\"@type\":\"Organization\",\"@id\":\"https:\/\/letrame.com\/catalogo\/#organization\",\"name\":\"Catalogo | Letrame Grupo Editorial\",\"url\":\"https:\/\/letrame.com\/catalogo\/\",\"logo\":{\"@type\":\"ImageObject\",\"inLanguage\":\"es\",\"@id\":\"https:\/\/letrame.com\/catalogo\/#\/schema\/logo\/image\/\",\"url\":\"https:\/\/letrame.com\/catalogo\/wp-content\/uploads\/2024\/03\/logo2.webp\",\"contentUrl\":\"https:\/\/letrame.com\/catalogo\/wp-content\/uploads\/2024\/03\/logo2.webp\",\"width\":394,\"height\":128,\"caption\":\"Catalogo | Letrame Grupo Editorial\"},\"image\":{\"@id\":\"https:\/\/letrame.com\/catalogo\/#\/schema\/logo\/image\/\"}}]}<\/script>\n<!-- \/ Yoast SEO plugin. -->","yoast_head_json":{"title":"Recuerdos - Catalogo | Letrame Grupo Editorial","robots":{"index":"index","follow":"follow","max-snippet":"max-snippet:-1","max-image-preview":"max-image-preview:large","max-video-preview":"max-video-preview:-1"},"canonical":"https:\/\/letrame.com\/catalogo\/producto\/recuerdos\/","og_locale":"es_ES","og_type":"article","og_title":"Recuerdos - Catalogo | Letrame Grupo Editorial","og_description":"ISBN: 978-84-1114-301-1   Recuerdos es un canto a la vida ya vivida, llena de recuerdos entra\u00f1ables, de momentos dulces y amargos. Todos ellos recordados con gran cari\u00f1o. Se mezclan una vida llena de color y de calor. La escritora, tambi\u00e9n autora de las ilustraciones, describe a ritmo de pincel figuras y\u00a0 paisajes. Su vida se ha concentrado\u00a0 en pasar sus impresiones a los que la rodean. El color de la ni\u00f1ez vivida en una tierra que desborda luz, con sus recuerdos de infancia que conectan con cualquiera. El calor de la existencia siempre protegida por un amor que conoci\u00f3 a los 15 a\u00f1os y cuya\u00a0 mutua admiraci\u00f3n no desgast\u00f3 el tiempo.\u00a0 Termina la obra dando gracias por todo lo vivido . \u00a1La vida vale la pena!","og_url":"https:\/\/letrame.com\/catalogo\/producto\/recuerdos\/","og_site_name":"Catalogo | Letrame Grupo Editorial","article_modified_time":"2024-04-29T11:51:19+00:00","og_image":[{"width":1746,"height":2560,"url":"https:\/\/letrame.com\/catalogo\/wp-content\/uploads\/2024\/04\/Recuerda-scaled-1.jpeg","type":"image\/jpeg"}],"twitter_card":"summary_large_image","twitter_misc":{"Tiempo de lectura":"1 minuto"},"schema":{"@context":"https:\/\/schema.org","@graph":[{"@type":"WebPage","@id":"https:\/\/letrame.com\/catalogo\/producto\/recuerdos\/","url":"https:\/\/letrame.com\/catalogo\/producto\/recuerdos\/","name":"Recuerdos - Catalogo | Letrame Grupo Editorial","isPartOf":{"@id":"https:\/\/letrame.com\/catalogo\/#website"},"primaryImageOfPage":{"@id":"https:\/\/letrame.com\/catalogo\/producto\/recuerdos\/#primaryimage"},"image":{"@id":"https:\/\/letrame.com\/catalogo\/producto\/recuerdos\/#primaryimage"},"thumbnailUrl":"https:\/\/letrame.com\/catalogo\/wp-content\/uploads\/2024\/04\/Recuerda-scaled-1.jpeg","datePublished":"2024-04-29T11:50:21+00:00","dateModified":"2024-04-29T11:51:19+00:00","breadcrumb":{"@id":"https:\/\/letrame.com\/catalogo\/producto\/recuerdos\/#breadcrumb"},"inLanguage":"es","potentialAction":[{"@type":"ReadAction","target":["https:\/\/letrame.com\/catalogo\/producto\/recuerdos\/"]}]},{"@type":"ImageObject","inLanguage":"es","@id":"https:\/\/letrame.com\/catalogo\/producto\/recuerdos\/#primaryimage","url":"https:\/\/letrame.com\/catalogo\/wp-content\/uploads\/2024\/04\/Recuerda-scaled-1.jpeg","contentUrl":"https:\/\/letrame.com\/catalogo\/wp-content\/uploads\/2024\/04\/Recuerda-scaled-1.jpeg","width":1746,"height":2560},{"@type":"BreadcrumbList","@id":"https:\/\/letrame.com\/catalogo\/producto\/recuerdos\/#breadcrumb","itemListElement":[{"@type":"ListItem","position":1,"name":"Portada","item":"https:\/\/letrame.com\/catalogo\/"},{"@type":"ListItem","position":2,"name":"Cat\u00e1logo","item":"https:\/\/letrame.com\/catalogo\/"},{"@type":"ListItem","position":3,"name":"Recuerdos"}]},{"@type":"WebSite","@id":"https:\/\/letrame.com\/catalogo\/#website","url":"https:\/\/letrame.com\/catalogo\/","name":"Catalogo | Letrame Grupo Editorial","description":"","publisher":{"@id":"https:\/\/letrame.com\/catalogo\/#organization"},"potentialAction":[{"@type":"SearchAction","target":{"@type":"EntryPoint","urlTemplate":"https:\/\/letrame.com\/catalogo\/?s={search_term_string}"},"query-input":{"@type":"PropertyValueSpecification","valueRequired":true,"valueName":"search_term_string"}}],"inLanguage":"es"},{"@type":"Organization","@id":"https:\/\/letrame.com\/catalogo\/#organization","name":"Catalogo | Letrame Grupo Editorial","url":"https:\/\/letrame.com\/catalogo\/","logo":{"@type":"ImageObject","inLanguage":"es","@id":"https:\/\/letrame.com\/catalogo\/#\/schema\/logo\/image\/","url":"https:\/\/letrame.com\/catalogo\/wp-content\/uploads\/2024\/03\/logo2.webp","contentUrl":"https:\/\/letrame.com\/catalogo\/wp-content\/uploads\/2024\/03\/logo2.webp","width":394,"height":128,"caption":"Catalogo | Letrame Grupo Editorial"},"image":{"@id":"https:\/\/letrame.com\/catalogo\/#\/schema\/logo\/image\/"}}]}},"_links":{"self":[{"href":"https:\/\/letrame.com\/catalogo\/wp-json\/wp\/v2\/product\/97389","targetHints":{"allow":["GET"]}}],"collection":[{"href":"https:\/\/letrame.com\/catalogo\/wp-json\/wp\/v2\/product"}],"about":[{"href":"https:\/\/letrame.com\/catalogo\/wp-json\/wp\/v2\/types\/product"}],"replies":[{"embeddable":true,"href":"https:\/\/letrame.com\/catalogo\/wp-json\/wp\/v2\/comments?post=97389"}],"acf:post":[{"embeddable":true,"href":"https:\/\/letrame.com\/catalogo\/wp-json\/wp\/v2\/author_book\/75974"}],"wp:featuredmedia":[{"embeddable":true,"href":"https:\/\/letrame.com\/catalogo\/wp-json\/wp\/v2\/media\/97390"}],"wp:attachment":[{"href":"https:\/\/letrame.com\/catalogo\/wp-json\/wp\/v2\/media?parent=97389"}],"wp:term":[{"taxonomy":"libro","embeddable":true,"href":"https:\/\/letrame.com\/catalogo\/wp-json\/wp\/v2\/libro?post=97389"},{"taxonomy":"product_brand","embeddable":true,"href":"https:\/\/letrame.com\/catalogo\/wp-json\/wp\/v2\/product_brand?post=97389"},{"taxonomy":"product_cat","embeddable":true,"href":"https:\/\/letrame.com\/catalogo\/wp-json\/wp\/v2\/product_cat?post=97389"},{"taxonomy":"product_tag","embeddable":true,"href":"https:\/\/letrame.com\/catalogo\/wp-json\/wp\/v2\/product_tag?post=97389"}],"curies":[{"name":"wp","href":"https:\/\/api.w.org\/{rel}","templated":true}]}}