{"id":97382,"date":"2024-04-29T13:49:23","date_gmt":"2024-04-29T11:49:23","guid":{"rendered":"https:\/\/letrame.com\/catalogo\/producto\/hipotesis-hipocrita\/"},"modified":"2024-08-16T10:51:38","modified_gmt":"2024-08-16T08:51:38","slug":"hipotesis-hipocrita","status":"publish","type":"product","link":"https:\/\/letrame.com\/catalogo\/producto\/hipotesis-hipocrita\/","title":{"rendered":"Hip\u00f3tesis hip\u00f3crita"},"content":{"rendered":"<div class=\"page\" title=\"Page 4\">\n<div class=\"section\">\n<div class=\"layoutArea\">\n<div class=\"column\">\n<p><strong>ISBN<\/strong> 978-84-1114-309-7<\/p>\n<\/div>\n<\/div>\n<\/div>\n<\/div>\n<p><b>T\u00edtulo<\/b><span style=\"font-weight: 400;\">:<span data-sheets-value=\"{&quot;1&quot;:2,&quot;2&quot;:&quot;Hip\u00f3tesis hip\u00f3crita&quot;}\" data-sheets-userformat=\"{&quot;2&quot;:579,&quot;3&quot;:{&quot;1&quot;:0},&quot;4&quot;:{&quot;1&quot;:2,&quot;2&quot;:14281427},&quot;9&quot;:1,&quot;12&quot;:0}\">Hip\u00f3tesis hip\u00f3crita<\/span> <\/span><span style=\"font-weight: 400;\"><br \/>\n<\/span><b>Fecha<\/b><span style=\"font-weight: 400;\">: 2021<\/span><span style=\"font-weight: 400;\"><br \/>\n<\/span><b>P\u00e1ginas<\/b><span style=\"font-weight: 400;\">: 69<\/span><\/p>\n<p><b>SINOPSIS<\/b><\/p>\n<p>Un paseo eterno lleno de piedras y flores,<\/p>\n<p>un camino interminable lleno de madurez e inmadurez.<\/p>\n<p>Decisiones constantes pero no permanentes<\/p>\n<p>decisiones de contrastes en ideolog\u00eda.<\/p>\n<p>&nbsp;<\/p>\n<p>Crecer como acto real y no simb\u00f3lico.<\/p>\n<p>Acto real crudo en su totalidad.<\/p>\n<p>&nbsp;<\/p>\n<p>Una obra escrita en luz,<\/p>\n<p>dedicada a quien est\u00e1 en la oscuridad.<\/p>\n<p>&nbsp;<\/p>\n<p>J&amp;E<\/p>\n<p>Con mi coraz\u00f3n abierto<\/p>\n","protected":false},"excerpt":{"rendered":"<div class=\"page\" title=\"Page 4\">\n<div class=\"section\">\n<div class=\"layoutArea\">\n<div class=\"column\">\n<p><strong>ISBN 978-84-1114-309-7<\/strong><\/p>\n<\/div>\n<\/div>\n<\/div>\n<\/div>\n<p>Un paseo eterno lleno de piedras y flores,<\/p>\n<p>un camino interminable lleno de madurez e inmadurez.<\/p>\n<p>Decisiones constantes pero no permanentes<\/p>\n<p>decisiones de contrastes en ideolog\u00eda.<\/p>\n<p>&nbsp;<\/p>\n<p>Crecer como acto real y no simb\u00f3lico.<\/p>\n<p>Acto real crudo en su totalidad.<\/p>\n<p>&nbsp;<\/p>\n<p>Una obra escrita en luz,<\/p>\n<p>dedicada a quien est\u00e1 en la oscuridad.<\/p>\n<p>&nbsp;<\/p>\n<p>J&amp;E<\/p>\n<p>Con mi coraz\u00f3n abierto<\/p>\n","protected":false},"featured_media":97383,"comment_status":"closed","ping_status":"closed","template":"","meta":{"_acf_changed":false},"libro":[],"product_brand":[],"product_cat":[20],"product_tag":[],"class_list":{"0":"post-97382","1":"product","2":"type-product","3":"status-publish","4":"has-post-thumbnail","6":"product_cat-poesia","8":"first","9":"instock","10":"product-type-simple"},"acf":{"autor":[75968],"enlace_de_compra":""},"yoast_head":"<!-- This site is optimized with the Yoast SEO plugin v26.6 - https:\/\/yoast.com\/wordpress\/plugins\/seo\/ -->\n<title>Hip\u00f3tesis hip\u00f3crita - Catalogo | Letrame Grupo Editorial<\/title>\n<meta name=\"robots\" content=\"index, follow, max-snippet:-1, max-image-preview:large, max-video-preview:-1\" \/>\n<link rel=\"canonical\" href=\"https:\/\/letrame.com\/catalogo\/producto\/hipotesis-hipocrita\/\" \/>\n<meta property=\"og:locale\" content=\"es_ES\" \/>\n<meta property=\"og:type\" content=\"article\" \/>\n<meta property=\"og:title\" content=\"Hip\u00f3tesis hip\u00f3crita - Catalogo | Letrame Grupo Editorial\" \/>\n<meta property=\"og:description\" content=\"ISBN 978-84-1114-309-7      Un paseo eterno lleno de piedras y flores,  un camino interminable lleno de madurez e inmadurez.  Decisiones constantes pero no permanentes  decisiones de contrastes en ideolog\u00eda.  &nbsp;  Crecer como acto real y no simb\u00f3lico.  Acto real crudo en su totalidad.  &nbsp;  Una obra escrita en luz,  dedicada a quien est\u00e1 en la oscuridad.  &nbsp;  J&amp;E  Con mi coraz\u00f3n abierto\" \/>\n<meta property=\"og:url\" content=\"https:\/\/letrame.com\/catalogo\/producto\/hipotesis-hipocrita\/\" \/>\n<meta property=\"og:site_name\" content=\"Catalogo | Letrame Grupo Editorial\" \/>\n<meta property=\"article:modified_time\" content=\"2024-08-16T08:51:38+00:00\" \/>\n<meta property=\"og:image\" content=\"https:\/\/letrame.com\/catalogo\/wp-content\/uploads\/2024\/04\/hipotessis-hipocrita-scaled-1.jpeg\" \/>\n\t<meta property=\"og:image:width\" content=\"1814\" \/>\n\t<meta property=\"og:image:height\" content=\"2560\" \/>\n\t<meta property=\"og:image:type\" content=\"image\/jpeg\" \/>\n<meta name=\"twitter:card\" content=\"summary_large_image\" \/>\n<meta name=\"twitter:label1\" content=\"Tiempo de lectura\" \/>\n\t<meta name=\"twitter:data1\" content=\"1 minuto\" \/>\n<script type=\"application\/ld+json\" class=\"yoast-schema-graph\">{\"@context\":\"https:\/\/schema.org\",\"@graph\":[{\"@type\":\"WebPage\",\"@id\":\"https:\/\/letrame.com\/catalogo\/producto\/hipotesis-hipocrita\/\",\"url\":\"https:\/\/letrame.com\/catalogo\/producto\/hipotesis-hipocrita\/\",\"name\":\"Hip\u00f3tesis hip\u00f3crita - Catalogo | Letrame Grupo Editorial\",\"isPartOf\":{\"@id\":\"https:\/\/letrame.com\/catalogo\/#website\"},\"primaryImageOfPage\":{\"@id\":\"https:\/\/letrame.com\/catalogo\/producto\/hipotesis-hipocrita\/#primaryimage\"},\"image\":{\"@id\":\"https:\/\/letrame.com\/catalogo\/producto\/hipotesis-hipocrita\/#primaryimage\"},\"thumbnailUrl\":\"https:\/\/letrame.com\/catalogo\/wp-content\/uploads\/2024\/04\/hipotessis-hipocrita-scaled-1.jpeg\",\"datePublished\":\"2024-04-29T11:49:23+00:00\",\"dateModified\":\"2024-08-16T08:51:38+00:00\",\"breadcrumb\":{\"@id\":\"https:\/\/letrame.com\/catalogo\/producto\/hipotesis-hipocrita\/#breadcrumb\"},\"inLanguage\":\"es\",\"potentialAction\":[{\"@type\":\"ReadAction\",\"target\":[\"https:\/\/letrame.com\/catalogo\/producto\/hipotesis-hipocrita\/\"]}]},{\"@type\":\"ImageObject\",\"inLanguage\":\"es\",\"@id\":\"https:\/\/letrame.com\/catalogo\/producto\/hipotesis-hipocrita\/#primaryimage\",\"url\":\"https:\/\/letrame.com\/catalogo\/wp-content\/uploads\/2024\/04\/hipotessis-hipocrita-scaled-1.jpeg\",\"contentUrl\":\"https:\/\/letrame.com\/catalogo\/wp-content\/uploads\/2024\/04\/hipotessis-hipocrita-scaled-1.jpeg\",\"width\":1814,\"height\":2560},{\"@type\":\"BreadcrumbList\",\"@id\":\"https:\/\/letrame.com\/catalogo\/producto\/hipotesis-hipocrita\/#breadcrumb\",\"itemListElement\":[{\"@type\":\"ListItem\",\"position\":1,\"name\":\"Portada\",\"item\":\"https:\/\/letrame.com\/catalogo\/\"},{\"@type\":\"ListItem\",\"position\":2,\"name\":\"Cat\u00e1logo\",\"item\":\"https:\/\/letrame.com\/catalogo\/\"},{\"@type\":\"ListItem\",\"position\":3,\"name\":\"Hip\u00f3tesis hip\u00f3crita\"}]},{\"@type\":\"WebSite\",\"@id\":\"https:\/\/letrame.com\/catalogo\/#website\",\"url\":\"https:\/\/letrame.com\/catalogo\/\",\"name\":\"Catalogo | Letrame Grupo Editorial\",\"description\":\"\",\"publisher\":{\"@id\":\"https:\/\/letrame.com\/catalogo\/#organization\"},\"potentialAction\":[{\"@type\":\"SearchAction\",\"target\":{\"@type\":\"EntryPoint\",\"urlTemplate\":\"https:\/\/letrame.com\/catalogo\/?s={search_term_string}\"},\"query-input\":{\"@type\":\"PropertyValueSpecification\",\"valueRequired\":true,\"valueName\":\"search_term_string\"}}],\"inLanguage\":\"es\"},{\"@type\":\"Organization\",\"@id\":\"https:\/\/letrame.com\/catalogo\/#organization\",\"name\":\"Catalogo | Letrame Grupo Editorial\",\"url\":\"https:\/\/letrame.com\/catalogo\/\",\"logo\":{\"@type\":\"ImageObject\",\"inLanguage\":\"es\",\"@id\":\"https:\/\/letrame.com\/catalogo\/#\/schema\/logo\/image\/\",\"url\":\"https:\/\/letrame.com\/catalogo\/wp-content\/uploads\/2024\/03\/logo2.webp\",\"contentUrl\":\"https:\/\/letrame.com\/catalogo\/wp-content\/uploads\/2024\/03\/logo2.webp\",\"width\":394,\"height\":128,\"caption\":\"Catalogo | Letrame Grupo Editorial\"},\"image\":{\"@id\":\"https:\/\/letrame.com\/catalogo\/#\/schema\/logo\/image\/\"}}]}<\/script>\n<!-- \/ Yoast SEO plugin. -->","yoast_head_json":{"title":"Hip\u00f3tesis hip\u00f3crita - Catalogo | Letrame Grupo Editorial","robots":{"index":"index","follow":"follow","max-snippet":"max-snippet:-1","max-image-preview":"max-image-preview:large","max-video-preview":"max-video-preview:-1"},"canonical":"https:\/\/letrame.com\/catalogo\/producto\/hipotesis-hipocrita\/","og_locale":"es_ES","og_type":"article","og_title":"Hip\u00f3tesis hip\u00f3crita - Catalogo | Letrame Grupo Editorial","og_description":"ISBN 978-84-1114-309-7      Un paseo eterno lleno de piedras y flores,  un camino interminable lleno de madurez e inmadurez.  Decisiones constantes pero no permanentes  decisiones de contrastes en ideolog\u00eda.  &nbsp;  Crecer como acto real y no simb\u00f3lico.  Acto real crudo en su totalidad.  &nbsp;  Una obra escrita en luz,  dedicada a quien est\u00e1 en la oscuridad.  &nbsp;  J&amp;E  Con mi coraz\u00f3n abierto","og_url":"https:\/\/letrame.com\/catalogo\/producto\/hipotesis-hipocrita\/","og_site_name":"Catalogo | Letrame Grupo Editorial","article_modified_time":"2024-08-16T08:51:38+00:00","og_image":[{"width":1814,"height":2560,"url":"https:\/\/letrame.com\/catalogo\/wp-content\/uploads\/2024\/04\/hipotessis-hipocrita-scaled-1.jpeg","type":"image\/jpeg"}],"twitter_card":"summary_large_image","twitter_misc":{"Tiempo de lectura":"1 minuto"},"schema":{"@context":"https:\/\/schema.org","@graph":[{"@type":"WebPage","@id":"https:\/\/letrame.com\/catalogo\/producto\/hipotesis-hipocrita\/","url":"https:\/\/letrame.com\/catalogo\/producto\/hipotesis-hipocrita\/","name":"Hip\u00f3tesis hip\u00f3crita - Catalogo | Letrame Grupo Editorial","isPartOf":{"@id":"https:\/\/letrame.com\/catalogo\/#website"},"primaryImageOfPage":{"@id":"https:\/\/letrame.com\/catalogo\/producto\/hipotesis-hipocrita\/#primaryimage"},"image":{"@id":"https:\/\/letrame.com\/catalogo\/producto\/hipotesis-hipocrita\/#primaryimage"},"thumbnailUrl":"https:\/\/letrame.com\/catalogo\/wp-content\/uploads\/2024\/04\/hipotessis-hipocrita-scaled-1.jpeg","datePublished":"2024-04-29T11:49:23+00:00","dateModified":"2024-08-16T08:51:38+00:00","breadcrumb":{"@id":"https:\/\/letrame.com\/catalogo\/producto\/hipotesis-hipocrita\/#breadcrumb"},"inLanguage":"es","potentialAction":[{"@type":"ReadAction","target":["https:\/\/letrame.com\/catalogo\/producto\/hipotesis-hipocrita\/"]}]},{"@type":"ImageObject","inLanguage":"es","@id":"https:\/\/letrame.com\/catalogo\/producto\/hipotesis-hipocrita\/#primaryimage","url":"https:\/\/letrame.com\/catalogo\/wp-content\/uploads\/2024\/04\/hipotessis-hipocrita-scaled-1.jpeg","contentUrl":"https:\/\/letrame.com\/catalogo\/wp-content\/uploads\/2024\/04\/hipotessis-hipocrita-scaled-1.jpeg","width":1814,"height":2560},{"@type":"BreadcrumbList","@id":"https:\/\/letrame.com\/catalogo\/producto\/hipotesis-hipocrita\/#breadcrumb","itemListElement":[{"@type":"ListItem","position":1,"name":"Portada","item":"https:\/\/letrame.com\/catalogo\/"},{"@type":"ListItem","position":2,"name":"Cat\u00e1logo","item":"https:\/\/letrame.com\/catalogo\/"},{"@type":"ListItem","position":3,"name":"Hip\u00f3tesis hip\u00f3crita"}]},{"@type":"WebSite","@id":"https:\/\/letrame.com\/catalogo\/#website","url":"https:\/\/letrame.com\/catalogo\/","name":"Catalogo | Letrame Grupo Editorial","description":"","publisher":{"@id":"https:\/\/letrame.com\/catalogo\/#organization"},"potentialAction":[{"@type":"SearchAction","target":{"@type":"EntryPoint","urlTemplate":"https:\/\/letrame.com\/catalogo\/?s={search_term_string}"},"query-input":{"@type":"PropertyValueSpecification","valueRequired":true,"valueName":"search_term_string"}}],"inLanguage":"es"},{"@type":"Organization","@id":"https:\/\/letrame.com\/catalogo\/#organization","name":"Catalogo | Letrame Grupo Editorial","url":"https:\/\/letrame.com\/catalogo\/","logo":{"@type":"ImageObject","inLanguage":"es","@id":"https:\/\/letrame.com\/catalogo\/#\/schema\/logo\/image\/","url":"https:\/\/letrame.com\/catalogo\/wp-content\/uploads\/2024\/03\/logo2.webp","contentUrl":"https:\/\/letrame.com\/catalogo\/wp-content\/uploads\/2024\/03\/logo2.webp","width":394,"height":128,"caption":"Catalogo | Letrame Grupo Editorial"},"image":{"@id":"https:\/\/letrame.com\/catalogo\/#\/schema\/logo\/image\/"}}]}},"_links":{"self":[{"href":"https:\/\/letrame.com\/catalogo\/wp-json\/wp\/v2\/product\/97382","targetHints":{"allow":["GET"]}}],"collection":[{"href":"https:\/\/letrame.com\/catalogo\/wp-json\/wp\/v2\/product"}],"about":[{"href":"https:\/\/letrame.com\/catalogo\/wp-json\/wp\/v2\/types\/product"}],"replies":[{"embeddable":true,"href":"https:\/\/letrame.com\/catalogo\/wp-json\/wp\/v2\/comments?post=97382"}],"acf:post":[{"embeddable":true,"href":"https:\/\/letrame.com\/catalogo\/wp-json\/wp\/v2\/author_book\/75968"}],"wp:featuredmedia":[{"embeddable":true,"href":"https:\/\/letrame.com\/catalogo\/wp-json\/wp\/v2\/media\/97383"}],"wp:attachment":[{"href":"https:\/\/letrame.com\/catalogo\/wp-json\/wp\/v2\/media?parent=97382"}],"wp:term":[{"taxonomy":"libro","embeddable":true,"href":"https:\/\/letrame.com\/catalogo\/wp-json\/wp\/v2\/libro?post=97382"},{"taxonomy":"product_brand","embeddable":true,"href":"https:\/\/letrame.com\/catalogo\/wp-json\/wp\/v2\/product_brand?post=97382"},{"taxonomy":"product_cat","embeddable":true,"href":"https:\/\/letrame.com\/catalogo\/wp-json\/wp\/v2\/product_cat?post=97382"},{"taxonomy":"product_tag","embeddable":true,"href":"https:\/\/letrame.com\/catalogo\/wp-json\/wp\/v2\/product_tag?post=97382"}],"curies":[{"name":"wp","href":"https:\/\/api.w.org\/{rel}","templated":true}]}}