{"id":97380,"date":"2024-04-29T13:49:23","date_gmt":"2024-04-29T11:49:23","guid":{"rendered":"https:\/\/letrame.com\/catalogo\/producto\/el-branding-de-la-sonrisa\/"},"modified":"2024-08-16T10:53:44","modified_gmt":"2024-08-16T08:53:44","slug":"el-branding-de-la-sonrisa","status":"publish","type":"product","link":"https:\/\/letrame.com\/catalogo\/producto\/el-branding-de-la-sonrisa\/","title":{"rendered":"El branding de la sonrisa"},"content":{"rendered":"<div class=\"page\" title=\"Page 6\">\n<div class=\"layoutArea\">\n<div class=\"column\">\n<p><strong>ISBN<\/strong>: 978-84-1114-237-3<\/p>\n<\/div>\n<\/div>\n<\/div>\n<p><b>T\u00edtulo<\/b><span style=\"font-weight: 400;\">: El branding de la sonrisa<\/span><span style=\"font-weight: 400;\"><br \/>\n<\/span><b>Fecha<\/b><span style=\"font-weight: 400;\">: 2021<\/span><span style=\"font-weight: 400;\"><br \/>\n<\/span><b>P\u00e1ginas<\/b><span style=\"font-weight: 400;\">: 140<\/span><\/p>\n<p><b>SINOPSIS<\/b><\/p>\n<p><em>La Branding de la sonrisa<\/em> es una ruta guiada por la mismidad de la empresa. Desde su inicio, y prestando especial atenci\u00f3n al car\u00e1cter emprendedor de quien la pone en marcha hasta la importancia de la convivencia profesional y personal de quienes la viven.<\/p>\n<p>A trav\u00e9s de opiniones y vivencias personales, Jorge Dom\u00e9nech nos lleva sin sobresaltos por un camino que recorre los diferentes momentos clave que a empleador y empleado les corresponde vivir en primera persona. Haciendo especial \u00e9nfasis en la importancia de los valores y la actitud como clave del \u00e9xito.<\/p>\n<p><em>El branding de la sonrisa<\/em> habla de liderazgo, de comunicaci\u00f3n, de motivaci\u00f3n, de enfoque al cliente, de \u00e9tica empresarial\u2026\u00a0 Habla del momento de la entrevista de trabajo, del despido, de la gesti\u00f3n del tiempo, de la resoluci\u00f3n de conflictos, de los momentos de crisis y de la importancia de la conciliaci\u00f3n vida-trabajo. En resumen, treinta apartados que recogen los momentos m\u00e1s importantes de la vida en la empresa, aportando un enfoque totalmente personal acerca de c\u00f3mo afrontarlos.<\/p>\n<p>&nbsp;<\/p>\n","protected":false},"excerpt":{"rendered":"<p><strong>ISBN: 978-84-1114-237-3<\/strong><\/p>\n<p><em>El branding de la sonrisa<\/em> habla de liderazgo, de comunicaci\u00f3n, de motivaci\u00f3n, de enfoque al cliente, de \u00e9tica empresarial\u2026\u00a0 Habla del momento de la entrevista de trabajo, del despido, de la gesti\u00f3n del tiempo, de la resoluci\u00f3n de conflictos, de los momentos de crisis y de la importancia de la conciliaci\u00f3n vida-trabajo. En resumen, treinta apartados que recogen los momentos m\u00e1s importantes de la vida en la empresa, aportando un enfoque totalmente personal acerca de c\u00f3mo afrontarlos.<\/p>\n<p>&nbsp;<\/p>\n","protected":false},"featured_media":97381,"comment_status":"closed","ping_status":"closed","template":"","meta":{"_acf_changed":false},"libro":[],"product_brand":[],"product_cat":[22,23],"product_tag":[],"class_list":{"0":"post-97380","1":"product","2":"type-product","3":"status-publish","4":"has-post-thumbnail","6":"product_cat-docencia","7":"product_cat-ensayos","9":"first","10":"instock","11":"product-type-simple"},"acf":{"autor":[75966],"enlace_de_compra":"https:\/\/amzn.to\/3YJurPV"},"yoast_head":"<!-- This site is optimized with the Yoast SEO plugin v27.4 - https:\/\/yoast.com\/product\/yoast-seo-wordpress\/ -->\n<title>El branding de la sonrisa - Catalogo | Letrame Grupo Editorial<\/title>\n<meta name=\"robots\" content=\"index, follow, max-snippet:-1, max-image-preview:large, max-video-preview:-1\" \/>\n<link rel=\"canonical\" href=\"https:\/\/letrame.com\/catalogo\/producto\/el-branding-de-la-sonrisa\/\" \/>\n<meta property=\"og:locale\" content=\"es_ES\" \/>\n<meta property=\"og:type\" content=\"article\" \/>\n<meta property=\"og:title\" content=\"El branding de la sonrisa - Catalogo | Letrame Grupo Editorial\" \/>\n<meta property=\"og:description\" content=\"ISBN: 978-84-1114-237-3  El branding de la sonrisa habla de liderazgo, de comunicaci\u00f3n, de motivaci\u00f3n, de enfoque al cliente, de \u00e9tica empresarial\u2026\u00a0 Habla del momento de la entrevista de trabajo, del despido, de la gesti\u00f3n del tiempo, de la resoluci\u00f3n de conflictos, de los momentos de crisis y de la importancia de la conciliaci\u00f3n vida-trabajo. En resumen, treinta apartados que recogen los momentos m\u00e1s importantes de la vida en la empresa, aportando un enfoque totalmente personal acerca de c\u00f3mo afrontarlos.  &nbsp;\" \/>\n<meta property=\"og:url\" content=\"https:\/\/letrame.com\/catalogo\/producto\/el-branding-de-la-sonrisa\/\" \/>\n<meta property=\"og:site_name\" content=\"Catalogo | Letrame Grupo Editorial\" \/>\n<meta property=\"article:modified_time\" content=\"2024-08-16T08:53:44+00:00\" \/>\n<meta property=\"og:image\" content=\"https:\/\/letrame.com\/catalogo\/wp-content\/uploads\/2024\/04\/El-branding-de-la-sonrisa-scaled-1.jpeg\" \/>\n\t<meta property=\"og:image:width\" content=\"1746\" \/>\n\t<meta property=\"og:image:height\" content=\"2560\" \/>\n\t<meta property=\"og:image:type\" content=\"image\/jpeg\" \/>\n<meta name=\"twitter:card\" content=\"summary_large_image\" \/>\n<meta name=\"twitter:label1\" content=\"Tiempo de lectura\" \/>\n\t<meta name=\"twitter:data1\" content=\"2 minutos\" \/>\n<script type=\"application\/ld+json\" class=\"yoast-schema-graph\">{\"@context\":\"https:\\\/\\\/schema.org\",\"@graph\":[{\"@type\":\"WebPage\",\"@id\":\"https:\\\/\\\/letrame.com\\\/catalogo\\\/producto\\\/el-branding-de-la-sonrisa\\\/\",\"url\":\"https:\\\/\\\/letrame.com\\\/catalogo\\\/producto\\\/el-branding-de-la-sonrisa\\\/\",\"name\":\"El branding de la sonrisa - Catalogo | Letrame Grupo Editorial\",\"isPartOf\":{\"@id\":\"https:\\\/\\\/letrame.com\\\/catalogo\\\/#website\"},\"primaryImageOfPage\":{\"@id\":\"https:\\\/\\\/letrame.com\\\/catalogo\\\/producto\\\/el-branding-de-la-sonrisa\\\/#primaryimage\"},\"image\":{\"@id\":\"https:\\\/\\\/letrame.com\\\/catalogo\\\/producto\\\/el-branding-de-la-sonrisa\\\/#primaryimage\"},\"thumbnailUrl\":\"https:\\\/\\\/letrame.com\\\/catalogo\\\/wp-content\\\/uploads\\\/2024\\\/04\\\/El-branding-de-la-sonrisa-scaled-1.jpeg\",\"datePublished\":\"2024-04-29T11:49:23+00:00\",\"dateModified\":\"2024-08-16T08:53:44+00:00\",\"breadcrumb\":{\"@id\":\"https:\\\/\\\/letrame.com\\\/catalogo\\\/producto\\\/el-branding-de-la-sonrisa\\\/#breadcrumb\"},\"inLanguage\":\"es\",\"potentialAction\":[{\"@type\":\"ReadAction\",\"target\":[\"https:\\\/\\\/letrame.com\\\/catalogo\\\/producto\\\/el-branding-de-la-sonrisa\\\/\"]}]},{\"@type\":\"ImageObject\",\"inLanguage\":\"es\",\"@id\":\"https:\\\/\\\/letrame.com\\\/catalogo\\\/producto\\\/el-branding-de-la-sonrisa\\\/#primaryimage\",\"url\":\"https:\\\/\\\/letrame.com\\\/catalogo\\\/wp-content\\\/uploads\\\/2024\\\/04\\\/El-branding-de-la-sonrisa-scaled-1.jpeg\",\"contentUrl\":\"https:\\\/\\\/letrame.com\\\/catalogo\\\/wp-content\\\/uploads\\\/2024\\\/04\\\/El-branding-de-la-sonrisa-scaled-1.jpeg\",\"width\":1746,\"height\":2560},{\"@type\":\"BreadcrumbList\",\"@id\":\"https:\\\/\\\/letrame.com\\\/catalogo\\\/producto\\\/el-branding-de-la-sonrisa\\\/#breadcrumb\",\"itemListElement\":[{\"@type\":\"ListItem\",\"position\":1,\"name\":\"Portada\",\"item\":\"https:\\\/\\\/letrame.com\\\/catalogo\\\/\"},{\"@type\":\"ListItem\",\"position\":2,\"name\":\"Cat\u00e1logo\",\"item\":\"https:\\\/\\\/letrame.com\\\/catalogo\\\/\"},{\"@type\":\"ListItem\",\"position\":3,\"name\":\"El branding de la sonrisa\"}]},{\"@type\":\"WebSite\",\"@id\":\"https:\\\/\\\/letrame.com\\\/catalogo\\\/#website\",\"url\":\"https:\\\/\\\/letrame.com\\\/catalogo\\\/\",\"name\":\"Catalogo | Letrame Grupo Editorial\",\"description\":\"\",\"publisher\":{\"@id\":\"https:\\\/\\\/letrame.com\\\/catalogo\\\/#organization\"},\"potentialAction\":[{\"@type\":\"SearchAction\",\"target\":{\"@type\":\"EntryPoint\",\"urlTemplate\":\"https:\\\/\\\/letrame.com\\\/catalogo\\\/?s={search_term_string}\"},\"query-input\":{\"@type\":\"PropertyValueSpecification\",\"valueRequired\":true,\"valueName\":\"search_term_string\"}}],\"inLanguage\":\"es\"},{\"@type\":\"Organization\",\"@id\":\"https:\\\/\\\/letrame.com\\\/catalogo\\\/#organization\",\"name\":\"Catalogo | Letrame Grupo Editorial\",\"url\":\"https:\\\/\\\/letrame.com\\\/catalogo\\\/\",\"logo\":{\"@type\":\"ImageObject\",\"inLanguage\":\"es\",\"@id\":\"https:\\\/\\\/letrame.com\\\/catalogo\\\/#\\\/schema\\\/logo\\\/image\\\/\",\"url\":\"https:\\\/\\\/letrame.com\\\/catalogo\\\/wp-content\\\/uploads\\\/2024\\\/03\\\/logo2.webp\",\"contentUrl\":\"https:\\\/\\\/letrame.com\\\/catalogo\\\/wp-content\\\/uploads\\\/2024\\\/03\\\/logo2.webp\",\"width\":394,\"height\":128,\"caption\":\"Catalogo | Letrame Grupo Editorial\"},\"image\":{\"@id\":\"https:\\\/\\\/letrame.com\\\/catalogo\\\/#\\\/schema\\\/logo\\\/image\\\/\"}}]}<\/script>\n<!-- \/ Yoast SEO plugin. -->","yoast_head_json":{"title":"El branding de la sonrisa - Catalogo | Letrame Grupo Editorial","robots":{"index":"index","follow":"follow","max-snippet":"max-snippet:-1","max-image-preview":"max-image-preview:large","max-video-preview":"max-video-preview:-1"},"canonical":"https:\/\/letrame.com\/catalogo\/producto\/el-branding-de-la-sonrisa\/","og_locale":"es_ES","og_type":"article","og_title":"El branding de la sonrisa - Catalogo | Letrame Grupo Editorial","og_description":"ISBN: 978-84-1114-237-3  El branding de la sonrisa habla de liderazgo, de comunicaci\u00f3n, de motivaci\u00f3n, de enfoque al cliente, de \u00e9tica empresarial\u2026\u00a0 Habla del momento de la entrevista de trabajo, del despido, de la gesti\u00f3n del tiempo, de la resoluci\u00f3n de conflictos, de los momentos de crisis y de la importancia de la conciliaci\u00f3n vida-trabajo. En resumen, treinta apartados que recogen los momentos m\u00e1s importantes de la vida en la empresa, aportando un enfoque totalmente personal acerca de c\u00f3mo afrontarlos.  &nbsp;","og_url":"https:\/\/letrame.com\/catalogo\/producto\/el-branding-de-la-sonrisa\/","og_site_name":"Catalogo | Letrame Grupo Editorial","article_modified_time":"2024-08-16T08:53:44+00:00","og_image":[{"width":1746,"height":2560,"url":"https:\/\/letrame.com\/catalogo\/wp-content\/uploads\/2024\/04\/El-branding-de-la-sonrisa-scaled-1.jpeg","type":"image\/jpeg"}],"twitter_card":"summary_large_image","twitter_misc":{"Tiempo de lectura":"2 minutos"},"schema":{"@context":"https:\/\/schema.org","@graph":[{"@type":"WebPage","@id":"https:\/\/letrame.com\/catalogo\/producto\/el-branding-de-la-sonrisa\/","url":"https:\/\/letrame.com\/catalogo\/producto\/el-branding-de-la-sonrisa\/","name":"El branding de la sonrisa - Catalogo | Letrame Grupo Editorial","isPartOf":{"@id":"https:\/\/letrame.com\/catalogo\/#website"},"primaryImageOfPage":{"@id":"https:\/\/letrame.com\/catalogo\/producto\/el-branding-de-la-sonrisa\/#primaryimage"},"image":{"@id":"https:\/\/letrame.com\/catalogo\/producto\/el-branding-de-la-sonrisa\/#primaryimage"},"thumbnailUrl":"https:\/\/letrame.com\/catalogo\/wp-content\/uploads\/2024\/04\/El-branding-de-la-sonrisa-scaled-1.jpeg","datePublished":"2024-04-29T11:49:23+00:00","dateModified":"2024-08-16T08:53:44+00:00","breadcrumb":{"@id":"https:\/\/letrame.com\/catalogo\/producto\/el-branding-de-la-sonrisa\/#breadcrumb"},"inLanguage":"es","potentialAction":[{"@type":"ReadAction","target":["https:\/\/letrame.com\/catalogo\/producto\/el-branding-de-la-sonrisa\/"]}]},{"@type":"ImageObject","inLanguage":"es","@id":"https:\/\/letrame.com\/catalogo\/producto\/el-branding-de-la-sonrisa\/#primaryimage","url":"https:\/\/letrame.com\/catalogo\/wp-content\/uploads\/2024\/04\/El-branding-de-la-sonrisa-scaled-1.jpeg","contentUrl":"https:\/\/letrame.com\/catalogo\/wp-content\/uploads\/2024\/04\/El-branding-de-la-sonrisa-scaled-1.jpeg","width":1746,"height":2560},{"@type":"BreadcrumbList","@id":"https:\/\/letrame.com\/catalogo\/producto\/el-branding-de-la-sonrisa\/#breadcrumb","itemListElement":[{"@type":"ListItem","position":1,"name":"Portada","item":"https:\/\/letrame.com\/catalogo\/"},{"@type":"ListItem","position":2,"name":"Cat\u00e1logo","item":"https:\/\/letrame.com\/catalogo\/"},{"@type":"ListItem","position":3,"name":"El branding de la sonrisa"}]},{"@type":"WebSite","@id":"https:\/\/letrame.com\/catalogo\/#website","url":"https:\/\/letrame.com\/catalogo\/","name":"Catalogo | Letrame Grupo Editorial","description":"","publisher":{"@id":"https:\/\/letrame.com\/catalogo\/#organization"},"potentialAction":[{"@type":"SearchAction","target":{"@type":"EntryPoint","urlTemplate":"https:\/\/letrame.com\/catalogo\/?s={search_term_string}"},"query-input":{"@type":"PropertyValueSpecification","valueRequired":true,"valueName":"search_term_string"}}],"inLanguage":"es"},{"@type":"Organization","@id":"https:\/\/letrame.com\/catalogo\/#organization","name":"Catalogo | Letrame Grupo Editorial","url":"https:\/\/letrame.com\/catalogo\/","logo":{"@type":"ImageObject","inLanguage":"es","@id":"https:\/\/letrame.com\/catalogo\/#\/schema\/logo\/image\/","url":"https:\/\/letrame.com\/catalogo\/wp-content\/uploads\/2024\/03\/logo2.webp","contentUrl":"https:\/\/letrame.com\/catalogo\/wp-content\/uploads\/2024\/03\/logo2.webp","width":394,"height":128,"caption":"Catalogo | Letrame Grupo Editorial"},"image":{"@id":"https:\/\/letrame.com\/catalogo\/#\/schema\/logo\/image\/"}}]}},"_links":{"self":[{"href":"https:\/\/letrame.com\/catalogo\/wp-json\/wp\/v2\/product\/97380","targetHints":{"allow":["GET"]}}],"collection":[{"href":"https:\/\/letrame.com\/catalogo\/wp-json\/wp\/v2\/product"}],"about":[{"href":"https:\/\/letrame.com\/catalogo\/wp-json\/wp\/v2\/types\/product"}],"replies":[{"embeddable":true,"href":"https:\/\/letrame.com\/catalogo\/wp-json\/wp\/v2\/comments?post=97380"}],"acf:post":[{"embeddable":true,"href":"https:\/\/letrame.com\/catalogo\/wp-json\/wp\/v2\/author_book\/75966"}],"wp:featuredmedia":[{"embeddable":true,"href":"https:\/\/letrame.com\/catalogo\/wp-json\/wp\/v2\/media\/97381"}],"wp:attachment":[{"href":"https:\/\/letrame.com\/catalogo\/wp-json\/wp\/v2\/media?parent=97380"}],"wp:term":[{"taxonomy":"libro","embeddable":true,"href":"https:\/\/letrame.com\/catalogo\/wp-json\/wp\/v2\/libro?post=97380"},{"taxonomy":"product_brand","embeddable":true,"href":"https:\/\/letrame.com\/catalogo\/wp-json\/wp\/v2\/product_brand?post=97380"},{"taxonomy":"product_cat","embeddable":true,"href":"https:\/\/letrame.com\/catalogo\/wp-json\/wp\/v2\/product_cat?post=97380"},{"taxonomy":"product_tag","embeddable":true,"href":"https:\/\/letrame.com\/catalogo\/wp-json\/wp\/v2\/product_tag?post=97380"}],"curies":[{"name":"wp","href":"https:\/\/api.w.org\/{rel}","templated":true}]}}