{"id":97365,"date":"2024-04-29T13:46:11","date_gmt":"2024-04-29T11:46:11","guid":{"rendered":"https:\/\/letrame.com\/catalogo\/producto\/eros-el-principio-de-la-cai_da-de-los-angeles-y-demoniosl\/"},"modified":"2024-04-29T13:46:11","modified_gmt":"2024-04-29T11:46:11","slug":"eros-el-principio-de-la-cai_da-de-los-angeles-y-demoniosl","status":"publish","type":"product","link":"https:\/\/letrame.com\/catalogo\/producto\/eros-el-principio-de-la-cai_da-de-los-angeles-y-demoniosl\/","title":{"rendered":"EROS. El principio de la cai_da de los \u00e1ngeles y demoniosl"},"content":{"rendered":"<div class=\"page\" title=\"Page 6\">\n<div class=\"layoutArea\">\n<div class=\"column\">\n<p><strong>ISBN<\/strong>: 978-84-1114-257-1<\/p>\n<\/div>\n<\/div>\n<\/div>\n<p><b>T\u00edtulo<\/b><span style=\"font-weight: 400;\">: EROS. El principio de la cai_da de los \u00e1ngeles y demonios<\/span><span style=u\"font-weight: 400;\"><br \/>\n<\/span><b>Fecha<\/b><span style=\"font-weight: 400;\">: 2021<\/span><span style=\"font-weight: 400;\"><br \/>\n<\/span><b>P\u00e1ginas<\/b><span style=\"font-weight: 400;\">: 772<\/span><\/p>\n<p><b>SINOPSIS<\/b><\/p>\n<p>\u00ab\u2026 \u2014\u00bfEsto es todo lo que tienes? \u2014vociferaba a los cuatro vientos\u2014. No me hagas re\u00edr.<\/p>\n<p>Como un llamado de guerra, dio un grito tan potente que el cielo se abri\u00f3. La cruel ventisca sucumbiendo a su voluntad se despej\u00f3 a varios cientos de metros a la redonda. Conforme avanzaba, los nubarrones perd\u00edan poco a poco su furia, hasta quedar un cielo tan despejado como al inicio de esa ma\u00f1ana\u00a0\u2026\u00bb.<\/p>\n<p>Tra\u00eddo de vuelta por Primado, Eros descubre la verdad sobre sus habilidades y destrezas \u00fanicas entendiendo que tanto el Arc\u00e1ngel Miguel como Lucifer le ocultaron el enorme potencial que pose\u00eda tras una existencia mortal que se caracteriz\u00f3 por una infancia enfermiza, una adolescencia vigorosa, una trayectoria acad\u00e9mica melanc\u00f3lica y una madurez llena de fortuna y plenitud familiar, hasta el fat\u00eddico accidente que acab\u00f3 con su estilo de vida y que lo encaminar\u00eda\u00a0hacia el sendero de la espiritualidad, metaf\u00edsica y el entendimiento del porqu\u00e9 de las cosas; ha decidido que es el momento de que \u00e9l tome las riendas de su destino ejecutando acciones que resonar\u00e1n hasta los confines m\u00e1s rec\u00f3nditos del universo y que, seguramente, llamar\u00e1n la atenci\u00f3n de los poderosos.<\/p>\n<p>El autor de\u00a0<em>Eros: El principio de la ca\u00edda de los \u00c1ngeles y Demonios<\/em>\u00a0nos transporta a una fascinante realidad alternativa, donde se revelan nuevas aplicaciones tecnol\u00f3gicas, ideas sobre el origen de\u00a0la vida y c\u00f3mo la espiritualidad tiene presencia en todo. Convergiendo con fuerzas que han trazado el curso de la humanidad desde su concepci\u00f3n y que estando escondidas entre la luz y la oscuridad, ahora se exhiben cuando ven dar comienzo a una profec\u00eda que implica el final de todo lo que se conoce.<\/p>\n<p>&nbsp;<\/p>\n","protected":false},"excerpt":{"rendered":"<div class=\"page\" title=\"Page 6\">\n<div class=\"layoutArea\">\n<div class=\"column\">\n<p><strong>ISBN: 978-84-1114-257-1<\/strong><\/p>\n<\/div>\n<\/div>\n<\/div>\n<p>El autor de\u00a0<em>Eros: El principio de la ca\u00edda de los \u00c1ngeles y Demonios<\/em>\u00a0nos transporta a una fascinante realidad alternativa, donde se revelan nuevas aplicaciones tecnol\u00f3gicas, ideas sobre el origen de\u00a0la vida y c\u00f3mo la espiritualidad tiene presencia en todo. Convergiendo con fuerzas que han trazado el curso de la humanidad desde su concepci\u00f3n y que estando escondidas entre la luz y la oscuridad, ahora se exhiben cuando ven dar comienzo a una profec\u00eda que implica el final de todo lo que se conoce.<\/p>\n","protected":false},"featured_media":97366,"comment_status":"closed","ping_status":"open","template":"","meta":{"_acf_changed":false},"libro":[],"product_brand":[],"product_cat":[16],"product_tag":[],"class_list":{"0":"post-97365","1":"product","2":"type-product","3":"status-publish","4":"has-post-thumbnail","6":"product_cat-novela","8":"first","9":"instock","10":"purchasable","11":"product-type-simple"},"acf":{"autor":[75955],"enlace_de_compra":""},"yoast_head":"<!-- This site is optimized with the Yoast SEO plugin v27.4 - https:\/\/yoast.com\/product\/yoast-seo-wordpress\/ -->\n<title>EROS. El principio de la cai_da de los \u00e1ngeles y demoniosl - Catalogo | Letrame Grupo Editorial<\/title>\n<meta name=\"robots\" content=\"index, follow, max-snippet:-1, max-image-preview:large, max-video-preview:-1\" \/>\n<link rel=\"canonical\" href=\"https:\/\/letrame.com\/catalogo\/producto\/eros-el-principio-de-la-cai_da-de-los-angeles-y-demoniosl\/\" \/>\n<meta property=\"og:locale\" content=\"es_ES\" \/>\n<meta property=\"og:type\" content=\"article\" \/>\n<meta property=\"og:title\" content=\"EROS. El principio de la cai_da de los \u00e1ngeles y demoniosl - Catalogo | Letrame Grupo Editorial\" \/>\n<meta property=\"og:description\" content=\"ISBN: 978-84-1114-257-1   El autor de\u00a0Eros: El principio de la ca\u00edda de los \u00c1ngeles y Demonios\u00a0nos transporta a una fascinante realidad alternativa, donde se revelan nuevas aplicaciones tecnol\u00f3gicas, ideas sobre el origen de\u00a0la vida y c\u00f3mo la espiritualidad tiene presencia en todo. Convergiendo con fuerzas que han trazado el curso de la humanidad desde su concepci\u00f3n y que estando escondidas entre la luz y la oscuridad, ahora se exhiben cuando ven dar comienzo a una profec\u00eda que implica el final de todo lo que se conoce.\" \/>\n<meta property=\"og:url\" content=\"https:\/\/letrame.com\/catalogo\/producto\/eros-el-principio-de-la-cai_da-de-los-angeles-y-demoniosl\/\" \/>\n<meta property=\"og:site_name\" content=\"Catalogo | Letrame Grupo Editorial\" \/>\n<meta property=\"og:image\" content=\"https:\/\/letrame.com\/catalogo\/wp-content\/uploads\/2024\/04\/EROS-scaled-1.jpeg\" \/>\n\t<meta property=\"og:image:width\" content=\"1746\" \/>\n\t<meta property=\"og:image:height\" content=\"2560\" \/>\n\t<meta property=\"og:image:type\" content=\"image\/jpeg\" \/>\n<meta name=\"twitter:card\" content=\"summary_large_image\" \/>\n<meta name=\"twitter:label1\" content=\"Tiempo de lectura\" \/>\n\t<meta name=\"twitter:data1\" content=\"2 minutos\" \/>\n<script type=\"application\/ld+json\" class=\"yoast-schema-graph\">{\"@context\":\"https:\\\/\\\/schema.org\",\"@graph\":[{\"@type\":\"WebPage\",\"@id\":\"https:\\\/\\\/letrame.com\\\/catalogo\\\/producto\\\/eros-el-principio-de-la-cai_da-de-los-angeles-y-demoniosl\\\/\",\"url\":\"https:\\\/\\\/letrame.com\\\/catalogo\\\/producto\\\/eros-el-principio-de-la-cai_da-de-los-angeles-y-demoniosl\\\/\",\"name\":\"EROS. El principio de la cai_da de los \u00e1ngeles y demoniosl - Catalogo | Letrame Grupo Editorial\",\"isPartOf\":{\"@id\":\"https:\\\/\\\/letrame.com\\\/catalogo\\\/#website\"},\"primaryImageOfPage\":{\"@id\":\"https:\\\/\\\/letrame.com\\\/catalogo\\\/producto\\\/eros-el-principio-de-la-cai_da-de-los-angeles-y-demoniosl\\\/#primaryimage\"},\"image\":{\"@id\":\"https:\\\/\\\/letrame.com\\\/catalogo\\\/producto\\\/eros-el-principio-de-la-cai_da-de-los-angeles-y-demoniosl\\\/#primaryimage\"},\"thumbnailUrl\":\"https:\\\/\\\/letrame.com\\\/catalogo\\\/wp-content\\\/uploads\\\/2024\\\/04\\\/EROS-scaled-1.jpeg\",\"datePublished\":\"2024-04-29T11:46:11+00:00\",\"breadcrumb\":{\"@id\":\"https:\\\/\\\/letrame.com\\\/catalogo\\\/producto\\\/eros-el-principio-de-la-cai_da-de-los-angeles-y-demoniosl\\\/#breadcrumb\"},\"inLanguage\":\"es\",\"potentialAction\":[{\"@type\":\"ReadAction\",\"target\":[\"https:\\\/\\\/letrame.com\\\/catalogo\\\/producto\\\/eros-el-principio-de-la-cai_da-de-los-angeles-y-demoniosl\\\/\"]}]},{\"@type\":\"ImageObject\",\"inLanguage\":\"es\",\"@id\":\"https:\\\/\\\/letrame.com\\\/catalogo\\\/producto\\\/eros-el-principio-de-la-cai_da-de-los-angeles-y-demoniosl\\\/#primaryimage\",\"url\":\"https:\\\/\\\/letrame.com\\\/catalogo\\\/wp-content\\\/uploads\\\/2024\\\/04\\\/EROS-scaled-1.jpeg\",\"contentUrl\":\"https:\\\/\\\/letrame.com\\\/catalogo\\\/wp-content\\\/uploads\\\/2024\\\/04\\\/EROS-scaled-1.jpeg\",\"width\":1746,\"height\":2560},{\"@type\":\"BreadcrumbList\",\"@id\":\"https:\\\/\\\/letrame.com\\\/catalogo\\\/producto\\\/eros-el-principio-de-la-cai_da-de-los-angeles-y-demoniosl\\\/#breadcrumb\",\"itemListElement\":[{\"@type\":\"ListItem\",\"position\":1,\"name\":\"Portada\",\"item\":\"https:\\\/\\\/letrame.com\\\/catalogo\\\/\"},{\"@type\":\"ListItem\",\"position\":2,\"name\":\"Cat\u00e1logo\",\"item\":\"https:\\\/\\\/letrame.com\\\/catalogo\\\/\"},{\"@type\":\"ListItem\",\"position\":3,\"name\":\"EROS. El principio de la cai_da de los \u00e1ngeles y demoniosl\"}]},{\"@type\":\"WebSite\",\"@id\":\"https:\\\/\\\/letrame.com\\\/catalogo\\\/#website\",\"url\":\"https:\\\/\\\/letrame.com\\\/catalogo\\\/\",\"name\":\"Catalogo | Letrame Grupo Editorial\",\"description\":\"\",\"publisher\":{\"@id\":\"https:\\\/\\\/letrame.com\\\/catalogo\\\/#organization\"},\"potentialAction\":[{\"@type\":\"SearchAction\",\"target\":{\"@type\":\"EntryPoint\",\"urlTemplate\":\"https:\\\/\\\/letrame.com\\\/catalogo\\\/?s={search_term_string}\"},\"query-input\":{\"@type\":\"PropertyValueSpecification\",\"valueRequired\":true,\"valueName\":\"search_term_string\"}}],\"inLanguage\":\"es\"},{\"@type\":\"Organization\",\"@id\":\"https:\\\/\\\/letrame.com\\\/catalogo\\\/#organization\",\"name\":\"Catalogo | Letrame Grupo Editorial\",\"url\":\"https:\\\/\\\/letrame.com\\\/catalogo\\\/\",\"logo\":{\"@type\":\"ImageObject\",\"inLanguage\":\"es\",\"@id\":\"https:\\\/\\\/letrame.com\\\/catalogo\\\/#\\\/schema\\\/logo\\\/image\\\/\",\"url\":\"https:\\\/\\\/letrame.com\\\/catalogo\\\/wp-content\\\/uploads\\\/2024\\\/03\\\/logo2.webp\",\"contentUrl\":\"https:\\\/\\\/letrame.com\\\/catalogo\\\/wp-content\\\/uploads\\\/2024\\\/03\\\/logo2.webp\",\"width\":394,\"height\":128,\"caption\":\"Catalogo | Letrame Grupo Editorial\"},\"image\":{\"@id\":\"https:\\\/\\\/letrame.com\\\/catalogo\\\/#\\\/schema\\\/logo\\\/image\\\/\"}}]}<\/script>\n<!-- \/ Yoast SEO plugin. -->","yoast_head_json":{"title":"EROS. El principio de la cai_da de los \u00e1ngeles y demoniosl - Catalogo | Letrame Grupo Editorial","robots":{"index":"index","follow":"follow","max-snippet":"max-snippet:-1","max-image-preview":"max-image-preview:large","max-video-preview":"max-video-preview:-1"},"canonical":"https:\/\/letrame.com\/catalogo\/producto\/eros-el-principio-de-la-cai_da-de-los-angeles-y-demoniosl\/","og_locale":"es_ES","og_type":"article","og_title":"EROS. El principio de la cai_da de los \u00e1ngeles y demoniosl - Catalogo | Letrame Grupo Editorial","og_description":"ISBN: 978-84-1114-257-1   El autor de\u00a0Eros: El principio de la ca\u00edda de los \u00c1ngeles y Demonios\u00a0nos transporta a una fascinante realidad alternativa, donde se revelan nuevas aplicaciones tecnol\u00f3gicas, ideas sobre el origen de\u00a0la vida y c\u00f3mo la espiritualidad tiene presencia en todo. Convergiendo con fuerzas que han trazado el curso de la humanidad desde su concepci\u00f3n y que estando escondidas entre la luz y la oscuridad, ahora se exhiben cuando ven dar comienzo a una profec\u00eda que implica el final de todo lo que se conoce.","og_url":"https:\/\/letrame.com\/catalogo\/producto\/eros-el-principio-de-la-cai_da-de-los-angeles-y-demoniosl\/","og_site_name":"Catalogo | Letrame Grupo Editorial","og_image":[{"width":1746,"height":2560,"url":"https:\/\/letrame.com\/catalogo\/wp-content\/uploads\/2024\/04\/EROS-scaled-1.jpeg","type":"image\/jpeg"}],"twitter_card":"summary_large_image","twitter_misc":{"Tiempo de lectura":"2 minutos"},"schema":{"@context":"https:\/\/schema.org","@graph":[{"@type":"WebPage","@id":"https:\/\/letrame.com\/catalogo\/producto\/eros-el-principio-de-la-cai_da-de-los-angeles-y-demoniosl\/","url":"https:\/\/letrame.com\/catalogo\/producto\/eros-el-principio-de-la-cai_da-de-los-angeles-y-demoniosl\/","name":"EROS. El principio de la cai_da de los \u00e1ngeles y demoniosl - Catalogo | Letrame Grupo Editorial","isPartOf":{"@id":"https:\/\/letrame.com\/catalogo\/#website"},"primaryImageOfPage":{"@id":"https:\/\/letrame.com\/catalogo\/producto\/eros-el-principio-de-la-cai_da-de-los-angeles-y-demoniosl\/#primaryimage"},"image":{"@id":"https:\/\/letrame.com\/catalogo\/producto\/eros-el-principio-de-la-cai_da-de-los-angeles-y-demoniosl\/#primaryimage"},"thumbnailUrl":"https:\/\/letrame.com\/catalogo\/wp-content\/uploads\/2024\/04\/EROS-scaled-1.jpeg","datePublished":"2024-04-29T11:46:11+00:00","breadcrumb":{"@id":"https:\/\/letrame.com\/catalogo\/producto\/eros-el-principio-de-la-cai_da-de-los-angeles-y-demoniosl\/#breadcrumb"},"inLanguage":"es","potentialAction":[{"@type":"ReadAction","target":["https:\/\/letrame.com\/catalogo\/producto\/eros-el-principio-de-la-cai_da-de-los-angeles-y-demoniosl\/"]}]},{"@type":"ImageObject","inLanguage":"es","@id":"https:\/\/letrame.com\/catalogo\/producto\/eros-el-principio-de-la-cai_da-de-los-angeles-y-demoniosl\/#primaryimage","url":"https:\/\/letrame.com\/catalogo\/wp-content\/uploads\/2024\/04\/EROS-scaled-1.jpeg","contentUrl":"https:\/\/letrame.com\/catalogo\/wp-content\/uploads\/2024\/04\/EROS-scaled-1.jpeg","width":1746,"height":2560},{"@type":"BreadcrumbList","@id":"https:\/\/letrame.com\/catalogo\/producto\/eros-el-principio-de-la-cai_da-de-los-angeles-y-demoniosl\/#breadcrumb","itemListElement":[{"@type":"ListItem","position":1,"name":"Portada","item":"https:\/\/letrame.com\/catalogo\/"},{"@type":"ListItem","position":2,"name":"Cat\u00e1logo","item":"https:\/\/letrame.com\/catalogo\/"},{"@type":"ListItem","position":3,"name":"EROS. El principio de la cai_da de los \u00e1ngeles y demoniosl"}]},{"@type":"WebSite","@id":"https:\/\/letrame.com\/catalogo\/#website","url":"https:\/\/letrame.com\/catalogo\/","name":"Catalogo | Letrame Grupo Editorial","description":"","publisher":{"@id":"https:\/\/letrame.com\/catalogo\/#organization"},"potentialAction":[{"@type":"SearchAction","target":{"@type":"EntryPoint","urlTemplate":"https:\/\/letrame.com\/catalogo\/?s={search_term_string}"},"query-input":{"@type":"PropertyValueSpecification","valueRequired":true,"valueName":"search_term_string"}}],"inLanguage":"es"},{"@type":"Organization","@id":"https:\/\/letrame.com\/catalogo\/#organization","name":"Catalogo | Letrame Grupo Editorial","url":"https:\/\/letrame.com\/catalogo\/","logo":{"@type":"ImageObject","inLanguage":"es","@id":"https:\/\/letrame.com\/catalogo\/#\/schema\/logo\/image\/","url":"https:\/\/letrame.com\/catalogo\/wp-content\/uploads\/2024\/03\/logo2.webp","contentUrl":"https:\/\/letrame.com\/catalogo\/wp-content\/uploads\/2024\/03\/logo2.webp","width":394,"height":128,"caption":"Catalogo | Letrame Grupo Editorial"},"image":{"@id":"https:\/\/letrame.com\/catalogo\/#\/schema\/logo\/image\/"}}]}},"_links":{"self":[{"href":"https:\/\/letrame.com\/catalogo\/wp-json\/wp\/v2\/product\/97365","targetHints":{"allow":["GET"]}}],"collection":[{"href":"https:\/\/letrame.com\/catalogo\/wp-json\/wp\/v2\/product"}],"about":[{"href":"https:\/\/letrame.com\/catalogo\/wp-json\/wp\/v2\/types\/product"}],"replies":[{"embeddable":true,"href":"https:\/\/letrame.com\/catalogo\/wp-json\/wp\/v2\/comments?post=97365"}],"acf:post":[{"embeddable":true,"href":"https:\/\/letrame.com\/catalogo\/wp-json\/wp\/v2\/author_book\/75955"}],"wp:featuredmedia":[{"embeddable":true,"href":"https:\/\/letrame.com\/catalogo\/wp-json\/wp\/v2\/media\/97366"}],"wp:attachment":[{"href":"https:\/\/letrame.com\/catalogo\/wp-json\/wp\/v2\/media?parent=97365"}],"wp:term":[{"taxonomy":"libro","embeddable":true,"href":"https:\/\/letrame.com\/catalogo\/wp-json\/wp\/v2\/libro?post=97365"},{"taxonomy":"product_brand","embeddable":true,"href":"https:\/\/letrame.com\/catalogo\/wp-json\/wp\/v2\/product_brand?post=97365"},{"taxonomy":"product_cat","embeddable":true,"href":"https:\/\/letrame.com\/catalogo\/wp-json\/wp\/v2\/product_cat?post=97365"},{"taxonomy":"product_tag","embeddable":true,"href":"https:\/\/letrame.com\/catalogo\/wp-json\/wp\/v2\/product_tag?post=97365"}],"curies":[{"name":"wp","href":"https:\/\/api.w.org\/{rel}","templated":true}]}}