{"id":97357,"date":"2024-04-29T13:44:21","date_gmt":"2024-04-29T11:44:21","guid":{"rendered":"https:\/\/letrame.com\/catalogo\/producto\/cinco-la-gran-profecia\/"},"modified":"2024-08-16T11:17:30","modified_gmt":"2024-08-16T09:17:30","slug":"cinco-la-gran-profecia","status":"publish","type":"product","link":"https:\/\/letrame.com\/catalogo\/producto\/cinco-la-gran-profecia\/","title":{"rendered":"Cinco: La gran profec\u00eda"},"content":{"rendered":"<div class=\"page\" title=\"Page 6\">\n<div class=\"layoutArea\">\n<div class=\"column\">\n<p><strong>ISBN<\/strong>: 978-84-1114-299-1<\/p>\n<\/div>\n<\/div>\n<\/div>\n<p><b>T\u00edtulo<\/b><span style=\"font-weight: 400;\">: Cinco: La gran profec\u00eda<\/span><span style=\"font-weight: 400;\"><br \/>\n<\/span><b>Fecha<\/b><span style=\"font-weight: 400;\">: 2021<\/span><span style=\"font-weight: 400;\"><br \/>\n<\/span><b>P\u00e1ginas<\/b><span style=\"font-weight: 400;\">: 312<\/span><\/p>\n<p><b>SINOPSIS<\/b><\/p>\n<p>Mil a\u00f1os les separan, pero una antigua profec\u00eda har\u00e1 posible que sus destinos queden unidos para siempre. Ella, una joven estudiante de medicina, surfista, hu\u00e9rfana e independiente. \u00c9l, un pr\u00edncipe heredero, guerrero, cazador y el mayor de cinco hermanos.<\/p>\n<p>Entre ambos, un terrible demonio venido del inframundo, cuya intenci\u00f3n es asolar la Tierra y acabar con ellos junto a su temible ej\u00e9rcito.<\/p>\n<p>Todo envuelto en un halo de magia y misterio propiciado por brujos, magos y hechiceros que acaban de encontrar a su reina; aventuras de caballeros entre un siglo y otro, y un toque de romanticismo.<\/p>\n","protected":false},"excerpt":{"rendered":"<div class=\"page\" title=\"Page 6\">\n<div class=\"layoutArea\">\n<div class=\"column\">\n<p><strong>ISBN: 978-84-1114-299-1<\/strong><\/p>\n<\/div>\n<\/div>\n<\/div>\n<p>Mil a\u00f1os les separan, pero una antigua profec\u00eda har\u00e1 posible que sus destinos queden unidos para siempre. Ella, una joven estudiante de medicina, surfista, hu\u00e9rfana e independiente. \u00c9l, un pr\u00edncipe heredero, guerrero, cazador y el mayor de cinco hermanos.<\/p>\n<p>Entre ambos, un terrible demonio venido del inframundo, cuya intenci\u00f3n es asolar la Tierra y acabar con ellos junto a su temible ej\u00e9rcito.<\/p>\n<p>Todo envuelto en un halo de magia y misterio propiciado por brujos, magos y hechiceros que acaban de encontrar a su reina; aventuras de caballeros entre un siglo y otro, y un toque de romanticismo.<\/p>\n","protected":false},"featured_media":97358,"comment_status":"closed","ping_status":"closed","template":"","meta":{"_acf_changed":false},"libro":[],"product_brand":[],"product_cat":[16],"product_tag":[],"class_list":{"0":"post-97357","1":"product","2":"type-product","3":"status-publish","4":"has-post-thumbnail","6":"product_cat-novela","8":"first","9":"instock","10":"purchasable","11":"product-type-simple"},"acf":{"autor":[75947],"enlace_de_compra":"https:\/\/amzn.to\/3yvZpRb"},"yoast_head":"<!-- This site is optimized with the Yoast SEO plugin v26.6 - https:\/\/yoast.com\/wordpress\/plugins\/seo\/ -->\n<title>Cinco: La gran profec\u00eda - Catalogo | Letrame Grupo Editorial<\/title>\n<meta name=\"robots\" content=\"index, follow, max-snippet:-1, max-image-preview:large, max-video-preview:-1\" \/>\n<link rel=\"canonical\" href=\"https:\/\/letrame.com\/catalogo\/producto\/cinco-la-gran-profecia\/\" \/>\n<meta property=\"og:locale\" content=\"es_ES\" \/>\n<meta property=\"og:type\" content=\"article\" \/>\n<meta property=\"og:title\" content=\"Cinco: La gran profec\u00eda - Catalogo | Letrame Grupo Editorial\" \/>\n<meta property=\"og:description\" content=\"ISBN: 978-84-1114-299-1     Mil a\u00f1os les separan, pero una antigua profec\u00eda har\u00e1 posible que sus destinos queden unidos para siempre. Ella, una joven estudiante de medicina, surfista, hu\u00e9rfana e independiente. \u00c9l, un pr\u00edncipe heredero, guerrero, cazador y el mayor de cinco hermanos.  Entre ambos, un terrible demonio venido del inframundo, cuya intenci\u00f3n es asolar la Tierra y acabar con ellos junto a su temible ej\u00e9rcito.  Todo envuelto en un halo de magia y misterio propiciado por brujos, magos y hechiceros que acaban de encontrar a su reina; aventuras de caballeros entre un siglo y otro, y un toque de romanticismo.\" \/>\n<meta property=\"og:url\" content=\"https:\/\/letrame.com\/catalogo\/producto\/cinco-la-gran-profecia\/\" \/>\n<meta property=\"og:site_name\" content=\"Catalogo | Letrame Grupo Editorial\" \/>\n<meta property=\"article:modified_time\" content=\"2024-08-16T09:17:30+00:00\" \/>\n<meta property=\"og:image\" content=\"https:\/\/letrame.com\/catalogo\/wp-content\/uploads\/2024\/04\/Cinco-La-gran-profecia-scaled-1.jpeg\" \/>\n\t<meta property=\"og:image:width\" content=\"1746\" \/>\n\t<meta property=\"og:image:height\" content=\"2560\" \/>\n\t<meta property=\"og:image:type\" content=\"image\/jpeg\" \/>\n<meta name=\"twitter:card\" content=\"summary_large_image\" \/>\n<meta name=\"twitter:label1\" content=\"Tiempo de lectura\" \/>\n\t<meta name=\"twitter:data1\" content=\"1 minuto\" \/>\n<script type=\"application\/ld+json\" class=\"yoast-schema-graph\">{\"@context\":\"https:\/\/schema.org\",\"@graph\":[{\"@type\":\"WebPage\",\"@id\":\"https:\/\/letrame.com\/catalogo\/producto\/cinco-la-gran-profecia\/\",\"url\":\"https:\/\/letrame.com\/catalogo\/producto\/cinco-la-gran-profecia\/\",\"name\":\"Cinco: La gran profec\u00eda - Catalogo | Letrame Grupo Editorial\",\"isPartOf\":{\"@id\":\"https:\/\/letrame.com\/catalogo\/#website\"},\"primaryImageOfPage\":{\"@id\":\"https:\/\/letrame.com\/catalogo\/producto\/cinco-la-gran-profecia\/#primaryimage\"},\"image\":{\"@id\":\"https:\/\/letrame.com\/catalogo\/producto\/cinco-la-gran-profecia\/#primaryimage\"},\"thumbnailUrl\":\"https:\/\/letrame.com\/catalogo\/wp-content\/uploads\/2024\/04\/Cinco-La-gran-profecia-scaled-1.jpeg\",\"datePublished\":\"2024-04-29T11:44:21+00:00\",\"dateModified\":\"2024-08-16T09:17:30+00:00\",\"breadcrumb\":{\"@id\":\"https:\/\/letrame.com\/catalogo\/producto\/cinco-la-gran-profecia\/#breadcrumb\"},\"inLanguage\":\"es\",\"potentialAction\":[{\"@type\":\"ReadAction\",\"target\":[\"https:\/\/letrame.com\/catalogo\/producto\/cinco-la-gran-profecia\/\"]}]},{\"@type\":\"ImageObject\",\"inLanguage\":\"es\",\"@id\":\"https:\/\/letrame.com\/catalogo\/producto\/cinco-la-gran-profecia\/#primaryimage\",\"url\":\"https:\/\/letrame.com\/catalogo\/wp-content\/uploads\/2024\/04\/Cinco-La-gran-profecia-scaled-1.jpeg\",\"contentUrl\":\"https:\/\/letrame.com\/catalogo\/wp-content\/uploads\/2024\/04\/Cinco-La-gran-profecia-scaled-1.jpeg\",\"width\":1746,\"height\":2560},{\"@type\":\"BreadcrumbList\",\"@id\":\"https:\/\/letrame.com\/catalogo\/producto\/cinco-la-gran-profecia\/#breadcrumb\",\"itemListElement\":[{\"@type\":\"ListItem\",\"position\":1,\"name\":\"Portada\",\"item\":\"https:\/\/letrame.com\/catalogo\/\"},{\"@type\":\"ListItem\",\"position\":2,\"name\":\"Cat\u00e1logo\",\"item\":\"https:\/\/letrame.com\/catalogo\/\"},{\"@type\":\"ListItem\",\"position\":3,\"name\":\"Cinco: La gran profec\u00eda\"}]},{\"@type\":\"WebSite\",\"@id\":\"https:\/\/letrame.com\/catalogo\/#website\",\"url\":\"https:\/\/letrame.com\/catalogo\/\",\"name\":\"Catalogo | Letrame Grupo Editorial\",\"description\":\"\",\"publisher\":{\"@id\":\"https:\/\/letrame.com\/catalogo\/#organization\"},\"potentialAction\":[{\"@type\":\"SearchAction\",\"target\":{\"@type\":\"EntryPoint\",\"urlTemplate\":\"https:\/\/letrame.com\/catalogo\/?s={search_term_string}\"},\"query-input\":{\"@type\":\"PropertyValueSpecification\",\"valueRequired\":true,\"valueName\":\"search_term_string\"}}],\"inLanguage\":\"es\"},{\"@type\":\"Organization\",\"@id\":\"https:\/\/letrame.com\/catalogo\/#organization\",\"name\":\"Catalogo | Letrame Grupo Editorial\",\"url\":\"https:\/\/letrame.com\/catalogo\/\",\"logo\":{\"@type\":\"ImageObject\",\"inLanguage\":\"es\",\"@id\":\"https:\/\/letrame.com\/catalogo\/#\/schema\/logo\/image\/\",\"url\":\"https:\/\/letrame.com\/catalogo\/wp-content\/uploads\/2024\/03\/logo2.webp\",\"contentUrl\":\"https:\/\/letrame.com\/catalogo\/wp-content\/uploads\/2024\/03\/logo2.webp\",\"width\":394,\"height\":128,\"caption\":\"Catalogo | Letrame Grupo Editorial\"},\"image\":{\"@id\":\"https:\/\/letrame.com\/catalogo\/#\/schema\/logo\/image\/\"}}]}<\/script>\n<!-- \/ Yoast SEO plugin. -->","yoast_head_json":{"title":"Cinco: La gran profec\u00eda - Catalogo | Letrame Grupo Editorial","robots":{"index":"index","follow":"follow","max-snippet":"max-snippet:-1","max-image-preview":"max-image-preview:large","max-video-preview":"max-video-preview:-1"},"canonical":"https:\/\/letrame.com\/catalogo\/producto\/cinco-la-gran-profecia\/","og_locale":"es_ES","og_type":"article","og_title":"Cinco: La gran profec\u00eda - Catalogo | Letrame Grupo Editorial","og_description":"ISBN: 978-84-1114-299-1     Mil a\u00f1os les separan, pero una antigua profec\u00eda har\u00e1 posible que sus destinos queden unidos para siempre. Ella, una joven estudiante de medicina, surfista, hu\u00e9rfana e independiente. \u00c9l, un pr\u00edncipe heredero, guerrero, cazador y el mayor de cinco hermanos.  Entre ambos, un terrible demonio venido del inframundo, cuya intenci\u00f3n es asolar la Tierra y acabar con ellos junto a su temible ej\u00e9rcito.  Todo envuelto en un halo de magia y misterio propiciado por brujos, magos y hechiceros que acaban de encontrar a su reina; aventuras de caballeros entre un siglo y otro, y un toque de romanticismo.","og_url":"https:\/\/letrame.com\/catalogo\/producto\/cinco-la-gran-profecia\/","og_site_name":"Catalogo | Letrame Grupo Editorial","article_modified_time":"2024-08-16T09:17:30+00:00","og_image":[{"width":1746,"height":2560,"url":"https:\/\/letrame.com\/catalogo\/wp-content\/uploads\/2024\/04\/Cinco-La-gran-profecia-scaled-1.jpeg","type":"image\/jpeg"}],"twitter_card":"summary_large_image","twitter_misc":{"Tiempo de lectura":"1 minuto"},"schema":{"@context":"https:\/\/schema.org","@graph":[{"@type":"WebPage","@id":"https:\/\/letrame.com\/catalogo\/producto\/cinco-la-gran-profecia\/","url":"https:\/\/letrame.com\/catalogo\/producto\/cinco-la-gran-profecia\/","name":"Cinco: La gran profec\u00eda - Catalogo | Letrame Grupo Editorial","isPartOf":{"@id":"https:\/\/letrame.com\/catalogo\/#website"},"primaryImageOfPage":{"@id":"https:\/\/letrame.com\/catalogo\/producto\/cinco-la-gran-profecia\/#primaryimage"},"image":{"@id":"https:\/\/letrame.com\/catalogo\/producto\/cinco-la-gran-profecia\/#primaryimage"},"thumbnailUrl":"https:\/\/letrame.com\/catalogo\/wp-content\/uploads\/2024\/04\/Cinco-La-gran-profecia-scaled-1.jpeg","datePublished":"2024-04-29T11:44:21+00:00","dateModified":"2024-08-16T09:17:30+00:00","breadcrumb":{"@id":"https:\/\/letrame.com\/catalogo\/producto\/cinco-la-gran-profecia\/#breadcrumb"},"inLanguage":"es","potentialAction":[{"@type":"ReadAction","target":["https:\/\/letrame.com\/catalogo\/producto\/cinco-la-gran-profecia\/"]}]},{"@type":"ImageObject","inLanguage":"es","@id":"https:\/\/letrame.com\/catalogo\/producto\/cinco-la-gran-profecia\/#primaryimage","url":"https:\/\/letrame.com\/catalogo\/wp-content\/uploads\/2024\/04\/Cinco-La-gran-profecia-scaled-1.jpeg","contentUrl":"https:\/\/letrame.com\/catalogo\/wp-content\/uploads\/2024\/04\/Cinco-La-gran-profecia-scaled-1.jpeg","width":1746,"height":2560},{"@type":"BreadcrumbList","@id":"https:\/\/letrame.com\/catalogo\/producto\/cinco-la-gran-profecia\/#breadcrumb","itemListElement":[{"@type":"ListItem","position":1,"name":"Portada","item":"https:\/\/letrame.com\/catalogo\/"},{"@type":"ListItem","position":2,"name":"Cat\u00e1logo","item":"https:\/\/letrame.com\/catalogo\/"},{"@type":"ListItem","position":3,"name":"Cinco: La gran profec\u00eda"}]},{"@type":"WebSite","@id":"https:\/\/letrame.com\/catalogo\/#website","url":"https:\/\/letrame.com\/catalogo\/","name":"Catalogo | Letrame Grupo Editorial","description":"","publisher":{"@id":"https:\/\/letrame.com\/catalogo\/#organization"},"potentialAction":[{"@type":"SearchAction","target":{"@type":"EntryPoint","urlTemplate":"https:\/\/letrame.com\/catalogo\/?s={search_term_string}"},"query-input":{"@type":"PropertyValueSpecification","valueRequired":true,"valueName":"search_term_string"}}],"inLanguage":"es"},{"@type":"Organization","@id":"https:\/\/letrame.com\/catalogo\/#organization","name":"Catalogo | Letrame Grupo Editorial","url":"https:\/\/letrame.com\/catalogo\/","logo":{"@type":"ImageObject","inLanguage":"es","@id":"https:\/\/letrame.com\/catalogo\/#\/schema\/logo\/image\/","url":"https:\/\/letrame.com\/catalogo\/wp-content\/uploads\/2024\/03\/logo2.webp","contentUrl":"https:\/\/letrame.com\/catalogo\/wp-content\/uploads\/2024\/03\/logo2.webp","width":394,"height":128,"caption":"Catalogo | Letrame Grupo Editorial"},"image":{"@id":"https:\/\/letrame.com\/catalogo\/#\/schema\/logo\/image\/"}}]}},"_links":{"self":[{"href":"https:\/\/letrame.com\/catalogo\/wp-json\/wp\/v2\/product\/97357","targetHints":{"allow":["GET"]}}],"collection":[{"href":"https:\/\/letrame.com\/catalogo\/wp-json\/wp\/v2\/product"}],"about":[{"href":"https:\/\/letrame.com\/catalogo\/wp-json\/wp\/v2\/types\/product"}],"replies":[{"embeddable":true,"href":"https:\/\/letrame.com\/catalogo\/wp-json\/wp\/v2\/comments?post=97357"}],"acf:post":[{"embeddable":true,"href":"https:\/\/letrame.com\/catalogo\/wp-json\/wp\/v2\/author_book\/75947"}],"wp:featuredmedia":[{"embeddable":true,"href":"https:\/\/letrame.com\/catalogo\/wp-json\/wp\/v2\/media\/97358"}],"wp:attachment":[{"href":"https:\/\/letrame.com\/catalogo\/wp-json\/wp\/v2\/media?parent=97357"}],"wp:term":[{"taxonomy":"libro","embeddable":true,"href":"https:\/\/letrame.com\/catalogo\/wp-json\/wp\/v2\/libro?post=97357"},{"taxonomy":"product_brand","embeddable":true,"href":"https:\/\/letrame.com\/catalogo\/wp-json\/wp\/v2\/product_brand?post=97357"},{"taxonomy":"product_cat","embeddable":true,"href":"https:\/\/letrame.com\/catalogo\/wp-json\/wp\/v2\/product_cat?post=97357"},{"taxonomy":"product_tag","embeddable":true,"href":"https:\/\/letrame.com\/catalogo\/wp-json\/wp\/v2\/product_tag?post=97357"}],"curies":[{"name":"wp","href":"https:\/\/api.w.org\/{rel}","templated":true}]}}