{"id":97335,"date":"2024-04-29T13:40:41","date_gmt":"2024-04-29T11:40:41","guid":{"rendered":"https:\/\/letrame.com\/catalogo\/producto\/christine\/"},"modified":"2024-04-29T13:41:15","modified_gmt":"2024-04-29T11:41:15","slug":"christine","status":"publish","type":"product","link":"https:\/\/letrame.com\/catalogo\/producto\/christine\/","title":{"rendered":"Christine"},"content":{"rendered":"<div class=\"page\" title=\"Page 6\">\n<div class=\"layoutArea\">\n<div class=\"column\">\n<p><strong>ISBN: 978-84-1114-271-7<\/strong><\/p>\n<\/div>\n<\/div>\n<\/div>\n<p><b>T\u00edtulo<\/b><span style=\"font-weight: 400;\">: Christine<\/span><span style=\"font-weight: 400;\"><br \/>\n<\/span><b>Fecha<\/b><span style=\"font-weight: 400;\">: 2021<\/span><span style=\"font-weight: 400;\"><br \/>\n<\/span><b>P\u00e1ginas<\/b><span style=\"font-weight: 400;\">: 296<\/span><\/p>\n<p><b>SINOPSIS<\/b><\/p>\n<p>En una peque\u00f1a ciudad llamada Pallbroke vive Christine Simmons, una jovencita bella, bondadosa, serena e intuitiva. Ella cree conocer demasiado sobre lo que enamorarse significa, tiene escasas y fugaces experiencias, como aquel novio en su ni\u00f1ez o ese chico con quien anduvo al inicio de su adolescencia; algunas otras referencias provienen de la vida de su madre, las pel\u00edculas rom\u00e1nticas tambi\u00e9n son su gu\u00eda, est\u00e1 obsesionada con ellas\u2026<\/p>\n<p>Su percepci\u00f3n cambia cuando los hermanos Morris: Alex y Milo, se mudan enfrente de su casa. Esos chicos son dos polos opuestos, con una \u00fanica y gran similitud: un enorme coraz\u00f3n.<\/p>\n<p>Tan pronto la conocen, los hermanos Morris quedan encantados con Christine, desenvolviendo en ella todo tipo de emociones,\u00a0incit\u00e1ndola\u00a0a una aventura con exceso de drama, pasi\u00f3n, diversi\u00f3n y temor. Por primera vez en su vida, Christine tendr\u00e1 la oportunidad de definir con sus palabras lo que es estar enamorada. \u00bfSer\u00e1 tan m\u00e1gico que querr\u00e1\u00a0expres\u00e1rselo\u00a0a todos o doler\u00e1 tanto que desear\u00e1 ocultarlo en un rinc\u00f3n oscuro de su habitaci\u00f3n?<\/p>\n","protected":false},"excerpt":{"rendered":"<div class=\"page\" title=\"Page 6\">\n<div class=\"layoutArea\">\n<div class=\"column\">\n<p><strong>ISBN: 978-84-1114-271-7<\/strong><\/p>\n<p>En una peque\u00f1a ciudad llamada Pallbroke vive Christine Simmons, una jovencita bella, bondadosa, serena e intuitiva. Ella cree conocer demasiado sobre lo que enamorarse significa, tiene escasas y fugaces experiencias, como aquel novio en su ni\u00f1ez o ese chico con quien anduvo al inicio de su adolescencia; algunas otras referencias provienen de la vida de su madre, las pel\u00edculas rom\u00e1nticas tambi\u00e9n son su gu\u00eda, est\u00e1 obsesionada con ellas\u2026<\/p>\n<p>Su percepci\u00f3n cambia cuando los hermanos Morris: Alex y Milo, se mudan enfrente de su casa. Esos chicos son dos polos opuestos, con una \u00fanica y gran similitud: un enorme coraz\u00f3n.<\/p>\n<\/div>\n<\/div>\n<\/div>\n","protected":false},"featured_media":97336,"comment_status":"closed","ping_status":"open","template":"","meta":{"_acf_changed":false},"libro":[],"product_brand":[],"product_cat":[16],"product_tag":[],"class_list":{"0":"post-97335","1":"product","2":"type-product","3":"status-publish","4":"has-post-thumbnail","6":"product_cat-novela","8":"first","9":"instock","10":"purchasable","11":"product-type-simple"},"acf":{"autor":[75930],"enlace_de_compra":"https:\/\/www.amazon.es\/Christine-Carlos-Cardona\/dp\/841114271X\/ref=sr_1_1?__mk_es_ES=%C3%85M%C3%85%C5%BD%C3%95%C3%91&amp;keywords=Letrame+S.L.+christine&amp;qid=1639408771&amp;sr=8-1"},"yoast_head":"<!-- This site is optimized with the Yoast SEO plugin v27.4 - https:\/\/yoast.com\/product\/yoast-seo-wordpress\/ -->\n<title>Christine - Catalogo | Letrame Grupo Editorial<\/title>\n<meta name=\"robots\" content=\"index, follow, max-snippet:-1, max-image-preview:large, max-video-preview:-1\" \/>\n<link rel=\"canonical\" href=\"https:\/\/letrame.com\/catalogo\/producto\/christine\/\" \/>\n<meta property=\"og:locale\" content=\"es_ES\" \/>\n<meta property=\"og:type\" content=\"article\" \/>\n<meta property=\"og:title\" content=\"Christine - Catalogo | Letrame Grupo Editorial\" \/>\n<meta property=\"og:description\" content=\"ISBN: 978-84-1114-271-7 En una peque\u00f1a ciudad llamada Pallbroke vive Christine Simmons, una jovencita bella, bondadosa, serena e intuitiva. Ella cree conocer demasiado sobre lo que enamorarse significa, tiene escasas y fugaces experiencias, como aquel novio en su ni\u00f1ez o ese chico con quien anduvo al inicio de su adolescencia; algunas otras referencias provienen de la vida de su madre, las pel\u00edculas rom\u00e1nticas tambi\u00e9n son su gu\u00eda, est\u00e1 obsesionada con ellas\u2026 Su percepci\u00f3n cambia cuando los hermanos Morris: Alex y Milo, se mudan enfrente de su casa. Esos chicos son dos polos opuestos, con una \u00fanica y gran similitud: un enorme coraz\u00f3n.\" \/>\n<meta property=\"og:url\" content=\"https:\/\/letrame.com\/catalogo\/producto\/christine\/\" \/>\n<meta property=\"og:site_name\" content=\"Catalogo | Letrame Grupo Editorial\" \/>\n<meta property=\"article:modified_time\" content=\"2024-04-29T11:41:15+00:00\" \/>\n<meta property=\"og:image\" content=\"https:\/\/letrame.com\/catalogo\/wp-content\/uploads\/2024\/04\/Christine-scaled-1.jpeg\" \/>\n\t<meta property=\"og:image:width\" content=\"1746\" \/>\n\t<meta property=\"og:image:height\" content=\"2560\" \/>\n\t<meta property=\"og:image:type\" content=\"image\/jpeg\" \/>\n<meta name=\"twitter:card\" content=\"summary_large_image\" \/>\n<meta name=\"twitter:label1\" content=\"Tiempo de lectura\" \/>\n\t<meta name=\"twitter:data1\" content=\"1 minuto\" \/>\n<script type=\"application\/ld+json\" class=\"yoast-schema-graph\">{\"@context\":\"https:\\\/\\\/schema.org\",\"@graph\":[{\"@type\":\"WebPage\",\"@id\":\"https:\\\/\\\/letrame.com\\\/catalogo\\\/producto\\\/christine\\\/\",\"url\":\"https:\\\/\\\/letrame.com\\\/catalogo\\\/producto\\\/christine\\\/\",\"name\":\"Christine - Catalogo | Letrame Grupo Editorial\",\"isPartOf\":{\"@id\":\"https:\\\/\\\/letrame.com\\\/catalogo\\\/#website\"},\"primaryImageOfPage\":{\"@id\":\"https:\\\/\\\/letrame.com\\\/catalogo\\\/producto\\\/christine\\\/#primaryimage\"},\"image\":{\"@id\":\"https:\\\/\\\/letrame.com\\\/catalogo\\\/producto\\\/christine\\\/#primaryimage\"},\"thumbnailUrl\":\"https:\\\/\\\/letrame.com\\\/catalogo\\\/wp-content\\\/uploads\\\/2024\\\/04\\\/Christine-scaled-1.jpeg\",\"datePublished\":\"2024-04-29T11:40:41+00:00\",\"dateModified\":\"2024-04-29T11:41:15+00:00\",\"breadcrumb\":{\"@id\":\"https:\\\/\\\/letrame.com\\\/catalogo\\\/producto\\\/christine\\\/#breadcrumb\"},\"inLanguage\":\"es\",\"potentialAction\":[{\"@type\":\"ReadAction\",\"target\":[\"https:\\\/\\\/letrame.com\\\/catalogo\\\/producto\\\/christine\\\/\"]}]},{\"@type\":\"ImageObject\",\"inLanguage\":\"es\",\"@id\":\"https:\\\/\\\/letrame.com\\\/catalogo\\\/producto\\\/christine\\\/#primaryimage\",\"url\":\"https:\\\/\\\/letrame.com\\\/catalogo\\\/wp-content\\\/uploads\\\/2024\\\/04\\\/Christine-scaled-1.jpeg\",\"contentUrl\":\"https:\\\/\\\/letrame.com\\\/catalogo\\\/wp-content\\\/uploads\\\/2024\\\/04\\\/Christine-scaled-1.jpeg\",\"width\":1746,\"height\":2560},{\"@type\":\"BreadcrumbList\",\"@id\":\"https:\\\/\\\/letrame.com\\\/catalogo\\\/producto\\\/christine\\\/#breadcrumb\",\"itemListElement\":[{\"@type\":\"ListItem\",\"position\":1,\"name\":\"Portada\",\"item\":\"https:\\\/\\\/letrame.com\\\/catalogo\\\/\"},{\"@type\":\"ListItem\",\"position\":2,\"name\":\"Cat\u00e1logo\",\"item\":\"https:\\\/\\\/letrame.com\\\/catalogo\\\/\"},{\"@type\":\"ListItem\",\"position\":3,\"name\":\"Christine\"}]},{\"@type\":\"WebSite\",\"@id\":\"https:\\\/\\\/letrame.com\\\/catalogo\\\/#website\",\"url\":\"https:\\\/\\\/letrame.com\\\/catalogo\\\/\",\"name\":\"Catalogo | Letrame Grupo Editorial\",\"description\":\"\",\"publisher\":{\"@id\":\"https:\\\/\\\/letrame.com\\\/catalogo\\\/#organization\"},\"potentialAction\":[{\"@type\":\"SearchAction\",\"target\":{\"@type\":\"EntryPoint\",\"urlTemplate\":\"https:\\\/\\\/letrame.com\\\/catalogo\\\/?s={search_term_string}\"},\"query-input\":{\"@type\":\"PropertyValueSpecification\",\"valueRequired\":true,\"valueName\":\"search_term_string\"}}],\"inLanguage\":\"es\"},{\"@type\":\"Organization\",\"@id\":\"https:\\\/\\\/letrame.com\\\/catalogo\\\/#organization\",\"name\":\"Catalogo | Letrame Grupo Editorial\",\"url\":\"https:\\\/\\\/letrame.com\\\/catalogo\\\/\",\"logo\":{\"@type\":\"ImageObject\",\"inLanguage\":\"es\",\"@id\":\"https:\\\/\\\/letrame.com\\\/catalogo\\\/#\\\/schema\\\/logo\\\/image\\\/\",\"url\":\"https:\\\/\\\/letrame.com\\\/catalogo\\\/wp-content\\\/uploads\\\/2024\\\/03\\\/logo2.webp\",\"contentUrl\":\"https:\\\/\\\/letrame.com\\\/catalogo\\\/wp-content\\\/uploads\\\/2024\\\/03\\\/logo2.webp\",\"width\":394,\"height\":128,\"caption\":\"Catalogo | Letrame Grupo Editorial\"},\"image\":{\"@id\":\"https:\\\/\\\/letrame.com\\\/catalogo\\\/#\\\/schema\\\/logo\\\/image\\\/\"}}]}<\/script>\n<!-- \/ Yoast SEO plugin. -->","yoast_head_json":{"title":"Christine - Catalogo | Letrame Grupo Editorial","robots":{"index":"index","follow":"follow","max-snippet":"max-snippet:-1","max-image-preview":"max-image-preview:large","max-video-preview":"max-video-preview:-1"},"canonical":"https:\/\/letrame.com\/catalogo\/producto\/christine\/","og_locale":"es_ES","og_type":"article","og_title":"Christine - Catalogo | Letrame Grupo Editorial","og_description":"ISBN: 978-84-1114-271-7 En una peque\u00f1a ciudad llamada Pallbroke vive Christine Simmons, una jovencita bella, bondadosa, serena e intuitiva. Ella cree conocer demasiado sobre lo que enamorarse significa, tiene escasas y fugaces experiencias, como aquel novio en su ni\u00f1ez o ese chico con quien anduvo al inicio de su adolescencia; algunas otras referencias provienen de la vida de su madre, las pel\u00edculas rom\u00e1nticas tambi\u00e9n son su gu\u00eda, est\u00e1 obsesionada con ellas\u2026 Su percepci\u00f3n cambia cuando los hermanos Morris: Alex y Milo, se mudan enfrente de su casa. Esos chicos son dos polos opuestos, con una \u00fanica y gran similitud: un enorme coraz\u00f3n.","og_url":"https:\/\/letrame.com\/catalogo\/producto\/christine\/","og_site_name":"Catalogo | Letrame Grupo Editorial","article_modified_time":"2024-04-29T11:41:15+00:00","og_image":[{"width":1746,"height":2560,"url":"https:\/\/letrame.com\/catalogo\/wp-content\/uploads\/2024\/04\/Christine-scaled-1.jpeg","type":"image\/jpeg"}],"twitter_card":"summary_large_image","twitter_misc":{"Tiempo de lectura":"1 minuto"},"schema":{"@context":"https:\/\/schema.org","@graph":[{"@type":"WebPage","@id":"https:\/\/letrame.com\/catalogo\/producto\/christine\/","url":"https:\/\/letrame.com\/catalogo\/producto\/christine\/","name":"Christine - Catalogo | Letrame Grupo Editorial","isPartOf":{"@id":"https:\/\/letrame.com\/catalogo\/#website"},"primaryImageOfPage":{"@id":"https:\/\/letrame.com\/catalogo\/producto\/christine\/#primaryimage"},"image":{"@id":"https:\/\/letrame.com\/catalogo\/producto\/christine\/#primaryimage"},"thumbnailUrl":"https:\/\/letrame.com\/catalogo\/wp-content\/uploads\/2024\/04\/Christine-scaled-1.jpeg","datePublished":"2024-04-29T11:40:41+00:00","dateModified":"2024-04-29T11:41:15+00:00","breadcrumb":{"@id":"https:\/\/letrame.com\/catalogo\/producto\/christine\/#breadcrumb"},"inLanguage":"es","potentialAction":[{"@type":"ReadAction","target":["https:\/\/letrame.com\/catalogo\/producto\/christine\/"]}]},{"@type":"ImageObject","inLanguage":"es","@id":"https:\/\/letrame.com\/catalogo\/producto\/christine\/#primaryimage","url":"https:\/\/letrame.com\/catalogo\/wp-content\/uploads\/2024\/04\/Christine-scaled-1.jpeg","contentUrl":"https:\/\/letrame.com\/catalogo\/wp-content\/uploads\/2024\/04\/Christine-scaled-1.jpeg","width":1746,"height":2560},{"@type":"BreadcrumbList","@id":"https:\/\/letrame.com\/catalogo\/producto\/christine\/#breadcrumb","itemListElement":[{"@type":"ListItem","position":1,"name":"Portada","item":"https:\/\/letrame.com\/catalogo\/"},{"@type":"ListItem","position":2,"name":"Cat\u00e1logo","item":"https:\/\/letrame.com\/catalogo\/"},{"@type":"ListItem","position":3,"name":"Christine"}]},{"@type":"WebSite","@id":"https:\/\/letrame.com\/catalogo\/#website","url":"https:\/\/letrame.com\/catalogo\/","name":"Catalogo | Letrame Grupo Editorial","description":"","publisher":{"@id":"https:\/\/letrame.com\/catalogo\/#organization"},"potentialAction":[{"@type":"SearchAction","target":{"@type":"EntryPoint","urlTemplate":"https:\/\/letrame.com\/catalogo\/?s={search_term_string}"},"query-input":{"@type":"PropertyValueSpecification","valueRequired":true,"valueName":"search_term_string"}}],"inLanguage":"es"},{"@type":"Organization","@id":"https:\/\/letrame.com\/catalogo\/#organization","name":"Catalogo | Letrame Grupo Editorial","url":"https:\/\/letrame.com\/catalogo\/","logo":{"@type":"ImageObject","inLanguage":"es","@id":"https:\/\/letrame.com\/catalogo\/#\/schema\/logo\/image\/","url":"https:\/\/letrame.com\/catalogo\/wp-content\/uploads\/2024\/03\/logo2.webp","contentUrl":"https:\/\/letrame.com\/catalogo\/wp-content\/uploads\/2024\/03\/logo2.webp","width":394,"height":128,"caption":"Catalogo | Letrame Grupo Editorial"},"image":{"@id":"https:\/\/letrame.com\/catalogo\/#\/schema\/logo\/image\/"}}]}},"_links":{"self":[{"href":"https:\/\/letrame.com\/catalogo\/wp-json\/wp\/v2\/product\/97335","targetHints":{"allow":["GET"]}}],"collection":[{"href":"https:\/\/letrame.com\/catalogo\/wp-json\/wp\/v2\/product"}],"about":[{"href":"https:\/\/letrame.com\/catalogo\/wp-json\/wp\/v2\/types\/product"}],"replies":[{"embeddable":true,"href":"https:\/\/letrame.com\/catalogo\/wp-json\/wp\/v2\/comments?post=97335"}],"acf:post":[{"embeddable":true,"href":"https:\/\/letrame.com\/catalogo\/wp-json\/wp\/v2\/author_book\/75930"}],"wp:featuredmedia":[{"embeddable":true,"href":"https:\/\/letrame.com\/catalogo\/wp-json\/wp\/v2\/media\/97336"}],"wp:attachment":[{"href":"https:\/\/letrame.com\/catalogo\/wp-json\/wp\/v2\/media?parent=97335"}],"wp:term":[{"taxonomy":"libro","embeddable":true,"href":"https:\/\/letrame.com\/catalogo\/wp-json\/wp\/v2\/libro?post=97335"},{"taxonomy":"product_brand","embeddable":true,"href":"https:\/\/letrame.com\/catalogo\/wp-json\/wp\/v2\/product_brand?post=97335"},{"taxonomy":"product_cat","embeddable":true,"href":"https:\/\/letrame.com\/catalogo\/wp-json\/wp\/v2\/product_cat?post=97335"},{"taxonomy":"product_tag","embeddable":true,"href":"https:\/\/letrame.com\/catalogo\/wp-json\/wp\/v2\/product_tag?post=97335"}],"curies":[{"name":"wp","href":"https:\/\/api.w.org\/{rel}","templated":true}]}}