{"id":97333,"date":"2024-04-29T13:40:41","date_gmt":"2024-04-29T11:40:41","guid":{"rendered":"https:\/\/letrame.com\/catalogo\/producto\/cariel\/"},"modified":"2024-08-16T11:44:15","modified_gmt":"2024-08-16T09:44:15","slug":"cariel","status":"publish","type":"product","link":"https:\/\/letrame.com\/catalogo\/producto\/cariel\/","title":{"rendered":"Cariel"},"content":{"rendered":"<div class=\"page\" title=\"Page 6\">\n<div class=\"layoutArea\">\n<div class=\"column\">\n<p><strong>ISBN<\/strong>: 978-84-1114-239-7<\/p>\n<\/div>\n<\/div>\n<\/div>\n<p><b>T\u00edtulo<\/b><span style=\"font-weight: 400;\">: Cariel<\/span><span style=\"font-weight: 400;\"><br \/>\n<\/span><b>Fecha<\/b><span style=\"font-weight: 400;\">: 2021<\/span><span style=\"font-weight: 400;\"><br \/>\n<\/span><b>P\u00e1ginas<\/b><span style=\"font-weight: 400;\">: 486<\/span><\/p>\n<p><b>SINOPSIS<\/b><\/p>\n<p>Continuaci\u00f3n de las novelas Miradas y Nuestro amor ser\u00e1 un beso continuo.<\/p>\n<p>Santiago es un joven que reside en el barrio madrile\u00f1o de Opa\u00f1el, en el distrito de Carabanchel. Desde los catorce a\u00f1os hasta los veinte su vida transcurre en torno a la violencia, dando un giro inesperado de ciento ochenta grados a partir de un hecho relevante. Con veinticuatro a\u00f1os ingresa en el Cuerpo de la Guardia Civil, realizando su labor de forma arriesgada y valiente en diferentes localidades de Espa\u00f1a hasta terminar destinado en el Puesto de Azuqueca de Henares (Guadalajara). Es aqu\u00ed donde su vida se cruza, por diferentes motivos y situaciones, con las de Tom\u00e1s e Isabel (protagonistas de la trilog\u00eda Miradas).<\/p>\n<p>Trama e intervenciones policiales entremezcladas con amor, sexo, pasi\u00f3n, rechazo, celos, dolor, violencia y muertes que llevar\u00e1n al lector a vivirlo intensamente como si fuera un personaje m\u00e1s.<\/p>\n<p>Cariel\u00a0ampl\u00eda, desarrolla y complementa los hechos ocurridos en\u00a0Miradas\u00a0y\u00a0Nuestro amor ser\u00e1 un beso continuo.\u00a0Te asombrar\u00e1s de todo lo que quedaba, a\u00fan, por conocer.<\/p>\n<p>\u00abAl final, solo soy un instante.<\/p>\n<p>Una persona unida a un espacio de tiempo que vive, a lo largo de<\/p>\n<p>su vida, para ti.<\/p>\n<p>Un deseo de algo perpetuo que nunca durar\u00e1.<\/p>\n<p>Y una l\u00e1grima que siempre, siempre llegar\u00e1.<\/p>\n<p>Pu\u00f1al, que bien te matar\u00e1\u00bb.<\/p>\n<p>\u00abSentirse loco es querer verte sin poder tenerte\u00bb.<\/p>\n","protected":false},"excerpt":{"rendered":"<div class=\"page\" title=\"Page 6\">\n<div class=\"layoutArea\">\n<div class=\"column\">\n<p><strong>ISBN: 978-84-1114-239-7<\/strong><\/p>\n<p><strong>SINOPSIS<\/strong><\/p>\n<\/div>\n<\/div>\n<\/div>\n<p>Continuaci\u00f3n de las novelas Miradas y Nuestro amor ser\u00e1 un beso continuo.<\/p>\n<p>Santiago es un joven que reside en el barrio madrile\u00f1o de Opa\u00f1el, en el distrito de Carabanchel. Desde los catorce a\u00f1os hasta los veinte su vida transcurre en torno a la violencia, dando un giro inesperado de ciento ochenta grados a partir de un hecho relevante. Con veinticuatro a\u00f1os ingresa en el Cuerpo de la Guardia Civil, realizando su labor de forma arriesgada y valiente en diferentes localidades de Espa\u00f1a hasta terminar destinado en el Puesto de Azuqueca de Henares (Guadalajara). Es aqu\u00ed donde su vida se cruza, por diferentes motivos y situaciones, con las de Tom\u00e1s e Isabel (protagonistas de la trilog\u00eda Miradas).<\/p>\n<p>Trama e intervenciones policiales entremezcladas con amor, sexo, pasi\u00f3n, rechazo, celos, dolor, violencia y muertes que llevar\u00e1n al lector a vivirlo intensamente como si fuera un personaje m\u00e1s.<\/p>\n<p>Cariel\u00a0ampl\u00eda, desarrolla y complementa los hechos ocurridos en\u00a0Miradas\u00a0y\u00a0Nuestro amor ser\u00e1 un beso continuo.\u00a0Te asombrar\u00e1s de todo lo que quedaba, a\u00fan, por conocer.<\/p>\n<p>\u00abAl final, solo soy un instante.<\/p>\n<p>Una persona unida a un espacio de tiempo que vive, a lo largo de<\/p>\n<p>su vida, para ti.<\/p>\n<p>Un deseo de algo perpetuo que nunca durar\u00e1.<\/p>\n<p>Y una l\u00e1grima que siempre, siempre llegar\u00e1.<\/p>\n<p>Pu\u00f1al, que bien te matar\u00e1\u00bb.<\/p>\n<p>\u00abSentirse loco es querer verte sin poder tenerte\u00bb.<\/p>\n","protected":false},"featured_media":97334,"comment_status":"closed","ping_status":"closed","template":"","meta":{"_acf_changed":false},"libro":[],"product_brand":[],"product_cat":[16],"product_tag":[],"class_list":{"0":"post-97333","1":"product","2":"type-product","3":"status-publish","4":"has-post-thumbnail","6":"product_cat-novela","8":"first","9":"instock","10":"purchasable","11":"product-type-simple"},"acf":{"autor":[77035],"enlace_de_compra":"https:\/\/www.carlosgulloncalvo.com\/product\/cariel\/"},"yoast_head":"<!-- This site is optimized with the Yoast SEO plugin v26.6 - https:\/\/yoast.com\/wordpress\/plugins\/seo\/ -->\n<title>Cariel - Catalogo | Letrame Grupo Editorial<\/title>\n<meta name=\"robots\" content=\"index, follow, max-snippet:-1, max-image-preview:large, max-video-preview:-1\" \/>\n<link rel=\"canonical\" href=\"https:\/\/letrame.com\/catalogo\/producto\/cariel\/\" \/>\n<meta property=\"og:locale\" content=\"es_ES\" \/>\n<meta property=\"og:type\" content=\"article\" \/>\n<meta property=\"og:title\" content=\"Cariel - Catalogo | Letrame Grupo Editorial\" \/>\n<meta property=\"og:description\" content=\"ISBN: 978-84-1114-239-7  SINOPSIS     Continuaci\u00f3n de las novelas Miradas y Nuestro amor ser\u00e1 un beso continuo.  Santiago es un joven que reside en el barrio madrile\u00f1o de Opa\u00f1el, en el distrito de Carabanchel. Desde los catorce a\u00f1os hasta los veinte su vida transcurre en torno a la violencia, dando un giro inesperado de ciento ochenta grados a partir de un hecho relevante. Con veinticuatro a\u00f1os ingresa en el Cuerpo de la Guardia Civil, realizando su labor de forma arriesgada y valiente en diferentes localidades de Espa\u00f1a hasta terminar destinado en el Puesto de Azuqueca de Henares (Guadalajara). Es aqu\u00ed donde su vida se cruza, por diferentes motivos y situaciones, con las de Tom\u00e1s e Isabel (protagonistas de la trilog\u00eda Miradas).  Trama e intervenciones policiales entremezcladas con amor, sexo, pasi\u00f3n, rechazo, celos, dolor, violencia y muertes que llevar\u00e1n al lector a vivirlo intensamente como si fuera un personaje m\u00e1s.  Cariel\u00a0ampl\u00eda, desarrolla y complementa los hechos ocurridos en\u00a0Miradas\u00a0y\u00a0Nuestro amor ser\u00e1 un beso continuo.\u00a0Te asombrar\u00e1s de todo lo que quedaba, a\u00fan, por conocer.  \u00abAl final, solo soy un instante.  Una persona unida a un espacio de tiempo que vive, a lo largo de  su vida, para ti.  Un deseo de algo perpetuo que nunca durar\u00e1.  Y una l\u00e1grima que siempre, siempre llegar\u00e1.  Pu\u00f1al, que bien te matar\u00e1\u00bb.  \u00abSentirse loco es querer verte sin poder tenerte\u00bb.\" \/>\n<meta property=\"og:url\" content=\"https:\/\/letrame.com\/catalogo\/producto\/cariel\/\" \/>\n<meta property=\"og:site_name\" content=\"Catalogo | Letrame Grupo Editorial\" \/>\n<meta property=\"article:modified_time\" content=\"2024-08-16T09:44:15+00:00\" \/>\n<meta property=\"og:image\" content=\"https:\/\/letrame.com\/catalogo\/wp-content\/uploads\/2024\/04\/CARIEL-scaled-1.jpeg\" \/>\n\t<meta property=\"og:image:width\" content=\"1746\" \/>\n\t<meta property=\"og:image:height\" content=\"2560\" \/>\n\t<meta property=\"og:image:type\" content=\"image\/jpeg\" \/>\n<meta name=\"twitter:card\" content=\"summary_large_image\" \/>\n<meta name=\"twitter:label1\" content=\"Tiempo de lectura\" \/>\n\t<meta name=\"twitter:data1\" content=\"2 minutos\" \/>\n<script type=\"application\/ld+json\" class=\"yoast-schema-graph\">{\"@context\":\"https:\/\/schema.org\",\"@graph\":[{\"@type\":\"WebPage\",\"@id\":\"https:\/\/letrame.com\/catalogo\/producto\/cariel\/\",\"url\":\"https:\/\/letrame.com\/catalogo\/producto\/cariel\/\",\"name\":\"Cariel - Catalogo | Letrame Grupo Editorial\",\"isPartOf\":{\"@id\":\"https:\/\/letrame.com\/catalogo\/#website\"},\"primaryImageOfPage\":{\"@id\":\"https:\/\/letrame.com\/catalogo\/producto\/cariel\/#primaryimage\"},\"image\":{\"@id\":\"https:\/\/letrame.com\/catalogo\/producto\/cariel\/#primaryimage\"},\"thumbnailUrl\":\"https:\/\/letrame.com\/catalogo\/wp-content\/uploads\/2024\/04\/CARIEL-scaled-1.jpeg\",\"datePublished\":\"2024-04-29T11:40:41+00:00\",\"dateModified\":\"2024-08-16T09:44:15+00:00\",\"breadcrumb\":{\"@id\":\"https:\/\/letrame.com\/catalogo\/producto\/cariel\/#breadcrumb\"},\"inLanguage\":\"es\",\"potentialAction\":[{\"@type\":\"ReadAction\",\"target\":[\"https:\/\/letrame.com\/catalogo\/producto\/cariel\/\"]}]},{\"@type\":\"ImageObject\",\"inLanguage\":\"es\",\"@id\":\"https:\/\/letrame.com\/catalogo\/producto\/cariel\/#primaryimage\",\"url\":\"https:\/\/letrame.com\/catalogo\/wp-content\/uploads\/2024\/04\/CARIEL-scaled-1.jpeg\",\"contentUrl\":\"https:\/\/letrame.com\/catalogo\/wp-content\/uploads\/2024\/04\/CARIEL-scaled-1.jpeg\",\"width\":1746,\"height\":2560},{\"@type\":\"BreadcrumbList\",\"@id\":\"https:\/\/letrame.com\/catalogo\/producto\/cariel\/#breadcrumb\",\"itemListElement\":[{\"@type\":\"ListItem\",\"position\":1,\"name\":\"Portada\",\"item\":\"https:\/\/letrame.com\/catalogo\/\"},{\"@type\":\"ListItem\",\"position\":2,\"name\":\"Cat\u00e1logo\",\"item\":\"https:\/\/letrame.com\/catalogo\/\"},{\"@type\":\"ListItem\",\"position\":3,\"name\":\"Cariel\"}]},{\"@type\":\"WebSite\",\"@id\":\"https:\/\/letrame.com\/catalogo\/#website\",\"url\":\"https:\/\/letrame.com\/catalogo\/\",\"name\":\"Catalogo | Letrame Grupo Editorial\",\"description\":\"\",\"publisher\":{\"@id\":\"https:\/\/letrame.com\/catalogo\/#organization\"},\"potentialAction\":[{\"@type\":\"SearchAction\",\"target\":{\"@type\":\"EntryPoint\",\"urlTemplate\":\"https:\/\/letrame.com\/catalogo\/?s={search_term_string}\"},\"query-input\":{\"@type\":\"PropertyValueSpecification\",\"valueRequired\":true,\"valueName\":\"search_term_string\"}}],\"inLanguage\":\"es\"},{\"@type\":\"Organization\",\"@id\":\"https:\/\/letrame.com\/catalogo\/#organization\",\"name\":\"Catalogo | Letrame Grupo Editorial\",\"url\":\"https:\/\/letrame.com\/catalogo\/\",\"logo\":{\"@type\":\"ImageObject\",\"inLanguage\":\"es\",\"@id\":\"https:\/\/letrame.com\/catalogo\/#\/schema\/logo\/image\/\",\"url\":\"https:\/\/letrame.com\/catalogo\/wp-content\/uploads\/2024\/03\/logo2.webp\",\"contentUrl\":\"https:\/\/letrame.com\/catalogo\/wp-content\/uploads\/2024\/03\/logo2.webp\",\"width\":394,\"height\":128,\"caption\":\"Catalogo | Letrame Grupo Editorial\"},\"image\":{\"@id\":\"https:\/\/letrame.com\/catalogo\/#\/schema\/logo\/image\/\"}}]}<\/script>\n<!-- \/ Yoast SEO plugin. -->","yoast_head_json":{"title":"Cariel - Catalogo | Letrame Grupo Editorial","robots":{"index":"index","follow":"follow","max-snippet":"max-snippet:-1","max-image-preview":"max-image-preview:large","max-video-preview":"max-video-preview:-1"},"canonical":"https:\/\/letrame.com\/catalogo\/producto\/cariel\/","og_locale":"es_ES","og_type":"article","og_title":"Cariel - Catalogo | Letrame Grupo Editorial","og_description":"ISBN: 978-84-1114-239-7  SINOPSIS     Continuaci\u00f3n de las novelas Miradas y Nuestro amor ser\u00e1 un beso continuo.  Santiago es un joven que reside en el barrio madrile\u00f1o de Opa\u00f1el, en el distrito de Carabanchel. Desde los catorce a\u00f1os hasta los veinte su vida transcurre en torno a la violencia, dando un giro inesperado de ciento ochenta grados a partir de un hecho relevante. Con veinticuatro a\u00f1os ingresa en el Cuerpo de la Guardia Civil, realizando su labor de forma arriesgada y valiente en diferentes localidades de Espa\u00f1a hasta terminar destinado en el Puesto de Azuqueca de Henares (Guadalajara). Es aqu\u00ed donde su vida se cruza, por diferentes motivos y situaciones, con las de Tom\u00e1s e Isabel (protagonistas de la trilog\u00eda Miradas).  Trama e intervenciones policiales entremezcladas con amor, sexo, pasi\u00f3n, rechazo, celos, dolor, violencia y muertes que llevar\u00e1n al lector a vivirlo intensamente como si fuera un personaje m\u00e1s.  Cariel\u00a0ampl\u00eda, desarrolla y complementa los hechos ocurridos en\u00a0Miradas\u00a0y\u00a0Nuestro amor ser\u00e1 un beso continuo.\u00a0Te asombrar\u00e1s de todo lo que quedaba, a\u00fan, por conocer.  \u00abAl final, solo soy un instante.  Una persona unida a un espacio de tiempo que vive, a lo largo de  su vida, para ti.  Un deseo de algo perpetuo que nunca durar\u00e1.  Y una l\u00e1grima que siempre, siempre llegar\u00e1.  Pu\u00f1al, que bien te matar\u00e1\u00bb.  \u00abSentirse loco es querer verte sin poder tenerte\u00bb.","og_url":"https:\/\/letrame.com\/catalogo\/producto\/cariel\/","og_site_name":"Catalogo | Letrame Grupo Editorial","article_modified_time":"2024-08-16T09:44:15+00:00","og_image":[{"width":1746,"height":2560,"url":"https:\/\/letrame.com\/catalogo\/wp-content\/uploads\/2024\/04\/CARIEL-scaled-1.jpeg","type":"image\/jpeg"}],"twitter_card":"summary_large_image","twitter_misc":{"Tiempo de lectura":"2 minutos"},"schema":{"@context":"https:\/\/schema.org","@graph":[{"@type":"WebPage","@id":"https:\/\/letrame.com\/catalogo\/producto\/cariel\/","url":"https:\/\/letrame.com\/catalogo\/producto\/cariel\/","name":"Cariel - Catalogo | Letrame Grupo Editorial","isPartOf":{"@id":"https:\/\/letrame.com\/catalogo\/#website"},"primaryImageOfPage":{"@id":"https:\/\/letrame.com\/catalogo\/producto\/cariel\/#primaryimage"},"image":{"@id":"https:\/\/letrame.com\/catalogo\/producto\/cariel\/#primaryimage"},"thumbnailUrl":"https:\/\/letrame.com\/catalogo\/wp-content\/uploads\/2024\/04\/CARIEL-scaled-1.jpeg","datePublished":"2024-04-29T11:40:41+00:00","dateModified":"2024-08-16T09:44:15+00:00","breadcrumb":{"@id":"https:\/\/letrame.com\/catalogo\/producto\/cariel\/#breadcrumb"},"inLanguage":"es","potentialAction":[{"@type":"ReadAction","target":["https:\/\/letrame.com\/catalogo\/producto\/cariel\/"]}]},{"@type":"ImageObject","inLanguage":"es","@id":"https:\/\/letrame.com\/catalogo\/producto\/cariel\/#primaryimage","url":"https:\/\/letrame.com\/catalogo\/wp-content\/uploads\/2024\/04\/CARIEL-scaled-1.jpeg","contentUrl":"https:\/\/letrame.com\/catalogo\/wp-content\/uploads\/2024\/04\/CARIEL-scaled-1.jpeg","width":1746,"height":2560},{"@type":"BreadcrumbList","@id":"https:\/\/letrame.com\/catalogo\/producto\/cariel\/#breadcrumb","itemListElement":[{"@type":"ListItem","position":1,"name":"Portada","item":"https:\/\/letrame.com\/catalogo\/"},{"@type":"ListItem","position":2,"name":"Cat\u00e1logo","item":"https:\/\/letrame.com\/catalogo\/"},{"@type":"ListItem","position":3,"name":"Cariel"}]},{"@type":"WebSite","@id":"https:\/\/letrame.com\/catalogo\/#website","url":"https:\/\/letrame.com\/catalogo\/","name":"Catalogo | Letrame Grupo Editorial","description":"","publisher":{"@id":"https:\/\/letrame.com\/catalogo\/#organization"},"potentialAction":[{"@type":"SearchAction","target":{"@type":"EntryPoint","urlTemplate":"https:\/\/letrame.com\/catalogo\/?s={search_term_string}"},"query-input":{"@type":"PropertyValueSpecification","valueRequired":true,"valueName":"search_term_string"}}],"inLanguage":"es"},{"@type":"Organization","@id":"https:\/\/letrame.com\/catalogo\/#organization","name":"Catalogo | Letrame Grupo Editorial","url":"https:\/\/letrame.com\/catalogo\/","logo":{"@type":"ImageObject","inLanguage":"es","@id":"https:\/\/letrame.com\/catalogo\/#\/schema\/logo\/image\/","url":"https:\/\/letrame.com\/catalogo\/wp-content\/uploads\/2024\/03\/logo2.webp","contentUrl":"https:\/\/letrame.com\/catalogo\/wp-content\/uploads\/2024\/03\/logo2.webp","width":394,"height":128,"caption":"Catalogo | Letrame Grupo Editorial"},"image":{"@id":"https:\/\/letrame.com\/catalogo\/#\/schema\/logo\/image\/"}}]}},"_links":{"self":[{"href":"https:\/\/letrame.com\/catalogo\/wp-json\/wp\/v2\/product\/97333","targetHints":{"allow":["GET"]}}],"collection":[{"href":"https:\/\/letrame.com\/catalogo\/wp-json\/wp\/v2\/product"}],"about":[{"href":"https:\/\/letrame.com\/catalogo\/wp-json\/wp\/v2\/types\/product"}],"replies":[{"embeddable":true,"href":"https:\/\/letrame.com\/catalogo\/wp-json\/wp\/v2\/comments?post=97333"}],"acf:post":[{"embeddable":true,"href":"https:\/\/letrame.com\/catalogo\/wp-json\/wp\/v2\/author_book\/77035"}],"wp:featuredmedia":[{"embeddable":true,"href":"https:\/\/letrame.com\/catalogo\/wp-json\/wp\/v2\/media\/97334"}],"wp:attachment":[{"href":"https:\/\/letrame.com\/catalogo\/wp-json\/wp\/v2\/media?parent=97333"}],"wp:term":[{"taxonomy":"libro","embeddable":true,"href":"https:\/\/letrame.com\/catalogo\/wp-json\/wp\/v2\/libro?post=97333"},{"taxonomy":"product_brand","embeddable":true,"href":"https:\/\/letrame.com\/catalogo\/wp-json\/wp\/v2\/product_brand?post=97333"},{"taxonomy":"product_cat","embeddable":true,"href":"https:\/\/letrame.com\/catalogo\/wp-json\/wp\/v2\/product_cat?post=97333"},{"taxonomy":"product_tag","embeddable":true,"href":"https:\/\/letrame.com\/catalogo\/wp-json\/wp\/v2\/product_tag?post=97333"}],"curies":[{"name":"wp","href":"https:\/\/api.w.org\/{rel}","templated":true}]}}