{"id":97327,"date":"2024-04-29T13:39:43","date_gmt":"2024-04-29T11:39:43","guid":{"rendered":"https:\/\/letrame.com\/catalogo\/producto\/un-nuevo-despertar-llamado-felicidad\/"},"modified":"2024-08-16T11:46:52","modified_gmt":"2024-08-16T09:46:52","slug":"un-nuevo-despertar-llamado-felicidad","status":"publish","type":"product","link":"https:\/\/letrame.com\/catalogo\/producto\/un-nuevo-despertar-llamado-felicidad\/","title":{"rendered":"Un nuevo despertar llamado felicidad"},"content":{"rendered":"<div class=\"page\" title=\"Page 6\">\n<div class=\"layoutArea\">\n<div class=\"column\">\n<p>ISBN: 978-84-1114-199-4<\/p>\n<\/div>\n<\/div>\n<\/div>\n<p><b>T\u00edtulo<\/b><span style=\"font-weight: 400;\">: <span data-sheets-value=\"{&quot;1&quot;:2,&quot;2&quot;:&quot;Un nuevo despertar llamado felicidad&quot;}\" data-sheets-userformat=\"{&quot;2&quot;:579,&quot;3&quot;:{&quot;1&quot;:0},&quot;4&quot;:{&quot;1&quot;:2,&quot;2&quot;:14281427},&quot;9&quot;:1,&quot;12&quot;:0}\">Un nuevo despertar llamado felicidad<\/span> <\/span><span style=\"font-weight: 400;\"><br \/>\n<\/span><b>Fecha<\/b><span style=\"font-weight: 400;\">: 2021<\/span><span style=\"font-weight: 400;\"><br \/>\n<\/span><b>P\u00e1ginas<\/b><span style=\"font-weight: 400;\">: 124<\/span><\/p>\n<p><b>SINOPSIS<\/b><\/p>\n<p>\u00bfEn alguna ocasi\u00f3n has pensado que no ten\u00edas energ\u00eda para levantarte, trajinar o trabajar al comp\u00e1s al que est\u00e1s acostumbrada?<\/p>\n<p><em>Un nuevo despertar llamado felicidad<\/em> es precisamente lo que te hace falta para recargar pilas y mirar al mundo de una manera del todo distinta, m\u00e1s risue\u00f1a y con m\u00e1s deseos para enfrentarte a todos los desaf\u00edos que desees.<\/p>\n<p>Estas letras son una forma magn\u00edfica de empezar a pensar en positivo y emplear tiempo para ser lo m\u00e1s valioso en tu vida. T\u00fa misma.<\/p>\n","protected":false},"excerpt":{"rendered":"<div class=\"page\" title=\"Page 6\">\n<div class=\"layoutArea\">\n<div class=\"column\">\n<p><strong>ISBN: 978-84-1114-199-4<\/strong><\/p>\n<\/div>\n<\/div>\n<\/div>\n<p>\u00bfEn alguna ocasi\u00f3n has pensado que no ten\u00edas energ\u00eda para levantarte, trajinar o trabajar al comp\u00e1s al que est\u00e1s acostumbrada?<\/p>\n<p><em>Un nuevo despertar llamado felicidad<\/em> es precisamente lo que te hace falta para recargar pilas y mirar al mundo de una manera del todo distinta, m\u00e1s risue\u00f1a y con m\u00e1s deseos para enfrentarte a todos los desaf\u00edos que desees.<\/p>\n<p>Estas letras son una forma magn\u00edfica de empezar a pensar en positivo y emplear tiempo para ser lo m\u00e1s valioso en tu vida. T\u00fa misma.<\/p>\n","protected":false},"featured_media":97328,"comment_status":"closed","ping_status":"closed","template":"","meta":{"_acf_changed":false},"libro":[],"product_brand":[],"product_cat":[18],"product_tag":[],"class_list":{"0":"post-97327","1":"product","2":"type-product","3":"status-publish","4":"has-post-thumbnail","6":"product_cat-autoayuda","8":"first","9":"instock","10":"purchasable","11":"product-type-simple"},"acf":{"autor":[77012],"enlace_de_compra":"https:\/\/amzn.to\/4fPGPUA"},"yoast_head":"<!-- This site is optimized with the Yoast SEO plugin v27.4 - https:\/\/yoast.com\/product\/yoast-seo-wordpress\/ -->\n<title>Un nuevo despertar llamado felicidad - Catalogo | Letrame Grupo Editorial<\/title>\n<meta name=\"robots\" content=\"index, follow, max-snippet:-1, max-image-preview:large, max-video-preview:-1\" \/>\n<link rel=\"canonical\" href=\"https:\/\/letrame.com\/catalogo\/producto\/un-nuevo-despertar-llamado-felicidad\/\" \/>\n<meta property=\"og:locale\" content=\"es_ES\" \/>\n<meta property=\"og:type\" content=\"article\" \/>\n<meta property=\"og:title\" content=\"Un nuevo despertar llamado felicidad - Catalogo | Letrame Grupo Editorial\" \/>\n<meta property=\"og:description\" content=\"ISBN: 978-84-1114-199-4     \u00bfEn alguna ocasi\u00f3n has pensado que no ten\u00edas energ\u00eda para levantarte, trajinar o trabajar al comp\u00e1s al que est\u00e1s acostumbrada?  Un nuevo despertar llamado felicidad es precisamente lo que te hace falta para recargar pilas y mirar al mundo de una manera del todo distinta, m\u00e1s risue\u00f1a y con m\u00e1s deseos para enfrentarte a todos los desaf\u00edos que desees.  Estas letras son una forma magn\u00edfica de empezar a pensar en positivo y emplear tiempo para ser lo m\u00e1s valioso en tu vida. T\u00fa misma.\" \/>\n<meta property=\"og:url\" content=\"https:\/\/letrame.com\/catalogo\/producto\/un-nuevo-despertar-llamado-felicidad\/\" \/>\n<meta property=\"og:site_name\" content=\"Catalogo | Letrame Grupo Editorial\" \/>\n<meta property=\"article:modified_time\" content=\"2024-08-16T09:46:52+00:00\" \/>\n<meta property=\"og:image\" content=\"https:\/\/letrame.com\/catalogo\/wp-content\/uploads\/2024\/04\/Un-nuevo-despertar-llamado-felicidad-scaled-1.jpeg\" \/>\n\t<meta property=\"og:image:width\" content=\"1746\" \/>\n\t<meta property=\"og:image:height\" content=\"2560\" \/>\n\t<meta property=\"og:image:type\" content=\"image\/jpeg\" \/>\n<meta name=\"twitter:card\" content=\"summary_large_image\" \/>\n<meta name=\"twitter:label1\" content=\"Tiempo de lectura\" \/>\n\t<meta name=\"twitter:data1\" content=\"1 minuto\" \/>\n<script type=\"application\/ld+json\" class=\"yoast-schema-graph\">{\"@context\":\"https:\\\/\\\/schema.org\",\"@graph\":[{\"@type\":\"WebPage\",\"@id\":\"https:\\\/\\\/letrame.com\\\/catalogo\\\/producto\\\/un-nuevo-despertar-llamado-felicidad\\\/\",\"url\":\"https:\\\/\\\/letrame.com\\\/catalogo\\\/producto\\\/un-nuevo-despertar-llamado-felicidad\\\/\",\"name\":\"Un nuevo despertar llamado felicidad - Catalogo | Letrame Grupo Editorial\",\"isPartOf\":{\"@id\":\"https:\\\/\\\/letrame.com\\\/catalogo\\\/#website\"},\"primaryImageOfPage\":{\"@id\":\"https:\\\/\\\/letrame.com\\\/catalogo\\\/producto\\\/un-nuevo-despertar-llamado-felicidad\\\/#primaryimage\"},\"image\":{\"@id\":\"https:\\\/\\\/letrame.com\\\/catalogo\\\/producto\\\/un-nuevo-despertar-llamado-felicidad\\\/#primaryimage\"},\"thumbnailUrl\":\"https:\\\/\\\/letrame.com\\\/catalogo\\\/wp-content\\\/uploads\\\/2024\\\/04\\\/Un-nuevo-despertar-llamado-felicidad-scaled-1.jpeg\",\"datePublished\":\"2024-04-29T11:39:43+00:00\",\"dateModified\":\"2024-08-16T09:46:52+00:00\",\"breadcrumb\":{\"@id\":\"https:\\\/\\\/letrame.com\\\/catalogo\\\/producto\\\/un-nuevo-despertar-llamado-felicidad\\\/#breadcrumb\"},\"inLanguage\":\"es\",\"potentialAction\":[{\"@type\":\"ReadAction\",\"target\":[\"https:\\\/\\\/letrame.com\\\/catalogo\\\/producto\\\/un-nuevo-despertar-llamado-felicidad\\\/\"]}]},{\"@type\":\"ImageObject\",\"inLanguage\":\"es\",\"@id\":\"https:\\\/\\\/letrame.com\\\/catalogo\\\/producto\\\/un-nuevo-despertar-llamado-felicidad\\\/#primaryimage\",\"url\":\"https:\\\/\\\/letrame.com\\\/catalogo\\\/wp-content\\\/uploads\\\/2024\\\/04\\\/Un-nuevo-despertar-llamado-felicidad-scaled-1.jpeg\",\"contentUrl\":\"https:\\\/\\\/letrame.com\\\/catalogo\\\/wp-content\\\/uploads\\\/2024\\\/04\\\/Un-nuevo-despertar-llamado-felicidad-scaled-1.jpeg\",\"width\":1746,\"height\":2560},{\"@type\":\"BreadcrumbList\",\"@id\":\"https:\\\/\\\/letrame.com\\\/catalogo\\\/producto\\\/un-nuevo-despertar-llamado-felicidad\\\/#breadcrumb\",\"itemListElement\":[{\"@type\":\"ListItem\",\"position\":1,\"name\":\"Portada\",\"item\":\"https:\\\/\\\/letrame.com\\\/catalogo\\\/\"},{\"@type\":\"ListItem\",\"position\":2,\"name\":\"Cat\u00e1logo\",\"item\":\"https:\\\/\\\/letrame.com\\\/catalogo\\\/\"},{\"@type\":\"ListItem\",\"position\":3,\"name\":\"Un nuevo despertar llamado felicidad\"}]},{\"@type\":\"WebSite\",\"@id\":\"https:\\\/\\\/letrame.com\\\/catalogo\\\/#website\",\"url\":\"https:\\\/\\\/letrame.com\\\/catalogo\\\/\",\"name\":\"Catalogo | Letrame Grupo Editorial\",\"description\":\"\",\"publisher\":{\"@id\":\"https:\\\/\\\/letrame.com\\\/catalogo\\\/#organization\"},\"potentialAction\":[{\"@type\":\"SearchAction\",\"target\":{\"@type\":\"EntryPoint\",\"urlTemplate\":\"https:\\\/\\\/letrame.com\\\/catalogo\\\/?s={search_term_string}\"},\"query-input\":{\"@type\":\"PropertyValueSpecification\",\"valueRequired\":true,\"valueName\":\"search_term_string\"}}],\"inLanguage\":\"es\"},{\"@type\":\"Organization\",\"@id\":\"https:\\\/\\\/letrame.com\\\/catalogo\\\/#organization\",\"name\":\"Catalogo | Letrame Grupo Editorial\",\"url\":\"https:\\\/\\\/letrame.com\\\/catalogo\\\/\",\"logo\":{\"@type\":\"ImageObject\",\"inLanguage\":\"es\",\"@id\":\"https:\\\/\\\/letrame.com\\\/catalogo\\\/#\\\/schema\\\/logo\\\/image\\\/\",\"url\":\"https:\\\/\\\/letrame.com\\\/catalogo\\\/wp-content\\\/uploads\\\/2024\\\/03\\\/logo2.webp\",\"contentUrl\":\"https:\\\/\\\/letrame.com\\\/catalogo\\\/wp-content\\\/uploads\\\/2024\\\/03\\\/logo2.webp\",\"width\":394,\"height\":128,\"caption\":\"Catalogo | Letrame Grupo Editorial\"},\"image\":{\"@id\":\"https:\\\/\\\/letrame.com\\\/catalogo\\\/#\\\/schema\\\/logo\\\/image\\\/\"}}]}<\/script>\n<!-- \/ Yoast SEO plugin. -->","yoast_head_json":{"title":"Un nuevo despertar llamado felicidad - Catalogo | Letrame Grupo Editorial","robots":{"index":"index","follow":"follow","max-snippet":"max-snippet:-1","max-image-preview":"max-image-preview:large","max-video-preview":"max-video-preview:-1"},"canonical":"https:\/\/letrame.com\/catalogo\/producto\/un-nuevo-despertar-llamado-felicidad\/","og_locale":"es_ES","og_type":"article","og_title":"Un nuevo despertar llamado felicidad - Catalogo | Letrame Grupo Editorial","og_description":"ISBN: 978-84-1114-199-4     \u00bfEn alguna ocasi\u00f3n has pensado que no ten\u00edas energ\u00eda para levantarte, trajinar o trabajar al comp\u00e1s al que est\u00e1s acostumbrada?  Un nuevo despertar llamado felicidad es precisamente lo que te hace falta para recargar pilas y mirar al mundo de una manera del todo distinta, m\u00e1s risue\u00f1a y con m\u00e1s deseos para enfrentarte a todos los desaf\u00edos que desees.  Estas letras son una forma magn\u00edfica de empezar a pensar en positivo y emplear tiempo para ser lo m\u00e1s valioso en tu vida. T\u00fa misma.","og_url":"https:\/\/letrame.com\/catalogo\/producto\/un-nuevo-despertar-llamado-felicidad\/","og_site_name":"Catalogo | Letrame Grupo Editorial","article_modified_time":"2024-08-16T09:46:52+00:00","og_image":[{"width":1746,"height":2560,"url":"https:\/\/letrame.com\/catalogo\/wp-content\/uploads\/2024\/04\/Un-nuevo-despertar-llamado-felicidad-scaled-1.jpeg","type":"image\/jpeg"}],"twitter_card":"summary_large_image","twitter_misc":{"Tiempo de lectura":"1 minuto"},"schema":{"@context":"https:\/\/schema.org","@graph":[{"@type":"WebPage","@id":"https:\/\/letrame.com\/catalogo\/producto\/un-nuevo-despertar-llamado-felicidad\/","url":"https:\/\/letrame.com\/catalogo\/producto\/un-nuevo-despertar-llamado-felicidad\/","name":"Un nuevo despertar llamado felicidad - Catalogo | Letrame Grupo Editorial","isPartOf":{"@id":"https:\/\/letrame.com\/catalogo\/#website"},"primaryImageOfPage":{"@id":"https:\/\/letrame.com\/catalogo\/producto\/un-nuevo-despertar-llamado-felicidad\/#primaryimage"},"image":{"@id":"https:\/\/letrame.com\/catalogo\/producto\/un-nuevo-despertar-llamado-felicidad\/#primaryimage"},"thumbnailUrl":"https:\/\/letrame.com\/catalogo\/wp-content\/uploads\/2024\/04\/Un-nuevo-despertar-llamado-felicidad-scaled-1.jpeg","datePublished":"2024-04-29T11:39:43+00:00","dateModified":"2024-08-16T09:46:52+00:00","breadcrumb":{"@id":"https:\/\/letrame.com\/catalogo\/producto\/un-nuevo-despertar-llamado-felicidad\/#breadcrumb"},"inLanguage":"es","potentialAction":[{"@type":"ReadAction","target":["https:\/\/letrame.com\/catalogo\/producto\/un-nuevo-despertar-llamado-felicidad\/"]}]},{"@type":"ImageObject","inLanguage":"es","@id":"https:\/\/letrame.com\/catalogo\/producto\/un-nuevo-despertar-llamado-felicidad\/#primaryimage","url":"https:\/\/letrame.com\/catalogo\/wp-content\/uploads\/2024\/04\/Un-nuevo-despertar-llamado-felicidad-scaled-1.jpeg","contentUrl":"https:\/\/letrame.com\/catalogo\/wp-content\/uploads\/2024\/04\/Un-nuevo-despertar-llamado-felicidad-scaled-1.jpeg","width":1746,"height":2560},{"@type":"BreadcrumbList","@id":"https:\/\/letrame.com\/catalogo\/producto\/un-nuevo-despertar-llamado-felicidad\/#breadcrumb","itemListElement":[{"@type":"ListItem","position":1,"name":"Portada","item":"https:\/\/letrame.com\/catalogo\/"},{"@type":"ListItem","position":2,"name":"Cat\u00e1logo","item":"https:\/\/letrame.com\/catalogo\/"},{"@type":"ListItem","position":3,"name":"Un nuevo despertar llamado felicidad"}]},{"@type":"WebSite","@id":"https:\/\/letrame.com\/catalogo\/#website","url":"https:\/\/letrame.com\/catalogo\/","name":"Catalogo | Letrame Grupo Editorial","description":"","publisher":{"@id":"https:\/\/letrame.com\/catalogo\/#organization"},"potentialAction":[{"@type":"SearchAction","target":{"@type":"EntryPoint","urlTemplate":"https:\/\/letrame.com\/catalogo\/?s={search_term_string}"},"query-input":{"@type":"PropertyValueSpecification","valueRequired":true,"valueName":"search_term_string"}}],"inLanguage":"es"},{"@type":"Organization","@id":"https:\/\/letrame.com\/catalogo\/#organization","name":"Catalogo | Letrame Grupo Editorial","url":"https:\/\/letrame.com\/catalogo\/","logo":{"@type":"ImageObject","inLanguage":"es","@id":"https:\/\/letrame.com\/catalogo\/#\/schema\/logo\/image\/","url":"https:\/\/letrame.com\/catalogo\/wp-content\/uploads\/2024\/03\/logo2.webp","contentUrl":"https:\/\/letrame.com\/catalogo\/wp-content\/uploads\/2024\/03\/logo2.webp","width":394,"height":128,"caption":"Catalogo | Letrame Grupo Editorial"},"image":{"@id":"https:\/\/letrame.com\/catalogo\/#\/schema\/logo\/image\/"}}]}},"_links":{"self":[{"href":"https:\/\/letrame.com\/catalogo\/wp-json\/wp\/v2\/product\/97327","targetHints":{"allow":["GET"]}}],"collection":[{"href":"https:\/\/letrame.com\/catalogo\/wp-json\/wp\/v2\/product"}],"about":[{"href":"https:\/\/letrame.com\/catalogo\/wp-json\/wp\/v2\/types\/product"}],"replies":[{"embeddable":true,"href":"https:\/\/letrame.com\/catalogo\/wp-json\/wp\/v2\/comments?post=97327"}],"acf:post":[{"embeddable":true,"href":"https:\/\/letrame.com\/catalogo\/wp-json\/wp\/v2\/author_book\/77012"}],"wp:featuredmedia":[{"embeddable":true,"href":"https:\/\/letrame.com\/catalogo\/wp-json\/wp\/v2\/media\/97328"}],"wp:attachment":[{"href":"https:\/\/letrame.com\/catalogo\/wp-json\/wp\/v2\/media?parent=97327"}],"wp:term":[{"taxonomy":"libro","embeddable":true,"href":"https:\/\/letrame.com\/catalogo\/wp-json\/wp\/v2\/libro?post=97327"},{"taxonomy":"product_brand","embeddable":true,"href":"https:\/\/letrame.com\/catalogo\/wp-json\/wp\/v2\/product_brand?post=97327"},{"taxonomy":"product_cat","embeddable":true,"href":"https:\/\/letrame.com\/catalogo\/wp-json\/wp\/v2\/product_cat?post=97327"},{"taxonomy":"product_tag","embeddable":true,"href":"https:\/\/letrame.com\/catalogo\/wp-json\/wp\/v2\/product_tag?post=97327"}],"curies":[{"name":"wp","href":"https:\/\/api.w.org\/{rel}","templated":true}]}}