{"id":97304,"date":"2024-04-29T13:35:02","date_gmt":"2024-04-29T11:35:02","guid":{"rendered":"https:\/\/letrame.com\/catalogo\/producto\/no-lo-hagas\/"},"modified":"2024-08-16T12:01:54","modified_gmt":"2024-08-16T10:01:54","slug":"no-lo-hagas","status":"publish","type":"product","link":"https:\/\/letrame.com\/catalogo\/producto\/no-lo-hagas\/","title":{"rendered":"No lo hagas"},"content":{"rendered":"<div class=\"page\" title=\"Page 6\">\n<div class=\"layoutArea\">\n<div class=\"column\">\n<p><strong>ISBN: 978-84-1114-226-7<\/strong><\/p>\n<\/div>\n<\/div>\n<\/div>\n<p><b>T\u00edtulo<\/b><span style=\"font-weight: 400;\">: No lo hagas\u00a0<\/span><span style=\"font-weight: 400;\"><br \/>\n<\/span><b>Fecha<\/b><span style=\"font-weight: 400;\">: 2021<\/span><span style=\"font-weight: 400;\"><br \/>\n<\/span><b>P\u00e1ginas<\/b><span style=\"font-weight: 400;\">: 146<\/span><\/p>\n<p><b>SINOPSIS<\/b><\/p>\n<p>&nbsp;<\/p>\n<p>Alma Carmona tiene una vida perfecta: un guapo marido cardi\u00f3logo al que han ofrecido un puesto de responsabilidad en uno de los mejores hospitales de Estados Unidos y una familia y amigos que la quieren.<\/p>\n<p>Pero toda esa vida de ensue\u00f1o se derrumba la noche en que su marido es encontrado muerto en un club liberal de Los \u00c1ngeles. Todo parece indicar que se trata de un accidente sexual, pero Alma, convencida de que hay algo m\u00e1s, decide adentrarse en un mundo de sexo y lujuria que la seducir\u00e1.<\/p>\n<p>En el Black Moon se encontrar\u00e1 con Evan James, director del hospital y amigo de su marido.<\/p>\n<p>\u2014No lo hagas \u2014la advierte cuando la ve contemplando una orgia\u2014. No hagas nada de lo que luego puedas arrepentirte.<\/p>\n<p>Evan decide ayudarla en su investigaci\u00f3n en el club, pero lo que comienza como una simple amistad da paso a una historia de amor, sexo, deseo y celos. En la que ambos se ver\u00e1n atrapados.<\/p>\n<p>D\u00e9jate seducir por esta adictiva historia.<\/p>\n","protected":false},"excerpt":{"rendered":"<div class=\"page\" title=\"Page 6\">\n<div class=\"layoutArea\">\n<div class=\"column\">\n<p><strong>ISBN: 978-84-1114-226-7<\/strong><\/p>\n<\/div>\n<\/div>\n<\/div>\n<p>Alma Carmona tiene una vida perfecta: un guapo marido cardi\u00f3logo al que han ofrecido un puesto de responsabilidad en uno de los mejores hospitales de Estados Unidos y una familia y amigos que la quieren.<\/p>\n<p>Pero toda esa vida de ensue\u00f1o se derrumba la noche en que su marido es encontrado muerto en un club liberal de Los \u00c1ngeles. Todo parece indicar que se trata de un accidente sexual, pero Alma, convencida de que hay algo m\u00e1s, decide adentrarse en un mundo de sexo y lujuria que la seducir\u00e1.<\/p>\n<p>En el Black Moon se encontrar\u00e1 con Evan James, director del hospital y amigo de su marido.<\/p>\n<p>\u2014No lo hagas \u2014la advierte cuando la ve contemplando una orgia\u2014. No hagas nada de lo que luego puedas arrepentirte.<\/p>\n<p>Evan decide ayudarla en su investigaci\u00f3n en el club, pero lo que comienza como una simple amistad da paso a una historia de amor, sexo, deseo y celos. En la que ambos se ver\u00e1n atrapados.<\/p>\n<p>D\u00e9jate seducir por esta adictiva historia.<\/p>\n","protected":false},"featured_media":97305,"comment_status":"closed","ping_status":"closed","template":"","meta":{"_acf_changed":false},"libro":[],"product_brand":[],"product_cat":[16],"product_tag":[],"class_list":{"0":"post-97304","1":"product","2":"type-product","3":"status-publish","4":"has-post-thumbnail","6":"product_cat-novela","8":"first","9":"instock","10":"purchasable","11":"product-type-simple"},"acf":{"autor":[76671],"enlace_de_compra":"https:\/\/amzn.to\/3M62CKn"},"yoast_head":"<!-- This site is optimized with the Yoast SEO plugin v27.4 - https:\/\/yoast.com\/product\/yoast-seo-wordpress\/ -->\n<title>No lo hagas - Catalogo | Letrame Grupo Editorial<\/title>\n<meta name=\"robots\" content=\"index, follow, max-snippet:-1, max-image-preview:large, max-video-preview:-1\" \/>\n<link rel=\"canonical\" href=\"https:\/\/letrame.com\/catalogo\/producto\/no-lo-hagas\/\" \/>\n<meta property=\"og:locale\" content=\"es_ES\" \/>\n<meta property=\"og:type\" content=\"article\" \/>\n<meta property=\"og:title\" content=\"No lo hagas - Catalogo | Letrame Grupo Editorial\" \/>\n<meta property=\"og:description\" content=\"ISBN: 978-84-1114-226-7     Alma Carmona tiene una vida perfecta: un guapo marido cardi\u00f3logo al que han ofrecido un puesto de responsabilidad en uno de los mejores hospitales de Estados Unidos y una familia y amigos que la quieren.  Pero toda esa vida de ensue\u00f1o se derrumba la noche en que su marido es encontrado muerto en un club liberal de Los \u00c1ngeles. Todo parece indicar que se trata de un accidente sexual, pero Alma, convencida de que hay algo m\u00e1s, decide adentrarse en un mundo de sexo y lujuria que la seducir\u00e1.  En el Black Moon se encontrar\u00e1 con Evan James, director del hospital y amigo de su marido.  \u2014No lo hagas \u2014la advierte cuando la ve contemplando una orgia\u2014. No hagas nada de lo que luego puedas arrepentirte.  Evan decide ayudarla en su investigaci\u00f3n en el club, pero lo que comienza como una simple amistad da paso a una historia de amor, sexo, deseo y celos. En la que ambos se ver\u00e1n atrapados.  D\u00e9jate seducir por esta adictiva historia.\" \/>\n<meta property=\"og:url\" content=\"https:\/\/letrame.com\/catalogo\/producto\/no-lo-hagas\/\" \/>\n<meta property=\"og:site_name\" content=\"Catalogo | Letrame Grupo Editorial\" \/>\n<meta property=\"article:modified_time\" content=\"2024-08-16T10:01:54+00:00\" \/>\n<meta property=\"og:image\" content=\"https:\/\/letrame.com\/catalogo\/wp-content\/uploads\/2024\/04\/No-lo-hagas-scaled-1.jpeg\" \/>\n\t<meta property=\"og:image:width\" content=\"1746\" \/>\n\t<meta property=\"og:image:height\" content=\"2560\" \/>\n\t<meta property=\"og:image:type\" content=\"image\/jpeg\" \/>\n<meta name=\"twitter:card\" content=\"summary_large_image\" \/>\n<meta name=\"twitter:label1\" content=\"Tiempo de lectura\" \/>\n\t<meta name=\"twitter:data1\" content=\"2 minutos\" \/>\n<script type=\"application\/ld+json\" class=\"yoast-schema-graph\">{\"@context\":\"https:\\\/\\\/schema.org\",\"@graph\":[{\"@type\":\"WebPage\",\"@id\":\"https:\\\/\\\/letrame.com\\\/catalogo\\\/producto\\\/no-lo-hagas\\\/\",\"url\":\"https:\\\/\\\/letrame.com\\\/catalogo\\\/producto\\\/no-lo-hagas\\\/\",\"name\":\"No lo hagas - Catalogo | Letrame Grupo Editorial\",\"isPartOf\":{\"@id\":\"https:\\\/\\\/letrame.com\\\/catalogo\\\/#website\"},\"primaryImageOfPage\":{\"@id\":\"https:\\\/\\\/letrame.com\\\/catalogo\\\/producto\\\/no-lo-hagas\\\/#primaryimage\"},\"image\":{\"@id\":\"https:\\\/\\\/letrame.com\\\/catalogo\\\/producto\\\/no-lo-hagas\\\/#primaryimage\"},\"thumbnailUrl\":\"https:\\\/\\\/letrame.com\\\/catalogo\\\/wp-content\\\/uploads\\\/2024\\\/04\\\/No-lo-hagas-scaled-1.jpeg\",\"datePublished\":\"2024-04-29T11:35:02+00:00\",\"dateModified\":\"2024-08-16T10:01:54+00:00\",\"breadcrumb\":{\"@id\":\"https:\\\/\\\/letrame.com\\\/catalogo\\\/producto\\\/no-lo-hagas\\\/#breadcrumb\"},\"inLanguage\":\"es\",\"potentialAction\":[{\"@type\":\"ReadAction\",\"target\":[\"https:\\\/\\\/letrame.com\\\/catalogo\\\/producto\\\/no-lo-hagas\\\/\"]}]},{\"@type\":\"ImageObject\",\"inLanguage\":\"es\",\"@id\":\"https:\\\/\\\/letrame.com\\\/catalogo\\\/producto\\\/no-lo-hagas\\\/#primaryimage\",\"url\":\"https:\\\/\\\/letrame.com\\\/catalogo\\\/wp-content\\\/uploads\\\/2024\\\/04\\\/No-lo-hagas-scaled-1.jpeg\",\"contentUrl\":\"https:\\\/\\\/letrame.com\\\/catalogo\\\/wp-content\\\/uploads\\\/2024\\\/04\\\/No-lo-hagas-scaled-1.jpeg\",\"width\":1746,\"height\":2560},{\"@type\":\"BreadcrumbList\",\"@id\":\"https:\\\/\\\/letrame.com\\\/catalogo\\\/producto\\\/no-lo-hagas\\\/#breadcrumb\",\"itemListElement\":[{\"@type\":\"ListItem\",\"position\":1,\"name\":\"Portada\",\"item\":\"https:\\\/\\\/letrame.com\\\/catalogo\\\/\"},{\"@type\":\"ListItem\",\"position\":2,\"name\":\"Cat\u00e1logo\",\"item\":\"https:\\\/\\\/letrame.com\\\/catalogo\\\/\"},{\"@type\":\"ListItem\",\"position\":3,\"name\":\"No lo hagas\"}]},{\"@type\":\"WebSite\",\"@id\":\"https:\\\/\\\/letrame.com\\\/catalogo\\\/#website\",\"url\":\"https:\\\/\\\/letrame.com\\\/catalogo\\\/\",\"name\":\"Catalogo | Letrame Grupo Editorial\",\"description\":\"\",\"publisher\":{\"@id\":\"https:\\\/\\\/letrame.com\\\/catalogo\\\/#organization\"},\"potentialAction\":[{\"@type\":\"SearchAction\",\"target\":{\"@type\":\"EntryPoint\",\"urlTemplate\":\"https:\\\/\\\/letrame.com\\\/catalogo\\\/?s={search_term_string}\"},\"query-input\":{\"@type\":\"PropertyValueSpecification\",\"valueRequired\":true,\"valueName\":\"search_term_string\"}}],\"inLanguage\":\"es\"},{\"@type\":\"Organization\",\"@id\":\"https:\\\/\\\/letrame.com\\\/catalogo\\\/#organization\",\"name\":\"Catalogo | Letrame Grupo Editorial\",\"url\":\"https:\\\/\\\/letrame.com\\\/catalogo\\\/\",\"logo\":{\"@type\":\"ImageObject\",\"inLanguage\":\"es\",\"@id\":\"https:\\\/\\\/letrame.com\\\/catalogo\\\/#\\\/schema\\\/logo\\\/image\\\/\",\"url\":\"https:\\\/\\\/letrame.com\\\/catalogo\\\/wp-content\\\/uploads\\\/2024\\\/03\\\/logo2.webp\",\"contentUrl\":\"https:\\\/\\\/letrame.com\\\/catalogo\\\/wp-content\\\/uploads\\\/2024\\\/03\\\/logo2.webp\",\"width\":394,\"height\":128,\"caption\":\"Catalogo | Letrame Grupo Editorial\"},\"image\":{\"@id\":\"https:\\\/\\\/letrame.com\\\/catalogo\\\/#\\\/schema\\\/logo\\\/image\\\/\"}}]}<\/script>\n<!-- \/ Yoast SEO plugin. -->","yoast_head_json":{"title":"No lo hagas - Catalogo | Letrame Grupo Editorial","robots":{"index":"index","follow":"follow","max-snippet":"max-snippet:-1","max-image-preview":"max-image-preview:large","max-video-preview":"max-video-preview:-1"},"canonical":"https:\/\/letrame.com\/catalogo\/producto\/no-lo-hagas\/","og_locale":"es_ES","og_type":"article","og_title":"No lo hagas - Catalogo | Letrame Grupo Editorial","og_description":"ISBN: 978-84-1114-226-7     Alma Carmona tiene una vida perfecta: un guapo marido cardi\u00f3logo al que han ofrecido un puesto de responsabilidad en uno de los mejores hospitales de Estados Unidos y una familia y amigos que la quieren.  Pero toda esa vida de ensue\u00f1o se derrumba la noche en que su marido es encontrado muerto en un club liberal de Los \u00c1ngeles. Todo parece indicar que se trata de un accidente sexual, pero Alma, convencida de que hay algo m\u00e1s, decide adentrarse en un mundo de sexo y lujuria que la seducir\u00e1.  En el Black Moon se encontrar\u00e1 con Evan James, director del hospital y amigo de su marido.  \u2014No lo hagas \u2014la advierte cuando la ve contemplando una orgia\u2014. No hagas nada de lo que luego puedas arrepentirte.  Evan decide ayudarla en su investigaci\u00f3n en el club, pero lo que comienza como una simple amistad da paso a una historia de amor, sexo, deseo y celos. En la que ambos se ver\u00e1n atrapados.  D\u00e9jate seducir por esta adictiva historia.","og_url":"https:\/\/letrame.com\/catalogo\/producto\/no-lo-hagas\/","og_site_name":"Catalogo | Letrame Grupo Editorial","article_modified_time":"2024-08-16T10:01:54+00:00","og_image":[{"width":1746,"height":2560,"url":"https:\/\/letrame.com\/catalogo\/wp-content\/uploads\/2024\/04\/No-lo-hagas-scaled-1.jpeg","type":"image\/jpeg"}],"twitter_card":"summary_large_image","twitter_misc":{"Tiempo de lectura":"2 minutos"},"schema":{"@context":"https:\/\/schema.org","@graph":[{"@type":"WebPage","@id":"https:\/\/letrame.com\/catalogo\/producto\/no-lo-hagas\/","url":"https:\/\/letrame.com\/catalogo\/producto\/no-lo-hagas\/","name":"No lo hagas - Catalogo | Letrame Grupo Editorial","isPartOf":{"@id":"https:\/\/letrame.com\/catalogo\/#website"},"primaryImageOfPage":{"@id":"https:\/\/letrame.com\/catalogo\/producto\/no-lo-hagas\/#primaryimage"},"image":{"@id":"https:\/\/letrame.com\/catalogo\/producto\/no-lo-hagas\/#primaryimage"},"thumbnailUrl":"https:\/\/letrame.com\/catalogo\/wp-content\/uploads\/2024\/04\/No-lo-hagas-scaled-1.jpeg","datePublished":"2024-04-29T11:35:02+00:00","dateModified":"2024-08-16T10:01:54+00:00","breadcrumb":{"@id":"https:\/\/letrame.com\/catalogo\/producto\/no-lo-hagas\/#breadcrumb"},"inLanguage":"es","potentialAction":[{"@type":"ReadAction","target":["https:\/\/letrame.com\/catalogo\/producto\/no-lo-hagas\/"]}]},{"@type":"ImageObject","inLanguage":"es","@id":"https:\/\/letrame.com\/catalogo\/producto\/no-lo-hagas\/#primaryimage","url":"https:\/\/letrame.com\/catalogo\/wp-content\/uploads\/2024\/04\/No-lo-hagas-scaled-1.jpeg","contentUrl":"https:\/\/letrame.com\/catalogo\/wp-content\/uploads\/2024\/04\/No-lo-hagas-scaled-1.jpeg","width":1746,"height":2560},{"@type":"BreadcrumbList","@id":"https:\/\/letrame.com\/catalogo\/producto\/no-lo-hagas\/#breadcrumb","itemListElement":[{"@type":"ListItem","position":1,"name":"Portada","item":"https:\/\/letrame.com\/catalogo\/"},{"@type":"ListItem","position":2,"name":"Cat\u00e1logo","item":"https:\/\/letrame.com\/catalogo\/"},{"@type":"ListItem","position":3,"name":"No lo hagas"}]},{"@type":"WebSite","@id":"https:\/\/letrame.com\/catalogo\/#website","url":"https:\/\/letrame.com\/catalogo\/","name":"Catalogo | Letrame Grupo Editorial","description":"","publisher":{"@id":"https:\/\/letrame.com\/catalogo\/#organization"},"potentialAction":[{"@type":"SearchAction","target":{"@type":"EntryPoint","urlTemplate":"https:\/\/letrame.com\/catalogo\/?s={search_term_string}"},"query-input":{"@type":"PropertyValueSpecification","valueRequired":true,"valueName":"search_term_string"}}],"inLanguage":"es"},{"@type":"Organization","@id":"https:\/\/letrame.com\/catalogo\/#organization","name":"Catalogo | Letrame Grupo Editorial","url":"https:\/\/letrame.com\/catalogo\/","logo":{"@type":"ImageObject","inLanguage":"es","@id":"https:\/\/letrame.com\/catalogo\/#\/schema\/logo\/image\/","url":"https:\/\/letrame.com\/catalogo\/wp-content\/uploads\/2024\/03\/logo2.webp","contentUrl":"https:\/\/letrame.com\/catalogo\/wp-content\/uploads\/2024\/03\/logo2.webp","width":394,"height":128,"caption":"Catalogo | Letrame Grupo Editorial"},"image":{"@id":"https:\/\/letrame.com\/catalogo\/#\/schema\/logo\/image\/"}}]}},"_links":{"self":[{"href":"https:\/\/letrame.com\/catalogo\/wp-json\/wp\/v2\/product\/97304","targetHints":{"allow":["GET"]}}],"collection":[{"href":"https:\/\/letrame.com\/catalogo\/wp-json\/wp\/v2\/product"}],"about":[{"href":"https:\/\/letrame.com\/catalogo\/wp-json\/wp\/v2\/types\/product"}],"replies":[{"embeddable":true,"href":"https:\/\/letrame.com\/catalogo\/wp-json\/wp\/v2\/comments?post=97304"}],"acf:post":[{"embeddable":true,"href":"https:\/\/letrame.com\/catalogo\/wp-json\/wp\/v2\/author_book\/76671"}],"wp:featuredmedia":[{"embeddable":true,"href":"https:\/\/letrame.com\/catalogo\/wp-json\/wp\/v2\/media\/97305"}],"wp:attachment":[{"href":"https:\/\/letrame.com\/catalogo\/wp-json\/wp\/v2\/media?parent=97304"}],"wp:term":[{"taxonomy":"libro","embeddable":true,"href":"https:\/\/letrame.com\/catalogo\/wp-json\/wp\/v2\/libro?post=97304"},{"taxonomy":"product_brand","embeddable":true,"href":"https:\/\/letrame.com\/catalogo\/wp-json\/wp\/v2\/product_brand?post=97304"},{"taxonomy":"product_cat","embeddable":true,"href":"https:\/\/letrame.com\/catalogo\/wp-json\/wp\/v2\/product_cat?post=97304"},{"taxonomy":"product_tag","embeddable":true,"href":"https:\/\/letrame.com\/catalogo\/wp-json\/wp\/v2\/product_tag?post=97304"}],"curies":[{"name":"wp","href":"https:\/\/api.w.org\/{rel}","templated":true}]}}