{"id":97296,"date":"2024-04-29T13:33:36","date_gmt":"2024-04-29T11:33:36","guid":{"rendered":"https:\/\/letrame.com\/catalogo\/producto\/looderish-hsiredool-tridimensional\/"},"modified":"2024-04-29T13:33:37","modified_gmt":"2024-04-29T11:33:37","slug":"looderish-hsiredool-tridimensional","status":"publish","type":"product","link":"https:\/\/letrame.com\/catalogo\/producto\/looderish-hsiredool-tridimensional\/","title":{"rendered":"Looderish hsiredooL. TRIDIMENSIONAL"},"content":{"rendered":"<div class=\"page\" title=\"Page 6\">\n<div class=\"layoutArea\">\n<div class=\"column\">\n<p><strong>ISBN: 978-84-1386-996-4<\/strong><\/p>\n<\/div>\n<\/div>\n<\/div>\n<p><b>T\u00edtulo<\/b><span style=\"font-weight: 400;\">: Looderish hsiredooL. TRIDIMENSIONAL<\/span><span style=\"font-weight: 400;\"><br \/>\n<\/span><b>Fecha<\/b><span style=\"font-weight: 400;\">: 2021<\/span><span style=\"font-weight: 400;\"><br \/>\n<\/span><b>P\u00e1ginas<\/b><span style=\"font-weight: 400;\">: 692<\/span><\/p>\n<p><b>SINOPSIS<\/b><\/p>\n<p>&nbsp;<\/p>\n<p>\u00abMi nombre es Looderish Hsiredool. Nunca he entendido por qu\u00e9 tengo ese nombre. No significa nada en particular, no es un nombre b\u00edblico, ninguna celebridad lo tiene tampoco y, sin embargo, es mi nombre\u00bb.<\/p>\n<p>&nbsp;<\/p>\n<p>Una traves\u00eda sin l\u00edmite dimensional lleva a un ni\u00f1o de 12 a\u00f1os a descifrar los misterios de una verdad escondida bajo una m\u00e1quina enterrada en el olvido y a desentra\u00f1ar el significado de su propio nombre.<\/p>\n<p>&nbsp;<\/p>\n<p>La monoton\u00eda del orfanato Omusk Flair es interrumpida por hechos extraordinarios que marcar\u00e1n el destino de Lood y los senderos de una realidad indescifrable.<\/p>\n<p>&nbsp;<\/p>\n<p>&nbsp;<\/p>\n<p>\u00abUna estremecedora historia de nuestro pasado,<\/p>\n<p>del pasado del AMD\u00bb.<\/p>\n<p><strong>Ned Barbones Fletcher<\/strong><\/p>\n<p>&nbsp;<\/p>\n<p>\u00abEl libro m\u00e1s le\u00eddo en mundo burbuja\u00bb.<\/p>\n<p><strong>Deiden LHI C2<\/strong><\/p>\n","protected":false},"excerpt":{"rendered":"<p><strong>ISBN: 978-84-1386-996-4<\/strong><\/p>\n<p>\u00abMi nombre es Looderish Hsiredool. Nunca he entendido por qu\u00e9 tengo ese nombre. No significa nada en particular, no es un nombre b\u00edblico, ninguna celebridad lo tiene tampoco y, sin embargo, es mi nombre\u00bb.<\/p>\n<p>Una traves\u00eda sin l\u00edmite dimensional lleva a un ni\u00f1o de 12 a\u00f1os a descifrar los misterios de una verdad escondida bajo una m\u00e1quina enterrada en el olvido y a desentra\u00f1ar el significado de su propio nombre.<\/p>\n<p>La monoton\u00eda del orfanato Omusk Flair es interrumpida por hechos extraordinarios que marcar\u00e1n el destino de Lood y los senderos de una realidad indescifrable.<\/p>\n","protected":false},"featured_media":97297,"comment_status":"closed","ping_status":"open","template":"","meta":{"_acf_changed":false},"libro":[],"product_brand":[],"product_cat":[16],"product_tag":[],"class_list":{"0":"post-97296","1":"product","2":"type-product","3":"status-publish","4":"has-post-thumbnail","6":"product_cat-novela","8":"first","9":"instock","10":"purchasable","11":"product-type-simple"},"acf":{"autor":[75902],"enlace_de_compra":"https:\/\/www.paypal.com\/webapps\/shoppingcart?flowlogging_id=f46952897d717&amp;mfid=1638279045175_f46952897d717#\/checkout\/openButton"},"yoast_head":"<!-- This site is optimized with the Yoast SEO plugin v27.4 - https:\/\/yoast.com\/product\/yoast-seo-wordpress\/ -->\n<title>Looderish hsiredooL. TRIDIMENSIONAL - Catalogo | Letrame Grupo Editorial<\/title>\n<meta name=\"robots\" content=\"index, follow, max-snippet:-1, max-image-preview:large, max-video-preview:-1\" \/>\n<link rel=\"canonical\" href=\"https:\/\/letrame.com\/catalogo\/producto\/looderish-hsiredool-tridimensional\/\" \/>\n<meta property=\"og:locale\" content=\"es_ES\" \/>\n<meta property=\"og:type\" content=\"article\" \/>\n<meta property=\"og:title\" content=\"Looderish hsiredooL. TRIDIMENSIONAL - Catalogo | Letrame Grupo Editorial\" \/>\n<meta property=\"og:description\" content=\"ISBN: 978-84-1386-996-4 \u00abMi nombre es Looderish Hsiredool. Nunca he entendido por qu\u00e9 tengo ese nombre. No significa nada en particular, no es un nombre b\u00edblico, ninguna celebridad lo tiene tampoco y, sin embargo, es mi nombre\u00bb. Una traves\u00eda sin l\u00edmite dimensional lleva a un ni\u00f1o de 12 a\u00f1os a descifrar los misterios de una verdad escondida bajo una m\u00e1quina enterrada en el olvido y a desentra\u00f1ar el significado de su propio nombre. La monoton\u00eda del orfanato Omusk Flair es interrumpida por hechos extraordinarios que marcar\u00e1n el destino de Lood y los senderos de una realidad indescifrable.\" \/>\n<meta property=\"og:url\" content=\"https:\/\/letrame.com\/catalogo\/producto\/looderish-hsiredool-tridimensional\/\" \/>\n<meta property=\"og:site_name\" content=\"Catalogo | Letrame Grupo Editorial\" \/>\n<meta property=\"article:modified_time\" content=\"2024-04-29T11:33:37+00:00\" \/>\n<meta property=\"og:image\" content=\"https:\/\/letrame.com\/catalogo\/wp-content\/uploads\/2024\/04\/looderish-scaled-1.jpeg\" \/>\n\t<meta property=\"og:image:width\" content=\"1813\" \/>\n\t<meta property=\"og:image:height\" content=\"2560\" \/>\n\t<meta property=\"og:image:type\" content=\"image\/jpeg\" \/>\n<meta name=\"twitter:card\" content=\"summary_large_image\" \/>\n<meta name=\"twitter:label1\" content=\"Tiempo de lectura\" \/>\n\t<meta name=\"twitter:data1\" content=\"1 minuto\" \/>\n<script type=\"application\/ld+json\" class=\"yoast-schema-graph\">{\"@context\":\"https:\\\/\\\/schema.org\",\"@graph\":[{\"@type\":\"WebPage\",\"@id\":\"https:\\\/\\\/letrame.com\\\/catalogo\\\/producto\\\/looderish-hsiredool-tridimensional\\\/\",\"url\":\"https:\\\/\\\/letrame.com\\\/catalogo\\\/producto\\\/looderish-hsiredool-tridimensional\\\/\",\"name\":\"Looderish hsiredooL. TRIDIMENSIONAL - Catalogo | Letrame Grupo Editorial\",\"isPartOf\":{\"@id\":\"https:\\\/\\\/letrame.com\\\/catalogo\\\/#website\"},\"primaryImageOfPage\":{\"@id\":\"https:\\\/\\\/letrame.com\\\/catalogo\\\/producto\\\/looderish-hsiredool-tridimensional\\\/#primaryimage\"},\"image\":{\"@id\":\"https:\\\/\\\/letrame.com\\\/catalogo\\\/producto\\\/looderish-hsiredool-tridimensional\\\/#primaryimage\"},\"thumbnailUrl\":\"https:\\\/\\\/letrame.com\\\/catalogo\\\/wp-content\\\/uploads\\\/2024\\\/04\\\/looderish-scaled-1.jpeg\",\"datePublished\":\"2024-04-29T11:33:36+00:00\",\"dateModified\":\"2024-04-29T11:33:37+00:00\",\"breadcrumb\":{\"@id\":\"https:\\\/\\\/letrame.com\\\/catalogo\\\/producto\\\/looderish-hsiredool-tridimensional\\\/#breadcrumb\"},\"inLanguage\":\"es\",\"potentialAction\":[{\"@type\":\"ReadAction\",\"target\":[\"https:\\\/\\\/letrame.com\\\/catalogo\\\/producto\\\/looderish-hsiredool-tridimensional\\\/\"]}]},{\"@type\":\"ImageObject\",\"inLanguage\":\"es\",\"@id\":\"https:\\\/\\\/letrame.com\\\/catalogo\\\/producto\\\/looderish-hsiredool-tridimensional\\\/#primaryimage\",\"url\":\"https:\\\/\\\/letrame.com\\\/catalogo\\\/wp-content\\\/uploads\\\/2024\\\/04\\\/looderish-scaled-1.jpeg\",\"contentUrl\":\"https:\\\/\\\/letrame.com\\\/catalogo\\\/wp-content\\\/uploads\\\/2024\\\/04\\\/looderish-scaled-1.jpeg\",\"width\":1813,\"height\":2560},{\"@type\":\"BreadcrumbList\",\"@id\":\"https:\\\/\\\/letrame.com\\\/catalogo\\\/producto\\\/looderish-hsiredool-tridimensional\\\/#breadcrumb\",\"itemListElement\":[{\"@type\":\"ListItem\",\"position\":1,\"name\":\"Portada\",\"item\":\"https:\\\/\\\/letrame.com\\\/catalogo\\\/\"},{\"@type\":\"ListItem\",\"position\":2,\"name\":\"Cat\u00e1logo\",\"item\":\"https:\\\/\\\/letrame.com\\\/catalogo\\\/\"},{\"@type\":\"ListItem\",\"position\":3,\"name\":\"Looderish hsiredooL. TRIDIMENSIONAL\"}]},{\"@type\":\"WebSite\",\"@id\":\"https:\\\/\\\/letrame.com\\\/catalogo\\\/#website\",\"url\":\"https:\\\/\\\/letrame.com\\\/catalogo\\\/\",\"name\":\"Catalogo | Letrame Grupo Editorial\",\"description\":\"\",\"publisher\":{\"@id\":\"https:\\\/\\\/letrame.com\\\/catalogo\\\/#organization\"},\"potentialAction\":[{\"@type\":\"SearchAction\",\"target\":{\"@type\":\"EntryPoint\",\"urlTemplate\":\"https:\\\/\\\/letrame.com\\\/catalogo\\\/?s={search_term_string}\"},\"query-input\":{\"@type\":\"PropertyValueSpecification\",\"valueRequired\":true,\"valueName\":\"search_term_string\"}}],\"inLanguage\":\"es\"},{\"@type\":\"Organization\",\"@id\":\"https:\\\/\\\/letrame.com\\\/catalogo\\\/#organization\",\"name\":\"Catalogo | Letrame Grupo Editorial\",\"url\":\"https:\\\/\\\/letrame.com\\\/catalogo\\\/\",\"logo\":{\"@type\":\"ImageObject\",\"inLanguage\":\"es\",\"@id\":\"https:\\\/\\\/letrame.com\\\/catalogo\\\/#\\\/schema\\\/logo\\\/image\\\/\",\"url\":\"https:\\\/\\\/letrame.com\\\/catalogo\\\/wp-content\\\/uploads\\\/2024\\\/03\\\/logo2.webp\",\"contentUrl\":\"https:\\\/\\\/letrame.com\\\/catalogo\\\/wp-content\\\/uploads\\\/2024\\\/03\\\/logo2.webp\",\"width\":394,\"height\":128,\"caption\":\"Catalogo | Letrame Grupo Editorial\"},\"image\":{\"@id\":\"https:\\\/\\\/letrame.com\\\/catalogo\\\/#\\\/schema\\\/logo\\\/image\\\/\"}}]}<\/script>\n<!-- \/ Yoast SEO plugin. -->","yoast_head_json":{"title":"Looderish hsiredooL. TRIDIMENSIONAL - Catalogo | Letrame Grupo Editorial","robots":{"index":"index","follow":"follow","max-snippet":"max-snippet:-1","max-image-preview":"max-image-preview:large","max-video-preview":"max-video-preview:-1"},"canonical":"https:\/\/letrame.com\/catalogo\/producto\/looderish-hsiredool-tridimensional\/","og_locale":"es_ES","og_type":"article","og_title":"Looderish hsiredooL. TRIDIMENSIONAL - Catalogo | Letrame Grupo Editorial","og_description":"ISBN: 978-84-1386-996-4 \u00abMi nombre es Looderish Hsiredool. Nunca he entendido por qu\u00e9 tengo ese nombre. No significa nada en particular, no es un nombre b\u00edblico, ninguna celebridad lo tiene tampoco y, sin embargo, es mi nombre\u00bb. Una traves\u00eda sin l\u00edmite dimensional lleva a un ni\u00f1o de 12 a\u00f1os a descifrar los misterios de una verdad escondida bajo una m\u00e1quina enterrada en el olvido y a desentra\u00f1ar el significado de su propio nombre. La monoton\u00eda del orfanato Omusk Flair es interrumpida por hechos extraordinarios que marcar\u00e1n el destino de Lood y los senderos de una realidad indescifrable.","og_url":"https:\/\/letrame.com\/catalogo\/producto\/looderish-hsiredool-tridimensional\/","og_site_name":"Catalogo | Letrame Grupo Editorial","article_modified_time":"2024-04-29T11:33:37+00:00","og_image":[{"width":1813,"height":2560,"url":"https:\/\/letrame.com\/catalogo\/wp-content\/uploads\/2024\/04\/looderish-scaled-1.jpeg","type":"image\/jpeg"}],"twitter_card":"summary_large_image","twitter_misc":{"Tiempo de lectura":"1 minuto"},"schema":{"@context":"https:\/\/schema.org","@graph":[{"@type":"WebPage","@id":"https:\/\/letrame.com\/catalogo\/producto\/looderish-hsiredool-tridimensional\/","url":"https:\/\/letrame.com\/catalogo\/producto\/looderish-hsiredool-tridimensional\/","name":"Looderish hsiredooL. TRIDIMENSIONAL - Catalogo | Letrame Grupo Editorial","isPartOf":{"@id":"https:\/\/letrame.com\/catalogo\/#website"},"primaryImageOfPage":{"@id":"https:\/\/letrame.com\/catalogo\/producto\/looderish-hsiredool-tridimensional\/#primaryimage"},"image":{"@id":"https:\/\/letrame.com\/catalogo\/producto\/looderish-hsiredool-tridimensional\/#primaryimage"},"thumbnailUrl":"https:\/\/letrame.com\/catalogo\/wp-content\/uploads\/2024\/04\/looderish-scaled-1.jpeg","datePublished":"2024-04-29T11:33:36+00:00","dateModified":"2024-04-29T11:33:37+00:00","breadcrumb":{"@id":"https:\/\/letrame.com\/catalogo\/producto\/looderish-hsiredool-tridimensional\/#breadcrumb"},"inLanguage":"es","potentialAction":[{"@type":"ReadAction","target":["https:\/\/letrame.com\/catalogo\/producto\/looderish-hsiredool-tridimensional\/"]}]},{"@type":"ImageObject","inLanguage":"es","@id":"https:\/\/letrame.com\/catalogo\/producto\/looderish-hsiredool-tridimensional\/#primaryimage","url":"https:\/\/letrame.com\/catalogo\/wp-content\/uploads\/2024\/04\/looderish-scaled-1.jpeg","contentUrl":"https:\/\/letrame.com\/catalogo\/wp-content\/uploads\/2024\/04\/looderish-scaled-1.jpeg","width":1813,"height":2560},{"@type":"BreadcrumbList","@id":"https:\/\/letrame.com\/catalogo\/producto\/looderish-hsiredool-tridimensional\/#breadcrumb","itemListElement":[{"@type":"ListItem","position":1,"name":"Portada","item":"https:\/\/letrame.com\/catalogo\/"},{"@type":"ListItem","position":2,"name":"Cat\u00e1logo","item":"https:\/\/letrame.com\/catalogo\/"},{"@type":"ListItem","position":3,"name":"Looderish hsiredooL. TRIDIMENSIONAL"}]},{"@type":"WebSite","@id":"https:\/\/letrame.com\/catalogo\/#website","url":"https:\/\/letrame.com\/catalogo\/","name":"Catalogo | Letrame Grupo Editorial","description":"","publisher":{"@id":"https:\/\/letrame.com\/catalogo\/#organization"},"potentialAction":[{"@type":"SearchAction","target":{"@type":"EntryPoint","urlTemplate":"https:\/\/letrame.com\/catalogo\/?s={search_term_string}"},"query-input":{"@type":"PropertyValueSpecification","valueRequired":true,"valueName":"search_term_string"}}],"inLanguage":"es"},{"@type":"Organization","@id":"https:\/\/letrame.com\/catalogo\/#organization","name":"Catalogo | Letrame Grupo Editorial","url":"https:\/\/letrame.com\/catalogo\/","logo":{"@type":"ImageObject","inLanguage":"es","@id":"https:\/\/letrame.com\/catalogo\/#\/schema\/logo\/image\/","url":"https:\/\/letrame.com\/catalogo\/wp-content\/uploads\/2024\/03\/logo2.webp","contentUrl":"https:\/\/letrame.com\/catalogo\/wp-content\/uploads\/2024\/03\/logo2.webp","width":394,"height":128,"caption":"Catalogo | Letrame Grupo Editorial"},"image":{"@id":"https:\/\/letrame.com\/catalogo\/#\/schema\/logo\/image\/"}}]}},"_links":{"self":[{"href":"https:\/\/letrame.com\/catalogo\/wp-json\/wp\/v2\/product\/97296","targetHints":{"allow":["GET"]}}],"collection":[{"href":"https:\/\/letrame.com\/catalogo\/wp-json\/wp\/v2\/product"}],"about":[{"href":"https:\/\/letrame.com\/catalogo\/wp-json\/wp\/v2\/types\/product"}],"replies":[{"embeddable":true,"href":"https:\/\/letrame.com\/catalogo\/wp-json\/wp\/v2\/comments?post=97296"}],"acf:post":[{"embeddable":true,"href":"https:\/\/letrame.com\/catalogo\/wp-json\/wp\/v2\/author_book\/75902"}],"wp:featuredmedia":[{"embeddable":true,"href":"https:\/\/letrame.com\/catalogo\/wp-json\/wp\/v2\/media\/97297"}],"wp:attachment":[{"href":"https:\/\/letrame.com\/catalogo\/wp-json\/wp\/v2\/media?parent=97296"}],"wp:term":[{"taxonomy":"libro","embeddable":true,"href":"https:\/\/letrame.com\/catalogo\/wp-json\/wp\/v2\/libro?post=97296"},{"taxonomy":"product_brand","embeddable":true,"href":"https:\/\/letrame.com\/catalogo\/wp-json\/wp\/v2\/product_brand?post=97296"},{"taxonomy":"product_cat","embeddable":true,"href":"https:\/\/letrame.com\/catalogo\/wp-json\/wp\/v2\/product_cat?post=97296"},{"taxonomy":"product_tag","embeddable":true,"href":"https:\/\/letrame.com\/catalogo\/wp-json\/wp\/v2\/product_tag?post=97296"}],"curies":[{"name":"wp","href":"https:\/\/api.w.org\/{rel}","templated":true}]}}