{"id":97274,"date":"2024-04-29T13:28:07","date_gmt":"2024-04-29T11:28:07","guid":{"rendered":"https:\/\/letrame.com\/catalogo\/producto\/el-baile-de-los-demonios-y-el-poeta\/"},"modified":"2024-04-29T13:28:23","modified_gmt":"2024-04-29T11:28:23","slug":"el-baile-de-los-demonios-y-el-poeta","status":"publish","type":"product","link":"https:\/\/letrame.com\/catalogo\/producto\/el-baile-de-los-demonios-y-el-poeta\/","title":{"rendered":"El baile de los demonios y el poeta"},"content":{"rendered":"<div class=\"page\" title=\"Page 6\">\n<div class=\"layoutArea\">\n<div class=\"column\">\n<p><strong>ISBN: 978-84-1114-246-5<\/strong><\/p>\n<\/div>\n<\/div>\n<\/div>\n<p><b>T\u00edtulo<\/b><span style=\"font-weight: 400;\">: El baile de los demonios y el poeta<\/span><span style=\"font-weight: 400;\"><br \/>\n<\/span><b>Fecha<\/b><span style=\"font-weight: 400;\">: 2021<\/span><span style=\"font-weight: 400;\"><br \/>\n<\/span><b>P\u00e1ginas<\/b><span style=\"font-weight: 400;\">: 180<\/span><\/p>\n<p><b>SINOPSIS<\/b><\/p>\n<p>Es el poeta un fiel testigo de las artes, su virtud es el \u00e9xodo y su convicci\u00f3n cambiar el mundo. A trav\u00e9s de la palabra y el convencimiento adiestr\u00f3 legiones de versos para que lo acompa\u00f1aran en un largo viaje. Su sabidur\u00eda comenz\u00f3 a llenar la tierra. Nada pod\u00eda detenerlo. Por el don supremo recibido realiz\u00f3 grandes proezas y expuso estilos novedosos. Logr\u00f3 suficiente admiraci\u00f3n. Porque donde la palabra de las artes abunda, nace la esperanza; donde nace la esperanza, se vislumbran las obras; y donde est\u00e1n las obras, la prosperidad es evidente.<\/p>\n<p>Iluminar las sombras y alumbrar al mundo, este es el prop\u00f3sito del poeta. En su amor est\u00e1 la paz y en su vigor est\u00e1 la vida. Las artes siempre lo defienden. Si los demonios lo derriban, se levantar\u00e1 con m\u00e1s fuerza. Ahora bailan de alegr\u00eda por su aparente derrota. Pues son ellos, los demonios, alimentados por la envidia y el rencor, quienes lo han tomado por enemigo y han decido enfrentarlo. No contentos con las amenazas y las calumnias han encontrado la forma de entregarlo a la justicia de las muchas academias, gobernada por aquel drag\u00f3n escarlata que pretende dominar la formaci\u00f3n del conocimiento art\u00edstico y cient\u00edfico. El castigo es injusto y es brutal, como ninguno cometido contra nadie jam\u00e1s antes.<\/p>\n<p>Pero los hombres valientes no se preocupan por los riesgos de la muerte sino por la honradez de sus acciones. Aunque pretenda otra cosa el drag\u00f3n escarlata. En el juicio se vislumbrar\u00e1 la apolog\u00eda de los versos. Muchos de ellos preparados, llenos de rima, admirables por su decadencia; otros tantos, con esp\u00edritus valientes e inquebrantables. Donde se defender\u00e1 al poeta con el fin de prevenir una condena inmerecida. Y si no hay libertad para los que buscan construir sus propios caminos, la esperanza de promesas venideras trascender\u00e1 la muerte y la censura\u2026 Escuchemos al poeta. \u00a1Todos somos poes\u00eda!<\/p>\n","protected":false},"excerpt":{"rendered":"<div class=\"page\" title=\"Page 6\">\n<div class=\"layoutArea\">\n<div class=\"column\">\n<p><strong>ISBN: 978-84-1114-246-5<\/strong><\/p>\n<p>Iluminar las sombras y alumbrar al mundo, este es el prop\u00f3sito del poeta. En su amor est\u00e1 la paz y en su vigor est\u00e1 la vida. Las artes siempre lo defienden. Si los demonios lo derriban, se levantar\u00e1 con m\u00e1s fuerza. Ahora bailan de alegr\u00eda por su aparente derrota. Pues son ellos, los demonios, alimentados por la envidia y el rencor, quienes lo han tomado por enemigo y han decido enfrentarlo. No contentos con las amenazas y las calumnias han encontrado la forma de entregarlo a la justicia de las muchas academias, gobernada por aquel drag\u00f3n escarlata que pretende dominar la formaci\u00f3n del conocimiento art\u00edstico y cient\u00edfico. El castigo es injusto y es brutal, como ninguno cometido contra nadie jam\u00e1s antes.<\/p>\n<\/div>\n<\/div>\n","protected":false},"featured_media":97275,"comment_status":"closed","ping_status":"open","template":"","meta":{"_acf_changed":false},"libro":[],"product_brand":[],"product_cat":[16],"product_tag":[],"class_list":{"0":"post-97274","1":"product","2":"type-product","3":"status-publish","4":"has-post-thumbnail","6":"product_cat-novela","8":"first","9":"instock","10":"purchasable","11":"product-type-simple"},"acf":{"autor":[75874],"enlace_de_compra":"https:\/\/www.amazon.com\/-\/es\/Ismael-Calle\/e\/B09K931TKH\/ref=dp_byline_cont_pop_book_1"},"yoast_head":"<!-- This site is optimized with the Yoast SEO plugin v26.6 - https:\/\/yoast.com\/wordpress\/plugins\/seo\/ -->\n<title>El baile de los demonios y el poeta - Catalogo | Letrame Grupo Editorial<\/title>\n<meta name=\"robots\" content=\"index, follow, max-snippet:-1, max-image-preview:large, max-video-preview:-1\" \/>\n<link rel=\"canonical\" href=\"https:\/\/letrame.com\/catalogo\/producto\/el-baile-de-los-demonios-y-el-poeta\/\" \/>\n<meta property=\"og:locale\" content=\"es_ES\" \/>\n<meta property=\"og:type\" content=\"article\" \/>\n<meta property=\"og:title\" content=\"El baile de los demonios y el poeta - Catalogo | Letrame Grupo Editorial\" \/>\n<meta property=\"og:description\" content=\"ISBN: 978-84-1114-246-5 Iluminar las sombras y alumbrar al mundo, este es el prop\u00f3sito del poeta. En su amor est\u00e1 la paz y en su vigor est\u00e1 la vida. Las artes siempre lo defienden. Si los demonios lo derriban, se levantar\u00e1 con m\u00e1s fuerza. Ahora bailan de alegr\u00eda por su aparente derrota. Pues son ellos, los demonios, alimentados por la envidia y el rencor, quienes lo han tomado por enemigo y han decido enfrentarlo. No contentos con las amenazas y las calumnias han encontrado la forma de entregarlo a la justicia de las muchas academias, gobernada por aquel drag\u00f3n escarlata que pretende dominar la formaci\u00f3n del conocimiento art\u00edstico y cient\u00edfico. El castigo es injusto y es brutal, como ninguno cometido contra nadie jam\u00e1s antes.\" \/>\n<meta property=\"og:url\" content=\"https:\/\/letrame.com\/catalogo\/producto\/el-baile-de-los-demonios-y-el-poeta\/\" \/>\n<meta property=\"og:site_name\" content=\"Catalogo | Letrame Grupo Editorial\" \/>\n<meta property=\"article:modified_time\" content=\"2024-04-29T11:28:23+00:00\" \/>\n<meta property=\"og:image\" content=\"https:\/\/letrame.com\/catalogo\/wp-content\/uploads\/2024\/04\/El-baile-de-los-demonios-y-el-poeta-scaled-1.jpeg\" \/>\n\t<meta property=\"og:image:width\" content=\"1746\" \/>\n\t<meta property=\"og:image:height\" content=\"2560\" \/>\n\t<meta property=\"og:image:type\" content=\"image\/jpeg\" \/>\n<meta name=\"twitter:card\" content=\"summary_large_image\" \/>\n<meta name=\"twitter:label1\" content=\"Tiempo de lectura\" \/>\n\t<meta name=\"twitter:data1\" content=\"2 minutos\" \/>\n<script type=\"application\/ld+json\" class=\"yoast-schema-graph\">{\"@context\":\"https:\/\/schema.org\",\"@graph\":[{\"@type\":\"WebPage\",\"@id\":\"https:\/\/letrame.com\/catalogo\/producto\/el-baile-de-los-demonios-y-el-poeta\/\",\"url\":\"https:\/\/letrame.com\/catalogo\/producto\/el-baile-de-los-demonios-y-el-poeta\/\",\"name\":\"El baile de los demonios y el poeta - Catalogo | Letrame Grupo Editorial\",\"isPartOf\":{\"@id\":\"https:\/\/letrame.com\/catalogo\/#website\"},\"primaryImageOfPage\":{\"@id\":\"https:\/\/letrame.com\/catalogo\/producto\/el-baile-de-los-demonios-y-el-poeta\/#primaryimage\"},\"image\":{\"@id\":\"https:\/\/letrame.com\/catalogo\/producto\/el-baile-de-los-demonios-y-el-poeta\/#primaryimage\"},\"thumbnailUrl\":\"https:\/\/letrame.com\/catalogo\/wp-content\/uploads\/2024\/04\/El-baile-de-los-demonios-y-el-poeta-scaled-1.jpeg\",\"datePublished\":\"2024-04-29T11:28:07+00:00\",\"dateModified\":\"2024-04-29T11:28:23+00:00\",\"breadcrumb\":{\"@id\":\"https:\/\/letrame.com\/catalogo\/producto\/el-baile-de-los-demonios-y-el-poeta\/#breadcrumb\"},\"inLanguage\":\"es\",\"potentialAction\":[{\"@type\":\"ReadAction\",\"target\":[\"https:\/\/letrame.com\/catalogo\/producto\/el-baile-de-los-demonios-y-el-poeta\/\"]}]},{\"@type\":\"ImageObject\",\"inLanguage\":\"es\",\"@id\":\"https:\/\/letrame.com\/catalogo\/producto\/el-baile-de-los-demonios-y-el-poeta\/#primaryimage\",\"url\":\"https:\/\/letrame.com\/catalogo\/wp-content\/uploads\/2024\/04\/El-baile-de-los-demonios-y-el-poeta-scaled-1.jpeg\",\"contentUrl\":\"https:\/\/letrame.com\/catalogo\/wp-content\/uploads\/2024\/04\/El-baile-de-los-demonios-y-el-poeta-scaled-1.jpeg\",\"width\":1746,\"height\":2560},{\"@type\":\"BreadcrumbList\",\"@id\":\"https:\/\/letrame.com\/catalogo\/producto\/el-baile-de-los-demonios-y-el-poeta\/#breadcrumb\",\"itemListElement\":[{\"@type\":\"ListItem\",\"position\":1,\"name\":\"Portada\",\"item\":\"https:\/\/letrame.com\/catalogo\/\"},{\"@type\":\"ListItem\",\"position\":2,\"name\":\"Cat\u00e1logo\",\"item\":\"https:\/\/letrame.com\/catalogo\/\"},{\"@type\":\"ListItem\",\"position\":3,\"name\":\"El baile de los demonios y el poeta\"}]},{\"@type\":\"WebSite\",\"@id\":\"https:\/\/letrame.com\/catalogo\/#website\",\"url\":\"https:\/\/letrame.com\/catalogo\/\",\"name\":\"Catalogo | Letrame Grupo Editorial\",\"description\":\"\",\"publisher\":{\"@id\":\"https:\/\/letrame.com\/catalogo\/#organization\"},\"potentialAction\":[{\"@type\":\"SearchAction\",\"target\":{\"@type\":\"EntryPoint\",\"urlTemplate\":\"https:\/\/letrame.com\/catalogo\/?s={search_term_string}\"},\"query-input\":{\"@type\":\"PropertyValueSpecification\",\"valueRequired\":true,\"valueName\":\"search_term_string\"}}],\"inLanguage\":\"es\"},{\"@type\":\"Organization\",\"@id\":\"https:\/\/letrame.com\/catalogo\/#organization\",\"name\":\"Catalogo | Letrame Grupo Editorial\",\"url\":\"https:\/\/letrame.com\/catalogo\/\",\"logo\":{\"@type\":\"ImageObject\",\"inLanguage\":\"es\",\"@id\":\"https:\/\/letrame.com\/catalogo\/#\/schema\/logo\/image\/\",\"url\":\"https:\/\/letrame.com\/catalogo\/wp-content\/uploads\/2024\/03\/logo2.webp\",\"contentUrl\":\"https:\/\/letrame.com\/catalogo\/wp-content\/uploads\/2024\/03\/logo2.webp\",\"width\":394,\"height\":128,\"caption\":\"Catalogo | Letrame Grupo Editorial\"},\"image\":{\"@id\":\"https:\/\/letrame.com\/catalogo\/#\/schema\/logo\/image\/\"}}]}<\/script>\n<!-- \/ Yoast SEO plugin. -->","yoast_head_json":{"title":"El baile de los demonios y el poeta - Catalogo | Letrame Grupo Editorial","robots":{"index":"index","follow":"follow","max-snippet":"max-snippet:-1","max-image-preview":"max-image-preview:large","max-video-preview":"max-video-preview:-1"},"canonical":"https:\/\/letrame.com\/catalogo\/producto\/el-baile-de-los-demonios-y-el-poeta\/","og_locale":"es_ES","og_type":"article","og_title":"El baile de los demonios y el poeta - Catalogo | Letrame Grupo Editorial","og_description":"ISBN: 978-84-1114-246-5 Iluminar las sombras y alumbrar al mundo, este es el prop\u00f3sito del poeta. En su amor est\u00e1 la paz y en su vigor est\u00e1 la vida. Las artes siempre lo defienden. Si los demonios lo derriban, se levantar\u00e1 con m\u00e1s fuerza. Ahora bailan de alegr\u00eda por su aparente derrota. Pues son ellos, los demonios, alimentados por la envidia y el rencor, quienes lo han tomado por enemigo y han decido enfrentarlo. No contentos con las amenazas y las calumnias han encontrado la forma de entregarlo a la justicia de las muchas academias, gobernada por aquel drag\u00f3n escarlata que pretende dominar la formaci\u00f3n del conocimiento art\u00edstico y cient\u00edfico. El castigo es injusto y es brutal, como ninguno cometido contra nadie jam\u00e1s antes.","og_url":"https:\/\/letrame.com\/catalogo\/producto\/el-baile-de-los-demonios-y-el-poeta\/","og_site_name":"Catalogo | Letrame Grupo Editorial","article_modified_time":"2024-04-29T11:28:23+00:00","og_image":[{"width":1746,"height":2560,"url":"https:\/\/letrame.com\/catalogo\/wp-content\/uploads\/2024\/04\/El-baile-de-los-demonios-y-el-poeta-scaled-1.jpeg","type":"image\/jpeg"}],"twitter_card":"summary_large_image","twitter_misc":{"Tiempo de lectura":"2 minutos"},"schema":{"@context":"https:\/\/schema.org","@graph":[{"@type":"WebPage","@id":"https:\/\/letrame.com\/catalogo\/producto\/el-baile-de-los-demonios-y-el-poeta\/","url":"https:\/\/letrame.com\/catalogo\/producto\/el-baile-de-los-demonios-y-el-poeta\/","name":"El baile de los demonios y el poeta - Catalogo | Letrame Grupo Editorial","isPartOf":{"@id":"https:\/\/letrame.com\/catalogo\/#website"},"primaryImageOfPage":{"@id":"https:\/\/letrame.com\/catalogo\/producto\/el-baile-de-los-demonios-y-el-poeta\/#primaryimage"},"image":{"@id":"https:\/\/letrame.com\/catalogo\/producto\/el-baile-de-los-demonios-y-el-poeta\/#primaryimage"},"thumbnailUrl":"https:\/\/letrame.com\/catalogo\/wp-content\/uploads\/2024\/04\/El-baile-de-los-demonios-y-el-poeta-scaled-1.jpeg","datePublished":"2024-04-29T11:28:07+00:00","dateModified":"2024-04-29T11:28:23+00:00","breadcrumb":{"@id":"https:\/\/letrame.com\/catalogo\/producto\/el-baile-de-los-demonios-y-el-poeta\/#breadcrumb"},"inLanguage":"es","potentialAction":[{"@type":"ReadAction","target":["https:\/\/letrame.com\/catalogo\/producto\/el-baile-de-los-demonios-y-el-poeta\/"]}]},{"@type":"ImageObject","inLanguage":"es","@id":"https:\/\/letrame.com\/catalogo\/producto\/el-baile-de-los-demonios-y-el-poeta\/#primaryimage","url":"https:\/\/letrame.com\/catalogo\/wp-content\/uploads\/2024\/04\/El-baile-de-los-demonios-y-el-poeta-scaled-1.jpeg","contentUrl":"https:\/\/letrame.com\/catalogo\/wp-content\/uploads\/2024\/04\/El-baile-de-los-demonios-y-el-poeta-scaled-1.jpeg","width":1746,"height":2560},{"@type":"BreadcrumbList","@id":"https:\/\/letrame.com\/catalogo\/producto\/el-baile-de-los-demonios-y-el-poeta\/#breadcrumb","itemListElement":[{"@type":"ListItem","position":1,"name":"Portada","item":"https:\/\/letrame.com\/catalogo\/"},{"@type":"ListItem","position":2,"name":"Cat\u00e1logo","item":"https:\/\/letrame.com\/catalogo\/"},{"@type":"ListItem","position":3,"name":"El baile de los demonios y el poeta"}]},{"@type":"WebSite","@id":"https:\/\/letrame.com\/catalogo\/#website","url":"https:\/\/letrame.com\/catalogo\/","name":"Catalogo | Letrame Grupo Editorial","description":"","publisher":{"@id":"https:\/\/letrame.com\/catalogo\/#organization"},"potentialAction":[{"@type":"SearchAction","target":{"@type":"EntryPoint","urlTemplate":"https:\/\/letrame.com\/catalogo\/?s={search_term_string}"},"query-input":{"@type":"PropertyValueSpecification","valueRequired":true,"valueName":"search_term_string"}}],"inLanguage":"es"},{"@type":"Organization","@id":"https:\/\/letrame.com\/catalogo\/#organization","name":"Catalogo | Letrame Grupo Editorial","url":"https:\/\/letrame.com\/catalogo\/","logo":{"@type":"ImageObject","inLanguage":"es","@id":"https:\/\/letrame.com\/catalogo\/#\/schema\/logo\/image\/","url":"https:\/\/letrame.com\/catalogo\/wp-content\/uploads\/2024\/03\/logo2.webp","contentUrl":"https:\/\/letrame.com\/catalogo\/wp-content\/uploads\/2024\/03\/logo2.webp","width":394,"height":128,"caption":"Catalogo | Letrame Grupo Editorial"},"image":{"@id":"https:\/\/letrame.com\/catalogo\/#\/schema\/logo\/image\/"}}]}},"_links":{"self":[{"href":"https:\/\/letrame.com\/catalogo\/wp-json\/wp\/v2\/product\/97274","targetHints":{"allow":["GET"]}}],"collection":[{"href":"https:\/\/letrame.com\/catalogo\/wp-json\/wp\/v2\/product"}],"about":[{"href":"https:\/\/letrame.com\/catalogo\/wp-json\/wp\/v2\/types\/product"}],"replies":[{"embeddable":true,"href":"https:\/\/letrame.com\/catalogo\/wp-json\/wp\/v2\/comments?post=97274"}],"acf:post":[{"embeddable":true,"href":"https:\/\/letrame.com\/catalogo\/wp-json\/wp\/v2\/author_book\/75874"}],"wp:featuredmedia":[{"embeddable":true,"href":"https:\/\/letrame.com\/catalogo\/wp-json\/wp\/v2\/media\/97275"}],"wp:attachment":[{"href":"https:\/\/letrame.com\/catalogo\/wp-json\/wp\/v2\/media?parent=97274"}],"wp:term":[{"taxonomy":"libro","embeddable":true,"href":"https:\/\/letrame.com\/catalogo\/wp-json\/wp\/v2\/libro?post=97274"},{"taxonomy":"product_brand","embeddable":true,"href":"https:\/\/letrame.com\/catalogo\/wp-json\/wp\/v2\/product_brand?post=97274"},{"taxonomy":"product_cat","embeddable":true,"href":"https:\/\/letrame.com\/catalogo\/wp-json\/wp\/v2\/product_cat?post=97274"},{"taxonomy":"product_tag","embeddable":true,"href":"https:\/\/letrame.com\/catalogo\/wp-json\/wp\/v2\/product_tag?post=97274"}],"curies":[{"name":"wp","href":"https:\/\/api.w.org\/{rel}","templated":true}]}}