{"id":97259,"date":"2024-04-29T13:25:10","date_gmt":"2024-04-29T11:25:10","guid":{"rendered":"https:\/\/letrame.com\/catalogo\/producto\/mis-recetas-favoritas\/"},"modified":"2024-04-29T13:25:51","modified_gmt":"2024-04-29T11:25:51","slug":"mis-recetas-favoritas","status":"publish","type":"product","link":"https:\/\/letrame.com\/catalogo\/producto\/mis-recetas-favoritas\/","title":{"rendered":"Mis recetas favoritas"},"content":{"rendered":"<div class=\"page\" title=\"Page 6\">\n<div class=\"layoutArea\">\n<div class=\"column\">\n<p><strong>ISBN: 978-84-1114-200-7<\/strong><\/p>\n<\/div>\n<\/div>\n<\/div>\n<p><b>T\u00edtulo<\/b><span style=\"font-weight: 400;\">: Mis recetas favoritas<\/span><span style=\"font-weight: 400;\"><br \/>\n<\/span><b>Fecha<\/b><span style=\"font-weight: 400;\">: 2021<\/span><span style=\"font-weight: 400;\"><br \/>\n<\/span><b>P\u00e1ginas<\/b><span style=\"font-weight: 400;\">: 90<\/span><\/p>\n<p><b>SINOPSIS<\/b><\/p>\n<p>\u00bfEres de los que cree que siempre hay una buena ocasi\u00f3n para disfrutar de las mejores tartas o de un delicioso dulce? Entonces, este libro es para ti.<\/p>\n<p>&nbsp;<\/p>\n<p>Patricia Tellez nos presenta su primer libro de reposter\u00eda creativa, en el cual incluye algunas de sus recetas favoritas. Tartas tradicionales, bizcochos, <em>cupcakes<\/em>, galletas, tartas veganas y sin az\u00facar\u2026 Aqu\u00ed encontrar\u00e1s la receta justa para destacar en esa ocasi\u00f3n especial y no dejar a nadie sin disfrutar.<\/p>\n<p>&nbsp;<\/p>\n<p>Con la explicaci\u00f3n paso a paso, conseguir\u00e1s unos postres tan deliciosos como originales. El libro incluye una gu\u00eda de las herramientas m\u00e1s utilizadas en reposter\u00eda, adem\u00e1s de algunos trucos y consejos para que ninguna receta se te resista.<\/p>\n<p>&nbsp;<\/p>\n<p>\u00bfEncendemos el horno?<\/p>\n","protected":false},"excerpt":{"rendered":"<div class=\"page\" title=\"Page 6\">\n<div class=\"layoutArea\">\n<div class=\"column\">\n<p><strong>ISBN: 978-84-1114-200-7<\/strong><\/p>\n<p>\u00bfEres de los que cree que siempre hay una buena ocasi\u00f3n para disfrutar de las mejores tartas o de un delicioso dulce? Entonces, este libro es para ti.<\/p>\n<p>Patricia Tellez nos presenta su primer libro de reposter\u00eda creativa, en el cual incluye algunas de sus recetas favoritas. Tartas tradicionales, bizcochos, <em>cupcakes<\/em>, galletas, tartas veganas y sin az\u00facar\u2026 Aqu\u00ed encontrar\u00e1s la receta justa para destacar en esa ocasi\u00f3n especial y no dejar a nadie sin disfrutar.<\/p>\n<p>&nbsp;<\/p>\n<p>Con la explicaci\u00f3n paso a paso, conseguir\u00e1s unos postres tan deliciosos como originales. El libro incluye una gu\u00eda de las herramientas m\u00e1s utilizadas en reposter\u00eda, adem\u00e1s de algunos trucos y consejos para que ninguna receta se te resista.<\/p>\n<p>&nbsp;<\/p>\n<p>\u00bfEncendemos el horno?<\/p>\n<\/div>\n<\/div>\n<\/div>\n","protected":false},"featured_media":97260,"comment_status":"closed","ping_status":"open","template":"","meta":{"_acf_changed":false},"libro":[],"product_brand":[],"product_cat":[19],"product_tag":[],"class_list":{"0":"post-97259","1":"product","2":"type-product","3":"status-publish","4":"has-post-thumbnail","6":"product_cat-cocina","8":"first","9":"instock","10":"purchasable","11":"product-type-simple"},"acf":{"autor":[75862],"enlace_de_compra":""},"yoast_head":"<!-- This site is optimized with the Yoast SEO plugin v27.4 - https:\/\/yoast.com\/product\/yoast-seo-wordpress\/ -->\n<title>Mis recetas favoritas - Catalogo | Letrame Grupo Editorial<\/title>\n<meta name=\"robots\" content=\"index, follow, max-snippet:-1, max-image-preview:large, max-video-preview:-1\" \/>\n<link rel=\"canonical\" href=\"https:\/\/letrame.com\/catalogo\/producto\/mis-recetas-favoritas\/\" \/>\n<meta property=\"og:locale\" content=\"es_ES\" \/>\n<meta property=\"og:type\" content=\"article\" \/>\n<meta property=\"og:title\" content=\"Mis recetas favoritas - Catalogo | Letrame Grupo Editorial\" \/>\n<meta property=\"og:description\" content=\"ISBN: 978-84-1114-200-7 \u00bfEres de los que cree que siempre hay una buena ocasi\u00f3n para disfrutar de las mejores tartas o de un delicioso dulce? Entonces, este libro es para ti. Patricia Tellez nos presenta su primer libro de reposter\u00eda creativa, en el cual incluye algunas de sus recetas favoritas. Tartas tradicionales, bizcochos, cupcakes, galletas, tartas veganas y sin az\u00facar\u2026 Aqu\u00ed encontrar\u00e1s la receta justa para destacar en esa ocasi\u00f3n especial y no dejar a nadie sin disfrutar. &nbsp; Con la explicaci\u00f3n paso a paso, conseguir\u00e1s unos postres tan deliciosos como originales. El libro incluye una gu\u00eda de las herramientas m\u00e1s utilizadas en reposter\u00eda, adem\u00e1s de algunos trucos y consejos para que ninguna receta se te resista. &nbsp; \u00bfEncendemos el horno?\" \/>\n<meta property=\"og:url\" content=\"https:\/\/letrame.com\/catalogo\/producto\/mis-recetas-favoritas\/\" \/>\n<meta property=\"og:site_name\" content=\"Catalogo | Letrame Grupo Editorial\" \/>\n<meta property=\"article:modified_time\" content=\"2024-04-29T11:25:51+00:00\" \/>\n<meta property=\"og:image\" content=\"https:\/\/letrame.com\/catalogo\/wp-content\/uploads\/2024\/04\/Mis-recetas-favoritas-scaled-1.jpeg\" \/>\n\t<meta property=\"og:image:width\" content=\"1813\" \/>\n\t<meta property=\"og:image:height\" content=\"2560\" \/>\n\t<meta property=\"og:image:type\" content=\"image\/jpeg\" \/>\n<meta name=\"twitter:card\" content=\"summary_large_image\" \/>\n<meta name=\"twitter:label1\" content=\"Tiempo de lectura\" \/>\n\t<meta name=\"twitter:data1\" content=\"1 minuto\" \/>\n<script type=\"application\/ld+json\" class=\"yoast-schema-graph\">{\"@context\":\"https:\\\/\\\/schema.org\",\"@graph\":[{\"@type\":\"WebPage\",\"@id\":\"https:\\\/\\\/letrame.com\\\/catalogo\\\/producto\\\/mis-recetas-favoritas\\\/\",\"url\":\"https:\\\/\\\/letrame.com\\\/catalogo\\\/producto\\\/mis-recetas-favoritas\\\/\",\"name\":\"Mis recetas favoritas - Catalogo | Letrame Grupo Editorial\",\"isPartOf\":{\"@id\":\"https:\\\/\\\/letrame.com\\\/catalogo\\\/#website\"},\"primaryImageOfPage\":{\"@id\":\"https:\\\/\\\/letrame.com\\\/catalogo\\\/producto\\\/mis-recetas-favoritas\\\/#primaryimage\"},\"image\":{\"@id\":\"https:\\\/\\\/letrame.com\\\/catalogo\\\/producto\\\/mis-recetas-favoritas\\\/#primaryimage\"},\"thumbnailUrl\":\"https:\\\/\\\/letrame.com\\\/catalogo\\\/wp-content\\\/uploads\\\/2024\\\/04\\\/Mis-recetas-favoritas-scaled-1.jpeg\",\"datePublished\":\"2024-04-29T11:25:10+00:00\",\"dateModified\":\"2024-04-29T11:25:51+00:00\",\"breadcrumb\":{\"@id\":\"https:\\\/\\\/letrame.com\\\/catalogo\\\/producto\\\/mis-recetas-favoritas\\\/#breadcrumb\"},\"inLanguage\":\"es\",\"potentialAction\":[{\"@type\":\"ReadAction\",\"target\":[\"https:\\\/\\\/letrame.com\\\/catalogo\\\/producto\\\/mis-recetas-favoritas\\\/\"]}]},{\"@type\":\"ImageObject\",\"inLanguage\":\"es\",\"@id\":\"https:\\\/\\\/letrame.com\\\/catalogo\\\/producto\\\/mis-recetas-favoritas\\\/#primaryimage\",\"url\":\"https:\\\/\\\/letrame.com\\\/catalogo\\\/wp-content\\\/uploads\\\/2024\\\/04\\\/Mis-recetas-favoritas-scaled-1.jpeg\",\"contentUrl\":\"https:\\\/\\\/letrame.com\\\/catalogo\\\/wp-content\\\/uploads\\\/2024\\\/04\\\/Mis-recetas-favoritas-scaled-1.jpeg\",\"width\":1813,\"height\":2560},{\"@type\":\"BreadcrumbList\",\"@id\":\"https:\\\/\\\/letrame.com\\\/catalogo\\\/producto\\\/mis-recetas-favoritas\\\/#breadcrumb\",\"itemListElement\":[{\"@type\":\"ListItem\",\"position\":1,\"name\":\"Portada\",\"item\":\"https:\\\/\\\/letrame.com\\\/catalogo\\\/\"},{\"@type\":\"ListItem\",\"position\":2,\"name\":\"Cat\u00e1logo\",\"item\":\"https:\\\/\\\/letrame.com\\\/catalogo\\\/\"},{\"@type\":\"ListItem\",\"position\":3,\"name\":\"Mis recetas favoritas\"}]},{\"@type\":\"WebSite\",\"@id\":\"https:\\\/\\\/letrame.com\\\/catalogo\\\/#website\",\"url\":\"https:\\\/\\\/letrame.com\\\/catalogo\\\/\",\"name\":\"Catalogo | Letrame Grupo Editorial\",\"description\":\"\",\"publisher\":{\"@id\":\"https:\\\/\\\/letrame.com\\\/catalogo\\\/#organization\"},\"potentialAction\":[{\"@type\":\"SearchAction\",\"target\":{\"@type\":\"EntryPoint\",\"urlTemplate\":\"https:\\\/\\\/letrame.com\\\/catalogo\\\/?s={search_term_string}\"},\"query-input\":{\"@type\":\"PropertyValueSpecification\",\"valueRequired\":true,\"valueName\":\"search_term_string\"}}],\"inLanguage\":\"es\"},{\"@type\":\"Organization\",\"@id\":\"https:\\\/\\\/letrame.com\\\/catalogo\\\/#organization\",\"name\":\"Catalogo | Letrame Grupo Editorial\",\"url\":\"https:\\\/\\\/letrame.com\\\/catalogo\\\/\",\"logo\":{\"@type\":\"ImageObject\",\"inLanguage\":\"es\",\"@id\":\"https:\\\/\\\/letrame.com\\\/catalogo\\\/#\\\/schema\\\/logo\\\/image\\\/\",\"url\":\"https:\\\/\\\/letrame.com\\\/catalogo\\\/wp-content\\\/uploads\\\/2024\\\/03\\\/logo2.webp\",\"contentUrl\":\"https:\\\/\\\/letrame.com\\\/catalogo\\\/wp-content\\\/uploads\\\/2024\\\/03\\\/logo2.webp\",\"width\":394,\"height\":128,\"caption\":\"Catalogo | Letrame Grupo Editorial\"},\"image\":{\"@id\":\"https:\\\/\\\/letrame.com\\\/catalogo\\\/#\\\/schema\\\/logo\\\/image\\\/\"}}]}<\/script>\n<!-- \/ Yoast SEO plugin. -->","yoast_head_json":{"title":"Mis recetas favoritas - Catalogo | Letrame Grupo Editorial","robots":{"index":"index","follow":"follow","max-snippet":"max-snippet:-1","max-image-preview":"max-image-preview:large","max-video-preview":"max-video-preview:-1"},"canonical":"https:\/\/letrame.com\/catalogo\/producto\/mis-recetas-favoritas\/","og_locale":"es_ES","og_type":"article","og_title":"Mis recetas favoritas - Catalogo | Letrame Grupo Editorial","og_description":"ISBN: 978-84-1114-200-7 \u00bfEres de los que cree que siempre hay una buena ocasi\u00f3n para disfrutar de las mejores tartas o de un delicioso dulce? Entonces, este libro es para ti. Patricia Tellez nos presenta su primer libro de reposter\u00eda creativa, en el cual incluye algunas de sus recetas favoritas. Tartas tradicionales, bizcochos, cupcakes, galletas, tartas veganas y sin az\u00facar\u2026 Aqu\u00ed encontrar\u00e1s la receta justa para destacar en esa ocasi\u00f3n especial y no dejar a nadie sin disfrutar. &nbsp; Con la explicaci\u00f3n paso a paso, conseguir\u00e1s unos postres tan deliciosos como originales. El libro incluye una gu\u00eda de las herramientas m\u00e1s utilizadas en reposter\u00eda, adem\u00e1s de algunos trucos y consejos para que ninguna receta se te resista. &nbsp; \u00bfEncendemos el horno?","og_url":"https:\/\/letrame.com\/catalogo\/producto\/mis-recetas-favoritas\/","og_site_name":"Catalogo | Letrame Grupo Editorial","article_modified_time":"2024-04-29T11:25:51+00:00","og_image":[{"width":1813,"height":2560,"url":"https:\/\/letrame.com\/catalogo\/wp-content\/uploads\/2024\/04\/Mis-recetas-favoritas-scaled-1.jpeg","type":"image\/jpeg"}],"twitter_card":"summary_large_image","twitter_misc":{"Tiempo de lectura":"1 minuto"},"schema":{"@context":"https:\/\/schema.org","@graph":[{"@type":"WebPage","@id":"https:\/\/letrame.com\/catalogo\/producto\/mis-recetas-favoritas\/","url":"https:\/\/letrame.com\/catalogo\/producto\/mis-recetas-favoritas\/","name":"Mis recetas favoritas - Catalogo | Letrame Grupo Editorial","isPartOf":{"@id":"https:\/\/letrame.com\/catalogo\/#website"},"primaryImageOfPage":{"@id":"https:\/\/letrame.com\/catalogo\/producto\/mis-recetas-favoritas\/#primaryimage"},"image":{"@id":"https:\/\/letrame.com\/catalogo\/producto\/mis-recetas-favoritas\/#primaryimage"},"thumbnailUrl":"https:\/\/letrame.com\/catalogo\/wp-content\/uploads\/2024\/04\/Mis-recetas-favoritas-scaled-1.jpeg","datePublished":"2024-04-29T11:25:10+00:00","dateModified":"2024-04-29T11:25:51+00:00","breadcrumb":{"@id":"https:\/\/letrame.com\/catalogo\/producto\/mis-recetas-favoritas\/#breadcrumb"},"inLanguage":"es","potentialAction":[{"@type":"ReadAction","target":["https:\/\/letrame.com\/catalogo\/producto\/mis-recetas-favoritas\/"]}]},{"@type":"ImageObject","inLanguage":"es","@id":"https:\/\/letrame.com\/catalogo\/producto\/mis-recetas-favoritas\/#primaryimage","url":"https:\/\/letrame.com\/catalogo\/wp-content\/uploads\/2024\/04\/Mis-recetas-favoritas-scaled-1.jpeg","contentUrl":"https:\/\/letrame.com\/catalogo\/wp-content\/uploads\/2024\/04\/Mis-recetas-favoritas-scaled-1.jpeg","width":1813,"height":2560},{"@type":"BreadcrumbList","@id":"https:\/\/letrame.com\/catalogo\/producto\/mis-recetas-favoritas\/#breadcrumb","itemListElement":[{"@type":"ListItem","position":1,"name":"Portada","item":"https:\/\/letrame.com\/catalogo\/"},{"@type":"ListItem","position":2,"name":"Cat\u00e1logo","item":"https:\/\/letrame.com\/catalogo\/"},{"@type":"ListItem","position":3,"name":"Mis recetas favoritas"}]},{"@type":"WebSite","@id":"https:\/\/letrame.com\/catalogo\/#website","url":"https:\/\/letrame.com\/catalogo\/","name":"Catalogo | Letrame Grupo Editorial","description":"","publisher":{"@id":"https:\/\/letrame.com\/catalogo\/#organization"},"potentialAction":[{"@type":"SearchAction","target":{"@type":"EntryPoint","urlTemplate":"https:\/\/letrame.com\/catalogo\/?s={search_term_string}"},"query-input":{"@type":"PropertyValueSpecification","valueRequired":true,"valueName":"search_term_string"}}],"inLanguage":"es"},{"@type":"Organization","@id":"https:\/\/letrame.com\/catalogo\/#organization","name":"Catalogo | Letrame Grupo Editorial","url":"https:\/\/letrame.com\/catalogo\/","logo":{"@type":"ImageObject","inLanguage":"es","@id":"https:\/\/letrame.com\/catalogo\/#\/schema\/logo\/image\/","url":"https:\/\/letrame.com\/catalogo\/wp-content\/uploads\/2024\/03\/logo2.webp","contentUrl":"https:\/\/letrame.com\/catalogo\/wp-content\/uploads\/2024\/03\/logo2.webp","width":394,"height":128,"caption":"Catalogo | Letrame Grupo Editorial"},"image":{"@id":"https:\/\/letrame.com\/catalogo\/#\/schema\/logo\/image\/"}}]}},"_links":{"self":[{"href":"https:\/\/letrame.com\/catalogo\/wp-json\/wp\/v2\/product\/97259","targetHints":{"allow":["GET"]}}],"collection":[{"href":"https:\/\/letrame.com\/catalogo\/wp-json\/wp\/v2\/product"}],"about":[{"href":"https:\/\/letrame.com\/catalogo\/wp-json\/wp\/v2\/types\/product"}],"replies":[{"embeddable":true,"href":"https:\/\/letrame.com\/catalogo\/wp-json\/wp\/v2\/comments?post=97259"}],"acf:post":[{"embeddable":true,"href":"https:\/\/letrame.com\/catalogo\/wp-json\/wp\/v2\/author_book\/75862"}],"wp:featuredmedia":[{"embeddable":true,"href":"https:\/\/letrame.com\/catalogo\/wp-json\/wp\/v2\/media\/97260"}],"wp:attachment":[{"href":"https:\/\/letrame.com\/catalogo\/wp-json\/wp\/v2\/media?parent=97259"}],"wp:term":[{"taxonomy":"libro","embeddable":true,"href":"https:\/\/letrame.com\/catalogo\/wp-json\/wp\/v2\/libro?post=97259"},{"taxonomy":"product_brand","embeddable":true,"href":"https:\/\/letrame.com\/catalogo\/wp-json\/wp\/v2\/product_brand?post=97259"},{"taxonomy":"product_cat","embeddable":true,"href":"https:\/\/letrame.com\/catalogo\/wp-json\/wp\/v2\/product_cat?post=97259"},{"taxonomy":"product_tag","embeddable":true,"href":"https:\/\/letrame.com\/catalogo\/wp-json\/wp\/v2\/product_tag?post=97259"}],"curies":[{"name":"wp","href":"https:\/\/api.w.org\/{rel}","templated":true}]}}