{"id":97250,"date":"2024-04-29T13:23:48","date_gmt":"2024-04-29T11:23:48","guid":{"rendered":"https:\/\/letrame.com\/catalogo\/producto\/los-tres-peregrinos\/"},"modified":"2024-04-29T13:23:48","modified_gmt":"2024-04-29T11:23:48","slug":"los-tres-peregrinos","status":"publish","type":"product","link":"https:\/\/letrame.com\/catalogo\/producto\/los-tres-peregrinos\/","title":{"rendered":"Los tres peregrinos"},"content":{"rendered":"<div class=\"page\" title=\"Page 6\">\n<div class=\"layoutArea\">\n<div class=\"column\">\n<p><strong>ISBN<\/strong>: 978-84-1386-946-9<\/p>\n<\/div>\n<\/div>\n<\/div>\n<p><b>T\u00edtulo<\/b><span style=\"font-weight: 400;\">: Los tres peregrinos<\/span><span style=\"font-weight: 400;\"><br \/>\n<\/span><b>Fecha<\/b><span style=\"font-weight: 400;\">: 2021<\/span><span style=\"font-weight: 400;\"><br \/>\n<\/span><b>P\u00e1ginas<\/b><span style=\"font-weight: 400;\">: 410<\/span><\/p>\n<p><b>SINOPSIS<\/b><\/p>\n<p>&nbsp;<\/p>\n<p>&nbsp;<\/p>\n<p>Un joven indio se infiltra en las sectas extremistas y frustra muchas actividades terroristas en el Occidente. Descubierto horas antes de su muerte, las fuerzas de tierra, mar y aire de los Estados Unidos y Espa\u00f1a desarrollan un secreto plan de rescate\u2026 Y se desata la operaci\u00f3n m\u00e1s atrevida, jam\u00e1s contada. \u00bfC\u00f3mo lograr\u00e1n salvarlo?<\/p>\n<p>&nbsp;<\/p>\n<p>Un adolescente en suma pobreza deja sus padres, y, armado de un machete y valor, se lanza al Desierto de Arizona, desafiando el hambre, la sed, las fieras y reptiles, para realizar su sue\u00f1o; pero _no el sue\u00f1o americano hacia la prosperidad material, sino la beatitud de su esp\u00edritu. \u00bfSobrevivir\u00e1 o morir\u00e1 m\u00e1rtir en el intento?<\/p>\n<p>&nbsp;<\/p>\n<p>Un chico, salvado de las garras del mal al nacer, tiene poderes: levanta personas y objetos en vilo, sana a pacientes terminales, profetiza y lee las mentes. Su madre es una bruja escandinava, una hechicera a la puerta del infierno, pero su hijo tiene la opci\u00f3n de entregar sus poderes a cambio de la vida mon\u00e1stica. \u00bfLo har\u00e1?<\/p>\n<p>&nbsp;<\/p>\n<p>\u00bfQu\u00e9 relaci\u00f3n tienen estas fascinantes historias? \u00bfQu\u00e9 o qui\u00e9n une los destinos de estos tres h\u00e9roes? Para saberlo, tambi\u00e9n debemos conocer el cuarto personaje: el misterioso ser; el que invita a estos tres j\u00f3venes a un peregrinaje a Santiago de Compostela y al camino hacia la perfecci\u00f3n espiritual.<\/p>\n","protected":false},"excerpt":{"rendered":"<div class=\"page\" title=\"Page 6\">\n<div class=\"layoutArea\">\n<div class=\"column\">\n<p><strong>ISBN: 978-84-1386-946-9<\/strong><\/p>\n<\/div>\n<p>Un joven indio se infiltra en las actividades clandestinas de las sectas extremistas orientales con el fin de prevenir al mundo Occidental de las actividades del terrorismo. Descubierto, horas antes de ser torturado hasta la muerte, las fuerzas de tierra, mar y aire de los Estados Unidos, con el soporte de Espa\u00f1a y otros pa\u00edses, se dan a la tarea de salvarlo; y se da comienzo a la fascinante operaci\u00f3n de rescate jam\u00e1s antes contada.<\/p>\n<\/div>\n<\/div>\n","protected":false},"featured_media":97251,"comment_status":"closed","ping_status":"open","template":"","meta":{"_acf_changed":false},"libro":[],"product_brand":[],"product_cat":[16],"product_tag":[],"class_list":{"0":"post-97250","1":"product","2":"type-product","3":"status-publish","4":"has-post-thumbnail","6":"product_cat-novela","8":"first","9":"instock","10":"purchasable","11":"product-type-simple"},"acf":{"autor":[75858],"enlace_de_compra":"https:\/\/www.amazon.es\/tres-peregrinos-Ciro-Alfonso-Duarte\/dp\/8413869463\/ref=sr_1_1?__mk_es_ES=%C3%85M%C3%85%C5%BD%C3%95%C3%91&amp;keywords=Letrame+S.L.+Los+tres+peregrinos&amp;qid=1636537781&amp;qsid=259-4054991-7065467&amp;sr=8-1&amp;sres=8413869463%2C8469836331&amp;srpt=ABIS_BOOK"},"yoast_head":"<!-- This site is optimized with the Yoast SEO plugin v26.6 - https:\/\/yoast.com\/wordpress\/plugins\/seo\/ -->\n<title>Los tres peregrinos - Catalogo | Letrame Grupo Editorial<\/title>\n<meta name=\"robots\" content=\"index, follow, max-snippet:-1, max-image-preview:large, max-video-preview:-1\" \/>\n<link rel=\"canonical\" href=\"https:\/\/letrame.com\/catalogo\/producto\/los-tres-peregrinos\/\" \/>\n<meta property=\"og:locale\" content=\"es_ES\" \/>\n<meta property=\"og:type\" content=\"article\" \/>\n<meta property=\"og:title\" content=\"Los tres peregrinos - Catalogo | Letrame Grupo Editorial\" \/>\n<meta property=\"og:description\" content=\"ISBN: 978-84-1386-946-9  Un joven indio se infiltra en las actividades clandestinas de las sectas extremistas orientales con el fin de prevenir al mundo Occidental de las actividades del terrorismo. Descubierto, horas antes de ser torturado hasta la muerte, las fuerzas de tierra, mar y aire de los Estados Unidos, con el soporte de Espa\u00f1a y otros pa\u00edses, se dan a la tarea de salvarlo; y se da comienzo a la fascinante operaci\u00f3n de rescate jam\u00e1s antes contada.\" \/>\n<meta property=\"og:url\" content=\"https:\/\/letrame.com\/catalogo\/producto\/los-tres-peregrinos\/\" \/>\n<meta property=\"og:site_name\" content=\"Catalogo | Letrame Grupo Editorial\" \/>\n<meta property=\"og:image\" content=\"https:\/\/letrame.com\/catalogo\/wp-content\/uploads\/2024\/04\/Los-tres-peregrinos.jpeg\" \/>\n\t<meta property=\"og:image:width\" content=\"1417\" \/>\n\t<meta property=\"og:image:height\" content=\"2244\" \/>\n\t<meta property=\"og:image:type\" content=\"image\/jpeg\" \/>\n<meta name=\"twitter:card\" content=\"summary_large_image\" \/>\n<meta name=\"twitter:label1\" content=\"Tiempo de lectura\" \/>\n\t<meta name=\"twitter:data1\" content=\"1 minuto\" \/>\n<script type=\"application\/ld+json\" class=\"yoast-schema-graph\">{\"@context\":\"https:\/\/schema.org\",\"@graph\":[{\"@type\":\"WebPage\",\"@id\":\"https:\/\/letrame.com\/catalogo\/producto\/los-tres-peregrinos\/\",\"url\":\"https:\/\/letrame.com\/catalogo\/producto\/los-tres-peregrinos\/\",\"name\":\"Los tres peregrinos - Catalogo | Letrame Grupo Editorial\",\"isPartOf\":{\"@id\":\"https:\/\/letrame.com\/catalogo\/#website\"},\"primaryImageOfPage\":{\"@id\":\"https:\/\/letrame.com\/catalogo\/producto\/los-tres-peregrinos\/#primaryimage\"},\"image\":{\"@id\":\"https:\/\/letrame.com\/catalogo\/producto\/los-tres-peregrinos\/#primaryimage\"},\"thumbnailUrl\":\"https:\/\/letrame.com\/catalogo\/wp-content\/uploads\/2024\/04\/Los-tres-peregrinos.jpeg\",\"datePublished\":\"2024-04-29T11:23:48+00:00\",\"breadcrumb\":{\"@id\":\"https:\/\/letrame.com\/catalogo\/producto\/los-tres-peregrinos\/#breadcrumb\"},\"inLanguage\":\"es\",\"potentialAction\":[{\"@type\":\"ReadAction\",\"target\":[\"https:\/\/letrame.com\/catalogo\/producto\/los-tres-peregrinos\/\"]}]},{\"@type\":\"ImageObject\",\"inLanguage\":\"es\",\"@id\":\"https:\/\/letrame.com\/catalogo\/producto\/los-tres-peregrinos\/#primaryimage\",\"url\":\"https:\/\/letrame.com\/catalogo\/wp-content\/uploads\/2024\/04\/Los-tres-peregrinos.jpeg\",\"contentUrl\":\"https:\/\/letrame.com\/catalogo\/wp-content\/uploads\/2024\/04\/Los-tres-peregrinos.jpeg\",\"width\":1417,\"height\":2244},{\"@type\":\"BreadcrumbList\",\"@id\":\"https:\/\/letrame.com\/catalogo\/producto\/los-tres-peregrinos\/#breadcrumb\",\"itemListElement\":[{\"@type\":\"ListItem\",\"position\":1,\"name\":\"Portada\",\"item\":\"https:\/\/letrame.com\/catalogo\/\"},{\"@type\":\"ListItem\",\"position\":2,\"name\":\"Cat\u00e1logo\",\"item\":\"https:\/\/letrame.com\/catalogo\/\"},{\"@type\":\"ListItem\",\"position\":3,\"name\":\"Los tres peregrinos\"}]},{\"@type\":\"WebSite\",\"@id\":\"https:\/\/letrame.com\/catalogo\/#website\",\"url\":\"https:\/\/letrame.com\/catalogo\/\",\"name\":\"Catalogo | Letrame Grupo Editorial\",\"description\":\"\",\"publisher\":{\"@id\":\"https:\/\/letrame.com\/catalogo\/#organization\"},\"potentialAction\":[{\"@type\":\"SearchAction\",\"target\":{\"@type\":\"EntryPoint\",\"urlTemplate\":\"https:\/\/letrame.com\/catalogo\/?s={search_term_string}\"},\"query-input\":{\"@type\":\"PropertyValueSpecification\",\"valueRequired\":true,\"valueName\":\"search_term_string\"}}],\"inLanguage\":\"es\"},{\"@type\":\"Organization\",\"@id\":\"https:\/\/letrame.com\/catalogo\/#organization\",\"name\":\"Catalogo | Letrame Grupo Editorial\",\"url\":\"https:\/\/letrame.com\/catalogo\/\",\"logo\":{\"@type\":\"ImageObject\",\"inLanguage\":\"es\",\"@id\":\"https:\/\/letrame.com\/catalogo\/#\/schema\/logo\/image\/\",\"url\":\"https:\/\/letrame.com\/catalogo\/wp-content\/uploads\/2024\/03\/logo2.webp\",\"contentUrl\":\"https:\/\/letrame.com\/catalogo\/wp-content\/uploads\/2024\/03\/logo2.webp\",\"width\":394,\"height\":128,\"caption\":\"Catalogo | Letrame Grupo Editorial\"},\"image\":{\"@id\":\"https:\/\/letrame.com\/catalogo\/#\/schema\/logo\/image\/\"}}]}<\/script>\n<!-- \/ Yoast SEO plugin. -->","yoast_head_json":{"title":"Los tres peregrinos - Catalogo | Letrame Grupo Editorial","robots":{"index":"index","follow":"follow","max-snippet":"max-snippet:-1","max-image-preview":"max-image-preview:large","max-video-preview":"max-video-preview:-1"},"canonical":"https:\/\/letrame.com\/catalogo\/producto\/los-tres-peregrinos\/","og_locale":"es_ES","og_type":"article","og_title":"Los tres peregrinos - Catalogo | Letrame Grupo Editorial","og_description":"ISBN: 978-84-1386-946-9  Un joven indio se infiltra en las actividades clandestinas de las sectas extremistas orientales con el fin de prevenir al mundo Occidental de las actividades del terrorismo. Descubierto, horas antes de ser torturado hasta la muerte, las fuerzas de tierra, mar y aire de los Estados Unidos, con el soporte de Espa\u00f1a y otros pa\u00edses, se dan a la tarea de salvarlo; y se da comienzo a la fascinante operaci\u00f3n de rescate jam\u00e1s antes contada.","og_url":"https:\/\/letrame.com\/catalogo\/producto\/los-tres-peregrinos\/","og_site_name":"Catalogo | Letrame Grupo Editorial","og_image":[{"width":1417,"height":2244,"url":"https:\/\/letrame.com\/catalogo\/wp-content\/uploads\/2024\/04\/Los-tres-peregrinos.jpeg","type":"image\/jpeg"}],"twitter_card":"summary_large_image","twitter_misc":{"Tiempo de lectura":"1 minuto"},"schema":{"@context":"https:\/\/schema.org","@graph":[{"@type":"WebPage","@id":"https:\/\/letrame.com\/catalogo\/producto\/los-tres-peregrinos\/","url":"https:\/\/letrame.com\/catalogo\/producto\/los-tres-peregrinos\/","name":"Los tres peregrinos - Catalogo | Letrame Grupo Editorial","isPartOf":{"@id":"https:\/\/letrame.com\/catalogo\/#website"},"primaryImageOfPage":{"@id":"https:\/\/letrame.com\/catalogo\/producto\/los-tres-peregrinos\/#primaryimage"},"image":{"@id":"https:\/\/letrame.com\/catalogo\/producto\/los-tres-peregrinos\/#primaryimage"},"thumbnailUrl":"https:\/\/letrame.com\/catalogo\/wp-content\/uploads\/2024\/04\/Los-tres-peregrinos.jpeg","datePublished":"2024-04-29T11:23:48+00:00","breadcrumb":{"@id":"https:\/\/letrame.com\/catalogo\/producto\/los-tres-peregrinos\/#breadcrumb"},"inLanguage":"es","potentialAction":[{"@type":"ReadAction","target":["https:\/\/letrame.com\/catalogo\/producto\/los-tres-peregrinos\/"]}]},{"@type":"ImageObject","inLanguage":"es","@id":"https:\/\/letrame.com\/catalogo\/producto\/los-tres-peregrinos\/#primaryimage","url":"https:\/\/letrame.com\/catalogo\/wp-content\/uploads\/2024\/04\/Los-tres-peregrinos.jpeg","contentUrl":"https:\/\/letrame.com\/catalogo\/wp-content\/uploads\/2024\/04\/Los-tres-peregrinos.jpeg","width":1417,"height":2244},{"@type":"BreadcrumbList","@id":"https:\/\/letrame.com\/catalogo\/producto\/los-tres-peregrinos\/#breadcrumb","itemListElement":[{"@type":"ListItem","position":1,"name":"Portada","item":"https:\/\/letrame.com\/catalogo\/"},{"@type":"ListItem","position":2,"name":"Cat\u00e1logo","item":"https:\/\/letrame.com\/catalogo\/"},{"@type":"ListItem","position":3,"name":"Los tres peregrinos"}]},{"@type":"WebSite","@id":"https:\/\/letrame.com\/catalogo\/#website","url":"https:\/\/letrame.com\/catalogo\/","name":"Catalogo | Letrame Grupo Editorial","description":"","publisher":{"@id":"https:\/\/letrame.com\/catalogo\/#organization"},"potentialAction":[{"@type":"SearchAction","target":{"@type":"EntryPoint","urlTemplate":"https:\/\/letrame.com\/catalogo\/?s={search_term_string}"},"query-input":{"@type":"PropertyValueSpecification","valueRequired":true,"valueName":"search_term_string"}}],"inLanguage":"es"},{"@type":"Organization","@id":"https:\/\/letrame.com\/catalogo\/#organization","name":"Catalogo | Letrame Grupo Editorial","url":"https:\/\/letrame.com\/catalogo\/","logo":{"@type":"ImageObject","inLanguage":"es","@id":"https:\/\/letrame.com\/catalogo\/#\/schema\/logo\/image\/","url":"https:\/\/letrame.com\/catalogo\/wp-content\/uploads\/2024\/03\/logo2.webp","contentUrl":"https:\/\/letrame.com\/catalogo\/wp-content\/uploads\/2024\/03\/logo2.webp","width":394,"height":128,"caption":"Catalogo | Letrame Grupo Editorial"},"image":{"@id":"https:\/\/letrame.com\/catalogo\/#\/schema\/logo\/image\/"}}]}},"_links":{"self":[{"href":"https:\/\/letrame.com\/catalogo\/wp-json\/wp\/v2\/product\/97250","targetHints":{"allow":["GET"]}}],"collection":[{"href":"https:\/\/letrame.com\/catalogo\/wp-json\/wp\/v2\/product"}],"about":[{"href":"https:\/\/letrame.com\/catalogo\/wp-json\/wp\/v2\/types\/product"}],"replies":[{"embeddable":true,"href":"https:\/\/letrame.com\/catalogo\/wp-json\/wp\/v2\/comments?post=97250"}],"acf:post":[{"embeddable":true,"href":"https:\/\/letrame.com\/catalogo\/wp-json\/wp\/v2\/author_book\/75858"}],"wp:featuredmedia":[{"embeddable":true,"href":"https:\/\/letrame.com\/catalogo\/wp-json\/wp\/v2\/media\/97251"}],"wp:attachment":[{"href":"https:\/\/letrame.com\/catalogo\/wp-json\/wp\/v2\/media?parent=97250"}],"wp:term":[{"taxonomy":"libro","embeddable":true,"href":"https:\/\/letrame.com\/catalogo\/wp-json\/wp\/v2\/libro?post=97250"},{"taxonomy":"product_brand","embeddable":true,"href":"https:\/\/letrame.com\/catalogo\/wp-json\/wp\/v2\/product_brand?post=97250"},{"taxonomy":"product_cat","embeddable":true,"href":"https:\/\/letrame.com\/catalogo\/wp-json\/wp\/v2\/product_cat?post=97250"},{"taxonomy":"product_tag","embeddable":true,"href":"https:\/\/letrame.com\/catalogo\/wp-json\/wp\/v2\/product_tag?post=97250"}],"curies":[{"name":"wp","href":"https:\/\/api.w.org\/{rel}","templated":true}]}}