{"id":97245,"date":"2024-04-29T13:22:29","date_gmt":"2024-04-29T11:22:29","guid":{"rendered":"https:\/\/letrame.com\/catalogo\/producto\/la-hora-prima\/"},"modified":"2024-08-16T12:42:26","modified_gmt":"2024-08-16T10:42:26","slug":"la-hora-prima","status":"publish","type":"product","link":"https:\/\/letrame.com\/catalogo\/producto\/la-hora-prima\/","title":{"rendered":"La hora prima"},"content":{"rendered":"<div class=\"page\" title=\"Page 6\">\n<div class=\"layoutArea\">\n<div class=\"column\">\n<p><strong>ISBN<\/strong>: 978-84-1114-167-3<\/p>\n<\/div>\n<\/div>\n<\/div>\n<p><b>T\u00edtulo<\/b><span style=\"font-weight: 400;\">: La hora prima<\/span><span style=\"font-weight: 400;\"><br \/>\n<\/span><b>Fecha<\/b><span style=\"font-weight: 400;\">: 2021<\/span><span style=\"font-weight: 400;\"><br \/>\n<\/span><b>P\u00e1ginas<\/b><span style=\"font-weight: 400;\">: 304<\/span><\/p>\n<p><b>SINOPSIS<\/b><\/p>\n<p>&nbsp;<\/p>\n<p>El asesinato acometido al alba, en muy extra\u00f1as circunstancias, de un famoso juez del tribunal supremo, se convierte en el inicio de una trepidante serie de otros cr\u00edmenes de relaciones imbricadas y compleja soluci\u00f3n.<\/p>\n<p>Bruno Delso, el inspector de polic\u00eda, al frente de un joven equipo, que junto con \u00e9l lo conforman cuatro personas, recorre el territorio espa\u00f1ol en cada una de las localizaciones de estos asesinatos que se producen junto a emblem\u00e1ticas catedrales ejemplo de una cultura cristiana y de formidables elementos art\u00edsticos, pict\u00f3ricos y arquitect\u00f3nicos.<\/p>\n<p>Durante todo el proceso de investigaci\u00f3n, figuras de principios del siglo XX, como Salvador Dal\u00ed o Federico Garc\u00eda Lorca, aparecen como referentes sorprendentes y que asomar\u00e1n en el devenir de los acontecimientos de forma continua.<\/p>\n<p>Una historia de descubrimientos, de datos, hechos, donde la pasi\u00f3n y la investigaci\u00f3n juegan con el lector atray\u00e9ndole de forma insondable hacia la b\u00fasqueda de la soluci\u00f3n de este asombroso caso.<\/p>\n","protected":false},"excerpt":{"rendered":"<div class=\"page\" title=\"Page 6\">\n<div class=\"layoutArea\">\n<div class=\"column\">\n<p><strong>ISBN: 978-84-1114-167-3<\/strong><\/p>\n<p><strong>SINOPSIS<\/strong><\/p>\n<p>El asesinato acometido al alba, en muy extra\u00f1as circunstancias, de un famoso juez del tribunal supremo, se convierte en el inicio de una trepidante serie de otros cr\u00edmenes de relaciones imbricadas y compleja soluci\u00f3n.<\/p>\n<p>Bruno Delso, el inspector de polic\u00eda, al frente de un joven equipo, que junto con \u00e9l lo conforman cuatro personas, recorre el territorio espa\u00f1ol en cada una de las localizaciones de estos asesinatos que se producen junto a emblem\u00e1ticas catedrales ejemplo de una cultura cristiana y de formidables elementos art\u00edsticos, pict\u00f3ricos y arquitect\u00f3nicos.<\/p>\n<p>Durante todo el proceso de investigaci\u00f3n, figuras de principios del siglo XX, como Salvador Dal\u00ed o Federico Garc\u00eda Lorca, aparecen como referentes sorprendentes y que asomar\u00e1n en el devenir de los acontecimientos de forma continua.<\/p>\n<p>Una historia de descubrimientos, de datos, hechos, donde la pasi\u00f3n y la investigaci\u00f3n juegan con el lector atray\u00e9ndole de forma insondable hacia la b\u00fasqueda de la soluci\u00f3n de este asombroso caso.<\/p>\n<\/div>\n<p>&nbsp;<\/p>\n<\/div>\n<\/div>\n","protected":false},"featured_media":97246,"comment_status":"closed","ping_status":"closed","template":"","meta":{"_acf_changed":false},"libro":[],"product_brand":[],"product_cat":[16],"product_tag":[],"class_list":{"0":"post-97245","1":"product","2":"type-product","3":"status-publish","4":"has-post-thumbnail","6":"product_cat-novela","8":"first","9":"instock","10":"product-type-simple"},"acf":{"autor":[75854],"enlace_de_compra":"https:\/\/amzn.to\/4crUVsE"},"yoast_head":"<!-- This site is optimized with the Yoast SEO plugin v27.4 - https:\/\/yoast.com\/product\/yoast-seo-wordpress\/ -->\n<title>La hora prima - Catalogo | Letrame Grupo Editorial<\/title>\n<meta name=\"robots\" content=\"index, follow, max-snippet:-1, max-image-preview:large, max-video-preview:-1\" \/>\n<link rel=\"canonical\" href=\"https:\/\/letrame.com\/catalogo\/producto\/la-hora-prima\/\" \/>\n<meta property=\"og:locale\" content=\"es_ES\" \/>\n<meta property=\"og:type\" content=\"article\" \/>\n<meta property=\"og:title\" content=\"La hora prima - Catalogo | Letrame Grupo Editorial\" \/>\n<meta property=\"og:description\" content=\"ISBN: 978-84-1114-167-3  SINOPSIS  El asesinato acometido al alba, en muy extra\u00f1as circunstancias, de un famoso juez del tribunal supremo, se convierte en el inicio de una trepidante serie de otros cr\u00edmenes de relaciones imbricadas y compleja soluci\u00f3n.  Bruno Delso, el inspector de polic\u00eda, al frente de un joven equipo, que junto con \u00e9l lo conforman cuatro personas, recorre el territorio espa\u00f1ol en cada una de las localizaciones de estos asesinatos que se producen junto a emblem\u00e1ticas catedrales ejemplo de una cultura cristiana y de formidables elementos art\u00edsticos, pict\u00f3ricos y arquitect\u00f3nicos.  Durante todo el proceso de investigaci\u00f3n, figuras de principios del siglo XX, como Salvador Dal\u00ed o Federico Garc\u00eda Lorca, aparecen como referentes sorprendentes y que asomar\u00e1n en el devenir de los acontecimientos de forma continua.  Una historia de descubrimientos, de datos, hechos, donde la pasi\u00f3n y la investigaci\u00f3n juegan con el lector atray\u00e9ndole de forma insondable hacia la b\u00fasqueda de la soluci\u00f3n de este asombroso caso.   &nbsp;\" \/>\n<meta property=\"og:url\" content=\"https:\/\/letrame.com\/catalogo\/producto\/la-hora-prima\/\" \/>\n<meta property=\"og:site_name\" content=\"Catalogo | Letrame Grupo Editorial\" \/>\n<meta property=\"article:modified_time\" content=\"2024-08-16T10:42:26+00:00\" \/>\n<meta property=\"og:image\" content=\"https:\/\/letrame.com\/catalogo\/wp-content\/uploads\/2024\/04\/LA-hora-prima-scaled-1.jpeg\" \/>\n\t<meta property=\"og:image:width\" content=\"1746\" \/>\n\t<meta property=\"og:image:height\" content=\"2560\" \/>\n\t<meta property=\"og:image:type\" content=\"image\/jpeg\" \/>\n<meta name=\"twitter:card\" content=\"summary_large_image\" \/>\n<meta name=\"twitter:label1\" content=\"Tiempo de lectura\" \/>\n\t<meta name=\"twitter:data1\" content=\"1 minuto\" \/>\n<script type=\"application\/ld+json\" class=\"yoast-schema-graph\">{\"@context\":\"https:\\\/\\\/schema.org\",\"@graph\":[{\"@type\":\"WebPage\",\"@id\":\"https:\\\/\\\/letrame.com\\\/catalogo\\\/producto\\\/la-hora-prima\\\/\",\"url\":\"https:\\\/\\\/letrame.com\\\/catalogo\\\/producto\\\/la-hora-prima\\\/\",\"name\":\"La hora prima - Catalogo | Letrame Grupo Editorial\",\"isPartOf\":{\"@id\":\"https:\\\/\\\/letrame.com\\\/catalogo\\\/#website\"},\"primaryImageOfPage\":{\"@id\":\"https:\\\/\\\/letrame.com\\\/catalogo\\\/producto\\\/la-hora-prima\\\/#primaryimage\"},\"image\":{\"@id\":\"https:\\\/\\\/letrame.com\\\/catalogo\\\/producto\\\/la-hora-prima\\\/#primaryimage\"},\"thumbnailUrl\":\"https:\\\/\\\/letrame.com\\\/catalogo\\\/wp-content\\\/uploads\\\/2024\\\/04\\\/LA-hora-prima-scaled-1.jpeg\",\"datePublished\":\"2024-04-29T11:22:29+00:00\",\"dateModified\":\"2024-08-16T10:42:26+00:00\",\"breadcrumb\":{\"@id\":\"https:\\\/\\\/letrame.com\\\/catalogo\\\/producto\\\/la-hora-prima\\\/#breadcrumb\"},\"inLanguage\":\"es\",\"potentialAction\":[{\"@type\":\"ReadAction\",\"target\":[\"https:\\\/\\\/letrame.com\\\/catalogo\\\/producto\\\/la-hora-prima\\\/\"]}]},{\"@type\":\"ImageObject\",\"inLanguage\":\"es\",\"@id\":\"https:\\\/\\\/letrame.com\\\/catalogo\\\/producto\\\/la-hora-prima\\\/#primaryimage\",\"url\":\"https:\\\/\\\/letrame.com\\\/catalogo\\\/wp-content\\\/uploads\\\/2024\\\/04\\\/LA-hora-prima-scaled-1.jpeg\",\"contentUrl\":\"https:\\\/\\\/letrame.com\\\/catalogo\\\/wp-content\\\/uploads\\\/2024\\\/04\\\/LA-hora-prima-scaled-1.jpeg\",\"width\":1746,\"height\":2560},{\"@type\":\"BreadcrumbList\",\"@id\":\"https:\\\/\\\/letrame.com\\\/catalogo\\\/producto\\\/la-hora-prima\\\/#breadcrumb\",\"itemListElement\":[{\"@type\":\"ListItem\",\"position\":1,\"name\":\"Portada\",\"item\":\"https:\\\/\\\/letrame.com\\\/catalogo\\\/\"},{\"@type\":\"ListItem\",\"position\":2,\"name\":\"Cat\u00e1logo\",\"item\":\"https:\\\/\\\/letrame.com\\\/catalogo\\\/\"},{\"@type\":\"ListItem\",\"position\":3,\"name\":\"La hora prima\"}]},{\"@type\":\"WebSite\",\"@id\":\"https:\\\/\\\/letrame.com\\\/catalogo\\\/#website\",\"url\":\"https:\\\/\\\/letrame.com\\\/catalogo\\\/\",\"name\":\"Catalogo | Letrame Grupo Editorial\",\"description\":\"\",\"publisher\":{\"@id\":\"https:\\\/\\\/letrame.com\\\/catalogo\\\/#organization\"},\"potentialAction\":[{\"@type\":\"SearchAction\",\"target\":{\"@type\":\"EntryPoint\",\"urlTemplate\":\"https:\\\/\\\/letrame.com\\\/catalogo\\\/?s={search_term_string}\"},\"query-input\":{\"@type\":\"PropertyValueSpecification\",\"valueRequired\":true,\"valueName\":\"search_term_string\"}}],\"inLanguage\":\"es\"},{\"@type\":\"Organization\",\"@id\":\"https:\\\/\\\/letrame.com\\\/catalogo\\\/#organization\",\"name\":\"Catalogo | Letrame Grupo Editorial\",\"url\":\"https:\\\/\\\/letrame.com\\\/catalogo\\\/\",\"logo\":{\"@type\":\"ImageObject\",\"inLanguage\":\"es\",\"@id\":\"https:\\\/\\\/letrame.com\\\/catalogo\\\/#\\\/schema\\\/logo\\\/image\\\/\",\"url\":\"https:\\\/\\\/letrame.com\\\/catalogo\\\/wp-content\\\/uploads\\\/2024\\\/03\\\/logo2.webp\",\"contentUrl\":\"https:\\\/\\\/letrame.com\\\/catalogo\\\/wp-content\\\/uploads\\\/2024\\\/03\\\/logo2.webp\",\"width\":394,\"height\":128,\"caption\":\"Catalogo | Letrame Grupo Editorial\"},\"image\":{\"@id\":\"https:\\\/\\\/letrame.com\\\/catalogo\\\/#\\\/schema\\\/logo\\\/image\\\/\"}}]}<\/script>\n<!-- \/ Yoast SEO plugin. -->","yoast_head_json":{"title":"La hora prima - Catalogo | Letrame Grupo Editorial","robots":{"index":"index","follow":"follow","max-snippet":"max-snippet:-1","max-image-preview":"max-image-preview:large","max-video-preview":"max-video-preview:-1"},"canonical":"https:\/\/letrame.com\/catalogo\/producto\/la-hora-prima\/","og_locale":"es_ES","og_type":"article","og_title":"La hora prima - Catalogo | Letrame Grupo Editorial","og_description":"ISBN: 978-84-1114-167-3  SINOPSIS  El asesinato acometido al alba, en muy extra\u00f1as circunstancias, de un famoso juez del tribunal supremo, se convierte en el inicio de una trepidante serie de otros cr\u00edmenes de relaciones imbricadas y compleja soluci\u00f3n.  Bruno Delso, el inspector de polic\u00eda, al frente de un joven equipo, que junto con \u00e9l lo conforman cuatro personas, recorre el territorio espa\u00f1ol en cada una de las localizaciones de estos asesinatos que se producen junto a emblem\u00e1ticas catedrales ejemplo de una cultura cristiana y de formidables elementos art\u00edsticos, pict\u00f3ricos y arquitect\u00f3nicos.  Durante todo el proceso de investigaci\u00f3n, figuras de principios del siglo XX, como Salvador Dal\u00ed o Federico Garc\u00eda Lorca, aparecen como referentes sorprendentes y que asomar\u00e1n en el devenir de los acontecimientos de forma continua.  Una historia de descubrimientos, de datos, hechos, donde la pasi\u00f3n y la investigaci\u00f3n juegan con el lector atray\u00e9ndole de forma insondable hacia la b\u00fasqueda de la soluci\u00f3n de este asombroso caso.   &nbsp;","og_url":"https:\/\/letrame.com\/catalogo\/producto\/la-hora-prima\/","og_site_name":"Catalogo | Letrame Grupo Editorial","article_modified_time":"2024-08-16T10:42:26+00:00","og_image":[{"width":1746,"height":2560,"url":"https:\/\/letrame.com\/catalogo\/wp-content\/uploads\/2024\/04\/LA-hora-prima-scaled-1.jpeg","type":"image\/jpeg"}],"twitter_card":"summary_large_image","twitter_misc":{"Tiempo de lectura":"1 minuto"},"schema":{"@context":"https:\/\/schema.org","@graph":[{"@type":"WebPage","@id":"https:\/\/letrame.com\/catalogo\/producto\/la-hora-prima\/","url":"https:\/\/letrame.com\/catalogo\/producto\/la-hora-prima\/","name":"La hora prima - Catalogo | Letrame Grupo Editorial","isPartOf":{"@id":"https:\/\/letrame.com\/catalogo\/#website"},"primaryImageOfPage":{"@id":"https:\/\/letrame.com\/catalogo\/producto\/la-hora-prima\/#primaryimage"},"image":{"@id":"https:\/\/letrame.com\/catalogo\/producto\/la-hora-prima\/#primaryimage"},"thumbnailUrl":"https:\/\/letrame.com\/catalogo\/wp-content\/uploads\/2024\/04\/LA-hora-prima-scaled-1.jpeg","datePublished":"2024-04-29T11:22:29+00:00","dateModified":"2024-08-16T10:42:26+00:00","breadcrumb":{"@id":"https:\/\/letrame.com\/catalogo\/producto\/la-hora-prima\/#breadcrumb"},"inLanguage":"es","potentialAction":[{"@type":"ReadAction","target":["https:\/\/letrame.com\/catalogo\/producto\/la-hora-prima\/"]}]},{"@type":"ImageObject","inLanguage":"es","@id":"https:\/\/letrame.com\/catalogo\/producto\/la-hora-prima\/#primaryimage","url":"https:\/\/letrame.com\/catalogo\/wp-content\/uploads\/2024\/04\/LA-hora-prima-scaled-1.jpeg","contentUrl":"https:\/\/letrame.com\/catalogo\/wp-content\/uploads\/2024\/04\/LA-hora-prima-scaled-1.jpeg","width":1746,"height":2560},{"@type":"BreadcrumbList","@id":"https:\/\/letrame.com\/catalogo\/producto\/la-hora-prima\/#breadcrumb","itemListElement":[{"@type":"ListItem","position":1,"name":"Portada","item":"https:\/\/letrame.com\/catalogo\/"},{"@type":"ListItem","position":2,"name":"Cat\u00e1logo","item":"https:\/\/letrame.com\/catalogo\/"},{"@type":"ListItem","position":3,"name":"La hora prima"}]},{"@type":"WebSite","@id":"https:\/\/letrame.com\/catalogo\/#website","url":"https:\/\/letrame.com\/catalogo\/","name":"Catalogo | Letrame Grupo Editorial","description":"","publisher":{"@id":"https:\/\/letrame.com\/catalogo\/#organization"},"potentialAction":[{"@type":"SearchAction","target":{"@type":"EntryPoint","urlTemplate":"https:\/\/letrame.com\/catalogo\/?s={search_term_string}"},"query-input":{"@type":"PropertyValueSpecification","valueRequired":true,"valueName":"search_term_string"}}],"inLanguage":"es"},{"@type":"Organization","@id":"https:\/\/letrame.com\/catalogo\/#organization","name":"Catalogo | Letrame Grupo Editorial","url":"https:\/\/letrame.com\/catalogo\/","logo":{"@type":"ImageObject","inLanguage":"es","@id":"https:\/\/letrame.com\/catalogo\/#\/schema\/logo\/image\/","url":"https:\/\/letrame.com\/catalogo\/wp-content\/uploads\/2024\/03\/logo2.webp","contentUrl":"https:\/\/letrame.com\/catalogo\/wp-content\/uploads\/2024\/03\/logo2.webp","width":394,"height":128,"caption":"Catalogo | Letrame Grupo Editorial"},"image":{"@id":"https:\/\/letrame.com\/catalogo\/#\/schema\/logo\/image\/"}}]}},"_links":{"self":[{"href":"https:\/\/letrame.com\/catalogo\/wp-json\/wp\/v2\/product\/97245","targetHints":{"allow":["GET"]}}],"collection":[{"href":"https:\/\/letrame.com\/catalogo\/wp-json\/wp\/v2\/product"}],"about":[{"href":"https:\/\/letrame.com\/catalogo\/wp-json\/wp\/v2\/types\/product"}],"replies":[{"embeddable":true,"href":"https:\/\/letrame.com\/catalogo\/wp-json\/wp\/v2\/comments?post=97245"}],"acf:post":[{"embeddable":true,"href":"https:\/\/letrame.com\/catalogo\/wp-json\/wp\/v2\/author_book\/75854"}],"wp:featuredmedia":[{"embeddable":true,"href":"https:\/\/letrame.com\/catalogo\/wp-json\/wp\/v2\/media\/97246"}],"wp:attachment":[{"href":"https:\/\/letrame.com\/catalogo\/wp-json\/wp\/v2\/media?parent=97245"}],"wp:term":[{"taxonomy":"libro","embeddable":true,"href":"https:\/\/letrame.com\/catalogo\/wp-json\/wp\/v2\/libro?post=97245"},{"taxonomy":"product_brand","embeddable":true,"href":"https:\/\/letrame.com\/catalogo\/wp-json\/wp\/v2\/product_brand?post=97245"},{"taxonomy":"product_cat","embeddable":true,"href":"https:\/\/letrame.com\/catalogo\/wp-json\/wp\/v2\/product_cat?post=97245"},{"taxonomy":"product_tag","embeddable":true,"href":"https:\/\/letrame.com\/catalogo\/wp-json\/wp\/v2\/product_tag?post=97245"}],"curies":[{"name":"wp","href":"https:\/\/api.w.org\/{rel}","templated":true}]}}