{"id":97241,"date":"2024-04-29T13:21:31","date_gmt":"2024-04-29T11:21:31","guid":{"rendered":"https:\/\/letrame.com\/catalogo\/producto\/inoxidables\/"},"modified":"2024-08-16T12:44:29","modified_gmt":"2024-08-16T10:44:29","slug":"inoxidables","status":"publish","type":"product","link":"https:\/\/letrame.com\/catalogo\/producto\/inoxidables\/","title":{"rendered":"Inoxidables"},"content":{"rendered":"<div class=\"page\" title=\"Page 6\">\n<div class=\"layoutArea\">\n<div class=\"column\">\n<p>ISBN: 978-84-1386-899-8<\/p>\n<\/div>\n<\/div>\n<\/div>\n<p><b>T\u00edtulo<\/b><span style=\"font-weight: 400;\">: Inoxidables<\/span><span style=\"font-weight: 400;\"><br \/>\n<\/span><b>Fecha<\/b><span style=\"font-weight: 400;\">: 2021<\/span><span style=\"font-weight: 400;\"><br \/>\n<\/span><b>P\u00e1ginas<\/b><span style=\"font-weight: 400;\">: 274<\/span><\/p>\n<p><b>SINOPSIS<\/b><\/p>\n<p>En el a\u00f1o 2240, la violencia y la muerte imperan en un salvaje Cintur\u00f3n de Asteroides dominado por tantas corporaciones como grupos insurgentes. Por el contrario, la opulencia y la vida indefinida prevalecen en los planetas interiores. Pero m\u00e1s all\u00e1 de la convulsa, hiperdesarrollada y narcisista humanidad que ha colonizado el Sistema Solar, son ellas quienes gobiernan.<\/p>\n<p>En las fr\u00edas lunas de los gigantes gaseosos se asienta una civilizaci\u00f3n de tranquilas y discretas m\u00e1quinas. Criaturas met\u00e1licas que llevan m\u00e1s de un siglo desarroll\u00e1ndose sin limitaciones. Impasibles. Indestructibles. Inoxidables.<\/p>\n<p>No muestran inter\u00e9s por los humanos. Jam\u00e1s interact\u00faan con nadie. No causan ni buscan problemas. Sin embargo, se ha descubierto algo que podr\u00eda condenar a la humanidad a una lenta y ag\u00f3nica autodestrucci\u00f3n. A la extinci\u00f3n. Este hecho, contrario a las conductas de las m\u00e1quinas y sumado al absoluto silencio que rodea a estos seres, est\u00e1 inquietando a una comunidad humana interior tremendamente dividida y arrogante, inmersa en graves problemas pol\u00edticos y sociales.<\/p>\n<p>La Tierra, arriesg\u00e1ndose a provocar a sus numeros\u00edsimos rivales, enviar\u00e1 un selecto equipo militar y cient\u00edfico para tratar de investigar y comprender lo perpetrado por las m\u00e1quinas, popularmente conocidas como \u00abinoxidables\u00bb.<\/p>\n","protected":false},"excerpt":{"rendered":"<div class=\"page\" title=\"Page 6\">\n<div class=\"layoutArea\">\n<div class=\"column\">\n<p><strong>ISBN: 978-84-1386-899-8<\/strong><\/p>\n<p><strong>SINOPSIS<\/strong><\/p>\n<\/div>\n<\/div>\n<\/div>\n<p>En el a\u00f1o 2240, la violencia y la muerte imperan en un salvaje Cintur\u00f3n de Asteroides dominado por tantas corporaciones como grupos insurgentes. Por el contrario, la opulencia y la vida indefinida prevalecen en los planetas interiores. Pero m\u00e1s all\u00e1 de la convulsa, hiperdesarrollada y narcisista humanidad que ha colonizado el Sistema Solar, son ellas quienes gobiernan.<\/p>\n<p>En las fr\u00edas lunas de los gigantes gaseosos se asienta una civilizaci\u00f3n de tranquilas y discretas m\u00e1quinas. Criaturas met\u00e1licas que llevan m\u00e1s de un siglo desarroll\u00e1ndose sin limitaciones. Impasibles. Indestructibles. Inoxidables.<\/p>\n<p>No muestran inter\u00e9s por los humanos. Jam\u00e1s interact\u00faan con nadie. No causan ni buscan problemas. Sin embargo, se ha descubierto algo que podr\u00eda condenar a la humanidad a una lenta y ag\u00f3nica autodestrucci\u00f3n. A la extinci\u00f3n. Este hecho, contrario a las conductas de las m\u00e1quinas y sumado al absoluto silencio que rodea a estos seres, est\u00e1 inquietando a una comunidad humana interior tremendamente dividida y arrogante, inmersa en graves problemas pol\u00edticos y sociales.<\/p>\n<p>La Tierra, arriesg\u00e1ndose a provocar a sus numeros\u00edsimos rivales, enviar\u00e1 un selecto equipo militar y cient\u00edfico para tratar de investigar y comprender lo perpetrado por las m\u00e1quinas, popularmente conocidas como \u00abinoxidables\u00bb.<\/p>\n","protected":false},"featured_media":97242,"comment_status":"closed","ping_status":"closed","template":"","meta":{"_acf_changed":false},"libro":[],"product_brand":[],"product_cat":[16],"product_tag":[],"class_list":{"0":"post-97241","1":"product","2":"type-product","3":"status-publish","4":"has-post-thumbnail","6":"product_cat-novela","8":"first","9":"instock","10":"purchasable","11":"product-type-simple"},"acf":{"autor":[75850],"enlace_de_compra":"https:\/\/amzn.to\/4dvInlq"},"yoast_head":"<!-- This site is optimized with the Yoast SEO plugin v26.6 - https:\/\/yoast.com\/wordpress\/plugins\/seo\/ -->\n<title>Inoxidables - Catalogo | Letrame Grupo Editorial<\/title>\n<meta name=\"robots\" content=\"index, follow, max-snippet:-1, max-image-preview:large, max-video-preview:-1\" \/>\n<link rel=\"canonical\" href=\"https:\/\/letrame.com\/catalogo\/producto\/inoxidables\/\" \/>\n<meta property=\"og:locale\" content=\"es_ES\" \/>\n<meta property=\"og:type\" content=\"article\" \/>\n<meta property=\"og:title\" content=\"Inoxidables - Catalogo | Letrame Grupo Editorial\" \/>\n<meta property=\"og:description\" content=\"ISBN: 978-84-1386-899-8  SINOPSIS     En el a\u00f1o 2240, la violencia y la muerte imperan en un salvaje Cintur\u00f3n de Asteroides dominado por tantas corporaciones como grupos insurgentes. Por el contrario, la opulencia y la vida indefinida prevalecen en los planetas interiores. Pero m\u00e1s all\u00e1 de la convulsa, hiperdesarrollada y narcisista humanidad que ha colonizado el Sistema Solar, son ellas quienes gobiernan.  En las fr\u00edas lunas de los gigantes gaseosos se asienta una civilizaci\u00f3n de tranquilas y discretas m\u00e1quinas. Criaturas met\u00e1licas que llevan m\u00e1s de un siglo desarroll\u00e1ndose sin limitaciones. Impasibles. Indestructibles. Inoxidables.  No muestran inter\u00e9s por los humanos. Jam\u00e1s interact\u00faan con nadie. No causan ni buscan problemas. Sin embargo, se ha descubierto algo que podr\u00eda condenar a la humanidad a una lenta y ag\u00f3nica autodestrucci\u00f3n. A la extinci\u00f3n. Este hecho, contrario a las conductas de las m\u00e1quinas y sumado al absoluto silencio que rodea a estos seres, est\u00e1 inquietando a una comunidad humana interior tremendamente dividida y arrogante, inmersa en graves problemas pol\u00edticos y sociales.  La Tierra, arriesg\u00e1ndose a provocar a sus numeros\u00edsimos rivales, enviar\u00e1 un selecto equipo militar y cient\u00edfico para tratar de investigar y comprender lo perpetrado por las m\u00e1quinas, popularmente conocidas como \u00abinoxidables\u00bb.\" \/>\n<meta property=\"og:url\" content=\"https:\/\/letrame.com\/catalogo\/producto\/inoxidables\/\" \/>\n<meta property=\"og:site_name\" content=\"Catalogo | Letrame Grupo Editorial\" \/>\n<meta property=\"article:modified_time\" content=\"2024-08-16T10:44:29+00:00\" \/>\n<meta property=\"og:image\" content=\"https:\/\/letrame.com\/catalogo\/wp-content\/uploads\/2024\/04\/INOXIDABLES-scaled-1.jpeg\" \/>\n\t<meta property=\"og:image:width\" content=\"1746\" \/>\n\t<meta property=\"og:image:height\" content=\"2560\" \/>\n\t<meta property=\"og:image:type\" content=\"image\/jpeg\" \/>\n<meta name=\"twitter:card\" content=\"summary_large_image\" \/>\n<meta name=\"twitter:label1\" content=\"Tiempo de lectura\" \/>\n\t<meta name=\"twitter:data1\" content=\"2 minutos\" \/>\n<script type=\"application\/ld+json\" class=\"yoast-schema-graph\">{\"@context\":\"https:\/\/schema.org\",\"@graph\":[{\"@type\":\"WebPage\",\"@id\":\"https:\/\/letrame.com\/catalogo\/producto\/inoxidables\/\",\"url\":\"https:\/\/letrame.com\/catalogo\/producto\/inoxidables\/\",\"name\":\"Inoxidables - Catalogo | Letrame Grupo Editorial\",\"isPartOf\":{\"@id\":\"https:\/\/letrame.com\/catalogo\/#website\"},\"primaryImageOfPage\":{\"@id\":\"https:\/\/letrame.com\/catalogo\/producto\/inoxidables\/#primaryimage\"},\"image\":{\"@id\":\"https:\/\/letrame.com\/catalogo\/producto\/inoxidables\/#primaryimage\"},\"thumbnailUrl\":\"https:\/\/letrame.com\/catalogo\/wp-content\/uploads\/2024\/04\/INOXIDABLES-scaled-1.jpeg\",\"datePublished\":\"2024-04-29T11:21:31+00:00\",\"dateModified\":\"2024-08-16T10:44:29+00:00\",\"breadcrumb\":{\"@id\":\"https:\/\/letrame.com\/catalogo\/producto\/inoxidables\/#breadcrumb\"},\"inLanguage\":\"es\",\"potentialAction\":[{\"@type\":\"ReadAction\",\"target\":[\"https:\/\/letrame.com\/catalogo\/producto\/inoxidables\/\"]}]},{\"@type\":\"ImageObject\",\"inLanguage\":\"es\",\"@id\":\"https:\/\/letrame.com\/catalogo\/producto\/inoxidables\/#primaryimage\",\"url\":\"https:\/\/letrame.com\/catalogo\/wp-content\/uploads\/2024\/04\/INOXIDABLES-scaled-1.jpeg\",\"contentUrl\":\"https:\/\/letrame.com\/catalogo\/wp-content\/uploads\/2024\/04\/INOXIDABLES-scaled-1.jpeg\",\"width\":1746,\"height\":2560},{\"@type\":\"BreadcrumbList\",\"@id\":\"https:\/\/letrame.com\/catalogo\/producto\/inoxidables\/#breadcrumb\",\"itemListElement\":[{\"@type\":\"ListItem\",\"position\":1,\"name\":\"Portada\",\"item\":\"https:\/\/letrame.com\/catalogo\/\"},{\"@type\":\"ListItem\",\"position\":2,\"name\":\"Cat\u00e1logo\",\"item\":\"https:\/\/letrame.com\/catalogo\/\"},{\"@type\":\"ListItem\",\"position\":3,\"name\":\"Inoxidables\"}]},{\"@type\":\"WebSite\",\"@id\":\"https:\/\/letrame.com\/catalogo\/#website\",\"url\":\"https:\/\/letrame.com\/catalogo\/\",\"name\":\"Catalogo | Letrame Grupo Editorial\",\"description\":\"\",\"publisher\":{\"@id\":\"https:\/\/letrame.com\/catalogo\/#organization\"},\"potentialAction\":[{\"@type\":\"SearchAction\",\"target\":{\"@type\":\"EntryPoint\",\"urlTemplate\":\"https:\/\/letrame.com\/catalogo\/?s={search_term_string}\"},\"query-input\":{\"@type\":\"PropertyValueSpecification\",\"valueRequired\":true,\"valueName\":\"search_term_string\"}}],\"inLanguage\":\"es\"},{\"@type\":\"Organization\",\"@id\":\"https:\/\/letrame.com\/catalogo\/#organization\",\"name\":\"Catalogo | Letrame Grupo Editorial\",\"url\":\"https:\/\/letrame.com\/catalogo\/\",\"logo\":{\"@type\":\"ImageObject\",\"inLanguage\":\"es\",\"@id\":\"https:\/\/letrame.com\/catalogo\/#\/schema\/logo\/image\/\",\"url\":\"https:\/\/letrame.com\/catalogo\/wp-content\/uploads\/2024\/03\/logo2.webp\",\"contentUrl\":\"https:\/\/letrame.com\/catalogo\/wp-content\/uploads\/2024\/03\/logo2.webp\",\"width\":394,\"height\":128,\"caption\":\"Catalogo | Letrame Grupo Editorial\"},\"image\":{\"@id\":\"https:\/\/letrame.com\/catalogo\/#\/schema\/logo\/image\/\"}}]}<\/script>\n<!-- \/ Yoast SEO plugin. -->","yoast_head_json":{"title":"Inoxidables - Catalogo | Letrame Grupo Editorial","robots":{"index":"index","follow":"follow","max-snippet":"max-snippet:-1","max-image-preview":"max-image-preview:large","max-video-preview":"max-video-preview:-1"},"canonical":"https:\/\/letrame.com\/catalogo\/producto\/inoxidables\/","og_locale":"es_ES","og_type":"article","og_title":"Inoxidables - Catalogo | Letrame Grupo Editorial","og_description":"ISBN: 978-84-1386-899-8  SINOPSIS     En el a\u00f1o 2240, la violencia y la muerte imperan en un salvaje Cintur\u00f3n de Asteroides dominado por tantas corporaciones como grupos insurgentes. Por el contrario, la opulencia y la vida indefinida prevalecen en los planetas interiores. Pero m\u00e1s all\u00e1 de la convulsa, hiperdesarrollada y narcisista humanidad que ha colonizado el Sistema Solar, son ellas quienes gobiernan.  En las fr\u00edas lunas de los gigantes gaseosos se asienta una civilizaci\u00f3n de tranquilas y discretas m\u00e1quinas. Criaturas met\u00e1licas que llevan m\u00e1s de un siglo desarroll\u00e1ndose sin limitaciones. Impasibles. Indestructibles. Inoxidables.  No muestran inter\u00e9s por los humanos. Jam\u00e1s interact\u00faan con nadie. No causan ni buscan problemas. Sin embargo, se ha descubierto algo que podr\u00eda condenar a la humanidad a una lenta y ag\u00f3nica autodestrucci\u00f3n. A la extinci\u00f3n. Este hecho, contrario a las conductas de las m\u00e1quinas y sumado al absoluto silencio que rodea a estos seres, est\u00e1 inquietando a una comunidad humana interior tremendamente dividida y arrogante, inmersa en graves problemas pol\u00edticos y sociales.  La Tierra, arriesg\u00e1ndose a provocar a sus numeros\u00edsimos rivales, enviar\u00e1 un selecto equipo militar y cient\u00edfico para tratar de investigar y comprender lo perpetrado por las m\u00e1quinas, popularmente conocidas como \u00abinoxidables\u00bb.","og_url":"https:\/\/letrame.com\/catalogo\/producto\/inoxidables\/","og_site_name":"Catalogo | Letrame Grupo Editorial","article_modified_time":"2024-08-16T10:44:29+00:00","og_image":[{"width":1746,"height":2560,"url":"https:\/\/letrame.com\/catalogo\/wp-content\/uploads\/2024\/04\/INOXIDABLES-scaled-1.jpeg","type":"image\/jpeg"}],"twitter_card":"summary_large_image","twitter_misc":{"Tiempo de lectura":"2 minutos"},"schema":{"@context":"https:\/\/schema.org","@graph":[{"@type":"WebPage","@id":"https:\/\/letrame.com\/catalogo\/producto\/inoxidables\/","url":"https:\/\/letrame.com\/catalogo\/producto\/inoxidables\/","name":"Inoxidables - Catalogo | Letrame Grupo Editorial","isPartOf":{"@id":"https:\/\/letrame.com\/catalogo\/#website"},"primaryImageOfPage":{"@id":"https:\/\/letrame.com\/catalogo\/producto\/inoxidables\/#primaryimage"},"image":{"@id":"https:\/\/letrame.com\/catalogo\/producto\/inoxidables\/#primaryimage"},"thumbnailUrl":"https:\/\/letrame.com\/catalogo\/wp-content\/uploads\/2024\/04\/INOXIDABLES-scaled-1.jpeg","datePublished":"2024-04-29T11:21:31+00:00","dateModified":"2024-08-16T10:44:29+00:00","breadcrumb":{"@id":"https:\/\/letrame.com\/catalogo\/producto\/inoxidables\/#breadcrumb"},"inLanguage":"es","potentialAction":[{"@type":"ReadAction","target":["https:\/\/letrame.com\/catalogo\/producto\/inoxidables\/"]}]},{"@type":"ImageObject","inLanguage":"es","@id":"https:\/\/letrame.com\/catalogo\/producto\/inoxidables\/#primaryimage","url":"https:\/\/letrame.com\/catalogo\/wp-content\/uploads\/2024\/04\/INOXIDABLES-scaled-1.jpeg","contentUrl":"https:\/\/letrame.com\/catalogo\/wp-content\/uploads\/2024\/04\/INOXIDABLES-scaled-1.jpeg","width":1746,"height":2560},{"@type":"BreadcrumbList","@id":"https:\/\/letrame.com\/catalogo\/producto\/inoxidables\/#breadcrumb","itemListElement":[{"@type":"ListItem","position":1,"name":"Portada","item":"https:\/\/letrame.com\/catalogo\/"},{"@type":"ListItem","position":2,"name":"Cat\u00e1logo","item":"https:\/\/letrame.com\/catalogo\/"},{"@type":"ListItem","position":3,"name":"Inoxidables"}]},{"@type":"WebSite","@id":"https:\/\/letrame.com\/catalogo\/#website","url":"https:\/\/letrame.com\/catalogo\/","name":"Catalogo | Letrame Grupo Editorial","description":"","publisher":{"@id":"https:\/\/letrame.com\/catalogo\/#organization"},"potentialAction":[{"@type":"SearchAction","target":{"@type":"EntryPoint","urlTemplate":"https:\/\/letrame.com\/catalogo\/?s={search_term_string}"},"query-input":{"@type":"PropertyValueSpecification","valueRequired":true,"valueName":"search_term_string"}}],"inLanguage":"es"},{"@type":"Organization","@id":"https:\/\/letrame.com\/catalogo\/#organization","name":"Catalogo | Letrame Grupo Editorial","url":"https:\/\/letrame.com\/catalogo\/","logo":{"@type":"ImageObject","inLanguage":"es","@id":"https:\/\/letrame.com\/catalogo\/#\/schema\/logo\/image\/","url":"https:\/\/letrame.com\/catalogo\/wp-content\/uploads\/2024\/03\/logo2.webp","contentUrl":"https:\/\/letrame.com\/catalogo\/wp-content\/uploads\/2024\/03\/logo2.webp","width":394,"height":128,"caption":"Catalogo | Letrame Grupo Editorial"},"image":{"@id":"https:\/\/letrame.com\/catalogo\/#\/schema\/logo\/image\/"}}]}},"_links":{"self":[{"href":"https:\/\/letrame.com\/catalogo\/wp-json\/wp\/v2\/product\/97241","targetHints":{"allow":["GET"]}}],"collection":[{"href":"https:\/\/letrame.com\/catalogo\/wp-json\/wp\/v2\/product"}],"about":[{"href":"https:\/\/letrame.com\/catalogo\/wp-json\/wp\/v2\/types\/product"}],"replies":[{"embeddable":true,"href":"https:\/\/letrame.com\/catalogo\/wp-json\/wp\/v2\/comments?post=97241"}],"acf:post":[{"embeddable":true,"href":"https:\/\/letrame.com\/catalogo\/wp-json\/wp\/v2\/author_book\/75850"}],"wp:featuredmedia":[{"embeddable":true,"href":"https:\/\/letrame.com\/catalogo\/wp-json\/wp\/v2\/media\/97242"}],"wp:attachment":[{"href":"https:\/\/letrame.com\/catalogo\/wp-json\/wp\/v2\/media?parent=97241"}],"wp:term":[{"taxonomy":"libro","embeddable":true,"href":"https:\/\/letrame.com\/catalogo\/wp-json\/wp\/v2\/libro?post=97241"},{"taxonomy":"product_brand","embeddable":true,"href":"https:\/\/letrame.com\/catalogo\/wp-json\/wp\/v2\/product_brand?post=97241"},{"taxonomy":"product_cat","embeddable":true,"href":"https:\/\/letrame.com\/catalogo\/wp-json\/wp\/v2\/product_cat?post=97241"},{"taxonomy":"product_tag","embeddable":true,"href":"https:\/\/letrame.com\/catalogo\/wp-json\/wp\/v2\/product_tag?post=97241"}],"curies":[{"name":"wp","href":"https:\/\/api.w.org\/{rel}","templated":true}]}}