{"id":97238,"date":"2024-04-29T13:19:58","date_gmt":"2024-04-29T11:19:58","guid":{"rendered":"https:\/\/letrame.com\/catalogo\/producto\/el-anochecer-mas-bonito-del-mundo\/"},"modified":"2024-08-16T12:46:37","modified_gmt":"2024-08-16T10:46:37","slug":"el-anochecer-mas-bonito-del-mundo","status":"publish","type":"product","link":"https:\/\/letrame.com\/catalogo\/producto\/el-anochecer-mas-bonito-del-mundo\/","title":{"rendered":"El anochecer m\u00e1s bonito del mundo"},"content":{"rendered":"<div class=\"page\" title=\"Page 6\">\n<div class=\"layoutArea\">\n<div class=\"column\">\n<p><strong>ISBN<\/strong>: 978-84-1114-149-9<\/p>\n<\/div>\n<\/div>\n<\/div>\n<p><b>T\u00edtulo<\/b><span style=\"font-weight: 400;\">: El anochecer m\u00e1s bonito del mundo<\/span><span style=\"font-weight: 400;\"><br \/>\n<\/span><b>Fecha<\/b><span style=\"font-weight: 400;\">: 2021<\/span><span style=\"font-weight: 400;\"><br \/>\n<\/span><b>P\u00e1ginas<\/b><span style=\"font-weight: 400;\">: 404<\/span><\/p>\n<p><b>SINOPSIS<\/b><\/p>\n<p>Misterio, amor, fantas\u00eda, todo mezclado, todo unido como la m\u00fasica y la poes\u00eda.<\/p>\n<p>En el mirador de San Nicol\u00e1s, el barrio del Albaic\u00edn, la Alhambra, el rio Darro, el puente de Las Chirim\u00edas, La Casita de Mu\u00f1ecas (hotel situado bajo los pies de la incre\u00edble fortaleza Andalus\u00ed), Leila y Carlos dos j\u00f3venes granadinos pasan los momentos m\u00e1s importantes de sus vidas. \u00a0A Leila le diagnostican esclerosis m\u00faltiple una enfermedad degenerativa la cual afronta con optimismo refugi\u00e1ndose en su pasi\u00f3n: escribir poes\u00eda, pintar y Carlos.<\/p>\n<p>Cada uno de nuestros actos es una respuesta de un acto anterior, causa efecto, todo est\u00e1 conectado como las almas de Leila y Carlos.<\/p>\n<p>El hallazgo de una joya antigua en la Casita de Mu\u00f1ecas la cual su historia guarda similitud con la de Leila y Carlos hace que cambien sus vidas.<\/p>\n","protected":false},"excerpt":{"rendered":"<p><strong>ISBN: 978-84-1114-149-9<\/strong><\/p>\n<p>En el mirador de San Nicol\u00e1s, el barrio del Albaic\u00edn, la Alhambra, el rio Darro, el puente de Las Chirim\u00edas, La Casita de Mu\u00f1ecas (hotel situado bajo los pies de la incre\u00edble fortaleza Andalus\u00ed), Leila y Carlos dos j\u00f3venes granadinos pasan los momentos m\u00e1s importantes de sus vidas. \u00a0A Leila le diagnostican esclerosis m\u00faltiple una enfermedad degenerativa la cual afronta con optimismo refugi\u00e1ndose en su pasi\u00f3n: escribir poes\u00eda, pintar y Carlos.<\/p>\n","protected":false},"featured_media":100362,"comment_status":"closed","ping_status":"closed","template":"","meta":{"_acf_changed":false},"libro":[],"product_brand":[],"product_cat":[16],"product_tag":[],"class_list":{"0":"post-97238","1":"product","2":"type-product","3":"status-publish","4":"has-post-thumbnail","6":"product_cat-novela","8":"first","9":"instock","10":"purchasable","11":"product-type-simple"},"acf":{"autor":[77333],"enlace_de_compra":"https:\/\/amzn.to\/3YQAiTF"},"yoast_head":"<!-- This site is optimized with the Yoast SEO plugin v26.6 - https:\/\/yoast.com\/wordpress\/plugins\/seo\/ -->\n<title>El anochecer m\u00e1s bonito del mundo - Catalogo | Letrame Grupo Editorial<\/title>\n<meta name=\"robots\" content=\"index, follow, max-snippet:-1, max-image-preview:large, max-video-preview:-1\" \/>\n<link rel=\"canonical\" href=\"https:\/\/letrame.com\/catalogo\/producto\/el-anochecer-mas-bonito-del-mundo\/\" \/>\n<meta property=\"og:locale\" content=\"es_ES\" \/>\n<meta property=\"og:type\" content=\"article\" \/>\n<meta property=\"og:title\" content=\"El anochecer m\u00e1s bonito del mundo - Catalogo | Letrame Grupo Editorial\" \/>\n<meta property=\"og:description\" content=\"ISBN: 978-84-1114-149-9  En el mirador de San Nicol\u00e1s, el barrio del Albaic\u00edn, la Alhambra, el rio Darro, el puente de Las Chirim\u00edas, La Casita de Mu\u00f1ecas (hotel situado bajo los pies de la incre\u00edble fortaleza Andalus\u00ed), Leila y Carlos dos j\u00f3venes granadinos pasan los momentos m\u00e1s importantes de sus vidas. \u00a0A Leila le diagnostican esclerosis m\u00faltiple una enfermedad degenerativa la cual afronta con optimismo refugi\u00e1ndose en su pasi\u00f3n: escribir poes\u00eda, pintar y Carlos.\" \/>\n<meta property=\"og:url\" content=\"https:\/\/letrame.com\/catalogo\/producto\/el-anochecer-mas-bonito-del-mundo\/\" \/>\n<meta property=\"og:site_name\" content=\"Catalogo | Letrame Grupo Editorial\" \/>\n<meta property=\"article:modified_time\" content=\"2024-08-16T10:46:37+00:00\" \/>\n<meta property=\"og:image\" content=\"https:\/\/letrame.com\/catalogo\/wp-content\/uploads\/2024\/04\/El-anochecer-mas-bonito-del-mundo-scaled-1.webp\" \/>\n\t<meta property=\"og:image:width\" content=\"1746\" \/>\n\t<meta property=\"og:image:height\" content=\"2560\" \/>\n\t<meta property=\"og:image:type\" content=\"image\/webp\" \/>\n<meta name=\"twitter:card\" content=\"summary_large_image\" \/>\n<meta name=\"twitter:label1\" content=\"Tiempo de lectura\" \/>\n\t<meta name=\"twitter:data1\" content=\"1 minuto\" \/>\n<script type=\"application\/ld+json\" class=\"yoast-schema-graph\">{\"@context\":\"https:\/\/schema.org\",\"@graph\":[{\"@type\":\"WebPage\",\"@id\":\"https:\/\/letrame.com\/catalogo\/producto\/el-anochecer-mas-bonito-del-mundo\/\",\"url\":\"https:\/\/letrame.com\/catalogo\/producto\/el-anochecer-mas-bonito-del-mundo\/\",\"name\":\"El anochecer m\u00e1s bonito del mundo - Catalogo | Letrame Grupo Editorial\",\"isPartOf\":{\"@id\":\"https:\/\/letrame.com\/catalogo\/#website\"},\"primaryImageOfPage\":{\"@id\":\"https:\/\/letrame.com\/catalogo\/producto\/el-anochecer-mas-bonito-del-mundo\/#primaryimage\"},\"image\":{\"@id\":\"https:\/\/letrame.com\/catalogo\/producto\/el-anochecer-mas-bonito-del-mundo\/#primaryimage\"},\"thumbnailUrl\":\"https:\/\/letrame.com\/catalogo\/wp-content\/uploads\/2024\/04\/El-anochecer-mas-bonito-del-mundo-scaled-1.webp\",\"datePublished\":\"2024-04-29T11:19:58+00:00\",\"dateModified\":\"2024-08-16T10:46:37+00:00\",\"breadcrumb\":{\"@id\":\"https:\/\/letrame.com\/catalogo\/producto\/el-anochecer-mas-bonito-del-mundo\/#breadcrumb\"},\"inLanguage\":\"es\",\"potentialAction\":[{\"@type\":\"ReadAction\",\"target\":[\"https:\/\/letrame.com\/catalogo\/producto\/el-anochecer-mas-bonito-del-mundo\/\"]}]},{\"@type\":\"ImageObject\",\"inLanguage\":\"es\",\"@id\":\"https:\/\/letrame.com\/catalogo\/producto\/el-anochecer-mas-bonito-del-mundo\/#primaryimage\",\"url\":\"https:\/\/letrame.com\/catalogo\/wp-content\/uploads\/2024\/04\/El-anochecer-mas-bonito-del-mundo-scaled-1.webp\",\"contentUrl\":\"https:\/\/letrame.com\/catalogo\/wp-content\/uploads\/2024\/04\/El-anochecer-mas-bonito-del-mundo-scaled-1.webp\",\"width\":1746,\"height\":2560},{\"@type\":\"BreadcrumbList\",\"@id\":\"https:\/\/letrame.com\/catalogo\/producto\/el-anochecer-mas-bonito-del-mundo\/#breadcrumb\",\"itemListElement\":[{\"@type\":\"ListItem\",\"position\":1,\"name\":\"Portada\",\"item\":\"https:\/\/letrame.com\/catalogo\/\"},{\"@type\":\"ListItem\",\"position\":2,\"name\":\"Cat\u00e1logo\",\"item\":\"https:\/\/letrame.com\/catalogo\/\"},{\"@type\":\"ListItem\",\"position\":3,\"name\":\"El anochecer m\u00e1s bonito del mundo\"}]},{\"@type\":\"WebSite\",\"@id\":\"https:\/\/letrame.com\/catalogo\/#website\",\"url\":\"https:\/\/letrame.com\/catalogo\/\",\"name\":\"Catalogo | Letrame Grupo Editorial\",\"description\":\"\",\"publisher\":{\"@id\":\"https:\/\/letrame.com\/catalogo\/#organization\"},\"potentialAction\":[{\"@type\":\"SearchAction\",\"target\":{\"@type\":\"EntryPoint\",\"urlTemplate\":\"https:\/\/letrame.com\/catalogo\/?s={search_term_string}\"},\"query-input\":{\"@type\":\"PropertyValueSpecification\",\"valueRequired\":true,\"valueName\":\"search_term_string\"}}],\"inLanguage\":\"es\"},{\"@type\":\"Organization\",\"@id\":\"https:\/\/letrame.com\/catalogo\/#organization\",\"name\":\"Catalogo | Letrame Grupo Editorial\",\"url\":\"https:\/\/letrame.com\/catalogo\/\",\"logo\":{\"@type\":\"ImageObject\",\"inLanguage\":\"es\",\"@id\":\"https:\/\/letrame.com\/catalogo\/#\/schema\/logo\/image\/\",\"url\":\"https:\/\/letrame.com\/catalogo\/wp-content\/uploads\/2024\/03\/logo2.webp\",\"contentUrl\":\"https:\/\/letrame.com\/catalogo\/wp-content\/uploads\/2024\/03\/logo2.webp\",\"width\":394,\"height\":128,\"caption\":\"Catalogo | Letrame Grupo Editorial\"},\"image\":{\"@id\":\"https:\/\/letrame.com\/catalogo\/#\/schema\/logo\/image\/\"}}]}<\/script>\n<!-- \/ Yoast SEO plugin. -->","yoast_head_json":{"title":"El anochecer m\u00e1s bonito del mundo - Catalogo | Letrame Grupo Editorial","robots":{"index":"index","follow":"follow","max-snippet":"max-snippet:-1","max-image-preview":"max-image-preview:large","max-video-preview":"max-video-preview:-1"},"canonical":"https:\/\/letrame.com\/catalogo\/producto\/el-anochecer-mas-bonito-del-mundo\/","og_locale":"es_ES","og_type":"article","og_title":"El anochecer m\u00e1s bonito del mundo - Catalogo | Letrame Grupo Editorial","og_description":"ISBN: 978-84-1114-149-9  En el mirador de San Nicol\u00e1s, el barrio del Albaic\u00edn, la Alhambra, el rio Darro, el puente de Las Chirim\u00edas, La Casita de Mu\u00f1ecas (hotel situado bajo los pies de la incre\u00edble fortaleza Andalus\u00ed), Leila y Carlos dos j\u00f3venes granadinos pasan los momentos m\u00e1s importantes de sus vidas. \u00a0A Leila le diagnostican esclerosis m\u00faltiple una enfermedad degenerativa la cual afronta con optimismo refugi\u00e1ndose en su pasi\u00f3n: escribir poes\u00eda, pintar y Carlos.","og_url":"https:\/\/letrame.com\/catalogo\/producto\/el-anochecer-mas-bonito-del-mundo\/","og_site_name":"Catalogo | Letrame Grupo Editorial","article_modified_time":"2024-08-16T10:46:37+00:00","og_image":[{"width":1746,"height":2560,"url":"https:\/\/letrame.com\/catalogo\/wp-content\/uploads\/2024\/04\/El-anochecer-mas-bonito-del-mundo-scaled-1.webp","type":"image\/webp"}],"twitter_card":"summary_large_image","twitter_misc":{"Tiempo de lectura":"1 minuto"},"schema":{"@context":"https:\/\/schema.org","@graph":[{"@type":"WebPage","@id":"https:\/\/letrame.com\/catalogo\/producto\/el-anochecer-mas-bonito-del-mundo\/","url":"https:\/\/letrame.com\/catalogo\/producto\/el-anochecer-mas-bonito-del-mundo\/","name":"El anochecer m\u00e1s bonito del mundo - Catalogo | Letrame Grupo Editorial","isPartOf":{"@id":"https:\/\/letrame.com\/catalogo\/#website"},"primaryImageOfPage":{"@id":"https:\/\/letrame.com\/catalogo\/producto\/el-anochecer-mas-bonito-del-mundo\/#primaryimage"},"image":{"@id":"https:\/\/letrame.com\/catalogo\/producto\/el-anochecer-mas-bonito-del-mundo\/#primaryimage"},"thumbnailUrl":"https:\/\/letrame.com\/catalogo\/wp-content\/uploads\/2024\/04\/El-anochecer-mas-bonito-del-mundo-scaled-1.webp","datePublished":"2024-04-29T11:19:58+00:00","dateModified":"2024-08-16T10:46:37+00:00","breadcrumb":{"@id":"https:\/\/letrame.com\/catalogo\/producto\/el-anochecer-mas-bonito-del-mundo\/#breadcrumb"},"inLanguage":"es","potentialAction":[{"@type":"ReadAction","target":["https:\/\/letrame.com\/catalogo\/producto\/el-anochecer-mas-bonito-del-mundo\/"]}]},{"@type":"ImageObject","inLanguage":"es","@id":"https:\/\/letrame.com\/catalogo\/producto\/el-anochecer-mas-bonito-del-mundo\/#primaryimage","url":"https:\/\/letrame.com\/catalogo\/wp-content\/uploads\/2024\/04\/El-anochecer-mas-bonito-del-mundo-scaled-1.webp","contentUrl":"https:\/\/letrame.com\/catalogo\/wp-content\/uploads\/2024\/04\/El-anochecer-mas-bonito-del-mundo-scaled-1.webp","width":1746,"height":2560},{"@type":"BreadcrumbList","@id":"https:\/\/letrame.com\/catalogo\/producto\/el-anochecer-mas-bonito-del-mundo\/#breadcrumb","itemListElement":[{"@type":"ListItem","position":1,"name":"Portada","item":"https:\/\/letrame.com\/catalogo\/"},{"@type":"ListItem","position":2,"name":"Cat\u00e1logo","item":"https:\/\/letrame.com\/catalogo\/"},{"@type":"ListItem","position":3,"name":"El anochecer m\u00e1s bonito del mundo"}]},{"@type":"WebSite","@id":"https:\/\/letrame.com\/catalogo\/#website","url":"https:\/\/letrame.com\/catalogo\/","name":"Catalogo | Letrame Grupo Editorial","description":"","publisher":{"@id":"https:\/\/letrame.com\/catalogo\/#organization"},"potentialAction":[{"@type":"SearchAction","target":{"@type":"EntryPoint","urlTemplate":"https:\/\/letrame.com\/catalogo\/?s={search_term_string}"},"query-input":{"@type":"PropertyValueSpecification","valueRequired":true,"valueName":"search_term_string"}}],"inLanguage":"es"},{"@type":"Organization","@id":"https:\/\/letrame.com\/catalogo\/#organization","name":"Catalogo | Letrame Grupo Editorial","url":"https:\/\/letrame.com\/catalogo\/","logo":{"@type":"ImageObject","inLanguage":"es","@id":"https:\/\/letrame.com\/catalogo\/#\/schema\/logo\/image\/","url":"https:\/\/letrame.com\/catalogo\/wp-content\/uploads\/2024\/03\/logo2.webp","contentUrl":"https:\/\/letrame.com\/catalogo\/wp-content\/uploads\/2024\/03\/logo2.webp","width":394,"height":128,"caption":"Catalogo | Letrame Grupo Editorial"},"image":{"@id":"https:\/\/letrame.com\/catalogo\/#\/schema\/logo\/image\/"}}]}},"_links":{"self":[{"href":"https:\/\/letrame.com\/catalogo\/wp-json\/wp\/v2\/product\/97238","targetHints":{"allow":["GET"]}}],"collection":[{"href":"https:\/\/letrame.com\/catalogo\/wp-json\/wp\/v2\/product"}],"about":[{"href":"https:\/\/letrame.com\/catalogo\/wp-json\/wp\/v2\/types\/product"}],"replies":[{"embeddable":true,"href":"https:\/\/letrame.com\/catalogo\/wp-json\/wp\/v2\/comments?post=97238"}],"acf:post":[{"embeddable":true,"href":"https:\/\/letrame.com\/catalogo\/wp-json\/wp\/v2\/author_book\/77333"}],"wp:featuredmedia":[{"embeddable":true,"href":"https:\/\/letrame.com\/catalogo\/wp-json\/wp\/v2\/media\/100362"}],"wp:attachment":[{"href":"https:\/\/letrame.com\/catalogo\/wp-json\/wp\/v2\/media?parent=97238"}],"wp:term":[{"taxonomy":"libro","embeddable":true,"href":"https:\/\/letrame.com\/catalogo\/wp-json\/wp\/v2\/libro?post=97238"},{"taxonomy":"product_brand","embeddable":true,"href":"https:\/\/letrame.com\/catalogo\/wp-json\/wp\/v2\/product_brand?post=97238"},{"taxonomy":"product_cat","embeddable":true,"href":"https:\/\/letrame.com\/catalogo\/wp-json\/wp\/v2\/product_cat?post=97238"},{"taxonomy":"product_tag","embeddable":true,"href":"https:\/\/letrame.com\/catalogo\/wp-json\/wp\/v2\/product_tag?post=97238"}],"curies":[{"name":"wp","href":"https:\/\/api.w.org\/{rel}","templated":true}]}}