{"id":97234,"date":"2024-04-29T13:18:37","date_gmt":"2024-04-29T11:18:37","guid":{"rendered":"https:\/\/letrame.com\/catalogo\/producto\/tu-seras-la-que-vengas-a-buscarme\/"},"modified":"2024-08-16T12:53:48","modified_gmt":"2024-08-16T10:53:48","slug":"tu-seras-la-que-vengas-a-buscarme","status":"publish","type":"product","link":"https:\/\/letrame.com\/catalogo\/producto\/tu-seras-la-que-vengas-a-buscarme\/","title":{"rendered":"T\u00fa ser\u00e1s la que vengas a buscarme"},"content":{"rendered":"<div class=\"page\" title=\"Page 6\">\n<div class=\"layoutArea\">\n<div class=\"column\">\n<p><strong>ISBN: 978-84-1386-999-5<\/strong><\/p>\n<\/div>\n<\/div>\n<\/div>\n<p><b>T\u00edtulo<\/b><span style=\"font-weight: 400;\">: T\u00fa ser\u00e1s la que vengas a buscarme <\/span><span style=\"font-weight: 400;\"><br \/>\n<\/span><b>Fecha<\/b><span style=\"font-weight: 400;\">: 2021<\/span><span style=\"font-weight: 400;\"><br \/>\n<\/span><b>P\u00e1ginas<\/b><span style=\"font-weight: 400;\">: 214<\/span><\/p>\n<p><b>SINOPSIS<\/b><\/p>\n<p>Laura, una chica nacida en el siglo XIX de familia adinerada, se casa a los 17 a\u00f1os con la ilusi\u00f3n propia de salir de las \u00abfaldas\u00bb de su madre y vivir la vida con su enamorado Rogelio en un reci\u00e9n nacido siglo XX.<\/p>\n<p>&nbsp;<\/p>\n<p>La austera y r\u00edgida educaci\u00f3n que se recib\u00eda en ciertas familias en aquella \u00e9poca fue causa de que Laura cambiara su inmensa felicidad por el respeto y la sumisi\u00f3n que deb\u00eda a su familia, especialmente a su madre.<\/p>\n<p>&nbsp;<\/p>\n<p>Y su gran amor se rompi\u00f3.<\/p>\n","protected":false},"excerpt":{"rendered":"<div class=\"page\" title=\"Page 6\">\n<div class=\"layoutArea\">\n<div class=\"column\">\n<p><strong>ISBN: 978-84-1386-999-5<\/strong><\/p>\n<p>Laura, una chica nacida en el siglo XIX de familia adinerada, se casa a los 17 a\u00f1os con la ilusi\u00f3n propia de salir de las \u00abfaldas\u00bb de su madre y vivir la vida con su enamorado Rogelio en un reci\u00e9n nacido siglo XX.<\/p>\n<p>La austera y r\u00edgida educaci\u00f3n que se recib\u00eda en ciertas familias en aquella \u00e9poca fue causa de que Laura cambiara su inmensa felicidad por el respeto y la sumisi\u00f3n que deb\u00eda a su familia, especialmente a su madre.<\/p>\n<p>Y su gran amor se rompi\u00f3.<\/p>\n<\/div>\n<\/div>\n<\/div>\n","protected":false},"featured_media":100364,"comment_status":"closed","ping_status":"closed","template":"","meta":{"_acf_changed":false},"libro":[],"product_brand":[],"product_cat":[16],"product_tag":[],"class_list":{"0":"post-97234","1":"product","2":"type-product","3":"status-publish","4":"has-post-thumbnail","6":"product_cat-novela","8":"first","9":"instock","10":"purchasable","11":"product-type-simple"},"acf":{"autor":[75844],"enlace_de_compra":"https:\/\/amzn.to\/3YLAMdE"},"yoast_head":"<!-- This site is optimized with the Yoast SEO plugin v26.6 - https:\/\/yoast.com\/wordpress\/plugins\/seo\/ -->\n<title>T\u00fa ser\u00e1s la que vengas a buscarme - Catalogo | Letrame Grupo Editorial<\/title>\n<meta name=\"robots\" content=\"index, follow, max-snippet:-1, max-image-preview:large, max-video-preview:-1\" \/>\n<link rel=\"canonical\" href=\"https:\/\/letrame.com\/catalogo\/producto\/tu-seras-la-que-vengas-a-buscarme\/\" \/>\n<meta property=\"og:locale\" content=\"es_ES\" \/>\n<meta property=\"og:type\" content=\"article\" \/>\n<meta property=\"og:title\" content=\"T\u00fa ser\u00e1s la que vengas a buscarme - Catalogo | Letrame Grupo Editorial\" \/>\n<meta property=\"og:description\" content=\"ISBN: 978-84-1386-999-5  Laura, una chica nacida en el siglo XIX de familia adinerada, se casa a los 17 a\u00f1os con la ilusi\u00f3n propia de salir de las \u00abfaldas\u00bb de su madre y vivir la vida con su enamorado Rogelio en un reci\u00e9n nacido siglo XX.  La austera y r\u00edgida educaci\u00f3n que se recib\u00eda en ciertas familias en aquella \u00e9poca fue causa de que Laura cambiara su inmensa felicidad por el respeto y la sumisi\u00f3n que deb\u00eda a su familia, especialmente a su madre.  Y su gran amor se rompi\u00f3.\" \/>\n<meta property=\"og:url\" content=\"https:\/\/letrame.com\/catalogo\/producto\/tu-seras-la-que-vengas-a-buscarme\/\" \/>\n<meta property=\"og:site_name\" content=\"Catalogo | Letrame Grupo Editorial\" \/>\n<meta property=\"article:modified_time\" content=\"2024-08-16T10:53:48+00:00\" \/>\n<meta property=\"og:image\" content=\"https:\/\/letrame.com\/catalogo\/wp-content\/uploads\/2024\/04\/Tu-seras-la-que-vengas-a-buscarme-scaled-1.webp\" \/>\n\t<meta property=\"og:image:width\" content=\"1746\" \/>\n\t<meta property=\"og:image:height\" content=\"2560\" \/>\n\t<meta property=\"og:image:type\" content=\"image\/webp\" \/>\n<meta name=\"twitter:card\" content=\"summary_large_image\" \/>\n<meta name=\"twitter:label1\" content=\"Tiempo de lectura\" \/>\n\t<meta name=\"twitter:data1\" content=\"1 minuto\" \/>\n<script type=\"application\/ld+json\" class=\"yoast-schema-graph\">{\"@context\":\"https:\/\/schema.org\",\"@graph\":[{\"@type\":\"WebPage\",\"@id\":\"https:\/\/letrame.com\/catalogo\/producto\/tu-seras-la-que-vengas-a-buscarme\/\",\"url\":\"https:\/\/letrame.com\/catalogo\/producto\/tu-seras-la-que-vengas-a-buscarme\/\",\"name\":\"T\u00fa ser\u00e1s la que vengas a buscarme - Catalogo | Letrame Grupo Editorial\",\"isPartOf\":{\"@id\":\"https:\/\/letrame.com\/catalogo\/#website\"},\"primaryImageOfPage\":{\"@id\":\"https:\/\/letrame.com\/catalogo\/producto\/tu-seras-la-que-vengas-a-buscarme\/#primaryimage\"},\"image\":{\"@id\":\"https:\/\/letrame.com\/catalogo\/producto\/tu-seras-la-que-vengas-a-buscarme\/#primaryimage\"},\"thumbnailUrl\":\"https:\/\/letrame.com\/catalogo\/wp-content\/uploads\/2024\/04\/Tu-seras-la-que-vengas-a-buscarme-scaled-1.webp\",\"datePublished\":\"2024-04-29T11:18:37+00:00\",\"dateModified\":\"2024-08-16T10:53:48+00:00\",\"breadcrumb\":{\"@id\":\"https:\/\/letrame.com\/catalogo\/producto\/tu-seras-la-que-vengas-a-buscarme\/#breadcrumb\"},\"inLanguage\":\"es\",\"potentialAction\":[{\"@type\":\"ReadAction\",\"target\":[\"https:\/\/letrame.com\/catalogo\/producto\/tu-seras-la-que-vengas-a-buscarme\/\"]}]},{\"@type\":\"ImageObject\",\"inLanguage\":\"es\",\"@id\":\"https:\/\/letrame.com\/catalogo\/producto\/tu-seras-la-que-vengas-a-buscarme\/#primaryimage\",\"url\":\"https:\/\/letrame.com\/catalogo\/wp-content\/uploads\/2024\/04\/Tu-seras-la-que-vengas-a-buscarme-scaled-1.webp\",\"contentUrl\":\"https:\/\/letrame.com\/catalogo\/wp-content\/uploads\/2024\/04\/Tu-seras-la-que-vengas-a-buscarme-scaled-1.webp\",\"width\":1746,\"height\":2560},{\"@type\":\"BreadcrumbList\",\"@id\":\"https:\/\/letrame.com\/catalogo\/producto\/tu-seras-la-que-vengas-a-buscarme\/#breadcrumb\",\"itemListElement\":[{\"@type\":\"ListItem\",\"position\":1,\"name\":\"Portada\",\"item\":\"https:\/\/letrame.com\/catalogo\/\"},{\"@type\":\"ListItem\",\"position\":2,\"name\":\"Cat\u00e1logo\",\"item\":\"https:\/\/letrame.com\/catalogo\/\"},{\"@type\":\"ListItem\",\"position\":3,\"name\":\"T\u00fa ser\u00e1s la que vengas a buscarme\"}]},{\"@type\":\"WebSite\",\"@id\":\"https:\/\/letrame.com\/catalogo\/#website\",\"url\":\"https:\/\/letrame.com\/catalogo\/\",\"name\":\"Catalogo | Letrame Grupo Editorial\",\"description\":\"\",\"publisher\":{\"@id\":\"https:\/\/letrame.com\/catalogo\/#organization\"},\"potentialAction\":[{\"@type\":\"SearchAction\",\"target\":{\"@type\":\"EntryPoint\",\"urlTemplate\":\"https:\/\/letrame.com\/catalogo\/?s={search_term_string}\"},\"query-input\":{\"@type\":\"PropertyValueSpecification\",\"valueRequired\":true,\"valueName\":\"search_term_string\"}}],\"inLanguage\":\"es\"},{\"@type\":\"Organization\",\"@id\":\"https:\/\/letrame.com\/catalogo\/#organization\",\"name\":\"Catalogo | Letrame Grupo Editorial\",\"url\":\"https:\/\/letrame.com\/catalogo\/\",\"logo\":{\"@type\":\"ImageObject\",\"inLanguage\":\"es\",\"@id\":\"https:\/\/letrame.com\/catalogo\/#\/schema\/logo\/image\/\",\"url\":\"https:\/\/letrame.com\/catalogo\/wp-content\/uploads\/2024\/03\/logo2.webp\",\"contentUrl\":\"https:\/\/letrame.com\/catalogo\/wp-content\/uploads\/2024\/03\/logo2.webp\",\"width\":394,\"height\":128,\"caption\":\"Catalogo | Letrame Grupo Editorial\"},\"image\":{\"@id\":\"https:\/\/letrame.com\/catalogo\/#\/schema\/logo\/image\/\"}}]}<\/script>\n<!-- \/ Yoast SEO plugin. -->","yoast_head_json":{"title":"T\u00fa ser\u00e1s la que vengas a buscarme - Catalogo | Letrame Grupo Editorial","robots":{"index":"index","follow":"follow","max-snippet":"max-snippet:-1","max-image-preview":"max-image-preview:large","max-video-preview":"max-video-preview:-1"},"canonical":"https:\/\/letrame.com\/catalogo\/producto\/tu-seras-la-que-vengas-a-buscarme\/","og_locale":"es_ES","og_type":"article","og_title":"T\u00fa ser\u00e1s la que vengas a buscarme - Catalogo | Letrame Grupo Editorial","og_description":"ISBN: 978-84-1386-999-5  Laura, una chica nacida en el siglo XIX de familia adinerada, se casa a los 17 a\u00f1os con la ilusi\u00f3n propia de salir de las \u00abfaldas\u00bb de su madre y vivir la vida con su enamorado Rogelio en un reci\u00e9n nacido siglo XX.  La austera y r\u00edgida educaci\u00f3n que se recib\u00eda en ciertas familias en aquella \u00e9poca fue causa de que Laura cambiara su inmensa felicidad por el respeto y la sumisi\u00f3n que deb\u00eda a su familia, especialmente a su madre.  Y su gran amor se rompi\u00f3.","og_url":"https:\/\/letrame.com\/catalogo\/producto\/tu-seras-la-que-vengas-a-buscarme\/","og_site_name":"Catalogo | Letrame Grupo Editorial","article_modified_time":"2024-08-16T10:53:48+00:00","og_image":[{"width":1746,"height":2560,"url":"https:\/\/letrame.com\/catalogo\/wp-content\/uploads\/2024\/04\/Tu-seras-la-que-vengas-a-buscarme-scaled-1.webp","type":"image\/webp"}],"twitter_card":"summary_large_image","twitter_misc":{"Tiempo de lectura":"1 minuto"},"schema":{"@context":"https:\/\/schema.org","@graph":[{"@type":"WebPage","@id":"https:\/\/letrame.com\/catalogo\/producto\/tu-seras-la-que-vengas-a-buscarme\/","url":"https:\/\/letrame.com\/catalogo\/producto\/tu-seras-la-que-vengas-a-buscarme\/","name":"T\u00fa ser\u00e1s la que vengas a buscarme - Catalogo | Letrame Grupo Editorial","isPartOf":{"@id":"https:\/\/letrame.com\/catalogo\/#website"},"primaryImageOfPage":{"@id":"https:\/\/letrame.com\/catalogo\/producto\/tu-seras-la-que-vengas-a-buscarme\/#primaryimage"},"image":{"@id":"https:\/\/letrame.com\/catalogo\/producto\/tu-seras-la-que-vengas-a-buscarme\/#primaryimage"},"thumbnailUrl":"https:\/\/letrame.com\/catalogo\/wp-content\/uploads\/2024\/04\/Tu-seras-la-que-vengas-a-buscarme-scaled-1.webp","datePublished":"2024-04-29T11:18:37+00:00","dateModified":"2024-08-16T10:53:48+00:00","breadcrumb":{"@id":"https:\/\/letrame.com\/catalogo\/producto\/tu-seras-la-que-vengas-a-buscarme\/#breadcrumb"},"inLanguage":"es","potentialAction":[{"@type":"ReadAction","target":["https:\/\/letrame.com\/catalogo\/producto\/tu-seras-la-que-vengas-a-buscarme\/"]}]},{"@type":"ImageObject","inLanguage":"es","@id":"https:\/\/letrame.com\/catalogo\/producto\/tu-seras-la-que-vengas-a-buscarme\/#primaryimage","url":"https:\/\/letrame.com\/catalogo\/wp-content\/uploads\/2024\/04\/Tu-seras-la-que-vengas-a-buscarme-scaled-1.webp","contentUrl":"https:\/\/letrame.com\/catalogo\/wp-content\/uploads\/2024\/04\/Tu-seras-la-que-vengas-a-buscarme-scaled-1.webp","width":1746,"height":2560},{"@type":"BreadcrumbList","@id":"https:\/\/letrame.com\/catalogo\/producto\/tu-seras-la-que-vengas-a-buscarme\/#breadcrumb","itemListElement":[{"@type":"ListItem","position":1,"name":"Portada","item":"https:\/\/letrame.com\/catalogo\/"},{"@type":"ListItem","position":2,"name":"Cat\u00e1logo","item":"https:\/\/letrame.com\/catalogo\/"},{"@type":"ListItem","position":3,"name":"T\u00fa ser\u00e1s la que vengas a buscarme"}]},{"@type":"WebSite","@id":"https:\/\/letrame.com\/catalogo\/#website","url":"https:\/\/letrame.com\/catalogo\/","name":"Catalogo | Letrame Grupo Editorial","description":"","publisher":{"@id":"https:\/\/letrame.com\/catalogo\/#organization"},"potentialAction":[{"@type":"SearchAction","target":{"@type":"EntryPoint","urlTemplate":"https:\/\/letrame.com\/catalogo\/?s={search_term_string}"},"query-input":{"@type":"PropertyValueSpecification","valueRequired":true,"valueName":"search_term_string"}}],"inLanguage":"es"},{"@type":"Organization","@id":"https:\/\/letrame.com\/catalogo\/#organization","name":"Catalogo | Letrame Grupo Editorial","url":"https:\/\/letrame.com\/catalogo\/","logo":{"@type":"ImageObject","inLanguage":"es","@id":"https:\/\/letrame.com\/catalogo\/#\/schema\/logo\/image\/","url":"https:\/\/letrame.com\/catalogo\/wp-content\/uploads\/2024\/03\/logo2.webp","contentUrl":"https:\/\/letrame.com\/catalogo\/wp-content\/uploads\/2024\/03\/logo2.webp","width":394,"height":128,"caption":"Catalogo | Letrame Grupo Editorial"},"image":{"@id":"https:\/\/letrame.com\/catalogo\/#\/schema\/logo\/image\/"}}]}},"_links":{"self":[{"href":"https:\/\/letrame.com\/catalogo\/wp-json\/wp\/v2\/product\/97234","targetHints":{"allow":["GET"]}}],"collection":[{"href":"https:\/\/letrame.com\/catalogo\/wp-json\/wp\/v2\/product"}],"about":[{"href":"https:\/\/letrame.com\/catalogo\/wp-json\/wp\/v2\/types\/product"}],"replies":[{"embeddable":true,"href":"https:\/\/letrame.com\/catalogo\/wp-json\/wp\/v2\/comments?post=97234"}],"acf:post":[{"embeddable":true,"href":"https:\/\/letrame.com\/catalogo\/wp-json\/wp\/v2\/author_book\/75844"}],"wp:featuredmedia":[{"embeddable":true,"href":"https:\/\/letrame.com\/catalogo\/wp-json\/wp\/v2\/media\/100364"}],"wp:attachment":[{"href":"https:\/\/letrame.com\/catalogo\/wp-json\/wp\/v2\/media?parent=97234"}],"wp:term":[{"taxonomy":"libro","embeddable":true,"href":"https:\/\/letrame.com\/catalogo\/wp-json\/wp\/v2\/libro?post=97234"},{"taxonomy":"product_brand","embeddable":true,"href":"https:\/\/letrame.com\/catalogo\/wp-json\/wp\/v2\/product_brand?post=97234"},{"taxonomy":"product_cat","embeddable":true,"href":"https:\/\/letrame.com\/catalogo\/wp-json\/wp\/v2\/product_cat?post=97234"},{"taxonomy":"product_tag","embeddable":true,"href":"https:\/\/letrame.com\/catalogo\/wp-json\/wp\/v2\/product_tag?post=97234"}],"curies":[{"name":"wp","href":"https:\/\/api.w.org\/{rel}","templated":true}]}}